{"id":72035,"date":"2021-11-12T23:33:43","date_gmt":"2021-11-12T22:33:43","guid":{"rendered":"https:\/\/marktxxl.de\/markt\/produkt\/morgenstern-saunakilt-damen-80-x-150-cm-mit-tasche-und-knoepfen\/"},"modified":"2023-04-11T02:45:19","modified_gmt":"2023-04-11T00:45:19","slug":"morgenstern-saunakilt-damen-80-x-150-cm-mit-tasche-und-knoepfen","status":"publish","type":"product","link":"https:\/\/marktxxl.de\/markt\/produkt\/morgenstern-saunakilt-damen-80-x-150-cm-mit-tasche-und-knoepfen\/","title":{"rendered":"Morgenstern Saunakilt Damen 80 x 150 cm mit Tasche und Kn\u00f6pfen"},"content":{"rendered":"<p>TEST SEHR GUT: Die Hohenstein Institute haben diesen Saunakilt wissenschaftlich untersucht und die Note &#8220;sehr gut&#8221; vergeben. Sie best\u00e4tigen, dass das Saunatuch atmungsaktiv, hautsympathisch, weich, anschmiegsam ist und es Feuchtigkeit schnell aufnehmen kann.<br \/>\nWEITE EINSTELLBAR: Die Weite vom Kilt ist durch Kn\u00f6pfe einstellbar. Auf der R\u00fcckseite befindet sich ein Gummibund, dadurch sitzt der Kilt sicher und bequem. Das Saunatuch ist 80 cm lang und 150 cm breit.<br \/>\nTASCHE: Auf der Vorderseite vom Sauna Kilt befindet sich eine Tasche. Zus\u00e4tzlich befindet sich in der Tasche eine weitere Geheimtasche mit Rei\u00dfverschluss, damit kleine Dinge wie Geld, Schl\u00fcsel etc. nicht verloren gehen k\u00f6nnen.<br \/>\nSAUNA, WELLNESS, STRAND: Das Damenkilt von MORGENSTERN in Blau ist ideal f\u00fcr den Wellnessbereich, die Sauna und eignet sich prima als Strand Umziehhilfe. Es l\u00e4\u00dft sich kompakt zusammenlegen und kann gut mitgenommen werden.<br \/>\nSAUGF\u00c4HIG UND KUSCHELIG: Die Au\u00dfenseite besteht aus Mikrofaser und macht das Saunakleid leicht und kuschelig &#8211; die Innenseite besticht durch eine Mischung aus Baumwolle und Bambus und macht den Sarong besonders saugf\u00e4hig<br \/>\n<div class=\"main-cross-sell\" data-asin=\"B08GM92RRN\">\n\n\t<div class=\"WooZone-cross-sell-loader\">\n\t\t<div>\n\t\t\t<div id=\"floatingBarsG\">\n\t\t\t\t<div class=\"blockG\" id=\"rotateG_01\"><\/div>\n\t\t\t\t<div class=\"blockG\" id=\"rotateG_02\"><\/div>\n\t\t\t\t<div class=\"blockG\" id=\"rotateG_03\"><\/div>\n\t\t\t\t<div class=\"blockG\" id=\"rotateG_04\"><\/div>\n\t\t\t\t<div class=\"blockG\" id=\"rotateG_05\"><\/div>\n\t\t\t\t<div class=\"blockG\" id=\"rotateG_06\"><\/div>\n\t\t\t\t<div class=\"blockG\" id=\"rotateG_07\"><\/div>\n\t\t\t\t<div class=\"blockG\" id=\"rotateG_08\"><\/div>\n\t\t\t<\/div>\n\t\t\t<div class=\"WooZone-cross-sell-loader-text\"><\/div>\n\t\t<\/div>\n\t<\/div>\n\n\t\t\n<\/div>\n<div style=\"clear:both;\"><\/div><\/p>\n","protected":false},"excerpt":{"rendered":"<p>TEST SEHR GUT: Die Hohenstein Institute haben diesen Saunakilt wissenschaftlich untersucht und die Note &#8220;sehr gut&#8221; vergeben. Sie best\u00e4tigen, dass das Saunatuch atmungsaktiv, hautsympathisch, weich, anschmiegsam ist und es Feuchtigkeit schnell aufnehmen kann.<br \/>\nWEITE EINSTELLBAR: Die Weite vom Kilt ist durch Kn\u00f6pfe einstellbar. Auf der R\u00fcckseite befindet sich ein Gummibund, dadurch sitzt der Kilt sicher und bequem. Das Saunatuch ist 80 cm lang und 150 cm breit.<br \/>\nTASCHE: Auf der Vorderseite vom Sauna Kilt befindet sich eine Tasche. Zus\u00e4tzlich befindet sich in der Tasche eine weitere Geheimtasche mit Rei\u00dfverschluss, damit kleine Dinge wie Geld, Schl\u00fcsel etc. nicht verloren gehen k\u00f6nnen.<\/p>\n","protected":false},"featured_media":72036,"comment_status":"open","ping_status":"closed","template":"","meta":[],"product_brand":[],"product_cat":[1186,3920],"product_tag":[],"class_list":{"0":"post-72035","1":"product","2":"type-product","3":"status-publish","4":"has-post-thumbnail","6":"product_cat-bekleidung","7":"product_cat-damen","8":"pa_brand-morgenstern","9":"pa_size-einheitsgroesse","11":"first","12":"instock","13":"shipping-taxable","14":"purchasable","15":"product-type-simple","16":"customify-col","17":"product-has-gallery"},"yoast_head":"<!-- This site is optimized with the Yoast SEO plugin v27.4 - https:\/\/yoast.com\/product\/yoast-seo-wordpress\/ -->\n<title>Morgenstern Saunakilt Damen 80 x 150 cm mit Tasche und Kn\u00f6pfen - Markt-XXL<\/title>\n<meta name=\"description\" content=\"Markt-XXL Morgenstern Saunakilt Damen 80 x 150 cm mit Tasche und Kn\u00f6pfen\" \/>\n<meta name=\"robots\" content=\"index, follow, max-snippet:-1, max-image-preview:large, max-video-preview:-1\" \/>\n<link rel=\"canonical\" href=\"https:\/\/marktxxl.de\/markt\/produkt\/morgenstern-saunakilt-damen-80-x-150-cm-mit-tasche-und-knoepfen\/\" \/>\n<meta property=\"og:locale\" content=\"de_DE\" \/>\n<meta property=\"og:type\" content=\"article\" \/>\n<meta property=\"og:title\" content=\"Morgenstern Saunakilt Damen 80 x 150 cm mit Tasche und Kn\u00f6pfen - Markt-XXL\" \/>\n<meta property=\"og:description\" content=\"Markt-XXL Morgenstern Saunakilt Damen 80 x 150 cm mit Tasche und Kn\u00f6pfen\" \/>\n<meta property=\"og:url\" content=\"https:\/\/marktxxl.de\/markt\/produkt\/morgenstern-saunakilt-damen-80-x-150-cm-mit-tasche-und-knoepfen\/\" \/>\n<meta property=\"og:site_name\" content=\"Markt-XXL\" \/>\n<meta property=\"article:modified_time\" content=\"2023-04-11T00:45:19+00:00\" \/>\n<meta property=\"og:image\" content=\"https:\/\/m.media-amazon.com\/images\/I\/31JDg3LO0aL._SL500_.jpg\" \/>\n\t<meta property=\"og:image:width\" content=\"178\" \/>\n\t<meta property=\"og:image:height\" content=\"500\" \/>\n\t<meta property=\"og:image:type\" content=\"image\/jpeg\" \/>\n<meta name=\"twitter:card\" content=\"summary_large_image\" \/>\n<meta name=\"twitter:label1\" content=\"Gesch\u00e4tzte Lesezeit\" \/>\n\t<meta name=\"twitter:data1\" content=\"1\u00a0Minute\" \/>\n<script type=\"application\/ld+json\" class=\"yoast-schema-graph\">{\"@context\":\"https:\\\/\\\/schema.org\",\"@graph\":[{\"@type\":\"WebPage\",\"@id\":\"https:\\\/\\\/marktxxl.de\\\/markt\\\/produkt\\\/morgenstern-saunakilt-damen-80-x-150-cm-mit-tasche-und-knoepfen\\\/\",\"url\":\"https:\\\/\\\/marktxxl.de\\\/markt\\\/produkt\\\/morgenstern-saunakilt-damen-80-x-150-cm-mit-tasche-und-knoepfen\\\/\",\"name\":\"Morgenstern Saunakilt Damen 80 x 150 cm mit Tasche und Kn\u00f6pfen - Markt-XXL\",\"isPartOf\":{\"@id\":\"https:\\\/\\\/marktxxl.de\\\/markt\\\/#website\"},\"primaryImageOfPage\":{\"@id\":\"https:\\\/\\\/marktxxl.de\\\/markt\\\/produkt\\\/morgenstern-saunakilt-damen-80-x-150-cm-mit-tasche-und-knoepfen\\\/#primaryimage\"},\"image\":{\"@id\":\"https:\\\/\\\/marktxxl.de\\\/markt\\\/produkt\\\/morgenstern-saunakilt-damen-80-x-150-cm-mit-tasche-und-knoepfen\\\/#primaryimage\"},\"thumbnailUrl\":\"https:\\\/\\\/m.media-amazon.com\\\/images\\\/I\\\/31JDg3LO0aL._SL500_.jpg\",\"datePublished\":\"2021-11-12T22:33:43+00:00\",\"dateModified\":\"2023-04-11T00:45:19+00:00\",\"description\":\"Markt-XXL Morgenstern Saunakilt Damen 80 x 150 cm mit Tasche und Kn\u00f6pfen\",\"breadcrumb\":{\"@id\":\"https:\\\/\\\/marktxxl.de\\\/markt\\\/produkt\\\/morgenstern-saunakilt-damen-80-x-150-cm-mit-tasche-und-knoepfen\\\/#breadcrumb\"},\"inLanguage\":\"de\",\"potentialAction\":[{\"@type\":\"ReadAction\",\"target\":[\"https:\\\/\\\/marktxxl.de\\\/markt\\\/produkt\\\/morgenstern-saunakilt-damen-80-x-150-cm-mit-tasche-und-knoepfen\\\/\"]}]},{\"@type\":\"ImageObject\",\"inLanguage\":\"de\",\"@id\":\"https:\\\/\\\/marktxxl.de\\\/markt\\\/produkt\\\/morgenstern-saunakilt-damen-80-x-150-cm-mit-tasche-und-knoepfen\\\/#primaryimage\",\"url\":\"https:\\\/\\\/m.media-amazon.com\\\/images\\\/I\\\/31JDg3LO0aL._SL500_.jpg\",\"contentUrl\":\"https:\\\/\\\/m.media-amazon.com\\\/images\\\/I\\\/31JDg3LO0aL._SL500_.jpg\",\"width\":178,\"height\":500},{\"@type\":\"BreadcrumbList\",\"@id\":\"https:\\\/\\\/marktxxl.de\\\/markt\\\/produkt\\\/morgenstern-saunakilt-damen-80-x-150-cm-mit-tasche-und-knoepfen\\\/#breadcrumb\",\"itemListElement\":[{\"@type\":\"ListItem\",\"position\":1,\"name\":\"Startseite\",\"item\":\"https:\\\/\\\/marktxxl.de\\\/markt\\\/\"},{\"@type\":\"ListItem\",\"position\":2,\"name\":\"Markt\",\"item\":\"https:\\\/\\\/marktxxl.de\\\/markt\\\/\"},{\"@type\":\"ListItem\",\"position\":3,\"name\":\"Morgenstern Saunakilt Damen 80 x 150 cm mit Tasche und Kn\u00f6pfen\"}]},{\"@type\":\"WebSite\",\"@id\":\"https:\\\/\\\/marktxxl.de\\\/markt\\\/#website\",\"url\":\"https:\\\/\\\/marktxxl.de\\\/markt\\\/\",\"name\":\"Markt-XXL\",\"description\":\"Ihr Markt Online\",\"publisher\":{\"@id\":\"https:\\\/\\\/marktxxl.de\\\/markt\\\/#organization\"},\"potentialAction\":[{\"@type\":\"SearchAction\",\"target\":{\"@type\":\"EntryPoint\",\"urlTemplate\":\"https:\\\/\\\/marktxxl.de\\\/markt\\\/?s={search_term_string}\"},\"query-input\":{\"@type\":\"PropertyValueSpecification\",\"valueRequired\":true,\"valueName\":\"search_term_string\"}}],\"inLanguage\":\"de\"},{\"@type\":\"Organization\",\"@id\":\"https:\\\/\\\/marktxxl.de\\\/markt\\\/#organization\",\"name\":\"Markt-XXL\",\"url\":\"https:\\\/\\\/marktxxl.de\\\/markt\\\/\",\"logo\":{\"@type\":\"ImageObject\",\"inLanguage\":\"de\",\"@id\":\"https:\\\/\\\/marktxxl.de\\\/markt\\\/#\\\/schema\\\/logo\\\/image\\\/\",\"url\":\"https:\\\/\\\/marktxxl.de\\\/markt\\\/wp-content\\\/uploads\\\/sites\\\/3\\\/2020\\\/12\\\/logo.png\",\"contentUrl\":\"https:\\\/\\\/marktxxl.de\\\/markt\\\/wp-content\\\/uploads\\\/sites\\\/3\\\/2020\\\/12\\\/logo.png\",\"width\":200,\"height\":70,\"caption\":\"Markt-XXL\"},\"image\":{\"@id\":\"https:\\\/\\\/marktxxl.de\\\/markt\\\/#\\\/schema\\\/logo\\\/image\\\/\"}}]}<\/script>\n<!-- \/ Yoast SEO plugin. -->","yoast_head_json":{"title":"Morgenstern Saunakilt Damen 80 x 150 cm mit Tasche und Kn\u00f6pfen - Markt-XXL","description":"Markt-XXL Morgenstern Saunakilt Damen 80 x 150 cm mit Tasche und Kn\u00f6pfen","robots":{"index":"index","follow":"follow","max-snippet":"max-snippet:-1","max-image-preview":"max-image-preview:large","max-video-preview":"max-video-preview:-1"},"canonical":"https:\/\/marktxxl.de\/markt\/produkt\/morgenstern-saunakilt-damen-80-x-150-cm-mit-tasche-und-knoepfen\/","og_locale":"de_DE","og_type":"article","og_title":"Morgenstern Saunakilt Damen 80 x 150 cm mit Tasche und Kn\u00f6pfen - Markt-XXL","og_description":"Markt-XXL Morgenstern Saunakilt Damen 80 x 150 cm mit Tasche und Kn\u00f6pfen","og_url":"https:\/\/marktxxl.de\/markt\/produkt\/morgenstern-saunakilt-damen-80-x-150-cm-mit-tasche-und-knoepfen\/","og_site_name":"Markt-XXL","article_modified_time":"2023-04-11T00:45:19+00:00","og_image":[{"width":178,"height":500,"url":"https:\/\/m.media-amazon.com\/images\/I\/31JDg3LO0aL._SL500_.jpg","type":"image\/jpeg"}],"twitter_card":"summary_large_image","twitter_misc":{"Gesch\u00e4tzte Lesezeit":"1\u00a0Minute"},"schema":{"@context":"https:\/\/schema.org","@graph":[{"@type":"WebPage","@id":"https:\/\/marktxxl.de\/markt\/produkt\/morgenstern-saunakilt-damen-80-x-150-cm-mit-tasche-und-knoepfen\/","url":"https:\/\/marktxxl.de\/markt\/produkt\/morgenstern-saunakilt-damen-80-x-150-cm-mit-tasche-und-knoepfen\/","name":"Morgenstern Saunakilt Damen 80 x 150 cm mit Tasche und Kn\u00f6pfen - Markt-XXL","isPartOf":{"@id":"https:\/\/marktxxl.de\/markt\/#website"},"primaryImageOfPage":{"@id":"https:\/\/marktxxl.de\/markt\/produkt\/morgenstern-saunakilt-damen-80-x-150-cm-mit-tasche-und-knoepfen\/#primaryimage"},"image":{"@id":"https:\/\/marktxxl.de\/markt\/produkt\/morgenstern-saunakilt-damen-80-x-150-cm-mit-tasche-und-knoepfen\/#primaryimage"},"thumbnailUrl":"https:\/\/m.media-amazon.com\/images\/I\/31JDg3LO0aL._SL500_.jpg","datePublished":"2021-11-12T22:33:43+00:00","dateModified":"2023-04-11T00:45:19+00:00","description":"Markt-XXL Morgenstern Saunakilt Damen 80 x 150 cm mit Tasche und Kn\u00f6pfen","breadcrumb":{"@id":"https:\/\/marktxxl.de\/markt\/produkt\/morgenstern-saunakilt-damen-80-x-150-cm-mit-tasche-und-knoepfen\/#breadcrumb"},"inLanguage":"de","potentialAction":[{"@type":"ReadAction","target":["https:\/\/marktxxl.de\/markt\/produkt\/morgenstern-saunakilt-damen-80-x-150-cm-mit-tasche-und-knoepfen\/"]}]},{"@type":"ImageObject","inLanguage":"de","@id":"https:\/\/marktxxl.de\/markt\/produkt\/morgenstern-saunakilt-damen-80-x-150-cm-mit-tasche-und-knoepfen\/#primaryimage","url":"https:\/\/m.media-amazon.com\/images\/I\/31JDg3LO0aL._SL500_.jpg","contentUrl":"https:\/\/m.media-amazon.com\/images\/I\/31JDg3LO0aL._SL500_.jpg","width":178,"height":500},{"@type":"BreadcrumbList","@id":"https:\/\/marktxxl.de\/markt\/produkt\/morgenstern-saunakilt-damen-80-x-150-cm-mit-tasche-und-knoepfen\/#breadcrumb","itemListElement":[{"@type":"ListItem","position":1,"name":"Startseite","item":"https:\/\/marktxxl.de\/markt\/"},{"@type":"ListItem","position":2,"name":"Markt","item":"https:\/\/marktxxl.de\/markt\/"},{"@type":"ListItem","position":3,"name":"Morgenstern Saunakilt Damen 80 x 150 cm mit Tasche und Kn\u00f6pfen"}]},{"@type":"WebSite","@id":"https:\/\/marktxxl.de\/markt\/#website","url":"https:\/\/marktxxl.de\/markt\/","name":"Markt-XXL","description":"Ihr Markt Online","publisher":{"@id":"https:\/\/marktxxl.de\/markt\/#organization"},"potentialAction":[{"@type":"SearchAction","target":{"@type":"EntryPoint","urlTemplate":"https:\/\/marktxxl.de\/markt\/?s={search_term_string}"},"query-input":{"@type":"PropertyValueSpecification","valueRequired":true,"valueName":"search_term_string"}}],"inLanguage":"de"},{"@type":"Organization","@id":"https:\/\/marktxxl.de\/markt\/#organization","name":"Markt-XXL","url":"https:\/\/marktxxl.de\/markt\/","logo":{"@type":"ImageObject","inLanguage":"de","@id":"https:\/\/marktxxl.de\/markt\/#\/schema\/logo\/image\/","url":"https:\/\/marktxxl.de\/markt\/wp-content\/uploads\/sites\/3\/2020\/12\/logo.png","contentUrl":"https:\/\/marktxxl.de\/markt\/wp-content\/uploads\/sites\/3\/2020\/12\/logo.png","width":200,"height":70,"caption":"Markt-XXL"},"image":{"@id":"https:\/\/marktxxl.de\/markt\/#\/schema\/logo\/image\/"}}]}},"_links":{"self":[{"href":"https:\/\/marktxxl.de\/markt\/wp-json\/wp\/v2\/product\/72035","targetHints":{"allow":["GET"]}}],"collection":[{"href":"https:\/\/marktxxl.de\/markt\/wp-json\/wp\/v2\/product"}],"about":[{"href":"https:\/\/marktxxl.de\/markt\/wp-json\/wp\/v2\/types\/product"}],"replies":[{"embeddable":true,"href":"https:\/\/marktxxl.de\/markt\/wp-json\/wp\/v2\/comments?post=72035"}],"wp:featuredmedia":[{"embeddable":true,"href":"https:\/\/marktxxl.de\/markt\/wp-json\/wp\/v2\/media\/72036"}],"wp:attachment":[{"href":"https:\/\/marktxxl.de\/markt\/wp-json\/wp\/v2\/media?parent=72035"}],"wp:term":[{"taxonomy":"product_brand","embeddable":true,"href":"https:\/\/marktxxl.de\/markt\/wp-json\/wp\/v2\/product_brand?post=72035"},{"taxonomy":"product_cat","embeddable":true,"href":"https:\/\/marktxxl.de\/markt\/wp-json\/wp\/v2\/product_cat?post=72035"},{"taxonomy":"product_tag","embeddable":true,"href":"https:\/\/marktxxl.de\/markt\/wp-json\/wp\/v2\/product_tag?post=72035"}],"curies":[{"name":"wp","href":"https:\/\/api.w.org\/{rel}","templated":true}]}}