{"id":72027,"date":"2021-11-12T23:33:39","date_gmt":"2021-11-12T22:33:39","guid":{"rendered":"https:\/\/marktxxl.de\/markt\/produkt\/hand-gewand-by-weikert-faeustlinge-aus-reinem-merino-lammfell-und-robustem-lammnappa-leder-touchscreen-faehig-damen-lammfellfaeustlinge-lammfell-handschuhe-warme-lammfellhandschuhe\/"},"modified":"2023-04-11T02:45:19","modified_gmt":"2023-04-11T00:45:19","slug":"hand-gewand-by-weikert-faeustlinge-aus-reinem-merino-lammfell-und-robustem-lammnappa-leder-touchscreen-faehig-damen-lammfellfaeustlinge-lammfell-handschuhe-warme-lammfellhandschuhe","status":"publish","type":"product","link":"https:\/\/marktxxl.de\/markt\/produkt\/hand-gewand-by-weikert-faeustlinge-aus-reinem-merino-lammfell-und-robustem-lammnappa-leder-touchscreen-faehig-damen-lammfellfaeustlinge-lammfell-handschuhe-warme-lammfellhandschuhe\/","title":{"rendered":"Hand Gewand by Weikert F\u00e4ustlinge aus reinem Merino Lammfell und robustem Lammnappa Leder, Touchscreen-f\u00e4hig, Damen\u2026"},"content":{"rendered":"<p>? QUALIT\u00c4T und TRADITION seit \u00fcber 100 Jahren: Hand-Gewand by Weikert ist aus einer \u00fcber 100 Jahren alten Familientradition (Weikert-Handschuhe) entstanden. Die Erfahrung in der Fertigung und im Design von Lederhandschuhen wurde \u00fcber viele Generation weitervermittelt. Noch heute designen wir unsere Handschuhe zusammen mit unserem Vater (gelernter Handschuhmacher) in Deutschland.<br \/>\n? WARM &amp; ROBUST: HANNI ist ein absolut kuscheliger Lammfell F\u00e4ustling mit einem robusten Lammleder Obermaterial. Durch das strapazierf\u00e4hige Lammnappa weist der Handschuh N\u00e4sse und Feuchtigkeit sehr gut ab. Das Merino Lammfell Futter ist kuschelig weich und warm aber f\u00fchrt zu keiner Transpiration, da Lammfell nat\u00fcrlich w\u00e4rmregulierend ist. Durch praktischen Gummizug am Handgelenk wird nicht nur die Passform optimiert sondern Sie h\u00e4lt auch w\u00e4rmer da man am Puls die meiste W\u00e4rme verloren geht.<br \/>\n? MIT DEM SMARTPHONE UNTERWEGS? Kein Problem! Unsere Lammfellhandschuhe sind voll touchscreenf\u00e4hig.<br \/>\n? ZERTIFIZIERT NACHHALTIGES PREMIUMLEDER: Wir achten bei der Auswahl unser Lederlieferanten immer darauf, dass die Handschuhe nur A- Qualit\u00e4t haben. Alle chemische Stoffe sind unabh\u00e4ngig zertifiziert und unsere Lieferanten sind sogar Mitglieder der LTG (Leather Working Group). Ein Zusammenschluss nachhaltig produzierender Lederverarbeitender Firmen<br \/>\n? HANDSCHUHMACHER SERVICE: Da uns Ihre Zufriedenheit wichtig ist m\u00f6chten wir ihnen auch einen au\u00dfergew\u00f6hnlichen Service anbieten. Wir bieten Ihnen schon vor dem Kauf gerne eine Beratung (Gr\u00f6\u00dfe, Stil, Leder, Machart, Schnitt,..etc.) an. Bitte kontaktieren Sie uns einfach direkt per Email und unserer gelernter Handschuhmacher wird sich direkt mit Ihnen in Verbindung setzten (Emailkontakt finden Sie in unserem Impressum). Wichtige Angaben sind Handumfang (s. Tabelle)<br \/>\n<div class=\"main-cross-sell\" data-asin=\"B09CV16Q9F\">\n\n\t<div class=\"WooZone-cross-sell-loader\">\n\t\t<div>\n\t\t\t<div id=\"floatingBarsG\">\n\t\t\t\t<div class=\"blockG\" id=\"rotateG_01\"><\/div>\n\t\t\t\t<div class=\"blockG\" id=\"rotateG_02\"><\/div>\n\t\t\t\t<div class=\"blockG\" id=\"rotateG_03\"><\/div>\n\t\t\t\t<div class=\"blockG\" id=\"rotateG_04\"><\/div>\n\t\t\t\t<div class=\"blockG\" id=\"rotateG_05\"><\/div>\n\t\t\t\t<div class=\"blockG\" id=\"rotateG_06\"><\/div>\n\t\t\t\t<div class=\"blockG\" id=\"rotateG_07\"><\/div>\n\t\t\t\t<div class=\"blockG\" id=\"rotateG_08\"><\/div>\n\t\t\t<\/div>\n\t\t\t<div class=\"WooZone-cross-sell-loader-text\"><\/div>\n\t\t<\/div>\n\t<\/div>\n\n\t\t\n<\/div>\n<div style=\"clear:both;\"><\/div><\/p>\n","protected":false},"excerpt":{"rendered":"<p>? QUALIT\u00c4T und TRADITION seit \u00fcber 100 Jahren: Hand-Gewand by Weikert ist aus einer \u00fcber 100 Jahren alten Familientradition (Weikert-Handschuhe) entstanden. Die Erfahrung in der Fertigung und im Design von Lederhandschuhen wurde \u00fcber viele Generation weitervermittelt. Noch heute designen wir unsere Handschuhe zusammen mit unserem Vater (gelernter Handschuhmacher) in Deutschland.<br \/>\n? WARM &amp; ROBUST: HANNI ist ein absolut kuscheliger Lammfell F\u00e4ustling mit einem robusten Lammleder Obermaterial. Durch das strapazierf\u00e4hige Lammnappa weist der Handschuh N\u00e4sse und Feuchtigkeit sehr gut ab. Das Merino Lammfell Futter ist kuschelig weich und warm aber f\u00fchrt zu keiner Transpiration, da Lammfell nat\u00fcrlich w\u00e4rmregulierend ist. Durch praktischen Gummizug am Handgelenk wird nicht nur die Passform optimiert sondern Sie h\u00e4lt auch w\u00e4rmer da man am Puls die meiste W\u00e4rme verloren geht.<br \/>\n? MIT DEM SMARTPHONE UNTERWEGS? Kein Problem! Unsere Lammfellhandschuhe sind voll touchscreenf\u00e4hig.<\/p>\n","protected":false},"featured_media":72028,"comment_status":"open","ping_status":"closed","template":"","meta":[],"product_brand":[],"product_cat":[1186,3920],"product_tag":[],"class_list":{"0":"post-72027","1":"product","2":"type-product","3":"status-publish","4":"has-post-thumbnail","6":"product_cat-bekleidung","7":"product_cat-damen","8":"pa_brand-hand-gewand-by-weikert","10":"first","11":"instock","12":"shipping-taxable","13":"purchasable","14":"product-type-simple","15":"customify-col","16":"product-has-gallery"},"yoast_head":"<!-- This site is optimized with the Yoast SEO plugin v27.4 - https:\/\/yoast.com\/product\/yoast-seo-wordpress\/ -->\n<title>Hand Gewand by Weikert F\u00e4ustlinge aus reinem Merino Lammfell und robustem Lammnappa Leder, Touchscreen-f\u00e4hig, Damen\u2026 - Markt-XXL<\/title>\n<meta name=\"description\" content=\"Markt-XXL Hand Gewand by Weikert F\u00e4ustlinge aus reinem Merino Lammfell und robustem Lammnappa Leder, Touchscreen-f\u00e4hig, Damen\u2026\" \/>\n<meta name=\"robots\" content=\"index, follow, max-snippet:-1, max-image-preview:large, max-video-preview:-1\" \/>\n<link rel=\"canonical\" href=\"https:\/\/marktxxl.de\/markt\/produkt\/hand-gewand-by-weikert-faeustlinge-aus-reinem-merino-lammfell-und-robustem-lammnappa-leder-touchscreen-faehig-damen-lammfellfaeustlinge-lammfell-handschuhe-warme-lammfellhandschuhe\/\" \/>\n<meta property=\"og:locale\" content=\"de_DE\" \/>\n<meta property=\"og:type\" content=\"article\" \/>\n<meta property=\"og:title\" content=\"Hand Gewand by Weikert F\u00e4ustlinge aus reinem Merino Lammfell und robustem Lammnappa Leder, Touchscreen-f\u00e4hig, Damen\u2026 - Markt-XXL\" \/>\n<meta property=\"og:description\" content=\"Markt-XXL Hand Gewand by Weikert F\u00e4ustlinge aus reinem Merino Lammfell und robustem Lammnappa Leder, Touchscreen-f\u00e4hig, Damen\u2026\" \/>\n<meta property=\"og:url\" content=\"https:\/\/marktxxl.de\/markt\/produkt\/hand-gewand-by-weikert-faeustlinge-aus-reinem-merino-lammfell-und-robustem-lammnappa-leder-touchscreen-faehig-damen-lammfellfaeustlinge-lammfell-handschuhe-warme-lammfellhandschuhe\/\" \/>\n<meta property=\"og:site_name\" content=\"Markt-XXL\" \/>\n<meta property=\"article:modified_time\" content=\"2023-04-11T00:45:19+00:00\" \/>\n<meta property=\"og:image\" content=\"https:\/\/m.media-amazon.com\/images\/I\/31E0isnOq9L._SL500_.jpg\" \/>\n\t<meta property=\"og:image:width\" content=\"500\" \/>\n\t<meta property=\"og:image:height\" content=\"500\" \/>\n\t<meta property=\"og:image:type\" content=\"image\/jpeg\" \/>\n<meta name=\"twitter:card\" content=\"summary_large_image\" \/>\n<meta name=\"twitter:label1\" content=\"Gesch\u00e4tzte Lesezeit\" \/>\n\t<meta name=\"twitter:data1\" content=\"1\u00a0Minute\" \/>\n<script type=\"application\/ld+json\" class=\"yoast-schema-graph\">{\"@context\":\"https:\\\/\\\/schema.org\",\"@graph\":[{\"@type\":\"WebPage\",\"@id\":\"https:\\\/\\\/marktxxl.de\\\/markt\\\/produkt\\\/hand-gewand-by-weikert-faeustlinge-aus-reinem-merino-lammfell-und-robustem-lammnappa-leder-touchscreen-faehig-damen-lammfellfaeustlinge-lammfell-handschuhe-warme-lammfellhandschuhe\\\/\",\"url\":\"https:\\\/\\\/marktxxl.de\\\/markt\\\/produkt\\\/hand-gewand-by-weikert-faeustlinge-aus-reinem-merino-lammfell-und-robustem-lammnappa-leder-touchscreen-faehig-damen-lammfellfaeustlinge-lammfell-handschuhe-warme-lammfellhandschuhe\\\/\",\"name\":\"Hand Gewand by Weikert F\u00e4ustlinge aus reinem Merino Lammfell und robustem Lammnappa Leder, Touchscreen-f\u00e4hig, Damen\u2026 - Markt-XXL\",\"isPartOf\":{\"@id\":\"https:\\\/\\\/marktxxl.de\\\/markt\\\/#website\"},\"primaryImageOfPage\":{\"@id\":\"https:\\\/\\\/marktxxl.de\\\/markt\\\/produkt\\\/hand-gewand-by-weikert-faeustlinge-aus-reinem-merino-lammfell-und-robustem-lammnappa-leder-touchscreen-faehig-damen-lammfellfaeustlinge-lammfell-handschuhe-warme-lammfellhandschuhe\\\/#primaryimage\"},\"image\":{\"@id\":\"https:\\\/\\\/marktxxl.de\\\/markt\\\/produkt\\\/hand-gewand-by-weikert-faeustlinge-aus-reinem-merino-lammfell-und-robustem-lammnappa-leder-touchscreen-faehig-damen-lammfellfaeustlinge-lammfell-handschuhe-warme-lammfellhandschuhe\\\/#primaryimage\"},\"thumbnailUrl\":\"https:\\\/\\\/m.media-amazon.com\\\/images\\\/I\\\/31E0isnOq9L._SL500_.jpg\",\"datePublished\":\"2021-11-12T22:33:39+00:00\",\"dateModified\":\"2023-04-11T00:45:19+00:00\",\"description\":\"Markt-XXL Hand Gewand by Weikert F\u00e4ustlinge aus reinem Merino Lammfell und robustem Lammnappa Leder, Touchscreen-f\u00e4hig, Damen\u2026\",\"breadcrumb\":{\"@id\":\"https:\\\/\\\/marktxxl.de\\\/markt\\\/produkt\\\/hand-gewand-by-weikert-faeustlinge-aus-reinem-merino-lammfell-und-robustem-lammnappa-leder-touchscreen-faehig-damen-lammfellfaeustlinge-lammfell-handschuhe-warme-lammfellhandschuhe\\\/#breadcrumb\"},\"inLanguage\":\"de\",\"potentialAction\":[{\"@type\":\"ReadAction\",\"target\":[\"https:\\\/\\\/marktxxl.de\\\/markt\\\/produkt\\\/hand-gewand-by-weikert-faeustlinge-aus-reinem-merino-lammfell-und-robustem-lammnappa-leder-touchscreen-faehig-damen-lammfellfaeustlinge-lammfell-handschuhe-warme-lammfellhandschuhe\\\/\"]}]},{\"@type\":\"ImageObject\",\"inLanguage\":\"de\",\"@id\":\"https:\\\/\\\/marktxxl.de\\\/markt\\\/produkt\\\/hand-gewand-by-weikert-faeustlinge-aus-reinem-merino-lammfell-und-robustem-lammnappa-leder-touchscreen-faehig-damen-lammfellfaeustlinge-lammfell-handschuhe-warme-lammfellhandschuhe\\\/#primaryimage\",\"url\":\"https:\\\/\\\/m.media-amazon.com\\\/images\\\/I\\\/31E0isnOq9L._SL500_.jpg\",\"contentUrl\":\"https:\\\/\\\/m.media-amazon.com\\\/images\\\/I\\\/31E0isnOq9L._SL500_.jpg\",\"width\":500,\"height\":500},{\"@type\":\"BreadcrumbList\",\"@id\":\"https:\\\/\\\/marktxxl.de\\\/markt\\\/produkt\\\/hand-gewand-by-weikert-faeustlinge-aus-reinem-merino-lammfell-und-robustem-lammnappa-leder-touchscreen-faehig-damen-lammfellfaeustlinge-lammfell-handschuhe-warme-lammfellhandschuhe\\\/#breadcrumb\",\"itemListElement\":[{\"@type\":\"ListItem\",\"position\":1,\"name\":\"Startseite\",\"item\":\"https:\\\/\\\/marktxxl.de\\\/markt\\\/\"},{\"@type\":\"ListItem\",\"position\":2,\"name\":\"Markt\",\"item\":\"https:\\\/\\\/marktxxl.de\\\/markt\\\/\"},{\"@type\":\"ListItem\",\"position\":3,\"name\":\"Hand Gewand by Weikert F\u00e4ustlinge aus reinem Merino Lammfell und robustem Lammnappa Leder, Touchscreen-f\u00e4hig, Damen\u2026\"}]},{\"@type\":\"WebSite\",\"@id\":\"https:\\\/\\\/marktxxl.de\\\/markt\\\/#website\",\"url\":\"https:\\\/\\\/marktxxl.de\\\/markt\\\/\",\"name\":\"Markt-XXL\",\"description\":\"Ihr Markt Online\",\"publisher\":{\"@id\":\"https:\\\/\\\/marktxxl.de\\\/markt\\\/#organization\"},\"potentialAction\":[{\"@type\":\"SearchAction\",\"target\":{\"@type\":\"EntryPoint\",\"urlTemplate\":\"https:\\\/\\\/marktxxl.de\\\/markt\\\/?s={search_term_string}\"},\"query-input\":{\"@type\":\"PropertyValueSpecification\",\"valueRequired\":true,\"valueName\":\"search_term_string\"}}],\"inLanguage\":\"de\"},{\"@type\":\"Organization\",\"@id\":\"https:\\\/\\\/marktxxl.de\\\/markt\\\/#organization\",\"name\":\"Markt-XXL\",\"url\":\"https:\\\/\\\/marktxxl.de\\\/markt\\\/\",\"logo\":{\"@type\":\"ImageObject\",\"inLanguage\":\"de\",\"@id\":\"https:\\\/\\\/marktxxl.de\\\/markt\\\/#\\\/schema\\\/logo\\\/image\\\/\",\"url\":\"https:\\\/\\\/marktxxl.de\\\/markt\\\/wp-content\\\/uploads\\\/sites\\\/3\\\/2020\\\/12\\\/logo.png\",\"contentUrl\":\"https:\\\/\\\/marktxxl.de\\\/markt\\\/wp-content\\\/uploads\\\/sites\\\/3\\\/2020\\\/12\\\/logo.png\",\"width\":200,\"height\":70,\"caption\":\"Markt-XXL\"},\"image\":{\"@id\":\"https:\\\/\\\/marktxxl.de\\\/markt\\\/#\\\/schema\\\/logo\\\/image\\\/\"}}]}<\/script>\n<!-- \/ Yoast SEO plugin. -->","yoast_head_json":{"title":"Hand Gewand by Weikert F\u00e4ustlinge aus reinem Merino Lammfell und robustem Lammnappa Leder, Touchscreen-f\u00e4hig, Damen\u2026 - Markt-XXL","description":"Markt-XXL Hand Gewand by Weikert F\u00e4ustlinge aus reinem Merino Lammfell und robustem Lammnappa Leder, Touchscreen-f\u00e4hig, Damen\u2026","robots":{"index":"index","follow":"follow","max-snippet":"max-snippet:-1","max-image-preview":"max-image-preview:large","max-video-preview":"max-video-preview:-1"},"canonical":"https:\/\/marktxxl.de\/markt\/produkt\/hand-gewand-by-weikert-faeustlinge-aus-reinem-merino-lammfell-und-robustem-lammnappa-leder-touchscreen-faehig-damen-lammfellfaeustlinge-lammfell-handschuhe-warme-lammfellhandschuhe\/","og_locale":"de_DE","og_type":"article","og_title":"Hand Gewand by Weikert F\u00e4ustlinge aus reinem Merino Lammfell und robustem Lammnappa Leder, Touchscreen-f\u00e4hig, Damen\u2026 - Markt-XXL","og_description":"Markt-XXL Hand Gewand by Weikert F\u00e4ustlinge aus reinem Merino Lammfell und robustem Lammnappa Leder, Touchscreen-f\u00e4hig, Damen\u2026","og_url":"https:\/\/marktxxl.de\/markt\/produkt\/hand-gewand-by-weikert-faeustlinge-aus-reinem-merino-lammfell-und-robustem-lammnappa-leder-touchscreen-faehig-damen-lammfellfaeustlinge-lammfell-handschuhe-warme-lammfellhandschuhe\/","og_site_name":"Markt-XXL","article_modified_time":"2023-04-11T00:45:19+00:00","og_image":[{"width":500,"height":500,"url":"https:\/\/m.media-amazon.com\/images\/I\/31E0isnOq9L._SL500_.jpg","type":"image\/jpeg"}],"twitter_card":"summary_large_image","twitter_misc":{"Gesch\u00e4tzte Lesezeit":"1\u00a0Minute"},"schema":{"@context":"https:\/\/schema.org","@graph":[{"@type":"WebPage","@id":"https:\/\/marktxxl.de\/markt\/produkt\/hand-gewand-by-weikert-faeustlinge-aus-reinem-merino-lammfell-und-robustem-lammnappa-leder-touchscreen-faehig-damen-lammfellfaeustlinge-lammfell-handschuhe-warme-lammfellhandschuhe\/","url":"https:\/\/marktxxl.de\/markt\/produkt\/hand-gewand-by-weikert-faeustlinge-aus-reinem-merino-lammfell-und-robustem-lammnappa-leder-touchscreen-faehig-damen-lammfellfaeustlinge-lammfell-handschuhe-warme-lammfellhandschuhe\/","name":"Hand Gewand by Weikert F\u00e4ustlinge aus reinem Merino Lammfell und robustem Lammnappa Leder, Touchscreen-f\u00e4hig, Damen\u2026 - Markt-XXL","isPartOf":{"@id":"https:\/\/marktxxl.de\/markt\/#website"},"primaryImageOfPage":{"@id":"https:\/\/marktxxl.de\/markt\/produkt\/hand-gewand-by-weikert-faeustlinge-aus-reinem-merino-lammfell-und-robustem-lammnappa-leder-touchscreen-faehig-damen-lammfellfaeustlinge-lammfell-handschuhe-warme-lammfellhandschuhe\/#primaryimage"},"image":{"@id":"https:\/\/marktxxl.de\/markt\/produkt\/hand-gewand-by-weikert-faeustlinge-aus-reinem-merino-lammfell-und-robustem-lammnappa-leder-touchscreen-faehig-damen-lammfellfaeustlinge-lammfell-handschuhe-warme-lammfellhandschuhe\/#primaryimage"},"thumbnailUrl":"https:\/\/m.media-amazon.com\/images\/I\/31E0isnOq9L._SL500_.jpg","datePublished":"2021-11-12T22:33:39+00:00","dateModified":"2023-04-11T00:45:19+00:00","description":"Markt-XXL Hand Gewand by Weikert F\u00e4ustlinge aus reinem Merino Lammfell und robustem Lammnappa Leder, Touchscreen-f\u00e4hig, Damen\u2026","breadcrumb":{"@id":"https:\/\/marktxxl.de\/markt\/produkt\/hand-gewand-by-weikert-faeustlinge-aus-reinem-merino-lammfell-und-robustem-lammnappa-leder-touchscreen-faehig-damen-lammfellfaeustlinge-lammfell-handschuhe-warme-lammfellhandschuhe\/#breadcrumb"},"inLanguage":"de","potentialAction":[{"@type":"ReadAction","target":["https:\/\/marktxxl.de\/markt\/produkt\/hand-gewand-by-weikert-faeustlinge-aus-reinem-merino-lammfell-und-robustem-lammnappa-leder-touchscreen-faehig-damen-lammfellfaeustlinge-lammfell-handschuhe-warme-lammfellhandschuhe\/"]}]},{"@type":"ImageObject","inLanguage":"de","@id":"https:\/\/marktxxl.de\/markt\/produkt\/hand-gewand-by-weikert-faeustlinge-aus-reinem-merino-lammfell-und-robustem-lammnappa-leder-touchscreen-faehig-damen-lammfellfaeustlinge-lammfell-handschuhe-warme-lammfellhandschuhe\/#primaryimage","url":"https:\/\/m.media-amazon.com\/images\/I\/31E0isnOq9L._SL500_.jpg","contentUrl":"https:\/\/m.media-amazon.com\/images\/I\/31E0isnOq9L._SL500_.jpg","width":500,"height":500},{"@type":"BreadcrumbList","@id":"https:\/\/marktxxl.de\/markt\/produkt\/hand-gewand-by-weikert-faeustlinge-aus-reinem-merino-lammfell-und-robustem-lammnappa-leder-touchscreen-faehig-damen-lammfellfaeustlinge-lammfell-handschuhe-warme-lammfellhandschuhe\/#breadcrumb","itemListElement":[{"@type":"ListItem","position":1,"name":"Startseite","item":"https:\/\/marktxxl.de\/markt\/"},{"@type":"ListItem","position":2,"name":"Markt","item":"https:\/\/marktxxl.de\/markt\/"},{"@type":"ListItem","position":3,"name":"Hand Gewand by Weikert F\u00e4ustlinge aus reinem Merino Lammfell und robustem Lammnappa Leder, Touchscreen-f\u00e4hig, Damen\u2026"}]},{"@type":"WebSite","@id":"https:\/\/marktxxl.de\/markt\/#website","url":"https:\/\/marktxxl.de\/markt\/","name":"Markt-XXL","description":"Ihr Markt Online","publisher":{"@id":"https:\/\/marktxxl.de\/markt\/#organization"},"potentialAction":[{"@type":"SearchAction","target":{"@type":"EntryPoint","urlTemplate":"https:\/\/marktxxl.de\/markt\/?s={search_term_string}"},"query-input":{"@type":"PropertyValueSpecification","valueRequired":true,"valueName":"search_term_string"}}],"inLanguage":"de"},{"@type":"Organization","@id":"https:\/\/marktxxl.de\/markt\/#organization","name":"Markt-XXL","url":"https:\/\/marktxxl.de\/markt\/","logo":{"@type":"ImageObject","inLanguage":"de","@id":"https:\/\/marktxxl.de\/markt\/#\/schema\/logo\/image\/","url":"https:\/\/marktxxl.de\/markt\/wp-content\/uploads\/sites\/3\/2020\/12\/logo.png","contentUrl":"https:\/\/marktxxl.de\/markt\/wp-content\/uploads\/sites\/3\/2020\/12\/logo.png","width":200,"height":70,"caption":"Markt-XXL"},"image":{"@id":"https:\/\/marktxxl.de\/markt\/#\/schema\/logo\/image\/"}}]}},"_links":{"self":[{"href":"https:\/\/marktxxl.de\/markt\/wp-json\/wp\/v2\/product\/72027","targetHints":{"allow":["GET"]}}],"collection":[{"href":"https:\/\/marktxxl.de\/markt\/wp-json\/wp\/v2\/product"}],"about":[{"href":"https:\/\/marktxxl.de\/markt\/wp-json\/wp\/v2\/types\/product"}],"replies":[{"embeddable":true,"href":"https:\/\/marktxxl.de\/markt\/wp-json\/wp\/v2\/comments?post=72027"}],"wp:featuredmedia":[{"embeddable":true,"href":"https:\/\/marktxxl.de\/markt\/wp-json\/wp\/v2\/media\/72028"}],"wp:attachment":[{"href":"https:\/\/marktxxl.de\/markt\/wp-json\/wp\/v2\/media?parent=72027"}],"wp:term":[{"taxonomy":"product_brand","embeddable":true,"href":"https:\/\/marktxxl.de\/markt\/wp-json\/wp\/v2\/product_brand?post=72027"},{"taxonomy":"product_cat","embeddable":true,"href":"https:\/\/marktxxl.de\/markt\/wp-json\/wp\/v2\/product_cat?post=72027"},{"taxonomy":"product_tag","embeddable":true,"href":"https:\/\/marktxxl.de\/markt\/wp-json\/wp\/v2\/product_tag?post=72027"}],"curies":[{"name":"wp","href":"https:\/\/api.w.org\/{rel}","templated":true}]}}