{"id":71951,"date":"2021-11-12T23:27:51","date_gmt":"2021-11-12T22:27:51","guid":{"rendered":"https:\/\/marktxxl.de\/markt\/produkt\/simiya-damen-leggings-high-waist-fitness-sporthose-mit-inner-taschen-maedchen-blickdicht-push-up-sport-leggings-yogahosen\/"},"modified":"2023-04-11T02:45:17","modified_gmt":"2023-04-11T00:45:17","slug":"simiya-damen-leggings-high-waist-fitness-sporthose-mit-inner-taschen-maedchen-blickdicht-push-up-sport-leggings-yogahosen","status":"publish","type":"product","link":"https:\/\/marktxxl.de\/markt\/produkt\/simiya-damen-leggings-high-waist-fitness-sporthose-mit-inner-taschen-maedchen-blickdicht-push-up-sport-leggings-yogahosen\/","title":{"rendered":"SIMIYA Damen Leggings, high Waist Fitness Sporthose mit Inner Taschen, M\u00e4dchen Blickdicht Push up Sport Leggings\u2026"},"content":{"rendered":"<p>? Bauchkontrolle- und push up Effekt. Die M\u00e4dchen Fitnessleggings mit hohem Taille kann leicht Ihren Bauch kontrollieren und Bauchweg Effekt erzielen. Wenn Sie Sport treiben, wird die high waist Leggings nicht herunterrutscht. Wegen der Kurve auf hintere Seite der Fitnesshose wird die H\u00fcfte mehr sch\u00f6ner, attraktiver und push up. Die Yogahosen formt Ihre phantastische Figur.<br \/>\n? Zwei verschiedene innere Taschen. Das Handy kann in die gr\u00f6\u00dfere elastische Innentaschen einlegen und wird sich nicht bewegt, wenn Sie gehen. Sie hilft, Ihre H\u00e4nde sich zu befreien. Die kleine geheime Taschen ist geeignet f\u00fcr die kleine Dinge, zum Beispiel Schl\u00fcssel, Karten und andere Kleinigkeiten. Sie werden keine wichtige Kleinigkeiten verloren, w\u00e4hren Sie Fitness \u00fcben.<br \/>\n? Glatte und stabile N\u00e4hte. Die N\u00e4hte auf Damen Leggings ist so flach und glatt, dass beim Sport keine Reibung erzeugt wird. Sie bietet ein komfortable Gef\u00fchl des Tragens. Es gibt ein besonderes Design, dass die N\u00e4hte von dem Unterteil der Sportleggings dreieckig ist. Die Laufhose ist mehr stabiler, verst\u00e4rkter und zerrei\u00dft sich nicht.<br \/>\n? Weich und blickdicht Material. Hergestellt aus Elasthan und Polyester. Dieser Stoff kann in Waschmaschine w\u00e4schen und schrumpft in Trockner nicht. Die lange Leggings ist super weich, nicht verf\u00e4rbend, pillfest, blickdicht und gasdurchl\u00e4ssig. Dank guter Elastizit\u00e4t ist die Sportleggings geeinet f\u00fcr alle Figur und Sport.<br \/>\n? Gr\u00f6\u00dfe ausw\u00e4hlen und gute Kundenservice. Lesen Sie bitte genau die Gr\u00f6\u00dfentabelle, bevor Sie die Leggings bestellen. Wenn Sie einige Gr\u00f6\u00dfe- oder Qualit\u00e4tsproblemen haben, nehmen Sie bitte zuerst mit uns Kontakt auf, wir werden Ihnen eine zufriedene L\u00f6sung anbieten.<br \/>\n<div class=\"main-cross-sell\" data-asin=\"B0928SBKXT\">\n\n\t<div class=\"WooZone-cross-sell-loader\">\n\t\t<div>\n\t\t\t<div id=\"floatingBarsG\">\n\t\t\t\t<div class=\"blockG\" id=\"rotateG_01\"><\/div>\n\t\t\t\t<div class=\"blockG\" id=\"rotateG_02\"><\/div>\n\t\t\t\t<div class=\"blockG\" id=\"rotateG_03\"><\/div>\n\t\t\t\t<div class=\"blockG\" id=\"rotateG_04\"><\/div>\n\t\t\t\t<div class=\"blockG\" id=\"rotateG_05\"><\/div>\n\t\t\t\t<div class=\"blockG\" id=\"rotateG_06\"><\/div>\n\t\t\t\t<div class=\"blockG\" id=\"rotateG_07\"><\/div>\n\t\t\t\t<div class=\"blockG\" id=\"rotateG_08\"><\/div>\n\t\t\t<\/div>\n\t\t\t<div class=\"WooZone-cross-sell-loader-text\"><\/div>\n\t\t<\/div>\n\t<\/div>\n\n\t\t\n<\/div>\n<div style=\"clear:both;\"><\/div><\/p>\n","protected":false},"excerpt":{"rendered":"<p>? Bauchkontrolle- und push up Effekt. Die M\u00e4dchen Fitnessleggings mit hohem Taille kann leicht Ihren Bauch kontrollieren und Bauchweg Effekt erzielen. Wenn Sie Sport treiben, wird die high waist Leggings nicht herunterrutscht. Wegen der Kurve auf hintere Seite der Fitnesshose wird die H\u00fcfte mehr sch\u00f6ner, attraktiver und push up. Die Yogahosen formt Ihre phantastische Figur.<br \/>\n? Zwei verschiedene innere Taschen. Das Handy kann in die gr\u00f6\u00dfere elastische Innentaschen einlegen und wird sich nicht bewegt, wenn Sie gehen. Sie hilft, Ihre H\u00e4nde sich zu befreien. Die kleine geheime Taschen ist geeignet f\u00fcr die kleine Dinge, zum Beispiel Schl\u00fcssel, Karten und andere Kleinigkeiten. Sie werden keine wichtige Kleinigkeiten verloren, w\u00e4hren Sie Fitness \u00fcben.<br \/>\n? Glatte und stabile N\u00e4hte. Die N\u00e4hte auf Damen Leggings ist so flach und glatt, dass beim Sport keine Reibung erzeugt wird. Sie bietet ein komfortable Gef\u00fchl des Tragens. Es gibt ein besonderes Design, dass die N\u00e4hte von dem Unterteil der Sportleggings dreieckig ist. Die Laufhose ist mehr stabiler, verst\u00e4rkter und zerrei\u00dft sich nicht.<\/p>\n","protected":false},"featured_media":71952,"comment_status":"open","ping_status":"closed","template":"","meta":[],"product_brand":[],"product_cat":[1186,3920],"product_tag":[],"class_list":{"0":"post-71951","1":"product","2":"type-product","3":"status-publish","4":"has-post-thumbnail","6":"product_cat-bekleidung","7":"product_cat-damen","8":"pa_binding-textilien","9":"pa_brand-simiya","11":"first","12":"instock","13":"shipping-taxable","14":"purchasable","15":"product-type-simple","16":"customify-col","17":"product-has-gallery"},"yoast_head":"<!-- This site is optimized with the Yoast SEO plugin v27.4 - https:\/\/yoast.com\/product\/yoast-seo-wordpress\/ -->\n<title>SIMIYA Damen Leggings, high Waist Fitness Sporthose mit Inner Taschen, M\u00e4dchen Blickdicht Push up Sport Leggings\u2026 - Markt-XXL<\/title>\n<meta name=\"description\" content=\"Markt-XXL SIMIYA Damen Leggings, high Waist Fitness Sporthose mit Inner Taschen, M\u00e4dchen Blickdicht Push up Sport Leggings\u2026\" \/>\n<meta name=\"robots\" content=\"index, follow, max-snippet:-1, max-image-preview:large, max-video-preview:-1\" \/>\n<link rel=\"canonical\" href=\"https:\/\/marktxxl.de\/markt\/produkt\/simiya-damen-leggings-high-waist-fitness-sporthose-mit-inner-taschen-maedchen-blickdicht-push-up-sport-leggings-yogahosen\/\" \/>\n<meta property=\"og:locale\" content=\"de_DE\" \/>\n<meta property=\"og:type\" content=\"article\" \/>\n<meta property=\"og:title\" content=\"SIMIYA Damen Leggings, high Waist Fitness Sporthose mit Inner Taschen, M\u00e4dchen Blickdicht Push up Sport Leggings\u2026 - Markt-XXL\" \/>\n<meta property=\"og:description\" content=\"Markt-XXL SIMIYA Damen Leggings, high Waist Fitness Sporthose mit Inner Taschen, M\u00e4dchen Blickdicht Push up Sport Leggings\u2026\" \/>\n<meta property=\"og:url\" content=\"https:\/\/marktxxl.de\/markt\/produkt\/simiya-damen-leggings-high-waist-fitness-sporthose-mit-inner-taschen-maedchen-blickdicht-push-up-sport-leggings-yogahosen\/\" \/>\n<meta property=\"og:site_name\" content=\"Markt-XXL\" \/>\n<meta property=\"article:modified_time\" content=\"2023-04-11T00:45:17+00:00\" \/>\n<meta property=\"og:image\" content=\"https:\/\/m.media-amazon.com\/images\/I\/31RoM3GKFFS._SL500_.jpg\" \/>\n\t<meta property=\"og:image:width\" content=\"500\" \/>\n\t<meta property=\"og:image:height\" content=\"500\" \/>\n\t<meta property=\"og:image:type\" content=\"image\/jpeg\" \/>\n<meta name=\"twitter:card\" content=\"summary_large_image\" \/>\n<meta name=\"twitter:label1\" content=\"Gesch\u00e4tzte Lesezeit\" \/>\n\t<meta name=\"twitter:data1\" content=\"1\u00a0Minute\" \/>\n<script type=\"application\/ld+json\" class=\"yoast-schema-graph\">{\"@context\":\"https:\\\/\\\/schema.org\",\"@graph\":[{\"@type\":\"WebPage\",\"@id\":\"https:\\\/\\\/marktxxl.de\\\/markt\\\/produkt\\\/simiya-damen-leggings-high-waist-fitness-sporthose-mit-inner-taschen-maedchen-blickdicht-push-up-sport-leggings-yogahosen\\\/\",\"url\":\"https:\\\/\\\/marktxxl.de\\\/markt\\\/produkt\\\/simiya-damen-leggings-high-waist-fitness-sporthose-mit-inner-taschen-maedchen-blickdicht-push-up-sport-leggings-yogahosen\\\/\",\"name\":\"SIMIYA Damen Leggings, high Waist Fitness Sporthose mit Inner Taschen, M\u00e4dchen Blickdicht Push up Sport Leggings\u2026 - Markt-XXL\",\"isPartOf\":{\"@id\":\"https:\\\/\\\/marktxxl.de\\\/markt\\\/#website\"},\"primaryImageOfPage\":{\"@id\":\"https:\\\/\\\/marktxxl.de\\\/markt\\\/produkt\\\/simiya-damen-leggings-high-waist-fitness-sporthose-mit-inner-taschen-maedchen-blickdicht-push-up-sport-leggings-yogahosen\\\/#primaryimage\"},\"image\":{\"@id\":\"https:\\\/\\\/marktxxl.de\\\/markt\\\/produkt\\\/simiya-damen-leggings-high-waist-fitness-sporthose-mit-inner-taschen-maedchen-blickdicht-push-up-sport-leggings-yogahosen\\\/#primaryimage\"},\"thumbnailUrl\":\"https:\\\/\\\/m.media-amazon.com\\\/images\\\/I\\\/31RoM3GKFFS._SL500_.jpg\",\"datePublished\":\"2021-11-12T22:27:51+00:00\",\"dateModified\":\"2023-04-11T00:45:17+00:00\",\"description\":\"Markt-XXL SIMIYA Damen Leggings, high Waist Fitness Sporthose mit Inner Taschen, M\u00e4dchen Blickdicht Push up Sport Leggings\u2026\",\"breadcrumb\":{\"@id\":\"https:\\\/\\\/marktxxl.de\\\/markt\\\/produkt\\\/simiya-damen-leggings-high-waist-fitness-sporthose-mit-inner-taschen-maedchen-blickdicht-push-up-sport-leggings-yogahosen\\\/#breadcrumb\"},\"inLanguage\":\"de\",\"potentialAction\":[{\"@type\":\"ReadAction\",\"target\":[\"https:\\\/\\\/marktxxl.de\\\/markt\\\/produkt\\\/simiya-damen-leggings-high-waist-fitness-sporthose-mit-inner-taschen-maedchen-blickdicht-push-up-sport-leggings-yogahosen\\\/\"]}]},{\"@type\":\"ImageObject\",\"inLanguage\":\"de\",\"@id\":\"https:\\\/\\\/marktxxl.de\\\/markt\\\/produkt\\\/simiya-damen-leggings-high-waist-fitness-sporthose-mit-inner-taschen-maedchen-blickdicht-push-up-sport-leggings-yogahosen\\\/#primaryimage\",\"url\":\"https:\\\/\\\/m.media-amazon.com\\\/images\\\/I\\\/31RoM3GKFFS._SL500_.jpg\",\"contentUrl\":\"https:\\\/\\\/m.media-amazon.com\\\/images\\\/I\\\/31RoM3GKFFS._SL500_.jpg\",\"width\":500,\"height\":500},{\"@type\":\"BreadcrumbList\",\"@id\":\"https:\\\/\\\/marktxxl.de\\\/markt\\\/produkt\\\/simiya-damen-leggings-high-waist-fitness-sporthose-mit-inner-taschen-maedchen-blickdicht-push-up-sport-leggings-yogahosen\\\/#breadcrumb\",\"itemListElement\":[{\"@type\":\"ListItem\",\"position\":1,\"name\":\"Startseite\",\"item\":\"https:\\\/\\\/marktxxl.de\\\/markt\\\/\"},{\"@type\":\"ListItem\",\"position\":2,\"name\":\"Markt\",\"item\":\"https:\\\/\\\/marktxxl.de\\\/markt\\\/\"},{\"@type\":\"ListItem\",\"position\":3,\"name\":\"SIMIYA Damen Leggings, high Waist Fitness Sporthose mit Inner Taschen, M\u00e4dchen Blickdicht Push up Sport Leggings\u2026\"}]},{\"@type\":\"WebSite\",\"@id\":\"https:\\\/\\\/marktxxl.de\\\/markt\\\/#website\",\"url\":\"https:\\\/\\\/marktxxl.de\\\/markt\\\/\",\"name\":\"Markt-XXL\",\"description\":\"Ihr Markt Online\",\"publisher\":{\"@id\":\"https:\\\/\\\/marktxxl.de\\\/markt\\\/#organization\"},\"potentialAction\":[{\"@type\":\"SearchAction\",\"target\":{\"@type\":\"EntryPoint\",\"urlTemplate\":\"https:\\\/\\\/marktxxl.de\\\/markt\\\/?s={search_term_string}\"},\"query-input\":{\"@type\":\"PropertyValueSpecification\",\"valueRequired\":true,\"valueName\":\"search_term_string\"}}],\"inLanguage\":\"de\"},{\"@type\":\"Organization\",\"@id\":\"https:\\\/\\\/marktxxl.de\\\/markt\\\/#organization\",\"name\":\"Markt-XXL\",\"url\":\"https:\\\/\\\/marktxxl.de\\\/markt\\\/\",\"logo\":{\"@type\":\"ImageObject\",\"inLanguage\":\"de\",\"@id\":\"https:\\\/\\\/marktxxl.de\\\/markt\\\/#\\\/schema\\\/logo\\\/image\\\/\",\"url\":\"https:\\\/\\\/marktxxl.de\\\/markt\\\/wp-content\\\/uploads\\\/sites\\\/3\\\/2020\\\/12\\\/logo.png\",\"contentUrl\":\"https:\\\/\\\/marktxxl.de\\\/markt\\\/wp-content\\\/uploads\\\/sites\\\/3\\\/2020\\\/12\\\/logo.png\",\"width\":200,\"height\":70,\"caption\":\"Markt-XXL\"},\"image\":{\"@id\":\"https:\\\/\\\/marktxxl.de\\\/markt\\\/#\\\/schema\\\/logo\\\/image\\\/\"}}]}<\/script>\n<!-- \/ Yoast SEO plugin. -->","yoast_head_json":{"title":"SIMIYA Damen Leggings, high Waist Fitness Sporthose mit Inner Taschen, M\u00e4dchen Blickdicht Push up Sport Leggings\u2026 - Markt-XXL","description":"Markt-XXL SIMIYA Damen Leggings, high Waist Fitness Sporthose mit Inner Taschen, M\u00e4dchen Blickdicht Push up Sport Leggings\u2026","robots":{"index":"index","follow":"follow","max-snippet":"max-snippet:-1","max-image-preview":"max-image-preview:large","max-video-preview":"max-video-preview:-1"},"canonical":"https:\/\/marktxxl.de\/markt\/produkt\/simiya-damen-leggings-high-waist-fitness-sporthose-mit-inner-taschen-maedchen-blickdicht-push-up-sport-leggings-yogahosen\/","og_locale":"de_DE","og_type":"article","og_title":"SIMIYA Damen Leggings, high Waist Fitness Sporthose mit Inner Taschen, M\u00e4dchen Blickdicht Push up Sport Leggings\u2026 - Markt-XXL","og_description":"Markt-XXL SIMIYA Damen Leggings, high Waist Fitness Sporthose mit Inner Taschen, M\u00e4dchen Blickdicht Push up Sport Leggings\u2026","og_url":"https:\/\/marktxxl.de\/markt\/produkt\/simiya-damen-leggings-high-waist-fitness-sporthose-mit-inner-taschen-maedchen-blickdicht-push-up-sport-leggings-yogahosen\/","og_site_name":"Markt-XXL","article_modified_time":"2023-04-11T00:45:17+00:00","og_image":[{"width":500,"height":500,"url":"https:\/\/m.media-amazon.com\/images\/I\/31RoM3GKFFS._SL500_.jpg","type":"image\/jpeg"}],"twitter_card":"summary_large_image","twitter_misc":{"Gesch\u00e4tzte Lesezeit":"1\u00a0Minute"},"schema":{"@context":"https:\/\/schema.org","@graph":[{"@type":"WebPage","@id":"https:\/\/marktxxl.de\/markt\/produkt\/simiya-damen-leggings-high-waist-fitness-sporthose-mit-inner-taschen-maedchen-blickdicht-push-up-sport-leggings-yogahosen\/","url":"https:\/\/marktxxl.de\/markt\/produkt\/simiya-damen-leggings-high-waist-fitness-sporthose-mit-inner-taschen-maedchen-blickdicht-push-up-sport-leggings-yogahosen\/","name":"SIMIYA Damen Leggings, high Waist Fitness Sporthose mit Inner Taschen, M\u00e4dchen Blickdicht Push up Sport Leggings\u2026 - Markt-XXL","isPartOf":{"@id":"https:\/\/marktxxl.de\/markt\/#website"},"primaryImageOfPage":{"@id":"https:\/\/marktxxl.de\/markt\/produkt\/simiya-damen-leggings-high-waist-fitness-sporthose-mit-inner-taschen-maedchen-blickdicht-push-up-sport-leggings-yogahosen\/#primaryimage"},"image":{"@id":"https:\/\/marktxxl.de\/markt\/produkt\/simiya-damen-leggings-high-waist-fitness-sporthose-mit-inner-taschen-maedchen-blickdicht-push-up-sport-leggings-yogahosen\/#primaryimage"},"thumbnailUrl":"https:\/\/m.media-amazon.com\/images\/I\/31RoM3GKFFS._SL500_.jpg","datePublished":"2021-11-12T22:27:51+00:00","dateModified":"2023-04-11T00:45:17+00:00","description":"Markt-XXL SIMIYA Damen Leggings, high Waist Fitness Sporthose mit Inner Taschen, M\u00e4dchen Blickdicht Push up Sport Leggings\u2026","breadcrumb":{"@id":"https:\/\/marktxxl.de\/markt\/produkt\/simiya-damen-leggings-high-waist-fitness-sporthose-mit-inner-taschen-maedchen-blickdicht-push-up-sport-leggings-yogahosen\/#breadcrumb"},"inLanguage":"de","potentialAction":[{"@type":"ReadAction","target":["https:\/\/marktxxl.de\/markt\/produkt\/simiya-damen-leggings-high-waist-fitness-sporthose-mit-inner-taschen-maedchen-blickdicht-push-up-sport-leggings-yogahosen\/"]}]},{"@type":"ImageObject","inLanguage":"de","@id":"https:\/\/marktxxl.de\/markt\/produkt\/simiya-damen-leggings-high-waist-fitness-sporthose-mit-inner-taschen-maedchen-blickdicht-push-up-sport-leggings-yogahosen\/#primaryimage","url":"https:\/\/m.media-amazon.com\/images\/I\/31RoM3GKFFS._SL500_.jpg","contentUrl":"https:\/\/m.media-amazon.com\/images\/I\/31RoM3GKFFS._SL500_.jpg","width":500,"height":500},{"@type":"BreadcrumbList","@id":"https:\/\/marktxxl.de\/markt\/produkt\/simiya-damen-leggings-high-waist-fitness-sporthose-mit-inner-taschen-maedchen-blickdicht-push-up-sport-leggings-yogahosen\/#breadcrumb","itemListElement":[{"@type":"ListItem","position":1,"name":"Startseite","item":"https:\/\/marktxxl.de\/markt\/"},{"@type":"ListItem","position":2,"name":"Markt","item":"https:\/\/marktxxl.de\/markt\/"},{"@type":"ListItem","position":3,"name":"SIMIYA Damen Leggings, high Waist Fitness Sporthose mit Inner Taschen, M\u00e4dchen Blickdicht Push up Sport Leggings\u2026"}]},{"@type":"WebSite","@id":"https:\/\/marktxxl.de\/markt\/#website","url":"https:\/\/marktxxl.de\/markt\/","name":"Markt-XXL","description":"Ihr Markt Online","publisher":{"@id":"https:\/\/marktxxl.de\/markt\/#organization"},"potentialAction":[{"@type":"SearchAction","target":{"@type":"EntryPoint","urlTemplate":"https:\/\/marktxxl.de\/markt\/?s={search_term_string}"},"query-input":{"@type":"PropertyValueSpecification","valueRequired":true,"valueName":"search_term_string"}}],"inLanguage":"de"},{"@type":"Organization","@id":"https:\/\/marktxxl.de\/markt\/#organization","name":"Markt-XXL","url":"https:\/\/marktxxl.de\/markt\/","logo":{"@type":"ImageObject","inLanguage":"de","@id":"https:\/\/marktxxl.de\/markt\/#\/schema\/logo\/image\/","url":"https:\/\/marktxxl.de\/markt\/wp-content\/uploads\/sites\/3\/2020\/12\/logo.png","contentUrl":"https:\/\/marktxxl.de\/markt\/wp-content\/uploads\/sites\/3\/2020\/12\/logo.png","width":200,"height":70,"caption":"Markt-XXL"},"image":{"@id":"https:\/\/marktxxl.de\/markt\/#\/schema\/logo\/image\/"}}]}},"_links":{"self":[{"href":"https:\/\/marktxxl.de\/markt\/wp-json\/wp\/v2\/product\/71951","targetHints":{"allow":["GET"]}}],"collection":[{"href":"https:\/\/marktxxl.de\/markt\/wp-json\/wp\/v2\/product"}],"about":[{"href":"https:\/\/marktxxl.de\/markt\/wp-json\/wp\/v2\/types\/product"}],"replies":[{"embeddable":true,"href":"https:\/\/marktxxl.de\/markt\/wp-json\/wp\/v2\/comments?post=71951"}],"wp:featuredmedia":[{"embeddable":true,"href":"https:\/\/marktxxl.de\/markt\/wp-json\/wp\/v2\/media\/71952"}],"wp:attachment":[{"href":"https:\/\/marktxxl.de\/markt\/wp-json\/wp\/v2\/media?parent=71951"}],"wp:term":[{"taxonomy":"product_brand","embeddable":true,"href":"https:\/\/marktxxl.de\/markt\/wp-json\/wp\/v2\/product_brand?post=71951"},{"taxonomy":"product_cat","embeddable":true,"href":"https:\/\/marktxxl.de\/markt\/wp-json\/wp\/v2\/product_cat?post=71951"},{"taxonomy":"product_tag","embeddable":true,"href":"https:\/\/marktxxl.de\/markt\/wp-json\/wp\/v2\/product_tag?post=71951"}],"curies":[{"name":"wp","href":"https:\/\/api.w.org\/{rel}","templated":true}]}}