{"id":71863,"date":"2021-11-12T23:22:08","date_gmt":"2021-11-12T22:22:08","guid":{"rendered":"https:\/\/marktxxl.de\/markt\/produkt\/sojos-schal-damen-baumwolle-kariert-herbst-winter-fransen-poncho-xxl-gross-sc301\/"},"modified":"2023-04-11T02:45:16","modified_gmt":"2023-04-11T00:45:16","slug":"sojos-schal-damen-baumwolle-kariert-herbst-winter-fransen-poncho-xxl-gross-sc301","status":"publish","type":"product","link":"https:\/\/marktxxl.de\/markt\/produkt\/sojos-schal-damen-baumwolle-kariert-herbst-winter-fransen-poncho-xxl-gross-sc301\/","title":{"rendered":"SOJOS Schal Damen baumwolle Kariert Herbst Winter Fransen Poncho XXL Gro\u00df SC301"},"content":{"rendered":"<p>Der Schal ist sehr weich und gem\u00fctlich. Die Farben sind zeitlos und so sch\u00f6n f\u00fcr den Herbst oder Winter.<br \/>\nDiese Muster und Farbkombinationen k\u00f6nnen mit deinem Mantel, Pullover, Kleid oder Anzug leicht gepaart werden. Sie k\u00f6nnen f\u00fcr entspannende Einkaufstage, Cocktailparty, Gartenparty, Teeparty oder umwickeln Sie es in Ihren Mantel f\u00fcr einen besch\u00e4ftigten Tag im B\u00fcro.<br \/>\nDie \u00fcbergro\u00dfe Poncho Wrap Schal Design ist die neue Trend Mode-Statement der Herbst und Wintersaison.Best Option der Geschenke f\u00fcr Familie und Freunde.<br \/>\n30 TAGE GARANTIERT &#8211; Kontaktieren Sie uns f\u00fcr alle Qualit\u00e4tsprobleme . Wir sind verantwortlich f\u00fcr alle unsere Produkte.<br \/>\nGR\u00d6SSE &amp; MATERIAL: Abmessungen (IN): L\u00e4nge: 140cm \/ 55 &#8220;, Breite: 140cm \/ 55&#8221; | Material: Kaschmir\u00e4hnliches Acryl. Etwas Farbunterschied f\u00fcr Lichteffekte erlaubt.<br \/>\n<div class=\"main-cross-sell\" data-asin=\"B075JF71HK\">\n\n\t<div class=\"WooZone-cross-sell-loader\">\n\t\t<div>\n\t\t\t<div id=\"floatingBarsG\">\n\t\t\t\t<div class=\"blockG\" id=\"rotateG_01\"><\/div>\n\t\t\t\t<div class=\"blockG\" id=\"rotateG_02\"><\/div>\n\t\t\t\t<div class=\"blockG\" id=\"rotateG_03\"><\/div>\n\t\t\t\t<div class=\"blockG\" id=\"rotateG_04\"><\/div>\n\t\t\t\t<div class=\"blockG\" id=\"rotateG_05\"><\/div>\n\t\t\t\t<div class=\"blockG\" id=\"rotateG_06\"><\/div>\n\t\t\t\t<div class=\"blockG\" id=\"rotateG_07\"><\/div>\n\t\t\t\t<div class=\"blockG\" id=\"rotateG_08\"><\/div>\n\t\t\t<\/div>\n\t\t\t<div class=\"WooZone-cross-sell-loader-text\"><\/div>\n\t\t<\/div>\n\t<\/div>\n\n\t\t\n<\/div>\n<div style=\"clear:both;\"><\/div><\/p>\n","protected":false},"excerpt":{"rendered":"<p>Der Schal ist sehr weich und gem\u00fctlich. Die Farben sind zeitlos und so sch\u00f6n f\u00fcr den Herbst oder Winter.<br \/>\nDiese Muster und Farbkombinationen k\u00f6nnen mit deinem Mantel, Pullover, Kleid oder Anzug leicht gepaart werden. Sie k\u00f6nnen f\u00fcr entspannende Einkaufstage, Cocktailparty, Gartenparty, Teeparty oder umwickeln Sie es in Ihren Mantel f\u00fcr einen besch\u00e4ftigten Tag im B\u00fcro.<br \/>\nDie \u00fcbergro\u00dfe Poncho Wrap Schal Design ist die neue Trend Mode-Statement der Herbst und Wintersaison.Best Option der Geschenke f\u00fcr Familie und Freunde.<\/p>\n","protected":false},"featured_media":71864,"comment_status":"open","ping_status":"closed","template":"","meta":[],"product_brand":[],"product_cat":[1186,3920],"product_tag":[],"class_list":{"0":"post-71863","1":"product","2":"type-product","3":"status-publish","4":"has-post-thumbnail","6":"product_cat-bekleidung","7":"product_cat-damen","8":"pa_binding-textilien","9":"pa_brand-sojos","10":"pa_size-xxl","12":"first","13":"instock","14":"shipping-taxable","15":"purchasable","16":"product-type-simple","17":"customify-col","18":"product-has-gallery"},"yoast_head":"<!-- This site is optimized with the Yoast SEO plugin v27.4 - https:\/\/yoast.com\/product\/yoast-seo-wordpress\/ -->\n<title>SOJOS Schal Damen baumwolle Kariert Herbst Winter Fransen Poncho XXL Gro\u00df SC301 - Markt-XXL<\/title>\n<meta name=\"description\" content=\"Markt-XXL SOJOS Schal Damen baumwolle Kariert Herbst Winter Fransen Poncho XXL Gro\u00df SC301\" \/>\n<meta name=\"robots\" content=\"index, follow, max-snippet:-1, max-image-preview:large, max-video-preview:-1\" \/>\n<link rel=\"canonical\" href=\"https:\/\/marktxxl.de\/markt\/produkt\/sojos-schal-damen-baumwolle-kariert-herbst-winter-fransen-poncho-xxl-gross-sc301\/\" \/>\n<meta property=\"og:locale\" content=\"de_DE\" \/>\n<meta property=\"og:type\" content=\"article\" \/>\n<meta property=\"og:title\" content=\"SOJOS Schal Damen baumwolle Kariert Herbst Winter Fransen Poncho XXL Gro\u00df SC301 - Markt-XXL\" \/>\n<meta property=\"og:description\" content=\"Markt-XXL SOJOS Schal Damen baumwolle Kariert Herbst Winter Fransen Poncho XXL Gro\u00df SC301\" \/>\n<meta property=\"og:url\" content=\"https:\/\/marktxxl.de\/markt\/produkt\/sojos-schal-damen-baumwolle-kariert-herbst-winter-fransen-poncho-xxl-gross-sc301\/\" \/>\n<meta property=\"og:site_name\" content=\"Markt-XXL\" \/>\n<meta property=\"article:modified_time\" content=\"2023-04-11T00:45:16+00:00\" \/>\n<meta property=\"og:image\" content=\"https:\/\/m.media-amazon.com\/images\/I\/517RaFsQUsL._SL500_.jpg\" \/>\n\t<meta property=\"og:image:width\" content=\"500\" \/>\n\t<meta property=\"og:image:height\" content=\"500\" \/>\n\t<meta property=\"og:image:type\" content=\"image\/jpeg\" \/>\n<meta name=\"twitter:card\" content=\"summary_large_image\" \/>\n<meta name=\"twitter:label1\" content=\"Gesch\u00e4tzte Lesezeit\" \/>\n\t<meta name=\"twitter:data1\" content=\"1\u00a0Minute\" \/>\n<script type=\"application\/ld+json\" class=\"yoast-schema-graph\">{\"@context\":\"https:\\\/\\\/schema.org\",\"@graph\":[{\"@type\":\"WebPage\",\"@id\":\"https:\\\/\\\/marktxxl.de\\\/markt\\\/produkt\\\/sojos-schal-damen-baumwolle-kariert-herbst-winter-fransen-poncho-xxl-gross-sc301\\\/\",\"url\":\"https:\\\/\\\/marktxxl.de\\\/markt\\\/produkt\\\/sojos-schal-damen-baumwolle-kariert-herbst-winter-fransen-poncho-xxl-gross-sc301\\\/\",\"name\":\"SOJOS Schal Damen baumwolle Kariert Herbst Winter Fransen Poncho XXL Gro\u00df SC301 - Markt-XXL\",\"isPartOf\":{\"@id\":\"https:\\\/\\\/marktxxl.de\\\/markt\\\/#website\"},\"primaryImageOfPage\":{\"@id\":\"https:\\\/\\\/marktxxl.de\\\/markt\\\/produkt\\\/sojos-schal-damen-baumwolle-kariert-herbst-winter-fransen-poncho-xxl-gross-sc301\\\/#primaryimage\"},\"image\":{\"@id\":\"https:\\\/\\\/marktxxl.de\\\/markt\\\/produkt\\\/sojos-schal-damen-baumwolle-kariert-herbst-winter-fransen-poncho-xxl-gross-sc301\\\/#primaryimage\"},\"thumbnailUrl\":\"https:\\\/\\\/m.media-amazon.com\\\/images\\\/I\\\/517RaFsQUsL._SL500_.jpg\",\"datePublished\":\"2021-11-12T22:22:08+00:00\",\"dateModified\":\"2023-04-11T00:45:16+00:00\",\"description\":\"Markt-XXL SOJOS Schal Damen baumwolle Kariert Herbst Winter Fransen Poncho XXL Gro\u00df SC301\",\"breadcrumb\":{\"@id\":\"https:\\\/\\\/marktxxl.de\\\/markt\\\/produkt\\\/sojos-schal-damen-baumwolle-kariert-herbst-winter-fransen-poncho-xxl-gross-sc301\\\/#breadcrumb\"},\"inLanguage\":\"de\",\"potentialAction\":[{\"@type\":\"ReadAction\",\"target\":[\"https:\\\/\\\/marktxxl.de\\\/markt\\\/produkt\\\/sojos-schal-damen-baumwolle-kariert-herbst-winter-fransen-poncho-xxl-gross-sc301\\\/\"]}]},{\"@type\":\"ImageObject\",\"inLanguage\":\"de\",\"@id\":\"https:\\\/\\\/marktxxl.de\\\/markt\\\/produkt\\\/sojos-schal-damen-baumwolle-kariert-herbst-winter-fransen-poncho-xxl-gross-sc301\\\/#primaryimage\",\"url\":\"https:\\\/\\\/m.media-amazon.com\\\/images\\\/I\\\/517RaFsQUsL._SL500_.jpg\",\"contentUrl\":\"https:\\\/\\\/m.media-amazon.com\\\/images\\\/I\\\/517RaFsQUsL._SL500_.jpg\",\"width\":500,\"height\":500},{\"@type\":\"BreadcrumbList\",\"@id\":\"https:\\\/\\\/marktxxl.de\\\/markt\\\/produkt\\\/sojos-schal-damen-baumwolle-kariert-herbst-winter-fransen-poncho-xxl-gross-sc301\\\/#breadcrumb\",\"itemListElement\":[{\"@type\":\"ListItem\",\"position\":1,\"name\":\"Startseite\",\"item\":\"https:\\\/\\\/marktxxl.de\\\/markt\\\/\"},{\"@type\":\"ListItem\",\"position\":2,\"name\":\"Markt\",\"item\":\"https:\\\/\\\/marktxxl.de\\\/markt\\\/\"},{\"@type\":\"ListItem\",\"position\":3,\"name\":\"SOJOS Schal Damen baumwolle Kariert Herbst Winter Fransen Poncho XXL Gro\u00df SC301\"}]},{\"@type\":\"WebSite\",\"@id\":\"https:\\\/\\\/marktxxl.de\\\/markt\\\/#website\",\"url\":\"https:\\\/\\\/marktxxl.de\\\/markt\\\/\",\"name\":\"Markt-XXL\",\"description\":\"Ihr Markt Online\",\"publisher\":{\"@id\":\"https:\\\/\\\/marktxxl.de\\\/markt\\\/#organization\"},\"potentialAction\":[{\"@type\":\"SearchAction\",\"target\":{\"@type\":\"EntryPoint\",\"urlTemplate\":\"https:\\\/\\\/marktxxl.de\\\/markt\\\/?s={search_term_string}\"},\"query-input\":{\"@type\":\"PropertyValueSpecification\",\"valueRequired\":true,\"valueName\":\"search_term_string\"}}],\"inLanguage\":\"de\"},{\"@type\":\"Organization\",\"@id\":\"https:\\\/\\\/marktxxl.de\\\/markt\\\/#organization\",\"name\":\"Markt-XXL\",\"url\":\"https:\\\/\\\/marktxxl.de\\\/markt\\\/\",\"logo\":{\"@type\":\"ImageObject\",\"inLanguage\":\"de\",\"@id\":\"https:\\\/\\\/marktxxl.de\\\/markt\\\/#\\\/schema\\\/logo\\\/image\\\/\",\"url\":\"https:\\\/\\\/marktxxl.de\\\/markt\\\/wp-content\\\/uploads\\\/sites\\\/3\\\/2020\\\/12\\\/logo.png\",\"contentUrl\":\"https:\\\/\\\/marktxxl.de\\\/markt\\\/wp-content\\\/uploads\\\/sites\\\/3\\\/2020\\\/12\\\/logo.png\",\"width\":200,\"height\":70,\"caption\":\"Markt-XXL\"},\"image\":{\"@id\":\"https:\\\/\\\/marktxxl.de\\\/markt\\\/#\\\/schema\\\/logo\\\/image\\\/\"}}]}<\/script>\n<!-- \/ Yoast SEO plugin. -->","yoast_head_json":{"title":"SOJOS Schal Damen baumwolle Kariert Herbst Winter Fransen Poncho XXL Gro\u00df SC301 - Markt-XXL","description":"Markt-XXL SOJOS Schal Damen baumwolle Kariert Herbst Winter Fransen Poncho XXL Gro\u00df SC301","robots":{"index":"index","follow":"follow","max-snippet":"max-snippet:-1","max-image-preview":"max-image-preview:large","max-video-preview":"max-video-preview:-1"},"canonical":"https:\/\/marktxxl.de\/markt\/produkt\/sojos-schal-damen-baumwolle-kariert-herbst-winter-fransen-poncho-xxl-gross-sc301\/","og_locale":"de_DE","og_type":"article","og_title":"SOJOS Schal Damen baumwolle Kariert Herbst Winter Fransen Poncho XXL Gro\u00df SC301 - Markt-XXL","og_description":"Markt-XXL SOJOS Schal Damen baumwolle Kariert Herbst Winter Fransen Poncho XXL Gro\u00df SC301","og_url":"https:\/\/marktxxl.de\/markt\/produkt\/sojos-schal-damen-baumwolle-kariert-herbst-winter-fransen-poncho-xxl-gross-sc301\/","og_site_name":"Markt-XXL","article_modified_time":"2023-04-11T00:45:16+00:00","og_image":[{"width":500,"height":500,"url":"https:\/\/m.media-amazon.com\/images\/I\/517RaFsQUsL._SL500_.jpg","type":"image\/jpeg"}],"twitter_card":"summary_large_image","twitter_misc":{"Gesch\u00e4tzte Lesezeit":"1\u00a0Minute"},"schema":{"@context":"https:\/\/schema.org","@graph":[{"@type":"WebPage","@id":"https:\/\/marktxxl.de\/markt\/produkt\/sojos-schal-damen-baumwolle-kariert-herbst-winter-fransen-poncho-xxl-gross-sc301\/","url":"https:\/\/marktxxl.de\/markt\/produkt\/sojos-schal-damen-baumwolle-kariert-herbst-winter-fransen-poncho-xxl-gross-sc301\/","name":"SOJOS Schal Damen baumwolle Kariert Herbst Winter Fransen Poncho XXL Gro\u00df SC301 - Markt-XXL","isPartOf":{"@id":"https:\/\/marktxxl.de\/markt\/#website"},"primaryImageOfPage":{"@id":"https:\/\/marktxxl.de\/markt\/produkt\/sojos-schal-damen-baumwolle-kariert-herbst-winter-fransen-poncho-xxl-gross-sc301\/#primaryimage"},"image":{"@id":"https:\/\/marktxxl.de\/markt\/produkt\/sojos-schal-damen-baumwolle-kariert-herbst-winter-fransen-poncho-xxl-gross-sc301\/#primaryimage"},"thumbnailUrl":"https:\/\/m.media-amazon.com\/images\/I\/517RaFsQUsL._SL500_.jpg","datePublished":"2021-11-12T22:22:08+00:00","dateModified":"2023-04-11T00:45:16+00:00","description":"Markt-XXL SOJOS Schal Damen baumwolle Kariert Herbst Winter Fransen Poncho XXL Gro\u00df SC301","breadcrumb":{"@id":"https:\/\/marktxxl.de\/markt\/produkt\/sojos-schal-damen-baumwolle-kariert-herbst-winter-fransen-poncho-xxl-gross-sc301\/#breadcrumb"},"inLanguage":"de","potentialAction":[{"@type":"ReadAction","target":["https:\/\/marktxxl.de\/markt\/produkt\/sojos-schal-damen-baumwolle-kariert-herbst-winter-fransen-poncho-xxl-gross-sc301\/"]}]},{"@type":"ImageObject","inLanguage":"de","@id":"https:\/\/marktxxl.de\/markt\/produkt\/sojos-schal-damen-baumwolle-kariert-herbst-winter-fransen-poncho-xxl-gross-sc301\/#primaryimage","url":"https:\/\/m.media-amazon.com\/images\/I\/517RaFsQUsL._SL500_.jpg","contentUrl":"https:\/\/m.media-amazon.com\/images\/I\/517RaFsQUsL._SL500_.jpg","width":500,"height":500},{"@type":"BreadcrumbList","@id":"https:\/\/marktxxl.de\/markt\/produkt\/sojos-schal-damen-baumwolle-kariert-herbst-winter-fransen-poncho-xxl-gross-sc301\/#breadcrumb","itemListElement":[{"@type":"ListItem","position":1,"name":"Startseite","item":"https:\/\/marktxxl.de\/markt\/"},{"@type":"ListItem","position":2,"name":"Markt","item":"https:\/\/marktxxl.de\/markt\/"},{"@type":"ListItem","position":3,"name":"SOJOS Schal Damen baumwolle Kariert Herbst Winter Fransen Poncho XXL Gro\u00df SC301"}]},{"@type":"WebSite","@id":"https:\/\/marktxxl.de\/markt\/#website","url":"https:\/\/marktxxl.de\/markt\/","name":"Markt-XXL","description":"Ihr Markt Online","publisher":{"@id":"https:\/\/marktxxl.de\/markt\/#organization"},"potentialAction":[{"@type":"SearchAction","target":{"@type":"EntryPoint","urlTemplate":"https:\/\/marktxxl.de\/markt\/?s={search_term_string}"},"query-input":{"@type":"PropertyValueSpecification","valueRequired":true,"valueName":"search_term_string"}}],"inLanguage":"de"},{"@type":"Organization","@id":"https:\/\/marktxxl.de\/markt\/#organization","name":"Markt-XXL","url":"https:\/\/marktxxl.de\/markt\/","logo":{"@type":"ImageObject","inLanguage":"de","@id":"https:\/\/marktxxl.de\/markt\/#\/schema\/logo\/image\/","url":"https:\/\/marktxxl.de\/markt\/wp-content\/uploads\/sites\/3\/2020\/12\/logo.png","contentUrl":"https:\/\/marktxxl.de\/markt\/wp-content\/uploads\/sites\/3\/2020\/12\/logo.png","width":200,"height":70,"caption":"Markt-XXL"},"image":{"@id":"https:\/\/marktxxl.de\/markt\/#\/schema\/logo\/image\/"}}]}},"_links":{"self":[{"href":"https:\/\/marktxxl.de\/markt\/wp-json\/wp\/v2\/product\/71863","targetHints":{"allow":["GET"]}}],"collection":[{"href":"https:\/\/marktxxl.de\/markt\/wp-json\/wp\/v2\/product"}],"about":[{"href":"https:\/\/marktxxl.de\/markt\/wp-json\/wp\/v2\/types\/product"}],"replies":[{"embeddable":true,"href":"https:\/\/marktxxl.de\/markt\/wp-json\/wp\/v2\/comments?post=71863"}],"wp:featuredmedia":[{"embeddable":true,"href":"https:\/\/marktxxl.de\/markt\/wp-json\/wp\/v2\/media\/71864"}],"wp:attachment":[{"href":"https:\/\/marktxxl.de\/markt\/wp-json\/wp\/v2\/media?parent=71863"}],"wp:term":[{"taxonomy":"product_brand","embeddable":true,"href":"https:\/\/marktxxl.de\/markt\/wp-json\/wp\/v2\/product_brand?post=71863"},{"taxonomy":"product_cat","embeddable":true,"href":"https:\/\/marktxxl.de\/markt\/wp-json\/wp\/v2\/product_cat?post=71863"},{"taxonomy":"product_tag","embeddable":true,"href":"https:\/\/marktxxl.de\/markt\/wp-json\/wp\/v2\/product_tag?post=71863"}],"curies":[{"name":"wp","href":"https:\/\/api.w.org\/{rel}","templated":true}]}}