{"id":71781,"date":"2021-11-12T23:18:37","date_gmt":"2021-11-12T22:18:37","guid":{"rendered":"https:\/\/marktxxl.de\/markt\/produkt\/the-comfy-teddy-bear-uebergross-sherpa-tragbare-decke-mit-reissverschluss-gesehen-auf-shark-tank-einheitsgroesse\/"},"modified":"2023-04-11T02:44:43","modified_gmt":"2023-04-11T00:44:43","slug":"the-comfy-teddy-bear-uebergross-sherpa-tragbare-decke-mit-reissverschluss-gesehen-auf-shark-tank-einheitsgroesse","status":"publish","type":"product","link":"https:\/\/marktxxl.de\/markt\/produkt\/the-comfy-teddy-bear-uebergross-sherpa-tragbare-decke-mit-reissverschluss-gesehen-auf-shark-tank-einheitsgroesse\/","title":{"rendered":"THE COMFY Teddy Bear | \u00dcbergro\u00df Sherpa Tragbare Decke mit Rei\u00dfverschluss, Gesehen auf Shark Tank, Einheitsgr\u00f6\u00dfe"},"content":{"rendered":"<p>SOFT SHERPA WEARABLE BLANKET + ZIPPER: Dies ist unsere gr\u00f6\u00dfte, flauschigste und vielleicht spa\u00dfigste tragbare Decke und wird jetzt mit einem Rei\u00dfverschluss geliefert! Mit dem Viertelrei\u00dfverschluss k\u00f6nnen Sie flexibel steuern, wie hei\u00df es sein soll, und k\u00f6nnen problemlos \u00fcber Ihren Kopf gleiten. So bleiben Ihre Haare und Ihr Make-up frisch. Kuscheln Sie sich in diesen Ball der Weichheit, um warm zu bleiben und zu l\u00e4cheln, egal wo Sie sind oder was Sie tun.<br \/>\nMODE TRIFFT AUF KOMFORT: F\u00fchlen Sie sich in diesem \u00fcbergro\u00dfen Design stilvoll, ohne auf Komfort verzichten zu m\u00fcssen! Inspiriert von trendigen Teddy-Jacken s\u00e4umt ein \u00fcppiger, hochwertiger Sherpa von au\u00dfen und innen, sodass Sie das Gef\u00fchl haben, von einer Wolke umarmt zu werden. Ziehen Sie Ihre Beine hinein, klappen Sie die Kapuze hoch oder gehen Sie frei herum, w\u00e4hrend Sie die W\u00e4rme Ihrer Decke tragen, wohin Sie auch gehen.<br \/>\nMACHT EIN GROSSES GESCHENK f\u00fcr M\u00fctter, V\u00e4ter, Ehefrauen, Ehem\u00e4nner, Schwestern, Br\u00fcder, Cousins, Freunde und Studenten am Muttertag, Vatertag, 4. Juli, Weihnachten, Ostern, Valentinstag, Erntedankfest, Silvester, Geburtstagen, Brautduschen , Hochzeiten, Jubil\u00e4en, Schulanfang, Abschluss &amp; Hauptgeschenk. Sie k\u00f6nnen nichts falsch machen, wenn Sie dies verschenken!<br \/>\nEINE GR\u00d6SSE PASST F\u00dcR ALLE: Es ist riesig und soll es auch sein! Wir haben mit einem 5XL f\u00fcr M\u00e4nner angefangen und sind von da an nur noch gr\u00f6\u00dfer geworden. Das gro\u00dfe, \u00fcbergro\u00dfe, komfortable Design passt hervorragend zu fast allen Formen und Gr\u00f6\u00dfen. W\u00e4hlen Sie einfach eine Farbe und machen Sie es sich bequem!<br \/>\nEIGENSCHAFTEN &amp; PFLEGEFREIES WASCHEN: Die riesige Kapuze und Tasche h\u00e4lt Kopf und H\u00e4nde warm. Halten Sie das, was Sie brauchen, in der Tasche. Waschen? Einfach! Einfach kalt waschen und dann bei niedriger Temperatur separat im Trockner trocknen &#8211; es kommt wie neu heraus! 100% Polyester.<br \/>\n<div class=\"main-cross-sell\" data-asin=\"B08LN8SP9W\">\n\n\t<div class=\"WooZone-cross-sell-loader\">\n\t\t<div>\n\t\t\t<div id=\"floatingBarsG\">\n\t\t\t\t<div class=\"blockG\" id=\"rotateG_01\"><\/div>\n\t\t\t\t<div class=\"blockG\" id=\"rotateG_02\"><\/div>\n\t\t\t\t<div class=\"blockG\" id=\"rotateG_03\"><\/div>\n\t\t\t\t<div class=\"blockG\" id=\"rotateG_04\"><\/div>\n\t\t\t\t<div class=\"blockG\" id=\"rotateG_05\"><\/div>\n\t\t\t\t<div class=\"blockG\" id=\"rotateG_06\"><\/div>\n\t\t\t\t<div class=\"blockG\" id=\"rotateG_07\"><\/div>\n\t\t\t\t<div class=\"blockG\" id=\"rotateG_08\"><\/div>\n\t\t\t<\/div>\n\t\t\t<div class=\"WooZone-cross-sell-loader-text\"><\/div>\n\t\t<\/div>\n\t<\/div>\n\n\t\t\n<\/div>\n<div style=\"clear:both;\"><\/div><\/p>\n","protected":false},"excerpt":{"rendered":"<p>SOFT SHERPA WEARABLE BLANKET + ZIPPER: Dies ist unsere gr\u00f6\u00dfte, flauschigste und vielleicht spa\u00dfigste tragbare Decke und wird jetzt mit einem Rei\u00dfverschluss geliefert! Mit dem Viertelrei\u00dfverschluss k\u00f6nnen Sie flexibel steuern, wie hei\u00df es sein soll, und k\u00f6nnen problemlos \u00fcber Ihren Kopf gleiten. So bleiben Ihre Haare und Ihr Make-up frisch. Kuscheln Sie sich in diesen Ball der Weichheit, um warm zu bleiben und zu l\u00e4cheln, egal wo Sie sind oder was Sie tun.<br \/>\nMODE TRIFFT AUF KOMFORT: F\u00fchlen Sie sich in diesem \u00fcbergro\u00dfen Design stilvoll, ohne auf Komfort verzichten zu m\u00fcssen! Inspiriert von trendigen Teddy-Jacken s\u00e4umt ein \u00fcppiger, hochwertiger Sherpa von au\u00dfen und innen, sodass Sie das Gef\u00fchl haben, von einer Wolke umarmt zu werden. Ziehen Sie Ihre Beine hinein, klappen Sie die Kapuze hoch oder gehen Sie frei herum, w\u00e4hrend Sie die W\u00e4rme Ihrer Decke tragen, wohin Sie auch gehen.<br \/>\nMACHT EIN GROSSES GESCHENK f\u00fcr M\u00fctter, V\u00e4ter, Ehefrauen, Ehem\u00e4nner, Schwestern, Br\u00fcder, Cousins, Freunde und Studenten am Muttertag, Vatertag, 4. Juli, Weihnachten, Ostern, Valentinstag, Erntedankfest, Silvester, Geburtstagen, Brautduschen , Hochzeiten, Jubil\u00e4en, Schulanfang, Abschluss &amp; Hauptgeschenk. Sie k\u00f6nnen nichts falsch machen, wenn Sie dies verschenken!<\/p>\n","protected":false},"featured_media":71782,"comment_status":"open","ping_status":"closed","template":"","meta":[],"product_brand":[],"product_cat":[1186,3920],"product_tag":[],"class_list":{"0":"post-71781","1":"product","2":"type-product","3":"status-publish","4":"has-post-thumbnail","6":"product_cat-bekleidung","7":"product_cat-damen","8":"pa_brand-the-comfy","9":"pa_manufacturer-the-comfy","11":"first","12":"instock","13":"shipping-taxable","14":"purchasable","15":"product-type-simple","16":"customify-col","17":"product-has-gallery"},"yoast_head":"<!-- This site is optimized with the Yoast SEO plugin v27.4 - https:\/\/yoast.com\/product\/yoast-seo-wordpress\/ -->\n<title>THE COMFY Teddy Bear | \u00dcbergro\u00df Sherpa Tragbare Decke mit Rei\u00dfverschluss, Gesehen auf Shark Tank, Einheitsgr\u00f6\u00dfe - Markt-XXL<\/title>\n<meta name=\"description\" content=\"Markt-XXL THE COMFY Teddy Bear | \u00dcbergro\u00df Sherpa Tragbare Decke mit Rei\u00dfverschluss, Gesehen auf Shark Tank, Einheitsgr\u00f6\u00dfe\" \/>\n<meta name=\"robots\" content=\"index, follow, max-snippet:-1, max-image-preview:large, max-video-preview:-1\" \/>\n<link rel=\"canonical\" href=\"https:\/\/marktxxl.de\/markt\/produkt\/the-comfy-teddy-bear-uebergross-sherpa-tragbare-decke-mit-reissverschluss-gesehen-auf-shark-tank-einheitsgroesse\/\" \/>\n<meta property=\"og:locale\" content=\"de_DE\" \/>\n<meta property=\"og:type\" content=\"article\" \/>\n<meta property=\"og:title\" content=\"THE COMFY Teddy Bear | \u00dcbergro\u00df Sherpa Tragbare Decke mit Rei\u00dfverschluss, Gesehen auf Shark Tank, Einheitsgr\u00f6\u00dfe - Markt-XXL\" \/>\n<meta property=\"og:description\" content=\"Markt-XXL THE COMFY Teddy Bear | \u00dcbergro\u00df Sherpa Tragbare Decke mit Rei\u00dfverschluss, Gesehen auf Shark Tank, Einheitsgr\u00f6\u00dfe\" \/>\n<meta property=\"og:url\" content=\"https:\/\/marktxxl.de\/markt\/produkt\/the-comfy-teddy-bear-uebergross-sherpa-tragbare-decke-mit-reissverschluss-gesehen-auf-shark-tank-einheitsgroesse\/\" \/>\n<meta property=\"og:site_name\" content=\"Markt-XXL\" \/>\n<meta property=\"article:modified_time\" content=\"2023-04-11T00:44:43+00:00\" \/>\n<meta property=\"og:image\" content=\"https:\/\/m.media-amazon.com\/images\/I\/51bnwUwe+rL._SL500_.jpg\" \/>\n\t<meta property=\"og:image:width\" content=\"500\" \/>\n\t<meta property=\"og:image:height\" content=\"500\" \/>\n\t<meta property=\"og:image:type\" content=\"image\/jpeg\" \/>\n<meta name=\"twitter:card\" content=\"summary_large_image\" \/>\n<meta name=\"twitter:label1\" content=\"Gesch\u00e4tzte Lesezeit\" \/>\n\t<meta name=\"twitter:data1\" content=\"2\u00a0Minuten\" \/>\n<script type=\"application\/ld+json\" class=\"yoast-schema-graph\">{\"@context\":\"https:\\\/\\\/schema.org\",\"@graph\":[{\"@type\":\"WebPage\",\"@id\":\"https:\\\/\\\/marktxxl.de\\\/markt\\\/produkt\\\/the-comfy-teddy-bear-uebergross-sherpa-tragbare-decke-mit-reissverschluss-gesehen-auf-shark-tank-einheitsgroesse\\\/\",\"url\":\"https:\\\/\\\/marktxxl.de\\\/markt\\\/produkt\\\/the-comfy-teddy-bear-uebergross-sherpa-tragbare-decke-mit-reissverschluss-gesehen-auf-shark-tank-einheitsgroesse\\\/\",\"name\":\"THE COMFY Teddy Bear | \u00dcbergro\u00df Sherpa Tragbare Decke mit Rei\u00dfverschluss, Gesehen auf Shark Tank, Einheitsgr\u00f6\u00dfe - Markt-XXL\",\"isPartOf\":{\"@id\":\"https:\\\/\\\/marktxxl.de\\\/markt\\\/#website\"},\"primaryImageOfPage\":{\"@id\":\"https:\\\/\\\/marktxxl.de\\\/markt\\\/produkt\\\/the-comfy-teddy-bear-uebergross-sherpa-tragbare-decke-mit-reissverschluss-gesehen-auf-shark-tank-einheitsgroesse\\\/#primaryimage\"},\"image\":{\"@id\":\"https:\\\/\\\/marktxxl.de\\\/markt\\\/produkt\\\/the-comfy-teddy-bear-uebergross-sherpa-tragbare-decke-mit-reissverschluss-gesehen-auf-shark-tank-einheitsgroesse\\\/#primaryimage\"},\"thumbnailUrl\":\"https:\\\/\\\/m.media-amazon.com\\\/images\\\/I\\\/51bnwUwe+rL._SL500_.jpg\",\"datePublished\":\"2021-11-12T22:18:37+00:00\",\"dateModified\":\"2023-04-11T00:44:43+00:00\",\"description\":\"Markt-XXL THE COMFY Teddy Bear | \u00dcbergro\u00df Sherpa Tragbare Decke mit Rei\u00dfverschluss, Gesehen auf Shark Tank, Einheitsgr\u00f6\u00dfe\",\"breadcrumb\":{\"@id\":\"https:\\\/\\\/marktxxl.de\\\/markt\\\/produkt\\\/the-comfy-teddy-bear-uebergross-sherpa-tragbare-decke-mit-reissverschluss-gesehen-auf-shark-tank-einheitsgroesse\\\/#breadcrumb\"},\"inLanguage\":\"de\",\"potentialAction\":[{\"@type\":\"ReadAction\",\"target\":[\"https:\\\/\\\/marktxxl.de\\\/markt\\\/produkt\\\/the-comfy-teddy-bear-uebergross-sherpa-tragbare-decke-mit-reissverschluss-gesehen-auf-shark-tank-einheitsgroesse\\\/\"]}]},{\"@type\":\"ImageObject\",\"inLanguage\":\"de\",\"@id\":\"https:\\\/\\\/marktxxl.de\\\/markt\\\/produkt\\\/the-comfy-teddy-bear-uebergross-sherpa-tragbare-decke-mit-reissverschluss-gesehen-auf-shark-tank-einheitsgroesse\\\/#primaryimage\",\"url\":\"https:\\\/\\\/m.media-amazon.com\\\/images\\\/I\\\/51bnwUwe+rL._SL500_.jpg\",\"contentUrl\":\"https:\\\/\\\/m.media-amazon.com\\\/images\\\/I\\\/51bnwUwe+rL._SL500_.jpg\",\"width\":500,\"height\":500},{\"@type\":\"BreadcrumbList\",\"@id\":\"https:\\\/\\\/marktxxl.de\\\/markt\\\/produkt\\\/the-comfy-teddy-bear-uebergross-sherpa-tragbare-decke-mit-reissverschluss-gesehen-auf-shark-tank-einheitsgroesse\\\/#breadcrumb\",\"itemListElement\":[{\"@type\":\"ListItem\",\"position\":1,\"name\":\"Startseite\",\"item\":\"https:\\\/\\\/marktxxl.de\\\/markt\\\/\"},{\"@type\":\"ListItem\",\"position\":2,\"name\":\"Markt\",\"item\":\"https:\\\/\\\/marktxxl.de\\\/markt\\\/\"},{\"@type\":\"ListItem\",\"position\":3,\"name\":\"THE COMFY Teddy Bear | \u00dcbergro\u00df Sherpa Tragbare Decke mit Rei\u00dfverschluss, Gesehen auf Shark Tank, Einheitsgr\u00f6\u00dfe\"}]},{\"@type\":\"WebSite\",\"@id\":\"https:\\\/\\\/marktxxl.de\\\/markt\\\/#website\",\"url\":\"https:\\\/\\\/marktxxl.de\\\/markt\\\/\",\"name\":\"Markt-XXL\",\"description\":\"Ihr Markt Online\",\"publisher\":{\"@id\":\"https:\\\/\\\/marktxxl.de\\\/markt\\\/#organization\"},\"potentialAction\":[{\"@type\":\"SearchAction\",\"target\":{\"@type\":\"EntryPoint\",\"urlTemplate\":\"https:\\\/\\\/marktxxl.de\\\/markt\\\/?s={search_term_string}\"},\"query-input\":{\"@type\":\"PropertyValueSpecification\",\"valueRequired\":true,\"valueName\":\"search_term_string\"}}],\"inLanguage\":\"de\"},{\"@type\":\"Organization\",\"@id\":\"https:\\\/\\\/marktxxl.de\\\/markt\\\/#organization\",\"name\":\"Markt-XXL\",\"url\":\"https:\\\/\\\/marktxxl.de\\\/markt\\\/\",\"logo\":{\"@type\":\"ImageObject\",\"inLanguage\":\"de\",\"@id\":\"https:\\\/\\\/marktxxl.de\\\/markt\\\/#\\\/schema\\\/logo\\\/image\\\/\",\"url\":\"https:\\\/\\\/marktxxl.de\\\/markt\\\/wp-content\\\/uploads\\\/sites\\\/3\\\/2020\\\/12\\\/logo.png\",\"contentUrl\":\"https:\\\/\\\/marktxxl.de\\\/markt\\\/wp-content\\\/uploads\\\/sites\\\/3\\\/2020\\\/12\\\/logo.png\",\"width\":200,\"height\":70,\"caption\":\"Markt-XXL\"},\"image\":{\"@id\":\"https:\\\/\\\/marktxxl.de\\\/markt\\\/#\\\/schema\\\/logo\\\/image\\\/\"}}]}<\/script>\n<!-- \/ Yoast SEO plugin. -->","yoast_head_json":{"title":"THE COMFY Teddy Bear | \u00dcbergro\u00df Sherpa Tragbare Decke mit Rei\u00dfverschluss, Gesehen auf Shark Tank, Einheitsgr\u00f6\u00dfe - Markt-XXL","description":"Markt-XXL THE COMFY Teddy Bear | \u00dcbergro\u00df Sherpa Tragbare Decke mit Rei\u00dfverschluss, Gesehen auf Shark Tank, Einheitsgr\u00f6\u00dfe","robots":{"index":"index","follow":"follow","max-snippet":"max-snippet:-1","max-image-preview":"max-image-preview:large","max-video-preview":"max-video-preview:-1"},"canonical":"https:\/\/marktxxl.de\/markt\/produkt\/the-comfy-teddy-bear-uebergross-sherpa-tragbare-decke-mit-reissverschluss-gesehen-auf-shark-tank-einheitsgroesse\/","og_locale":"de_DE","og_type":"article","og_title":"THE COMFY Teddy Bear | \u00dcbergro\u00df Sherpa Tragbare Decke mit Rei\u00dfverschluss, Gesehen auf Shark Tank, Einheitsgr\u00f6\u00dfe - Markt-XXL","og_description":"Markt-XXL THE COMFY Teddy Bear | \u00dcbergro\u00df Sherpa Tragbare Decke mit Rei\u00dfverschluss, Gesehen auf Shark Tank, Einheitsgr\u00f6\u00dfe","og_url":"https:\/\/marktxxl.de\/markt\/produkt\/the-comfy-teddy-bear-uebergross-sherpa-tragbare-decke-mit-reissverschluss-gesehen-auf-shark-tank-einheitsgroesse\/","og_site_name":"Markt-XXL","article_modified_time":"2023-04-11T00:44:43+00:00","og_image":[{"width":500,"height":500,"url":"https:\/\/m.media-amazon.com\/images\/I\/51bnwUwe+rL._SL500_.jpg","type":"image\/jpeg"}],"twitter_card":"summary_large_image","twitter_misc":{"Gesch\u00e4tzte Lesezeit":"2\u00a0Minuten"},"schema":{"@context":"https:\/\/schema.org","@graph":[{"@type":"WebPage","@id":"https:\/\/marktxxl.de\/markt\/produkt\/the-comfy-teddy-bear-uebergross-sherpa-tragbare-decke-mit-reissverschluss-gesehen-auf-shark-tank-einheitsgroesse\/","url":"https:\/\/marktxxl.de\/markt\/produkt\/the-comfy-teddy-bear-uebergross-sherpa-tragbare-decke-mit-reissverschluss-gesehen-auf-shark-tank-einheitsgroesse\/","name":"THE COMFY Teddy Bear | \u00dcbergro\u00df Sherpa Tragbare Decke mit Rei\u00dfverschluss, Gesehen auf Shark Tank, Einheitsgr\u00f6\u00dfe - Markt-XXL","isPartOf":{"@id":"https:\/\/marktxxl.de\/markt\/#website"},"primaryImageOfPage":{"@id":"https:\/\/marktxxl.de\/markt\/produkt\/the-comfy-teddy-bear-uebergross-sherpa-tragbare-decke-mit-reissverschluss-gesehen-auf-shark-tank-einheitsgroesse\/#primaryimage"},"image":{"@id":"https:\/\/marktxxl.de\/markt\/produkt\/the-comfy-teddy-bear-uebergross-sherpa-tragbare-decke-mit-reissverschluss-gesehen-auf-shark-tank-einheitsgroesse\/#primaryimage"},"thumbnailUrl":"https:\/\/m.media-amazon.com\/images\/I\/51bnwUwe+rL._SL500_.jpg","datePublished":"2021-11-12T22:18:37+00:00","dateModified":"2023-04-11T00:44:43+00:00","description":"Markt-XXL THE COMFY Teddy Bear | \u00dcbergro\u00df Sherpa Tragbare Decke mit Rei\u00dfverschluss, Gesehen auf Shark Tank, Einheitsgr\u00f6\u00dfe","breadcrumb":{"@id":"https:\/\/marktxxl.de\/markt\/produkt\/the-comfy-teddy-bear-uebergross-sherpa-tragbare-decke-mit-reissverschluss-gesehen-auf-shark-tank-einheitsgroesse\/#breadcrumb"},"inLanguage":"de","potentialAction":[{"@type":"ReadAction","target":["https:\/\/marktxxl.de\/markt\/produkt\/the-comfy-teddy-bear-uebergross-sherpa-tragbare-decke-mit-reissverschluss-gesehen-auf-shark-tank-einheitsgroesse\/"]}]},{"@type":"ImageObject","inLanguage":"de","@id":"https:\/\/marktxxl.de\/markt\/produkt\/the-comfy-teddy-bear-uebergross-sherpa-tragbare-decke-mit-reissverschluss-gesehen-auf-shark-tank-einheitsgroesse\/#primaryimage","url":"https:\/\/m.media-amazon.com\/images\/I\/51bnwUwe+rL._SL500_.jpg","contentUrl":"https:\/\/m.media-amazon.com\/images\/I\/51bnwUwe+rL._SL500_.jpg","width":500,"height":500},{"@type":"BreadcrumbList","@id":"https:\/\/marktxxl.de\/markt\/produkt\/the-comfy-teddy-bear-uebergross-sherpa-tragbare-decke-mit-reissverschluss-gesehen-auf-shark-tank-einheitsgroesse\/#breadcrumb","itemListElement":[{"@type":"ListItem","position":1,"name":"Startseite","item":"https:\/\/marktxxl.de\/markt\/"},{"@type":"ListItem","position":2,"name":"Markt","item":"https:\/\/marktxxl.de\/markt\/"},{"@type":"ListItem","position":3,"name":"THE COMFY Teddy Bear | \u00dcbergro\u00df Sherpa Tragbare Decke mit Rei\u00dfverschluss, Gesehen auf Shark Tank, Einheitsgr\u00f6\u00dfe"}]},{"@type":"WebSite","@id":"https:\/\/marktxxl.de\/markt\/#website","url":"https:\/\/marktxxl.de\/markt\/","name":"Markt-XXL","description":"Ihr Markt Online","publisher":{"@id":"https:\/\/marktxxl.de\/markt\/#organization"},"potentialAction":[{"@type":"SearchAction","target":{"@type":"EntryPoint","urlTemplate":"https:\/\/marktxxl.de\/markt\/?s={search_term_string}"},"query-input":{"@type":"PropertyValueSpecification","valueRequired":true,"valueName":"search_term_string"}}],"inLanguage":"de"},{"@type":"Organization","@id":"https:\/\/marktxxl.de\/markt\/#organization","name":"Markt-XXL","url":"https:\/\/marktxxl.de\/markt\/","logo":{"@type":"ImageObject","inLanguage":"de","@id":"https:\/\/marktxxl.de\/markt\/#\/schema\/logo\/image\/","url":"https:\/\/marktxxl.de\/markt\/wp-content\/uploads\/sites\/3\/2020\/12\/logo.png","contentUrl":"https:\/\/marktxxl.de\/markt\/wp-content\/uploads\/sites\/3\/2020\/12\/logo.png","width":200,"height":70,"caption":"Markt-XXL"},"image":{"@id":"https:\/\/marktxxl.de\/markt\/#\/schema\/logo\/image\/"}}]}},"_links":{"self":[{"href":"https:\/\/marktxxl.de\/markt\/wp-json\/wp\/v2\/product\/71781","targetHints":{"allow":["GET"]}}],"collection":[{"href":"https:\/\/marktxxl.de\/markt\/wp-json\/wp\/v2\/product"}],"about":[{"href":"https:\/\/marktxxl.de\/markt\/wp-json\/wp\/v2\/types\/product"}],"replies":[{"embeddable":true,"href":"https:\/\/marktxxl.de\/markt\/wp-json\/wp\/v2\/comments?post=71781"}],"wp:featuredmedia":[{"embeddable":true,"href":"https:\/\/marktxxl.de\/markt\/wp-json\/wp\/v2\/media\/71782"}],"wp:attachment":[{"href":"https:\/\/marktxxl.de\/markt\/wp-json\/wp\/v2\/media?parent=71781"}],"wp:term":[{"taxonomy":"product_brand","embeddable":true,"href":"https:\/\/marktxxl.de\/markt\/wp-json\/wp\/v2\/product_brand?post=71781"},{"taxonomy":"product_cat","embeddable":true,"href":"https:\/\/marktxxl.de\/markt\/wp-json\/wp\/v2\/product_cat?post=71781"},{"taxonomy":"product_tag","embeddable":true,"href":"https:\/\/marktxxl.de\/markt\/wp-json\/wp\/v2\/product_tag?post=71781"}],"curies":[{"name":"wp","href":"https:\/\/api.w.org\/{rel}","templated":true}]}}