{"id":71700,"date":"2021-11-12T23:15:21","date_gmt":"2021-11-12T22:15:21","guid":{"rendered":"https:\/\/marktxxl.de\/markt\/produkt\/wandf-kulturbeutel-herren-rucksack-damen-kosmetiktasche-waschtasche-fuer-maenner-frauen-in-premium-qualitaet\/"},"modified":"2023-04-11T02:44:42","modified_gmt":"2023-04-11T00:44:42","slug":"wandf-kulturbeutel-herren-rucksack-damen-kosmetiktasche-waschtasche-fuer-maenner-frauen-in-premium-qualitaet","status":"publish","type":"product","link":"https:\/\/marktxxl.de\/markt\/produkt\/wandf-kulturbeutel-herren-rucksack-damen-kosmetiktasche-waschtasche-fuer-maenner-frauen-in-premium-qualitaet\/","title":{"rendered":"WANDF Kulturbeutel Herren Rucksack Damen Kosmetiktasche Waschtasche f\u00fcr M\u00e4nner &amp; Frauen in Premium Qualit\u00e4t (A &#8211; Denim\u2026"},"content":{"rendered":"<p>? Premium-Qualit\u00e4t \u2013 wasserabweisend, langlebig, ultraleichtes Nylongewebe, atmungsaktives Netzgewebe, SBS-Rei\u00dfverschl\u00fcsse. Mit sauberen N\u00e4hten und starkem Rei\u00dfverschluss aus Zinklegierung machen das Toilettenartikel-Set super tragbar. Der seitliche Griff macht die Reisetaschen f\u00fcr Toilettenartikel einfach zu tragen.<br \/>\nSuper leicht und einfach zu tragen \u2013 dieser Kulturbeutel ist ultraleicht (nur 102 g). Es ist klein eingepackt und kann fast \u00fcberall verstaut werden, w\u00e4hrend es eine gro\u00dfe Kapazit\u00e4t hat, um fast alle Ihre Toilettenartikel f\u00fcr eine kleine Reise zu tragen.<br \/>\nOrganisierte F\u00e4cher \u2013 Hauptfach f\u00fcr gr\u00f6\u00dfere Gegenst\u00e4nde wie Shampoo-Flaschen oder Rasiercreme. Eine Netztasche mit Rei\u00dfverschluss h\u00e4lt Ihre kleineren Toilettenartikel und Kosmetika sichtbar und atmungsaktiv. Andere seitliche Fronttasche mit Rei\u00dfverschluss, die zus\u00e4tzlichen Stauraum mit Leichtigkeit bietet.<br \/>\nPraktische Mehrzwecktasche \u2013 Es wurde f\u00fcr M\u00e4nner und Frauen entwickelt und ist eine extrem vielseitige Reisetasche, die als traditionelle Kulturbeutel, Make-up oder Rasierset verwendet werden kann, ein sicherer Ort zum Aufbewahren Ihrer Gesundheitsgegenst\u00e4nde w\u00e4hrend der Reise, oder sie kann als Handgep\u00e4cktasche verwendet werden.<br \/>\n?100% Zufriedenheit und Geld-zur\u00fcck-Garantie: Bitte z\u00f6gern Sie nicht, uns zu kontaktieren, wenn Sie Qualit\u00e4tsprobleme treffen, bieten wir 1 Jahr Garantie und lebenslangen Kundenservice, Garantie 30 Tage R\u00fcckgabe und Geld-zur\u00fcck-Garantie<br \/>\n<div class=\"main-cross-sell\" data-asin=\"B07VJ48LY3\">\n\n\t<div class=\"WooZone-cross-sell-loader\">\n\t\t<div>\n\t\t\t<div id=\"floatingBarsG\">\n\t\t\t\t<div class=\"blockG\" id=\"rotateG_01\"><\/div>\n\t\t\t\t<div class=\"blockG\" id=\"rotateG_02\"><\/div>\n\t\t\t\t<div class=\"blockG\" id=\"rotateG_03\"><\/div>\n\t\t\t\t<div class=\"blockG\" id=\"rotateG_04\"><\/div>\n\t\t\t\t<div class=\"blockG\" id=\"rotateG_05\"><\/div>\n\t\t\t\t<div class=\"blockG\" id=\"rotateG_06\"><\/div>\n\t\t\t\t<div class=\"blockG\" id=\"rotateG_07\"><\/div>\n\t\t\t\t<div class=\"blockG\" id=\"rotateG_08\"><\/div>\n\t\t\t<\/div>\n\t\t\t<div class=\"WooZone-cross-sell-loader-text\"><\/div>\n\t\t<\/div>\n\t<\/div>\n\n\t\t\n<\/div>\n<div style=\"clear:both;\"><\/div><\/p>\n","protected":false},"excerpt":{"rendered":"<p>? Premium-Qualit\u00e4t \u2013 wasserabweisend, langlebig, ultraleichtes Nylongewebe, atmungsaktives Netzgewebe, SBS-Rei\u00dfverschl\u00fcsse. Mit sauberen N\u00e4hten und starkem Rei\u00dfverschluss aus Zinklegierung machen das Toilettenartikel-Set super tragbar. Der seitliche Griff macht die Reisetaschen f\u00fcr Toilettenartikel einfach zu tragen.<br \/>\nSuper leicht und einfach zu tragen \u2013 dieser Kulturbeutel ist ultraleicht (nur 102 g). Es ist klein eingepackt und kann fast \u00fcberall verstaut werden, w\u00e4hrend es eine gro\u00dfe Kapazit\u00e4t hat, um fast alle Ihre Toilettenartikel f\u00fcr eine kleine Reise zu tragen.<br \/>\nOrganisierte F\u00e4cher \u2013 Hauptfach f\u00fcr gr\u00f6\u00dfere Gegenst\u00e4nde wie Shampoo-Flaschen oder Rasiercreme. Eine Netztasche mit Rei\u00dfverschluss h\u00e4lt Ihre kleineren Toilettenartikel und Kosmetika sichtbar und atmungsaktiv. Andere seitliche Fronttasche mit Rei\u00dfverschluss, die zus\u00e4tzlichen Stauraum mit Leichtigkeit bietet.<\/p>\n","protected":false},"featured_media":71701,"comment_status":"open","ping_status":"closed","template":"","meta":[],"product_brand":[],"product_cat":[2858,7726],"product_tag":[],"class_list":{"0":"post-71700","1":"product","2":"type-product","3":"status-publish","4":"has-post-thumbnail","6":"product_cat-beauty","7":"product_cat-zubehoer-beauty","8":"pa_binding-misc","9":"pa_brand-wandf","10":"pa_manufacturer-wandf","12":"first","13":"instock","14":"shipping-taxable","15":"purchasable","16":"product-type-simple","17":"customify-col","18":"product-has-gallery"},"yoast_head":"<!-- This site is optimized with the Yoast SEO plugin v27.4 - https:\/\/yoast.com\/product\/yoast-seo-wordpress\/ -->\n<title>WANDF Kulturbeutel Herren Rucksack Damen Kosmetiktasche Waschtasche f\u00fcr M\u00e4nner &amp; Frauen in Premium Qualit\u00e4t (A - Denim\u2026 - Markt-XXL<\/title>\n<meta name=\"description\" content=\"Markt-XXL WANDF Kulturbeutel Herren Rucksack Damen Kosmetiktasche Waschtasche f\u00fcr M\u00e4nner &amp; Frauen in Premium Qualit\u00e4t (A - Denim\u2026\" \/>\n<meta name=\"robots\" content=\"index, follow, max-snippet:-1, max-image-preview:large, max-video-preview:-1\" \/>\n<link rel=\"canonical\" href=\"https:\/\/marktxxl.de\/markt\/produkt\/wandf-kulturbeutel-herren-rucksack-damen-kosmetiktasche-waschtasche-fuer-maenner-frauen-in-premium-qualitaet\/\" \/>\n<meta property=\"og:locale\" content=\"de_DE\" \/>\n<meta property=\"og:type\" content=\"article\" \/>\n<meta property=\"og:title\" content=\"WANDF Kulturbeutel Herren Rucksack Damen Kosmetiktasche Waschtasche f\u00fcr M\u00e4nner &amp; Frauen in Premium Qualit\u00e4t (A - Denim\u2026 - Markt-XXL\" \/>\n<meta property=\"og:description\" content=\"Markt-XXL WANDF Kulturbeutel Herren Rucksack Damen Kosmetiktasche Waschtasche f\u00fcr M\u00e4nner &amp; Frauen in Premium Qualit\u00e4t (A - Denim\u2026\" \/>\n<meta property=\"og:url\" content=\"https:\/\/marktxxl.de\/markt\/produkt\/wandf-kulturbeutel-herren-rucksack-damen-kosmetiktasche-waschtasche-fuer-maenner-frauen-in-premium-qualitaet\/\" \/>\n<meta property=\"og:site_name\" content=\"Markt-XXL\" \/>\n<meta property=\"article:modified_time\" content=\"2023-04-11T00:44:42+00:00\" \/>\n<meta property=\"og:image\" content=\"https:\/\/m.media-amazon.com\/images\/I\/514vnInlCuL._SL500_.jpg\" \/>\n\t<meta property=\"og:image:width\" content=\"500\" \/>\n\t<meta property=\"og:image:height\" content=\"500\" \/>\n\t<meta property=\"og:image:type\" content=\"image\/jpeg\" \/>\n<meta name=\"twitter:card\" content=\"summary_large_image\" \/>\n<meta name=\"twitter:label1\" content=\"Gesch\u00e4tzte Lesezeit\" \/>\n\t<meta name=\"twitter:data1\" content=\"1\u00a0Minute\" \/>\n<script type=\"application\/ld+json\" class=\"yoast-schema-graph\">{\"@context\":\"https:\\\/\\\/schema.org\",\"@graph\":[{\"@type\":\"WebPage\",\"@id\":\"https:\\\/\\\/marktxxl.de\\\/markt\\\/produkt\\\/wandf-kulturbeutel-herren-rucksack-damen-kosmetiktasche-waschtasche-fuer-maenner-frauen-in-premium-qualitaet\\\/\",\"url\":\"https:\\\/\\\/marktxxl.de\\\/markt\\\/produkt\\\/wandf-kulturbeutel-herren-rucksack-damen-kosmetiktasche-waschtasche-fuer-maenner-frauen-in-premium-qualitaet\\\/\",\"name\":\"WANDF Kulturbeutel Herren Rucksack Damen Kosmetiktasche Waschtasche f\u00fcr M\u00e4nner &amp; Frauen in Premium Qualit\u00e4t (A - Denim\u2026 - Markt-XXL\",\"isPartOf\":{\"@id\":\"https:\\\/\\\/marktxxl.de\\\/markt\\\/#website\"},\"primaryImageOfPage\":{\"@id\":\"https:\\\/\\\/marktxxl.de\\\/markt\\\/produkt\\\/wandf-kulturbeutel-herren-rucksack-damen-kosmetiktasche-waschtasche-fuer-maenner-frauen-in-premium-qualitaet\\\/#primaryimage\"},\"image\":{\"@id\":\"https:\\\/\\\/marktxxl.de\\\/markt\\\/produkt\\\/wandf-kulturbeutel-herren-rucksack-damen-kosmetiktasche-waschtasche-fuer-maenner-frauen-in-premium-qualitaet\\\/#primaryimage\"},\"thumbnailUrl\":\"https:\\\/\\\/m.media-amazon.com\\\/images\\\/I\\\/514vnInlCuL._SL500_.jpg\",\"datePublished\":\"2021-11-12T22:15:21+00:00\",\"dateModified\":\"2023-04-11T00:44:42+00:00\",\"description\":\"Markt-XXL WANDF Kulturbeutel Herren Rucksack Damen Kosmetiktasche Waschtasche f\u00fcr M\u00e4nner &amp; Frauen in Premium Qualit\u00e4t (A - Denim\u2026\",\"breadcrumb\":{\"@id\":\"https:\\\/\\\/marktxxl.de\\\/markt\\\/produkt\\\/wandf-kulturbeutel-herren-rucksack-damen-kosmetiktasche-waschtasche-fuer-maenner-frauen-in-premium-qualitaet\\\/#breadcrumb\"},\"inLanguage\":\"de\",\"potentialAction\":[{\"@type\":\"ReadAction\",\"target\":[\"https:\\\/\\\/marktxxl.de\\\/markt\\\/produkt\\\/wandf-kulturbeutel-herren-rucksack-damen-kosmetiktasche-waschtasche-fuer-maenner-frauen-in-premium-qualitaet\\\/\"]}]},{\"@type\":\"ImageObject\",\"inLanguage\":\"de\",\"@id\":\"https:\\\/\\\/marktxxl.de\\\/markt\\\/produkt\\\/wandf-kulturbeutel-herren-rucksack-damen-kosmetiktasche-waschtasche-fuer-maenner-frauen-in-premium-qualitaet\\\/#primaryimage\",\"url\":\"https:\\\/\\\/m.media-amazon.com\\\/images\\\/I\\\/514vnInlCuL._SL500_.jpg\",\"contentUrl\":\"https:\\\/\\\/m.media-amazon.com\\\/images\\\/I\\\/514vnInlCuL._SL500_.jpg\",\"width\":500,\"height\":500},{\"@type\":\"BreadcrumbList\",\"@id\":\"https:\\\/\\\/marktxxl.de\\\/markt\\\/produkt\\\/wandf-kulturbeutel-herren-rucksack-damen-kosmetiktasche-waschtasche-fuer-maenner-frauen-in-premium-qualitaet\\\/#breadcrumb\",\"itemListElement\":[{\"@type\":\"ListItem\",\"position\":1,\"name\":\"Startseite\",\"item\":\"https:\\\/\\\/marktxxl.de\\\/markt\\\/\"},{\"@type\":\"ListItem\",\"position\":2,\"name\":\"Markt\",\"item\":\"https:\\\/\\\/marktxxl.de\\\/markt\\\/\"},{\"@type\":\"ListItem\",\"position\":3,\"name\":\"WANDF Kulturbeutel Herren Rucksack Damen Kosmetiktasche Waschtasche f\u00fcr M\u00e4nner &amp; Frauen in Premium Qualit\u00e4t (A &#8211; Denim\u2026\"}]},{\"@type\":\"WebSite\",\"@id\":\"https:\\\/\\\/marktxxl.de\\\/markt\\\/#website\",\"url\":\"https:\\\/\\\/marktxxl.de\\\/markt\\\/\",\"name\":\"Markt-XXL\",\"description\":\"Ihr Markt Online\",\"publisher\":{\"@id\":\"https:\\\/\\\/marktxxl.de\\\/markt\\\/#organization\"},\"potentialAction\":[{\"@type\":\"SearchAction\",\"target\":{\"@type\":\"EntryPoint\",\"urlTemplate\":\"https:\\\/\\\/marktxxl.de\\\/markt\\\/?s={search_term_string}\"},\"query-input\":{\"@type\":\"PropertyValueSpecification\",\"valueRequired\":true,\"valueName\":\"search_term_string\"}}],\"inLanguage\":\"de\"},{\"@type\":\"Organization\",\"@id\":\"https:\\\/\\\/marktxxl.de\\\/markt\\\/#organization\",\"name\":\"Markt-XXL\",\"url\":\"https:\\\/\\\/marktxxl.de\\\/markt\\\/\",\"logo\":{\"@type\":\"ImageObject\",\"inLanguage\":\"de\",\"@id\":\"https:\\\/\\\/marktxxl.de\\\/markt\\\/#\\\/schema\\\/logo\\\/image\\\/\",\"url\":\"https:\\\/\\\/marktxxl.de\\\/markt\\\/wp-content\\\/uploads\\\/sites\\\/3\\\/2020\\\/12\\\/logo.png\",\"contentUrl\":\"https:\\\/\\\/marktxxl.de\\\/markt\\\/wp-content\\\/uploads\\\/sites\\\/3\\\/2020\\\/12\\\/logo.png\",\"width\":200,\"height\":70,\"caption\":\"Markt-XXL\"},\"image\":{\"@id\":\"https:\\\/\\\/marktxxl.de\\\/markt\\\/#\\\/schema\\\/logo\\\/image\\\/\"}}]}<\/script>\n<!-- \/ Yoast SEO plugin. -->","yoast_head_json":{"title":"WANDF Kulturbeutel Herren Rucksack Damen Kosmetiktasche Waschtasche f\u00fcr M\u00e4nner &amp; Frauen in Premium Qualit\u00e4t (A - Denim\u2026 - Markt-XXL","description":"Markt-XXL WANDF Kulturbeutel Herren Rucksack Damen Kosmetiktasche Waschtasche f\u00fcr M\u00e4nner &amp; Frauen in Premium Qualit\u00e4t (A - Denim\u2026","robots":{"index":"index","follow":"follow","max-snippet":"max-snippet:-1","max-image-preview":"max-image-preview:large","max-video-preview":"max-video-preview:-1"},"canonical":"https:\/\/marktxxl.de\/markt\/produkt\/wandf-kulturbeutel-herren-rucksack-damen-kosmetiktasche-waschtasche-fuer-maenner-frauen-in-premium-qualitaet\/","og_locale":"de_DE","og_type":"article","og_title":"WANDF Kulturbeutel Herren Rucksack Damen Kosmetiktasche Waschtasche f\u00fcr M\u00e4nner &amp; Frauen in Premium Qualit\u00e4t (A - Denim\u2026 - Markt-XXL","og_description":"Markt-XXL WANDF Kulturbeutel Herren Rucksack Damen Kosmetiktasche Waschtasche f\u00fcr M\u00e4nner &amp; Frauen in Premium Qualit\u00e4t (A - Denim\u2026","og_url":"https:\/\/marktxxl.de\/markt\/produkt\/wandf-kulturbeutel-herren-rucksack-damen-kosmetiktasche-waschtasche-fuer-maenner-frauen-in-premium-qualitaet\/","og_site_name":"Markt-XXL","article_modified_time":"2023-04-11T00:44:42+00:00","og_image":[{"width":500,"height":500,"url":"https:\/\/m.media-amazon.com\/images\/I\/514vnInlCuL._SL500_.jpg","type":"image\/jpeg"}],"twitter_card":"summary_large_image","twitter_misc":{"Gesch\u00e4tzte Lesezeit":"1\u00a0Minute"},"schema":{"@context":"https:\/\/schema.org","@graph":[{"@type":"WebPage","@id":"https:\/\/marktxxl.de\/markt\/produkt\/wandf-kulturbeutel-herren-rucksack-damen-kosmetiktasche-waschtasche-fuer-maenner-frauen-in-premium-qualitaet\/","url":"https:\/\/marktxxl.de\/markt\/produkt\/wandf-kulturbeutel-herren-rucksack-damen-kosmetiktasche-waschtasche-fuer-maenner-frauen-in-premium-qualitaet\/","name":"WANDF Kulturbeutel Herren Rucksack Damen Kosmetiktasche Waschtasche f\u00fcr M\u00e4nner &amp; Frauen in Premium Qualit\u00e4t (A - Denim\u2026 - Markt-XXL","isPartOf":{"@id":"https:\/\/marktxxl.de\/markt\/#website"},"primaryImageOfPage":{"@id":"https:\/\/marktxxl.de\/markt\/produkt\/wandf-kulturbeutel-herren-rucksack-damen-kosmetiktasche-waschtasche-fuer-maenner-frauen-in-premium-qualitaet\/#primaryimage"},"image":{"@id":"https:\/\/marktxxl.de\/markt\/produkt\/wandf-kulturbeutel-herren-rucksack-damen-kosmetiktasche-waschtasche-fuer-maenner-frauen-in-premium-qualitaet\/#primaryimage"},"thumbnailUrl":"https:\/\/m.media-amazon.com\/images\/I\/514vnInlCuL._SL500_.jpg","datePublished":"2021-11-12T22:15:21+00:00","dateModified":"2023-04-11T00:44:42+00:00","description":"Markt-XXL WANDF Kulturbeutel Herren Rucksack Damen Kosmetiktasche Waschtasche f\u00fcr M\u00e4nner &amp; Frauen in Premium Qualit\u00e4t (A - Denim\u2026","breadcrumb":{"@id":"https:\/\/marktxxl.de\/markt\/produkt\/wandf-kulturbeutel-herren-rucksack-damen-kosmetiktasche-waschtasche-fuer-maenner-frauen-in-premium-qualitaet\/#breadcrumb"},"inLanguage":"de","potentialAction":[{"@type":"ReadAction","target":["https:\/\/marktxxl.de\/markt\/produkt\/wandf-kulturbeutel-herren-rucksack-damen-kosmetiktasche-waschtasche-fuer-maenner-frauen-in-premium-qualitaet\/"]}]},{"@type":"ImageObject","inLanguage":"de","@id":"https:\/\/marktxxl.de\/markt\/produkt\/wandf-kulturbeutel-herren-rucksack-damen-kosmetiktasche-waschtasche-fuer-maenner-frauen-in-premium-qualitaet\/#primaryimage","url":"https:\/\/m.media-amazon.com\/images\/I\/514vnInlCuL._SL500_.jpg","contentUrl":"https:\/\/m.media-amazon.com\/images\/I\/514vnInlCuL._SL500_.jpg","width":500,"height":500},{"@type":"BreadcrumbList","@id":"https:\/\/marktxxl.de\/markt\/produkt\/wandf-kulturbeutel-herren-rucksack-damen-kosmetiktasche-waschtasche-fuer-maenner-frauen-in-premium-qualitaet\/#breadcrumb","itemListElement":[{"@type":"ListItem","position":1,"name":"Startseite","item":"https:\/\/marktxxl.de\/markt\/"},{"@type":"ListItem","position":2,"name":"Markt","item":"https:\/\/marktxxl.de\/markt\/"},{"@type":"ListItem","position":3,"name":"WANDF Kulturbeutel Herren Rucksack Damen Kosmetiktasche Waschtasche f\u00fcr M\u00e4nner &amp; Frauen in Premium Qualit\u00e4t (A &#8211; Denim\u2026"}]},{"@type":"WebSite","@id":"https:\/\/marktxxl.de\/markt\/#website","url":"https:\/\/marktxxl.de\/markt\/","name":"Markt-XXL","description":"Ihr Markt Online","publisher":{"@id":"https:\/\/marktxxl.de\/markt\/#organization"},"potentialAction":[{"@type":"SearchAction","target":{"@type":"EntryPoint","urlTemplate":"https:\/\/marktxxl.de\/markt\/?s={search_term_string}"},"query-input":{"@type":"PropertyValueSpecification","valueRequired":true,"valueName":"search_term_string"}}],"inLanguage":"de"},{"@type":"Organization","@id":"https:\/\/marktxxl.de\/markt\/#organization","name":"Markt-XXL","url":"https:\/\/marktxxl.de\/markt\/","logo":{"@type":"ImageObject","inLanguage":"de","@id":"https:\/\/marktxxl.de\/markt\/#\/schema\/logo\/image\/","url":"https:\/\/marktxxl.de\/markt\/wp-content\/uploads\/sites\/3\/2020\/12\/logo.png","contentUrl":"https:\/\/marktxxl.de\/markt\/wp-content\/uploads\/sites\/3\/2020\/12\/logo.png","width":200,"height":70,"caption":"Markt-XXL"},"image":{"@id":"https:\/\/marktxxl.de\/markt\/#\/schema\/logo\/image\/"}}]}},"_links":{"self":[{"href":"https:\/\/marktxxl.de\/markt\/wp-json\/wp\/v2\/product\/71700","targetHints":{"allow":["GET"]}}],"collection":[{"href":"https:\/\/marktxxl.de\/markt\/wp-json\/wp\/v2\/product"}],"about":[{"href":"https:\/\/marktxxl.de\/markt\/wp-json\/wp\/v2\/types\/product"}],"replies":[{"embeddable":true,"href":"https:\/\/marktxxl.de\/markt\/wp-json\/wp\/v2\/comments?post=71700"}],"wp:featuredmedia":[{"embeddable":true,"href":"https:\/\/marktxxl.de\/markt\/wp-json\/wp\/v2\/media\/71701"}],"wp:attachment":[{"href":"https:\/\/marktxxl.de\/markt\/wp-json\/wp\/v2\/media?parent=71700"}],"wp:term":[{"taxonomy":"product_brand","embeddable":true,"href":"https:\/\/marktxxl.de\/markt\/wp-json\/wp\/v2\/product_brand?post=71700"},{"taxonomy":"product_cat","embeddable":true,"href":"https:\/\/marktxxl.de\/markt\/wp-json\/wp\/v2\/product_cat?post=71700"},{"taxonomy":"product_tag","embeddable":true,"href":"https:\/\/marktxxl.de\/markt\/wp-json\/wp\/v2\/product_tag?post=71700"}],"curies":[{"name":"wp","href":"https:\/\/api.w.org\/{rel}","templated":true}]}}