{"id":71636,"date":"2021-11-12T23:09:38","date_gmt":"2021-11-12T22:09:38","guid":{"rendered":"https:\/\/marktxxl.de\/markt\/produkt\/vaude-kinder-puck-14-rucksaecke\/"},"modified":"2023-04-11T02:44:40","modified_gmt":"2023-04-11T00:44:40","slug":"vaude-kinder-puck-14-rucksaecke","status":"publish","type":"product","link":"https:\/\/marktxxl.de\/markt\/produkt\/vaude-kinder-puck-14-rucksaecke\/","title":{"rendered":"VAUDE Kinder Puck 14 Rucks\u00e4cke"},"content":{"rendered":"<p>Mittelgro\u00dfer Kinderrucksack zum Wandern: Unser Allround Rucksack f\u00fcr Jungen und M\u00e4dchen ist dank des ger\u00e4umigen 14 l Volumens ideal f\u00fcr Kinder bei Tagesausfl\u00fcgen geeignet<br \/>\nUmfangreiche Ausstattung: Der Outdoor Wanderrucksack f\u00fcr Kinder ist besonders robust mit wasserdichtem Boden, Sitzmatte, Regenh\u00fclle und einer gro\u00dfen Lupe, f\u00fcr die ganz kleinen Dinge des Lebens<br \/>\nGer\u00e4umige F\u00e4cheraufteilung: Der Kinder Backpack hat seitliche Netztaschen, eine Deckeltasche und eine Innentasche f\u00fcr Snacks, Kleidung und andere Alltags- und Freizeitgegenst\u00e4nde<br \/>\nVielseitig in der Anwendung: Dank der Ger\u00e4teschlaufen zum Fixieren von Trekkingst\u00f6cken kann der praktische Puck 14 Rucksack f\u00fcr Kinder auch als Trekkingrucksack verwendet werden<br \/>\nIn vielen Farben erh\u00e4ltlich: Der Tagesrucksack f\u00fcr Kinder ist der Kinderliebling von VAUDE und in vielen sch\u00f6nen Farben erh\u00e4ltlich<br \/>\n<div class=\"main-cross-sell\" data-asin=\"B084KC2FDP\">\n\n\t<div class=\"WooZone-cross-sell-loader\">\n\t\t<div>\n\t\t\t<div id=\"floatingBarsG\">\n\t\t\t\t<div class=\"blockG\" id=\"rotateG_01\"><\/div>\n\t\t\t\t<div class=\"blockG\" id=\"rotateG_02\"><\/div>\n\t\t\t\t<div class=\"blockG\" id=\"rotateG_03\"><\/div>\n\t\t\t\t<div class=\"blockG\" id=\"rotateG_04\"><\/div>\n\t\t\t\t<div class=\"blockG\" id=\"rotateG_05\"><\/div>\n\t\t\t\t<div class=\"blockG\" id=\"rotateG_06\"><\/div>\n\t\t\t\t<div class=\"blockG\" id=\"rotateG_07\"><\/div>\n\t\t\t\t<div class=\"blockG\" id=\"rotateG_08\"><\/div>\n\t\t\t<\/div>\n\t\t\t<div class=\"WooZone-cross-sell-loader-text\"><\/div>\n\t\t<\/div>\n\t<\/div>\n\n\t\t\n<\/div>\n<div style=\"clear:both;\"><\/div><\/p>\n","protected":false},"excerpt":{"rendered":"<p>Mittelgro\u00dfer Kinderrucksack zum Wandern: Unser Allround Rucksack f\u00fcr Jungen und M\u00e4dchen ist dank des ger\u00e4umigen 14 l Volumens ideal f\u00fcr Kinder bei Tagesausfl\u00fcgen geeignet<br \/>\nUmfangreiche Ausstattung: Der Outdoor Wanderrucksack f\u00fcr Kinder ist besonders robust mit wasserdichtem Boden, Sitzmatte, Regenh\u00fclle und einer gro\u00dfen Lupe, f\u00fcr die ganz kleinen Dinge des Lebens<br \/>\nGer\u00e4umige F\u00e4cheraufteilung: Der Kinder Backpack hat seitliche Netztaschen, eine Deckeltasche und eine Innentasche f\u00fcr Snacks, Kleidung und andere Alltags- und Freizeitgegenst\u00e4nde<\/p>\n","protected":false},"featured_media":71637,"comment_status":"open","ping_status":"closed","template":"","meta":[],"product_brand":[],"product_cat":[1186],"product_tag":[],"class_list":{"0":"post-71636","1":"product","2":"type-product","3":"status-publish","4":"has-post-thumbnail","6":"product_cat-bekleidung","7":"pa_binding-ausruestung","8":"pa_brand-vaude","9":"pa_height-7-086614166-zoll","10":"pa_length-18-897637776-zoll","11":"pa_manufacturer-vaude","12":"pa_model-24846","13":"pa_size-14-lang","14":"pa_weight-1-1684499886-pfund","15":"pa_width-9-842519675-zoll","17":"first","18":"instock","19":"shipping-taxable","20":"purchasable","21":"product-type-simple","22":"customify-col","23":"product-has-gallery"},"yoast_head":"<!-- This site is optimized with the Yoast SEO plugin v27.3 - https:\/\/yoast.com\/product\/yoast-seo-wordpress\/ -->\n<title>VAUDE Kinder Puck 14 Rucks\u00e4cke - Markt-XXL<\/title>\n<meta name=\"description\" content=\"Markt-XXL VAUDE Kinder Puck 14 Rucks\u00e4cke\" \/>\n<meta name=\"robots\" content=\"index, follow, max-snippet:-1, max-image-preview:large, max-video-preview:-1\" \/>\n<link rel=\"canonical\" href=\"https:\/\/marktxxl.de\/markt\/produkt\/vaude-kinder-puck-14-rucksaecke\/\" \/>\n<meta property=\"og:locale\" content=\"de_DE\" \/>\n<meta property=\"og:type\" content=\"article\" \/>\n<meta property=\"og:title\" content=\"VAUDE Kinder Puck 14 Rucks\u00e4cke - Markt-XXL\" \/>\n<meta property=\"og:description\" content=\"Markt-XXL VAUDE Kinder Puck 14 Rucks\u00e4cke\" \/>\n<meta property=\"og:url\" content=\"https:\/\/marktxxl.de\/markt\/produkt\/vaude-kinder-puck-14-rucksaecke\/\" \/>\n<meta property=\"og:site_name\" content=\"Markt-XXL\" \/>\n<meta property=\"article:modified_time\" content=\"2023-04-11T00:44:40+00:00\" \/>\n<meta property=\"og:image\" content=\"https:\/\/m.media-amazon.com\/images\/I\/41GBqA9LVlL._SL500_.jpg\" \/>\n\t<meta property=\"og:image:width\" content=\"500\" \/>\n\t<meta property=\"og:image:height\" content=\"500\" \/>\n\t<meta property=\"og:image:type\" content=\"image\/jpeg\" \/>\n<meta name=\"twitter:card\" content=\"summary_large_image\" \/>\n<meta name=\"twitter:label1\" content=\"Gesch\u00e4tzte Lesezeit\" \/>\n\t<meta name=\"twitter:data1\" content=\"1\u00a0Minute\" \/>\n<script type=\"application\/ld+json\" class=\"yoast-schema-graph\">{\"@context\":\"https:\\\/\\\/schema.org\",\"@graph\":[{\"@type\":\"WebPage\",\"@id\":\"https:\\\/\\\/marktxxl.de\\\/markt\\\/produkt\\\/vaude-kinder-puck-14-rucksaecke\\\/\",\"url\":\"https:\\\/\\\/marktxxl.de\\\/markt\\\/produkt\\\/vaude-kinder-puck-14-rucksaecke\\\/\",\"name\":\"VAUDE Kinder Puck 14 Rucks\u00e4cke - Markt-XXL\",\"isPartOf\":{\"@id\":\"https:\\\/\\\/marktxxl.de\\\/markt\\\/#website\"},\"primaryImageOfPage\":{\"@id\":\"https:\\\/\\\/marktxxl.de\\\/markt\\\/produkt\\\/vaude-kinder-puck-14-rucksaecke\\\/#primaryimage\"},\"image\":{\"@id\":\"https:\\\/\\\/marktxxl.de\\\/markt\\\/produkt\\\/vaude-kinder-puck-14-rucksaecke\\\/#primaryimage\"},\"thumbnailUrl\":\"https:\\\/\\\/m.media-amazon.com\\\/images\\\/I\\\/41GBqA9LVlL._SL500_.jpg\",\"datePublished\":\"2021-11-12T22:09:38+00:00\",\"dateModified\":\"2023-04-11T00:44:40+00:00\",\"description\":\"Markt-XXL VAUDE Kinder Puck 14 Rucks\u00e4cke\",\"breadcrumb\":{\"@id\":\"https:\\\/\\\/marktxxl.de\\\/markt\\\/produkt\\\/vaude-kinder-puck-14-rucksaecke\\\/#breadcrumb\"},\"inLanguage\":\"de\",\"potentialAction\":[{\"@type\":\"ReadAction\",\"target\":[\"https:\\\/\\\/marktxxl.de\\\/markt\\\/produkt\\\/vaude-kinder-puck-14-rucksaecke\\\/\"]}]},{\"@type\":\"ImageObject\",\"inLanguage\":\"de\",\"@id\":\"https:\\\/\\\/marktxxl.de\\\/markt\\\/produkt\\\/vaude-kinder-puck-14-rucksaecke\\\/#primaryimage\",\"url\":\"https:\\\/\\\/m.media-amazon.com\\\/images\\\/I\\\/41GBqA9LVlL._SL500_.jpg\",\"contentUrl\":\"https:\\\/\\\/m.media-amazon.com\\\/images\\\/I\\\/41GBqA9LVlL._SL500_.jpg\",\"width\":500,\"height\":500},{\"@type\":\"BreadcrumbList\",\"@id\":\"https:\\\/\\\/marktxxl.de\\\/markt\\\/produkt\\\/vaude-kinder-puck-14-rucksaecke\\\/#breadcrumb\",\"itemListElement\":[{\"@type\":\"ListItem\",\"position\":1,\"name\":\"Startseite\",\"item\":\"https:\\\/\\\/marktxxl.de\\\/markt\\\/\"},{\"@type\":\"ListItem\",\"position\":2,\"name\":\"Markt\",\"item\":\"https:\\\/\\\/marktxxl.de\\\/markt\\\/\"},{\"@type\":\"ListItem\",\"position\":3,\"name\":\"VAUDE Kinder Puck 14 Rucks\u00e4cke\"}]},{\"@type\":\"WebSite\",\"@id\":\"https:\\\/\\\/marktxxl.de\\\/markt\\\/#website\",\"url\":\"https:\\\/\\\/marktxxl.de\\\/markt\\\/\",\"name\":\"Markt-XXL\",\"description\":\"Ihr Markt Online\",\"publisher\":{\"@id\":\"https:\\\/\\\/marktxxl.de\\\/markt\\\/#organization\"},\"potentialAction\":[{\"@type\":\"SearchAction\",\"target\":{\"@type\":\"EntryPoint\",\"urlTemplate\":\"https:\\\/\\\/marktxxl.de\\\/markt\\\/?s={search_term_string}\"},\"query-input\":{\"@type\":\"PropertyValueSpecification\",\"valueRequired\":true,\"valueName\":\"search_term_string\"}}],\"inLanguage\":\"de\"},{\"@type\":\"Organization\",\"@id\":\"https:\\\/\\\/marktxxl.de\\\/markt\\\/#organization\",\"name\":\"Markt-XXL\",\"url\":\"https:\\\/\\\/marktxxl.de\\\/markt\\\/\",\"logo\":{\"@type\":\"ImageObject\",\"inLanguage\":\"de\",\"@id\":\"https:\\\/\\\/marktxxl.de\\\/markt\\\/#\\\/schema\\\/logo\\\/image\\\/\",\"url\":\"https:\\\/\\\/marktxxl.de\\\/markt\\\/wp-content\\\/uploads\\\/sites\\\/3\\\/2020\\\/12\\\/logo.png\",\"contentUrl\":\"https:\\\/\\\/marktxxl.de\\\/markt\\\/wp-content\\\/uploads\\\/sites\\\/3\\\/2020\\\/12\\\/logo.png\",\"width\":200,\"height\":70,\"caption\":\"Markt-XXL\"},\"image\":{\"@id\":\"https:\\\/\\\/marktxxl.de\\\/markt\\\/#\\\/schema\\\/logo\\\/image\\\/\"}}]}<\/script>\n<!-- \/ Yoast SEO plugin. -->","yoast_head_json":{"title":"VAUDE Kinder Puck 14 Rucks\u00e4cke - Markt-XXL","description":"Markt-XXL VAUDE Kinder Puck 14 Rucks\u00e4cke","robots":{"index":"index","follow":"follow","max-snippet":"max-snippet:-1","max-image-preview":"max-image-preview:large","max-video-preview":"max-video-preview:-1"},"canonical":"https:\/\/marktxxl.de\/markt\/produkt\/vaude-kinder-puck-14-rucksaecke\/","og_locale":"de_DE","og_type":"article","og_title":"VAUDE Kinder Puck 14 Rucks\u00e4cke - Markt-XXL","og_description":"Markt-XXL VAUDE Kinder Puck 14 Rucks\u00e4cke","og_url":"https:\/\/marktxxl.de\/markt\/produkt\/vaude-kinder-puck-14-rucksaecke\/","og_site_name":"Markt-XXL","article_modified_time":"2023-04-11T00:44:40+00:00","og_image":[{"width":500,"height":500,"url":"https:\/\/m.media-amazon.com\/images\/I\/41GBqA9LVlL._SL500_.jpg","type":"image\/jpeg"}],"twitter_card":"summary_large_image","twitter_misc":{"Gesch\u00e4tzte Lesezeit":"1\u00a0Minute"},"schema":{"@context":"https:\/\/schema.org","@graph":[{"@type":"WebPage","@id":"https:\/\/marktxxl.de\/markt\/produkt\/vaude-kinder-puck-14-rucksaecke\/","url":"https:\/\/marktxxl.de\/markt\/produkt\/vaude-kinder-puck-14-rucksaecke\/","name":"VAUDE Kinder Puck 14 Rucks\u00e4cke - Markt-XXL","isPartOf":{"@id":"https:\/\/marktxxl.de\/markt\/#website"},"primaryImageOfPage":{"@id":"https:\/\/marktxxl.de\/markt\/produkt\/vaude-kinder-puck-14-rucksaecke\/#primaryimage"},"image":{"@id":"https:\/\/marktxxl.de\/markt\/produkt\/vaude-kinder-puck-14-rucksaecke\/#primaryimage"},"thumbnailUrl":"https:\/\/m.media-amazon.com\/images\/I\/41GBqA9LVlL._SL500_.jpg","datePublished":"2021-11-12T22:09:38+00:00","dateModified":"2023-04-11T00:44:40+00:00","description":"Markt-XXL VAUDE Kinder Puck 14 Rucks\u00e4cke","breadcrumb":{"@id":"https:\/\/marktxxl.de\/markt\/produkt\/vaude-kinder-puck-14-rucksaecke\/#breadcrumb"},"inLanguage":"de","potentialAction":[{"@type":"ReadAction","target":["https:\/\/marktxxl.de\/markt\/produkt\/vaude-kinder-puck-14-rucksaecke\/"]}]},{"@type":"ImageObject","inLanguage":"de","@id":"https:\/\/marktxxl.de\/markt\/produkt\/vaude-kinder-puck-14-rucksaecke\/#primaryimage","url":"https:\/\/m.media-amazon.com\/images\/I\/41GBqA9LVlL._SL500_.jpg","contentUrl":"https:\/\/m.media-amazon.com\/images\/I\/41GBqA9LVlL._SL500_.jpg","width":500,"height":500},{"@type":"BreadcrumbList","@id":"https:\/\/marktxxl.de\/markt\/produkt\/vaude-kinder-puck-14-rucksaecke\/#breadcrumb","itemListElement":[{"@type":"ListItem","position":1,"name":"Startseite","item":"https:\/\/marktxxl.de\/markt\/"},{"@type":"ListItem","position":2,"name":"Markt","item":"https:\/\/marktxxl.de\/markt\/"},{"@type":"ListItem","position":3,"name":"VAUDE Kinder Puck 14 Rucks\u00e4cke"}]},{"@type":"WebSite","@id":"https:\/\/marktxxl.de\/markt\/#website","url":"https:\/\/marktxxl.de\/markt\/","name":"Markt-XXL","description":"Ihr Markt Online","publisher":{"@id":"https:\/\/marktxxl.de\/markt\/#organization"},"potentialAction":[{"@type":"SearchAction","target":{"@type":"EntryPoint","urlTemplate":"https:\/\/marktxxl.de\/markt\/?s={search_term_string}"},"query-input":{"@type":"PropertyValueSpecification","valueRequired":true,"valueName":"search_term_string"}}],"inLanguage":"de"},{"@type":"Organization","@id":"https:\/\/marktxxl.de\/markt\/#organization","name":"Markt-XXL","url":"https:\/\/marktxxl.de\/markt\/","logo":{"@type":"ImageObject","inLanguage":"de","@id":"https:\/\/marktxxl.de\/markt\/#\/schema\/logo\/image\/","url":"https:\/\/marktxxl.de\/markt\/wp-content\/uploads\/sites\/3\/2020\/12\/logo.png","contentUrl":"https:\/\/marktxxl.de\/markt\/wp-content\/uploads\/sites\/3\/2020\/12\/logo.png","width":200,"height":70,"caption":"Markt-XXL"},"image":{"@id":"https:\/\/marktxxl.de\/markt\/#\/schema\/logo\/image\/"}}]}},"_links":{"self":[{"href":"https:\/\/marktxxl.de\/markt\/wp-json\/wp\/v2\/product\/71636","targetHints":{"allow":["GET"]}}],"collection":[{"href":"https:\/\/marktxxl.de\/markt\/wp-json\/wp\/v2\/product"}],"about":[{"href":"https:\/\/marktxxl.de\/markt\/wp-json\/wp\/v2\/types\/product"}],"replies":[{"embeddable":true,"href":"https:\/\/marktxxl.de\/markt\/wp-json\/wp\/v2\/comments?post=71636"}],"wp:featuredmedia":[{"embeddable":true,"href":"https:\/\/marktxxl.de\/markt\/wp-json\/wp\/v2\/media\/71637"}],"wp:attachment":[{"href":"https:\/\/marktxxl.de\/markt\/wp-json\/wp\/v2\/media?parent=71636"}],"wp:term":[{"taxonomy":"product_brand","embeddable":true,"href":"https:\/\/marktxxl.de\/markt\/wp-json\/wp\/v2\/product_brand?post=71636"},{"taxonomy":"product_cat","embeddable":true,"href":"https:\/\/marktxxl.de\/markt\/wp-json\/wp\/v2\/product_cat?post=71636"},{"taxonomy":"product_tag","embeddable":true,"href":"https:\/\/marktxxl.de\/markt\/wp-json\/wp\/v2\/product_tag?post=71636"}],"curies":[{"name":"wp","href":"https:\/\/api.w.org\/{rel}","templated":true}]}}