{"id":71575,"date":"2021-11-12T23:06:50","date_gmt":"2021-11-12T22:06:50","guid":{"rendered":"https:\/\/marktxxl.de\/markt\/produkt\/jade-roller-gesicht-gua-sha-rosenquarz-set-gesichtsroller-face-massagegeraet-echt-stein-fuer-augen-anti-aging-nacken-verjuengung-schoenheit-hautpflege\/"},"modified":"2023-04-11T02:44:39","modified_gmt":"2023-04-11T00:44:39","slug":"jade-roller-gesicht-gua-sha-rosenquarz-set-gesichtsroller-face-massagegeraet-echt-stein-fuer-augen-anti-aging-nacken-verjuengung-schoenheit-hautpflege","status":"publish","type":"product","link":"https:\/\/marktxxl.de\/markt\/produkt\/jade-roller-gesicht-gua-sha-rosenquarz-set-gesichtsroller-face-massagegeraet-echt-stein-fuer-augen-anti-aging-nacken-verjuengung-schoenheit-hautpflege\/","title":{"rendered":"Gua Sha Rosenquarz Stein Set Jade Roller Gesicht Guasha Schaber Gesichtsroller Massagewerkzeug Massageger\u00e4t f\u00fcr Face\u2026"},"content":{"rendered":"<p>\u2764\ufe0f \u3010Nat\u00fcrlicher Jade-Massageroller\u3011Der nat\u00fcrliche Jade Roller ist aus hochwertigem und echtem Jade-Stein. Die Rohstoffe der Rosa Jade haben eine enorme Menge an guter Energie, die sich positiv auf Ihre Haut auswirkt. Mit dem Anti-Falten-Jade-Roller k\u00f6nnen Sie Anti-Aging-Vorteile verbessern, Ausdruckslinien und Falten verringern, Poren verfeinern, Giftstoffe beseitigen und die Elastizit\u00e4t der Haut verbessern.<br \/>\n\u2764\ufe0f \u3010Perfekt f\u00fcr Taschen unter den Augen und j\u00fcngere Haut\u3011Reduziert Schwellungen unter den Augen und sorgt daf\u00fcr, dass Sie sich erfrischter und lebendiger f\u00fchlen. \u00dcber Nacht Arbeit, emotionale Angst &amp; feine Linien lassen Sie m\u00fcde und stumpf aussehen. Nachdem Sie Ihr Gua Sha Massageger\u00e4t t\u00e4glich verwendet haben, werden Sie eine Reduzierung von feinen Linien, Augenringen und Schrumpfen der Gesichts- und Nackenhaut sehen.<br \/>\n\u2764\ufe0f \u3010Konturieren Sie Ihr Gesicht und straffen Sie Ihren Nacken\u3011Unser Jade-Roller entspannt die Muskeln des Gesichts ohne intensiven Druck. Verj\u00fcngen Sie Bereiche um Nase, Lippen, Stirn, Kopfhaut, Wangen und Hals. Unser Jade-Roller- und Gua-Sha-Set kann Ihnen helfen, das Doppelkinn loszuwerden.<br \/>\n\u2764\ufe0f \u3010Einzigartige Pr\u00e4sentation und ideal als Geschenk\u3011Unser Hautroller f\u00fcr Gesicht wird mit einer sch\u00f6nen Geschenkbox geliefert, die ihn zu einer perfekten Wahl macht, um Ihre Lieben zu verschenken. Unser Sch\u00f6nheitsroller ist eine sch\u00f6ne Wahl f\u00fcr die Hautpflegebehandlung und ein einzigartiges Geschenk-Set, um Ihre Kollegen oder Gro\u00dfeltern zu \u00fcberraschen<br \/>\n\u2764\ufe0f\u3010KUNDENSERVICE EXCELLENCE\u3011Wir bieten ein bestes Kundenservice-Team. Wenn Sie mit unserem Jade-Massagewerkzeug nicht zufrieden sind, z\u00f6gern Sie bitte nicht, uns \u00fcber Amazon Messaging Service zu kontaktieren. Wir finden die beste L\u00f6sung f\u00fcr Sie!<br \/>\n<div class=\"main-cross-sell\" data-asin=\"B07NQLKB3G\">\n\n\t<div class=\"WooZone-cross-sell-loader\">\n\t\t<div>\n\t\t\t<div id=\"floatingBarsG\">\n\t\t\t\t<div class=\"blockG\" id=\"rotateG_01\"><\/div>\n\t\t\t\t<div class=\"blockG\" id=\"rotateG_02\"><\/div>\n\t\t\t\t<div class=\"blockG\" id=\"rotateG_03\"><\/div>\n\t\t\t\t<div class=\"blockG\" id=\"rotateG_04\"><\/div>\n\t\t\t\t<div class=\"blockG\" id=\"rotateG_05\"><\/div>\n\t\t\t\t<div class=\"blockG\" id=\"rotateG_06\"><\/div>\n\t\t\t\t<div class=\"blockG\" id=\"rotateG_07\"><\/div>\n\t\t\t\t<div class=\"blockG\" id=\"rotateG_08\"><\/div>\n\t\t\t<\/div>\n\t\t\t<div class=\"WooZone-cross-sell-loader-text\"><\/div>\n\t\t<\/div>\n\t<\/div>\n\n\t\t\n<\/div>\n<div style=\"clear:both;\"><\/div><\/p>\n","protected":false},"excerpt":{"rendered":"<p>\u2764\ufe0f \u3010Nat\u00fcrlicher Jade-Massageroller\u3011Der nat\u00fcrliche Jade Roller ist aus hochwertigem und echtem Jade-Stein. Die Rohstoffe der Rosa Jade haben eine enorme Menge an guter Energie, die sich positiv auf Ihre Haut auswirkt. Mit dem Anti-Falten-Jade-Roller k\u00f6nnen Sie Anti-Aging-Vorteile verbessern, Ausdruckslinien und Falten verringern, Poren verfeinern, Giftstoffe beseitigen und die Elastizit\u00e4t der Haut verbessern.<br \/>\n\u2764\ufe0f \u3010Perfekt f\u00fcr Taschen unter den Augen und j\u00fcngere Haut\u3011Reduziert Schwellungen unter den Augen und sorgt daf\u00fcr, dass Sie sich erfrischter und lebendiger f\u00fchlen. \u00dcber Nacht Arbeit, emotionale Angst &amp; feine Linien lassen Sie m\u00fcde und stumpf aussehen. Nachdem Sie Ihr Gua Sha Massageger\u00e4t t\u00e4glich verwendet haben, werden Sie eine Reduzierung von feinen Linien, Augenringen und Schrumpfen der Gesichts- und Nackenhaut sehen.<br \/>\n\u2764\ufe0f \u3010Konturieren Sie Ihr Gesicht und straffen Sie Ihren Nacken\u3011Unser Jade-Roller entspannt die Muskeln des Gesichts ohne intensiven Druck. Verj\u00fcngen Sie Bereiche um Nase, Lippen, Stirn, Kopfhaut, Wangen und Hals. Unser Jade-Roller- und Gua-Sha-Set kann Ihnen helfen, das Doppelkinn loszuwerden.<\/p>\n","protected":false},"featured_media":71576,"comment_status":"open","ping_status":"closed","template":"","meta":[],"product_brand":[],"product_cat":[2858,7726],"product_tag":[],"class_list":{"0":"post-71575","1":"product","2":"type-product","3":"status-publish","4":"has-post-thumbnail","6":"product_cat-beauty","7":"product_cat-zubehoer-beauty","8":"pa_binding-badartikel","9":"pa_brand-sworchi","10":"pa_color-rosa","11":"pa_manufacturer-sworchi","12":"pa_size-2-stueck-1er-pack","14":"first","15":"instock","16":"shipping-taxable","17":"purchasable","18":"product-type-simple","19":"customify-col","20":"product-has-gallery"},"yoast_head":"<!-- This site is optimized with the Yoast SEO plugin v27.3 - https:\/\/yoast.com\/product\/yoast-seo-wordpress\/ -->\n<title>Gua Sha Rosenquarz Stein Set Jade Roller Gesicht Guasha Schaber Gesichtsroller Massagewerkzeug Massageger\u00e4t f\u00fcr Face\u2026 - Markt-XXL<\/title>\n<meta name=\"description\" content=\"Markt-XXL Gua Sha Rosenquarz Stein Set Jade Roller Gesicht Guasha Schaber Gesichtsroller Massagewerkzeug Massageger\u00e4t f\u00fcr Face\u2026\" \/>\n<meta name=\"robots\" content=\"index, follow, max-snippet:-1, max-image-preview:large, max-video-preview:-1\" \/>\n<link rel=\"canonical\" href=\"https:\/\/marktxxl.de\/markt\/produkt\/jade-roller-gesicht-gua-sha-rosenquarz-set-gesichtsroller-face-massagegeraet-echt-stein-fuer-augen-anti-aging-nacken-verjuengung-schoenheit-hautpflege\/\" \/>\n<meta property=\"og:locale\" content=\"de_DE\" \/>\n<meta property=\"og:type\" content=\"article\" \/>\n<meta property=\"og:title\" content=\"Gua Sha Rosenquarz Stein Set Jade Roller Gesicht Guasha Schaber Gesichtsroller Massagewerkzeug Massageger\u00e4t f\u00fcr Face\u2026 - Markt-XXL\" \/>\n<meta property=\"og:description\" content=\"Markt-XXL Gua Sha Rosenquarz Stein Set Jade Roller Gesicht Guasha Schaber Gesichtsroller Massagewerkzeug Massageger\u00e4t f\u00fcr Face\u2026\" \/>\n<meta property=\"og:url\" content=\"https:\/\/marktxxl.de\/markt\/produkt\/jade-roller-gesicht-gua-sha-rosenquarz-set-gesichtsroller-face-massagegeraet-echt-stein-fuer-augen-anti-aging-nacken-verjuengung-schoenheit-hautpflege\/\" \/>\n<meta property=\"og:site_name\" content=\"Markt-XXL\" \/>\n<meta property=\"article:modified_time\" content=\"2023-04-11T00:44:39+00:00\" \/>\n<meta property=\"og:image\" content=\"https:\/\/m.media-amazon.com\/images\/I\/41A0-Ajd+wS._SL500_.jpg\" \/>\n\t<meta property=\"og:image:width\" content=\"500\" \/>\n\t<meta property=\"og:image:height\" content=\"500\" \/>\n\t<meta property=\"og:image:type\" content=\"image\/jpeg\" \/>\n<meta name=\"twitter:card\" content=\"summary_large_image\" \/>\n<meta name=\"twitter:label1\" content=\"Gesch\u00e4tzte Lesezeit\" \/>\n\t<meta name=\"twitter:data1\" content=\"1\u00a0Minute\" \/>\n<script type=\"application\/ld+json\" class=\"yoast-schema-graph\">{\"@context\":\"https:\\\/\\\/schema.org\",\"@graph\":[{\"@type\":\"WebPage\",\"@id\":\"https:\\\/\\\/marktxxl.de\\\/markt\\\/produkt\\\/jade-roller-gesicht-gua-sha-rosenquarz-set-gesichtsroller-face-massagegeraet-echt-stein-fuer-augen-anti-aging-nacken-verjuengung-schoenheit-hautpflege\\\/\",\"url\":\"https:\\\/\\\/marktxxl.de\\\/markt\\\/produkt\\\/jade-roller-gesicht-gua-sha-rosenquarz-set-gesichtsroller-face-massagegeraet-echt-stein-fuer-augen-anti-aging-nacken-verjuengung-schoenheit-hautpflege\\\/\",\"name\":\"Gua Sha Rosenquarz Stein Set Jade Roller Gesicht Guasha Schaber Gesichtsroller Massagewerkzeug Massageger\u00e4t f\u00fcr Face\u2026 - Markt-XXL\",\"isPartOf\":{\"@id\":\"https:\\\/\\\/marktxxl.de\\\/markt\\\/#website\"},\"primaryImageOfPage\":{\"@id\":\"https:\\\/\\\/marktxxl.de\\\/markt\\\/produkt\\\/jade-roller-gesicht-gua-sha-rosenquarz-set-gesichtsroller-face-massagegeraet-echt-stein-fuer-augen-anti-aging-nacken-verjuengung-schoenheit-hautpflege\\\/#primaryimage\"},\"image\":{\"@id\":\"https:\\\/\\\/marktxxl.de\\\/markt\\\/produkt\\\/jade-roller-gesicht-gua-sha-rosenquarz-set-gesichtsroller-face-massagegeraet-echt-stein-fuer-augen-anti-aging-nacken-verjuengung-schoenheit-hautpflege\\\/#primaryimage\"},\"thumbnailUrl\":\"https:\\\/\\\/m.media-amazon.com\\\/images\\\/I\\\/41A0-Ajd+wS._SL500_.jpg\",\"datePublished\":\"2021-11-12T22:06:50+00:00\",\"dateModified\":\"2023-04-11T00:44:39+00:00\",\"description\":\"Markt-XXL Gua Sha Rosenquarz Stein Set Jade Roller Gesicht Guasha Schaber Gesichtsroller Massagewerkzeug Massageger\u00e4t f\u00fcr Face\u2026\",\"breadcrumb\":{\"@id\":\"https:\\\/\\\/marktxxl.de\\\/markt\\\/produkt\\\/jade-roller-gesicht-gua-sha-rosenquarz-set-gesichtsroller-face-massagegeraet-echt-stein-fuer-augen-anti-aging-nacken-verjuengung-schoenheit-hautpflege\\\/#breadcrumb\"},\"inLanguage\":\"de\",\"potentialAction\":[{\"@type\":\"ReadAction\",\"target\":[\"https:\\\/\\\/marktxxl.de\\\/markt\\\/produkt\\\/jade-roller-gesicht-gua-sha-rosenquarz-set-gesichtsroller-face-massagegeraet-echt-stein-fuer-augen-anti-aging-nacken-verjuengung-schoenheit-hautpflege\\\/\"]}]},{\"@type\":\"ImageObject\",\"inLanguage\":\"de\",\"@id\":\"https:\\\/\\\/marktxxl.de\\\/markt\\\/produkt\\\/jade-roller-gesicht-gua-sha-rosenquarz-set-gesichtsroller-face-massagegeraet-echt-stein-fuer-augen-anti-aging-nacken-verjuengung-schoenheit-hautpflege\\\/#primaryimage\",\"url\":\"https:\\\/\\\/m.media-amazon.com\\\/images\\\/I\\\/41A0-Ajd+wS._SL500_.jpg\",\"contentUrl\":\"https:\\\/\\\/m.media-amazon.com\\\/images\\\/I\\\/41A0-Ajd+wS._SL500_.jpg\",\"width\":500,\"height\":500},{\"@type\":\"BreadcrumbList\",\"@id\":\"https:\\\/\\\/marktxxl.de\\\/markt\\\/produkt\\\/jade-roller-gesicht-gua-sha-rosenquarz-set-gesichtsroller-face-massagegeraet-echt-stein-fuer-augen-anti-aging-nacken-verjuengung-schoenheit-hautpflege\\\/#breadcrumb\",\"itemListElement\":[{\"@type\":\"ListItem\",\"position\":1,\"name\":\"Startseite\",\"item\":\"https:\\\/\\\/marktxxl.de\\\/markt\\\/\"},{\"@type\":\"ListItem\",\"position\":2,\"name\":\"Markt\",\"item\":\"https:\\\/\\\/marktxxl.de\\\/markt\\\/\"},{\"@type\":\"ListItem\",\"position\":3,\"name\":\"Gua Sha Rosenquarz Stein Set Jade Roller Gesicht Guasha Schaber Gesichtsroller Massagewerkzeug Massageger\u00e4t f\u00fcr Face\u2026\"}]},{\"@type\":\"WebSite\",\"@id\":\"https:\\\/\\\/marktxxl.de\\\/markt\\\/#website\",\"url\":\"https:\\\/\\\/marktxxl.de\\\/markt\\\/\",\"name\":\"Markt-XXL\",\"description\":\"Ihr Markt Online\",\"publisher\":{\"@id\":\"https:\\\/\\\/marktxxl.de\\\/markt\\\/#organization\"},\"potentialAction\":[{\"@type\":\"SearchAction\",\"target\":{\"@type\":\"EntryPoint\",\"urlTemplate\":\"https:\\\/\\\/marktxxl.de\\\/markt\\\/?s={search_term_string}\"},\"query-input\":{\"@type\":\"PropertyValueSpecification\",\"valueRequired\":true,\"valueName\":\"search_term_string\"}}],\"inLanguage\":\"de\"},{\"@type\":\"Organization\",\"@id\":\"https:\\\/\\\/marktxxl.de\\\/markt\\\/#organization\",\"name\":\"Markt-XXL\",\"url\":\"https:\\\/\\\/marktxxl.de\\\/markt\\\/\",\"logo\":{\"@type\":\"ImageObject\",\"inLanguage\":\"de\",\"@id\":\"https:\\\/\\\/marktxxl.de\\\/markt\\\/#\\\/schema\\\/logo\\\/image\\\/\",\"url\":\"https:\\\/\\\/marktxxl.de\\\/markt\\\/wp-content\\\/uploads\\\/sites\\\/3\\\/2020\\\/12\\\/logo.png\",\"contentUrl\":\"https:\\\/\\\/marktxxl.de\\\/markt\\\/wp-content\\\/uploads\\\/sites\\\/3\\\/2020\\\/12\\\/logo.png\",\"width\":200,\"height\":70,\"caption\":\"Markt-XXL\"},\"image\":{\"@id\":\"https:\\\/\\\/marktxxl.de\\\/markt\\\/#\\\/schema\\\/logo\\\/image\\\/\"}}]}<\/script>\n<!-- \/ Yoast SEO plugin. -->","yoast_head_json":{"title":"Gua Sha Rosenquarz Stein Set Jade Roller Gesicht Guasha Schaber Gesichtsroller Massagewerkzeug Massageger\u00e4t f\u00fcr Face\u2026 - Markt-XXL","description":"Markt-XXL Gua Sha Rosenquarz Stein Set Jade Roller Gesicht Guasha Schaber Gesichtsroller Massagewerkzeug Massageger\u00e4t f\u00fcr Face\u2026","robots":{"index":"index","follow":"follow","max-snippet":"max-snippet:-1","max-image-preview":"max-image-preview:large","max-video-preview":"max-video-preview:-1"},"canonical":"https:\/\/marktxxl.de\/markt\/produkt\/jade-roller-gesicht-gua-sha-rosenquarz-set-gesichtsroller-face-massagegeraet-echt-stein-fuer-augen-anti-aging-nacken-verjuengung-schoenheit-hautpflege\/","og_locale":"de_DE","og_type":"article","og_title":"Gua Sha Rosenquarz Stein Set Jade Roller Gesicht Guasha Schaber Gesichtsroller Massagewerkzeug Massageger\u00e4t f\u00fcr Face\u2026 - Markt-XXL","og_description":"Markt-XXL Gua Sha Rosenquarz Stein Set Jade Roller Gesicht Guasha Schaber Gesichtsroller Massagewerkzeug Massageger\u00e4t f\u00fcr Face\u2026","og_url":"https:\/\/marktxxl.de\/markt\/produkt\/jade-roller-gesicht-gua-sha-rosenquarz-set-gesichtsroller-face-massagegeraet-echt-stein-fuer-augen-anti-aging-nacken-verjuengung-schoenheit-hautpflege\/","og_site_name":"Markt-XXL","article_modified_time":"2023-04-11T00:44:39+00:00","og_image":[{"width":500,"height":500,"url":"https:\/\/m.media-amazon.com\/images\/I\/41A0-Ajd+wS._SL500_.jpg","type":"image\/jpeg"}],"twitter_card":"summary_large_image","twitter_misc":{"Gesch\u00e4tzte Lesezeit":"1\u00a0Minute"},"schema":{"@context":"https:\/\/schema.org","@graph":[{"@type":"WebPage","@id":"https:\/\/marktxxl.de\/markt\/produkt\/jade-roller-gesicht-gua-sha-rosenquarz-set-gesichtsroller-face-massagegeraet-echt-stein-fuer-augen-anti-aging-nacken-verjuengung-schoenheit-hautpflege\/","url":"https:\/\/marktxxl.de\/markt\/produkt\/jade-roller-gesicht-gua-sha-rosenquarz-set-gesichtsroller-face-massagegeraet-echt-stein-fuer-augen-anti-aging-nacken-verjuengung-schoenheit-hautpflege\/","name":"Gua Sha Rosenquarz Stein Set Jade Roller Gesicht Guasha Schaber Gesichtsroller Massagewerkzeug Massageger\u00e4t f\u00fcr Face\u2026 - Markt-XXL","isPartOf":{"@id":"https:\/\/marktxxl.de\/markt\/#website"},"primaryImageOfPage":{"@id":"https:\/\/marktxxl.de\/markt\/produkt\/jade-roller-gesicht-gua-sha-rosenquarz-set-gesichtsroller-face-massagegeraet-echt-stein-fuer-augen-anti-aging-nacken-verjuengung-schoenheit-hautpflege\/#primaryimage"},"image":{"@id":"https:\/\/marktxxl.de\/markt\/produkt\/jade-roller-gesicht-gua-sha-rosenquarz-set-gesichtsroller-face-massagegeraet-echt-stein-fuer-augen-anti-aging-nacken-verjuengung-schoenheit-hautpflege\/#primaryimage"},"thumbnailUrl":"https:\/\/m.media-amazon.com\/images\/I\/41A0-Ajd+wS._SL500_.jpg","datePublished":"2021-11-12T22:06:50+00:00","dateModified":"2023-04-11T00:44:39+00:00","description":"Markt-XXL Gua Sha Rosenquarz Stein Set Jade Roller Gesicht Guasha Schaber Gesichtsroller Massagewerkzeug Massageger\u00e4t f\u00fcr Face\u2026","breadcrumb":{"@id":"https:\/\/marktxxl.de\/markt\/produkt\/jade-roller-gesicht-gua-sha-rosenquarz-set-gesichtsroller-face-massagegeraet-echt-stein-fuer-augen-anti-aging-nacken-verjuengung-schoenheit-hautpflege\/#breadcrumb"},"inLanguage":"de","potentialAction":[{"@type":"ReadAction","target":["https:\/\/marktxxl.de\/markt\/produkt\/jade-roller-gesicht-gua-sha-rosenquarz-set-gesichtsroller-face-massagegeraet-echt-stein-fuer-augen-anti-aging-nacken-verjuengung-schoenheit-hautpflege\/"]}]},{"@type":"ImageObject","inLanguage":"de","@id":"https:\/\/marktxxl.de\/markt\/produkt\/jade-roller-gesicht-gua-sha-rosenquarz-set-gesichtsroller-face-massagegeraet-echt-stein-fuer-augen-anti-aging-nacken-verjuengung-schoenheit-hautpflege\/#primaryimage","url":"https:\/\/m.media-amazon.com\/images\/I\/41A0-Ajd+wS._SL500_.jpg","contentUrl":"https:\/\/m.media-amazon.com\/images\/I\/41A0-Ajd+wS._SL500_.jpg","width":500,"height":500},{"@type":"BreadcrumbList","@id":"https:\/\/marktxxl.de\/markt\/produkt\/jade-roller-gesicht-gua-sha-rosenquarz-set-gesichtsroller-face-massagegeraet-echt-stein-fuer-augen-anti-aging-nacken-verjuengung-schoenheit-hautpflege\/#breadcrumb","itemListElement":[{"@type":"ListItem","position":1,"name":"Startseite","item":"https:\/\/marktxxl.de\/markt\/"},{"@type":"ListItem","position":2,"name":"Markt","item":"https:\/\/marktxxl.de\/markt\/"},{"@type":"ListItem","position":3,"name":"Gua Sha Rosenquarz Stein Set Jade Roller Gesicht Guasha Schaber Gesichtsroller Massagewerkzeug Massageger\u00e4t f\u00fcr Face\u2026"}]},{"@type":"WebSite","@id":"https:\/\/marktxxl.de\/markt\/#website","url":"https:\/\/marktxxl.de\/markt\/","name":"Markt-XXL","description":"Ihr Markt Online","publisher":{"@id":"https:\/\/marktxxl.de\/markt\/#organization"},"potentialAction":[{"@type":"SearchAction","target":{"@type":"EntryPoint","urlTemplate":"https:\/\/marktxxl.de\/markt\/?s={search_term_string}"},"query-input":{"@type":"PropertyValueSpecification","valueRequired":true,"valueName":"search_term_string"}}],"inLanguage":"de"},{"@type":"Organization","@id":"https:\/\/marktxxl.de\/markt\/#organization","name":"Markt-XXL","url":"https:\/\/marktxxl.de\/markt\/","logo":{"@type":"ImageObject","inLanguage":"de","@id":"https:\/\/marktxxl.de\/markt\/#\/schema\/logo\/image\/","url":"https:\/\/marktxxl.de\/markt\/wp-content\/uploads\/sites\/3\/2020\/12\/logo.png","contentUrl":"https:\/\/marktxxl.de\/markt\/wp-content\/uploads\/sites\/3\/2020\/12\/logo.png","width":200,"height":70,"caption":"Markt-XXL"},"image":{"@id":"https:\/\/marktxxl.de\/markt\/#\/schema\/logo\/image\/"}}]}},"_links":{"self":[{"href":"https:\/\/marktxxl.de\/markt\/wp-json\/wp\/v2\/product\/71575","targetHints":{"allow":["GET"]}}],"collection":[{"href":"https:\/\/marktxxl.de\/markt\/wp-json\/wp\/v2\/product"}],"about":[{"href":"https:\/\/marktxxl.de\/markt\/wp-json\/wp\/v2\/types\/product"}],"replies":[{"embeddable":true,"href":"https:\/\/marktxxl.de\/markt\/wp-json\/wp\/v2\/comments?post=71575"}],"wp:featuredmedia":[{"embeddable":true,"href":"https:\/\/marktxxl.de\/markt\/wp-json\/wp\/v2\/media\/71576"}],"wp:attachment":[{"href":"https:\/\/marktxxl.de\/markt\/wp-json\/wp\/v2\/media?parent=71575"}],"wp:term":[{"taxonomy":"product_brand","embeddable":true,"href":"https:\/\/marktxxl.de\/markt\/wp-json\/wp\/v2\/product_brand?post=71575"},{"taxonomy":"product_cat","embeddable":true,"href":"https:\/\/marktxxl.de\/markt\/wp-json\/wp\/v2\/product_cat?post=71575"},{"taxonomy":"product_tag","embeddable":true,"href":"https:\/\/marktxxl.de\/markt\/wp-json\/wp\/v2\/product_tag?post=71575"}],"curies":[{"name":"wp","href":"https:\/\/api.w.org\/{rel}","templated":true}]}}