{"id":71508,"date":"2021-11-12T23:04:10","date_gmt":"2021-11-12T22:04:10","guid":{"rendered":"https:\/\/marktxxl.de\/markt\/produkt\/hocosy-augenbrauen-set-pinzette-augenbrauen-zupfen-8-pcs-augenbrauen-pflege-set-mit-braunem-augenbrauenstift-augenbrauen-kamm-pinzetten-rasierer-pinsel-scheren-set-pflege\/"},"modified":"2023-04-11T02:44:38","modified_gmt":"2023-04-11T00:44:38","slug":"hocosy-augenbrauen-set-pinzette-augenbrauen-zupfen-8-pcs-augenbrauen-pflege-set-mit-braunem-augenbrauenstift-augenbrauen-kamm-pinzetten-rasierer-pinsel-scheren-set-pflege","status":"publish","type":"product","link":"https:\/\/marktxxl.de\/markt\/produkt\/hocosy-augenbrauen-set-pinzette-augenbrauen-zupfen-8-pcs-augenbrauen-pflege-set-mit-braunem-augenbrauenstift-augenbrauen-kamm-pinzetten-rasierer-pinsel-scheren-set-pflege\/","title":{"rendered":"HOCOSY Augenbrauen Set, Pinzette Augenbrauen Zupfen, 8-pcs Augenbrauen-Pflege-Set mit Braunem Augenbrauenstift\u2026"},"content":{"rendered":"<p>\u2605Schr\u00e4gem Oberfl\u00e4chendesign: Augenbrauen lifting set ist aus 100% Edelstahl, ideal zum schmerzfreien Formen von Augenbrauen und zur Gesichtshaarentfernung. Schmerzfreie Haarentfernung und feine Haarwerkzeuge f\u00fcr alle Haut- und Haartypen.<br \/>\n\u2605Komplettes Augenbrauen Haar Set: Weil es alles bietet, was Sie zum perfekten Formen Ihrer Augenbrauen ben\u00f6tigen. Jedes Set enth\u00e4lt 1 x braunen Augenbrauenstift, 1 Augenbrauenrasierer, 1 Augenbrauenpinsel , 3 Pinzette und 1 Schere. Die augenbrauen rasier ist sehr robust.<br \/>\n\u2605 Bl\u00fchende Sch\u00f6nheit: Nachdem Sie Ihre Augenbrauen geformt haben, ist es Zeit, ihr Aussehen zu verbessern. Verwenden Sie einen Augenbrauenstift, um die Augenbrauen aufzuf\u00fcllen. Wenn Sie fertig sind, verwenden Sie den Pinsel am Ende des Stifts oder den Kamm in unserem Anzug.<br \/>\n\u2605Exquisite und kompakte Schachtel: um die Sicherheit und Verwendung des Augenbrauenkits zu gew\u00e4hrleisten, erhalten Sie eine wundersch\u00f6ne Kosmetikschachtel. Daher ist das Augenbrauenkit gut gesch\u00fctzt. Die kompakte Box ist sehr leicht zu transportieren und verhindert, dass ein Werkzeug verloren geht.ch\u00f6ne Kosmetikschachtel.<br \/>\n\u2605 Perfektes Geschenk: Wenn Sie immer noch \u00fcber das Problem nachdenken, Ihrer Mutter oder Frau Geschenke zu machen, sind unsere Pinzetten zum Zupfen von Augenbrauen eine gute Wahl. Wenn Sie Fragen zur Verwendung unseres eyebrow kit, kontaktieren Sie uns bitte.<br \/>\n<div class=\"main-cross-sell\" data-asin=\"B07VJHHDM3\">\n\n\t<div class=\"WooZone-cross-sell-loader\">\n\t\t<div>\n\t\t\t<div id=\"floatingBarsG\">\n\t\t\t\t<div class=\"blockG\" id=\"rotateG_01\"><\/div>\n\t\t\t\t<div class=\"blockG\" id=\"rotateG_02\"><\/div>\n\t\t\t\t<div class=\"blockG\" id=\"rotateG_03\"><\/div>\n\t\t\t\t<div class=\"blockG\" id=\"rotateG_04\"><\/div>\n\t\t\t\t<div class=\"blockG\" id=\"rotateG_05\"><\/div>\n\t\t\t\t<div class=\"blockG\" id=\"rotateG_06\"><\/div>\n\t\t\t\t<div class=\"blockG\" id=\"rotateG_07\"><\/div>\n\t\t\t\t<div class=\"blockG\" id=\"rotateG_08\"><\/div>\n\t\t\t<\/div>\n\t\t\t<div class=\"WooZone-cross-sell-loader-text\"><\/div>\n\t\t<\/div>\n\t<\/div>\n\n\t\t\n<\/div>\n<div style=\"clear:both;\"><\/div><\/p>\n","protected":false},"excerpt":{"rendered":"<p>\u2605Schr\u00e4gem Oberfl\u00e4chendesign: Augenbrauen lifting set ist aus 100% Edelstahl, ideal zum schmerzfreien Formen von Augenbrauen und zur Gesichtshaarentfernung. Schmerzfreie Haarentfernung und feine Haarwerkzeuge f\u00fcr alle Haut- und Haartypen.<br \/>\n\u2605Komplettes Augenbrauen Haar Set: Weil es alles bietet, was Sie zum perfekten Formen Ihrer Augenbrauen ben\u00f6tigen. Jedes Set enth\u00e4lt 1 x braunen Augenbrauenstift, 1 Augenbrauenrasierer, 1 Augenbrauenpinsel , 3 Pinzette und 1 Schere. Die augenbrauen rasier ist sehr robust.<br \/>\n\u2605 Bl\u00fchende Sch\u00f6nheit: Nachdem Sie Ihre Augenbrauen geformt haben, ist es Zeit, ihr Aussehen zu verbessern. Verwenden Sie einen Augenbrauenstift, um die Augenbrauen aufzuf\u00fcllen. Wenn Sie fertig sind, verwenden Sie den Pinsel am Ende des Stifts oder den Kamm in unserem Anzug.<\/p>\n","protected":false},"featured_media":71509,"comment_status":"open","ping_status":"closed","template":"","meta":[],"product_brand":[],"product_cat":[2858,7726],"product_tag":[],"class_list":{"0":"post-71508","1":"product","2":"type-product","3":"status-publish","4":"has-post-thumbnail","6":"product_cat-beauty","7":"product_cat-zubehoer-beauty","8":"pa_binding-misc","9":"pa_brand-hocosy","10":"pa_height-1-zoll","11":"pa_length-1-zoll","12":"pa_manufacturer-geciyhet_de","13":"pa_size-8-stueck-1er-pack","14":"pa_width-1-zoll","16":"first","17":"instock","18":"shipping-taxable","19":"purchasable","20":"product-type-simple","21":"customify-col","22":"product-has-gallery"},"yoast_head":"<!-- This site is optimized with the Yoast SEO plugin v27.3 - https:\/\/yoast.com\/product\/yoast-seo-wordpress\/ -->\n<title>HOCOSY Augenbrauen Set, Pinzette Augenbrauen Zupfen, 8-pcs Augenbrauen-Pflege-Set mit Braunem Augenbrauenstift\u2026 - Markt-XXL<\/title>\n<meta name=\"description\" content=\"Markt-XXL HOCOSY Augenbrauen Set, Pinzette Augenbrauen Zupfen, 8-pcs Augenbrauen-Pflege-Set mit Braunem Augenbrauenstift\u2026\" \/>\n<meta name=\"robots\" content=\"index, follow, max-snippet:-1, max-image-preview:large, max-video-preview:-1\" \/>\n<link rel=\"canonical\" href=\"https:\/\/marktxxl.de\/markt\/produkt\/hocosy-augenbrauen-set-pinzette-augenbrauen-zupfen-8-pcs-augenbrauen-pflege-set-mit-braunem-augenbrauenstift-augenbrauen-kamm-pinzetten-rasierer-pinsel-scheren-set-pflege\/\" \/>\n<meta property=\"og:locale\" content=\"de_DE\" \/>\n<meta property=\"og:type\" content=\"article\" \/>\n<meta property=\"og:title\" content=\"HOCOSY Augenbrauen Set, Pinzette Augenbrauen Zupfen, 8-pcs Augenbrauen-Pflege-Set mit Braunem Augenbrauenstift\u2026 - Markt-XXL\" \/>\n<meta property=\"og:description\" content=\"Markt-XXL HOCOSY Augenbrauen Set, Pinzette Augenbrauen Zupfen, 8-pcs Augenbrauen-Pflege-Set mit Braunem Augenbrauenstift\u2026\" \/>\n<meta property=\"og:url\" content=\"https:\/\/marktxxl.de\/markt\/produkt\/hocosy-augenbrauen-set-pinzette-augenbrauen-zupfen-8-pcs-augenbrauen-pflege-set-mit-braunem-augenbrauenstift-augenbrauen-kamm-pinzetten-rasierer-pinsel-scheren-set-pflege\/\" \/>\n<meta property=\"og:site_name\" content=\"Markt-XXL\" \/>\n<meta property=\"article:modified_time\" content=\"2023-04-11T00:44:38+00:00\" \/>\n<meta property=\"og:image\" content=\"https:\/\/m.media-amazon.com\/images\/I\/51qh6Yu4TRL._SL500_.jpg\" \/>\n\t<meta property=\"og:image:width\" content=\"500\" \/>\n\t<meta property=\"og:image:height\" content=\"500\" \/>\n\t<meta property=\"og:image:type\" content=\"image\/jpeg\" \/>\n<meta name=\"twitter:card\" content=\"summary_large_image\" \/>\n<meta name=\"twitter:label1\" content=\"Gesch\u00e4tzte Lesezeit\" \/>\n\t<meta name=\"twitter:data1\" content=\"1\u00a0Minute\" \/>\n<script type=\"application\/ld+json\" class=\"yoast-schema-graph\">{\"@context\":\"https:\\\/\\\/schema.org\",\"@graph\":[{\"@type\":\"WebPage\",\"@id\":\"https:\\\/\\\/marktxxl.de\\\/markt\\\/produkt\\\/hocosy-augenbrauen-set-pinzette-augenbrauen-zupfen-8-pcs-augenbrauen-pflege-set-mit-braunem-augenbrauenstift-augenbrauen-kamm-pinzetten-rasierer-pinsel-scheren-set-pflege\\\/\",\"url\":\"https:\\\/\\\/marktxxl.de\\\/markt\\\/produkt\\\/hocosy-augenbrauen-set-pinzette-augenbrauen-zupfen-8-pcs-augenbrauen-pflege-set-mit-braunem-augenbrauenstift-augenbrauen-kamm-pinzetten-rasierer-pinsel-scheren-set-pflege\\\/\",\"name\":\"HOCOSY Augenbrauen Set, Pinzette Augenbrauen Zupfen, 8-pcs Augenbrauen-Pflege-Set mit Braunem Augenbrauenstift\u2026 - Markt-XXL\",\"isPartOf\":{\"@id\":\"https:\\\/\\\/marktxxl.de\\\/markt\\\/#website\"},\"primaryImageOfPage\":{\"@id\":\"https:\\\/\\\/marktxxl.de\\\/markt\\\/produkt\\\/hocosy-augenbrauen-set-pinzette-augenbrauen-zupfen-8-pcs-augenbrauen-pflege-set-mit-braunem-augenbrauenstift-augenbrauen-kamm-pinzetten-rasierer-pinsel-scheren-set-pflege\\\/#primaryimage\"},\"image\":{\"@id\":\"https:\\\/\\\/marktxxl.de\\\/markt\\\/produkt\\\/hocosy-augenbrauen-set-pinzette-augenbrauen-zupfen-8-pcs-augenbrauen-pflege-set-mit-braunem-augenbrauenstift-augenbrauen-kamm-pinzetten-rasierer-pinsel-scheren-set-pflege\\\/#primaryimage\"},\"thumbnailUrl\":\"https:\\\/\\\/m.media-amazon.com\\\/images\\\/I\\\/51qh6Yu4TRL._SL500_.jpg\",\"datePublished\":\"2021-11-12T22:04:10+00:00\",\"dateModified\":\"2023-04-11T00:44:38+00:00\",\"description\":\"Markt-XXL HOCOSY Augenbrauen Set, Pinzette Augenbrauen Zupfen, 8-pcs Augenbrauen-Pflege-Set mit Braunem Augenbrauenstift\u2026\",\"breadcrumb\":{\"@id\":\"https:\\\/\\\/marktxxl.de\\\/markt\\\/produkt\\\/hocosy-augenbrauen-set-pinzette-augenbrauen-zupfen-8-pcs-augenbrauen-pflege-set-mit-braunem-augenbrauenstift-augenbrauen-kamm-pinzetten-rasierer-pinsel-scheren-set-pflege\\\/#breadcrumb\"},\"inLanguage\":\"de\",\"potentialAction\":[{\"@type\":\"ReadAction\",\"target\":[\"https:\\\/\\\/marktxxl.de\\\/markt\\\/produkt\\\/hocosy-augenbrauen-set-pinzette-augenbrauen-zupfen-8-pcs-augenbrauen-pflege-set-mit-braunem-augenbrauenstift-augenbrauen-kamm-pinzetten-rasierer-pinsel-scheren-set-pflege\\\/\"]}]},{\"@type\":\"ImageObject\",\"inLanguage\":\"de\",\"@id\":\"https:\\\/\\\/marktxxl.de\\\/markt\\\/produkt\\\/hocosy-augenbrauen-set-pinzette-augenbrauen-zupfen-8-pcs-augenbrauen-pflege-set-mit-braunem-augenbrauenstift-augenbrauen-kamm-pinzetten-rasierer-pinsel-scheren-set-pflege\\\/#primaryimage\",\"url\":\"https:\\\/\\\/m.media-amazon.com\\\/images\\\/I\\\/51qh6Yu4TRL._SL500_.jpg\",\"contentUrl\":\"https:\\\/\\\/m.media-amazon.com\\\/images\\\/I\\\/51qh6Yu4TRL._SL500_.jpg\",\"width\":500,\"height\":500},{\"@type\":\"BreadcrumbList\",\"@id\":\"https:\\\/\\\/marktxxl.de\\\/markt\\\/produkt\\\/hocosy-augenbrauen-set-pinzette-augenbrauen-zupfen-8-pcs-augenbrauen-pflege-set-mit-braunem-augenbrauenstift-augenbrauen-kamm-pinzetten-rasierer-pinsel-scheren-set-pflege\\\/#breadcrumb\",\"itemListElement\":[{\"@type\":\"ListItem\",\"position\":1,\"name\":\"Startseite\",\"item\":\"https:\\\/\\\/marktxxl.de\\\/markt\\\/\"},{\"@type\":\"ListItem\",\"position\":2,\"name\":\"Markt\",\"item\":\"https:\\\/\\\/marktxxl.de\\\/markt\\\/\"},{\"@type\":\"ListItem\",\"position\":3,\"name\":\"HOCOSY Augenbrauen Set, Pinzette Augenbrauen Zupfen, 8-pcs Augenbrauen-Pflege-Set mit Braunem Augenbrauenstift\u2026\"}]},{\"@type\":\"WebSite\",\"@id\":\"https:\\\/\\\/marktxxl.de\\\/markt\\\/#website\",\"url\":\"https:\\\/\\\/marktxxl.de\\\/markt\\\/\",\"name\":\"Markt-XXL\",\"description\":\"Ihr Markt Online\",\"publisher\":{\"@id\":\"https:\\\/\\\/marktxxl.de\\\/markt\\\/#organization\"},\"potentialAction\":[{\"@type\":\"SearchAction\",\"target\":{\"@type\":\"EntryPoint\",\"urlTemplate\":\"https:\\\/\\\/marktxxl.de\\\/markt\\\/?s={search_term_string}\"},\"query-input\":{\"@type\":\"PropertyValueSpecification\",\"valueRequired\":true,\"valueName\":\"search_term_string\"}}],\"inLanguage\":\"de\"},{\"@type\":\"Organization\",\"@id\":\"https:\\\/\\\/marktxxl.de\\\/markt\\\/#organization\",\"name\":\"Markt-XXL\",\"url\":\"https:\\\/\\\/marktxxl.de\\\/markt\\\/\",\"logo\":{\"@type\":\"ImageObject\",\"inLanguage\":\"de\",\"@id\":\"https:\\\/\\\/marktxxl.de\\\/markt\\\/#\\\/schema\\\/logo\\\/image\\\/\",\"url\":\"https:\\\/\\\/marktxxl.de\\\/markt\\\/wp-content\\\/uploads\\\/sites\\\/3\\\/2020\\\/12\\\/logo.png\",\"contentUrl\":\"https:\\\/\\\/marktxxl.de\\\/markt\\\/wp-content\\\/uploads\\\/sites\\\/3\\\/2020\\\/12\\\/logo.png\",\"width\":200,\"height\":70,\"caption\":\"Markt-XXL\"},\"image\":{\"@id\":\"https:\\\/\\\/marktxxl.de\\\/markt\\\/#\\\/schema\\\/logo\\\/image\\\/\"}}]}<\/script>\n<!-- \/ Yoast SEO plugin. -->","yoast_head_json":{"title":"HOCOSY Augenbrauen Set, Pinzette Augenbrauen Zupfen, 8-pcs Augenbrauen-Pflege-Set mit Braunem Augenbrauenstift\u2026 - Markt-XXL","description":"Markt-XXL HOCOSY Augenbrauen Set, Pinzette Augenbrauen Zupfen, 8-pcs Augenbrauen-Pflege-Set mit Braunem Augenbrauenstift\u2026","robots":{"index":"index","follow":"follow","max-snippet":"max-snippet:-1","max-image-preview":"max-image-preview:large","max-video-preview":"max-video-preview:-1"},"canonical":"https:\/\/marktxxl.de\/markt\/produkt\/hocosy-augenbrauen-set-pinzette-augenbrauen-zupfen-8-pcs-augenbrauen-pflege-set-mit-braunem-augenbrauenstift-augenbrauen-kamm-pinzetten-rasierer-pinsel-scheren-set-pflege\/","og_locale":"de_DE","og_type":"article","og_title":"HOCOSY Augenbrauen Set, Pinzette Augenbrauen Zupfen, 8-pcs Augenbrauen-Pflege-Set mit Braunem Augenbrauenstift\u2026 - Markt-XXL","og_description":"Markt-XXL HOCOSY Augenbrauen Set, Pinzette Augenbrauen Zupfen, 8-pcs Augenbrauen-Pflege-Set mit Braunem Augenbrauenstift\u2026","og_url":"https:\/\/marktxxl.de\/markt\/produkt\/hocosy-augenbrauen-set-pinzette-augenbrauen-zupfen-8-pcs-augenbrauen-pflege-set-mit-braunem-augenbrauenstift-augenbrauen-kamm-pinzetten-rasierer-pinsel-scheren-set-pflege\/","og_site_name":"Markt-XXL","article_modified_time":"2023-04-11T00:44:38+00:00","og_image":[{"width":500,"height":500,"url":"https:\/\/m.media-amazon.com\/images\/I\/51qh6Yu4TRL._SL500_.jpg","type":"image\/jpeg"}],"twitter_card":"summary_large_image","twitter_misc":{"Gesch\u00e4tzte Lesezeit":"1\u00a0Minute"},"schema":{"@context":"https:\/\/schema.org","@graph":[{"@type":"WebPage","@id":"https:\/\/marktxxl.de\/markt\/produkt\/hocosy-augenbrauen-set-pinzette-augenbrauen-zupfen-8-pcs-augenbrauen-pflege-set-mit-braunem-augenbrauenstift-augenbrauen-kamm-pinzetten-rasierer-pinsel-scheren-set-pflege\/","url":"https:\/\/marktxxl.de\/markt\/produkt\/hocosy-augenbrauen-set-pinzette-augenbrauen-zupfen-8-pcs-augenbrauen-pflege-set-mit-braunem-augenbrauenstift-augenbrauen-kamm-pinzetten-rasierer-pinsel-scheren-set-pflege\/","name":"HOCOSY Augenbrauen Set, Pinzette Augenbrauen Zupfen, 8-pcs Augenbrauen-Pflege-Set mit Braunem Augenbrauenstift\u2026 - Markt-XXL","isPartOf":{"@id":"https:\/\/marktxxl.de\/markt\/#website"},"primaryImageOfPage":{"@id":"https:\/\/marktxxl.de\/markt\/produkt\/hocosy-augenbrauen-set-pinzette-augenbrauen-zupfen-8-pcs-augenbrauen-pflege-set-mit-braunem-augenbrauenstift-augenbrauen-kamm-pinzetten-rasierer-pinsel-scheren-set-pflege\/#primaryimage"},"image":{"@id":"https:\/\/marktxxl.de\/markt\/produkt\/hocosy-augenbrauen-set-pinzette-augenbrauen-zupfen-8-pcs-augenbrauen-pflege-set-mit-braunem-augenbrauenstift-augenbrauen-kamm-pinzetten-rasierer-pinsel-scheren-set-pflege\/#primaryimage"},"thumbnailUrl":"https:\/\/m.media-amazon.com\/images\/I\/51qh6Yu4TRL._SL500_.jpg","datePublished":"2021-11-12T22:04:10+00:00","dateModified":"2023-04-11T00:44:38+00:00","description":"Markt-XXL HOCOSY Augenbrauen Set, Pinzette Augenbrauen Zupfen, 8-pcs Augenbrauen-Pflege-Set mit Braunem Augenbrauenstift\u2026","breadcrumb":{"@id":"https:\/\/marktxxl.de\/markt\/produkt\/hocosy-augenbrauen-set-pinzette-augenbrauen-zupfen-8-pcs-augenbrauen-pflege-set-mit-braunem-augenbrauenstift-augenbrauen-kamm-pinzetten-rasierer-pinsel-scheren-set-pflege\/#breadcrumb"},"inLanguage":"de","potentialAction":[{"@type":"ReadAction","target":["https:\/\/marktxxl.de\/markt\/produkt\/hocosy-augenbrauen-set-pinzette-augenbrauen-zupfen-8-pcs-augenbrauen-pflege-set-mit-braunem-augenbrauenstift-augenbrauen-kamm-pinzetten-rasierer-pinsel-scheren-set-pflege\/"]}]},{"@type":"ImageObject","inLanguage":"de","@id":"https:\/\/marktxxl.de\/markt\/produkt\/hocosy-augenbrauen-set-pinzette-augenbrauen-zupfen-8-pcs-augenbrauen-pflege-set-mit-braunem-augenbrauenstift-augenbrauen-kamm-pinzetten-rasierer-pinsel-scheren-set-pflege\/#primaryimage","url":"https:\/\/m.media-amazon.com\/images\/I\/51qh6Yu4TRL._SL500_.jpg","contentUrl":"https:\/\/m.media-amazon.com\/images\/I\/51qh6Yu4TRL._SL500_.jpg","width":500,"height":500},{"@type":"BreadcrumbList","@id":"https:\/\/marktxxl.de\/markt\/produkt\/hocosy-augenbrauen-set-pinzette-augenbrauen-zupfen-8-pcs-augenbrauen-pflege-set-mit-braunem-augenbrauenstift-augenbrauen-kamm-pinzetten-rasierer-pinsel-scheren-set-pflege\/#breadcrumb","itemListElement":[{"@type":"ListItem","position":1,"name":"Startseite","item":"https:\/\/marktxxl.de\/markt\/"},{"@type":"ListItem","position":2,"name":"Markt","item":"https:\/\/marktxxl.de\/markt\/"},{"@type":"ListItem","position":3,"name":"HOCOSY Augenbrauen Set, Pinzette Augenbrauen Zupfen, 8-pcs Augenbrauen-Pflege-Set mit Braunem Augenbrauenstift\u2026"}]},{"@type":"WebSite","@id":"https:\/\/marktxxl.de\/markt\/#website","url":"https:\/\/marktxxl.de\/markt\/","name":"Markt-XXL","description":"Ihr Markt Online","publisher":{"@id":"https:\/\/marktxxl.de\/markt\/#organization"},"potentialAction":[{"@type":"SearchAction","target":{"@type":"EntryPoint","urlTemplate":"https:\/\/marktxxl.de\/markt\/?s={search_term_string}"},"query-input":{"@type":"PropertyValueSpecification","valueRequired":true,"valueName":"search_term_string"}}],"inLanguage":"de"},{"@type":"Organization","@id":"https:\/\/marktxxl.de\/markt\/#organization","name":"Markt-XXL","url":"https:\/\/marktxxl.de\/markt\/","logo":{"@type":"ImageObject","inLanguage":"de","@id":"https:\/\/marktxxl.de\/markt\/#\/schema\/logo\/image\/","url":"https:\/\/marktxxl.de\/markt\/wp-content\/uploads\/sites\/3\/2020\/12\/logo.png","contentUrl":"https:\/\/marktxxl.de\/markt\/wp-content\/uploads\/sites\/3\/2020\/12\/logo.png","width":200,"height":70,"caption":"Markt-XXL"},"image":{"@id":"https:\/\/marktxxl.de\/markt\/#\/schema\/logo\/image\/"}}]}},"_links":{"self":[{"href":"https:\/\/marktxxl.de\/markt\/wp-json\/wp\/v2\/product\/71508","targetHints":{"allow":["GET"]}}],"collection":[{"href":"https:\/\/marktxxl.de\/markt\/wp-json\/wp\/v2\/product"}],"about":[{"href":"https:\/\/marktxxl.de\/markt\/wp-json\/wp\/v2\/types\/product"}],"replies":[{"embeddable":true,"href":"https:\/\/marktxxl.de\/markt\/wp-json\/wp\/v2\/comments?post=71508"}],"wp:featuredmedia":[{"embeddable":true,"href":"https:\/\/marktxxl.de\/markt\/wp-json\/wp\/v2\/media\/71509"}],"wp:attachment":[{"href":"https:\/\/marktxxl.de\/markt\/wp-json\/wp\/v2\/media?parent=71508"}],"wp:term":[{"taxonomy":"product_brand","embeddable":true,"href":"https:\/\/marktxxl.de\/markt\/wp-json\/wp\/v2\/product_brand?post=71508"},{"taxonomy":"product_cat","embeddable":true,"href":"https:\/\/marktxxl.de\/markt\/wp-json\/wp\/v2\/product_cat?post=71508"},{"taxonomy":"product_tag","embeddable":true,"href":"https:\/\/marktxxl.de\/markt\/wp-json\/wp\/v2\/product_tag?post=71508"}],"curies":[{"name":"wp","href":"https:\/\/api.w.org\/{rel}","templated":true}]}}