{"id":71499,"date":"2021-11-12T23:04:06","date_gmt":"2021-11-12T22:04:06","guid":{"rendered":"https:\/\/marktxxl.de\/markt\/produkt\/pinselset-make-up-pinsel-set-geschenkbox-bestope-16-stueck-mit-2-maskenpinsel-silikon-1-schwamm-und-buerste-wash-ei-gesichtspinsel-lidschattenpinsel-augenpinsel\/"},"modified":"2023-04-11T02:44:38","modified_gmt":"2023-04-11T00:44:38","slug":"pinselset-make-up-pinsel-set-geschenkbox-bestope-16-stueck-mit-2-maskenpinsel-silikon-1-schwamm-und-buerste-wash-ei-gesichtspinsel-lidschattenpinsel-augenpinsel","status":"publish","type":"product","link":"https:\/\/marktxxl.de\/markt\/produkt\/pinselset-make-up-pinsel-set-geschenkbox-bestope-16-stueck-mit-2-maskenpinsel-silikon-1-schwamm-und-buerste-wash-ei-gesichtspinsel-lidschattenpinsel-augenpinsel\/","title":{"rendered":"Pinselset Make up Pinsel Set Geschenkbox BESTOPE 16 St\u00fcck mit 2 Maskenpinsel Silikon 1 Schwamm und B\u00fcrste Wash Ei\u2026"},"content":{"rendered":"<p>\u3010Praktisches Make-up Pinsel Set\u3011Die champagnergoldene Pinlsel verwendet weiches Haar, um Ihnen das beste Hauterlebnis zu bieten. Enth\u00e4lt 16 Pinsel, einschlie\u00dflich Gesichtspinsel, Augenpinsel, Lippenpinsel usw., um Ihre Make-up-Anforderungen zu erf\u00fcllen.<br \/>\n\u3010Weiche Gesichtsmaskenb\u00fcrste\u3011Mit dem Maskenpinsel aus Silikon k\u00f6nnen Sie Hautpflegeprodukte gleichm\u00e4\u00dfig auftragen, bevor Sie Make-up auftragen, um einen besseren Hautzustand zu erzielen. infacheres Auftragen und weniger Abfall.<br \/>\n\u3010Make-up-Schwamm&amp; B\u00fcrste Wash Ei\u3011Wir bieten 1 Make-up-Schw\u00e4mme f\u00fcr die Anwendung von get\u00f6nter Feuchtigkeitscreme, BB- oder CC-Creme, Foundation und Creme Blush. Mit den mitgelieferten B\u00fcrste Wash Ei k\u00f6nnen Sie die B\u00fcrste schneller und tiefer reinigen.<br \/>\n\u3010Elegante Geschenkbox\u3011Dieser Pinselset wird in einer Geschenkbox in Champagnergold geliefert, die sich perfekt f\u00fcr Ihre Familie, Freunde und Liebhaber eignet. In der Box k\u00f6nnen Sie auch Pinsel aufbewahren und Ihren Make-up-Tisch dekorieren.<br \/>\n\u3010Hinweis\u3011BESTOPE empfiehlt, alle B\u00fcrsten und H\u00fclle mindestens einmal im Monat mit neutraler Seife zu reinigen. B\u00fcrsten f\u00fcr die Augen und die Umgebung m\u00fcssen einmal pro Woche gereinigt werden. Wenn Sie beim Erhalt der B\u00fcrste einen seltsamen Geruch versp\u00fcren, legen Sie ihn bitte an einen bel\u00fcfteten Ort, damit der Geruch schnell verschwindet.<br \/>\n<div class=\"main-cross-sell\" data-asin=\"B08HMD5DWW\">\n\n\t<div class=\"WooZone-cross-sell-loader\">\n\t\t<div>\n\t\t\t<div id=\"floatingBarsG\">\n\t\t\t\t<div class=\"blockG\" id=\"rotateG_01\"><\/div>\n\t\t\t\t<div class=\"blockG\" id=\"rotateG_02\"><\/div>\n\t\t\t\t<div class=\"blockG\" id=\"rotateG_03\"><\/div>\n\t\t\t\t<div class=\"blockG\" id=\"rotateG_04\"><\/div>\n\t\t\t\t<div class=\"blockG\" id=\"rotateG_05\"><\/div>\n\t\t\t\t<div class=\"blockG\" id=\"rotateG_06\"><\/div>\n\t\t\t\t<div class=\"blockG\" id=\"rotateG_07\"><\/div>\n\t\t\t\t<div class=\"blockG\" id=\"rotateG_08\"><\/div>\n\t\t\t<\/div>\n\t\t\t<div class=\"WooZone-cross-sell-loader-text\"><\/div>\n\t\t<\/div>\n\t<\/div>\n\n\t\t\n<\/div>\n<div style=\"clear:both;\"><\/div><\/p>\n","protected":false},"excerpt":{"rendered":"<p>\u3010Praktisches Make-up Pinsel Set\u3011Die champagnergoldene Pinlsel verwendet weiches Haar, um Ihnen das beste Hauterlebnis zu bieten. Enth\u00e4lt 16 Pinsel, einschlie\u00dflich Gesichtspinsel, Augenpinsel, Lippenpinsel usw., um Ihre Make-up-Anforderungen zu erf\u00fcllen.<br \/>\n\u3010Weiche Gesichtsmaskenb\u00fcrste\u3011Mit dem Maskenpinsel aus Silikon k\u00f6nnen Sie Hautpflegeprodukte gleichm\u00e4\u00dfig auftragen, bevor Sie Make-up auftragen, um einen besseren Hautzustand zu erzielen. infacheres Auftragen und weniger Abfall.<br \/>\n\u3010Make-up-Schwamm&amp; B\u00fcrste Wash Ei\u3011Wir bieten 1 Make-up-Schw\u00e4mme f\u00fcr die Anwendung von get\u00f6nter Feuchtigkeitscreme, BB- oder CC-Creme, Foundation und Creme Blush. Mit den mitgelieferten B\u00fcrste Wash Ei k\u00f6nnen Sie die B\u00fcrste schneller und tiefer reinigen.<\/p>\n","protected":false},"featured_media":71500,"comment_status":"open","ping_status":"closed","template":"","meta":[],"product_brand":[],"product_cat":[2858,7726],"product_tag":[],"class_list":{"0":"post-71499","1":"product","2":"type-product","3":"status-publish","4":"has-post-thumbnail","6":"product_cat-beauty","7":"product_cat-zubehoer-beauty","8":"pa_binding-badartikel","9":"pa_brand-bestope","10":"pa_color-champagner-gold","11":"pa_manufacturer-bestope","12":"pa_size-20-stueck-1er-pack","14":"first","15":"instock","16":"shipping-taxable","17":"purchasable","18":"product-type-simple","19":"customify-col","20":"product-has-gallery"},"yoast_head":"<!-- This site is optimized with the Yoast SEO plugin v27.4 - https:\/\/yoast.com\/product\/yoast-seo-wordpress\/ -->\n<title>Pinselset Make up Pinsel Set Geschenkbox BESTOPE 16 St\u00fcck mit 2 Maskenpinsel Silikon 1 Schwamm und B\u00fcrste Wash Ei\u2026 - Markt-XXL<\/title>\n<meta name=\"description\" content=\"Markt-XXL Pinselset Make up Pinsel Set Geschenkbox BESTOPE 16 St\u00fcck mit 2 Maskenpinsel Silikon 1 Schwamm und B\u00fcrste Wash Ei\u2026\" \/>\n<meta name=\"robots\" content=\"index, follow, max-snippet:-1, max-image-preview:large, max-video-preview:-1\" \/>\n<link rel=\"canonical\" href=\"https:\/\/marktxxl.de\/markt\/produkt\/pinselset-make-up-pinsel-set-geschenkbox-bestope-16-stueck-mit-2-maskenpinsel-silikon-1-schwamm-und-buerste-wash-ei-gesichtspinsel-lidschattenpinsel-augenpinsel\/\" \/>\n<meta property=\"og:locale\" content=\"de_DE\" \/>\n<meta property=\"og:type\" content=\"article\" \/>\n<meta property=\"og:title\" content=\"Pinselset Make up Pinsel Set Geschenkbox BESTOPE 16 St\u00fcck mit 2 Maskenpinsel Silikon 1 Schwamm und B\u00fcrste Wash Ei\u2026 - Markt-XXL\" \/>\n<meta property=\"og:description\" content=\"Markt-XXL Pinselset Make up Pinsel Set Geschenkbox BESTOPE 16 St\u00fcck mit 2 Maskenpinsel Silikon 1 Schwamm und B\u00fcrste Wash Ei\u2026\" \/>\n<meta property=\"og:url\" content=\"https:\/\/marktxxl.de\/markt\/produkt\/pinselset-make-up-pinsel-set-geschenkbox-bestope-16-stueck-mit-2-maskenpinsel-silikon-1-schwamm-und-buerste-wash-ei-gesichtspinsel-lidschattenpinsel-augenpinsel\/\" \/>\n<meta property=\"og:site_name\" content=\"Markt-XXL\" \/>\n<meta property=\"article:modified_time\" content=\"2023-04-11T00:44:38+00:00\" \/>\n<meta property=\"og:image\" content=\"https:\/\/m.media-amazon.com\/images\/I\/51bszohrtvL._SL500_.jpg\" \/>\n\t<meta property=\"og:image:width\" content=\"500\" \/>\n\t<meta property=\"og:image:height\" content=\"500\" \/>\n\t<meta property=\"og:image:type\" content=\"image\/jpeg\" \/>\n<meta name=\"twitter:card\" content=\"summary_large_image\" \/>\n<meta name=\"twitter:label1\" content=\"Gesch\u00e4tzte Lesezeit\" \/>\n\t<meta name=\"twitter:data1\" content=\"1\u00a0Minute\" \/>\n<script type=\"application\/ld+json\" class=\"yoast-schema-graph\">{\"@context\":\"https:\\\/\\\/schema.org\",\"@graph\":[{\"@type\":\"WebPage\",\"@id\":\"https:\\\/\\\/marktxxl.de\\\/markt\\\/produkt\\\/pinselset-make-up-pinsel-set-geschenkbox-bestope-16-stueck-mit-2-maskenpinsel-silikon-1-schwamm-und-buerste-wash-ei-gesichtspinsel-lidschattenpinsel-augenpinsel\\\/\",\"url\":\"https:\\\/\\\/marktxxl.de\\\/markt\\\/produkt\\\/pinselset-make-up-pinsel-set-geschenkbox-bestope-16-stueck-mit-2-maskenpinsel-silikon-1-schwamm-und-buerste-wash-ei-gesichtspinsel-lidschattenpinsel-augenpinsel\\\/\",\"name\":\"Pinselset Make up Pinsel Set Geschenkbox BESTOPE 16 St\u00fcck mit 2 Maskenpinsel Silikon 1 Schwamm und B\u00fcrste Wash Ei\u2026 - Markt-XXL\",\"isPartOf\":{\"@id\":\"https:\\\/\\\/marktxxl.de\\\/markt\\\/#website\"},\"primaryImageOfPage\":{\"@id\":\"https:\\\/\\\/marktxxl.de\\\/markt\\\/produkt\\\/pinselset-make-up-pinsel-set-geschenkbox-bestope-16-stueck-mit-2-maskenpinsel-silikon-1-schwamm-und-buerste-wash-ei-gesichtspinsel-lidschattenpinsel-augenpinsel\\\/#primaryimage\"},\"image\":{\"@id\":\"https:\\\/\\\/marktxxl.de\\\/markt\\\/produkt\\\/pinselset-make-up-pinsel-set-geschenkbox-bestope-16-stueck-mit-2-maskenpinsel-silikon-1-schwamm-und-buerste-wash-ei-gesichtspinsel-lidschattenpinsel-augenpinsel\\\/#primaryimage\"},\"thumbnailUrl\":\"https:\\\/\\\/m.media-amazon.com\\\/images\\\/I\\\/51bszohrtvL._SL500_.jpg\",\"datePublished\":\"2021-11-12T22:04:06+00:00\",\"dateModified\":\"2023-04-11T00:44:38+00:00\",\"description\":\"Markt-XXL Pinselset Make up Pinsel Set Geschenkbox BESTOPE 16 St\u00fcck mit 2 Maskenpinsel Silikon 1 Schwamm und B\u00fcrste Wash Ei\u2026\",\"breadcrumb\":{\"@id\":\"https:\\\/\\\/marktxxl.de\\\/markt\\\/produkt\\\/pinselset-make-up-pinsel-set-geschenkbox-bestope-16-stueck-mit-2-maskenpinsel-silikon-1-schwamm-und-buerste-wash-ei-gesichtspinsel-lidschattenpinsel-augenpinsel\\\/#breadcrumb\"},\"inLanguage\":\"de\",\"potentialAction\":[{\"@type\":\"ReadAction\",\"target\":[\"https:\\\/\\\/marktxxl.de\\\/markt\\\/produkt\\\/pinselset-make-up-pinsel-set-geschenkbox-bestope-16-stueck-mit-2-maskenpinsel-silikon-1-schwamm-und-buerste-wash-ei-gesichtspinsel-lidschattenpinsel-augenpinsel\\\/\"]}]},{\"@type\":\"ImageObject\",\"inLanguage\":\"de\",\"@id\":\"https:\\\/\\\/marktxxl.de\\\/markt\\\/produkt\\\/pinselset-make-up-pinsel-set-geschenkbox-bestope-16-stueck-mit-2-maskenpinsel-silikon-1-schwamm-und-buerste-wash-ei-gesichtspinsel-lidschattenpinsel-augenpinsel\\\/#primaryimage\",\"url\":\"https:\\\/\\\/m.media-amazon.com\\\/images\\\/I\\\/51bszohrtvL._SL500_.jpg\",\"contentUrl\":\"https:\\\/\\\/m.media-amazon.com\\\/images\\\/I\\\/51bszohrtvL._SL500_.jpg\",\"width\":500,\"height\":500},{\"@type\":\"BreadcrumbList\",\"@id\":\"https:\\\/\\\/marktxxl.de\\\/markt\\\/produkt\\\/pinselset-make-up-pinsel-set-geschenkbox-bestope-16-stueck-mit-2-maskenpinsel-silikon-1-schwamm-und-buerste-wash-ei-gesichtspinsel-lidschattenpinsel-augenpinsel\\\/#breadcrumb\",\"itemListElement\":[{\"@type\":\"ListItem\",\"position\":1,\"name\":\"Startseite\",\"item\":\"https:\\\/\\\/marktxxl.de\\\/markt\\\/\"},{\"@type\":\"ListItem\",\"position\":2,\"name\":\"Markt\",\"item\":\"https:\\\/\\\/marktxxl.de\\\/markt\\\/\"},{\"@type\":\"ListItem\",\"position\":3,\"name\":\"Pinselset Make up Pinsel Set Geschenkbox BESTOPE 16 St\u00fcck mit 2 Maskenpinsel Silikon 1 Schwamm und B\u00fcrste Wash Ei\u2026\"}]},{\"@type\":\"WebSite\",\"@id\":\"https:\\\/\\\/marktxxl.de\\\/markt\\\/#website\",\"url\":\"https:\\\/\\\/marktxxl.de\\\/markt\\\/\",\"name\":\"Markt-XXL\",\"description\":\"Ihr Markt Online\",\"publisher\":{\"@id\":\"https:\\\/\\\/marktxxl.de\\\/markt\\\/#organization\"},\"potentialAction\":[{\"@type\":\"SearchAction\",\"target\":{\"@type\":\"EntryPoint\",\"urlTemplate\":\"https:\\\/\\\/marktxxl.de\\\/markt\\\/?s={search_term_string}\"},\"query-input\":{\"@type\":\"PropertyValueSpecification\",\"valueRequired\":true,\"valueName\":\"search_term_string\"}}],\"inLanguage\":\"de\"},{\"@type\":\"Organization\",\"@id\":\"https:\\\/\\\/marktxxl.de\\\/markt\\\/#organization\",\"name\":\"Markt-XXL\",\"url\":\"https:\\\/\\\/marktxxl.de\\\/markt\\\/\",\"logo\":{\"@type\":\"ImageObject\",\"inLanguage\":\"de\",\"@id\":\"https:\\\/\\\/marktxxl.de\\\/markt\\\/#\\\/schema\\\/logo\\\/image\\\/\",\"url\":\"https:\\\/\\\/marktxxl.de\\\/markt\\\/wp-content\\\/uploads\\\/sites\\\/3\\\/2020\\\/12\\\/logo.png\",\"contentUrl\":\"https:\\\/\\\/marktxxl.de\\\/markt\\\/wp-content\\\/uploads\\\/sites\\\/3\\\/2020\\\/12\\\/logo.png\",\"width\":200,\"height\":70,\"caption\":\"Markt-XXL\"},\"image\":{\"@id\":\"https:\\\/\\\/marktxxl.de\\\/markt\\\/#\\\/schema\\\/logo\\\/image\\\/\"}}]}<\/script>\n<!-- \/ Yoast SEO plugin. -->","yoast_head_json":{"title":"Pinselset Make up Pinsel Set Geschenkbox BESTOPE 16 St\u00fcck mit 2 Maskenpinsel Silikon 1 Schwamm und B\u00fcrste Wash Ei\u2026 - Markt-XXL","description":"Markt-XXL Pinselset Make up Pinsel Set Geschenkbox BESTOPE 16 St\u00fcck mit 2 Maskenpinsel Silikon 1 Schwamm und B\u00fcrste Wash Ei\u2026","robots":{"index":"index","follow":"follow","max-snippet":"max-snippet:-1","max-image-preview":"max-image-preview:large","max-video-preview":"max-video-preview:-1"},"canonical":"https:\/\/marktxxl.de\/markt\/produkt\/pinselset-make-up-pinsel-set-geschenkbox-bestope-16-stueck-mit-2-maskenpinsel-silikon-1-schwamm-und-buerste-wash-ei-gesichtspinsel-lidschattenpinsel-augenpinsel\/","og_locale":"de_DE","og_type":"article","og_title":"Pinselset Make up Pinsel Set Geschenkbox BESTOPE 16 St\u00fcck mit 2 Maskenpinsel Silikon 1 Schwamm und B\u00fcrste Wash Ei\u2026 - Markt-XXL","og_description":"Markt-XXL Pinselset Make up Pinsel Set Geschenkbox BESTOPE 16 St\u00fcck mit 2 Maskenpinsel Silikon 1 Schwamm und B\u00fcrste Wash Ei\u2026","og_url":"https:\/\/marktxxl.de\/markt\/produkt\/pinselset-make-up-pinsel-set-geschenkbox-bestope-16-stueck-mit-2-maskenpinsel-silikon-1-schwamm-und-buerste-wash-ei-gesichtspinsel-lidschattenpinsel-augenpinsel\/","og_site_name":"Markt-XXL","article_modified_time":"2023-04-11T00:44:38+00:00","og_image":[{"width":500,"height":500,"url":"https:\/\/m.media-amazon.com\/images\/I\/51bszohrtvL._SL500_.jpg","type":"image\/jpeg"}],"twitter_card":"summary_large_image","twitter_misc":{"Gesch\u00e4tzte Lesezeit":"1\u00a0Minute"},"schema":{"@context":"https:\/\/schema.org","@graph":[{"@type":"WebPage","@id":"https:\/\/marktxxl.de\/markt\/produkt\/pinselset-make-up-pinsel-set-geschenkbox-bestope-16-stueck-mit-2-maskenpinsel-silikon-1-schwamm-und-buerste-wash-ei-gesichtspinsel-lidschattenpinsel-augenpinsel\/","url":"https:\/\/marktxxl.de\/markt\/produkt\/pinselset-make-up-pinsel-set-geschenkbox-bestope-16-stueck-mit-2-maskenpinsel-silikon-1-schwamm-und-buerste-wash-ei-gesichtspinsel-lidschattenpinsel-augenpinsel\/","name":"Pinselset Make up Pinsel Set Geschenkbox BESTOPE 16 St\u00fcck mit 2 Maskenpinsel Silikon 1 Schwamm und B\u00fcrste Wash Ei\u2026 - Markt-XXL","isPartOf":{"@id":"https:\/\/marktxxl.de\/markt\/#website"},"primaryImageOfPage":{"@id":"https:\/\/marktxxl.de\/markt\/produkt\/pinselset-make-up-pinsel-set-geschenkbox-bestope-16-stueck-mit-2-maskenpinsel-silikon-1-schwamm-und-buerste-wash-ei-gesichtspinsel-lidschattenpinsel-augenpinsel\/#primaryimage"},"image":{"@id":"https:\/\/marktxxl.de\/markt\/produkt\/pinselset-make-up-pinsel-set-geschenkbox-bestope-16-stueck-mit-2-maskenpinsel-silikon-1-schwamm-und-buerste-wash-ei-gesichtspinsel-lidschattenpinsel-augenpinsel\/#primaryimage"},"thumbnailUrl":"https:\/\/m.media-amazon.com\/images\/I\/51bszohrtvL._SL500_.jpg","datePublished":"2021-11-12T22:04:06+00:00","dateModified":"2023-04-11T00:44:38+00:00","description":"Markt-XXL Pinselset Make up Pinsel Set Geschenkbox BESTOPE 16 St\u00fcck mit 2 Maskenpinsel Silikon 1 Schwamm und B\u00fcrste Wash Ei\u2026","breadcrumb":{"@id":"https:\/\/marktxxl.de\/markt\/produkt\/pinselset-make-up-pinsel-set-geschenkbox-bestope-16-stueck-mit-2-maskenpinsel-silikon-1-schwamm-und-buerste-wash-ei-gesichtspinsel-lidschattenpinsel-augenpinsel\/#breadcrumb"},"inLanguage":"de","potentialAction":[{"@type":"ReadAction","target":["https:\/\/marktxxl.de\/markt\/produkt\/pinselset-make-up-pinsel-set-geschenkbox-bestope-16-stueck-mit-2-maskenpinsel-silikon-1-schwamm-und-buerste-wash-ei-gesichtspinsel-lidschattenpinsel-augenpinsel\/"]}]},{"@type":"ImageObject","inLanguage":"de","@id":"https:\/\/marktxxl.de\/markt\/produkt\/pinselset-make-up-pinsel-set-geschenkbox-bestope-16-stueck-mit-2-maskenpinsel-silikon-1-schwamm-und-buerste-wash-ei-gesichtspinsel-lidschattenpinsel-augenpinsel\/#primaryimage","url":"https:\/\/m.media-amazon.com\/images\/I\/51bszohrtvL._SL500_.jpg","contentUrl":"https:\/\/m.media-amazon.com\/images\/I\/51bszohrtvL._SL500_.jpg","width":500,"height":500},{"@type":"BreadcrumbList","@id":"https:\/\/marktxxl.de\/markt\/produkt\/pinselset-make-up-pinsel-set-geschenkbox-bestope-16-stueck-mit-2-maskenpinsel-silikon-1-schwamm-und-buerste-wash-ei-gesichtspinsel-lidschattenpinsel-augenpinsel\/#breadcrumb","itemListElement":[{"@type":"ListItem","position":1,"name":"Startseite","item":"https:\/\/marktxxl.de\/markt\/"},{"@type":"ListItem","position":2,"name":"Markt","item":"https:\/\/marktxxl.de\/markt\/"},{"@type":"ListItem","position":3,"name":"Pinselset Make up Pinsel Set Geschenkbox BESTOPE 16 St\u00fcck mit 2 Maskenpinsel Silikon 1 Schwamm und B\u00fcrste Wash Ei\u2026"}]},{"@type":"WebSite","@id":"https:\/\/marktxxl.de\/markt\/#website","url":"https:\/\/marktxxl.de\/markt\/","name":"Markt-XXL","description":"Ihr Markt Online","publisher":{"@id":"https:\/\/marktxxl.de\/markt\/#organization"},"potentialAction":[{"@type":"SearchAction","target":{"@type":"EntryPoint","urlTemplate":"https:\/\/marktxxl.de\/markt\/?s={search_term_string}"},"query-input":{"@type":"PropertyValueSpecification","valueRequired":true,"valueName":"search_term_string"}}],"inLanguage":"de"},{"@type":"Organization","@id":"https:\/\/marktxxl.de\/markt\/#organization","name":"Markt-XXL","url":"https:\/\/marktxxl.de\/markt\/","logo":{"@type":"ImageObject","inLanguage":"de","@id":"https:\/\/marktxxl.de\/markt\/#\/schema\/logo\/image\/","url":"https:\/\/marktxxl.de\/markt\/wp-content\/uploads\/sites\/3\/2020\/12\/logo.png","contentUrl":"https:\/\/marktxxl.de\/markt\/wp-content\/uploads\/sites\/3\/2020\/12\/logo.png","width":200,"height":70,"caption":"Markt-XXL"},"image":{"@id":"https:\/\/marktxxl.de\/markt\/#\/schema\/logo\/image\/"}}]}},"_links":{"self":[{"href":"https:\/\/marktxxl.de\/markt\/wp-json\/wp\/v2\/product\/71499","targetHints":{"allow":["GET"]}}],"collection":[{"href":"https:\/\/marktxxl.de\/markt\/wp-json\/wp\/v2\/product"}],"about":[{"href":"https:\/\/marktxxl.de\/markt\/wp-json\/wp\/v2\/types\/product"}],"replies":[{"embeddable":true,"href":"https:\/\/marktxxl.de\/markt\/wp-json\/wp\/v2\/comments?post=71499"}],"wp:featuredmedia":[{"embeddable":true,"href":"https:\/\/marktxxl.de\/markt\/wp-json\/wp\/v2\/media\/71500"}],"wp:attachment":[{"href":"https:\/\/marktxxl.de\/markt\/wp-json\/wp\/v2\/media?parent=71499"}],"wp:term":[{"taxonomy":"product_brand","embeddable":true,"href":"https:\/\/marktxxl.de\/markt\/wp-json\/wp\/v2\/product_brand?post=71499"},{"taxonomy":"product_cat","embeddable":true,"href":"https:\/\/marktxxl.de\/markt\/wp-json\/wp\/v2\/product_cat?post=71499"},{"taxonomy":"product_tag","embeddable":true,"href":"https:\/\/marktxxl.de\/markt\/wp-json\/wp\/v2\/product_tag?post=71499"}],"curies":[{"name":"wp","href":"https:\/\/api.w.org\/{rel}","templated":true}]}}