{"id":71491,"date":"2021-11-12T23:04:03","date_gmt":"2021-11-12T22:04:03","guid":{"rendered":"https:\/\/marktxxl.de\/markt\/produkt\/5-stueck-maskenpinsel-maskenpinsel-set-silikon-mit-haarbaender-und-maskenschuessel-gesichtsmaske-pinsel-set-kosmetik-make-up-pinsel-beauty-produkte-fuer-diy-maske-schlammmaske-oder-reinigungsmaske\/"},"modified":"2023-04-11T02:44:38","modified_gmt":"2023-04-11T00:44:38","slug":"5-stueck-maskenpinsel-maskenpinsel-set-silikon-mit-haarbaender-und-maskenschuessel-gesichtsmaske-pinsel-set-kosmetik-make-up-pinsel-beauty-produkte-fuer-diy-maske-schlammmaske-oder-reinigungsmaske","status":"publish","type":"product","link":"https:\/\/marktxxl.de\/markt\/produkt\/5-stueck-maskenpinsel-maskenpinsel-set-silikon-mit-haarbaender-und-maskenschuessel-gesichtsmaske-pinsel-set-kosmetik-make-up-pinsel-beauty-produkte-fuer-diy-maske-schlammmaske-oder-reinigungsmaske\/","title":{"rendered":"5 St\u00fcck Maskenpinsel, Maskenpinsel Set Silikon mit Haarb\u00e4nder und Maskensch\u00fcssel, Gesichtsmaske Pinsel Set Kosmetik Make\u2026"},"content":{"rendered":"<p>\u273f\u3010Hochwertiges Material\u3011 Diese Maskenpinsels bestehen aus weichem Silikon und hochqualifiziertem Kunststoff, sie sind nicht nur ungiftig und harmlos, sondern auch langlebig, Machen Sie bitte keine Sorge f\u00fcr ihre Lebensdauer.<br \/>\n\u273f\u3010Inhaltsreich\u3011 Im Paket gibt es nicht nur 5 St\u00fcck Gesichtsmaske Pinsel, sondern auch andere vielf\u00e4ltige Beauty Produkte wie Haarb\u00e4nder, Maskensch\u00fcssel, Spr\u00fchflasche und Silikon Reinigungsb\u00fcrste. Dieses Set kann Ihre verschiedenen Bed\u00fcrfnisse erf\u00fcllen.<br \/>\n\u273f\u3010Leicht zu benutzen und reinigen\u3011 Der weiche Maskenpinsel ist f\u00fcr Haut geeignet und kann leicht auf dem Gesicht bewegt werden, passt perfekt f\u00fcr Ihre Gesicht, um Ihr gesamtes Gesicht einschlie\u00dflich Nasenfl\u00fcgel eine angenehmste Genie\u00df zu bieten. Au\u00dferdem kann es nach Gebrauch nur mit Wasser abgesp\u00fclt werden, was leicht zu reinigen ist.<br \/>\n\u273f\u3010Tragbar und Multifunktion\u3011 Klein und leicht,Sie k\u00f6nnen dieses Set irgendwo mitnehmen wie Sie m\u00f6chten. Es geeignet f\u00fcr verschiedene Situationen, f\u00fcr DIY Maske, Gesichtsmaske, Schlammmaske oder Reinigungsmaske.<br \/>\n\u273f\u3010Paket beinhaltet\u30115xGesichtsmasken Pinsel, 4xHaarb\u00e4nder, 1xSch\u00fcssel, 1xL\u00f6ffe, 1xSpr\u00fchflasche, 1xStick Spatel, 1xEinweichflasche 1xSchwamm, 2xGesichtsreinigungsb\u00fcrste, genug f\u00fcr den t\u00e4glichen Gebrauch.<br \/>\n<div class=\"main-cross-sell\" data-asin=\"B08FKWJDG5\">\n\n\t<div class=\"WooZone-cross-sell-loader\">\n\t\t<div>\n\t\t\t<div id=\"floatingBarsG\">\n\t\t\t\t<div class=\"blockG\" id=\"rotateG_01\"><\/div>\n\t\t\t\t<div class=\"blockG\" id=\"rotateG_02\"><\/div>\n\t\t\t\t<div class=\"blockG\" id=\"rotateG_03\"><\/div>\n\t\t\t\t<div class=\"blockG\" id=\"rotateG_04\"><\/div>\n\t\t\t\t<div class=\"blockG\" id=\"rotateG_05\"><\/div>\n\t\t\t\t<div class=\"blockG\" id=\"rotateG_06\"><\/div>\n\t\t\t\t<div class=\"blockG\" id=\"rotateG_07\"><\/div>\n\t\t\t\t<div class=\"blockG\" id=\"rotateG_08\"><\/div>\n\t\t\t<\/div>\n\t\t\t<div class=\"WooZone-cross-sell-loader-text\"><\/div>\n\t\t<\/div>\n\t<\/div>\n\n\t\t\n<\/div>\n<div style=\"clear:both;\"><\/div><\/p>\n","protected":false},"excerpt":{"rendered":"<p>\u273f\u3010Hochwertiges Material\u3011 Diese Maskenpinsels bestehen aus weichem Silikon und hochqualifiziertem Kunststoff, sie sind nicht nur ungiftig und harmlos, sondern auch langlebig, Machen Sie bitte keine Sorge f\u00fcr ihre Lebensdauer.<br \/>\n\u273f\u3010Inhaltsreich\u3011 Im Paket gibt es nicht nur 5 St\u00fcck Gesichtsmaske Pinsel, sondern auch andere vielf\u00e4ltige Beauty Produkte wie Haarb\u00e4nder, Maskensch\u00fcssel, Spr\u00fchflasche und Silikon Reinigungsb\u00fcrste. Dieses Set kann Ihre verschiedenen Bed\u00fcrfnisse erf\u00fcllen.<br \/>\n\u273f\u3010Leicht zu benutzen und reinigen\u3011 Der weiche Maskenpinsel ist f\u00fcr Haut geeignet und kann leicht auf dem Gesicht bewegt werden, passt perfekt f\u00fcr Ihre Gesicht, um Ihr gesamtes Gesicht einschlie\u00dflich Nasenfl\u00fcgel eine angenehmste Genie\u00df zu bieten. Au\u00dferdem kann es nach Gebrauch nur mit Wasser abgesp\u00fclt werden, was leicht zu reinigen ist.<\/p>\n","protected":false},"featured_media":71492,"comment_status":"open","ping_status":"closed","template":"","meta":[],"product_brand":[],"product_cat":[2858,7726],"product_tag":[],"class_list":{"0":"post-71491","1":"product","2":"type-product","3":"status-publish","4":"has-post-thumbnail","6":"product_cat-beauty","7":"product_cat-zubehoer-beauty","8":"pa_brand-bac-kitchen","9":"pa_manufacturer-bac-kitchen","10":"pa_size-17-stueck-1er-pack","12":"first","13":"instock","14":"shipping-taxable","15":"purchasable","16":"product-type-simple","17":"customify-col","18":"product-has-gallery"},"yoast_head":"<!-- This site is optimized with the Yoast SEO plugin v27.4 - https:\/\/yoast.com\/product\/yoast-seo-wordpress\/ -->\n<title>5 St\u00fcck Maskenpinsel, Maskenpinsel Set Silikon mit Haarb\u00e4nder und Maskensch\u00fcssel, Gesichtsmaske Pinsel Set Kosmetik Make\u2026 - Markt-XXL<\/title>\n<meta name=\"description\" content=\"Markt-XXL 5 St\u00fcck Maskenpinsel, Maskenpinsel Set Silikon mit Haarb\u00e4nder und Maskensch\u00fcssel, Gesichtsmaske Pinsel Set Kosmetik Make\u2026\" \/>\n<meta name=\"robots\" content=\"index, follow, max-snippet:-1, max-image-preview:large, max-video-preview:-1\" \/>\n<link rel=\"canonical\" href=\"https:\/\/marktxxl.de\/markt\/produkt\/5-stueck-maskenpinsel-maskenpinsel-set-silikon-mit-haarbaender-und-maskenschuessel-gesichtsmaske-pinsel-set-kosmetik-make-up-pinsel-beauty-produkte-fuer-diy-maske-schlammmaske-oder-reinigungsmaske\/\" \/>\n<meta property=\"og:locale\" content=\"de_DE\" \/>\n<meta property=\"og:type\" content=\"article\" \/>\n<meta property=\"og:title\" content=\"5 St\u00fcck Maskenpinsel, Maskenpinsel Set Silikon mit Haarb\u00e4nder und Maskensch\u00fcssel, Gesichtsmaske Pinsel Set Kosmetik Make\u2026 - Markt-XXL\" \/>\n<meta property=\"og:description\" content=\"Markt-XXL 5 St\u00fcck Maskenpinsel, Maskenpinsel Set Silikon mit Haarb\u00e4nder und Maskensch\u00fcssel, Gesichtsmaske Pinsel Set Kosmetik Make\u2026\" \/>\n<meta property=\"og:url\" content=\"https:\/\/marktxxl.de\/markt\/produkt\/5-stueck-maskenpinsel-maskenpinsel-set-silikon-mit-haarbaender-und-maskenschuessel-gesichtsmaske-pinsel-set-kosmetik-make-up-pinsel-beauty-produkte-fuer-diy-maske-schlammmaske-oder-reinigungsmaske\/\" \/>\n<meta property=\"og:site_name\" content=\"Markt-XXL\" \/>\n<meta property=\"article:modified_time\" content=\"2023-04-11T00:44:38+00:00\" \/>\n<meta property=\"og:image\" content=\"https:\/\/m.media-amazon.com\/images\/I\/41bVdtujRbL._SL500_.jpg\" \/>\n\t<meta property=\"og:image:width\" content=\"500\" \/>\n\t<meta property=\"og:image:height\" content=\"500\" \/>\n\t<meta property=\"og:image:type\" content=\"image\/jpeg\" \/>\n<meta name=\"twitter:card\" content=\"summary_large_image\" \/>\n<meta name=\"twitter:label1\" content=\"Gesch\u00e4tzte Lesezeit\" \/>\n\t<meta name=\"twitter:data1\" content=\"1\u00a0Minute\" \/>\n<script type=\"application\/ld+json\" class=\"yoast-schema-graph\">{\"@context\":\"https:\\\/\\\/schema.org\",\"@graph\":[{\"@type\":\"WebPage\",\"@id\":\"https:\\\/\\\/marktxxl.de\\\/markt\\\/produkt\\\/5-stueck-maskenpinsel-maskenpinsel-set-silikon-mit-haarbaender-und-maskenschuessel-gesichtsmaske-pinsel-set-kosmetik-make-up-pinsel-beauty-produkte-fuer-diy-maske-schlammmaske-oder-reinigungsmaske\\\/\",\"url\":\"https:\\\/\\\/marktxxl.de\\\/markt\\\/produkt\\\/5-stueck-maskenpinsel-maskenpinsel-set-silikon-mit-haarbaender-und-maskenschuessel-gesichtsmaske-pinsel-set-kosmetik-make-up-pinsel-beauty-produkte-fuer-diy-maske-schlammmaske-oder-reinigungsmaske\\\/\",\"name\":\"5 St\u00fcck Maskenpinsel, Maskenpinsel Set Silikon mit Haarb\u00e4nder und Maskensch\u00fcssel, Gesichtsmaske Pinsel Set Kosmetik Make\u2026 - Markt-XXL\",\"isPartOf\":{\"@id\":\"https:\\\/\\\/marktxxl.de\\\/markt\\\/#website\"},\"primaryImageOfPage\":{\"@id\":\"https:\\\/\\\/marktxxl.de\\\/markt\\\/produkt\\\/5-stueck-maskenpinsel-maskenpinsel-set-silikon-mit-haarbaender-und-maskenschuessel-gesichtsmaske-pinsel-set-kosmetik-make-up-pinsel-beauty-produkte-fuer-diy-maske-schlammmaske-oder-reinigungsmaske\\\/#primaryimage\"},\"image\":{\"@id\":\"https:\\\/\\\/marktxxl.de\\\/markt\\\/produkt\\\/5-stueck-maskenpinsel-maskenpinsel-set-silikon-mit-haarbaender-und-maskenschuessel-gesichtsmaske-pinsel-set-kosmetik-make-up-pinsel-beauty-produkte-fuer-diy-maske-schlammmaske-oder-reinigungsmaske\\\/#primaryimage\"},\"thumbnailUrl\":\"https:\\\/\\\/m.media-amazon.com\\\/images\\\/I\\\/41bVdtujRbL._SL500_.jpg\",\"datePublished\":\"2021-11-12T22:04:03+00:00\",\"dateModified\":\"2023-04-11T00:44:38+00:00\",\"description\":\"Markt-XXL 5 St\u00fcck Maskenpinsel, Maskenpinsel Set Silikon mit Haarb\u00e4nder und Maskensch\u00fcssel, Gesichtsmaske Pinsel Set Kosmetik Make\u2026\",\"breadcrumb\":{\"@id\":\"https:\\\/\\\/marktxxl.de\\\/markt\\\/produkt\\\/5-stueck-maskenpinsel-maskenpinsel-set-silikon-mit-haarbaender-und-maskenschuessel-gesichtsmaske-pinsel-set-kosmetik-make-up-pinsel-beauty-produkte-fuer-diy-maske-schlammmaske-oder-reinigungsmaske\\\/#breadcrumb\"},\"inLanguage\":\"de\",\"potentialAction\":[{\"@type\":\"ReadAction\",\"target\":[\"https:\\\/\\\/marktxxl.de\\\/markt\\\/produkt\\\/5-stueck-maskenpinsel-maskenpinsel-set-silikon-mit-haarbaender-und-maskenschuessel-gesichtsmaske-pinsel-set-kosmetik-make-up-pinsel-beauty-produkte-fuer-diy-maske-schlammmaske-oder-reinigungsmaske\\\/\"]}]},{\"@type\":\"ImageObject\",\"inLanguage\":\"de\",\"@id\":\"https:\\\/\\\/marktxxl.de\\\/markt\\\/produkt\\\/5-stueck-maskenpinsel-maskenpinsel-set-silikon-mit-haarbaender-und-maskenschuessel-gesichtsmaske-pinsel-set-kosmetik-make-up-pinsel-beauty-produkte-fuer-diy-maske-schlammmaske-oder-reinigungsmaske\\\/#primaryimage\",\"url\":\"https:\\\/\\\/m.media-amazon.com\\\/images\\\/I\\\/41bVdtujRbL._SL500_.jpg\",\"contentUrl\":\"https:\\\/\\\/m.media-amazon.com\\\/images\\\/I\\\/41bVdtujRbL._SL500_.jpg\",\"width\":500,\"height\":500},{\"@type\":\"BreadcrumbList\",\"@id\":\"https:\\\/\\\/marktxxl.de\\\/markt\\\/produkt\\\/5-stueck-maskenpinsel-maskenpinsel-set-silikon-mit-haarbaender-und-maskenschuessel-gesichtsmaske-pinsel-set-kosmetik-make-up-pinsel-beauty-produkte-fuer-diy-maske-schlammmaske-oder-reinigungsmaske\\\/#breadcrumb\",\"itemListElement\":[{\"@type\":\"ListItem\",\"position\":1,\"name\":\"Startseite\",\"item\":\"https:\\\/\\\/marktxxl.de\\\/markt\\\/\"},{\"@type\":\"ListItem\",\"position\":2,\"name\":\"Markt\",\"item\":\"https:\\\/\\\/marktxxl.de\\\/markt\\\/\"},{\"@type\":\"ListItem\",\"position\":3,\"name\":\"5 St\u00fcck Maskenpinsel, Maskenpinsel Set Silikon mit Haarb\u00e4nder und Maskensch\u00fcssel, Gesichtsmaske Pinsel Set Kosmetik Make\u2026\"}]},{\"@type\":\"WebSite\",\"@id\":\"https:\\\/\\\/marktxxl.de\\\/markt\\\/#website\",\"url\":\"https:\\\/\\\/marktxxl.de\\\/markt\\\/\",\"name\":\"Markt-XXL\",\"description\":\"Ihr Markt Online\",\"publisher\":{\"@id\":\"https:\\\/\\\/marktxxl.de\\\/markt\\\/#organization\"},\"potentialAction\":[{\"@type\":\"SearchAction\",\"target\":{\"@type\":\"EntryPoint\",\"urlTemplate\":\"https:\\\/\\\/marktxxl.de\\\/markt\\\/?s={search_term_string}\"},\"query-input\":{\"@type\":\"PropertyValueSpecification\",\"valueRequired\":true,\"valueName\":\"search_term_string\"}}],\"inLanguage\":\"de\"},{\"@type\":\"Organization\",\"@id\":\"https:\\\/\\\/marktxxl.de\\\/markt\\\/#organization\",\"name\":\"Markt-XXL\",\"url\":\"https:\\\/\\\/marktxxl.de\\\/markt\\\/\",\"logo\":{\"@type\":\"ImageObject\",\"inLanguage\":\"de\",\"@id\":\"https:\\\/\\\/marktxxl.de\\\/markt\\\/#\\\/schema\\\/logo\\\/image\\\/\",\"url\":\"https:\\\/\\\/marktxxl.de\\\/markt\\\/wp-content\\\/uploads\\\/sites\\\/3\\\/2020\\\/12\\\/logo.png\",\"contentUrl\":\"https:\\\/\\\/marktxxl.de\\\/markt\\\/wp-content\\\/uploads\\\/sites\\\/3\\\/2020\\\/12\\\/logo.png\",\"width\":200,\"height\":70,\"caption\":\"Markt-XXL\"},\"image\":{\"@id\":\"https:\\\/\\\/marktxxl.de\\\/markt\\\/#\\\/schema\\\/logo\\\/image\\\/\"}}]}<\/script>\n<!-- \/ Yoast SEO plugin. -->","yoast_head_json":{"title":"5 St\u00fcck Maskenpinsel, Maskenpinsel Set Silikon mit Haarb\u00e4nder und Maskensch\u00fcssel, Gesichtsmaske Pinsel Set Kosmetik Make\u2026 - Markt-XXL","description":"Markt-XXL 5 St\u00fcck Maskenpinsel, Maskenpinsel Set Silikon mit Haarb\u00e4nder und Maskensch\u00fcssel, Gesichtsmaske Pinsel Set Kosmetik Make\u2026","robots":{"index":"index","follow":"follow","max-snippet":"max-snippet:-1","max-image-preview":"max-image-preview:large","max-video-preview":"max-video-preview:-1"},"canonical":"https:\/\/marktxxl.de\/markt\/produkt\/5-stueck-maskenpinsel-maskenpinsel-set-silikon-mit-haarbaender-und-maskenschuessel-gesichtsmaske-pinsel-set-kosmetik-make-up-pinsel-beauty-produkte-fuer-diy-maske-schlammmaske-oder-reinigungsmaske\/","og_locale":"de_DE","og_type":"article","og_title":"5 St\u00fcck Maskenpinsel, Maskenpinsel Set Silikon mit Haarb\u00e4nder und Maskensch\u00fcssel, Gesichtsmaske Pinsel Set Kosmetik Make\u2026 - Markt-XXL","og_description":"Markt-XXL 5 St\u00fcck Maskenpinsel, Maskenpinsel Set Silikon mit Haarb\u00e4nder und Maskensch\u00fcssel, Gesichtsmaske Pinsel Set Kosmetik Make\u2026","og_url":"https:\/\/marktxxl.de\/markt\/produkt\/5-stueck-maskenpinsel-maskenpinsel-set-silikon-mit-haarbaender-und-maskenschuessel-gesichtsmaske-pinsel-set-kosmetik-make-up-pinsel-beauty-produkte-fuer-diy-maske-schlammmaske-oder-reinigungsmaske\/","og_site_name":"Markt-XXL","article_modified_time":"2023-04-11T00:44:38+00:00","og_image":[{"width":500,"height":500,"url":"https:\/\/m.media-amazon.com\/images\/I\/41bVdtujRbL._SL500_.jpg","type":"image\/jpeg"}],"twitter_card":"summary_large_image","twitter_misc":{"Gesch\u00e4tzte Lesezeit":"1\u00a0Minute"},"schema":{"@context":"https:\/\/schema.org","@graph":[{"@type":"WebPage","@id":"https:\/\/marktxxl.de\/markt\/produkt\/5-stueck-maskenpinsel-maskenpinsel-set-silikon-mit-haarbaender-und-maskenschuessel-gesichtsmaske-pinsel-set-kosmetik-make-up-pinsel-beauty-produkte-fuer-diy-maske-schlammmaske-oder-reinigungsmaske\/","url":"https:\/\/marktxxl.de\/markt\/produkt\/5-stueck-maskenpinsel-maskenpinsel-set-silikon-mit-haarbaender-und-maskenschuessel-gesichtsmaske-pinsel-set-kosmetik-make-up-pinsel-beauty-produkte-fuer-diy-maske-schlammmaske-oder-reinigungsmaske\/","name":"5 St\u00fcck Maskenpinsel, Maskenpinsel Set Silikon mit Haarb\u00e4nder und Maskensch\u00fcssel, Gesichtsmaske Pinsel Set Kosmetik Make\u2026 - Markt-XXL","isPartOf":{"@id":"https:\/\/marktxxl.de\/markt\/#website"},"primaryImageOfPage":{"@id":"https:\/\/marktxxl.de\/markt\/produkt\/5-stueck-maskenpinsel-maskenpinsel-set-silikon-mit-haarbaender-und-maskenschuessel-gesichtsmaske-pinsel-set-kosmetik-make-up-pinsel-beauty-produkte-fuer-diy-maske-schlammmaske-oder-reinigungsmaske\/#primaryimage"},"image":{"@id":"https:\/\/marktxxl.de\/markt\/produkt\/5-stueck-maskenpinsel-maskenpinsel-set-silikon-mit-haarbaender-und-maskenschuessel-gesichtsmaske-pinsel-set-kosmetik-make-up-pinsel-beauty-produkte-fuer-diy-maske-schlammmaske-oder-reinigungsmaske\/#primaryimage"},"thumbnailUrl":"https:\/\/m.media-amazon.com\/images\/I\/41bVdtujRbL._SL500_.jpg","datePublished":"2021-11-12T22:04:03+00:00","dateModified":"2023-04-11T00:44:38+00:00","description":"Markt-XXL 5 St\u00fcck Maskenpinsel, Maskenpinsel Set Silikon mit Haarb\u00e4nder und Maskensch\u00fcssel, Gesichtsmaske Pinsel Set Kosmetik Make\u2026","breadcrumb":{"@id":"https:\/\/marktxxl.de\/markt\/produkt\/5-stueck-maskenpinsel-maskenpinsel-set-silikon-mit-haarbaender-und-maskenschuessel-gesichtsmaske-pinsel-set-kosmetik-make-up-pinsel-beauty-produkte-fuer-diy-maske-schlammmaske-oder-reinigungsmaske\/#breadcrumb"},"inLanguage":"de","potentialAction":[{"@type":"ReadAction","target":["https:\/\/marktxxl.de\/markt\/produkt\/5-stueck-maskenpinsel-maskenpinsel-set-silikon-mit-haarbaender-und-maskenschuessel-gesichtsmaske-pinsel-set-kosmetik-make-up-pinsel-beauty-produkte-fuer-diy-maske-schlammmaske-oder-reinigungsmaske\/"]}]},{"@type":"ImageObject","inLanguage":"de","@id":"https:\/\/marktxxl.de\/markt\/produkt\/5-stueck-maskenpinsel-maskenpinsel-set-silikon-mit-haarbaender-und-maskenschuessel-gesichtsmaske-pinsel-set-kosmetik-make-up-pinsel-beauty-produkte-fuer-diy-maske-schlammmaske-oder-reinigungsmaske\/#primaryimage","url":"https:\/\/m.media-amazon.com\/images\/I\/41bVdtujRbL._SL500_.jpg","contentUrl":"https:\/\/m.media-amazon.com\/images\/I\/41bVdtujRbL._SL500_.jpg","width":500,"height":500},{"@type":"BreadcrumbList","@id":"https:\/\/marktxxl.de\/markt\/produkt\/5-stueck-maskenpinsel-maskenpinsel-set-silikon-mit-haarbaender-und-maskenschuessel-gesichtsmaske-pinsel-set-kosmetik-make-up-pinsel-beauty-produkte-fuer-diy-maske-schlammmaske-oder-reinigungsmaske\/#breadcrumb","itemListElement":[{"@type":"ListItem","position":1,"name":"Startseite","item":"https:\/\/marktxxl.de\/markt\/"},{"@type":"ListItem","position":2,"name":"Markt","item":"https:\/\/marktxxl.de\/markt\/"},{"@type":"ListItem","position":3,"name":"5 St\u00fcck Maskenpinsel, Maskenpinsel Set Silikon mit Haarb\u00e4nder und Maskensch\u00fcssel, Gesichtsmaske Pinsel Set Kosmetik Make\u2026"}]},{"@type":"WebSite","@id":"https:\/\/marktxxl.de\/markt\/#website","url":"https:\/\/marktxxl.de\/markt\/","name":"Markt-XXL","description":"Ihr Markt Online","publisher":{"@id":"https:\/\/marktxxl.de\/markt\/#organization"},"potentialAction":[{"@type":"SearchAction","target":{"@type":"EntryPoint","urlTemplate":"https:\/\/marktxxl.de\/markt\/?s={search_term_string}"},"query-input":{"@type":"PropertyValueSpecification","valueRequired":true,"valueName":"search_term_string"}}],"inLanguage":"de"},{"@type":"Organization","@id":"https:\/\/marktxxl.de\/markt\/#organization","name":"Markt-XXL","url":"https:\/\/marktxxl.de\/markt\/","logo":{"@type":"ImageObject","inLanguage":"de","@id":"https:\/\/marktxxl.de\/markt\/#\/schema\/logo\/image\/","url":"https:\/\/marktxxl.de\/markt\/wp-content\/uploads\/sites\/3\/2020\/12\/logo.png","contentUrl":"https:\/\/marktxxl.de\/markt\/wp-content\/uploads\/sites\/3\/2020\/12\/logo.png","width":200,"height":70,"caption":"Markt-XXL"},"image":{"@id":"https:\/\/marktxxl.de\/markt\/#\/schema\/logo\/image\/"}}]}},"_links":{"self":[{"href":"https:\/\/marktxxl.de\/markt\/wp-json\/wp\/v2\/product\/71491","targetHints":{"allow":["GET"]}}],"collection":[{"href":"https:\/\/marktxxl.de\/markt\/wp-json\/wp\/v2\/product"}],"about":[{"href":"https:\/\/marktxxl.de\/markt\/wp-json\/wp\/v2\/types\/product"}],"replies":[{"embeddable":true,"href":"https:\/\/marktxxl.de\/markt\/wp-json\/wp\/v2\/comments?post=71491"}],"wp:featuredmedia":[{"embeddable":true,"href":"https:\/\/marktxxl.de\/markt\/wp-json\/wp\/v2\/media\/71492"}],"wp:attachment":[{"href":"https:\/\/marktxxl.de\/markt\/wp-json\/wp\/v2\/media?parent=71491"}],"wp:term":[{"taxonomy":"product_brand","embeddable":true,"href":"https:\/\/marktxxl.de\/markt\/wp-json\/wp\/v2\/product_brand?post=71491"},{"taxonomy":"product_cat","embeddable":true,"href":"https:\/\/marktxxl.de\/markt\/wp-json\/wp\/v2\/product_cat?post=71491"},{"taxonomy":"product_tag","embeddable":true,"href":"https:\/\/marktxxl.de\/markt\/wp-json\/wp\/v2\/product_tag?post=71491"}],"curies":[{"name":"wp","href":"https:\/\/api.w.org\/{rel}","templated":true}]}}