{"id":71461,"date":"2021-11-12T23:03:48","date_gmt":"2021-11-12T22:03:48","guid":{"rendered":"https:\/\/marktxxl.de\/markt\/produkt\/zupfpinzette-pinzette-aus-solingen-made-in-germany-augenbrauenpinzette-fuer-die-gesichtspflege-zum-zupfen-von-augenbrauen-barthaaren-oder-kleinen-haerchen-fuer-damen-und-herren\/"},"modified":"2023-04-11T02:44:37","modified_gmt":"2023-04-11T00:44:37","slug":"zupfpinzette-pinzette-aus-solingen-made-in-germany-augenbrauenpinzette-fuer-die-gesichtspflege-zum-zupfen-von-augenbrauen-barthaaren-oder-kleinen-haerchen-fuer-damen-und-herren","status":"publish","type":"product","link":"https:\/\/marktxxl.de\/markt\/produkt\/zupfpinzette-pinzette-aus-solingen-made-in-germany-augenbrauenpinzette-fuer-die-gesichtspflege-zum-zupfen-von-augenbrauen-barthaaren-oder-kleinen-haerchen-fuer-damen-und-herren\/","title":{"rendered":"Zupfpinzette Pinzette aus Solingen Made in Germany Augenbrauenpinzette f\u00fcr die Gesichtspflege zum Zupfen von Augenbrauen\u2026"},"content":{"rendered":"<p>PINZETTE AUS SOLINGEN \u272f Zupfpinzette Augenbrauenpinzette zur Entfernung von Haaren H\u00e4rchen bei Augenbrauen, Barthaaren und Gesichts Haaren. Die Gesamtl\u00e4nge der Beauty-Pinzette ist ca. X cm und die Schr\u00e4ge Zupffl\u00e4che hat eine L\u00e4nge von ca. X mm. Der Griff ist geriffelt f\u00fcr sicheres Arbeiten. Hergestellt wurde die Solinger Pinzette aus warmgeschiedetem Pinzettenstahl.<br \/>\nPR\u00c4ZISE UND HANDLICH \u272f Durch die perfekt aufliegenden Spitzen entfernen Sie m\u00fchelos auch kleinste H\u00e4rchen. Die Zupffl\u00e4chen haben eine Innen Zahnung f\u00fcr einen festen Griff. Dank der speziellen Fertigung ist unsere Haarzupfpinzette sehr stabil und angenehm in der Handhabung. Durch den geriffelten Griff haben Sie festen Halt f\u00fcr eine Sichere Anwendung.<br \/>\nEINZIGARTIGE ERGEBNISSE \u272f Diese Pinzette aus Solingen ist besonders gut geeignet zum Zupfen, Stylen, Formen von Augenbrauen, Schnurrbart Haaren oder Gesichtshaaren. Unserer Haarentferner wurde in enger Zusammenarbeit mit ausgew\u00e4hlten Kosmetikern und InstrumenteNRW hergestellt. Sie besticht durch Ihre Profi Qualit\u00e4t, sowie der Einfachheit in der Handhabung und Design. Sie wollen endlich ein perfektes Ergebnis erzielen? Kein Problem. Machen Sie es wie die Profis und w\u00e4hlen Sie unsere Zupfpinzette.<br \/>\nLANGLEBIG \u272f Durch die besondere Herstellung unserer Augenbraun Pinzette erhalten sie die perfekte Zupfeigenschaft und behalten diese auch auf l\u00e4ngerem Zeitraum bei Anwendungen an K\u00f6rperhaaren.<br \/>\nPREMIUM SOLINGER QUALIT\u00c4T \u272f Unsere Kosmetik Pinzette wird von speziell geschulten Fachkr\u00e4ften hergestellt und verarbeitet. Solinger Qualit\u00e4tsprodukt. Made in Germany.<br \/>\n<div class=\"main-cross-sell\" data-asin=\"B095CGLS98\">\n\n\t<div class=\"WooZone-cross-sell-loader\">\n\t\t<div>\n\t\t\t<div id=\"floatingBarsG\">\n\t\t\t\t<div class=\"blockG\" id=\"rotateG_01\"><\/div>\n\t\t\t\t<div class=\"blockG\" id=\"rotateG_02\"><\/div>\n\t\t\t\t<div class=\"blockG\" id=\"rotateG_03\"><\/div>\n\t\t\t\t<div class=\"blockG\" id=\"rotateG_04\"><\/div>\n\t\t\t\t<div class=\"blockG\" id=\"rotateG_05\"><\/div>\n\t\t\t\t<div class=\"blockG\" id=\"rotateG_06\"><\/div>\n\t\t\t\t<div class=\"blockG\" id=\"rotateG_07\"><\/div>\n\t\t\t\t<div class=\"blockG\" id=\"rotateG_08\"><\/div>\n\t\t\t<\/div>\n\t\t\t<div class=\"WooZone-cross-sell-loader-text\"><\/div>\n\t\t<\/div>\n\t<\/div>\n\n\t\t\n<\/div>\n<div style=\"clear:both;\"><\/div><\/p>\n","protected":false},"excerpt":{"rendered":"<p>PINZETTE AUS SOLINGEN \u272f Zupfpinzette Augenbrauenpinzette zur Entfernung von Haaren H\u00e4rchen bei Augenbrauen, Barthaaren und Gesichts Haaren. Die Gesamtl\u00e4nge der Beauty-Pinzette ist ca. X cm und die Schr\u00e4ge Zupffl\u00e4che hat eine L\u00e4nge von ca. X mm. Der Griff ist geriffelt f\u00fcr sicheres Arbeiten. Hergestellt wurde die Solinger Pinzette aus warmgeschiedetem Pinzettenstahl.<br \/>\nPR\u00c4ZISE UND HANDLICH \u272f Durch die perfekt aufliegenden Spitzen entfernen Sie m\u00fchelos auch kleinste H\u00e4rchen. Die Zupffl\u00e4chen haben eine Innen Zahnung f\u00fcr einen festen Griff. Dank der speziellen Fertigung ist unsere Haarzupfpinzette sehr stabil und angenehm in der Handhabung. Durch den geriffelten Griff haben Sie festen Halt f\u00fcr eine Sichere Anwendung.<br \/>\nEINZIGARTIGE ERGEBNISSE \u272f Diese Pinzette aus Solingen ist besonders gut geeignet zum Zupfen, Stylen, Formen von Augenbrauen, Schnurrbart Haaren oder Gesichtshaaren. Unserer Haarentferner wurde in enger Zusammenarbeit mit ausgew\u00e4hlten Kosmetikern und InstrumenteNRW hergestellt. Sie besticht durch Ihre Profi Qualit\u00e4t, sowie der Einfachheit in der Handhabung und Design. Sie wollen endlich ein perfektes Ergebnis erzielen? Kein Problem. Machen Sie es wie die Profis und w\u00e4hlen Sie unsere Zupfpinzette.<\/p>\n","protected":false},"featured_media":71462,"comment_status":"open","ping_status":"closed","template":"","meta":[],"product_brand":[],"product_cat":[2858,7726],"product_tag":[],"class_list":{"0":"post-71461","1":"product","2":"type-product","3":"status-publish","4":"has-post-thumbnail","6":"product_cat-beauty","7":"product_cat-zubehoer-beauty","8":"pa_brand-busch-jaeger-3","9":"pa_brand-instrumentenrw","10":"pa_manufacturer-instrumentenrw","12":"first","13":"instock","14":"shipping-taxable","15":"purchasable","16":"product-type-simple","17":"customify-col","18":"product-has-gallery"},"yoast_head":"<!-- This site is optimized with the Yoast SEO plugin v27.4 - https:\/\/yoast.com\/product\/yoast-seo-wordpress\/ -->\n<title>Zupfpinzette Pinzette aus Solingen Made in Germany Augenbrauenpinzette f\u00fcr die Gesichtspflege zum Zupfen von Augenbrauen\u2026 - Markt-XXL<\/title>\n<meta name=\"description\" content=\"Markt-XXL Zupfpinzette Pinzette aus Solingen Made in Germany Augenbrauenpinzette f\u00fcr die Gesichtspflege zum Zupfen von Augenbrauen\u2026\" \/>\n<meta name=\"robots\" content=\"index, follow, max-snippet:-1, max-image-preview:large, max-video-preview:-1\" \/>\n<link rel=\"canonical\" href=\"https:\/\/marktxxl.de\/markt\/produkt\/zupfpinzette-pinzette-aus-solingen-made-in-germany-augenbrauenpinzette-fuer-die-gesichtspflege-zum-zupfen-von-augenbrauen-barthaaren-oder-kleinen-haerchen-fuer-damen-und-herren\/\" \/>\n<meta property=\"og:locale\" content=\"de_DE\" \/>\n<meta property=\"og:type\" content=\"article\" \/>\n<meta property=\"og:title\" content=\"Zupfpinzette Pinzette aus Solingen Made in Germany Augenbrauenpinzette f\u00fcr die Gesichtspflege zum Zupfen von Augenbrauen\u2026 - Markt-XXL\" \/>\n<meta property=\"og:description\" content=\"Markt-XXL Zupfpinzette Pinzette aus Solingen Made in Germany Augenbrauenpinzette f\u00fcr die Gesichtspflege zum Zupfen von Augenbrauen\u2026\" \/>\n<meta property=\"og:url\" content=\"https:\/\/marktxxl.de\/markt\/produkt\/zupfpinzette-pinzette-aus-solingen-made-in-germany-augenbrauenpinzette-fuer-die-gesichtspflege-zum-zupfen-von-augenbrauen-barthaaren-oder-kleinen-haerchen-fuer-damen-und-herren\/\" \/>\n<meta property=\"og:site_name\" content=\"Markt-XXL\" \/>\n<meta property=\"article:modified_time\" content=\"2023-04-11T00:44:37+00:00\" \/>\n<meta property=\"og:image\" content=\"https:\/\/m.media-amazon.com\/images\/I\/31HZur2gmRS._SL500_.jpg\" \/>\n\t<meta property=\"og:image:width\" content=\"500\" \/>\n\t<meta property=\"og:image:height\" content=\"375\" \/>\n\t<meta property=\"og:image:type\" content=\"image\/jpeg\" \/>\n<meta name=\"twitter:card\" content=\"summary_large_image\" \/>\n<meta name=\"twitter:label1\" content=\"Gesch\u00e4tzte Lesezeit\" \/>\n\t<meta name=\"twitter:data1\" content=\"1\u00a0Minute\" \/>\n<script type=\"application\/ld+json\" class=\"yoast-schema-graph\">{\"@context\":\"https:\\\/\\\/schema.org\",\"@graph\":[{\"@type\":\"WebPage\",\"@id\":\"https:\\\/\\\/marktxxl.de\\\/markt\\\/produkt\\\/zupfpinzette-pinzette-aus-solingen-made-in-germany-augenbrauenpinzette-fuer-die-gesichtspflege-zum-zupfen-von-augenbrauen-barthaaren-oder-kleinen-haerchen-fuer-damen-und-herren\\\/\",\"url\":\"https:\\\/\\\/marktxxl.de\\\/markt\\\/produkt\\\/zupfpinzette-pinzette-aus-solingen-made-in-germany-augenbrauenpinzette-fuer-die-gesichtspflege-zum-zupfen-von-augenbrauen-barthaaren-oder-kleinen-haerchen-fuer-damen-und-herren\\\/\",\"name\":\"Zupfpinzette Pinzette aus Solingen Made in Germany Augenbrauenpinzette f\u00fcr die Gesichtspflege zum Zupfen von Augenbrauen\u2026 - Markt-XXL\",\"isPartOf\":{\"@id\":\"https:\\\/\\\/marktxxl.de\\\/markt\\\/#website\"},\"primaryImageOfPage\":{\"@id\":\"https:\\\/\\\/marktxxl.de\\\/markt\\\/produkt\\\/zupfpinzette-pinzette-aus-solingen-made-in-germany-augenbrauenpinzette-fuer-die-gesichtspflege-zum-zupfen-von-augenbrauen-barthaaren-oder-kleinen-haerchen-fuer-damen-und-herren\\\/#primaryimage\"},\"image\":{\"@id\":\"https:\\\/\\\/marktxxl.de\\\/markt\\\/produkt\\\/zupfpinzette-pinzette-aus-solingen-made-in-germany-augenbrauenpinzette-fuer-die-gesichtspflege-zum-zupfen-von-augenbrauen-barthaaren-oder-kleinen-haerchen-fuer-damen-und-herren\\\/#primaryimage\"},\"thumbnailUrl\":\"https:\\\/\\\/m.media-amazon.com\\\/images\\\/I\\\/31HZur2gmRS._SL500_.jpg\",\"datePublished\":\"2021-11-12T22:03:48+00:00\",\"dateModified\":\"2023-04-11T00:44:37+00:00\",\"description\":\"Markt-XXL Zupfpinzette Pinzette aus Solingen Made in Germany Augenbrauenpinzette f\u00fcr die Gesichtspflege zum Zupfen von Augenbrauen\u2026\",\"breadcrumb\":{\"@id\":\"https:\\\/\\\/marktxxl.de\\\/markt\\\/produkt\\\/zupfpinzette-pinzette-aus-solingen-made-in-germany-augenbrauenpinzette-fuer-die-gesichtspflege-zum-zupfen-von-augenbrauen-barthaaren-oder-kleinen-haerchen-fuer-damen-und-herren\\\/#breadcrumb\"},\"inLanguage\":\"de\",\"potentialAction\":[{\"@type\":\"ReadAction\",\"target\":[\"https:\\\/\\\/marktxxl.de\\\/markt\\\/produkt\\\/zupfpinzette-pinzette-aus-solingen-made-in-germany-augenbrauenpinzette-fuer-die-gesichtspflege-zum-zupfen-von-augenbrauen-barthaaren-oder-kleinen-haerchen-fuer-damen-und-herren\\\/\"]}]},{\"@type\":\"ImageObject\",\"inLanguage\":\"de\",\"@id\":\"https:\\\/\\\/marktxxl.de\\\/markt\\\/produkt\\\/zupfpinzette-pinzette-aus-solingen-made-in-germany-augenbrauenpinzette-fuer-die-gesichtspflege-zum-zupfen-von-augenbrauen-barthaaren-oder-kleinen-haerchen-fuer-damen-und-herren\\\/#primaryimage\",\"url\":\"https:\\\/\\\/m.media-amazon.com\\\/images\\\/I\\\/31HZur2gmRS._SL500_.jpg\",\"contentUrl\":\"https:\\\/\\\/m.media-amazon.com\\\/images\\\/I\\\/31HZur2gmRS._SL500_.jpg\",\"width\":500,\"height\":375},{\"@type\":\"BreadcrumbList\",\"@id\":\"https:\\\/\\\/marktxxl.de\\\/markt\\\/produkt\\\/zupfpinzette-pinzette-aus-solingen-made-in-germany-augenbrauenpinzette-fuer-die-gesichtspflege-zum-zupfen-von-augenbrauen-barthaaren-oder-kleinen-haerchen-fuer-damen-und-herren\\\/#breadcrumb\",\"itemListElement\":[{\"@type\":\"ListItem\",\"position\":1,\"name\":\"Startseite\",\"item\":\"https:\\\/\\\/marktxxl.de\\\/markt\\\/\"},{\"@type\":\"ListItem\",\"position\":2,\"name\":\"Markt\",\"item\":\"https:\\\/\\\/marktxxl.de\\\/markt\\\/\"},{\"@type\":\"ListItem\",\"position\":3,\"name\":\"Zupfpinzette Pinzette aus Solingen Made in Germany Augenbrauenpinzette f\u00fcr die Gesichtspflege zum Zupfen von Augenbrauen\u2026\"}]},{\"@type\":\"WebSite\",\"@id\":\"https:\\\/\\\/marktxxl.de\\\/markt\\\/#website\",\"url\":\"https:\\\/\\\/marktxxl.de\\\/markt\\\/\",\"name\":\"Markt-XXL\",\"description\":\"Ihr Markt Online\",\"publisher\":{\"@id\":\"https:\\\/\\\/marktxxl.de\\\/markt\\\/#organization\"},\"potentialAction\":[{\"@type\":\"SearchAction\",\"target\":{\"@type\":\"EntryPoint\",\"urlTemplate\":\"https:\\\/\\\/marktxxl.de\\\/markt\\\/?s={search_term_string}\"},\"query-input\":{\"@type\":\"PropertyValueSpecification\",\"valueRequired\":true,\"valueName\":\"search_term_string\"}}],\"inLanguage\":\"de\"},{\"@type\":\"Organization\",\"@id\":\"https:\\\/\\\/marktxxl.de\\\/markt\\\/#organization\",\"name\":\"Markt-XXL\",\"url\":\"https:\\\/\\\/marktxxl.de\\\/markt\\\/\",\"logo\":{\"@type\":\"ImageObject\",\"inLanguage\":\"de\",\"@id\":\"https:\\\/\\\/marktxxl.de\\\/markt\\\/#\\\/schema\\\/logo\\\/image\\\/\",\"url\":\"https:\\\/\\\/marktxxl.de\\\/markt\\\/wp-content\\\/uploads\\\/sites\\\/3\\\/2020\\\/12\\\/logo.png\",\"contentUrl\":\"https:\\\/\\\/marktxxl.de\\\/markt\\\/wp-content\\\/uploads\\\/sites\\\/3\\\/2020\\\/12\\\/logo.png\",\"width\":200,\"height\":70,\"caption\":\"Markt-XXL\"},\"image\":{\"@id\":\"https:\\\/\\\/marktxxl.de\\\/markt\\\/#\\\/schema\\\/logo\\\/image\\\/\"}}]}<\/script>\n<!-- \/ Yoast SEO plugin. -->","yoast_head_json":{"title":"Zupfpinzette Pinzette aus Solingen Made in Germany Augenbrauenpinzette f\u00fcr die Gesichtspflege zum Zupfen von Augenbrauen\u2026 - Markt-XXL","description":"Markt-XXL Zupfpinzette Pinzette aus Solingen Made in Germany Augenbrauenpinzette f\u00fcr die Gesichtspflege zum Zupfen von Augenbrauen\u2026","robots":{"index":"index","follow":"follow","max-snippet":"max-snippet:-1","max-image-preview":"max-image-preview:large","max-video-preview":"max-video-preview:-1"},"canonical":"https:\/\/marktxxl.de\/markt\/produkt\/zupfpinzette-pinzette-aus-solingen-made-in-germany-augenbrauenpinzette-fuer-die-gesichtspflege-zum-zupfen-von-augenbrauen-barthaaren-oder-kleinen-haerchen-fuer-damen-und-herren\/","og_locale":"de_DE","og_type":"article","og_title":"Zupfpinzette Pinzette aus Solingen Made in Germany Augenbrauenpinzette f\u00fcr die Gesichtspflege zum Zupfen von Augenbrauen\u2026 - Markt-XXL","og_description":"Markt-XXL Zupfpinzette Pinzette aus Solingen Made in Germany Augenbrauenpinzette f\u00fcr die Gesichtspflege zum Zupfen von Augenbrauen\u2026","og_url":"https:\/\/marktxxl.de\/markt\/produkt\/zupfpinzette-pinzette-aus-solingen-made-in-germany-augenbrauenpinzette-fuer-die-gesichtspflege-zum-zupfen-von-augenbrauen-barthaaren-oder-kleinen-haerchen-fuer-damen-und-herren\/","og_site_name":"Markt-XXL","article_modified_time":"2023-04-11T00:44:37+00:00","og_image":[{"width":500,"height":375,"url":"https:\/\/m.media-amazon.com\/images\/I\/31HZur2gmRS._SL500_.jpg","type":"image\/jpeg"}],"twitter_card":"summary_large_image","twitter_misc":{"Gesch\u00e4tzte Lesezeit":"1\u00a0Minute"},"schema":{"@context":"https:\/\/schema.org","@graph":[{"@type":"WebPage","@id":"https:\/\/marktxxl.de\/markt\/produkt\/zupfpinzette-pinzette-aus-solingen-made-in-germany-augenbrauenpinzette-fuer-die-gesichtspflege-zum-zupfen-von-augenbrauen-barthaaren-oder-kleinen-haerchen-fuer-damen-und-herren\/","url":"https:\/\/marktxxl.de\/markt\/produkt\/zupfpinzette-pinzette-aus-solingen-made-in-germany-augenbrauenpinzette-fuer-die-gesichtspflege-zum-zupfen-von-augenbrauen-barthaaren-oder-kleinen-haerchen-fuer-damen-und-herren\/","name":"Zupfpinzette Pinzette aus Solingen Made in Germany Augenbrauenpinzette f\u00fcr die Gesichtspflege zum Zupfen von Augenbrauen\u2026 - Markt-XXL","isPartOf":{"@id":"https:\/\/marktxxl.de\/markt\/#website"},"primaryImageOfPage":{"@id":"https:\/\/marktxxl.de\/markt\/produkt\/zupfpinzette-pinzette-aus-solingen-made-in-germany-augenbrauenpinzette-fuer-die-gesichtspflege-zum-zupfen-von-augenbrauen-barthaaren-oder-kleinen-haerchen-fuer-damen-und-herren\/#primaryimage"},"image":{"@id":"https:\/\/marktxxl.de\/markt\/produkt\/zupfpinzette-pinzette-aus-solingen-made-in-germany-augenbrauenpinzette-fuer-die-gesichtspflege-zum-zupfen-von-augenbrauen-barthaaren-oder-kleinen-haerchen-fuer-damen-und-herren\/#primaryimage"},"thumbnailUrl":"https:\/\/m.media-amazon.com\/images\/I\/31HZur2gmRS._SL500_.jpg","datePublished":"2021-11-12T22:03:48+00:00","dateModified":"2023-04-11T00:44:37+00:00","description":"Markt-XXL Zupfpinzette Pinzette aus Solingen Made in Germany Augenbrauenpinzette f\u00fcr die Gesichtspflege zum Zupfen von Augenbrauen\u2026","breadcrumb":{"@id":"https:\/\/marktxxl.de\/markt\/produkt\/zupfpinzette-pinzette-aus-solingen-made-in-germany-augenbrauenpinzette-fuer-die-gesichtspflege-zum-zupfen-von-augenbrauen-barthaaren-oder-kleinen-haerchen-fuer-damen-und-herren\/#breadcrumb"},"inLanguage":"de","potentialAction":[{"@type":"ReadAction","target":["https:\/\/marktxxl.de\/markt\/produkt\/zupfpinzette-pinzette-aus-solingen-made-in-germany-augenbrauenpinzette-fuer-die-gesichtspflege-zum-zupfen-von-augenbrauen-barthaaren-oder-kleinen-haerchen-fuer-damen-und-herren\/"]}]},{"@type":"ImageObject","inLanguage":"de","@id":"https:\/\/marktxxl.de\/markt\/produkt\/zupfpinzette-pinzette-aus-solingen-made-in-germany-augenbrauenpinzette-fuer-die-gesichtspflege-zum-zupfen-von-augenbrauen-barthaaren-oder-kleinen-haerchen-fuer-damen-und-herren\/#primaryimage","url":"https:\/\/m.media-amazon.com\/images\/I\/31HZur2gmRS._SL500_.jpg","contentUrl":"https:\/\/m.media-amazon.com\/images\/I\/31HZur2gmRS._SL500_.jpg","width":500,"height":375},{"@type":"BreadcrumbList","@id":"https:\/\/marktxxl.de\/markt\/produkt\/zupfpinzette-pinzette-aus-solingen-made-in-germany-augenbrauenpinzette-fuer-die-gesichtspflege-zum-zupfen-von-augenbrauen-barthaaren-oder-kleinen-haerchen-fuer-damen-und-herren\/#breadcrumb","itemListElement":[{"@type":"ListItem","position":1,"name":"Startseite","item":"https:\/\/marktxxl.de\/markt\/"},{"@type":"ListItem","position":2,"name":"Markt","item":"https:\/\/marktxxl.de\/markt\/"},{"@type":"ListItem","position":3,"name":"Zupfpinzette Pinzette aus Solingen Made in Germany Augenbrauenpinzette f\u00fcr die Gesichtspflege zum Zupfen von Augenbrauen\u2026"}]},{"@type":"WebSite","@id":"https:\/\/marktxxl.de\/markt\/#website","url":"https:\/\/marktxxl.de\/markt\/","name":"Markt-XXL","description":"Ihr Markt Online","publisher":{"@id":"https:\/\/marktxxl.de\/markt\/#organization"},"potentialAction":[{"@type":"SearchAction","target":{"@type":"EntryPoint","urlTemplate":"https:\/\/marktxxl.de\/markt\/?s={search_term_string}"},"query-input":{"@type":"PropertyValueSpecification","valueRequired":true,"valueName":"search_term_string"}}],"inLanguage":"de"},{"@type":"Organization","@id":"https:\/\/marktxxl.de\/markt\/#organization","name":"Markt-XXL","url":"https:\/\/marktxxl.de\/markt\/","logo":{"@type":"ImageObject","inLanguage":"de","@id":"https:\/\/marktxxl.de\/markt\/#\/schema\/logo\/image\/","url":"https:\/\/marktxxl.de\/markt\/wp-content\/uploads\/sites\/3\/2020\/12\/logo.png","contentUrl":"https:\/\/marktxxl.de\/markt\/wp-content\/uploads\/sites\/3\/2020\/12\/logo.png","width":200,"height":70,"caption":"Markt-XXL"},"image":{"@id":"https:\/\/marktxxl.de\/markt\/#\/schema\/logo\/image\/"}}]}},"_links":{"self":[{"href":"https:\/\/marktxxl.de\/markt\/wp-json\/wp\/v2\/product\/71461","targetHints":{"allow":["GET"]}}],"collection":[{"href":"https:\/\/marktxxl.de\/markt\/wp-json\/wp\/v2\/product"}],"about":[{"href":"https:\/\/marktxxl.de\/markt\/wp-json\/wp\/v2\/types\/product"}],"replies":[{"embeddable":true,"href":"https:\/\/marktxxl.de\/markt\/wp-json\/wp\/v2\/comments?post=71461"}],"wp:featuredmedia":[{"embeddable":true,"href":"https:\/\/marktxxl.de\/markt\/wp-json\/wp\/v2\/media\/71462"}],"wp:attachment":[{"href":"https:\/\/marktxxl.de\/markt\/wp-json\/wp\/v2\/media?parent=71461"}],"wp:term":[{"taxonomy":"product_brand","embeddable":true,"href":"https:\/\/marktxxl.de\/markt\/wp-json\/wp\/v2\/product_brand?post=71461"},{"taxonomy":"product_cat","embeddable":true,"href":"https:\/\/marktxxl.de\/markt\/wp-json\/wp\/v2\/product_cat?post=71461"},{"taxonomy":"product_tag","embeddable":true,"href":"https:\/\/marktxxl.de\/markt\/wp-json\/wp\/v2\/product_tag?post=71461"}],"curies":[{"name":"wp","href":"https:\/\/api.w.org\/{rel}","templated":true}]}}