{"id":71441,"date":"2021-11-12T23:02:14","date_gmt":"2021-11-12T22:02:14","guid":{"rendered":"https:\/\/marktxxl.de\/markt\/produkt\/gesichtsbuerste-elektrische-gesichtsreinigungsbuerste-wandbehang-4-in-1-wasserfest-gesicht-buerste-tiefenreinigung-sanfte-hautpflege-mitesserentferner\/"},"modified":"2023-04-11T02:44:37","modified_gmt":"2023-04-11T00:44:37","slug":"gesichtsbuerste-elektrische-gesichtsreinigungsbuerste-wandbehang-4-in-1-wasserfest-gesicht-buerste-tiefenreinigung-sanfte-hautpflege-mitesserentferner","status":"publish","type":"product","link":"https:\/\/marktxxl.de\/markt\/produkt\/gesichtsbuerste-elektrische-gesichtsreinigungsbuerste-wandbehang-4-in-1-wasserfest-gesicht-buerste-tiefenreinigung-sanfte-hautpflege-mitesserentferner\/","title":{"rendered":"Mitesserentferner, Elektrisch Professionell Blackhead Remover Port 6 Wasserfest Tiefenreinigung Sanfte hautpflege\u2026"},"content":{"rendered":"<p>\u3010Hautprobleme beseitigen\u3011 Diese leichte Gesichtswaschb\u00fcrste erm\u00f6glicht eine sanfte Reinigung und Massage.Sie kann Make-up, Schmutz und \u00d6l in den Poren effektiv entfernen;Entfernen Sie Keratin, Mitesser und Akne;Es wird die Haut nicht beeintr\u00e4chtigen; Die regelm\u00e4\u00dfige Anwendung kann die Hautstruktur verbessern und die Haut hell und straff machen.<br \/>\n\u30103 Arbeitsmodi\u3011 Die Reinigungsb\u00fcrste verwendet ein Prinzip der Schallvibration, w\u00e4hrend verschiedene Frequenzen verschiedene Effekte f\u00fcr unterschiedliche Gesichtsreinigungsbed\u00fcrfnisse haben. Die Schallreinigungsb\u00fcrste kann jede Art von R\u00fcckst\u00e4nden, Make-up und abgestorbener Haut im Gesicht effektiv entfernen und gleichzeitig Hautunreinheiten und verstopfte Poren bek\u00e4mpfen.<br \/>\n\u3010Wasserdicht &amp; Wiederaufladbar\u3011IPX7-Vollst\u00e4ndig wasserdichtes Design. Das wasserdichte Design der aufladbaren Gesichtsb\u00fcrste ist sehr praktisch und sicher in der Dusche oder Badewanne (nicht in Wasser eintauchen). Unterst\u00fctzt das Aufladen \u00fcber USB. Das Aufladen von 2-3 Stunden kann bis zu 20 Tage dauern.<br \/>\n\u3010Fabelhaftes Design\u3011 Dies ist ein gro\u00dfer Bonus, der mit einer Halterung mit L\u00f6chern ausgestattet ist, sodass Sie die Gesichtsb\u00fcrste direkt wieder auf die Basis und nicht auf die Arbeitsplatte legen k\u00f6nnen, um Bakterien von den Borsten fernzuhalten. Es ist auf dem Markt unschlagbar, Sie k\u00f6nnen es jederzeit an der Badezimmerwand und an einem anderen Ort aufh\u00e4ngen oder abnehmen.<br \/>\n\u3010Qualit\u00e4tssicherung\u3011 Erwarten Sie das Beste von diesem Produkt, und wir bieten Ihnen die beste Erfahrung. Wir bieten 1 Jahr Ersatzservice an, machen Sie sich keine Sorgen, dass es verloren geht, weil es pl\u00f6tzlich nicht mehr funktioniert. Wenn Sie Fragen zu dieser Gesichtsreinigungsb\u00fcrste haben, k\u00f6nnen Sie sich gerne an uns wenden.<br \/>\n<div class=\"main-cross-sell\" data-asin=\"B0952QWSGD\">\n\n\t<div class=\"WooZone-cross-sell-loader\">\n\t\t<div>\n\t\t\t<div id=\"floatingBarsG\">\n\t\t\t\t<div class=\"blockG\" id=\"rotateG_01\"><\/div>\n\t\t\t\t<div class=\"blockG\" id=\"rotateG_02\"><\/div>\n\t\t\t\t<div class=\"blockG\" id=\"rotateG_03\"><\/div>\n\t\t\t\t<div class=\"blockG\" id=\"rotateG_04\"><\/div>\n\t\t\t\t<div class=\"blockG\" id=\"rotateG_05\"><\/div>\n\t\t\t\t<div class=\"blockG\" id=\"rotateG_06\"><\/div>\n\t\t\t\t<div class=\"blockG\" id=\"rotateG_07\"><\/div>\n\t\t\t\t<div class=\"blockG\" id=\"rotateG_08\"><\/div>\n\t\t\t<\/div>\n\t\t\t<div class=\"WooZone-cross-sell-loader-text\"><\/div>\n\t\t<\/div>\n\t<\/div>\n\n\t\t\n<\/div>\n<div style=\"clear:both;\"><\/div><\/p>\n","protected":false},"excerpt":{"rendered":"<p>\u3010Hautprobleme beseitigen\u3011 Diese leichte Gesichtswaschb\u00fcrste erm\u00f6glicht eine sanfte Reinigung und Massage.Sie kann Make-up, Schmutz und \u00d6l in den Poren effektiv entfernen;Entfernen Sie Keratin, Mitesser und Akne;Es wird die Haut nicht beeintr\u00e4chtigen; Die regelm\u00e4\u00dfige Anwendung kann die Hautstruktur verbessern und die Haut hell und straff machen.<br \/>\n\u30103 Arbeitsmodi\u3011 Die Reinigungsb\u00fcrste verwendet ein Prinzip der Schallvibration, w\u00e4hrend verschiedene Frequenzen verschiedene Effekte f\u00fcr unterschiedliche Gesichtsreinigungsbed\u00fcrfnisse haben. Die Schallreinigungsb\u00fcrste kann jede Art von R\u00fcckst\u00e4nden, Make-up und abgestorbener Haut im Gesicht effektiv entfernen und gleichzeitig Hautunreinheiten und verstopfte Poren bek\u00e4mpfen.<br \/>\n\u3010Wasserdicht &amp; Wiederaufladbar\u3011IPX7-Vollst\u00e4ndig wasserdichtes Design. Das wasserdichte Design der aufladbaren Gesichtsb\u00fcrste ist sehr praktisch und sicher in der Dusche oder Badewanne (nicht in Wasser eintauchen). Unterst\u00fctzt das Aufladen \u00fcber USB. Das Aufladen von 2-3 Stunden kann bis zu 20 Tage dauern.<\/p>\n","protected":false},"featured_media":71442,"comment_status":"open","ping_status":"closed","template":"","meta":[],"product_brand":[],"product_cat":[2858,7726],"product_tag":[],"class_list":{"0":"post-71441","1":"product","2":"type-product","3":"status-publish","4":"has-post-thumbnail","6":"product_cat-beauty","7":"product_cat-zubehoer-beauty","8":"pa_binding-misc","9":"pa_brand-xawy","10":"pa_color-gruen","11":"pa_manufacturer-xawy","12":"pa_size-1-stueck-1er-pack","14":"first","15":"instock","16":"shipping-taxable","17":"purchasable","18":"product-type-simple","19":"customify-col","20":"product-has-gallery"},"yoast_head":"<!-- This site is optimized with the Yoast SEO plugin v27.4 - https:\/\/yoast.com\/product\/yoast-seo-wordpress\/ -->\n<title>Mitesserentferner, Elektrisch Professionell Blackhead Remover Port 6 Wasserfest Tiefenreinigung Sanfte hautpflege\u2026 - Markt-XXL<\/title>\n<meta name=\"description\" content=\"Markt-XXL Mitesserentferner, Elektrisch Professionell Blackhead Remover Port 6 Wasserfest Tiefenreinigung Sanfte hautpflege\u2026\" \/>\n<meta name=\"robots\" content=\"index, follow, max-snippet:-1, max-image-preview:large, max-video-preview:-1\" \/>\n<link rel=\"canonical\" href=\"https:\/\/marktxxl.de\/markt\/produkt\/gesichtsbuerste-elektrische-gesichtsreinigungsbuerste-wandbehang-4-in-1-wasserfest-gesicht-buerste-tiefenreinigung-sanfte-hautpflege-mitesserentferner\/\" \/>\n<meta property=\"og:locale\" content=\"de_DE\" \/>\n<meta property=\"og:type\" content=\"article\" \/>\n<meta property=\"og:title\" content=\"Mitesserentferner, Elektrisch Professionell Blackhead Remover Port 6 Wasserfest Tiefenreinigung Sanfte hautpflege\u2026 - Markt-XXL\" \/>\n<meta property=\"og:description\" content=\"Markt-XXL Mitesserentferner, Elektrisch Professionell Blackhead Remover Port 6 Wasserfest Tiefenreinigung Sanfte hautpflege\u2026\" \/>\n<meta property=\"og:url\" content=\"https:\/\/marktxxl.de\/markt\/produkt\/gesichtsbuerste-elektrische-gesichtsreinigungsbuerste-wandbehang-4-in-1-wasserfest-gesicht-buerste-tiefenreinigung-sanfte-hautpflege-mitesserentferner\/\" \/>\n<meta property=\"og:site_name\" content=\"Markt-XXL\" \/>\n<meta property=\"article:modified_time\" content=\"2023-04-11T00:44:37+00:00\" \/>\n<meta property=\"og:image\" content=\"https:\/\/m.media-amazon.com\/images\/I\/41h0C8-adkS._SL500_.jpg\" \/>\n\t<meta property=\"og:image:width\" content=\"500\" \/>\n\t<meta property=\"og:image:height\" content=\"500\" \/>\n\t<meta property=\"og:image:type\" content=\"image\/jpeg\" \/>\n<meta name=\"twitter:card\" content=\"summary_large_image\" \/>\n<meta name=\"twitter:label1\" content=\"Gesch\u00e4tzte Lesezeit\" \/>\n\t<meta name=\"twitter:data1\" content=\"1\u00a0Minute\" \/>\n<script type=\"application\/ld+json\" class=\"yoast-schema-graph\">{\"@context\":\"https:\\\/\\\/schema.org\",\"@graph\":[{\"@type\":\"WebPage\",\"@id\":\"https:\\\/\\\/marktxxl.de\\\/markt\\\/produkt\\\/gesichtsbuerste-elektrische-gesichtsreinigungsbuerste-wandbehang-4-in-1-wasserfest-gesicht-buerste-tiefenreinigung-sanfte-hautpflege-mitesserentferner\\\/\",\"url\":\"https:\\\/\\\/marktxxl.de\\\/markt\\\/produkt\\\/gesichtsbuerste-elektrische-gesichtsreinigungsbuerste-wandbehang-4-in-1-wasserfest-gesicht-buerste-tiefenreinigung-sanfte-hautpflege-mitesserentferner\\\/\",\"name\":\"Mitesserentferner, Elektrisch Professionell Blackhead Remover Port 6 Wasserfest Tiefenreinigung Sanfte hautpflege\u2026 - Markt-XXL\",\"isPartOf\":{\"@id\":\"https:\\\/\\\/marktxxl.de\\\/markt\\\/#website\"},\"primaryImageOfPage\":{\"@id\":\"https:\\\/\\\/marktxxl.de\\\/markt\\\/produkt\\\/gesichtsbuerste-elektrische-gesichtsreinigungsbuerste-wandbehang-4-in-1-wasserfest-gesicht-buerste-tiefenreinigung-sanfte-hautpflege-mitesserentferner\\\/#primaryimage\"},\"image\":{\"@id\":\"https:\\\/\\\/marktxxl.de\\\/markt\\\/produkt\\\/gesichtsbuerste-elektrische-gesichtsreinigungsbuerste-wandbehang-4-in-1-wasserfest-gesicht-buerste-tiefenreinigung-sanfte-hautpflege-mitesserentferner\\\/#primaryimage\"},\"thumbnailUrl\":\"https:\\\/\\\/m.media-amazon.com\\\/images\\\/I\\\/41h0C8-adkS._SL500_.jpg\",\"datePublished\":\"2021-11-12T22:02:14+00:00\",\"dateModified\":\"2023-04-11T00:44:37+00:00\",\"description\":\"Markt-XXL Mitesserentferner, Elektrisch Professionell Blackhead Remover Port 6 Wasserfest Tiefenreinigung Sanfte hautpflege\u2026\",\"breadcrumb\":{\"@id\":\"https:\\\/\\\/marktxxl.de\\\/markt\\\/produkt\\\/gesichtsbuerste-elektrische-gesichtsreinigungsbuerste-wandbehang-4-in-1-wasserfest-gesicht-buerste-tiefenreinigung-sanfte-hautpflege-mitesserentferner\\\/#breadcrumb\"},\"inLanguage\":\"de\",\"potentialAction\":[{\"@type\":\"ReadAction\",\"target\":[\"https:\\\/\\\/marktxxl.de\\\/markt\\\/produkt\\\/gesichtsbuerste-elektrische-gesichtsreinigungsbuerste-wandbehang-4-in-1-wasserfest-gesicht-buerste-tiefenreinigung-sanfte-hautpflege-mitesserentferner\\\/\"]}]},{\"@type\":\"ImageObject\",\"inLanguage\":\"de\",\"@id\":\"https:\\\/\\\/marktxxl.de\\\/markt\\\/produkt\\\/gesichtsbuerste-elektrische-gesichtsreinigungsbuerste-wandbehang-4-in-1-wasserfest-gesicht-buerste-tiefenreinigung-sanfte-hautpflege-mitesserentferner\\\/#primaryimage\",\"url\":\"https:\\\/\\\/m.media-amazon.com\\\/images\\\/I\\\/41h0C8-adkS._SL500_.jpg\",\"contentUrl\":\"https:\\\/\\\/m.media-amazon.com\\\/images\\\/I\\\/41h0C8-adkS._SL500_.jpg\",\"width\":500,\"height\":500},{\"@type\":\"BreadcrumbList\",\"@id\":\"https:\\\/\\\/marktxxl.de\\\/markt\\\/produkt\\\/gesichtsbuerste-elektrische-gesichtsreinigungsbuerste-wandbehang-4-in-1-wasserfest-gesicht-buerste-tiefenreinigung-sanfte-hautpflege-mitesserentferner\\\/#breadcrumb\",\"itemListElement\":[{\"@type\":\"ListItem\",\"position\":1,\"name\":\"Startseite\",\"item\":\"https:\\\/\\\/marktxxl.de\\\/markt\\\/\"},{\"@type\":\"ListItem\",\"position\":2,\"name\":\"Markt\",\"item\":\"https:\\\/\\\/marktxxl.de\\\/markt\\\/\"},{\"@type\":\"ListItem\",\"position\":3,\"name\":\"Mitesserentferner, Elektrisch Professionell Blackhead Remover Port 6 Wasserfest Tiefenreinigung Sanfte hautpflege\u2026\"}]},{\"@type\":\"WebSite\",\"@id\":\"https:\\\/\\\/marktxxl.de\\\/markt\\\/#website\",\"url\":\"https:\\\/\\\/marktxxl.de\\\/markt\\\/\",\"name\":\"Markt-XXL\",\"description\":\"Ihr Markt Online\",\"publisher\":{\"@id\":\"https:\\\/\\\/marktxxl.de\\\/markt\\\/#organization\"},\"potentialAction\":[{\"@type\":\"SearchAction\",\"target\":{\"@type\":\"EntryPoint\",\"urlTemplate\":\"https:\\\/\\\/marktxxl.de\\\/markt\\\/?s={search_term_string}\"},\"query-input\":{\"@type\":\"PropertyValueSpecification\",\"valueRequired\":true,\"valueName\":\"search_term_string\"}}],\"inLanguage\":\"de\"},{\"@type\":\"Organization\",\"@id\":\"https:\\\/\\\/marktxxl.de\\\/markt\\\/#organization\",\"name\":\"Markt-XXL\",\"url\":\"https:\\\/\\\/marktxxl.de\\\/markt\\\/\",\"logo\":{\"@type\":\"ImageObject\",\"inLanguage\":\"de\",\"@id\":\"https:\\\/\\\/marktxxl.de\\\/markt\\\/#\\\/schema\\\/logo\\\/image\\\/\",\"url\":\"https:\\\/\\\/marktxxl.de\\\/markt\\\/wp-content\\\/uploads\\\/sites\\\/3\\\/2020\\\/12\\\/logo.png\",\"contentUrl\":\"https:\\\/\\\/marktxxl.de\\\/markt\\\/wp-content\\\/uploads\\\/sites\\\/3\\\/2020\\\/12\\\/logo.png\",\"width\":200,\"height\":70,\"caption\":\"Markt-XXL\"},\"image\":{\"@id\":\"https:\\\/\\\/marktxxl.de\\\/markt\\\/#\\\/schema\\\/logo\\\/image\\\/\"}}]}<\/script>\n<!-- \/ Yoast SEO plugin. -->","yoast_head_json":{"title":"Mitesserentferner, Elektrisch Professionell Blackhead Remover Port 6 Wasserfest Tiefenreinigung Sanfte hautpflege\u2026 - Markt-XXL","description":"Markt-XXL Mitesserentferner, Elektrisch Professionell Blackhead Remover Port 6 Wasserfest Tiefenreinigung Sanfte hautpflege\u2026","robots":{"index":"index","follow":"follow","max-snippet":"max-snippet:-1","max-image-preview":"max-image-preview:large","max-video-preview":"max-video-preview:-1"},"canonical":"https:\/\/marktxxl.de\/markt\/produkt\/gesichtsbuerste-elektrische-gesichtsreinigungsbuerste-wandbehang-4-in-1-wasserfest-gesicht-buerste-tiefenreinigung-sanfte-hautpflege-mitesserentferner\/","og_locale":"de_DE","og_type":"article","og_title":"Mitesserentferner, Elektrisch Professionell Blackhead Remover Port 6 Wasserfest Tiefenreinigung Sanfte hautpflege\u2026 - Markt-XXL","og_description":"Markt-XXL Mitesserentferner, Elektrisch Professionell Blackhead Remover Port 6 Wasserfest Tiefenreinigung Sanfte hautpflege\u2026","og_url":"https:\/\/marktxxl.de\/markt\/produkt\/gesichtsbuerste-elektrische-gesichtsreinigungsbuerste-wandbehang-4-in-1-wasserfest-gesicht-buerste-tiefenreinigung-sanfte-hautpflege-mitesserentferner\/","og_site_name":"Markt-XXL","article_modified_time":"2023-04-11T00:44:37+00:00","og_image":[{"width":500,"height":500,"url":"https:\/\/m.media-amazon.com\/images\/I\/41h0C8-adkS._SL500_.jpg","type":"image\/jpeg"}],"twitter_card":"summary_large_image","twitter_misc":{"Gesch\u00e4tzte Lesezeit":"1\u00a0Minute"},"schema":{"@context":"https:\/\/schema.org","@graph":[{"@type":"WebPage","@id":"https:\/\/marktxxl.de\/markt\/produkt\/gesichtsbuerste-elektrische-gesichtsreinigungsbuerste-wandbehang-4-in-1-wasserfest-gesicht-buerste-tiefenreinigung-sanfte-hautpflege-mitesserentferner\/","url":"https:\/\/marktxxl.de\/markt\/produkt\/gesichtsbuerste-elektrische-gesichtsreinigungsbuerste-wandbehang-4-in-1-wasserfest-gesicht-buerste-tiefenreinigung-sanfte-hautpflege-mitesserentferner\/","name":"Mitesserentferner, Elektrisch Professionell Blackhead Remover Port 6 Wasserfest Tiefenreinigung Sanfte hautpflege\u2026 - Markt-XXL","isPartOf":{"@id":"https:\/\/marktxxl.de\/markt\/#website"},"primaryImageOfPage":{"@id":"https:\/\/marktxxl.de\/markt\/produkt\/gesichtsbuerste-elektrische-gesichtsreinigungsbuerste-wandbehang-4-in-1-wasserfest-gesicht-buerste-tiefenreinigung-sanfte-hautpflege-mitesserentferner\/#primaryimage"},"image":{"@id":"https:\/\/marktxxl.de\/markt\/produkt\/gesichtsbuerste-elektrische-gesichtsreinigungsbuerste-wandbehang-4-in-1-wasserfest-gesicht-buerste-tiefenreinigung-sanfte-hautpflege-mitesserentferner\/#primaryimage"},"thumbnailUrl":"https:\/\/m.media-amazon.com\/images\/I\/41h0C8-adkS._SL500_.jpg","datePublished":"2021-11-12T22:02:14+00:00","dateModified":"2023-04-11T00:44:37+00:00","description":"Markt-XXL Mitesserentferner, Elektrisch Professionell Blackhead Remover Port 6 Wasserfest Tiefenreinigung Sanfte hautpflege\u2026","breadcrumb":{"@id":"https:\/\/marktxxl.de\/markt\/produkt\/gesichtsbuerste-elektrische-gesichtsreinigungsbuerste-wandbehang-4-in-1-wasserfest-gesicht-buerste-tiefenreinigung-sanfte-hautpflege-mitesserentferner\/#breadcrumb"},"inLanguage":"de","potentialAction":[{"@type":"ReadAction","target":["https:\/\/marktxxl.de\/markt\/produkt\/gesichtsbuerste-elektrische-gesichtsreinigungsbuerste-wandbehang-4-in-1-wasserfest-gesicht-buerste-tiefenreinigung-sanfte-hautpflege-mitesserentferner\/"]}]},{"@type":"ImageObject","inLanguage":"de","@id":"https:\/\/marktxxl.de\/markt\/produkt\/gesichtsbuerste-elektrische-gesichtsreinigungsbuerste-wandbehang-4-in-1-wasserfest-gesicht-buerste-tiefenreinigung-sanfte-hautpflege-mitesserentferner\/#primaryimage","url":"https:\/\/m.media-amazon.com\/images\/I\/41h0C8-adkS._SL500_.jpg","contentUrl":"https:\/\/m.media-amazon.com\/images\/I\/41h0C8-adkS._SL500_.jpg","width":500,"height":500},{"@type":"BreadcrumbList","@id":"https:\/\/marktxxl.de\/markt\/produkt\/gesichtsbuerste-elektrische-gesichtsreinigungsbuerste-wandbehang-4-in-1-wasserfest-gesicht-buerste-tiefenreinigung-sanfte-hautpflege-mitesserentferner\/#breadcrumb","itemListElement":[{"@type":"ListItem","position":1,"name":"Startseite","item":"https:\/\/marktxxl.de\/markt\/"},{"@type":"ListItem","position":2,"name":"Markt","item":"https:\/\/marktxxl.de\/markt\/"},{"@type":"ListItem","position":3,"name":"Mitesserentferner, Elektrisch Professionell Blackhead Remover Port 6 Wasserfest Tiefenreinigung Sanfte hautpflege\u2026"}]},{"@type":"WebSite","@id":"https:\/\/marktxxl.de\/markt\/#website","url":"https:\/\/marktxxl.de\/markt\/","name":"Markt-XXL","description":"Ihr Markt Online","publisher":{"@id":"https:\/\/marktxxl.de\/markt\/#organization"},"potentialAction":[{"@type":"SearchAction","target":{"@type":"EntryPoint","urlTemplate":"https:\/\/marktxxl.de\/markt\/?s={search_term_string}"},"query-input":{"@type":"PropertyValueSpecification","valueRequired":true,"valueName":"search_term_string"}}],"inLanguage":"de"},{"@type":"Organization","@id":"https:\/\/marktxxl.de\/markt\/#organization","name":"Markt-XXL","url":"https:\/\/marktxxl.de\/markt\/","logo":{"@type":"ImageObject","inLanguage":"de","@id":"https:\/\/marktxxl.de\/markt\/#\/schema\/logo\/image\/","url":"https:\/\/marktxxl.de\/markt\/wp-content\/uploads\/sites\/3\/2020\/12\/logo.png","contentUrl":"https:\/\/marktxxl.de\/markt\/wp-content\/uploads\/sites\/3\/2020\/12\/logo.png","width":200,"height":70,"caption":"Markt-XXL"},"image":{"@id":"https:\/\/marktxxl.de\/markt\/#\/schema\/logo\/image\/"}}]}},"_links":{"self":[{"href":"https:\/\/marktxxl.de\/markt\/wp-json\/wp\/v2\/product\/71441","targetHints":{"allow":["GET"]}}],"collection":[{"href":"https:\/\/marktxxl.de\/markt\/wp-json\/wp\/v2\/product"}],"about":[{"href":"https:\/\/marktxxl.de\/markt\/wp-json\/wp\/v2\/types\/product"}],"replies":[{"embeddable":true,"href":"https:\/\/marktxxl.de\/markt\/wp-json\/wp\/v2\/comments?post=71441"}],"wp:featuredmedia":[{"embeddable":true,"href":"https:\/\/marktxxl.de\/markt\/wp-json\/wp\/v2\/media\/71442"}],"wp:attachment":[{"href":"https:\/\/marktxxl.de\/markt\/wp-json\/wp\/v2\/media?parent=71441"}],"wp:term":[{"taxonomy":"product_brand","embeddable":true,"href":"https:\/\/marktxxl.de\/markt\/wp-json\/wp\/v2\/product_brand?post=71441"},{"taxonomy":"product_cat","embeddable":true,"href":"https:\/\/marktxxl.de\/markt\/wp-json\/wp\/v2\/product_cat?post=71441"},{"taxonomy":"product_tag","embeddable":true,"href":"https:\/\/marktxxl.de\/markt\/wp-json\/wp\/v2\/product_tag?post=71441"}],"curies":[{"name":"wp","href":"https:\/\/api.w.org\/{rel}","templated":true}]}}