{"id":71432,"date":"2021-11-12T23:02:10","date_gmt":"2021-11-12T22:02:10","guid":{"rendered":"https:\/\/marktxxl.de\/markt\/produkt\/ammiy-pinselset-make-up-pinsel-set-professionelle-mit-gesichtspinsel-lidschattenpinsel-augenpinsel-synthetische-haar-kosmetik-pinselsets-eyeshadow-eyeliner-gesichtspuder-18-stueck-rosa-gold\/"},"modified":"2023-04-11T02:44:37","modified_gmt":"2023-04-11T00:44:37","slug":"ammiy-pinselset-make-up-pinsel-set-professionelle-mit-gesichtspinsel-lidschattenpinsel-augenpinsel-synthetische-haar-kosmetik-pinselsets-eyeshadow-eyeliner-gesichtspuder-18-stueck-rosa-gold","status":"publish","type":"product","link":"https:\/\/marktxxl.de\/markt\/produkt\/ammiy-pinselset-make-up-pinsel-set-professionelle-mit-gesichtspinsel-lidschattenpinsel-augenpinsel-synthetische-haar-kosmetik-pinselsets-eyeshadow-eyeliner-gesichtspuder-18-stueck-rosa-gold\/","title":{"rendered":"AMMIY 18pcs Premium Makeup Pinsel Set Gesicht und Auge Kunstpinsel f\u00fcr Foundation Puder Concealers Rouge und Lidschatten"},"content":{"rendered":"<p>Nestling MAKEUP PINSELSET &#8211; Enth\u00e4lt 2 ST\u00dcCKE Extra gro\u00dfe Blush-B\u00fcrste und Puderpinsel, 3 ST\u00dcCKE gro\u00dfe Kabuki-Make-up-Pinsel und 13 ST\u00dcCKE pr\u00e4zise Make-up-Pinsel.<br \/>\nPREMIUM SYNTHETIC MAKEUP PINSEL &#8211; Hergestellt aus weichen und dichten Synthesefasern f\u00fcr ein hochaufl\u00f6sendes Finish mit fl\u00fcssiger, pulverf\u00f6rmiger oder cremefarbener Grundierung ohne Absorption des Produkts und ohne Absch\u00e4len.<br \/>\nVIELSEITIGES B\u00dcRSTE-SET &#8211; Bedecke alle Pinselgr\u00f6\u00dfen und -formen, um das Gesicht zu schnitzen und zu formen. Ideal zum Konturieren, Mischen, Schattieren und Hervorheben.<br \/>\nHOLZGRIFF &#8211; Hochwertige Zwinge und Holzmaterial erm\u00f6glichen eine optimale Griffkontrolle beim Auftragen von Produkten.<br \/>\nGARANTIE &#8211; Ideal zum Konturieren, Verschleiern, Mischen, eher universell, da sie alle Anforderungen in Bezug auf die Anwendung abdecken. Ideal f\u00fcr ein Geschenk f\u00fcr jemanden, der Make-up liebt.<br \/>\n<div class=\"main-cross-sell\" data-asin=\"B01AFZO7X0\">\n\n\t<div class=\"WooZone-cross-sell-loader\">\n\t\t<div>\n\t\t\t<div id=\"floatingBarsG\">\n\t\t\t\t<div class=\"blockG\" id=\"rotateG_01\"><\/div>\n\t\t\t\t<div class=\"blockG\" id=\"rotateG_02\"><\/div>\n\t\t\t\t<div class=\"blockG\" id=\"rotateG_03\"><\/div>\n\t\t\t\t<div class=\"blockG\" id=\"rotateG_04\"><\/div>\n\t\t\t\t<div class=\"blockG\" id=\"rotateG_05\"><\/div>\n\t\t\t\t<div class=\"blockG\" id=\"rotateG_06\"><\/div>\n\t\t\t\t<div class=\"blockG\" id=\"rotateG_07\"><\/div>\n\t\t\t\t<div class=\"blockG\" id=\"rotateG_08\"><\/div>\n\t\t\t<\/div>\n\t\t\t<div class=\"WooZone-cross-sell-loader-text\"><\/div>\n\t\t<\/div>\n\t<\/div>\n\n\t\t\n<\/div>\n<div style=\"clear:both;\"><\/div><\/p>\n","protected":false},"excerpt":{"rendered":"<p>Nestling MAKEUP PINSELSET &#8211; Enth\u00e4lt 2 ST\u00dcCKE Extra gro\u00dfe Blush-B\u00fcrste und Puderpinsel, 3 ST\u00dcCKE gro\u00dfe Kabuki-Make-up-Pinsel und 13 ST\u00dcCKE pr\u00e4zise Make-up-Pinsel.<br \/>\nPREMIUM SYNTHETIC MAKEUP PINSEL &#8211; Hergestellt aus weichen und dichten Synthesefasern f\u00fcr ein hochaufl\u00f6sendes Finish mit fl\u00fcssiger, pulverf\u00f6rmiger oder cremefarbener Grundierung ohne Absorption des Produkts und ohne Absch\u00e4len.<br \/>\nVIELSEITIGES B\u00dcRSTE-SET &#8211; Bedecke alle Pinselgr\u00f6\u00dfen und -formen, um das Gesicht zu schnitzen und zu formen. Ideal zum Konturieren, Mischen, Schattieren und Hervorheben.<\/p>\n","protected":false},"featured_media":71433,"comment_status":"open","ping_status":"closed","template":"","meta":[],"product_brand":[],"product_cat":[2858,7726],"product_tag":[],"class_list":{"0":"post-71432","1":"product","2":"type-product","3":"status-publish","4":"has-post-thumbnail","6":"product_cat-beauty","7":"product_cat-zubehoer-beauty","8":"pa_binding-misc","9":"pa_brand-ammiy","10":"pa_color-12pcs-gold","11":"pa_manufacturer-shenzhen-ammiy-technology-co-ltd","12":"pa_size-18-stueck-1er-pack","14":"first","15":"instock","16":"shipping-taxable","17":"purchasable","18":"product-type-simple","19":"customify-col","20":"product-has-gallery"},"yoast_head":"<!-- This site is optimized with the Yoast SEO plugin v27.4 - https:\/\/yoast.com\/product\/yoast-seo-wordpress\/ -->\n<title>AMMIY 18pcs Premium Makeup Pinsel Set Gesicht und Auge Kunstpinsel f\u00fcr Foundation Puder Concealers Rouge und Lidschatten - Markt-XXL<\/title>\n<meta name=\"description\" content=\"Markt-XXL AMMIY 18pcs Premium Makeup Pinsel Set Gesicht und Auge Kunstpinsel f\u00fcr Foundation Puder Concealers Rouge und Lidschatten\" \/>\n<meta name=\"robots\" content=\"index, follow, max-snippet:-1, max-image-preview:large, max-video-preview:-1\" \/>\n<link rel=\"canonical\" href=\"https:\/\/marktxxl.de\/markt\/produkt\/ammiy-pinselset-make-up-pinsel-set-professionelle-mit-gesichtspinsel-lidschattenpinsel-augenpinsel-synthetische-haar-kosmetik-pinselsets-eyeshadow-eyeliner-gesichtspuder-18-stueck-rosa-gold\/\" \/>\n<meta property=\"og:locale\" content=\"de_DE\" \/>\n<meta property=\"og:type\" content=\"article\" \/>\n<meta property=\"og:title\" content=\"AMMIY 18pcs Premium Makeup Pinsel Set Gesicht und Auge Kunstpinsel f\u00fcr Foundation Puder Concealers Rouge und Lidschatten - Markt-XXL\" \/>\n<meta property=\"og:description\" content=\"Markt-XXL AMMIY 18pcs Premium Makeup Pinsel Set Gesicht und Auge Kunstpinsel f\u00fcr Foundation Puder Concealers Rouge und Lidschatten\" \/>\n<meta property=\"og:url\" content=\"https:\/\/marktxxl.de\/markt\/produkt\/ammiy-pinselset-make-up-pinsel-set-professionelle-mit-gesichtspinsel-lidschattenpinsel-augenpinsel-synthetische-haar-kosmetik-pinselsets-eyeshadow-eyeliner-gesichtspuder-18-stueck-rosa-gold\/\" \/>\n<meta property=\"og:site_name\" content=\"Markt-XXL\" \/>\n<meta property=\"article:modified_time\" content=\"2023-04-11T00:44:37+00:00\" \/>\n<meta property=\"og:image\" content=\"https:\/\/m.media-amazon.com\/images\/I\/51D8EDNNSmL._SL500_.jpg\" \/>\n\t<meta property=\"og:image:width\" content=\"474\" \/>\n\t<meta property=\"og:image:height\" content=\"500\" \/>\n\t<meta property=\"og:image:type\" content=\"image\/jpeg\" \/>\n<meta name=\"twitter:card\" content=\"summary_large_image\" \/>\n<meta name=\"twitter:label1\" content=\"Gesch\u00e4tzte Lesezeit\" \/>\n\t<meta name=\"twitter:data1\" content=\"1\u00a0Minute\" \/>\n<script type=\"application\/ld+json\" class=\"yoast-schema-graph\">{\"@context\":\"https:\\\/\\\/schema.org\",\"@graph\":[{\"@type\":\"WebPage\",\"@id\":\"https:\\\/\\\/marktxxl.de\\\/markt\\\/produkt\\\/ammiy-pinselset-make-up-pinsel-set-professionelle-mit-gesichtspinsel-lidschattenpinsel-augenpinsel-synthetische-haar-kosmetik-pinselsets-eyeshadow-eyeliner-gesichtspuder-18-stueck-rosa-gold\\\/\",\"url\":\"https:\\\/\\\/marktxxl.de\\\/markt\\\/produkt\\\/ammiy-pinselset-make-up-pinsel-set-professionelle-mit-gesichtspinsel-lidschattenpinsel-augenpinsel-synthetische-haar-kosmetik-pinselsets-eyeshadow-eyeliner-gesichtspuder-18-stueck-rosa-gold\\\/\",\"name\":\"AMMIY 18pcs Premium Makeup Pinsel Set Gesicht und Auge Kunstpinsel f\u00fcr Foundation Puder Concealers Rouge und Lidschatten - Markt-XXL\",\"isPartOf\":{\"@id\":\"https:\\\/\\\/marktxxl.de\\\/markt\\\/#website\"},\"primaryImageOfPage\":{\"@id\":\"https:\\\/\\\/marktxxl.de\\\/markt\\\/produkt\\\/ammiy-pinselset-make-up-pinsel-set-professionelle-mit-gesichtspinsel-lidschattenpinsel-augenpinsel-synthetische-haar-kosmetik-pinselsets-eyeshadow-eyeliner-gesichtspuder-18-stueck-rosa-gold\\\/#primaryimage\"},\"image\":{\"@id\":\"https:\\\/\\\/marktxxl.de\\\/markt\\\/produkt\\\/ammiy-pinselset-make-up-pinsel-set-professionelle-mit-gesichtspinsel-lidschattenpinsel-augenpinsel-synthetische-haar-kosmetik-pinselsets-eyeshadow-eyeliner-gesichtspuder-18-stueck-rosa-gold\\\/#primaryimage\"},\"thumbnailUrl\":\"https:\\\/\\\/m.media-amazon.com\\\/images\\\/I\\\/51D8EDNNSmL._SL500_.jpg\",\"datePublished\":\"2021-11-12T22:02:10+00:00\",\"dateModified\":\"2023-04-11T00:44:37+00:00\",\"description\":\"Markt-XXL AMMIY 18pcs Premium Makeup Pinsel Set Gesicht und Auge Kunstpinsel f\u00fcr Foundation Puder Concealers Rouge und Lidschatten\",\"breadcrumb\":{\"@id\":\"https:\\\/\\\/marktxxl.de\\\/markt\\\/produkt\\\/ammiy-pinselset-make-up-pinsel-set-professionelle-mit-gesichtspinsel-lidschattenpinsel-augenpinsel-synthetische-haar-kosmetik-pinselsets-eyeshadow-eyeliner-gesichtspuder-18-stueck-rosa-gold\\\/#breadcrumb\"},\"inLanguage\":\"de\",\"potentialAction\":[{\"@type\":\"ReadAction\",\"target\":[\"https:\\\/\\\/marktxxl.de\\\/markt\\\/produkt\\\/ammiy-pinselset-make-up-pinsel-set-professionelle-mit-gesichtspinsel-lidschattenpinsel-augenpinsel-synthetische-haar-kosmetik-pinselsets-eyeshadow-eyeliner-gesichtspuder-18-stueck-rosa-gold\\\/\"]}]},{\"@type\":\"ImageObject\",\"inLanguage\":\"de\",\"@id\":\"https:\\\/\\\/marktxxl.de\\\/markt\\\/produkt\\\/ammiy-pinselset-make-up-pinsel-set-professionelle-mit-gesichtspinsel-lidschattenpinsel-augenpinsel-synthetische-haar-kosmetik-pinselsets-eyeshadow-eyeliner-gesichtspuder-18-stueck-rosa-gold\\\/#primaryimage\",\"url\":\"https:\\\/\\\/m.media-amazon.com\\\/images\\\/I\\\/51D8EDNNSmL._SL500_.jpg\",\"contentUrl\":\"https:\\\/\\\/m.media-amazon.com\\\/images\\\/I\\\/51D8EDNNSmL._SL500_.jpg\",\"width\":474,\"height\":500},{\"@type\":\"BreadcrumbList\",\"@id\":\"https:\\\/\\\/marktxxl.de\\\/markt\\\/produkt\\\/ammiy-pinselset-make-up-pinsel-set-professionelle-mit-gesichtspinsel-lidschattenpinsel-augenpinsel-synthetische-haar-kosmetik-pinselsets-eyeshadow-eyeliner-gesichtspuder-18-stueck-rosa-gold\\\/#breadcrumb\",\"itemListElement\":[{\"@type\":\"ListItem\",\"position\":1,\"name\":\"Startseite\",\"item\":\"https:\\\/\\\/marktxxl.de\\\/markt\\\/\"},{\"@type\":\"ListItem\",\"position\":2,\"name\":\"Markt\",\"item\":\"https:\\\/\\\/marktxxl.de\\\/markt\\\/\"},{\"@type\":\"ListItem\",\"position\":3,\"name\":\"AMMIY 18pcs Premium Makeup Pinsel Set Gesicht und Auge Kunstpinsel f\u00fcr Foundation Puder Concealers Rouge und Lidschatten\"}]},{\"@type\":\"WebSite\",\"@id\":\"https:\\\/\\\/marktxxl.de\\\/markt\\\/#website\",\"url\":\"https:\\\/\\\/marktxxl.de\\\/markt\\\/\",\"name\":\"Markt-XXL\",\"description\":\"Ihr Markt Online\",\"publisher\":{\"@id\":\"https:\\\/\\\/marktxxl.de\\\/markt\\\/#organization\"},\"potentialAction\":[{\"@type\":\"SearchAction\",\"target\":{\"@type\":\"EntryPoint\",\"urlTemplate\":\"https:\\\/\\\/marktxxl.de\\\/markt\\\/?s={search_term_string}\"},\"query-input\":{\"@type\":\"PropertyValueSpecification\",\"valueRequired\":true,\"valueName\":\"search_term_string\"}}],\"inLanguage\":\"de\"},{\"@type\":\"Organization\",\"@id\":\"https:\\\/\\\/marktxxl.de\\\/markt\\\/#organization\",\"name\":\"Markt-XXL\",\"url\":\"https:\\\/\\\/marktxxl.de\\\/markt\\\/\",\"logo\":{\"@type\":\"ImageObject\",\"inLanguage\":\"de\",\"@id\":\"https:\\\/\\\/marktxxl.de\\\/markt\\\/#\\\/schema\\\/logo\\\/image\\\/\",\"url\":\"https:\\\/\\\/marktxxl.de\\\/markt\\\/wp-content\\\/uploads\\\/sites\\\/3\\\/2020\\\/12\\\/logo.png\",\"contentUrl\":\"https:\\\/\\\/marktxxl.de\\\/markt\\\/wp-content\\\/uploads\\\/sites\\\/3\\\/2020\\\/12\\\/logo.png\",\"width\":200,\"height\":70,\"caption\":\"Markt-XXL\"},\"image\":{\"@id\":\"https:\\\/\\\/marktxxl.de\\\/markt\\\/#\\\/schema\\\/logo\\\/image\\\/\"}}]}<\/script>\n<!-- \/ Yoast SEO plugin. -->","yoast_head_json":{"title":"AMMIY 18pcs Premium Makeup Pinsel Set Gesicht und Auge Kunstpinsel f\u00fcr Foundation Puder Concealers Rouge und Lidschatten - Markt-XXL","description":"Markt-XXL AMMIY 18pcs Premium Makeup Pinsel Set Gesicht und Auge Kunstpinsel f\u00fcr Foundation Puder Concealers Rouge und Lidschatten","robots":{"index":"index","follow":"follow","max-snippet":"max-snippet:-1","max-image-preview":"max-image-preview:large","max-video-preview":"max-video-preview:-1"},"canonical":"https:\/\/marktxxl.de\/markt\/produkt\/ammiy-pinselset-make-up-pinsel-set-professionelle-mit-gesichtspinsel-lidschattenpinsel-augenpinsel-synthetische-haar-kosmetik-pinselsets-eyeshadow-eyeliner-gesichtspuder-18-stueck-rosa-gold\/","og_locale":"de_DE","og_type":"article","og_title":"AMMIY 18pcs Premium Makeup Pinsel Set Gesicht und Auge Kunstpinsel f\u00fcr Foundation Puder Concealers Rouge und Lidschatten - Markt-XXL","og_description":"Markt-XXL AMMIY 18pcs Premium Makeup Pinsel Set Gesicht und Auge Kunstpinsel f\u00fcr Foundation Puder Concealers Rouge und Lidschatten","og_url":"https:\/\/marktxxl.de\/markt\/produkt\/ammiy-pinselset-make-up-pinsel-set-professionelle-mit-gesichtspinsel-lidschattenpinsel-augenpinsel-synthetische-haar-kosmetik-pinselsets-eyeshadow-eyeliner-gesichtspuder-18-stueck-rosa-gold\/","og_site_name":"Markt-XXL","article_modified_time":"2023-04-11T00:44:37+00:00","og_image":[{"width":474,"height":500,"url":"https:\/\/m.media-amazon.com\/images\/I\/51D8EDNNSmL._SL500_.jpg","type":"image\/jpeg"}],"twitter_card":"summary_large_image","twitter_misc":{"Gesch\u00e4tzte Lesezeit":"1\u00a0Minute"},"schema":{"@context":"https:\/\/schema.org","@graph":[{"@type":"WebPage","@id":"https:\/\/marktxxl.de\/markt\/produkt\/ammiy-pinselset-make-up-pinsel-set-professionelle-mit-gesichtspinsel-lidschattenpinsel-augenpinsel-synthetische-haar-kosmetik-pinselsets-eyeshadow-eyeliner-gesichtspuder-18-stueck-rosa-gold\/","url":"https:\/\/marktxxl.de\/markt\/produkt\/ammiy-pinselset-make-up-pinsel-set-professionelle-mit-gesichtspinsel-lidschattenpinsel-augenpinsel-synthetische-haar-kosmetik-pinselsets-eyeshadow-eyeliner-gesichtspuder-18-stueck-rosa-gold\/","name":"AMMIY 18pcs Premium Makeup Pinsel Set Gesicht und Auge Kunstpinsel f\u00fcr Foundation Puder Concealers Rouge und Lidschatten - Markt-XXL","isPartOf":{"@id":"https:\/\/marktxxl.de\/markt\/#website"},"primaryImageOfPage":{"@id":"https:\/\/marktxxl.de\/markt\/produkt\/ammiy-pinselset-make-up-pinsel-set-professionelle-mit-gesichtspinsel-lidschattenpinsel-augenpinsel-synthetische-haar-kosmetik-pinselsets-eyeshadow-eyeliner-gesichtspuder-18-stueck-rosa-gold\/#primaryimage"},"image":{"@id":"https:\/\/marktxxl.de\/markt\/produkt\/ammiy-pinselset-make-up-pinsel-set-professionelle-mit-gesichtspinsel-lidschattenpinsel-augenpinsel-synthetische-haar-kosmetik-pinselsets-eyeshadow-eyeliner-gesichtspuder-18-stueck-rosa-gold\/#primaryimage"},"thumbnailUrl":"https:\/\/m.media-amazon.com\/images\/I\/51D8EDNNSmL._SL500_.jpg","datePublished":"2021-11-12T22:02:10+00:00","dateModified":"2023-04-11T00:44:37+00:00","description":"Markt-XXL AMMIY 18pcs Premium Makeup Pinsel Set Gesicht und Auge Kunstpinsel f\u00fcr Foundation Puder Concealers Rouge und Lidschatten","breadcrumb":{"@id":"https:\/\/marktxxl.de\/markt\/produkt\/ammiy-pinselset-make-up-pinsel-set-professionelle-mit-gesichtspinsel-lidschattenpinsel-augenpinsel-synthetische-haar-kosmetik-pinselsets-eyeshadow-eyeliner-gesichtspuder-18-stueck-rosa-gold\/#breadcrumb"},"inLanguage":"de","potentialAction":[{"@type":"ReadAction","target":["https:\/\/marktxxl.de\/markt\/produkt\/ammiy-pinselset-make-up-pinsel-set-professionelle-mit-gesichtspinsel-lidschattenpinsel-augenpinsel-synthetische-haar-kosmetik-pinselsets-eyeshadow-eyeliner-gesichtspuder-18-stueck-rosa-gold\/"]}]},{"@type":"ImageObject","inLanguage":"de","@id":"https:\/\/marktxxl.de\/markt\/produkt\/ammiy-pinselset-make-up-pinsel-set-professionelle-mit-gesichtspinsel-lidschattenpinsel-augenpinsel-synthetische-haar-kosmetik-pinselsets-eyeshadow-eyeliner-gesichtspuder-18-stueck-rosa-gold\/#primaryimage","url":"https:\/\/m.media-amazon.com\/images\/I\/51D8EDNNSmL._SL500_.jpg","contentUrl":"https:\/\/m.media-amazon.com\/images\/I\/51D8EDNNSmL._SL500_.jpg","width":474,"height":500},{"@type":"BreadcrumbList","@id":"https:\/\/marktxxl.de\/markt\/produkt\/ammiy-pinselset-make-up-pinsel-set-professionelle-mit-gesichtspinsel-lidschattenpinsel-augenpinsel-synthetische-haar-kosmetik-pinselsets-eyeshadow-eyeliner-gesichtspuder-18-stueck-rosa-gold\/#breadcrumb","itemListElement":[{"@type":"ListItem","position":1,"name":"Startseite","item":"https:\/\/marktxxl.de\/markt\/"},{"@type":"ListItem","position":2,"name":"Markt","item":"https:\/\/marktxxl.de\/markt\/"},{"@type":"ListItem","position":3,"name":"AMMIY 18pcs Premium Makeup Pinsel Set Gesicht und Auge Kunstpinsel f\u00fcr Foundation Puder Concealers Rouge und Lidschatten"}]},{"@type":"WebSite","@id":"https:\/\/marktxxl.de\/markt\/#website","url":"https:\/\/marktxxl.de\/markt\/","name":"Markt-XXL","description":"Ihr Markt Online","publisher":{"@id":"https:\/\/marktxxl.de\/markt\/#organization"},"potentialAction":[{"@type":"SearchAction","target":{"@type":"EntryPoint","urlTemplate":"https:\/\/marktxxl.de\/markt\/?s={search_term_string}"},"query-input":{"@type":"PropertyValueSpecification","valueRequired":true,"valueName":"search_term_string"}}],"inLanguage":"de"},{"@type":"Organization","@id":"https:\/\/marktxxl.de\/markt\/#organization","name":"Markt-XXL","url":"https:\/\/marktxxl.de\/markt\/","logo":{"@type":"ImageObject","inLanguage":"de","@id":"https:\/\/marktxxl.de\/markt\/#\/schema\/logo\/image\/","url":"https:\/\/marktxxl.de\/markt\/wp-content\/uploads\/sites\/3\/2020\/12\/logo.png","contentUrl":"https:\/\/marktxxl.de\/markt\/wp-content\/uploads\/sites\/3\/2020\/12\/logo.png","width":200,"height":70,"caption":"Markt-XXL"},"image":{"@id":"https:\/\/marktxxl.de\/markt\/#\/schema\/logo\/image\/"}}]}},"_links":{"self":[{"href":"https:\/\/marktxxl.de\/markt\/wp-json\/wp\/v2\/product\/71432","targetHints":{"allow":["GET"]}}],"collection":[{"href":"https:\/\/marktxxl.de\/markt\/wp-json\/wp\/v2\/product"}],"about":[{"href":"https:\/\/marktxxl.de\/markt\/wp-json\/wp\/v2\/types\/product"}],"replies":[{"embeddable":true,"href":"https:\/\/marktxxl.de\/markt\/wp-json\/wp\/v2\/comments?post=71432"}],"wp:featuredmedia":[{"embeddable":true,"href":"https:\/\/marktxxl.de\/markt\/wp-json\/wp\/v2\/media\/71433"}],"wp:attachment":[{"href":"https:\/\/marktxxl.de\/markt\/wp-json\/wp\/v2\/media?parent=71432"}],"wp:term":[{"taxonomy":"product_brand","embeddable":true,"href":"https:\/\/marktxxl.de\/markt\/wp-json\/wp\/v2\/product_brand?post=71432"},{"taxonomy":"product_cat","embeddable":true,"href":"https:\/\/marktxxl.de\/markt\/wp-json\/wp\/v2\/product_cat?post=71432"},{"taxonomy":"product_tag","embeddable":true,"href":"https:\/\/marktxxl.de\/markt\/wp-json\/wp\/v2\/product_tag?post=71432"}],"curies":[{"name":"wp","href":"https:\/\/api.w.org\/{rel}","templated":true}]}}