{"id":71424,"date":"2021-11-12T23:02:07","date_gmt":"2021-11-12T22:02:07","guid":{"rendered":"https:\/\/marktxxl.de\/markt\/produkt\/magnetische-wimpern-mit-eyeliner-set-3d-magnetische-wimpern-kit-mit-10-paaren-wiederverwendbare-falsche-wimpern-natuerlichen-look-magnetic-eyelashes-pinzette-und-eyeliner-einfach-zu-tragen\/"},"modified":"2023-04-11T02:44:37","modified_gmt":"2023-04-11T00:44:37","slug":"magnetische-wimpern-mit-eyeliner-set-3d-magnetische-wimpern-kit-mit-10-paaren-wiederverwendbare-falsche-wimpern-natuerlichen-look-magnetic-eyelashes-pinzette-und-eyeliner-einfach-zu-tragen","status":"publish","type":"product","link":"https:\/\/marktxxl.de\/markt\/produkt\/magnetische-wimpern-mit-eyeliner-set-3d-magnetische-wimpern-kit-mit-10-paaren-wiederverwendbare-falsche-wimpern-natuerlichen-look-magnetic-eyelashes-pinzette-und-eyeliner-einfach-zu-tragen\/","title":{"rendered":"Magnetische Wimpern mit Eyeliner Set, 3D magnetische Wimpern Kit mit 10 Paaren wiederverwendbare falsche Wimpern\u2026"},"content":{"rendered":"<p>Magnetische Wimpern mit Eyeliner Set, 3D magnetische Wimpern Kit mit 10 Paaren wiederverwendbare falsche Wimpern nat\u00fcrlichen Look, Magnetic eyelashes, Pinzette und Eyeliner, einfach zu tragen<br \/>\n2 TUBEN SPEZIELLER EYELINER: Ein Paar bezaubernde Wimpern zu haben, ist das Streben einer jeden Frau. Unser Magnetic Eyeliner and Lashes Kit wird mit 2 Tuben eines speziellen Eyeliners geliefert, der ultrafeine magnetische Partikel enth\u00e4lt, die es den magnetischen Wimpern erm\u00f6glichen, sich leicht zu verbinden und zu halten. Nach dem Aufsetzen der falschen Wimpern die Wimpern auf das Augenlid dr\u00fccken, damit der Eyeliner gut haften kann.<br \/>\nSEHR GLATT &amp; NAT\u00dcRLICH AUSSEHEND: Sie suchen nach einem magnetischen Eyeliner- und Wimpern-Set, das Ihnen einen nat\u00fcrlichen Look verleiht, der nicht immer leicht zu finden ist. Unser magnetisches Eyeliner- und Wimpern-Set verleiht Ihnen den nat\u00fcrlichen Look, den Sie sich schon immer gew\u00fcnscht haben, und das den ganzen Tag lang mit unseren hochfesten kleinen Magneten.<br \/>\nEINFACH ZU BENUTZEN:\u00a0Es kann mit einem Handgriff aufgetragen werden:\u00a0Keine besonderen F\u00e4higkeiten oder ein Visagist erforderlich. Das Eyeliner-System k\u00f6nnte nicht einfacher zu benutzen sein. Der Eyeliner l\u00e4sst sich wie ein gew\u00f6hnlicher Eyeliner auftragen. Nachdem Sie den Eyeliner aufgetragen haben, halten Sie einfach die Wimpern an den Eyeliner und sie verlaufen geschmeidig.<br \/>\nDEN GANZEN TAG &amp; LANG ANHALTEND: Unser magnetisches Eyeliner- und Wimpernset ist sehr haltbar und stark. Es ist au\u00dferdem wasserfest und verblasst nicht. Sie k\u00f6nnen Ihren sch\u00f6nen Wimpern-Look den ganzen Tag lang genie\u00dfen.<br \/>\n<div class=\"main-cross-sell\" data-asin=\"B084WS92SP\">\n\n\t<div class=\"WooZone-cross-sell-loader\">\n\t\t<div>\n\t\t\t<div id=\"floatingBarsG\">\n\t\t\t\t<div class=\"blockG\" id=\"rotateG_01\"><\/div>\n\t\t\t\t<div class=\"blockG\" id=\"rotateG_02\"><\/div>\n\t\t\t\t<div class=\"blockG\" id=\"rotateG_03\"><\/div>\n\t\t\t\t<div class=\"blockG\" id=\"rotateG_04\"><\/div>\n\t\t\t\t<div class=\"blockG\" id=\"rotateG_05\"><\/div>\n\t\t\t\t<div class=\"blockG\" id=\"rotateG_06\"><\/div>\n\t\t\t\t<div class=\"blockG\" id=\"rotateG_07\"><\/div>\n\t\t\t\t<div class=\"blockG\" id=\"rotateG_08\"><\/div>\n\t\t\t<\/div>\n\t\t\t<div class=\"WooZone-cross-sell-loader-text\"><\/div>\n\t\t<\/div>\n\t<\/div>\n\n\t\t\n<\/div>\n<div style=\"clear:both;\"><\/div><\/p>\n","protected":false},"excerpt":{"rendered":"<p>Magnetische Wimpern mit Eyeliner Set, 3D magnetische Wimpern Kit mit 10 Paaren wiederverwendbare falsche Wimpern nat\u00fcrlichen Look, Magnetic eyelashes, Pinzette und Eyeliner, einfach zu tragen<br \/>\n2 TUBEN SPEZIELLER EYELINER: Ein Paar bezaubernde Wimpern zu haben, ist das Streben einer jeden Frau. Unser Magnetic Eyeliner and Lashes Kit wird mit 2 Tuben eines speziellen Eyeliners geliefert, der ultrafeine magnetische Partikel enth\u00e4lt, die es den magnetischen Wimpern erm\u00f6glichen, sich leicht zu verbinden und zu halten. Nach dem Aufsetzen der falschen Wimpern die Wimpern auf das Augenlid dr\u00fccken, damit der Eyeliner gut haften kann.<br \/>\nSEHR GLATT &amp; NAT\u00dcRLICH AUSSEHEND: Sie suchen nach einem magnetischen Eyeliner- und Wimpern-Set, das Ihnen einen nat\u00fcrlichen Look verleiht, der nicht immer leicht zu finden ist. Unser magnetisches Eyeliner- und Wimpern-Set verleiht Ihnen den nat\u00fcrlichen Look, den Sie sich schon immer gew\u00fcnscht haben, und das den ganzen Tag lang mit unseren hochfesten kleinen Magneten.<\/p>\n","protected":false},"featured_media":71425,"comment_status":"open","ping_status":"closed","template":"","meta":[],"product_brand":[],"product_cat":[2858,7726],"product_tag":[],"class_list":{"0":"post-71424","1":"product","2":"type-product","3":"status-publish","4":"has-post-thumbnail","6":"product_cat-beauty","7":"product_cat-zubehoer-beauty","8":"pa_brand-cnxus","9":"pa_manufacturer-hkbtch","10":"pa_model-hsbcc-a","11":"pa_size-10-paar-1er-pack","12":"pa_warranty-garantie-gegeben","14":"first","15":"instock","16":"shipping-taxable","17":"purchasable","18":"product-type-simple","19":"customify-col","20":"product-has-gallery"},"yoast_head":"<!-- This site is optimized with the Yoast SEO plugin v27.4 - https:\/\/yoast.com\/product\/yoast-seo-wordpress\/ -->\n<title>Magnetische Wimpern mit Eyeliner Set, 3D magnetische Wimpern Kit mit 10 Paaren wiederverwendbare falsche Wimpern\u2026 - Markt-XXL<\/title>\n<meta name=\"description\" content=\"Markt-XXL Magnetische Wimpern mit Eyeliner Set, 3D magnetische Wimpern Kit mit 10 Paaren wiederverwendbare falsche Wimpern\u2026\" \/>\n<meta name=\"robots\" content=\"index, follow, max-snippet:-1, max-image-preview:large, max-video-preview:-1\" \/>\n<link rel=\"canonical\" href=\"https:\/\/marktxxl.de\/markt\/produkt\/magnetische-wimpern-mit-eyeliner-set-3d-magnetische-wimpern-kit-mit-10-paaren-wiederverwendbare-falsche-wimpern-natuerlichen-look-magnetic-eyelashes-pinzette-und-eyeliner-einfach-zu-tragen\/\" \/>\n<meta property=\"og:locale\" content=\"de_DE\" \/>\n<meta property=\"og:type\" content=\"article\" \/>\n<meta property=\"og:title\" content=\"Magnetische Wimpern mit Eyeliner Set, 3D magnetische Wimpern Kit mit 10 Paaren wiederverwendbare falsche Wimpern\u2026 - Markt-XXL\" \/>\n<meta property=\"og:description\" content=\"Markt-XXL Magnetische Wimpern mit Eyeliner Set, 3D magnetische Wimpern Kit mit 10 Paaren wiederverwendbare falsche Wimpern\u2026\" \/>\n<meta property=\"og:url\" content=\"https:\/\/marktxxl.de\/markt\/produkt\/magnetische-wimpern-mit-eyeliner-set-3d-magnetische-wimpern-kit-mit-10-paaren-wiederverwendbare-falsche-wimpern-natuerlichen-look-magnetic-eyelashes-pinzette-und-eyeliner-einfach-zu-tragen\/\" \/>\n<meta property=\"og:site_name\" content=\"Markt-XXL\" \/>\n<meta property=\"article:modified_time\" content=\"2023-04-11T00:44:37+00:00\" \/>\n<meta property=\"og:image\" content=\"https:\/\/m.media-amazon.com\/images\/I\/51Gu8A2W1sS._SL500_.jpg\" \/>\n\t<meta property=\"og:image:width\" content=\"500\" \/>\n\t<meta property=\"og:image:height\" content=\"500\" \/>\n\t<meta property=\"og:image:type\" content=\"image\/jpeg\" \/>\n<meta name=\"twitter:card\" content=\"summary_large_image\" \/>\n<meta name=\"twitter:label1\" content=\"Gesch\u00e4tzte Lesezeit\" \/>\n\t<meta name=\"twitter:data1\" content=\"1\u00a0Minute\" \/>\n<script type=\"application\/ld+json\" class=\"yoast-schema-graph\">{\"@context\":\"https:\\\/\\\/schema.org\",\"@graph\":[{\"@type\":\"WebPage\",\"@id\":\"https:\\\/\\\/marktxxl.de\\\/markt\\\/produkt\\\/magnetische-wimpern-mit-eyeliner-set-3d-magnetische-wimpern-kit-mit-10-paaren-wiederverwendbare-falsche-wimpern-natuerlichen-look-magnetic-eyelashes-pinzette-und-eyeliner-einfach-zu-tragen\\\/\",\"url\":\"https:\\\/\\\/marktxxl.de\\\/markt\\\/produkt\\\/magnetische-wimpern-mit-eyeliner-set-3d-magnetische-wimpern-kit-mit-10-paaren-wiederverwendbare-falsche-wimpern-natuerlichen-look-magnetic-eyelashes-pinzette-und-eyeliner-einfach-zu-tragen\\\/\",\"name\":\"Magnetische Wimpern mit Eyeliner Set, 3D magnetische Wimpern Kit mit 10 Paaren wiederverwendbare falsche Wimpern\u2026 - Markt-XXL\",\"isPartOf\":{\"@id\":\"https:\\\/\\\/marktxxl.de\\\/markt\\\/#website\"},\"primaryImageOfPage\":{\"@id\":\"https:\\\/\\\/marktxxl.de\\\/markt\\\/produkt\\\/magnetische-wimpern-mit-eyeliner-set-3d-magnetische-wimpern-kit-mit-10-paaren-wiederverwendbare-falsche-wimpern-natuerlichen-look-magnetic-eyelashes-pinzette-und-eyeliner-einfach-zu-tragen\\\/#primaryimage\"},\"image\":{\"@id\":\"https:\\\/\\\/marktxxl.de\\\/markt\\\/produkt\\\/magnetische-wimpern-mit-eyeliner-set-3d-magnetische-wimpern-kit-mit-10-paaren-wiederverwendbare-falsche-wimpern-natuerlichen-look-magnetic-eyelashes-pinzette-und-eyeliner-einfach-zu-tragen\\\/#primaryimage\"},\"thumbnailUrl\":\"https:\\\/\\\/m.media-amazon.com\\\/images\\\/I\\\/51Gu8A2W1sS._SL500_.jpg\",\"datePublished\":\"2021-11-12T22:02:07+00:00\",\"dateModified\":\"2023-04-11T00:44:37+00:00\",\"description\":\"Markt-XXL Magnetische Wimpern mit Eyeliner Set, 3D magnetische Wimpern Kit mit 10 Paaren wiederverwendbare falsche Wimpern\u2026\",\"breadcrumb\":{\"@id\":\"https:\\\/\\\/marktxxl.de\\\/markt\\\/produkt\\\/magnetische-wimpern-mit-eyeliner-set-3d-magnetische-wimpern-kit-mit-10-paaren-wiederverwendbare-falsche-wimpern-natuerlichen-look-magnetic-eyelashes-pinzette-und-eyeliner-einfach-zu-tragen\\\/#breadcrumb\"},\"inLanguage\":\"de\",\"potentialAction\":[{\"@type\":\"ReadAction\",\"target\":[\"https:\\\/\\\/marktxxl.de\\\/markt\\\/produkt\\\/magnetische-wimpern-mit-eyeliner-set-3d-magnetische-wimpern-kit-mit-10-paaren-wiederverwendbare-falsche-wimpern-natuerlichen-look-magnetic-eyelashes-pinzette-und-eyeliner-einfach-zu-tragen\\\/\"]}]},{\"@type\":\"ImageObject\",\"inLanguage\":\"de\",\"@id\":\"https:\\\/\\\/marktxxl.de\\\/markt\\\/produkt\\\/magnetische-wimpern-mit-eyeliner-set-3d-magnetische-wimpern-kit-mit-10-paaren-wiederverwendbare-falsche-wimpern-natuerlichen-look-magnetic-eyelashes-pinzette-und-eyeliner-einfach-zu-tragen\\\/#primaryimage\",\"url\":\"https:\\\/\\\/m.media-amazon.com\\\/images\\\/I\\\/51Gu8A2W1sS._SL500_.jpg\",\"contentUrl\":\"https:\\\/\\\/m.media-amazon.com\\\/images\\\/I\\\/51Gu8A2W1sS._SL500_.jpg\",\"width\":500,\"height\":500},{\"@type\":\"BreadcrumbList\",\"@id\":\"https:\\\/\\\/marktxxl.de\\\/markt\\\/produkt\\\/magnetische-wimpern-mit-eyeliner-set-3d-magnetische-wimpern-kit-mit-10-paaren-wiederverwendbare-falsche-wimpern-natuerlichen-look-magnetic-eyelashes-pinzette-und-eyeliner-einfach-zu-tragen\\\/#breadcrumb\",\"itemListElement\":[{\"@type\":\"ListItem\",\"position\":1,\"name\":\"Startseite\",\"item\":\"https:\\\/\\\/marktxxl.de\\\/markt\\\/\"},{\"@type\":\"ListItem\",\"position\":2,\"name\":\"Markt\",\"item\":\"https:\\\/\\\/marktxxl.de\\\/markt\\\/\"},{\"@type\":\"ListItem\",\"position\":3,\"name\":\"Magnetische Wimpern mit Eyeliner Set, 3D magnetische Wimpern Kit mit 10 Paaren wiederverwendbare falsche Wimpern\u2026\"}]},{\"@type\":\"WebSite\",\"@id\":\"https:\\\/\\\/marktxxl.de\\\/markt\\\/#website\",\"url\":\"https:\\\/\\\/marktxxl.de\\\/markt\\\/\",\"name\":\"Markt-XXL\",\"description\":\"Ihr Markt Online\",\"publisher\":{\"@id\":\"https:\\\/\\\/marktxxl.de\\\/markt\\\/#organization\"},\"potentialAction\":[{\"@type\":\"SearchAction\",\"target\":{\"@type\":\"EntryPoint\",\"urlTemplate\":\"https:\\\/\\\/marktxxl.de\\\/markt\\\/?s={search_term_string}\"},\"query-input\":{\"@type\":\"PropertyValueSpecification\",\"valueRequired\":true,\"valueName\":\"search_term_string\"}}],\"inLanguage\":\"de\"},{\"@type\":\"Organization\",\"@id\":\"https:\\\/\\\/marktxxl.de\\\/markt\\\/#organization\",\"name\":\"Markt-XXL\",\"url\":\"https:\\\/\\\/marktxxl.de\\\/markt\\\/\",\"logo\":{\"@type\":\"ImageObject\",\"inLanguage\":\"de\",\"@id\":\"https:\\\/\\\/marktxxl.de\\\/markt\\\/#\\\/schema\\\/logo\\\/image\\\/\",\"url\":\"https:\\\/\\\/marktxxl.de\\\/markt\\\/wp-content\\\/uploads\\\/sites\\\/3\\\/2020\\\/12\\\/logo.png\",\"contentUrl\":\"https:\\\/\\\/marktxxl.de\\\/markt\\\/wp-content\\\/uploads\\\/sites\\\/3\\\/2020\\\/12\\\/logo.png\",\"width\":200,\"height\":70,\"caption\":\"Markt-XXL\"},\"image\":{\"@id\":\"https:\\\/\\\/marktxxl.de\\\/markt\\\/#\\\/schema\\\/logo\\\/image\\\/\"}}]}<\/script>\n<!-- \/ Yoast SEO plugin. -->","yoast_head_json":{"title":"Magnetische Wimpern mit Eyeliner Set, 3D magnetische Wimpern Kit mit 10 Paaren wiederverwendbare falsche Wimpern\u2026 - Markt-XXL","description":"Markt-XXL Magnetische Wimpern mit Eyeliner Set, 3D magnetische Wimpern Kit mit 10 Paaren wiederverwendbare falsche Wimpern\u2026","robots":{"index":"index","follow":"follow","max-snippet":"max-snippet:-1","max-image-preview":"max-image-preview:large","max-video-preview":"max-video-preview:-1"},"canonical":"https:\/\/marktxxl.de\/markt\/produkt\/magnetische-wimpern-mit-eyeliner-set-3d-magnetische-wimpern-kit-mit-10-paaren-wiederverwendbare-falsche-wimpern-natuerlichen-look-magnetic-eyelashes-pinzette-und-eyeliner-einfach-zu-tragen\/","og_locale":"de_DE","og_type":"article","og_title":"Magnetische Wimpern mit Eyeliner Set, 3D magnetische Wimpern Kit mit 10 Paaren wiederverwendbare falsche Wimpern\u2026 - Markt-XXL","og_description":"Markt-XXL Magnetische Wimpern mit Eyeliner Set, 3D magnetische Wimpern Kit mit 10 Paaren wiederverwendbare falsche Wimpern\u2026","og_url":"https:\/\/marktxxl.de\/markt\/produkt\/magnetische-wimpern-mit-eyeliner-set-3d-magnetische-wimpern-kit-mit-10-paaren-wiederverwendbare-falsche-wimpern-natuerlichen-look-magnetic-eyelashes-pinzette-und-eyeliner-einfach-zu-tragen\/","og_site_name":"Markt-XXL","article_modified_time":"2023-04-11T00:44:37+00:00","og_image":[{"width":500,"height":500,"url":"https:\/\/m.media-amazon.com\/images\/I\/51Gu8A2W1sS._SL500_.jpg","type":"image\/jpeg"}],"twitter_card":"summary_large_image","twitter_misc":{"Gesch\u00e4tzte Lesezeit":"1\u00a0Minute"},"schema":{"@context":"https:\/\/schema.org","@graph":[{"@type":"WebPage","@id":"https:\/\/marktxxl.de\/markt\/produkt\/magnetische-wimpern-mit-eyeliner-set-3d-magnetische-wimpern-kit-mit-10-paaren-wiederverwendbare-falsche-wimpern-natuerlichen-look-magnetic-eyelashes-pinzette-und-eyeliner-einfach-zu-tragen\/","url":"https:\/\/marktxxl.de\/markt\/produkt\/magnetische-wimpern-mit-eyeliner-set-3d-magnetische-wimpern-kit-mit-10-paaren-wiederverwendbare-falsche-wimpern-natuerlichen-look-magnetic-eyelashes-pinzette-und-eyeliner-einfach-zu-tragen\/","name":"Magnetische Wimpern mit Eyeliner Set, 3D magnetische Wimpern Kit mit 10 Paaren wiederverwendbare falsche Wimpern\u2026 - Markt-XXL","isPartOf":{"@id":"https:\/\/marktxxl.de\/markt\/#website"},"primaryImageOfPage":{"@id":"https:\/\/marktxxl.de\/markt\/produkt\/magnetische-wimpern-mit-eyeliner-set-3d-magnetische-wimpern-kit-mit-10-paaren-wiederverwendbare-falsche-wimpern-natuerlichen-look-magnetic-eyelashes-pinzette-und-eyeliner-einfach-zu-tragen\/#primaryimage"},"image":{"@id":"https:\/\/marktxxl.de\/markt\/produkt\/magnetische-wimpern-mit-eyeliner-set-3d-magnetische-wimpern-kit-mit-10-paaren-wiederverwendbare-falsche-wimpern-natuerlichen-look-magnetic-eyelashes-pinzette-und-eyeliner-einfach-zu-tragen\/#primaryimage"},"thumbnailUrl":"https:\/\/m.media-amazon.com\/images\/I\/51Gu8A2W1sS._SL500_.jpg","datePublished":"2021-11-12T22:02:07+00:00","dateModified":"2023-04-11T00:44:37+00:00","description":"Markt-XXL Magnetische Wimpern mit Eyeliner Set, 3D magnetische Wimpern Kit mit 10 Paaren wiederverwendbare falsche Wimpern\u2026","breadcrumb":{"@id":"https:\/\/marktxxl.de\/markt\/produkt\/magnetische-wimpern-mit-eyeliner-set-3d-magnetische-wimpern-kit-mit-10-paaren-wiederverwendbare-falsche-wimpern-natuerlichen-look-magnetic-eyelashes-pinzette-und-eyeliner-einfach-zu-tragen\/#breadcrumb"},"inLanguage":"de","potentialAction":[{"@type":"ReadAction","target":["https:\/\/marktxxl.de\/markt\/produkt\/magnetische-wimpern-mit-eyeliner-set-3d-magnetische-wimpern-kit-mit-10-paaren-wiederverwendbare-falsche-wimpern-natuerlichen-look-magnetic-eyelashes-pinzette-und-eyeliner-einfach-zu-tragen\/"]}]},{"@type":"ImageObject","inLanguage":"de","@id":"https:\/\/marktxxl.de\/markt\/produkt\/magnetische-wimpern-mit-eyeliner-set-3d-magnetische-wimpern-kit-mit-10-paaren-wiederverwendbare-falsche-wimpern-natuerlichen-look-magnetic-eyelashes-pinzette-und-eyeliner-einfach-zu-tragen\/#primaryimage","url":"https:\/\/m.media-amazon.com\/images\/I\/51Gu8A2W1sS._SL500_.jpg","contentUrl":"https:\/\/m.media-amazon.com\/images\/I\/51Gu8A2W1sS._SL500_.jpg","width":500,"height":500},{"@type":"BreadcrumbList","@id":"https:\/\/marktxxl.de\/markt\/produkt\/magnetische-wimpern-mit-eyeliner-set-3d-magnetische-wimpern-kit-mit-10-paaren-wiederverwendbare-falsche-wimpern-natuerlichen-look-magnetic-eyelashes-pinzette-und-eyeliner-einfach-zu-tragen\/#breadcrumb","itemListElement":[{"@type":"ListItem","position":1,"name":"Startseite","item":"https:\/\/marktxxl.de\/markt\/"},{"@type":"ListItem","position":2,"name":"Markt","item":"https:\/\/marktxxl.de\/markt\/"},{"@type":"ListItem","position":3,"name":"Magnetische Wimpern mit Eyeliner Set, 3D magnetische Wimpern Kit mit 10 Paaren wiederverwendbare falsche Wimpern\u2026"}]},{"@type":"WebSite","@id":"https:\/\/marktxxl.de\/markt\/#website","url":"https:\/\/marktxxl.de\/markt\/","name":"Markt-XXL","description":"Ihr Markt Online","publisher":{"@id":"https:\/\/marktxxl.de\/markt\/#organization"},"potentialAction":[{"@type":"SearchAction","target":{"@type":"EntryPoint","urlTemplate":"https:\/\/marktxxl.de\/markt\/?s={search_term_string}"},"query-input":{"@type":"PropertyValueSpecification","valueRequired":true,"valueName":"search_term_string"}}],"inLanguage":"de"},{"@type":"Organization","@id":"https:\/\/marktxxl.de\/markt\/#organization","name":"Markt-XXL","url":"https:\/\/marktxxl.de\/markt\/","logo":{"@type":"ImageObject","inLanguage":"de","@id":"https:\/\/marktxxl.de\/markt\/#\/schema\/logo\/image\/","url":"https:\/\/marktxxl.de\/markt\/wp-content\/uploads\/sites\/3\/2020\/12\/logo.png","contentUrl":"https:\/\/marktxxl.de\/markt\/wp-content\/uploads\/sites\/3\/2020\/12\/logo.png","width":200,"height":70,"caption":"Markt-XXL"},"image":{"@id":"https:\/\/marktxxl.de\/markt\/#\/schema\/logo\/image\/"}}]}},"_links":{"self":[{"href":"https:\/\/marktxxl.de\/markt\/wp-json\/wp\/v2\/product\/71424","targetHints":{"allow":["GET"]}}],"collection":[{"href":"https:\/\/marktxxl.de\/markt\/wp-json\/wp\/v2\/product"}],"about":[{"href":"https:\/\/marktxxl.de\/markt\/wp-json\/wp\/v2\/types\/product"}],"replies":[{"embeddable":true,"href":"https:\/\/marktxxl.de\/markt\/wp-json\/wp\/v2\/comments?post=71424"}],"wp:featuredmedia":[{"embeddable":true,"href":"https:\/\/marktxxl.de\/markt\/wp-json\/wp\/v2\/media\/71425"}],"wp:attachment":[{"href":"https:\/\/marktxxl.de\/markt\/wp-json\/wp\/v2\/media?parent=71424"}],"wp:term":[{"taxonomy":"product_brand","embeddable":true,"href":"https:\/\/marktxxl.de\/markt\/wp-json\/wp\/v2\/product_brand?post=71424"},{"taxonomy":"product_cat","embeddable":true,"href":"https:\/\/marktxxl.de\/markt\/wp-json\/wp\/v2\/product_cat?post=71424"},{"taxonomy":"product_tag","embeddable":true,"href":"https:\/\/marktxxl.de\/markt\/wp-json\/wp\/v2\/product_tag?post=71424"}],"curies":[{"name":"wp","href":"https:\/\/api.w.org\/{rel}","templated":true}]}}