{"id":71399,"date":"2021-11-12T22:58:02","date_gmt":"2021-11-12T21:58:02","guid":{"rendered":"https:\/\/marktxxl.de\/markt\/produkt\/fridababy-windi-blaehhilfe-fuer-babys-ab-0-monaten-10-stueck-einweg-katheter-natuerliche-hilfe-bei-blaehungen-20437\/"},"modified":"2023-04-11T02:44:36","modified_gmt":"2023-04-11T00:44:36","slug":"fridababy-windi-blaehhilfe-fuer-babys-ab-0-monaten-10-stueck-einweg-katheter-natuerliche-hilfe-bei-blaehungen-20437","status":"publish","type":"product","link":"https:\/\/marktxxl.de\/markt\/produkt\/fridababy-windi-blaehhilfe-fuer-babys-ab-0-monaten-10-stueck-einweg-katheter-natuerliche-hilfe-bei-blaehungen-20437\/","title":{"rendered":"Fridababy Windi Bl\u00e4hhilfe f\u00fcr Babys ab 0 Monaten, 10 St\u00fcck, Einweg-Katheter, Nat\u00fcrliche Hilfe bei Bl\u00e4hungen, 20437"},"content":{"rendered":"<p>Praktischer Einweg-Katheter f\u00fcr Babys zur Abf\u00fchrung der Darmgase, Ideal bei Bl\u00e4hungen, Koliken und Verstopfung, Schonende Alternative zu Z\u00e4pfchen und Medikamenten<br \/>\nEinfache Anwendung: Leichte Massage des B\u00e4uchleins in Richtung Darmausgang, Sanftes Einf\u00fchren der zuvor leicht einge\u00f6lten d\u00fcnnen Spitze des Katheters in den After des Babys, Entweichen der Darmgase nach wenigen Sekunden<br \/>\nAnwendung maximal 3 x innerhalb von 24 Stunden empfohlen (nur 1 Katheter pro Anwendung), Entsorgung des benutzen Katheters sp\u00e4testens nach einem Tag zur Vermeidung von Infektionsrisiken<br \/>\nHochwertige Verarbeitung: Weicher, leicht biegsamer Einweg-Katheter ohne Ecken und Kanten, Keine Verletzungsgefahr, Automatisches Stoppen des Katheters beim Einf\u00fchren durch innovative Form, Made in Schweden<br \/>\nLieferumfang: 1 x Fridababy Windi Bl\u00e4hhilfe, Einweg-Katheter, TPS Plastik, 10 St\u00fcck, L\u00e4nge insgesamt: 9,4 cm, Art.-Nr.: 20437<br \/>\n<div class=\"main-cross-sell\" data-asin=\"B017LQETPM\">\n\n\t<div class=\"WooZone-cross-sell-loader\">\n\t\t<div>\n\t\t\t<div id=\"floatingBarsG\">\n\t\t\t\t<div class=\"blockG\" id=\"rotateG_01\"><\/div>\n\t\t\t\t<div class=\"blockG\" id=\"rotateG_02\"><\/div>\n\t\t\t\t<div class=\"blockG\" id=\"rotateG_03\"><\/div>\n\t\t\t\t<div class=\"blockG\" id=\"rotateG_04\"><\/div>\n\t\t\t\t<div class=\"blockG\" id=\"rotateG_05\"><\/div>\n\t\t\t\t<div class=\"blockG\" id=\"rotateG_06\"><\/div>\n\t\t\t\t<div class=\"blockG\" id=\"rotateG_07\"><\/div>\n\t\t\t\t<div class=\"blockG\" id=\"rotateG_08\"><\/div>\n\t\t\t<\/div>\n\t\t\t<div class=\"WooZone-cross-sell-loader-text\"><\/div>\n\t\t<\/div>\n\t<\/div>\n\n\t\t\n<\/div>\n<div style=\"clear:both;\"><\/div><\/p>\n","protected":false},"excerpt":{"rendered":"<p>Praktischer Einweg-Katheter f\u00fcr Babys zur Abf\u00fchrung der Darmgase, Ideal bei Bl\u00e4hungen, Koliken und Verstopfung, Schonende Alternative zu Z\u00e4pfchen und Medikamenten<br \/>\nEinfache Anwendung: Leichte Massage des B\u00e4uchleins in Richtung Darmausgang, Sanftes Einf\u00fchren der zuvor leicht einge\u00f6lten d\u00fcnnen Spitze des Katheters in den After des Babys, Entweichen der Darmgase nach wenigen Sekunden<br \/>\nAnwendung maximal 3 x innerhalb von 24 Stunden empfohlen (nur 1 Katheter pro Anwendung), Entsorgung des benutzen Katheters sp\u00e4testens nach einem Tag zur Vermeidung von Infektionsrisiken<\/p>\n","protected":false},"featured_media":71400,"comment_status":"open","ping_status":"closed","template":"","meta":[],"product_brand":[],"product_cat":[2858,7726],"product_tag":[],"class_list":{"0":"post-71399","1":"product","2":"type-product","3":"status-publish","4":"has-post-thumbnail","6":"product_cat-beauty","7":"product_cat-zubehoer-beauty","8":"pa_binding-babyartikel","9":"pa_brand-fridababy","10":"pa_color-beige","11":"pa_height-3-7007873978-zoll","12":"pa_languages-handbuch-deutsch-unbekannt-deutsch","13":"pa_length-0-6299212592-zoll","14":"pa_manufacturer-rotho-babydesign","15":"pa_model-24785","16":"pa_size-10-stueck-1er-pack","17":"pa_weight-0-01322773572-pfund","18":"pa_width-0-6299212592-zoll","20":"first","21":"instock","22":"shipping-taxable","23":"purchasable","24":"product-type-simple","25":"customify-col","26":"product-has-gallery"},"yoast_head":"<!-- This site is optimized with the Yoast SEO plugin v27.4 - https:\/\/yoast.com\/product\/yoast-seo-wordpress\/ -->\n<title>Fridababy Windi Bl\u00e4hhilfe f\u00fcr Babys ab 0 Monaten, 10 St\u00fcck, Einweg-Katheter, Nat\u00fcrliche Hilfe bei Bl\u00e4hungen, 20437 - Markt-XXL<\/title>\n<meta name=\"description\" content=\"Markt-XXL Fridababy Windi Bl\u00e4hhilfe f\u00fcr Babys ab 0 Monaten, 10 St\u00fcck, Einweg-Katheter, Nat\u00fcrliche Hilfe bei Bl\u00e4hungen, 20437\" \/>\n<meta name=\"robots\" content=\"index, follow, max-snippet:-1, max-image-preview:large, max-video-preview:-1\" \/>\n<link rel=\"canonical\" href=\"https:\/\/marktxxl.de\/markt\/produkt\/fridababy-windi-blaehhilfe-fuer-babys-ab-0-monaten-10-stueck-einweg-katheter-natuerliche-hilfe-bei-blaehungen-20437\/\" \/>\n<meta property=\"og:locale\" content=\"de_DE\" \/>\n<meta property=\"og:type\" content=\"article\" \/>\n<meta property=\"og:title\" content=\"Fridababy Windi Bl\u00e4hhilfe f\u00fcr Babys ab 0 Monaten, 10 St\u00fcck, Einweg-Katheter, Nat\u00fcrliche Hilfe bei Bl\u00e4hungen, 20437 - Markt-XXL\" \/>\n<meta property=\"og:description\" content=\"Markt-XXL Fridababy Windi Bl\u00e4hhilfe f\u00fcr Babys ab 0 Monaten, 10 St\u00fcck, Einweg-Katheter, Nat\u00fcrliche Hilfe bei Bl\u00e4hungen, 20437\" \/>\n<meta property=\"og:url\" content=\"https:\/\/marktxxl.de\/markt\/produkt\/fridababy-windi-blaehhilfe-fuer-babys-ab-0-monaten-10-stueck-einweg-katheter-natuerliche-hilfe-bei-blaehungen-20437\/\" \/>\n<meta property=\"og:site_name\" content=\"Markt-XXL\" \/>\n<meta property=\"article:modified_time\" content=\"2023-04-11T00:44:36+00:00\" \/>\n<meta property=\"og:image\" content=\"https:\/\/m.media-amazon.com\/images\/I\/31i1M6u3gxL._SL500_.jpg\" \/>\n\t<meta property=\"og:image:width\" content=\"500\" \/>\n\t<meta property=\"og:image:height\" content=\"500\" \/>\n\t<meta property=\"og:image:type\" content=\"image\/jpeg\" \/>\n<meta name=\"twitter:card\" content=\"summary_large_image\" \/>\n<meta name=\"twitter:label1\" content=\"Gesch\u00e4tzte Lesezeit\" \/>\n\t<meta name=\"twitter:data1\" content=\"1\u00a0Minute\" \/>\n<script type=\"application\/ld+json\" class=\"yoast-schema-graph\">{\"@context\":\"https:\\\/\\\/schema.org\",\"@graph\":[{\"@type\":\"WebPage\",\"@id\":\"https:\\\/\\\/marktxxl.de\\\/markt\\\/produkt\\\/fridababy-windi-blaehhilfe-fuer-babys-ab-0-monaten-10-stueck-einweg-katheter-natuerliche-hilfe-bei-blaehungen-20437\\\/\",\"url\":\"https:\\\/\\\/marktxxl.de\\\/markt\\\/produkt\\\/fridababy-windi-blaehhilfe-fuer-babys-ab-0-monaten-10-stueck-einweg-katheter-natuerliche-hilfe-bei-blaehungen-20437\\\/\",\"name\":\"Fridababy Windi Bl\u00e4hhilfe f\u00fcr Babys ab 0 Monaten, 10 St\u00fcck, Einweg-Katheter, Nat\u00fcrliche Hilfe bei Bl\u00e4hungen, 20437 - Markt-XXL\",\"isPartOf\":{\"@id\":\"https:\\\/\\\/marktxxl.de\\\/markt\\\/#website\"},\"primaryImageOfPage\":{\"@id\":\"https:\\\/\\\/marktxxl.de\\\/markt\\\/produkt\\\/fridababy-windi-blaehhilfe-fuer-babys-ab-0-monaten-10-stueck-einweg-katheter-natuerliche-hilfe-bei-blaehungen-20437\\\/#primaryimage\"},\"image\":{\"@id\":\"https:\\\/\\\/marktxxl.de\\\/markt\\\/produkt\\\/fridababy-windi-blaehhilfe-fuer-babys-ab-0-monaten-10-stueck-einweg-katheter-natuerliche-hilfe-bei-blaehungen-20437\\\/#primaryimage\"},\"thumbnailUrl\":\"https:\\\/\\\/m.media-amazon.com\\\/images\\\/I\\\/31i1M6u3gxL._SL500_.jpg\",\"datePublished\":\"2021-11-12T21:58:02+00:00\",\"dateModified\":\"2023-04-11T00:44:36+00:00\",\"description\":\"Markt-XXL Fridababy Windi Bl\u00e4hhilfe f\u00fcr Babys ab 0 Monaten, 10 St\u00fcck, Einweg-Katheter, Nat\u00fcrliche Hilfe bei Bl\u00e4hungen, 20437\",\"breadcrumb\":{\"@id\":\"https:\\\/\\\/marktxxl.de\\\/markt\\\/produkt\\\/fridababy-windi-blaehhilfe-fuer-babys-ab-0-monaten-10-stueck-einweg-katheter-natuerliche-hilfe-bei-blaehungen-20437\\\/#breadcrumb\"},\"inLanguage\":\"de\",\"potentialAction\":[{\"@type\":\"ReadAction\",\"target\":[\"https:\\\/\\\/marktxxl.de\\\/markt\\\/produkt\\\/fridababy-windi-blaehhilfe-fuer-babys-ab-0-monaten-10-stueck-einweg-katheter-natuerliche-hilfe-bei-blaehungen-20437\\\/\"]}]},{\"@type\":\"ImageObject\",\"inLanguage\":\"de\",\"@id\":\"https:\\\/\\\/marktxxl.de\\\/markt\\\/produkt\\\/fridababy-windi-blaehhilfe-fuer-babys-ab-0-monaten-10-stueck-einweg-katheter-natuerliche-hilfe-bei-blaehungen-20437\\\/#primaryimage\",\"url\":\"https:\\\/\\\/m.media-amazon.com\\\/images\\\/I\\\/31i1M6u3gxL._SL500_.jpg\",\"contentUrl\":\"https:\\\/\\\/m.media-amazon.com\\\/images\\\/I\\\/31i1M6u3gxL._SL500_.jpg\",\"width\":500,\"height\":500},{\"@type\":\"BreadcrumbList\",\"@id\":\"https:\\\/\\\/marktxxl.de\\\/markt\\\/produkt\\\/fridababy-windi-blaehhilfe-fuer-babys-ab-0-monaten-10-stueck-einweg-katheter-natuerliche-hilfe-bei-blaehungen-20437\\\/#breadcrumb\",\"itemListElement\":[{\"@type\":\"ListItem\",\"position\":1,\"name\":\"Startseite\",\"item\":\"https:\\\/\\\/marktxxl.de\\\/markt\\\/\"},{\"@type\":\"ListItem\",\"position\":2,\"name\":\"Markt\",\"item\":\"https:\\\/\\\/marktxxl.de\\\/markt\\\/\"},{\"@type\":\"ListItem\",\"position\":3,\"name\":\"Fridababy Windi Bl\u00e4hhilfe f\u00fcr Babys ab 0 Monaten, 10 St\u00fcck, Einweg-Katheter, Nat\u00fcrliche Hilfe bei Bl\u00e4hungen, 20437\"}]},{\"@type\":\"WebSite\",\"@id\":\"https:\\\/\\\/marktxxl.de\\\/markt\\\/#website\",\"url\":\"https:\\\/\\\/marktxxl.de\\\/markt\\\/\",\"name\":\"Markt-XXL\",\"description\":\"Ihr Markt Online\",\"publisher\":{\"@id\":\"https:\\\/\\\/marktxxl.de\\\/markt\\\/#organization\"},\"potentialAction\":[{\"@type\":\"SearchAction\",\"target\":{\"@type\":\"EntryPoint\",\"urlTemplate\":\"https:\\\/\\\/marktxxl.de\\\/markt\\\/?s={search_term_string}\"},\"query-input\":{\"@type\":\"PropertyValueSpecification\",\"valueRequired\":true,\"valueName\":\"search_term_string\"}}],\"inLanguage\":\"de\"},{\"@type\":\"Organization\",\"@id\":\"https:\\\/\\\/marktxxl.de\\\/markt\\\/#organization\",\"name\":\"Markt-XXL\",\"url\":\"https:\\\/\\\/marktxxl.de\\\/markt\\\/\",\"logo\":{\"@type\":\"ImageObject\",\"inLanguage\":\"de\",\"@id\":\"https:\\\/\\\/marktxxl.de\\\/markt\\\/#\\\/schema\\\/logo\\\/image\\\/\",\"url\":\"https:\\\/\\\/marktxxl.de\\\/markt\\\/wp-content\\\/uploads\\\/sites\\\/3\\\/2020\\\/12\\\/logo.png\",\"contentUrl\":\"https:\\\/\\\/marktxxl.de\\\/markt\\\/wp-content\\\/uploads\\\/sites\\\/3\\\/2020\\\/12\\\/logo.png\",\"width\":200,\"height\":70,\"caption\":\"Markt-XXL\"},\"image\":{\"@id\":\"https:\\\/\\\/marktxxl.de\\\/markt\\\/#\\\/schema\\\/logo\\\/image\\\/\"}}]}<\/script>\n<!-- \/ Yoast SEO plugin. -->","yoast_head_json":{"title":"Fridababy Windi Bl\u00e4hhilfe f\u00fcr Babys ab 0 Monaten, 10 St\u00fcck, Einweg-Katheter, Nat\u00fcrliche Hilfe bei Bl\u00e4hungen, 20437 - Markt-XXL","description":"Markt-XXL Fridababy Windi Bl\u00e4hhilfe f\u00fcr Babys ab 0 Monaten, 10 St\u00fcck, Einweg-Katheter, Nat\u00fcrliche Hilfe bei Bl\u00e4hungen, 20437","robots":{"index":"index","follow":"follow","max-snippet":"max-snippet:-1","max-image-preview":"max-image-preview:large","max-video-preview":"max-video-preview:-1"},"canonical":"https:\/\/marktxxl.de\/markt\/produkt\/fridababy-windi-blaehhilfe-fuer-babys-ab-0-monaten-10-stueck-einweg-katheter-natuerliche-hilfe-bei-blaehungen-20437\/","og_locale":"de_DE","og_type":"article","og_title":"Fridababy Windi Bl\u00e4hhilfe f\u00fcr Babys ab 0 Monaten, 10 St\u00fcck, Einweg-Katheter, Nat\u00fcrliche Hilfe bei Bl\u00e4hungen, 20437 - Markt-XXL","og_description":"Markt-XXL Fridababy Windi Bl\u00e4hhilfe f\u00fcr Babys ab 0 Monaten, 10 St\u00fcck, Einweg-Katheter, Nat\u00fcrliche Hilfe bei Bl\u00e4hungen, 20437","og_url":"https:\/\/marktxxl.de\/markt\/produkt\/fridababy-windi-blaehhilfe-fuer-babys-ab-0-monaten-10-stueck-einweg-katheter-natuerliche-hilfe-bei-blaehungen-20437\/","og_site_name":"Markt-XXL","article_modified_time":"2023-04-11T00:44:36+00:00","og_image":[{"width":500,"height":500,"url":"https:\/\/m.media-amazon.com\/images\/I\/31i1M6u3gxL._SL500_.jpg","type":"image\/jpeg"}],"twitter_card":"summary_large_image","twitter_misc":{"Gesch\u00e4tzte Lesezeit":"1\u00a0Minute"},"schema":{"@context":"https:\/\/schema.org","@graph":[{"@type":"WebPage","@id":"https:\/\/marktxxl.de\/markt\/produkt\/fridababy-windi-blaehhilfe-fuer-babys-ab-0-monaten-10-stueck-einweg-katheter-natuerliche-hilfe-bei-blaehungen-20437\/","url":"https:\/\/marktxxl.de\/markt\/produkt\/fridababy-windi-blaehhilfe-fuer-babys-ab-0-monaten-10-stueck-einweg-katheter-natuerliche-hilfe-bei-blaehungen-20437\/","name":"Fridababy Windi Bl\u00e4hhilfe f\u00fcr Babys ab 0 Monaten, 10 St\u00fcck, Einweg-Katheter, Nat\u00fcrliche Hilfe bei Bl\u00e4hungen, 20437 - Markt-XXL","isPartOf":{"@id":"https:\/\/marktxxl.de\/markt\/#website"},"primaryImageOfPage":{"@id":"https:\/\/marktxxl.de\/markt\/produkt\/fridababy-windi-blaehhilfe-fuer-babys-ab-0-monaten-10-stueck-einweg-katheter-natuerliche-hilfe-bei-blaehungen-20437\/#primaryimage"},"image":{"@id":"https:\/\/marktxxl.de\/markt\/produkt\/fridababy-windi-blaehhilfe-fuer-babys-ab-0-monaten-10-stueck-einweg-katheter-natuerliche-hilfe-bei-blaehungen-20437\/#primaryimage"},"thumbnailUrl":"https:\/\/m.media-amazon.com\/images\/I\/31i1M6u3gxL._SL500_.jpg","datePublished":"2021-11-12T21:58:02+00:00","dateModified":"2023-04-11T00:44:36+00:00","description":"Markt-XXL Fridababy Windi Bl\u00e4hhilfe f\u00fcr Babys ab 0 Monaten, 10 St\u00fcck, Einweg-Katheter, Nat\u00fcrliche Hilfe bei Bl\u00e4hungen, 20437","breadcrumb":{"@id":"https:\/\/marktxxl.de\/markt\/produkt\/fridababy-windi-blaehhilfe-fuer-babys-ab-0-monaten-10-stueck-einweg-katheter-natuerliche-hilfe-bei-blaehungen-20437\/#breadcrumb"},"inLanguage":"de","potentialAction":[{"@type":"ReadAction","target":["https:\/\/marktxxl.de\/markt\/produkt\/fridababy-windi-blaehhilfe-fuer-babys-ab-0-monaten-10-stueck-einweg-katheter-natuerliche-hilfe-bei-blaehungen-20437\/"]}]},{"@type":"ImageObject","inLanguage":"de","@id":"https:\/\/marktxxl.de\/markt\/produkt\/fridababy-windi-blaehhilfe-fuer-babys-ab-0-monaten-10-stueck-einweg-katheter-natuerliche-hilfe-bei-blaehungen-20437\/#primaryimage","url":"https:\/\/m.media-amazon.com\/images\/I\/31i1M6u3gxL._SL500_.jpg","contentUrl":"https:\/\/m.media-amazon.com\/images\/I\/31i1M6u3gxL._SL500_.jpg","width":500,"height":500},{"@type":"BreadcrumbList","@id":"https:\/\/marktxxl.de\/markt\/produkt\/fridababy-windi-blaehhilfe-fuer-babys-ab-0-monaten-10-stueck-einweg-katheter-natuerliche-hilfe-bei-blaehungen-20437\/#breadcrumb","itemListElement":[{"@type":"ListItem","position":1,"name":"Startseite","item":"https:\/\/marktxxl.de\/markt\/"},{"@type":"ListItem","position":2,"name":"Markt","item":"https:\/\/marktxxl.de\/markt\/"},{"@type":"ListItem","position":3,"name":"Fridababy Windi Bl\u00e4hhilfe f\u00fcr Babys ab 0 Monaten, 10 St\u00fcck, Einweg-Katheter, Nat\u00fcrliche Hilfe bei Bl\u00e4hungen, 20437"}]},{"@type":"WebSite","@id":"https:\/\/marktxxl.de\/markt\/#website","url":"https:\/\/marktxxl.de\/markt\/","name":"Markt-XXL","description":"Ihr Markt Online","publisher":{"@id":"https:\/\/marktxxl.de\/markt\/#organization"},"potentialAction":[{"@type":"SearchAction","target":{"@type":"EntryPoint","urlTemplate":"https:\/\/marktxxl.de\/markt\/?s={search_term_string}"},"query-input":{"@type":"PropertyValueSpecification","valueRequired":true,"valueName":"search_term_string"}}],"inLanguage":"de"},{"@type":"Organization","@id":"https:\/\/marktxxl.de\/markt\/#organization","name":"Markt-XXL","url":"https:\/\/marktxxl.de\/markt\/","logo":{"@type":"ImageObject","inLanguage":"de","@id":"https:\/\/marktxxl.de\/markt\/#\/schema\/logo\/image\/","url":"https:\/\/marktxxl.de\/markt\/wp-content\/uploads\/sites\/3\/2020\/12\/logo.png","contentUrl":"https:\/\/marktxxl.de\/markt\/wp-content\/uploads\/sites\/3\/2020\/12\/logo.png","width":200,"height":70,"caption":"Markt-XXL"},"image":{"@id":"https:\/\/marktxxl.de\/markt\/#\/schema\/logo\/image\/"}}]}},"_links":{"self":[{"href":"https:\/\/marktxxl.de\/markt\/wp-json\/wp\/v2\/product\/71399","targetHints":{"allow":["GET"]}}],"collection":[{"href":"https:\/\/marktxxl.de\/markt\/wp-json\/wp\/v2\/product"}],"about":[{"href":"https:\/\/marktxxl.de\/markt\/wp-json\/wp\/v2\/types\/product"}],"replies":[{"embeddable":true,"href":"https:\/\/marktxxl.de\/markt\/wp-json\/wp\/v2\/comments?post=71399"}],"wp:featuredmedia":[{"embeddable":true,"href":"https:\/\/marktxxl.de\/markt\/wp-json\/wp\/v2\/media\/71400"}],"wp:attachment":[{"href":"https:\/\/marktxxl.de\/markt\/wp-json\/wp\/v2\/media?parent=71399"}],"wp:term":[{"taxonomy":"product_brand","embeddable":true,"href":"https:\/\/marktxxl.de\/markt\/wp-json\/wp\/v2\/product_brand?post=71399"},{"taxonomy":"product_cat","embeddable":true,"href":"https:\/\/marktxxl.de\/markt\/wp-json\/wp\/v2\/product_cat?post=71399"},{"taxonomy":"product_tag","embeddable":true,"href":"https:\/\/marktxxl.de\/markt\/wp-json\/wp\/v2\/product_tag?post=71399"}],"curies":[{"name":"wp","href":"https:\/\/api.w.org\/{rel}","templated":true}]}}