{"id":71346,"date":"2021-11-12T22:55:10","date_gmt":"2021-11-12T21:55:10","guid":{"rendered":"https:\/\/marktxxl.de\/markt\/produkt\/1000-stueck-acryl-kuenstlich-nagelspitzen-falsche-nagel-nageltips-franzoesisch-fake-naegel-tipps-acrylic-nail-tips-mit-box-fuer-frauen-maedchen\/"},"modified":"2023-04-11T02:44:35","modified_gmt":"2023-04-11T00:44:35","slug":"1000-stueck-acryl-kuenstlich-nagelspitzen-falsche-nagel-nageltips-franzoesisch-fake-naegel-tipps-acrylic-nail-tips-mit-box-fuer-frauen-maedchen","status":"publish","type":"product","link":"https:\/\/marktxxl.de\/markt\/produkt\/1000-stueck-acryl-kuenstlich-nagelspitzen-falsche-nagel-nageltips-franzoesisch-fake-naegel-tipps-acrylic-nail-tips-mit-box-fuer-frauen-maedchen\/","title":{"rendered":"1000 St\u00fcck Acryl K\u00fcnstlich Nagelspitzen Falsche Nagel Nageltips Franz\u00f6sisch, Fake N\u00e4gel Tipps Acrylic Nail Tips mit Box\u2026"},"content":{"rendered":"<p>Hochwertiges Material: Halbbedeckte franz\u00f6sische Acryl K\u00fcnstliche Tipps verwenden sicheres, umweltfreundliches und geruchsfreies hochwertiges ABS-Material. Diese robusten k\u00fcnstlichen N\u00e4gel haben die perfekte L\u00e4nge und Dicke, und Sie k\u00f6nnen sie k\u00fcrzen, wenn Sie der Meinung sind, dass die L\u00e4nge der N\u00e4gel zu lang f\u00fcr Sie ist.<br \/>\nLanglebig und langlebig: Gef\u00e4lschte N\u00e4gel Tipps sind sehr stark, nicht leicht zu biegen, f\u00fcr N\u00e4gel geeignet, glatte und ebene Oberfl\u00e4che, k\u00f6nnen schnell und gleichm\u00e4\u00dfig ohne Trennung oder Streifen aufgetragen werden. Solange Ihr Klebstoff gut genug ist, kann er 3 Wochen halten.<br \/>\nNummerierte Felder: Gef\u00e4lschte N\u00e4gel Tipps werden in nummerierten Feldern gespeichert. Die Box besteht aus robustem Kunststoff, der die N\u00e4gel sch\u00fctzen und ein Verbiegen verhindern kann. Es gibt zehn kleine Gitter, jedes Gitter enth\u00e4lt 50 N\u00e4gel, Sie erhalten 2 Schachteln Acryl K\u00fcnstliche Tipps (wei\u00df, transparent), sch\u00f6nes Aussehen.<br \/>\n&#8220;U&#8221; -f\u00f6rmiges Design: Diese robusten k\u00fcnstlichen N\u00e4gel haben eine Halbkappenform mit m\u00e4\u00dfiger L\u00e4nge und Dicke, wie der Buchstabe &#8220;U&#8221;. Sie k\u00f6nnen es ganz einfach nach Ihren W\u00fcnschen auf jede L\u00e4nge und Form zuschneiden.<br \/>\nExquisite Geschenke: Acryl K\u00fcnstliche Tipps eignen sich sehr gut f\u00fcr professionelle Nagelexperten oder Nagellerner, eignen sich f\u00fcr Nagelstudios und DIY-Nagelkunst zu Hause und sind ein exquisites Geschenk f\u00fcr Frauen, M\u00fctter oder Freundinnen.<br \/>\n<div class=\"main-cross-sell\" data-asin=\"B08DLVV23J\">\n\n\t<div class=\"WooZone-cross-sell-loader\">\n\t\t<div>\n\t\t\t<div id=\"floatingBarsG\">\n\t\t\t\t<div class=\"blockG\" id=\"rotateG_01\"><\/div>\n\t\t\t\t<div class=\"blockG\" id=\"rotateG_02\"><\/div>\n\t\t\t\t<div class=\"blockG\" id=\"rotateG_03\"><\/div>\n\t\t\t\t<div class=\"blockG\" id=\"rotateG_04\"><\/div>\n\t\t\t\t<div class=\"blockG\" id=\"rotateG_05\"><\/div>\n\t\t\t\t<div class=\"blockG\" id=\"rotateG_06\"><\/div>\n\t\t\t\t<div class=\"blockG\" id=\"rotateG_07\"><\/div>\n\t\t\t\t<div class=\"blockG\" id=\"rotateG_08\"><\/div>\n\t\t\t<\/div>\n\t\t\t<div class=\"WooZone-cross-sell-loader-text\"><\/div>\n\t\t<\/div>\n\t<\/div>\n\n\t\t\n<\/div>\n<div style=\"clear:both;\"><\/div><\/p>\n","protected":false},"excerpt":{"rendered":"<p>Hochwertiges Material: Halbbedeckte franz\u00f6sische Acryl K\u00fcnstliche Tipps verwenden sicheres, umweltfreundliches und geruchsfreies hochwertiges ABS-Material. Diese robusten k\u00fcnstlichen N\u00e4gel haben die perfekte L\u00e4nge und Dicke, und Sie k\u00f6nnen sie k\u00fcrzen, wenn Sie der Meinung sind, dass die L\u00e4nge der N\u00e4gel zu lang f\u00fcr Sie ist.<br \/>\nLanglebig und langlebig: Gef\u00e4lschte N\u00e4gel Tipps sind sehr stark, nicht leicht zu biegen, f\u00fcr N\u00e4gel geeignet, glatte und ebene Oberfl\u00e4che, k\u00f6nnen schnell und gleichm\u00e4\u00dfig ohne Trennung oder Streifen aufgetragen werden. Solange Ihr Klebstoff gut genug ist, kann er 3 Wochen halten.<br \/>\nNummerierte Felder: Gef\u00e4lschte N\u00e4gel Tipps werden in nummerierten Feldern gespeichert. Die Box besteht aus robustem Kunststoff, der die N\u00e4gel sch\u00fctzen und ein Verbiegen verhindern kann. Es gibt zehn kleine Gitter, jedes Gitter enth\u00e4lt 50 N\u00e4gel, Sie erhalten 2 Schachteln Acryl K\u00fcnstliche Tipps (wei\u00df, transparent), sch\u00f6nes Aussehen.<\/p>\n","protected":false},"featured_media":71347,"comment_status":"open","ping_status":"closed","template":"","meta":[],"product_brand":[],"product_cat":[2858,7659],"product_tag":[],"class_list":{"0":"post-71346","1":"product","2":"type-product","3":"status-publish","4":"has-post-thumbnail","6":"product_cat-beauty","7":"product_cat-manikuere-pedikuere","8":"pa_brand-auxsoul","9":"pa_color-weiss-transparent","10":"pa_manufacturer-bacsw","11":"pa_size-1002-stueck-1er-pack","12":"pa_weight-0-59304348478-pfund","14":"first","15":"instock","16":"shipping-taxable","17":"purchasable","18":"product-type-simple","19":"customify-col","20":"product-has-gallery"},"yoast_head":"<!-- This site is optimized with the Yoast SEO plugin v27.4 - https:\/\/yoast.com\/product\/yoast-seo-wordpress\/ -->\n<title>1000 St\u00fcck Acryl K\u00fcnstlich Nagelspitzen Falsche Nagel Nageltips Franz\u00f6sisch, Fake N\u00e4gel Tipps Acrylic Nail Tips mit Box\u2026 - Markt-XXL<\/title>\n<meta name=\"description\" content=\"Markt-XXL 1000 St\u00fcck Acryl K\u00fcnstlich Nagelspitzen Falsche Nagel Nageltips Franz\u00f6sisch, Fake N\u00e4gel Tipps Acrylic Nail Tips mit Box\u2026\" \/>\n<meta name=\"robots\" content=\"index, follow, max-snippet:-1, max-image-preview:large, max-video-preview:-1\" \/>\n<link rel=\"canonical\" href=\"https:\/\/marktxxl.de\/markt\/produkt\/1000-stueck-acryl-kuenstlich-nagelspitzen-falsche-nagel-nageltips-franzoesisch-fake-naegel-tipps-acrylic-nail-tips-mit-box-fuer-frauen-maedchen\/\" \/>\n<meta property=\"og:locale\" content=\"de_DE\" \/>\n<meta property=\"og:type\" content=\"article\" \/>\n<meta property=\"og:title\" content=\"1000 St\u00fcck Acryl K\u00fcnstlich Nagelspitzen Falsche Nagel Nageltips Franz\u00f6sisch, Fake N\u00e4gel Tipps Acrylic Nail Tips mit Box\u2026 - Markt-XXL\" \/>\n<meta property=\"og:description\" content=\"Markt-XXL 1000 St\u00fcck Acryl K\u00fcnstlich Nagelspitzen Falsche Nagel Nageltips Franz\u00f6sisch, Fake N\u00e4gel Tipps Acrylic Nail Tips mit Box\u2026\" \/>\n<meta property=\"og:url\" content=\"https:\/\/marktxxl.de\/markt\/produkt\/1000-stueck-acryl-kuenstlich-nagelspitzen-falsche-nagel-nageltips-franzoesisch-fake-naegel-tipps-acrylic-nail-tips-mit-box-fuer-frauen-maedchen\/\" \/>\n<meta property=\"og:site_name\" content=\"Markt-XXL\" \/>\n<meta property=\"article:modified_time\" content=\"2023-04-11T00:44:35+00:00\" \/>\n<meta property=\"og:image\" content=\"https:\/\/m.media-amazon.com\/images\/I\/517miomop1L._SL500_.jpg\" \/>\n\t<meta property=\"og:image:width\" content=\"500\" \/>\n\t<meta property=\"og:image:height\" content=\"500\" \/>\n\t<meta property=\"og:image:type\" content=\"image\/jpeg\" \/>\n<meta name=\"twitter:card\" content=\"summary_large_image\" \/>\n<meta name=\"twitter:label1\" content=\"Gesch\u00e4tzte Lesezeit\" \/>\n\t<meta name=\"twitter:data1\" content=\"1\u00a0Minute\" \/>\n<script type=\"application\/ld+json\" class=\"yoast-schema-graph\">{\"@context\":\"https:\\\/\\\/schema.org\",\"@graph\":[{\"@type\":\"WebPage\",\"@id\":\"https:\\\/\\\/marktxxl.de\\\/markt\\\/produkt\\\/1000-stueck-acryl-kuenstlich-nagelspitzen-falsche-nagel-nageltips-franzoesisch-fake-naegel-tipps-acrylic-nail-tips-mit-box-fuer-frauen-maedchen\\\/\",\"url\":\"https:\\\/\\\/marktxxl.de\\\/markt\\\/produkt\\\/1000-stueck-acryl-kuenstlich-nagelspitzen-falsche-nagel-nageltips-franzoesisch-fake-naegel-tipps-acrylic-nail-tips-mit-box-fuer-frauen-maedchen\\\/\",\"name\":\"1000 St\u00fcck Acryl K\u00fcnstlich Nagelspitzen Falsche Nagel Nageltips Franz\u00f6sisch, Fake N\u00e4gel Tipps Acrylic Nail Tips mit Box\u2026 - Markt-XXL\",\"isPartOf\":{\"@id\":\"https:\\\/\\\/marktxxl.de\\\/markt\\\/#website\"},\"primaryImageOfPage\":{\"@id\":\"https:\\\/\\\/marktxxl.de\\\/markt\\\/produkt\\\/1000-stueck-acryl-kuenstlich-nagelspitzen-falsche-nagel-nageltips-franzoesisch-fake-naegel-tipps-acrylic-nail-tips-mit-box-fuer-frauen-maedchen\\\/#primaryimage\"},\"image\":{\"@id\":\"https:\\\/\\\/marktxxl.de\\\/markt\\\/produkt\\\/1000-stueck-acryl-kuenstlich-nagelspitzen-falsche-nagel-nageltips-franzoesisch-fake-naegel-tipps-acrylic-nail-tips-mit-box-fuer-frauen-maedchen\\\/#primaryimage\"},\"thumbnailUrl\":\"https:\\\/\\\/m.media-amazon.com\\\/images\\\/I\\\/517miomop1L._SL500_.jpg\",\"datePublished\":\"2021-11-12T21:55:10+00:00\",\"dateModified\":\"2023-04-11T00:44:35+00:00\",\"description\":\"Markt-XXL 1000 St\u00fcck Acryl K\u00fcnstlich Nagelspitzen Falsche Nagel Nageltips Franz\u00f6sisch, Fake N\u00e4gel Tipps Acrylic Nail Tips mit Box\u2026\",\"breadcrumb\":{\"@id\":\"https:\\\/\\\/marktxxl.de\\\/markt\\\/produkt\\\/1000-stueck-acryl-kuenstlich-nagelspitzen-falsche-nagel-nageltips-franzoesisch-fake-naegel-tipps-acrylic-nail-tips-mit-box-fuer-frauen-maedchen\\\/#breadcrumb\"},\"inLanguage\":\"de\",\"potentialAction\":[{\"@type\":\"ReadAction\",\"target\":[\"https:\\\/\\\/marktxxl.de\\\/markt\\\/produkt\\\/1000-stueck-acryl-kuenstlich-nagelspitzen-falsche-nagel-nageltips-franzoesisch-fake-naegel-tipps-acrylic-nail-tips-mit-box-fuer-frauen-maedchen\\\/\"]}]},{\"@type\":\"ImageObject\",\"inLanguage\":\"de\",\"@id\":\"https:\\\/\\\/marktxxl.de\\\/markt\\\/produkt\\\/1000-stueck-acryl-kuenstlich-nagelspitzen-falsche-nagel-nageltips-franzoesisch-fake-naegel-tipps-acrylic-nail-tips-mit-box-fuer-frauen-maedchen\\\/#primaryimage\",\"url\":\"https:\\\/\\\/m.media-amazon.com\\\/images\\\/I\\\/517miomop1L._SL500_.jpg\",\"contentUrl\":\"https:\\\/\\\/m.media-amazon.com\\\/images\\\/I\\\/517miomop1L._SL500_.jpg\",\"width\":500,\"height\":500},{\"@type\":\"BreadcrumbList\",\"@id\":\"https:\\\/\\\/marktxxl.de\\\/markt\\\/produkt\\\/1000-stueck-acryl-kuenstlich-nagelspitzen-falsche-nagel-nageltips-franzoesisch-fake-naegel-tipps-acrylic-nail-tips-mit-box-fuer-frauen-maedchen\\\/#breadcrumb\",\"itemListElement\":[{\"@type\":\"ListItem\",\"position\":1,\"name\":\"Startseite\",\"item\":\"https:\\\/\\\/marktxxl.de\\\/markt\\\/\"},{\"@type\":\"ListItem\",\"position\":2,\"name\":\"Markt\",\"item\":\"https:\\\/\\\/marktxxl.de\\\/markt\\\/\"},{\"@type\":\"ListItem\",\"position\":3,\"name\":\"1000 St\u00fcck Acryl K\u00fcnstlich Nagelspitzen Falsche Nagel Nageltips Franz\u00f6sisch, Fake N\u00e4gel Tipps Acrylic Nail Tips mit Box\u2026\"}]},{\"@type\":\"WebSite\",\"@id\":\"https:\\\/\\\/marktxxl.de\\\/markt\\\/#website\",\"url\":\"https:\\\/\\\/marktxxl.de\\\/markt\\\/\",\"name\":\"Markt-XXL\",\"description\":\"Ihr Markt Online\",\"publisher\":{\"@id\":\"https:\\\/\\\/marktxxl.de\\\/markt\\\/#organization\"},\"potentialAction\":[{\"@type\":\"SearchAction\",\"target\":{\"@type\":\"EntryPoint\",\"urlTemplate\":\"https:\\\/\\\/marktxxl.de\\\/markt\\\/?s={search_term_string}\"},\"query-input\":{\"@type\":\"PropertyValueSpecification\",\"valueRequired\":true,\"valueName\":\"search_term_string\"}}],\"inLanguage\":\"de\"},{\"@type\":\"Organization\",\"@id\":\"https:\\\/\\\/marktxxl.de\\\/markt\\\/#organization\",\"name\":\"Markt-XXL\",\"url\":\"https:\\\/\\\/marktxxl.de\\\/markt\\\/\",\"logo\":{\"@type\":\"ImageObject\",\"inLanguage\":\"de\",\"@id\":\"https:\\\/\\\/marktxxl.de\\\/markt\\\/#\\\/schema\\\/logo\\\/image\\\/\",\"url\":\"https:\\\/\\\/marktxxl.de\\\/markt\\\/wp-content\\\/uploads\\\/sites\\\/3\\\/2020\\\/12\\\/logo.png\",\"contentUrl\":\"https:\\\/\\\/marktxxl.de\\\/markt\\\/wp-content\\\/uploads\\\/sites\\\/3\\\/2020\\\/12\\\/logo.png\",\"width\":200,\"height\":70,\"caption\":\"Markt-XXL\"},\"image\":{\"@id\":\"https:\\\/\\\/marktxxl.de\\\/markt\\\/#\\\/schema\\\/logo\\\/image\\\/\"}}]}<\/script>\n<!-- \/ Yoast SEO plugin. -->","yoast_head_json":{"title":"1000 St\u00fcck Acryl K\u00fcnstlich Nagelspitzen Falsche Nagel Nageltips Franz\u00f6sisch, Fake N\u00e4gel Tipps Acrylic Nail Tips mit Box\u2026 - Markt-XXL","description":"Markt-XXL 1000 St\u00fcck Acryl K\u00fcnstlich Nagelspitzen Falsche Nagel Nageltips Franz\u00f6sisch, Fake N\u00e4gel Tipps Acrylic Nail Tips mit Box\u2026","robots":{"index":"index","follow":"follow","max-snippet":"max-snippet:-1","max-image-preview":"max-image-preview:large","max-video-preview":"max-video-preview:-1"},"canonical":"https:\/\/marktxxl.de\/markt\/produkt\/1000-stueck-acryl-kuenstlich-nagelspitzen-falsche-nagel-nageltips-franzoesisch-fake-naegel-tipps-acrylic-nail-tips-mit-box-fuer-frauen-maedchen\/","og_locale":"de_DE","og_type":"article","og_title":"1000 St\u00fcck Acryl K\u00fcnstlich Nagelspitzen Falsche Nagel Nageltips Franz\u00f6sisch, Fake N\u00e4gel Tipps Acrylic Nail Tips mit Box\u2026 - Markt-XXL","og_description":"Markt-XXL 1000 St\u00fcck Acryl K\u00fcnstlich Nagelspitzen Falsche Nagel Nageltips Franz\u00f6sisch, Fake N\u00e4gel Tipps Acrylic Nail Tips mit Box\u2026","og_url":"https:\/\/marktxxl.de\/markt\/produkt\/1000-stueck-acryl-kuenstlich-nagelspitzen-falsche-nagel-nageltips-franzoesisch-fake-naegel-tipps-acrylic-nail-tips-mit-box-fuer-frauen-maedchen\/","og_site_name":"Markt-XXL","article_modified_time":"2023-04-11T00:44:35+00:00","og_image":[{"width":500,"height":500,"url":"https:\/\/m.media-amazon.com\/images\/I\/517miomop1L._SL500_.jpg","type":"image\/jpeg"}],"twitter_card":"summary_large_image","twitter_misc":{"Gesch\u00e4tzte Lesezeit":"1\u00a0Minute"},"schema":{"@context":"https:\/\/schema.org","@graph":[{"@type":"WebPage","@id":"https:\/\/marktxxl.de\/markt\/produkt\/1000-stueck-acryl-kuenstlich-nagelspitzen-falsche-nagel-nageltips-franzoesisch-fake-naegel-tipps-acrylic-nail-tips-mit-box-fuer-frauen-maedchen\/","url":"https:\/\/marktxxl.de\/markt\/produkt\/1000-stueck-acryl-kuenstlich-nagelspitzen-falsche-nagel-nageltips-franzoesisch-fake-naegel-tipps-acrylic-nail-tips-mit-box-fuer-frauen-maedchen\/","name":"1000 St\u00fcck Acryl K\u00fcnstlich Nagelspitzen Falsche Nagel Nageltips Franz\u00f6sisch, Fake N\u00e4gel Tipps Acrylic Nail Tips mit Box\u2026 - Markt-XXL","isPartOf":{"@id":"https:\/\/marktxxl.de\/markt\/#website"},"primaryImageOfPage":{"@id":"https:\/\/marktxxl.de\/markt\/produkt\/1000-stueck-acryl-kuenstlich-nagelspitzen-falsche-nagel-nageltips-franzoesisch-fake-naegel-tipps-acrylic-nail-tips-mit-box-fuer-frauen-maedchen\/#primaryimage"},"image":{"@id":"https:\/\/marktxxl.de\/markt\/produkt\/1000-stueck-acryl-kuenstlich-nagelspitzen-falsche-nagel-nageltips-franzoesisch-fake-naegel-tipps-acrylic-nail-tips-mit-box-fuer-frauen-maedchen\/#primaryimage"},"thumbnailUrl":"https:\/\/m.media-amazon.com\/images\/I\/517miomop1L._SL500_.jpg","datePublished":"2021-11-12T21:55:10+00:00","dateModified":"2023-04-11T00:44:35+00:00","description":"Markt-XXL 1000 St\u00fcck Acryl K\u00fcnstlich Nagelspitzen Falsche Nagel Nageltips Franz\u00f6sisch, Fake N\u00e4gel Tipps Acrylic Nail Tips mit Box\u2026","breadcrumb":{"@id":"https:\/\/marktxxl.de\/markt\/produkt\/1000-stueck-acryl-kuenstlich-nagelspitzen-falsche-nagel-nageltips-franzoesisch-fake-naegel-tipps-acrylic-nail-tips-mit-box-fuer-frauen-maedchen\/#breadcrumb"},"inLanguage":"de","potentialAction":[{"@type":"ReadAction","target":["https:\/\/marktxxl.de\/markt\/produkt\/1000-stueck-acryl-kuenstlich-nagelspitzen-falsche-nagel-nageltips-franzoesisch-fake-naegel-tipps-acrylic-nail-tips-mit-box-fuer-frauen-maedchen\/"]}]},{"@type":"ImageObject","inLanguage":"de","@id":"https:\/\/marktxxl.de\/markt\/produkt\/1000-stueck-acryl-kuenstlich-nagelspitzen-falsche-nagel-nageltips-franzoesisch-fake-naegel-tipps-acrylic-nail-tips-mit-box-fuer-frauen-maedchen\/#primaryimage","url":"https:\/\/m.media-amazon.com\/images\/I\/517miomop1L._SL500_.jpg","contentUrl":"https:\/\/m.media-amazon.com\/images\/I\/517miomop1L._SL500_.jpg","width":500,"height":500},{"@type":"BreadcrumbList","@id":"https:\/\/marktxxl.de\/markt\/produkt\/1000-stueck-acryl-kuenstlich-nagelspitzen-falsche-nagel-nageltips-franzoesisch-fake-naegel-tipps-acrylic-nail-tips-mit-box-fuer-frauen-maedchen\/#breadcrumb","itemListElement":[{"@type":"ListItem","position":1,"name":"Startseite","item":"https:\/\/marktxxl.de\/markt\/"},{"@type":"ListItem","position":2,"name":"Markt","item":"https:\/\/marktxxl.de\/markt\/"},{"@type":"ListItem","position":3,"name":"1000 St\u00fcck Acryl K\u00fcnstlich Nagelspitzen Falsche Nagel Nageltips Franz\u00f6sisch, Fake N\u00e4gel Tipps Acrylic Nail Tips mit Box\u2026"}]},{"@type":"WebSite","@id":"https:\/\/marktxxl.de\/markt\/#website","url":"https:\/\/marktxxl.de\/markt\/","name":"Markt-XXL","description":"Ihr Markt Online","publisher":{"@id":"https:\/\/marktxxl.de\/markt\/#organization"},"potentialAction":[{"@type":"SearchAction","target":{"@type":"EntryPoint","urlTemplate":"https:\/\/marktxxl.de\/markt\/?s={search_term_string}"},"query-input":{"@type":"PropertyValueSpecification","valueRequired":true,"valueName":"search_term_string"}}],"inLanguage":"de"},{"@type":"Organization","@id":"https:\/\/marktxxl.de\/markt\/#organization","name":"Markt-XXL","url":"https:\/\/marktxxl.de\/markt\/","logo":{"@type":"ImageObject","inLanguage":"de","@id":"https:\/\/marktxxl.de\/markt\/#\/schema\/logo\/image\/","url":"https:\/\/marktxxl.de\/markt\/wp-content\/uploads\/sites\/3\/2020\/12\/logo.png","contentUrl":"https:\/\/marktxxl.de\/markt\/wp-content\/uploads\/sites\/3\/2020\/12\/logo.png","width":200,"height":70,"caption":"Markt-XXL"},"image":{"@id":"https:\/\/marktxxl.de\/markt\/#\/schema\/logo\/image\/"}}]}},"_links":{"self":[{"href":"https:\/\/marktxxl.de\/markt\/wp-json\/wp\/v2\/product\/71346","targetHints":{"allow":["GET"]}}],"collection":[{"href":"https:\/\/marktxxl.de\/markt\/wp-json\/wp\/v2\/product"}],"about":[{"href":"https:\/\/marktxxl.de\/markt\/wp-json\/wp\/v2\/types\/product"}],"replies":[{"embeddable":true,"href":"https:\/\/marktxxl.de\/markt\/wp-json\/wp\/v2\/comments?post=71346"}],"wp:featuredmedia":[{"embeddable":true,"href":"https:\/\/marktxxl.de\/markt\/wp-json\/wp\/v2\/media\/71347"}],"wp:attachment":[{"href":"https:\/\/marktxxl.de\/markt\/wp-json\/wp\/v2\/media?parent=71346"}],"wp:term":[{"taxonomy":"product_brand","embeddable":true,"href":"https:\/\/marktxxl.de\/markt\/wp-json\/wp\/v2\/product_brand?post=71346"},{"taxonomy":"product_cat","embeddable":true,"href":"https:\/\/marktxxl.de\/markt\/wp-json\/wp\/v2\/product_cat?post=71346"},{"taxonomy":"product_tag","embeddable":true,"href":"https:\/\/marktxxl.de\/markt\/wp-json\/wp\/v2\/product_tag?post=71346"}],"curies":[{"name":"wp","href":"https:\/\/api.w.org\/{rel}","templated":true}]}}