{"id":71267,"date":"2021-11-12T22:51:46","date_gmt":"2021-11-12T21:51:46","guid":{"rendered":"https:\/\/marktxxl.de\/markt\/produkt\/120w-nageltrockner-uv-led-lampe-fuer-naegel-led-nagellampe-mit-4-timer-einstellungen-infrarot-sensor-lcd-display-aushaertungswerkzeug-fuer-finger-zehennagel-gel\/"},"modified":"2023-04-11T02:44:34","modified_gmt":"2023-04-11T00:44:34","slug":"120w-nageltrockner-uv-led-lampe-fuer-naegel-led-nagellampe-mit-4-timer-einstellungen-infrarot-sensor-lcd-display-aushaertungswerkzeug-fuer-finger-zehennagel-gel","status":"publish","type":"product","link":"https:\/\/marktxxl.de\/markt\/produkt\/120w-nageltrockner-uv-led-lampe-fuer-naegel-led-nagellampe-mit-4-timer-einstellungen-infrarot-sensor-lcd-display-aushaertungswerkzeug-fuer-finger-zehennagel-gel\/","title":{"rendered":"120W Nageltrockner, UV LED Lampe f\u00fcr N\u00e4gel, LED Nagellampe mit 4 Timer Einstellungen Infrarot Sensor LCD Display\u2026"},"content":{"rendered":"<p>\u2b50PROFESSIONELL ALL-IN-ONE NAGELLAMPE\u2b50:Double optical wavelength (365nm + 405nm),mit 42 UV LEDs ist anwendbar f\u00fcr fast alle LED und UV Nagellacke, wie z.B. UV-Therapiegel, Extend Gel, LED-Nagellackgel Politur, Hard Builder Gel, Sculpture Gel, Edelsteinkleber usw.<br \/>\n\u2b504 TIMER MODI\u2b50:Das Nagellicht verf\u00fcgt \u00fcber Timer von 10s\/ 30s\/ 60s\/ 99s LOW HEAT MODE und doppelte Leistungseinstellung, was die Trocknung und Aush\u00e4rtung lackierter N\u00e4gel beschleunigt und dem ausgew\u00e4hlten DIY Nagellack am besten entspricht.<br \/>\n\u2b50INTELLIGENTES INFRAROTSENSORDESIGN\u2b50:Gel Nagellampe mit automatischem Infrarot-Intelligent induktionsdesign, Hand darin\/Hand daraus, der UV\/LED Nageltrockner wird sich automatisch ein- oder ausschalten und Timing starten, keine Ein-\/Aus-Taste erforderlich.<br \/>\n\u2b50Genug Platz f\u00fcr 5 N\u00e4gel\u2b50:Ein gro\u00dfes K\u00f6rperdesign f\u00fcr 5 Fingern\u00e4gel oder Zehenn\u00e4gel zu trocknen. Kompaktes Geh\u00e4use kann Lichtverlust wirksam verhindern, um die Augen zu sch\u00fctzen. 42 LEDs mit einer Lebensdauer von 50000 Stunden sind gleichm\u00e4\u00dfig im Inneren verteilt, was dazu beitragen w\u00fcrde, den gleichm\u00e4\u00dfig gelierten Nagellack zu erhalten<br \/>\n\u2b50ABNEHMBARES DESIGN &amp; EINFACH REINIGUNG\u2b50:Der LED Nageltrockner k\u00f6nnen von der Abdeckung nach unten entfernt werden, was gen\u00fcgend Platz f\u00fcr N\u00e4gel und Zehenn\u00e4gel bietet. Wenn Nagellack versehentlich auf der Oberfl\u00e4che ist, ist es einfach zu reinigen.<br \/>\n<div class=\"main-cross-sell\" data-asin=\"B08DK5KRGZ\">\n\n\t<div class=\"WooZone-cross-sell-loader\">\n\t\t<div>\n\t\t\t<div id=\"floatingBarsG\">\n\t\t\t\t<div class=\"blockG\" id=\"rotateG_01\"><\/div>\n\t\t\t\t<div class=\"blockG\" id=\"rotateG_02\"><\/div>\n\t\t\t\t<div class=\"blockG\" id=\"rotateG_03\"><\/div>\n\t\t\t\t<div class=\"blockG\" id=\"rotateG_04\"><\/div>\n\t\t\t\t<div class=\"blockG\" id=\"rotateG_05\"><\/div>\n\t\t\t\t<div class=\"blockG\" id=\"rotateG_06\"><\/div>\n\t\t\t\t<div class=\"blockG\" id=\"rotateG_07\"><\/div>\n\t\t\t\t<div class=\"blockG\" id=\"rotateG_08\"><\/div>\n\t\t\t<\/div>\n\t\t\t<div class=\"WooZone-cross-sell-loader-text\"><\/div>\n\t\t<\/div>\n\t<\/div>\n\n\t\t\n<\/div>\n<div style=\"clear:both;\"><\/div><\/p>\n","protected":false},"excerpt":{"rendered":"<p>\u2b50PROFESSIONELL ALL-IN-ONE NAGELLAMPE\u2b50:Double optical wavelength (365nm + 405nm),mit 42 UV LEDs ist anwendbar f\u00fcr fast alle LED und UV Nagellacke, wie z.B. UV-Therapiegel, Extend Gel, LED-Nagellackgel Politur, Hard Builder Gel, Sculpture Gel, Edelsteinkleber usw.<br \/>\n\u2b504 TIMER MODI\u2b50:Das Nagellicht verf\u00fcgt \u00fcber Timer von 10s\/ 30s\/ 60s\/ 99s LOW HEAT MODE und doppelte Leistungseinstellung, was die Trocknung und Aush\u00e4rtung lackierter N\u00e4gel beschleunigt und dem ausgew\u00e4hlten DIY Nagellack am besten entspricht.<br \/>\n\u2b50INTELLIGENTES INFRAROTSENSORDESIGN\u2b50:Gel Nagellampe mit automatischem Infrarot-Intelligent induktionsdesign, Hand darin\/Hand daraus, der UV\/LED Nageltrockner wird sich automatisch ein- oder ausschalten und Timing starten, keine Ein-\/Aus-Taste erforderlich.<\/p>\n","protected":false},"featured_media":71268,"comment_status":"open","ping_status":"closed","template":"","meta":[],"product_brand":[],"product_cat":[2858,7659],"product_tag":[],"class_list":{"0":"post-71267","1":"product","2":"type-product","3":"status-publish","4":"has-post-thumbnail","6":"product_cat-beauty","7":"product_cat-manikuere-pedikuere","8":"pa_brand-blissday","9":"pa_manufacturer-blissday","10":"pa_model-y1","11":"pa_size-1-stueck-1er-pack","13":"first","14":"instock","15":"shipping-taxable","16":"purchasable","17":"product-type-simple","18":"customify-col","19":"product-has-gallery"},"yoast_head":"<!-- This site is optimized with the Yoast SEO plugin v27.4 - https:\/\/yoast.com\/product\/yoast-seo-wordpress\/ -->\n<title>120W Nageltrockner, UV LED Lampe f\u00fcr N\u00e4gel, LED Nagellampe mit 4 Timer Einstellungen Infrarot Sensor LCD Display\u2026 - Markt-XXL<\/title>\n<meta name=\"description\" content=\"Markt-XXL 120W Nageltrockner, UV LED Lampe f\u00fcr N\u00e4gel, LED Nagellampe mit 4 Timer Einstellungen Infrarot Sensor LCD Display\u2026\" \/>\n<meta name=\"robots\" content=\"index, follow, max-snippet:-1, max-image-preview:large, max-video-preview:-1\" \/>\n<link rel=\"canonical\" href=\"https:\/\/marktxxl.de\/markt\/produkt\/120w-nageltrockner-uv-led-lampe-fuer-naegel-led-nagellampe-mit-4-timer-einstellungen-infrarot-sensor-lcd-display-aushaertungswerkzeug-fuer-finger-zehennagel-gel\/\" \/>\n<meta property=\"og:locale\" content=\"de_DE\" \/>\n<meta property=\"og:type\" content=\"article\" \/>\n<meta property=\"og:title\" content=\"120W Nageltrockner, UV LED Lampe f\u00fcr N\u00e4gel, LED Nagellampe mit 4 Timer Einstellungen Infrarot Sensor LCD Display\u2026 - Markt-XXL\" \/>\n<meta property=\"og:description\" content=\"Markt-XXL 120W Nageltrockner, UV LED Lampe f\u00fcr N\u00e4gel, LED Nagellampe mit 4 Timer Einstellungen Infrarot Sensor LCD Display\u2026\" \/>\n<meta property=\"og:url\" content=\"https:\/\/marktxxl.de\/markt\/produkt\/120w-nageltrockner-uv-led-lampe-fuer-naegel-led-nagellampe-mit-4-timer-einstellungen-infrarot-sensor-lcd-display-aushaertungswerkzeug-fuer-finger-zehennagel-gel\/\" \/>\n<meta property=\"og:site_name\" content=\"Markt-XXL\" \/>\n<meta property=\"article:modified_time\" content=\"2023-04-11T00:44:34+00:00\" \/>\n<meta property=\"og:image\" content=\"https:\/\/m.media-amazon.com\/images\/I\/41-x1f9opaL._SL500_.jpg\" \/>\n\t<meta property=\"og:image:width\" content=\"500\" \/>\n\t<meta property=\"og:image:height\" content=\"500\" \/>\n\t<meta property=\"og:image:type\" content=\"image\/jpeg\" \/>\n<meta name=\"twitter:card\" content=\"summary_large_image\" \/>\n<meta name=\"twitter:label1\" content=\"Gesch\u00e4tzte Lesezeit\" \/>\n\t<meta name=\"twitter:data1\" content=\"1\u00a0Minute\" \/>\n<script type=\"application\/ld+json\" class=\"yoast-schema-graph\">{\"@context\":\"https:\\\/\\\/schema.org\",\"@graph\":[{\"@type\":\"WebPage\",\"@id\":\"https:\\\/\\\/marktxxl.de\\\/markt\\\/produkt\\\/120w-nageltrockner-uv-led-lampe-fuer-naegel-led-nagellampe-mit-4-timer-einstellungen-infrarot-sensor-lcd-display-aushaertungswerkzeug-fuer-finger-zehennagel-gel\\\/\",\"url\":\"https:\\\/\\\/marktxxl.de\\\/markt\\\/produkt\\\/120w-nageltrockner-uv-led-lampe-fuer-naegel-led-nagellampe-mit-4-timer-einstellungen-infrarot-sensor-lcd-display-aushaertungswerkzeug-fuer-finger-zehennagel-gel\\\/\",\"name\":\"120W Nageltrockner, UV LED Lampe f\u00fcr N\u00e4gel, LED Nagellampe mit 4 Timer Einstellungen Infrarot Sensor LCD Display\u2026 - Markt-XXL\",\"isPartOf\":{\"@id\":\"https:\\\/\\\/marktxxl.de\\\/markt\\\/#website\"},\"primaryImageOfPage\":{\"@id\":\"https:\\\/\\\/marktxxl.de\\\/markt\\\/produkt\\\/120w-nageltrockner-uv-led-lampe-fuer-naegel-led-nagellampe-mit-4-timer-einstellungen-infrarot-sensor-lcd-display-aushaertungswerkzeug-fuer-finger-zehennagel-gel\\\/#primaryimage\"},\"image\":{\"@id\":\"https:\\\/\\\/marktxxl.de\\\/markt\\\/produkt\\\/120w-nageltrockner-uv-led-lampe-fuer-naegel-led-nagellampe-mit-4-timer-einstellungen-infrarot-sensor-lcd-display-aushaertungswerkzeug-fuer-finger-zehennagel-gel\\\/#primaryimage\"},\"thumbnailUrl\":\"https:\\\/\\\/m.media-amazon.com\\\/images\\\/I\\\/41-x1f9opaL._SL500_.jpg\",\"datePublished\":\"2021-11-12T21:51:46+00:00\",\"dateModified\":\"2023-04-11T00:44:34+00:00\",\"description\":\"Markt-XXL 120W Nageltrockner, UV LED Lampe f\u00fcr N\u00e4gel, LED Nagellampe mit 4 Timer Einstellungen Infrarot Sensor LCD Display\u2026\",\"breadcrumb\":{\"@id\":\"https:\\\/\\\/marktxxl.de\\\/markt\\\/produkt\\\/120w-nageltrockner-uv-led-lampe-fuer-naegel-led-nagellampe-mit-4-timer-einstellungen-infrarot-sensor-lcd-display-aushaertungswerkzeug-fuer-finger-zehennagel-gel\\\/#breadcrumb\"},\"inLanguage\":\"de\",\"potentialAction\":[{\"@type\":\"ReadAction\",\"target\":[\"https:\\\/\\\/marktxxl.de\\\/markt\\\/produkt\\\/120w-nageltrockner-uv-led-lampe-fuer-naegel-led-nagellampe-mit-4-timer-einstellungen-infrarot-sensor-lcd-display-aushaertungswerkzeug-fuer-finger-zehennagel-gel\\\/\"]}]},{\"@type\":\"ImageObject\",\"inLanguage\":\"de\",\"@id\":\"https:\\\/\\\/marktxxl.de\\\/markt\\\/produkt\\\/120w-nageltrockner-uv-led-lampe-fuer-naegel-led-nagellampe-mit-4-timer-einstellungen-infrarot-sensor-lcd-display-aushaertungswerkzeug-fuer-finger-zehennagel-gel\\\/#primaryimage\",\"url\":\"https:\\\/\\\/m.media-amazon.com\\\/images\\\/I\\\/41-x1f9opaL._SL500_.jpg\",\"contentUrl\":\"https:\\\/\\\/m.media-amazon.com\\\/images\\\/I\\\/41-x1f9opaL._SL500_.jpg\",\"width\":500,\"height\":500},{\"@type\":\"BreadcrumbList\",\"@id\":\"https:\\\/\\\/marktxxl.de\\\/markt\\\/produkt\\\/120w-nageltrockner-uv-led-lampe-fuer-naegel-led-nagellampe-mit-4-timer-einstellungen-infrarot-sensor-lcd-display-aushaertungswerkzeug-fuer-finger-zehennagel-gel\\\/#breadcrumb\",\"itemListElement\":[{\"@type\":\"ListItem\",\"position\":1,\"name\":\"Startseite\",\"item\":\"https:\\\/\\\/marktxxl.de\\\/markt\\\/\"},{\"@type\":\"ListItem\",\"position\":2,\"name\":\"Markt\",\"item\":\"https:\\\/\\\/marktxxl.de\\\/markt\\\/\"},{\"@type\":\"ListItem\",\"position\":3,\"name\":\"120W Nageltrockner, UV LED Lampe f\u00fcr N\u00e4gel, LED Nagellampe mit 4 Timer Einstellungen Infrarot Sensor LCD Display\u2026\"}]},{\"@type\":\"WebSite\",\"@id\":\"https:\\\/\\\/marktxxl.de\\\/markt\\\/#website\",\"url\":\"https:\\\/\\\/marktxxl.de\\\/markt\\\/\",\"name\":\"Markt-XXL\",\"description\":\"Ihr Markt Online\",\"publisher\":{\"@id\":\"https:\\\/\\\/marktxxl.de\\\/markt\\\/#organization\"},\"potentialAction\":[{\"@type\":\"SearchAction\",\"target\":{\"@type\":\"EntryPoint\",\"urlTemplate\":\"https:\\\/\\\/marktxxl.de\\\/markt\\\/?s={search_term_string}\"},\"query-input\":{\"@type\":\"PropertyValueSpecification\",\"valueRequired\":true,\"valueName\":\"search_term_string\"}}],\"inLanguage\":\"de\"},{\"@type\":\"Organization\",\"@id\":\"https:\\\/\\\/marktxxl.de\\\/markt\\\/#organization\",\"name\":\"Markt-XXL\",\"url\":\"https:\\\/\\\/marktxxl.de\\\/markt\\\/\",\"logo\":{\"@type\":\"ImageObject\",\"inLanguage\":\"de\",\"@id\":\"https:\\\/\\\/marktxxl.de\\\/markt\\\/#\\\/schema\\\/logo\\\/image\\\/\",\"url\":\"https:\\\/\\\/marktxxl.de\\\/markt\\\/wp-content\\\/uploads\\\/sites\\\/3\\\/2020\\\/12\\\/logo.png\",\"contentUrl\":\"https:\\\/\\\/marktxxl.de\\\/markt\\\/wp-content\\\/uploads\\\/sites\\\/3\\\/2020\\\/12\\\/logo.png\",\"width\":200,\"height\":70,\"caption\":\"Markt-XXL\"},\"image\":{\"@id\":\"https:\\\/\\\/marktxxl.de\\\/markt\\\/#\\\/schema\\\/logo\\\/image\\\/\"}}]}<\/script>\n<!-- \/ Yoast SEO plugin. -->","yoast_head_json":{"title":"120W Nageltrockner, UV LED Lampe f\u00fcr N\u00e4gel, LED Nagellampe mit 4 Timer Einstellungen Infrarot Sensor LCD Display\u2026 - Markt-XXL","description":"Markt-XXL 120W Nageltrockner, UV LED Lampe f\u00fcr N\u00e4gel, LED Nagellampe mit 4 Timer Einstellungen Infrarot Sensor LCD Display\u2026","robots":{"index":"index","follow":"follow","max-snippet":"max-snippet:-1","max-image-preview":"max-image-preview:large","max-video-preview":"max-video-preview:-1"},"canonical":"https:\/\/marktxxl.de\/markt\/produkt\/120w-nageltrockner-uv-led-lampe-fuer-naegel-led-nagellampe-mit-4-timer-einstellungen-infrarot-sensor-lcd-display-aushaertungswerkzeug-fuer-finger-zehennagel-gel\/","og_locale":"de_DE","og_type":"article","og_title":"120W Nageltrockner, UV LED Lampe f\u00fcr N\u00e4gel, LED Nagellampe mit 4 Timer Einstellungen Infrarot Sensor LCD Display\u2026 - Markt-XXL","og_description":"Markt-XXL 120W Nageltrockner, UV LED Lampe f\u00fcr N\u00e4gel, LED Nagellampe mit 4 Timer Einstellungen Infrarot Sensor LCD Display\u2026","og_url":"https:\/\/marktxxl.de\/markt\/produkt\/120w-nageltrockner-uv-led-lampe-fuer-naegel-led-nagellampe-mit-4-timer-einstellungen-infrarot-sensor-lcd-display-aushaertungswerkzeug-fuer-finger-zehennagel-gel\/","og_site_name":"Markt-XXL","article_modified_time":"2023-04-11T00:44:34+00:00","og_image":[{"width":500,"height":500,"url":"https:\/\/m.media-amazon.com\/images\/I\/41-x1f9opaL._SL500_.jpg","type":"image\/jpeg"}],"twitter_card":"summary_large_image","twitter_misc":{"Gesch\u00e4tzte Lesezeit":"1\u00a0Minute"},"schema":{"@context":"https:\/\/schema.org","@graph":[{"@type":"WebPage","@id":"https:\/\/marktxxl.de\/markt\/produkt\/120w-nageltrockner-uv-led-lampe-fuer-naegel-led-nagellampe-mit-4-timer-einstellungen-infrarot-sensor-lcd-display-aushaertungswerkzeug-fuer-finger-zehennagel-gel\/","url":"https:\/\/marktxxl.de\/markt\/produkt\/120w-nageltrockner-uv-led-lampe-fuer-naegel-led-nagellampe-mit-4-timer-einstellungen-infrarot-sensor-lcd-display-aushaertungswerkzeug-fuer-finger-zehennagel-gel\/","name":"120W Nageltrockner, UV LED Lampe f\u00fcr N\u00e4gel, LED Nagellampe mit 4 Timer Einstellungen Infrarot Sensor LCD Display\u2026 - Markt-XXL","isPartOf":{"@id":"https:\/\/marktxxl.de\/markt\/#website"},"primaryImageOfPage":{"@id":"https:\/\/marktxxl.de\/markt\/produkt\/120w-nageltrockner-uv-led-lampe-fuer-naegel-led-nagellampe-mit-4-timer-einstellungen-infrarot-sensor-lcd-display-aushaertungswerkzeug-fuer-finger-zehennagel-gel\/#primaryimage"},"image":{"@id":"https:\/\/marktxxl.de\/markt\/produkt\/120w-nageltrockner-uv-led-lampe-fuer-naegel-led-nagellampe-mit-4-timer-einstellungen-infrarot-sensor-lcd-display-aushaertungswerkzeug-fuer-finger-zehennagel-gel\/#primaryimage"},"thumbnailUrl":"https:\/\/m.media-amazon.com\/images\/I\/41-x1f9opaL._SL500_.jpg","datePublished":"2021-11-12T21:51:46+00:00","dateModified":"2023-04-11T00:44:34+00:00","description":"Markt-XXL 120W Nageltrockner, UV LED Lampe f\u00fcr N\u00e4gel, LED Nagellampe mit 4 Timer Einstellungen Infrarot Sensor LCD Display\u2026","breadcrumb":{"@id":"https:\/\/marktxxl.de\/markt\/produkt\/120w-nageltrockner-uv-led-lampe-fuer-naegel-led-nagellampe-mit-4-timer-einstellungen-infrarot-sensor-lcd-display-aushaertungswerkzeug-fuer-finger-zehennagel-gel\/#breadcrumb"},"inLanguage":"de","potentialAction":[{"@type":"ReadAction","target":["https:\/\/marktxxl.de\/markt\/produkt\/120w-nageltrockner-uv-led-lampe-fuer-naegel-led-nagellampe-mit-4-timer-einstellungen-infrarot-sensor-lcd-display-aushaertungswerkzeug-fuer-finger-zehennagel-gel\/"]}]},{"@type":"ImageObject","inLanguage":"de","@id":"https:\/\/marktxxl.de\/markt\/produkt\/120w-nageltrockner-uv-led-lampe-fuer-naegel-led-nagellampe-mit-4-timer-einstellungen-infrarot-sensor-lcd-display-aushaertungswerkzeug-fuer-finger-zehennagel-gel\/#primaryimage","url":"https:\/\/m.media-amazon.com\/images\/I\/41-x1f9opaL._SL500_.jpg","contentUrl":"https:\/\/m.media-amazon.com\/images\/I\/41-x1f9opaL._SL500_.jpg","width":500,"height":500},{"@type":"BreadcrumbList","@id":"https:\/\/marktxxl.de\/markt\/produkt\/120w-nageltrockner-uv-led-lampe-fuer-naegel-led-nagellampe-mit-4-timer-einstellungen-infrarot-sensor-lcd-display-aushaertungswerkzeug-fuer-finger-zehennagel-gel\/#breadcrumb","itemListElement":[{"@type":"ListItem","position":1,"name":"Startseite","item":"https:\/\/marktxxl.de\/markt\/"},{"@type":"ListItem","position":2,"name":"Markt","item":"https:\/\/marktxxl.de\/markt\/"},{"@type":"ListItem","position":3,"name":"120W Nageltrockner, UV LED Lampe f\u00fcr N\u00e4gel, LED Nagellampe mit 4 Timer Einstellungen Infrarot Sensor LCD Display\u2026"}]},{"@type":"WebSite","@id":"https:\/\/marktxxl.de\/markt\/#website","url":"https:\/\/marktxxl.de\/markt\/","name":"Markt-XXL","description":"Ihr Markt Online","publisher":{"@id":"https:\/\/marktxxl.de\/markt\/#organization"},"potentialAction":[{"@type":"SearchAction","target":{"@type":"EntryPoint","urlTemplate":"https:\/\/marktxxl.de\/markt\/?s={search_term_string}"},"query-input":{"@type":"PropertyValueSpecification","valueRequired":true,"valueName":"search_term_string"}}],"inLanguage":"de"},{"@type":"Organization","@id":"https:\/\/marktxxl.de\/markt\/#organization","name":"Markt-XXL","url":"https:\/\/marktxxl.de\/markt\/","logo":{"@type":"ImageObject","inLanguage":"de","@id":"https:\/\/marktxxl.de\/markt\/#\/schema\/logo\/image\/","url":"https:\/\/marktxxl.de\/markt\/wp-content\/uploads\/sites\/3\/2020\/12\/logo.png","contentUrl":"https:\/\/marktxxl.de\/markt\/wp-content\/uploads\/sites\/3\/2020\/12\/logo.png","width":200,"height":70,"caption":"Markt-XXL"},"image":{"@id":"https:\/\/marktxxl.de\/markt\/#\/schema\/logo\/image\/"}}]}},"_links":{"self":[{"href":"https:\/\/marktxxl.de\/markt\/wp-json\/wp\/v2\/product\/71267","targetHints":{"allow":["GET"]}}],"collection":[{"href":"https:\/\/marktxxl.de\/markt\/wp-json\/wp\/v2\/product"}],"about":[{"href":"https:\/\/marktxxl.de\/markt\/wp-json\/wp\/v2\/types\/product"}],"replies":[{"embeddable":true,"href":"https:\/\/marktxxl.de\/markt\/wp-json\/wp\/v2\/comments?post=71267"}],"wp:featuredmedia":[{"embeddable":true,"href":"https:\/\/marktxxl.de\/markt\/wp-json\/wp\/v2\/media\/71268"}],"wp:attachment":[{"href":"https:\/\/marktxxl.de\/markt\/wp-json\/wp\/v2\/media?parent=71267"}],"wp:term":[{"taxonomy":"product_brand","embeddable":true,"href":"https:\/\/marktxxl.de\/markt\/wp-json\/wp\/v2\/product_brand?post=71267"},{"taxonomy":"product_cat","embeddable":true,"href":"https:\/\/marktxxl.de\/markt\/wp-json\/wp\/v2\/product_cat?post=71267"},{"taxonomy":"product_tag","embeddable":true,"href":"https:\/\/marktxxl.de\/markt\/wp-json\/wp\/v2\/product_tag?post=71267"}],"curies":[{"name":"wp","href":"https:\/\/api.w.org\/{rel}","templated":true}]}}