{"id":71244,"date":"2021-11-12T22:51:35","date_gmt":"2021-11-12T21:51:35","guid":{"rendered":"https:\/\/marktxxl.de\/markt\/produkt\/sanitas-sfb-07-fussbad-vibrations-und-sprudelmassage-fussreflexzonenmassage-wassertemperierung-zur-entspannung-fuer-strapazierte-fuesse\/"},"modified":"2023-04-11T02:44:34","modified_gmt":"2023-04-11T00:44:34","slug":"sanitas-sfb-07-fussbad-vibrations-und-sprudelmassage-fussreflexzonenmassage-wassertemperierung-zur-entspannung-fuer-strapazierte-fuesse","status":"publish","type":"product","link":"https:\/\/marktxxl.de\/markt\/produkt\/sanitas-sfb-07-fussbad-vibrations-und-sprudelmassage-fussreflexzonenmassage-wassertemperierung-zur-entspannung-fuer-strapazierte-fuesse\/","title":{"rendered":"Sanitas SFB 07 Fu\u00dfbad"},"content":{"rendered":"<p>Entspannen Sie Ihre F\u00fc\u00dfe: durch den Massageaufsatz und das massageunterst\u00fctzende Fu\u00dfbett genie\u00dfen Sie neben einem wohltuenden Fu\u00dfbad auch eine Fu\u00dfreflexzonen-Massage; Bis Schuhgr\u00f6\u00dfe 50<br \/>\nWohltuend bei kalten F\u00fc\u00dfen: Besonders angenehm ist ein warmes Fu\u00dfbad zur Anregung der Durchblutung und zur Beruhigung der F\u00fc\u00dfe. Im Sommer kann ein kaltes Fu\u00dfbad f\u00fcr Abk\u00fchlung sorgen<br \/>\nPflege f\u00fcr Ihre F\u00fc\u00dfe: neben einer entspannten elektrischen Fu\u00dfmassage werden Ihre F\u00fc\u00dfe durch ein Fu\u00dfbad optimal auf eine Pedik\u00fcre vorbereitet, f\u00fcr sanfte Fu\u00dfsohlen und weniger Hornhaut<br \/>\nDas Fu\u00dfbad verf\u00fcgt \u00fcber eine Wassertemperierung, wodurch die Temperatur des Wassers konstant gehalten werden kann. Kaltes Wasser kann jedoch nicht erw\u00e4rmt werden<br \/>\nFunktionen: Sprudel- und Vibrationsmassage, Wasserwarmhaltung, Fu\u00dfreflexzonenmassageelement, Ausguss\u00f6ffnung, abnehmbarer Spritzschutz, rutschfeste Gummif\u00fc\u00dfe; (L x B x H): 38 x 34,5 x 13 cm, ca. 1300 g<br \/>\nLieferumfang: Sanitas SFB 07 Fu\u00dfbad<br \/>\n<div class=\"main-cross-sell\" data-asin=\"B00NABNFNA\">\n\n\t<div class=\"WooZone-cross-sell-loader\">\n\t\t<div>\n\t\t\t<div id=\"floatingBarsG\">\n\t\t\t\t<div class=\"blockG\" id=\"rotateG_01\"><\/div>\n\t\t\t\t<div class=\"blockG\" id=\"rotateG_02\"><\/div>\n\t\t\t\t<div class=\"blockG\" id=\"rotateG_03\"><\/div>\n\t\t\t\t<div class=\"blockG\" id=\"rotateG_04\"><\/div>\n\t\t\t\t<div class=\"blockG\" id=\"rotateG_05\"><\/div>\n\t\t\t\t<div class=\"blockG\" id=\"rotateG_06\"><\/div>\n\t\t\t\t<div class=\"blockG\" id=\"rotateG_07\"><\/div>\n\t\t\t\t<div class=\"blockG\" id=\"rotateG_08\"><\/div>\n\t\t\t<\/div>\n\t\t\t<div class=\"WooZone-cross-sell-loader-text\"><\/div>\n\t\t<\/div>\n\t<\/div>\n\n\t\t\n<\/div>\n<div style=\"clear:both;\"><\/div><\/p>\n","protected":false},"excerpt":{"rendered":"<p>Entspannen Sie Ihre F\u00fc\u00dfe: durch den Massageaufsatz und das massageunterst\u00fctzende Fu\u00dfbett genie\u00dfen Sie neben einem wohltuenden Fu\u00dfbad auch eine Fu\u00dfreflexzonen-Massage; Bis Schuhgr\u00f6\u00dfe 50<br \/>\nWohltuend bei kalten F\u00fc\u00dfen: Besonders angenehm ist ein warmes Fu\u00dfbad zur Anregung der Durchblutung und zur Beruhigung der F\u00fc\u00dfe. Im Sommer kann ein kaltes Fu\u00dfbad f\u00fcr Abk\u00fchlung sorgen<br \/>\nPflege f\u00fcr Ihre F\u00fc\u00dfe: neben einer entspannten elektrischen Fu\u00dfmassage werden Ihre F\u00fc\u00dfe durch ein Fu\u00dfbad optimal auf eine Pedik\u00fcre vorbereitet, f\u00fcr sanfte Fu\u00dfsohlen und weniger Hornhaut<\/p>\n","protected":false},"featured_media":71245,"comment_status":"open","ping_status":"closed","template":"","meta":[],"product_brand":[],"product_cat":[2858,7659],"product_tag":[],"class_list":{"0":"post-71244","1":"product","2":"type-product","3":"status-publish","4":"has-post-thumbnail","6":"product_cat-beauty","7":"product_cat-manikuere-pedikuere","8":"pa_binding-badartikel","9":"pa_brand-sanitas","10":"pa_height-5-12-zoll","11":"pa_length-14-96-zoll","12":"pa_manufacturer-sanitas","13":"pa_model-24755","14":"pa_size-1-stueck-1er-pack","15":"pa_weight-0-0029101018584-pfund","16":"pa_width-13-58-zoll","18":"first","19":"instock","20":"shipping-taxable","21":"purchasable","22":"product-type-simple","23":"customify-col","24":"product-has-gallery"},"yoast_head":"<!-- This site is optimized with the Yoast SEO plugin v27.4 - https:\/\/yoast.com\/product\/yoast-seo-wordpress\/ -->\n<title>Sanitas SFB 07 Fu\u00dfbad - Markt-XXL<\/title>\n<meta name=\"description\" content=\"Markt-XXL Sanitas SFB 07 Fu\u00dfbad\" \/>\n<meta name=\"robots\" content=\"index, follow, max-snippet:-1, max-image-preview:large, max-video-preview:-1\" \/>\n<link rel=\"canonical\" href=\"https:\/\/marktxxl.de\/markt\/produkt\/sanitas-sfb-07-fussbad-vibrations-und-sprudelmassage-fussreflexzonenmassage-wassertemperierung-zur-entspannung-fuer-strapazierte-fuesse\/\" \/>\n<meta property=\"og:locale\" content=\"de_DE\" \/>\n<meta property=\"og:type\" content=\"article\" \/>\n<meta property=\"og:title\" content=\"Sanitas SFB 07 Fu\u00dfbad - Markt-XXL\" \/>\n<meta property=\"og:description\" content=\"Markt-XXL Sanitas SFB 07 Fu\u00dfbad\" \/>\n<meta property=\"og:url\" content=\"https:\/\/marktxxl.de\/markt\/produkt\/sanitas-sfb-07-fussbad-vibrations-und-sprudelmassage-fussreflexzonenmassage-wassertemperierung-zur-entspannung-fuer-strapazierte-fuesse\/\" \/>\n<meta property=\"og:site_name\" content=\"Markt-XXL\" \/>\n<meta property=\"article:modified_time\" content=\"2023-04-11T00:44:34+00:00\" \/>\n<meta property=\"og:image\" content=\"https:\/\/m.media-amazon.com\/images\/I\/41kU87r-xJL._SL500_.jpg\" \/>\n\t<meta property=\"og:image:width\" content=\"500\" \/>\n\t<meta property=\"og:image:height\" content=\"500\" \/>\n\t<meta property=\"og:image:type\" content=\"image\/jpeg\" \/>\n<meta name=\"twitter:card\" content=\"summary_large_image\" \/>\n<meta name=\"twitter:label1\" content=\"Gesch\u00e4tzte Lesezeit\" \/>\n\t<meta name=\"twitter:data1\" content=\"1\u00a0Minute\" \/>\n<script type=\"application\/ld+json\" class=\"yoast-schema-graph\">{\"@context\":\"https:\\\/\\\/schema.org\",\"@graph\":[{\"@type\":\"WebPage\",\"@id\":\"https:\\\/\\\/marktxxl.de\\\/markt\\\/produkt\\\/sanitas-sfb-07-fussbad-vibrations-und-sprudelmassage-fussreflexzonenmassage-wassertemperierung-zur-entspannung-fuer-strapazierte-fuesse\\\/\",\"url\":\"https:\\\/\\\/marktxxl.de\\\/markt\\\/produkt\\\/sanitas-sfb-07-fussbad-vibrations-und-sprudelmassage-fussreflexzonenmassage-wassertemperierung-zur-entspannung-fuer-strapazierte-fuesse\\\/\",\"name\":\"Sanitas SFB 07 Fu\u00dfbad - Markt-XXL\",\"isPartOf\":{\"@id\":\"https:\\\/\\\/marktxxl.de\\\/markt\\\/#website\"},\"primaryImageOfPage\":{\"@id\":\"https:\\\/\\\/marktxxl.de\\\/markt\\\/produkt\\\/sanitas-sfb-07-fussbad-vibrations-und-sprudelmassage-fussreflexzonenmassage-wassertemperierung-zur-entspannung-fuer-strapazierte-fuesse\\\/#primaryimage\"},\"image\":{\"@id\":\"https:\\\/\\\/marktxxl.de\\\/markt\\\/produkt\\\/sanitas-sfb-07-fussbad-vibrations-und-sprudelmassage-fussreflexzonenmassage-wassertemperierung-zur-entspannung-fuer-strapazierte-fuesse\\\/#primaryimage\"},\"thumbnailUrl\":\"https:\\\/\\\/m.media-amazon.com\\\/images\\\/I\\\/41kU87r-xJL._SL500_.jpg\",\"datePublished\":\"2021-11-12T21:51:35+00:00\",\"dateModified\":\"2023-04-11T00:44:34+00:00\",\"description\":\"Markt-XXL Sanitas SFB 07 Fu\u00dfbad\",\"breadcrumb\":{\"@id\":\"https:\\\/\\\/marktxxl.de\\\/markt\\\/produkt\\\/sanitas-sfb-07-fussbad-vibrations-und-sprudelmassage-fussreflexzonenmassage-wassertemperierung-zur-entspannung-fuer-strapazierte-fuesse\\\/#breadcrumb\"},\"inLanguage\":\"de\",\"potentialAction\":[{\"@type\":\"ReadAction\",\"target\":[\"https:\\\/\\\/marktxxl.de\\\/markt\\\/produkt\\\/sanitas-sfb-07-fussbad-vibrations-und-sprudelmassage-fussreflexzonenmassage-wassertemperierung-zur-entspannung-fuer-strapazierte-fuesse\\\/\"]}]},{\"@type\":\"ImageObject\",\"inLanguage\":\"de\",\"@id\":\"https:\\\/\\\/marktxxl.de\\\/markt\\\/produkt\\\/sanitas-sfb-07-fussbad-vibrations-und-sprudelmassage-fussreflexzonenmassage-wassertemperierung-zur-entspannung-fuer-strapazierte-fuesse\\\/#primaryimage\",\"url\":\"https:\\\/\\\/m.media-amazon.com\\\/images\\\/I\\\/41kU87r-xJL._SL500_.jpg\",\"contentUrl\":\"https:\\\/\\\/m.media-amazon.com\\\/images\\\/I\\\/41kU87r-xJL._SL500_.jpg\",\"width\":500,\"height\":500},{\"@type\":\"BreadcrumbList\",\"@id\":\"https:\\\/\\\/marktxxl.de\\\/markt\\\/produkt\\\/sanitas-sfb-07-fussbad-vibrations-und-sprudelmassage-fussreflexzonenmassage-wassertemperierung-zur-entspannung-fuer-strapazierte-fuesse\\\/#breadcrumb\",\"itemListElement\":[{\"@type\":\"ListItem\",\"position\":1,\"name\":\"Startseite\",\"item\":\"https:\\\/\\\/marktxxl.de\\\/markt\\\/\"},{\"@type\":\"ListItem\",\"position\":2,\"name\":\"Markt\",\"item\":\"https:\\\/\\\/marktxxl.de\\\/markt\\\/\"},{\"@type\":\"ListItem\",\"position\":3,\"name\":\"Sanitas SFB 07 Fu\u00dfbad\"}]},{\"@type\":\"WebSite\",\"@id\":\"https:\\\/\\\/marktxxl.de\\\/markt\\\/#website\",\"url\":\"https:\\\/\\\/marktxxl.de\\\/markt\\\/\",\"name\":\"Markt-XXL\",\"description\":\"Ihr Markt Online\",\"publisher\":{\"@id\":\"https:\\\/\\\/marktxxl.de\\\/markt\\\/#organization\"},\"potentialAction\":[{\"@type\":\"SearchAction\",\"target\":{\"@type\":\"EntryPoint\",\"urlTemplate\":\"https:\\\/\\\/marktxxl.de\\\/markt\\\/?s={search_term_string}\"},\"query-input\":{\"@type\":\"PropertyValueSpecification\",\"valueRequired\":true,\"valueName\":\"search_term_string\"}}],\"inLanguage\":\"de\"},{\"@type\":\"Organization\",\"@id\":\"https:\\\/\\\/marktxxl.de\\\/markt\\\/#organization\",\"name\":\"Markt-XXL\",\"url\":\"https:\\\/\\\/marktxxl.de\\\/markt\\\/\",\"logo\":{\"@type\":\"ImageObject\",\"inLanguage\":\"de\",\"@id\":\"https:\\\/\\\/marktxxl.de\\\/markt\\\/#\\\/schema\\\/logo\\\/image\\\/\",\"url\":\"https:\\\/\\\/marktxxl.de\\\/markt\\\/wp-content\\\/uploads\\\/sites\\\/3\\\/2020\\\/12\\\/logo.png\",\"contentUrl\":\"https:\\\/\\\/marktxxl.de\\\/markt\\\/wp-content\\\/uploads\\\/sites\\\/3\\\/2020\\\/12\\\/logo.png\",\"width\":200,\"height\":70,\"caption\":\"Markt-XXL\"},\"image\":{\"@id\":\"https:\\\/\\\/marktxxl.de\\\/markt\\\/#\\\/schema\\\/logo\\\/image\\\/\"}}]}<\/script>\n<!-- \/ Yoast SEO plugin. -->","yoast_head_json":{"title":"Sanitas SFB 07 Fu\u00dfbad - Markt-XXL","description":"Markt-XXL Sanitas SFB 07 Fu\u00dfbad","robots":{"index":"index","follow":"follow","max-snippet":"max-snippet:-1","max-image-preview":"max-image-preview:large","max-video-preview":"max-video-preview:-1"},"canonical":"https:\/\/marktxxl.de\/markt\/produkt\/sanitas-sfb-07-fussbad-vibrations-und-sprudelmassage-fussreflexzonenmassage-wassertemperierung-zur-entspannung-fuer-strapazierte-fuesse\/","og_locale":"de_DE","og_type":"article","og_title":"Sanitas SFB 07 Fu\u00dfbad - Markt-XXL","og_description":"Markt-XXL Sanitas SFB 07 Fu\u00dfbad","og_url":"https:\/\/marktxxl.de\/markt\/produkt\/sanitas-sfb-07-fussbad-vibrations-und-sprudelmassage-fussreflexzonenmassage-wassertemperierung-zur-entspannung-fuer-strapazierte-fuesse\/","og_site_name":"Markt-XXL","article_modified_time":"2023-04-11T00:44:34+00:00","og_image":[{"width":500,"height":500,"url":"https:\/\/m.media-amazon.com\/images\/I\/41kU87r-xJL._SL500_.jpg","type":"image\/jpeg"}],"twitter_card":"summary_large_image","twitter_misc":{"Gesch\u00e4tzte Lesezeit":"1\u00a0Minute"},"schema":{"@context":"https:\/\/schema.org","@graph":[{"@type":"WebPage","@id":"https:\/\/marktxxl.de\/markt\/produkt\/sanitas-sfb-07-fussbad-vibrations-und-sprudelmassage-fussreflexzonenmassage-wassertemperierung-zur-entspannung-fuer-strapazierte-fuesse\/","url":"https:\/\/marktxxl.de\/markt\/produkt\/sanitas-sfb-07-fussbad-vibrations-und-sprudelmassage-fussreflexzonenmassage-wassertemperierung-zur-entspannung-fuer-strapazierte-fuesse\/","name":"Sanitas SFB 07 Fu\u00dfbad - Markt-XXL","isPartOf":{"@id":"https:\/\/marktxxl.de\/markt\/#website"},"primaryImageOfPage":{"@id":"https:\/\/marktxxl.de\/markt\/produkt\/sanitas-sfb-07-fussbad-vibrations-und-sprudelmassage-fussreflexzonenmassage-wassertemperierung-zur-entspannung-fuer-strapazierte-fuesse\/#primaryimage"},"image":{"@id":"https:\/\/marktxxl.de\/markt\/produkt\/sanitas-sfb-07-fussbad-vibrations-und-sprudelmassage-fussreflexzonenmassage-wassertemperierung-zur-entspannung-fuer-strapazierte-fuesse\/#primaryimage"},"thumbnailUrl":"https:\/\/m.media-amazon.com\/images\/I\/41kU87r-xJL._SL500_.jpg","datePublished":"2021-11-12T21:51:35+00:00","dateModified":"2023-04-11T00:44:34+00:00","description":"Markt-XXL Sanitas SFB 07 Fu\u00dfbad","breadcrumb":{"@id":"https:\/\/marktxxl.de\/markt\/produkt\/sanitas-sfb-07-fussbad-vibrations-und-sprudelmassage-fussreflexzonenmassage-wassertemperierung-zur-entspannung-fuer-strapazierte-fuesse\/#breadcrumb"},"inLanguage":"de","potentialAction":[{"@type":"ReadAction","target":["https:\/\/marktxxl.de\/markt\/produkt\/sanitas-sfb-07-fussbad-vibrations-und-sprudelmassage-fussreflexzonenmassage-wassertemperierung-zur-entspannung-fuer-strapazierte-fuesse\/"]}]},{"@type":"ImageObject","inLanguage":"de","@id":"https:\/\/marktxxl.de\/markt\/produkt\/sanitas-sfb-07-fussbad-vibrations-und-sprudelmassage-fussreflexzonenmassage-wassertemperierung-zur-entspannung-fuer-strapazierte-fuesse\/#primaryimage","url":"https:\/\/m.media-amazon.com\/images\/I\/41kU87r-xJL._SL500_.jpg","contentUrl":"https:\/\/m.media-amazon.com\/images\/I\/41kU87r-xJL._SL500_.jpg","width":500,"height":500},{"@type":"BreadcrumbList","@id":"https:\/\/marktxxl.de\/markt\/produkt\/sanitas-sfb-07-fussbad-vibrations-und-sprudelmassage-fussreflexzonenmassage-wassertemperierung-zur-entspannung-fuer-strapazierte-fuesse\/#breadcrumb","itemListElement":[{"@type":"ListItem","position":1,"name":"Startseite","item":"https:\/\/marktxxl.de\/markt\/"},{"@type":"ListItem","position":2,"name":"Markt","item":"https:\/\/marktxxl.de\/markt\/"},{"@type":"ListItem","position":3,"name":"Sanitas SFB 07 Fu\u00dfbad"}]},{"@type":"WebSite","@id":"https:\/\/marktxxl.de\/markt\/#website","url":"https:\/\/marktxxl.de\/markt\/","name":"Markt-XXL","description":"Ihr Markt Online","publisher":{"@id":"https:\/\/marktxxl.de\/markt\/#organization"},"potentialAction":[{"@type":"SearchAction","target":{"@type":"EntryPoint","urlTemplate":"https:\/\/marktxxl.de\/markt\/?s={search_term_string}"},"query-input":{"@type":"PropertyValueSpecification","valueRequired":true,"valueName":"search_term_string"}}],"inLanguage":"de"},{"@type":"Organization","@id":"https:\/\/marktxxl.de\/markt\/#organization","name":"Markt-XXL","url":"https:\/\/marktxxl.de\/markt\/","logo":{"@type":"ImageObject","inLanguage":"de","@id":"https:\/\/marktxxl.de\/markt\/#\/schema\/logo\/image\/","url":"https:\/\/marktxxl.de\/markt\/wp-content\/uploads\/sites\/3\/2020\/12\/logo.png","contentUrl":"https:\/\/marktxxl.de\/markt\/wp-content\/uploads\/sites\/3\/2020\/12\/logo.png","width":200,"height":70,"caption":"Markt-XXL"},"image":{"@id":"https:\/\/marktxxl.de\/markt\/#\/schema\/logo\/image\/"}}]}},"_links":{"self":[{"href":"https:\/\/marktxxl.de\/markt\/wp-json\/wp\/v2\/product\/71244","targetHints":{"allow":["GET"]}}],"collection":[{"href":"https:\/\/marktxxl.de\/markt\/wp-json\/wp\/v2\/product"}],"about":[{"href":"https:\/\/marktxxl.de\/markt\/wp-json\/wp\/v2\/types\/product"}],"replies":[{"embeddable":true,"href":"https:\/\/marktxxl.de\/markt\/wp-json\/wp\/v2\/comments?post=71244"}],"wp:featuredmedia":[{"embeddable":true,"href":"https:\/\/marktxxl.de\/markt\/wp-json\/wp\/v2\/media\/71245"}],"wp:attachment":[{"href":"https:\/\/marktxxl.de\/markt\/wp-json\/wp\/v2\/media?parent=71244"}],"wp:term":[{"taxonomy":"product_brand","embeddable":true,"href":"https:\/\/marktxxl.de\/markt\/wp-json\/wp\/v2\/product_brand?post=71244"},{"taxonomy":"product_cat","embeddable":true,"href":"https:\/\/marktxxl.de\/markt\/wp-json\/wp\/v2\/product_cat?post=71244"},{"taxonomy":"product_tag","embeddable":true,"href":"https:\/\/marktxxl.de\/markt\/wp-json\/wp\/v2\/product_tag?post=71244"}],"curies":[{"name":"wp","href":"https:\/\/api.w.org\/{rel}","templated":true}]}}