{"id":71229,"date":"2021-11-12T22:51:27","date_gmt":"2021-11-12T21:51:27","guid":{"rendered":"https:\/\/marktxxl.de\/markt\/produkt\/schwertkrone-hochwertige-nagelfeile-solingen-set-4-teilig-saphirnagelfeile-fein-grob-in-4-groessen-manikuere-und-pedikuere\/"},"modified":"2023-04-11T02:44:33","modified_gmt":"2023-04-11T00:44:33","slug":"schwertkrone-hochwertige-nagelfeile-solingen-set-4-teilig-saphirnagelfeile-fein-grob-in-4-groessen-manikuere-und-pedikuere","status":"publish","type":"product","link":"https:\/\/marktxxl.de\/markt\/produkt\/schwertkrone-hochwertige-nagelfeile-solingen-set-4-teilig-saphirnagelfeile-fein-grob-in-4-groessen-manikuere-und-pedikuere\/","title":{"rendered":"Schwertkrone Hochwertige Nagelfeile\/Solingen Set 4-teilig Saphirnagelfeile Fein\/Grob in 4 Gr\u00f6\u00dfen\/Manik\u00fcre und Pedik\u00fcre"},"content":{"rendered":"<p>SCHICK &amp; PRAKTISCH: Wer kennt das Problem nicht? Man ist unterwegs, haut sich den Nagel irgendwo an und er bricht ab. Das w\u00e4re alles nicht so schlimm, wenn der restliche Nagel nun nicht nerven w\u00fcrde. KEIN PROBLEM mehr mit unserem Nagelfeilen-Set!<br \/>\nKLEIN ODER GRO\u00df: F\u00fcr jeden ist die richtige Gr\u00f6\u00dfe im Set enthalten. Ob im Portmonee oder in der Handtasche, daheim oder f\u00fcr unterwegs, die Saphirfeile findet immer einen Platz.<br \/>\nSCHNELLE HILFE: Dank der hervorragenden K\u00f6rnung dauert das Feilen nur einige Minuten und die Feilen bleiben Ihnen lange erhalten. Die Feile hat eine gro\u00dfe und eine feine Seite mit der Sie ein tolles Ergebnis erzielen k\u00f6nnen.<br \/>\nGR\u00d6\u00dfEN: Die kleinste Feile beginnt mit 9 cm. Im Set ebenfalls enthalten sind die Gr\u00f6\u00dfen 11cm, 13cm und 15,5cm.<br \/>\nQUALIT\u00c4T: Unsere Produkte kommen aus Solingen und werden mit viel Liebe und Fachwissen ausgesucht um Ihnen ein qualitativ hochwertiges Produkt zu verkaufen. Qualit\u00e4t aus Solingen \u2013 Produkte f\u00fcr ein Leben<br \/>\n<div class=\"main-cross-sell\" data-asin=\"B07CR8GFXV\">\n\n\t<div class=\"WooZone-cross-sell-loader\">\n\t\t<div>\n\t\t\t<div id=\"floatingBarsG\">\n\t\t\t\t<div class=\"blockG\" id=\"rotateG_01\"><\/div>\n\t\t\t\t<div class=\"blockG\" id=\"rotateG_02\"><\/div>\n\t\t\t\t<div class=\"blockG\" id=\"rotateG_03\"><\/div>\n\t\t\t\t<div class=\"blockG\" id=\"rotateG_04\"><\/div>\n\t\t\t\t<div class=\"blockG\" id=\"rotateG_05\"><\/div>\n\t\t\t\t<div class=\"blockG\" id=\"rotateG_06\"><\/div>\n\t\t\t\t<div class=\"blockG\" id=\"rotateG_07\"><\/div>\n\t\t\t\t<div class=\"blockG\" id=\"rotateG_08\"><\/div>\n\t\t\t<\/div>\n\t\t\t<div class=\"WooZone-cross-sell-loader-text\"><\/div>\n\t\t<\/div>\n\t<\/div>\n\n\t\t\n<\/div>\n<div style=\"clear:both;\"><\/div><\/p>\n","protected":false},"excerpt":{"rendered":"<p>SCHICK &amp; PRAKTISCH: Wer kennt das Problem nicht? Man ist unterwegs, haut sich den Nagel irgendwo an und er bricht ab. Das w\u00e4re alles nicht so schlimm, wenn der restliche Nagel nun nicht nerven w\u00fcrde. KEIN PROBLEM mehr mit unserem Nagelfeilen-Set!<br \/>\nKLEIN ODER GRO\u00df: F\u00fcr jeden ist die richtige Gr\u00f6\u00dfe im Set enthalten. Ob im Portmonee oder in der Handtasche, daheim oder f\u00fcr unterwegs, die Saphirfeile findet immer einen Platz.<br \/>\nSCHNELLE HILFE: Dank der hervorragenden K\u00f6rnung dauert das Feilen nur einige Minuten und die Feilen bleiben Ihnen lange erhalten. Die Feile hat eine gro\u00dfe und eine feine Seite mit der Sie ein tolles Ergebnis erzielen k\u00f6nnen.<\/p>\n","protected":false},"featured_media":71230,"comment_status":"open","ping_status":"closed","template":"","meta":[],"product_brand":[],"product_cat":[2858,7659],"product_tag":[],"class_list":{"0":"post-71229","1":"product","2":"type-product","3":"status-publish","4":"has-post-thumbnail","6":"product_cat-beauty","7":"product_cat-manikuere-pedikuere","8":"pa_binding-misc","9":"pa_brand-schwertkrone","10":"pa_color-weiss","11":"pa_manufacturer-schwertkrone","12":"pa_size-4-g-4er-pack","14":"first","15":"instock","16":"shipping-taxable","17":"purchasable","18":"product-type-simple","19":"customify-col","20":"product-has-gallery"},"yoast_head":"<!-- This site is optimized with the Yoast SEO plugin v27.4 - https:\/\/yoast.com\/product\/yoast-seo-wordpress\/ -->\n<title>Schwertkrone Hochwertige Nagelfeile\/Solingen Set 4-teilig Saphirnagelfeile Fein\/Grob in 4 Gr\u00f6\u00dfen\/Manik\u00fcre und Pedik\u00fcre - Markt-XXL<\/title>\n<meta name=\"description\" content=\"Markt-XXL Schwertkrone Hochwertige Nagelfeile\/Solingen Set 4-teilig Saphirnagelfeile Fein\/Grob in 4 Gr\u00f6\u00dfen\/Manik\u00fcre und Pedik\u00fcre\" \/>\n<meta name=\"robots\" content=\"index, follow, max-snippet:-1, max-image-preview:large, max-video-preview:-1\" \/>\n<link rel=\"canonical\" href=\"https:\/\/marktxxl.de\/markt\/produkt\/schwertkrone-hochwertige-nagelfeile-solingen-set-4-teilig-saphirnagelfeile-fein-grob-in-4-groessen-manikuere-und-pedikuere\/\" \/>\n<meta property=\"og:locale\" content=\"de_DE\" \/>\n<meta property=\"og:type\" content=\"article\" \/>\n<meta property=\"og:title\" content=\"Schwertkrone Hochwertige Nagelfeile\/Solingen Set 4-teilig Saphirnagelfeile Fein\/Grob in 4 Gr\u00f6\u00dfen\/Manik\u00fcre und Pedik\u00fcre - Markt-XXL\" \/>\n<meta property=\"og:description\" content=\"Markt-XXL Schwertkrone Hochwertige Nagelfeile\/Solingen Set 4-teilig Saphirnagelfeile Fein\/Grob in 4 Gr\u00f6\u00dfen\/Manik\u00fcre und Pedik\u00fcre\" \/>\n<meta property=\"og:url\" content=\"https:\/\/marktxxl.de\/markt\/produkt\/schwertkrone-hochwertige-nagelfeile-solingen-set-4-teilig-saphirnagelfeile-fein-grob-in-4-groessen-manikuere-und-pedikuere\/\" \/>\n<meta property=\"og:site_name\" content=\"Markt-XXL\" \/>\n<meta property=\"article:modified_time\" content=\"2023-04-11T00:44:33+00:00\" \/>\n<meta property=\"og:image\" content=\"https:\/\/m.media-amazon.com\/images\/I\/41VBPYvgsDL._SL500_.jpg\" \/>\n\t<meta property=\"og:image:width\" content=\"500\" \/>\n\t<meta property=\"og:image:height\" content=\"500\" \/>\n\t<meta property=\"og:image:type\" content=\"image\/jpeg\" \/>\n<meta name=\"twitter:card\" content=\"summary_large_image\" \/>\n<meta name=\"twitter:label1\" content=\"Gesch\u00e4tzte Lesezeit\" \/>\n\t<meta name=\"twitter:data1\" content=\"1\u00a0Minute\" \/>\n<script type=\"application\/ld+json\" class=\"yoast-schema-graph\">{\"@context\":\"https:\\\/\\\/schema.org\",\"@graph\":[{\"@type\":\"WebPage\",\"@id\":\"https:\\\/\\\/marktxxl.de\\\/markt\\\/produkt\\\/schwertkrone-hochwertige-nagelfeile-solingen-set-4-teilig-saphirnagelfeile-fein-grob-in-4-groessen-manikuere-und-pedikuere\\\/\",\"url\":\"https:\\\/\\\/marktxxl.de\\\/markt\\\/produkt\\\/schwertkrone-hochwertige-nagelfeile-solingen-set-4-teilig-saphirnagelfeile-fein-grob-in-4-groessen-manikuere-und-pedikuere\\\/\",\"name\":\"Schwertkrone Hochwertige Nagelfeile\\\/Solingen Set 4-teilig Saphirnagelfeile Fein\\\/Grob in 4 Gr\u00f6\u00dfen\\\/Manik\u00fcre und Pedik\u00fcre - Markt-XXL\",\"isPartOf\":{\"@id\":\"https:\\\/\\\/marktxxl.de\\\/markt\\\/#website\"},\"primaryImageOfPage\":{\"@id\":\"https:\\\/\\\/marktxxl.de\\\/markt\\\/produkt\\\/schwertkrone-hochwertige-nagelfeile-solingen-set-4-teilig-saphirnagelfeile-fein-grob-in-4-groessen-manikuere-und-pedikuere\\\/#primaryimage\"},\"image\":{\"@id\":\"https:\\\/\\\/marktxxl.de\\\/markt\\\/produkt\\\/schwertkrone-hochwertige-nagelfeile-solingen-set-4-teilig-saphirnagelfeile-fein-grob-in-4-groessen-manikuere-und-pedikuere\\\/#primaryimage\"},\"thumbnailUrl\":\"https:\\\/\\\/m.media-amazon.com\\\/images\\\/I\\\/41VBPYvgsDL._SL500_.jpg\",\"datePublished\":\"2021-11-12T21:51:27+00:00\",\"dateModified\":\"2023-04-11T00:44:33+00:00\",\"description\":\"Markt-XXL Schwertkrone Hochwertige Nagelfeile\\\/Solingen Set 4-teilig Saphirnagelfeile Fein\\\/Grob in 4 Gr\u00f6\u00dfen\\\/Manik\u00fcre und Pedik\u00fcre\",\"breadcrumb\":{\"@id\":\"https:\\\/\\\/marktxxl.de\\\/markt\\\/produkt\\\/schwertkrone-hochwertige-nagelfeile-solingen-set-4-teilig-saphirnagelfeile-fein-grob-in-4-groessen-manikuere-und-pedikuere\\\/#breadcrumb\"},\"inLanguage\":\"de\",\"potentialAction\":[{\"@type\":\"ReadAction\",\"target\":[\"https:\\\/\\\/marktxxl.de\\\/markt\\\/produkt\\\/schwertkrone-hochwertige-nagelfeile-solingen-set-4-teilig-saphirnagelfeile-fein-grob-in-4-groessen-manikuere-und-pedikuere\\\/\"]}]},{\"@type\":\"ImageObject\",\"inLanguage\":\"de\",\"@id\":\"https:\\\/\\\/marktxxl.de\\\/markt\\\/produkt\\\/schwertkrone-hochwertige-nagelfeile-solingen-set-4-teilig-saphirnagelfeile-fein-grob-in-4-groessen-manikuere-und-pedikuere\\\/#primaryimage\",\"url\":\"https:\\\/\\\/m.media-amazon.com\\\/images\\\/I\\\/41VBPYvgsDL._SL500_.jpg\",\"contentUrl\":\"https:\\\/\\\/m.media-amazon.com\\\/images\\\/I\\\/41VBPYvgsDL._SL500_.jpg\",\"width\":500,\"height\":500},{\"@type\":\"BreadcrumbList\",\"@id\":\"https:\\\/\\\/marktxxl.de\\\/markt\\\/produkt\\\/schwertkrone-hochwertige-nagelfeile-solingen-set-4-teilig-saphirnagelfeile-fein-grob-in-4-groessen-manikuere-und-pedikuere\\\/#breadcrumb\",\"itemListElement\":[{\"@type\":\"ListItem\",\"position\":1,\"name\":\"Startseite\",\"item\":\"https:\\\/\\\/marktxxl.de\\\/markt\\\/\"},{\"@type\":\"ListItem\",\"position\":2,\"name\":\"Markt\",\"item\":\"https:\\\/\\\/marktxxl.de\\\/markt\\\/\"},{\"@type\":\"ListItem\",\"position\":3,\"name\":\"Schwertkrone Hochwertige Nagelfeile\\\/Solingen Set 4-teilig Saphirnagelfeile Fein\\\/Grob in 4 Gr\u00f6\u00dfen\\\/Manik\u00fcre und Pedik\u00fcre\"}]},{\"@type\":\"WebSite\",\"@id\":\"https:\\\/\\\/marktxxl.de\\\/markt\\\/#website\",\"url\":\"https:\\\/\\\/marktxxl.de\\\/markt\\\/\",\"name\":\"Markt-XXL\",\"description\":\"Ihr Markt Online\",\"publisher\":{\"@id\":\"https:\\\/\\\/marktxxl.de\\\/markt\\\/#organization\"},\"potentialAction\":[{\"@type\":\"SearchAction\",\"target\":{\"@type\":\"EntryPoint\",\"urlTemplate\":\"https:\\\/\\\/marktxxl.de\\\/markt\\\/?s={search_term_string}\"},\"query-input\":{\"@type\":\"PropertyValueSpecification\",\"valueRequired\":true,\"valueName\":\"search_term_string\"}}],\"inLanguage\":\"de\"},{\"@type\":\"Organization\",\"@id\":\"https:\\\/\\\/marktxxl.de\\\/markt\\\/#organization\",\"name\":\"Markt-XXL\",\"url\":\"https:\\\/\\\/marktxxl.de\\\/markt\\\/\",\"logo\":{\"@type\":\"ImageObject\",\"inLanguage\":\"de\",\"@id\":\"https:\\\/\\\/marktxxl.de\\\/markt\\\/#\\\/schema\\\/logo\\\/image\\\/\",\"url\":\"https:\\\/\\\/marktxxl.de\\\/markt\\\/wp-content\\\/uploads\\\/sites\\\/3\\\/2020\\\/12\\\/logo.png\",\"contentUrl\":\"https:\\\/\\\/marktxxl.de\\\/markt\\\/wp-content\\\/uploads\\\/sites\\\/3\\\/2020\\\/12\\\/logo.png\",\"width\":200,\"height\":70,\"caption\":\"Markt-XXL\"},\"image\":{\"@id\":\"https:\\\/\\\/marktxxl.de\\\/markt\\\/#\\\/schema\\\/logo\\\/image\\\/\"}}]}<\/script>\n<!-- \/ Yoast SEO plugin. -->","yoast_head_json":{"title":"Schwertkrone Hochwertige Nagelfeile\/Solingen Set 4-teilig Saphirnagelfeile Fein\/Grob in 4 Gr\u00f6\u00dfen\/Manik\u00fcre und Pedik\u00fcre - Markt-XXL","description":"Markt-XXL Schwertkrone Hochwertige Nagelfeile\/Solingen Set 4-teilig Saphirnagelfeile Fein\/Grob in 4 Gr\u00f6\u00dfen\/Manik\u00fcre und Pedik\u00fcre","robots":{"index":"index","follow":"follow","max-snippet":"max-snippet:-1","max-image-preview":"max-image-preview:large","max-video-preview":"max-video-preview:-1"},"canonical":"https:\/\/marktxxl.de\/markt\/produkt\/schwertkrone-hochwertige-nagelfeile-solingen-set-4-teilig-saphirnagelfeile-fein-grob-in-4-groessen-manikuere-und-pedikuere\/","og_locale":"de_DE","og_type":"article","og_title":"Schwertkrone Hochwertige Nagelfeile\/Solingen Set 4-teilig Saphirnagelfeile Fein\/Grob in 4 Gr\u00f6\u00dfen\/Manik\u00fcre und Pedik\u00fcre - Markt-XXL","og_description":"Markt-XXL Schwertkrone Hochwertige Nagelfeile\/Solingen Set 4-teilig Saphirnagelfeile Fein\/Grob in 4 Gr\u00f6\u00dfen\/Manik\u00fcre und Pedik\u00fcre","og_url":"https:\/\/marktxxl.de\/markt\/produkt\/schwertkrone-hochwertige-nagelfeile-solingen-set-4-teilig-saphirnagelfeile-fein-grob-in-4-groessen-manikuere-und-pedikuere\/","og_site_name":"Markt-XXL","article_modified_time":"2023-04-11T00:44:33+00:00","og_image":[{"width":500,"height":500,"url":"https:\/\/m.media-amazon.com\/images\/I\/41VBPYvgsDL._SL500_.jpg","type":"image\/jpeg"}],"twitter_card":"summary_large_image","twitter_misc":{"Gesch\u00e4tzte Lesezeit":"1\u00a0Minute"},"schema":{"@context":"https:\/\/schema.org","@graph":[{"@type":"WebPage","@id":"https:\/\/marktxxl.de\/markt\/produkt\/schwertkrone-hochwertige-nagelfeile-solingen-set-4-teilig-saphirnagelfeile-fein-grob-in-4-groessen-manikuere-und-pedikuere\/","url":"https:\/\/marktxxl.de\/markt\/produkt\/schwertkrone-hochwertige-nagelfeile-solingen-set-4-teilig-saphirnagelfeile-fein-grob-in-4-groessen-manikuere-und-pedikuere\/","name":"Schwertkrone Hochwertige Nagelfeile\/Solingen Set 4-teilig Saphirnagelfeile Fein\/Grob in 4 Gr\u00f6\u00dfen\/Manik\u00fcre und Pedik\u00fcre - Markt-XXL","isPartOf":{"@id":"https:\/\/marktxxl.de\/markt\/#website"},"primaryImageOfPage":{"@id":"https:\/\/marktxxl.de\/markt\/produkt\/schwertkrone-hochwertige-nagelfeile-solingen-set-4-teilig-saphirnagelfeile-fein-grob-in-4-groessen-manikuere-und-pedikuere\/#primaryimage"},"image":{"@id":"https:\/\/marktxxl.de\/markt\/produkt\/schwertkrone-hochwertige-nagelfeile-solingen-set-4-teilig-saphirnagelfeile-fein-grob-in-4-groessen-manikuere-und-pedikuere\/#primaryimage"},"thumbnailUrl":"https:\/\/m.media-amazon.com\/images\/I\/41VBPYvgsDL._SL500_.jpg","datePublished":"2021-11-12T21:51:27+00:00","dateModified":"2023-04-11T00:44:33+00:00","description":"Markt-XXL Schwertkrone Hochwertige Nagelfeile\/Solingen Set 4-teilig Saphirnagelfeile Fein\/Grob in 4 Gr\u00f6\u00dfen\/Manik\u00fcre und Pedik\u00fcre","breadcrumb":{"@id":"https:\/\/marktxxl.de\/markt\/produkt\/schwertkrone-hochwertige-nagelfeile-solingen-set-4-teilig-saphirnagelfeile-fein-grob-in-4-groessen-manikuere-und-pedikuere\/#breadcrumb"},"inLanguage":"de","potentialAction":[{"@type":"ReadAction","target":["https:\/\/marktxxl.de\/markt\/produkt\/schwertkrone-hochwertige-nagelfeile-solingen-set-4-teilig-saphirnagelfeile-fein-grob-in-4-groessen-manikuere-und-pedikuere\/"]}]},{"@type":"ImageObject","inLanguage":"de","@id":"https:\/\/marktxxl.de\/markt\/produkt\/schwertkrone-hochwertige-nagelfeile-solingen-set-4-teilig-saphirnagelfeile-fein-grob-in-4-groessen-manikuere-und-pedikuere\/#primaryimage","url":"https:\/\/m.media-amazon.com\/images\/I\/41VBPYvgsDL._SL500_.jpg","contentUrl":"https:\/\/m.media-amazon.com\/images\/I\/41VBPYvgsDL._SL500_.jpg","width":500,"height":500},{"@type":"BreadcrumbList","@id":"https:\/\/marktxxl.de\/markt\/produkt\/schwertkrone-hochwertige-nagelfeile-solingen-set-4-teilig-saphirnagelfeile-fein-grob-in-4-groessen-manikuere-und-pedikuere\/#breadcrumb","itemListElement":[{"@type":"ListItem","position":1,"name":"Startseite","item":"https:\/\/marktxxl.de\/markt\/"},{"@type":"ListItem","position":2,"name":"Markt","item":"https:\/\/marktxxl.de\/markt\/"},{"@type":"ListItem","position":3,"name":"Schwertkrone Hochwertige Nagelfeile\/Solingen Set 4-teilig Saphirnagelfeile Fein\/Grob in 4 Gr\u00f6\u00dfen\/Manik\u00fcre und Pedik\u00fcre"}]},{"@type":"WebSite","@id":"https:\/\/marktxxl.de\/markt\/#website","url":"https:\/\/marktxxl.de\/markt\/","name":"Markt-XXL","description":"Ihr Markt Online","publisher":{"@id":"https:\/\/marktxxl.de\/markt\/#organization"},"potentialAction":[{"@type":"SearchAction","target":{"@type":"EntryPoint","urlTemplate":"https:\/\/marktxxl.de\/markt\/?s={search_term_string}"},"query-input":{"@type":"PropertyValueSpecification","valueRequired":true,"valueName":"search_term_string"}}],"inLanguage":"de"},{"@type":"Organization","@id":"https:\/\/marktxxl.de\/markt\/#organization","name":"Markt-XXL","url":"https:\/\/marktxxl.de\/markt\/","logo":{"@type":"ImageObject","inLanguage":"de","@id":"https:\/\/marktxxl.de\/markt\/#\/schema\/logo\/image\/","url":"https:\/\/marktxxl.de\/markt\/wp-content\/uploads\/sites\/3\/2020\/12\/logo.png","contentUrl":"https:\/\/marktxxl.de\/markt\/wp-content\/uploads\/sites\/3\/2020\/12\/logo.png","width":200,"height":70,"caption":"Markt-XXL"},"image":{"@id":"https:\/\/marktxxl.de\/markt\/#\/schema\/logo\/image\/"}}]}},"_links":{"self":[{"href":"https:\/\/marktxxl.de\/markt\/wp-json\/wp\/v2\/product\/71229","targetHints":{"allow":["GET"]}}],"collection":[{"href":"https:\/\/marktxxl.de\/markt\/wp-json\/wp\/v2\/product"}],"about":[{"href":"https:\/\/marktxxl.de\/markt\/wp-json\/wp\/v2\/types\/product"}],"replies":[{"embeddable":true,"href":"https:\/\/marktxxl.de\/markt\/wp-json\/wp\/v2\/comments?post=71229"}],"wp:featuredmedia":[{"embeddable":true,"href":"https:\/\/marktxxl.de\/markt\/wp-json\/wp\/v2\/media\/71230"}],"wp:attachment":[{"href":"https:\/\/marktxxl.de\/markt\/wp-json\/wp\/v2\/media?parent=71229"}],"wp:term":[{"taxonomy":"product_brand","embeddable":true,"href":"https:\/\/marktxxl.de\/markt\/wp-json\/wp\/v2\/product_brand?post=71229"},{"taxonomy":"product_cat","embeddable":true,"href":"https:\/\/marktxxl.de\/markt\/wp-json\/wp\/v2\/product_cat?post=71229"},{"taxonomy":"product_tag","embeddable":true,"href":"https:\/\/marktxxl.de\/markt\/wp-json\/wp\/v2\/product_tag?post=71229"}],"curies":[{"name":"wp","href":"https:\/\/api.w.org\/{rel}","templated":true}]}}