{"id":70926,"date":"2021-11-12T22:39:41","date_gmt":"2021-11-12T21:39:41","guid":{"rendered":"https:\/\/marktxxl.de\/markt\/produkt\/nyx-professional-makeup-augenbrauengel-control-freak-eyebrow-gel-klarer-brow-setter-und-transparente-mascara-fuer-gezaehmte-augenbrauen-und-fixierte-augenbrauenfarbe-ohne-kleben-oder-broeckeln-10\/"},"modified":"2023-04-09T02:14:41","modified_gmt":"2023-04-09T00:14:41","slug":"nyx-professional-makeup-augenbrauengel-control-freak-eyebrow-gel-klarer-brow-setter-und-transparente-mascara-fuer-gezaehmte-augenbrauen-und-fixierte-augenbrauenfarbe-ohne-kleben-oder-broeckeln-10","status":"publish","type":"product","link":"https:\/\/marktxxl.de\/markt\/produkt\/nyx-professional-makeup-augenbrauengel-control-freak-eyebrow-gel-klarer-brow-setter-und-transparente-mascara-fuer-gezaehmte-augenbrauen-und-fixierte-augenbrauenfarbe-ohne-kleben-oder-broeckeln-10\/","title":{"rendered":"NYX Professional Makeup Augenbrauengel, Control Freak Eyebrow Gel, Klarer Brow Setter und transparente Mascara, F\u00fcr\u2026"},"content":{"rendered":"<p>Nicht-klebendes Augenbrauen-Gel f\u00fcr definierte und fixierte Augenbrauen, Vielseitig einsetzbar auch als klare Mascara zum Definieren und Trennen der Wimpern, Vegane Formel<br \/>\nKlare Gel-Formel zum Formen und Z\u00e4hmen widerspenstiger Augenbrauen, Fixieren der feinsten H\u00e4rchen mit mittel-starkem bis starkem Halt, Trendiger Laminated Brow Look<br \/>\nAnwendung: 1. Vorbereiten der Augenbrauen mit Proof It! Waterproof Primer, 2. Auftragen von Augenbrauenfarbe, z.B. mit Tinted Brow Mascara oder Micro Brow Pencil, Trocknen lassen, 3. Verwenden des Control Freak Augenbrauengels f\u00fcr ultimativen Halt<br \/>\nVerwendbar nach dem Augenbrauenf\u00e4rben oder einzeln f\u00fcr einen nat\u00fcrliche Version laminierter Augenbrauen, Auch verwendbar als klare, farblose Mascara f\u00fcr definierte Wimpern, Geeignet f\u00fcr jeden Hautton<br \/>\nLieferumfang: 1x NYX Professional Makeup Control Freak Augenbrauen Gel, Farbe: Transparent, Inhalt: 10 ml<br \/>\n<div class=\"main-cross-sell\" data-asin=\"B00INCDKDQ\">\n\n\t<div class=\"WooZone-cross-sell-loader\">\n\t\t<div>\n\t\t\t<div id=\"floatingBarsG\">\n\t\t\t\t<div class=\"blockG\" id=\"rotateG_01\"><\/div>\n\t\t\t\t<div class=\"blockG\" id=\"rotateG_02\"><\/div>\n\t\t\t\t<div class=\"blockG\" id=\"rotateG_03\"><\/div>\n\t\t\t\t<div class=\"blockG\" id=\"rotateG_04\"><\/div>\n\t\t\t\t<div class=\"blockG\" id=\"rotateG_05\"><\/div>\n\t\t\t\t<div class=\"blockG\" id=\"rotateG_06\"><\/div>\n\t\t\t\t<div class=\"blockG\" id=\"rotateG_07\"><\/div>\n\t\t\t\t<div class=\"blockG\" id=\"rotateG_08\"><\/div>\n\t\t\t<\/div>\n\t\t\t<div class=\"WooZone-cross-sell-loader-text\"><\/div>\n\t\t<\/div>\n\t<\/div>\n\n\t\t\n<\/div>\n<div style=\"clear:both;\"><\/div><\/p>\n","protected":false},"excerpt":{"rendered":"<p>Nicht-klebendes Augenbrauen-Gel f\u00fcr definierte und fixierte Augenbrauen, Vielseitig einsetzbar auch als klare Mascara zum Definieren und Trennen der Wimpern, Vegane Formel<br \/>\nKlare Gel-Formel zum Formen und Z\u00e4hmen widerspenstiger Augenbrauen, Fixieren der feinsten H\u00e4rchen mit mittel-starkem bis starkem Halt, Trendiger Laminated Brow Look<br \/>\nAnwendung: 1. Vorbereiten der Augenbrauen mit Proof It! Waterproof Primer, 2. Auftragen von Augenbrauenfarbe, z.B. mit Tinted Brow Mascara oder Micro Brow Pencil, Trocknen lassen, 3. Verwenden des Control Freak Augenbrauengels f\u00fcr ultimativen Halt<\/p>\n","protected":false},"featured_media":70927,"comment_status":"open","ping_status":"closed","template":"","meta":[],"product_brand":[],"product_cat":[2858,7575],"product_tag":[],"class_list":{"0":"post-70926","1":"product","2":"type-product","3":"status-publish","4":"has-post-thumbnail","6":"product_cat-beauty","7":"product_cat-make-up","8":"pa_binding-badartikel","9":"pa_brand-nyx-professional-makeup","10":"pa_color-transparent","11":"pa_height-0-646-zoll","12":"pa_length-0-646-zoll","13":"pa_manufacturer-nyx-professional-makeup","14":"pa_model-cfbg01","15":"pa_size-10-ml-1er-pack","16":"pa_weight-0-001763698096-pfund","17":"pa_width-4-955-zoll","19":"first","20":"instock","21":"shipping-taxable","22":"purchasable","23":"product-type-simple","24":"customify-col","25":"product-has-gallery"},"yoast_head":"<!-- This site is optimized with the Yoast SEO plugin v27.4 - https:\/\/yoast.com\/product\/yoast-seo-wordpress\/ -->\n<title>NYX Professional Makeup Augenbrauengel, Control Freak Eyebrow Gel, Klarer Brow Setter und transparente Mascara, F\u00fcr\u2026 - Markt-XXL<\/title>\n<meta name=\"description\" content=\"Markt-XXL NYX Professional Makeup Augenbrauengel, Control Freak Eyebrow Gel, Klarer Brow Setter und transparente Mascara, F\u00fcr\u2026\" \/>\n<meta name=\"robots\" content=\"index, follow, max-snippet:-1, max-image-preview:large, max-video-preview:-1\" \/>\n<link rel=\"canonical\" href=\"https:\/\/marktxxl.de\/markt\/produkt\/nyx-professional-makeup-augenbrauengel-control-freak-eyebrow-gel-klarer-brow-setter-und-transparente-mascara-fuer-gezaehmte-augenbrauen-und-fixierte-augenbrauenfarbe-ohne-kleben-oder-broeckeln-10\/\" \/>\n<meta property=\"og:locale\" content=\"de_DE\" \/>\n<meta property=\"og:type\" content=\"article\" \/>\n<meta property=\"og:title\" content=\"NYX Professional Makeup Augenbrauengel, Control Freak Eyebrow Gel, Klarer Brow Setter und transparente Mascara, F\u00fcr\u2026 - Markt-XXL\" \/>\n<meta property=\"og:description\" content=\"Markt-XXL NYX Professional Makeup Augenbrauengel, Control Freak Eyebrow Gel, Klarer Brow Setter und transparente Mascara, F\u00fcr\u2026\" \/>\n<meta property=\"og:url\" content=\"https:\/\/marktxxl.de\/markt\/produkt\/nyx-professional-makeup-augenbrauengel-control-freak-eyebrow-gel-klarer-brow-setter-und-transparente-mascara-fuer-gezaehmte-augenbrauen-und-fixierte-augenbrauenfarbe-ohne-kleben-oder-broeckeln-10\/\" \/>\n<meta property=\"og:site_name\" content=\"Markt-XXL\" \/>\n<meta property=\"article:modified_time\" content=\"2023-04-09T00:14:41+00:00\" \/>\n<meta property=\"og:image\" content=\"https:\/\/m.media-amazon.com\/images\/I\/31VNyUSaGvL._SL500_.jpg\" \/>\n\t<meta property=\"og:image:width\" content=\"500\" \/>\n\t<meta property=\"og:image:height\" content=\"500\" \/>\n\t<meta property=\"og:image:type\" content=\"image\/jpeg\" \/>\n<meta name=\"twitter:card\" content=\"summary_large_image\" \/>\n<meta name=\"twitter:label1\" content=\"Gesch\u00e4tzte Lesezeit\" \/>\n\t<meta name=\"twitter:data1\" content=\"1\u00a0Minute\" \/>\n<script type=\"application\/ld+json\" class=\"yoast-schema-graph\">{\"@context\":\"https:\\\/\\\/schema.org\",\"@graph\":[{\"@type\":\"WebPage\",\"@id\":\"https:\\\/\\\/marktxxl.de\\\/markt\\\/produkt\\\/nyx-professional-makeup-augenbrauengel-control-freak-eyebrow-gel-klarer-brow-setter-und-transparente-mascara-fuer-gezaehmte-augenbrauen-und-fixierte-augenbrauenfarbe-ohne-kleben-oder-broeckeln-10\\\/\",\"url\":\"https:\\\/\\\/marktxxl.de\\\/markt\\\/produkt\\\/nyx-professional-makeup-augenbrauengel-control-freak-eyebrow-gel-klarer-brow-setter-und-transparente-mascara-fuer-gezaehmte-augenbrauen-und-fixierte-augenbrauenfarbe-ohne-kleben-oder-broeckeln-10\\\/\",\"name\":\"NYX Professional Makeup Augenbrauengel, Control Freak Eyebrow Gel, Klarer Brow Setter und transparente Mascara, F\u00fcr\u2026 - Markt-XXL\",\"isPartOf\":{\"@id\":\"https:\\\/\\\/marktxxl.de\\\/markt\\\/#website\"},\"primaryImageOfPage\":{\"@id\":\"https:\\\/\\\/marktxxl.de\\\/markt\\\/produkt\\\/nyx-professional-makeup-augenbrauengel-control-freak-eyebrow-gel-klarer-brow-setter-und-transparente-mascara-fuer-gezaehmte-augenbrauen-und-fixierte-augenbrauenfarbe-ohne-kleben-oder-broeckeln-10\\\/#primaryimage\"},\"image\":{\"@id\":\"https:\\\/\\\/marktxxl.de\\\/markt\\\/produkt\\\/nyx-professional-makeup-augenbrauengel-control-freak-eyebrow-gel-klarer-brow-setter-und-transparente-mascara-fuer-gezaehmte-augenbrauen-und-fixierte-augenbrauenfarbe-ohne-kleben-oder-broeckeln-10\\\/#primaryimage\"},\"thumbnailUrl\":\"https:\\\/\\\/m.media-amazon.com\\\/images\\\/I\\\/31VNyUSaGvL._SL500_.jpg\",\"datePublished\":\"2021-11-12T21:39:41+00:00\",\"dateModified\":\"2023-04-09T00:14:41+00:00\",\"description\":\"Markt-XXL NYX Professional Makeup Augenbrauengel, Control Freak Eyebrow Gel, Klarer Brow Setter und transparente Mascara, F\u00fcr\u2026\",\"breadcrumb\":{\"@id\":\"https:\\\/\\\/marktxxl.de\\\/markt\\\/produkt\\\/nyx-professional-makeup-augenbrauengel-control-freak-eyebrow-gel-klarer-brow-setter-und-transparente-mascara-fuer-gezaehmte-augenbrauen-und-fixierte-augenbrauenfarbe-ohne-kleben-oder-broeckeln-10\\\/#breadcrumb\"},\"inLanguage\":\"de\",\"potentialAction\":[{\"@type\":\"ReadAction\",\"target\":[\"https:\\\/\\\/marktxxl.de\\\/markt\\\/produkt\\\/nyx-professional-makeup-augenbrauengel-control-freak-eyebrow-gel-klarer-brow-setter-und-transparente-mascara-fuer-gezaehmte-augenbrauen-und-fixierte-augenbrauenfarbe-ohne-kleben-oder-broeckeln-10\\\/\"]}]},{\"@type\":\"ImageObject\",\"inLanguage\":\"de\",\"@id\":\"https:\\\/\\\/marktxxl.de\\\/markt\\\/produkt\\\/nyx-professional-makeup-augenbrauengel-control-freak-eyebrow-gel-klarer-brow-setter-und-transparente-mascara-fuer-gezaehmte-augenbrauen-und-fixierte-augenbrauenfarbe-ohne-kleben-oder-broeckeln-10\\\/#primaryimage\",\"url\":\"https:\\\/\\\/m.media-amazon.com\\\/images\\\/I\\\/31VNyUSaGvL._SL500_.jpg\",\"contentUrl\":\"https:\\\/\\\/m.media-amazon.com\\\/images\\\/I\\\/31VNyUSaGvL._SL500_.jpg\",\"width\":500,\"height\":500},{\"@type\":\"BreadcrumbList\",\"@id\":\"https:\\\/\\\/marktxxl.de\\\/markt\\\/produkt\\\/nyx-professional-makeup-augenbrauengel-control-freak-eyebrow-gel-klarer-brow-setter-und-transparente-mascara-fuer-gezaehmte-augenbrauen-und-fixierte-augenbrauenfarbe-ohne-kleben-oder-broeckeln-10\\\/#breadcrumb\",\"itemListElement\":[{\"@type\":\"ListItem\",\"position\":1,\"name\":\"Startseite\",\"item\":\"https:\\\/\\\/marktxxl.de\\\/markt\\\/\"},{\"@type\":\"ListItem\",\"position\":2,\"name\":\"Markt\",\"item\":\"https:\\\/\\\/marktxxl.de\\\/markt\\\/\"},{\"@type\":\"ListItem\",\"position\":3,\"name\":\"NYX Professional Makeup Augenbrauengel, Control Freak Eyebrow Gel, Klarer Brow Setter und transparente Mascara, F\u00fcr\u2026\"}]},{\"@type\":\"WebSite\",\"@id\":\"https:\\\/\\\/marktxxl.de\\\/markt\\\/#website\",\"url\":\"https:\\\/\\\/marktxxl.de\\\/markt\\\/\",\"name\":\"Markt-XXL\",\"description\":\"Ihr Markt Online\",\"publisher\":{\"@id\":\"https:\\\/\\\/marktxxl.de\\\/markt\\\/#organization\"},\"potentialAction\":[{\"@type\":\"SearchAction\",\"target\":{\"@type\":\"EntryPoint\",\"urlTemplate\":\"https:\\\/\\\/marktxxl.de\\\/markt\\\/?s={search_term_string}\"},\"query-input\":{\"@type\":\"PropertyValueSpecification\",\"valueRequired\":true,\"valueName\":\"search_term_string\"}}],\"inLanguage\":\"de\"},{\"@type\":\"Organization\",\"@id\":\"https:\\\/\\\/marktxxl.de\\\/markt\\\/#organization\",\"name\":\"Markt-XXL\",\"url\":\"https:\\\/\\\/marktxxl.de\\\/markt\\\/\",\"logo\":{\"@type\":\"ImageObject\",\"inLanguage\":\"de\",\"@id\":\"https:\\\/\\\/marktxxl.de\\\/markt\\\/#\\\/schema\\\/logo\\\/image\\\/\",\"url\":\"https:\\\/\\\/marktxxl.de\\\/markt\\\/wp-content\\\/uploads\\\/sites\\\/3\\\/2020\\\/12\\\/logo.png\",\"contentUrl\":\"https:\\\/\\\/marktxxl.de\\\/markt\\\/wp-content\\\/uploads\\\/sites\\\/3\\\/2020\\\/12\\\/logo.png\",\"width\":200,\"height\":70,\"caption\":\"Markt-XXL\"},\"image\":{\"@id\":\"https:\\\/\\\/marktxxl.de\\\/markt\\\/#\\\/schema\\\/logo\\\/image\\\/\"}}]}<\/script>\n<!-- \/ Yoast SEO plugin. -->","yoast_head_json":{"title":"NYX Professional Makeup Augenbrauengel, Control Freak Eyebrow Gel, Klarer Brow Setter und transparente Mascara, F\u00fcr\u2026 - Markt-XXL","description":"Markt-XXL NYX Professional Makeup Augenbrauengel, Control Freak Eyebrow Gel, Klarer Brow Setter und transparente Mascara, F\u00fcr\u2026","robots":{"index":"index","follow":"follow","max-snippet":"max-snippet:-1","max-image-preview":"max-image-preview:large","max-video-preview":"max-video-preview:-1"},"canonical":"https:\/\/marktxxl.de\/markt\/produkt\/nyx-professional-makeup-augenbrauengel-control-freak-eyebrow-gel-klarer-brow-setter-und-transparente-mascara-fuer-gezaehmte-augenbrauen-und-fixierte-augenbrauenfarbe-ohne-kleben-oder-broeckeln-10\/","og_locale":"de_DE","og_type":"article","og_title":"NYX Professional Makeup Augenbrauengel, Control Freak Eyebrow Gel, Klarer Brow Setter und transparente Mascara, F\u00fcr\u2026 - Markt-XXL","og_description":"Markt-XXL NYX Professional Makeup Augenbrauengel, Control Freak Eyebrow Gel, Klarer Brow Setter und transparente Mascara, F\u00fcr\u2026","og_url":"https:\/\/marktxxl.de\/markt\/produkt\/nyx-professional-makeup-augenbrauengel-control-freak-eyebrow-gel-klarer-brow-setter-und-transparente-mascara-fuer-gezaehmte-augenbrauen-und-fixierte-augenbrauenfarbe-ohne-kleben-oder-broeckeln-10\/","og_site_name":"Markt-XXL","article_modified_time":"2023-04-09T00:14:41+00:00","og_image":[{"width":500,"height":500,"url":"https:\/\/m.media-amazon.com\/images\/I\/31VNyUSaGvL._SL500_.jpg","type":"image\/jpeg"}],"twitter_card":"summary_large_image","twitter_misc":{"Gesch\u00e4tzte Lesezeit":"1\u00a0Minute"},"schema":{"@context":"https:\/\/schema.org","@graph":[{"@type":"WebPage","@id":"https:\/\/marktxxl.de\/markt\/produkt\/nyx-professional-makeup-augenbrauengel-control-freak-eyebrow-gel-klarer-brow-setter-und-transparente-mascara-fuer-gezaehmte-augenbrauen-und-fixierte-augenbrauenfarbe-ohne-kleben-oder-broeckeln-10\/","url":"https:\/\/marktxxl.de\/markt\/produkt\/nyx-professional-makeup-augenbrauengel-control-freak-eyebrow-gel-klarer-brow-setter-und-transparente-mascara-fuer-gezaehmte-augenbrauen-und-fixierte-augenbrauenfarbe-ohne-kleben-oder-broeckeln-10\/","name":"NYX Professional Makeup Augenbrauengel, Control Freak Eyebrow Gel, Klarer Brow Setter und transparente Mascara, F\u00fcr\u2026 - Markt-XXL","isPartOf":{"@id":"https:\/\/marktxxl.de\/markt\/#website"},"primaryImageOfPage":{"@id":"https:\/\/marktxxl.de\/markt\/produkt\/nyx-professional-makeup-augenbrauengel-control-freak-eyebrow-gel-klarer-brow-setter-und-transparente-mascara-fuer-gezaehmte-augenbrauen-und-fixierte-augenbrauenfarbe-ohne-kleben-oder-broeckeln-10\/#primaryimage"},"image":{"@id":"https:\/\/marktxxl.de\/markt\/produkt\/nyx-professional-makeup-augenbrauengel-control-freak-eyebrow-gel-klarer-brow-setter-und-transparente-mascara-fuer-gezaehmte-augenbrauen-und-fixierte-augenbrauenfarbe-ohne-kleben-oder-broeckeln-10\/#primaryimage"},"thumbnailUrl":"https:\/\/m.media-amazon.com\/images\/I\/31VNyUSaGvL._SL500_.jpg","datePublished":"2021-11-12T21:39:41+00:00","dateModified":"2023-04-09T00:14:41+00:00","description":"Markt-XXL NYX Professional Makeup Augenbrauengel, Control Freak Eyebrow Gel, Klarer Brow Setter und transparente Mascara, F\u00fcr\u2026","breadcrumb":{"@id":"https:\/\/marktxxl.de\/markt\/produkt\/nyx-professional-makeup-augenbrauengel-control-freak-eyebrow-gel-klarer-brow-setter-und-transparente-mascara-fuer-gezaehmte-augenbrauen-und-fixierte-augenbrauenfarbe-ohne-kleben-oder-broeckeln-10\/#breadcrumb"},"inLanguage":"de","potentialAction":[{"@type":"ReadAction","target":["https:\/\/marktxxl.de\/markt\/produkt\/nyx-professional-makeup-augenbrauengel-control-freak-eyebrow-gel-klarer-brow-setter-und-transparente-mascara-fuer-gezaehmte-augenbrauen-und-fixierte-augenbrauenfarbe-ohne-kleben-oder-broeckeln-10\/"]}]},{"@type":"ImageObject","inLanguage":"de","@id":"https:\/\/marktxxl.de\/markt\/produkt\/nyx-professional-makeup-augenbrauengel-control-freak-eyebrow-gel-klarer-brow-setter-und-transparente-mascara-fuer-gezaehmte-augenbrauen-und-fixierte-augenbrauenfarbe-ohne-kleben-oder-broeckeln-10\/#primaryimage","url":"https:\/\/m.media-amazon.com\/images\/I\/31VNyUSaGvL._SL500_.jpg","contentUrl":"https:\/\/m.media-amazon.com\/images\/I\/31VNyUSaGvL._SL500_.jpg","width":500,"height":500},{"@type":"BreadcrumbList","@id":"https:\/\/marktxxl.de\/markt\/produkt\/nyx-professional-makeup-augenbrauengel-control-freak-eyebrow-gel-klarer-brow-setter-und-transparente-mascara-fuer-gezaehmte-augenbrauen-und-fixierte-augenbrauenfarbe-ohne-kleben-oder-broeckeln-10\/#breadcrumb","itemListElement":[{"@type":"ListItem","position":1,"name":"Startseite","item":"https:\/\/marktxxl.de\/markt\/"},{"@type":"ListItem","position":2,"name":"Markt","item":"https:\/\/marktxxl.de\/markt\/"},{"@type":"ListItem","position":3,"name":"NYX Professional Makeup Augenbrauengel, Control Freak Eyebrow Gel, Klarer Brow Setter und transparente Mascara, F\u00fcr\u2026"}]},{"@type":"WebSite","@id":"https:\/\/marktxxl.de\/markt\/#website","url":"https:\/\/marktxxl.de\/markt\/","name":"Markt-XXL","description":"Ihr Markt Online","publisher":{"@id":"https:\/\/marktxxl.de\/markt\/#organization"},"potentialAction":[{"@type":"SearchAction","target":{"@type":"EntryPoint","urlTemplate":"https:\/\/marktxxl.de\/markt\/?s={search_term_string}"},"query-input":{"@type":"PropertyValueSpecification","valueRequired":true,"valueName":"search_term_string"}}],"inLanguage":"de"},{"@type":"Organization","@id":"https:\/\/marktxxl.de\/markt\/#organization","name":"Markt-XXL","url":"https:\/\/marktxxl.de\/markt\/","logo":{"@type":"ImageObject","inLanguage":"de","@id":"https:\/\/marktxxl.de\/markt\/#\/schema\/logo\/image\/","url":"https:\/\/marktxxl.de\/markt\/wp-content\/uploads\/sites\/3\/2020\/12\/logo.png","contentUrl":"https:\/\/marktxxl.de\/markt\/wp-content\/uploads\/sites\/3\/2020\/12\/logo.png","width":200,"height":70,"caption":"Markt-XXL"},"image":{"@id":"https:\/\/marktxxl.de\/markt\/#\/schema\/logo\/image\/"}}]}},"_links":{"self":[{"href":"https:\/\/marktxxl.de\/markt\/wp-json\/wp\/v2\/product\/70926","targetHints":{"allow":["GET"]}}],"collection":[{"href":"https:\/\/marktxxl.de\/markt\/wp-json\/wp\/v2\/product"}],"about":[{"href":"https:\/\/marktxxl.de\/markt\/wp-json\/wp\/v2\/types\/product"}],"replies":[{"embeddable":true,"href":"https:\/\/marktxxl.de\/markt\/wp-json\/wp\/v2\/comments?post=70926"}],"wp:featuredmedia":[{"embeddable":true,"href":"https:\/\/marktxxl.de\/markt\/wp-json\/wp\/v2\/media\/70927"}],"wp:attachment":[{"href":"https:\/\/marktxxl.de\/markt\/wp-json\/wp\/v2\/media?parent=70926"}],"wp:term":[{"taxonomy":"product_brand","embeddable":true,"href":"https:\/\/marktxxl.de\/markt\/wp-json\/wp\/v2\/product_brand?post=70926"},{"taxonomy":"product_cat","embeddable":true,"href":"https:\/\/marktxxl.de\/markt\/wp-json\/wp\/v2\/product_cat?post=70926"},{"taxonomy":"product_tag","embeddable":true,"href":"https:\/\/marktxxl.de\/markt\/wp-json\/wp\/v2\/product_tag?post=70926"}],"curies":[{"name":"wp","href":"https:\/\/api.w.org\/{rel}","templated":true}]}}