{"id":70623,"date":"2021-11-12T22:27:16","date_gmt":"2021-11-12T21:27:16","guid":{"rendered":"https:\/\/marktxxl.de\/markt\/produkt\/farmacy-natuerlicher-bilden-entferner-sauber-bilden-wegschmelzen-saubersing-balm-kosmetik\/"},"modified":"2023-04-09T02:14:34","modified_gmt":"2023-04-09T00:14:34","slug":"farmacy-natuerlicher-bilden-entferner-sauber-bilden-wegschmelzen-saubersing-balm-kosmetik","status":"publish","type":"product","link":"https:\/\/marktxxl.de\/markt\/produkt\/farmacy-natuerlicher-bilden-entferner-sauber-bilden-wegschmelzen-saubersing-balm-kosmetik\/","title":{"rendered":"Farmacy Nat\u00fcrlicher Bilden-Entferner &#8211; Gr\u00fcn Sauber Makeup Wegschmelzen Saubersing Balm Kosmetik &#8211; Reisegr\u00f6\u00dfe 1.7 oz"},"content":{"rendered":"<p>Der Farmacy-Weg: Unser Ziel ist einfach.\u00a0Wir m\u00f6chten die beste Version Ihres strahlenden Selbst mit den bestm\u00f6glichen, nat\u00fcrlich gewonnenen Inhaltsstoffen hervorbringen.\u00a0Jedes von uns hergestellte Hautpflege- und Sch\u00f6nheitsprodukt f\u00fcr Frauen verwendet modernste wissenschaftliche Erkenntnisse, um die heilenden Kr\u00e4fte der Inhaltsstoffe zu nutzen, die uns Mutter Natur so freundlich zur Verf\u00fcgung gestellt hat.<br \/>\nMelt That Bilden: Sonnenblumen- und Ingwerwurzel\u00f6le entfernen sanft selbst das h\u00e4rteste Bilden mit langem Halt, ohne es zu entfernen oder auszutrocknen, und hinterlassen eine hydratisierte und seidig glatte Haut.\u00a0Der rein nat\u00fcrliche Moringa-Extrakt entfernt Verunreinigungen durch Verschmutzung, sodass Ihre Haut l\u00e4nger j\u00fcnger bleibt.<br \/>\nNat\u00fcrliches Peeling: Nat\u00fcrliche Enzyme, die in Papayas enthalten sind, peelen und verleihen Ihnen einen wunderbaren, gesunden Glanz \u2013 kein Bilden erforderlich.<br \/>\nNur das Beste: Der Augen- und Gesichts-Bilden-Reiniger f\u00fcr Frauen wird nur aus nat\u00fcrlich gewonnenen Inhaltsstoffen hergestellt, darunter Moringabaum- und Kurkuma-Extrakte.\u00a0Es ist auch frei von Parabenen, Sulfaten, k\u00fcnstlichen Farbstoffen und wurde nicht an Tieren getestet.<br \/>\nAnwendung: Nehmen Sie eine gro\u00dfz\u00fcgige Menge mit dem mitgelieferten Spatel auf und massieren Sie sie mit den Fingerspitzen mit sanften kreisenden Bewegungen nach oben und au\u00dfen in die Haut ein.\u00a0Der feste Balsam schmilzt bei Kontakt mit der Haut zu einem \u00d6l, dann zu einem milchigen Schaum, wenn Wasser aufgetragen wird.\u00a0Mit Wasser bespritzen oder mit einem warmen, feuchten Waschlappen abwischen.<br \/>\n<div class=\"main-cross-sell\" data-asin=\"B09D3VP3MG\">\n\n\t<div class=\"WooZone-cross-sell-loader\">\n\t\t<div>\n\t\t\t<div id=\"floatingBarsG\">\n\t\t\t\t<div class=\"blockG\" id=\"rotateG_01\"><\/div>\n\t\t\t\t<div class=\"blockG\" id=\"rotateG_02\"><\/div>\n\t\t\t\t<div class=\"blockG\" id=\"rotateG_03\"><\/div>\n\t\t\t\t<div class=\"blockG\" id=\"rotateG_04\"><\/div>\n\t\t\t\t<div class=\"blockG\" id=\"rotateG_05\"><\/div>\n\t\t\t\t<div class=\"blockG\" id=\"rotateG_06\"><\/div>\n\t\t\t\t<div class=\"blockG\" id=\"rotateG_07\"><\/div>\n\t\t\t\t<div class=\"blockG\" id=\"rotateG_08\"><\/div>\n\t\t\t<\/div>\n\t\t\t<div class=\"WooZone-cross-sell-loader-text\"><\/div>\n\t\t<\/div>\n\t<\/div>\n\n\t\t\n<\/div>\n<div style=\"clear:both;\"><\/div><\/p>\n","protected":false},"excerpt":{"rendered":"<p>Der Farmacy-Weg: Unser Ziel ist einfach.\u00a0Wir m\u00f6chten die beste Version Ihres strahlenden Selbst mit den bestm\u00f6glichen, nat\u00fcrlich gewonnenen Inhaltsstoffen hervorbringen.\u00a0Jedes von uns hergestellte Hautpflege- und Sch\u00f6nheitsprodukt f\u00fcr Frauen verwendet modernste wissenschaftliche Erkenntnisse, um die heilenden Kr\u00e4fte der Inhaltsstoffe zu nutzen, die uns Mutter Natur so freundlich zur Verf\u00fcgung gestellt hat.<br \/>\nMelt That Bilden: Sonnenblumen- und Ingwerwurzel\u00f6le entfernen sanft selbst das h\u00e4rteste Bilden mit langem Halt, ohne es zu entfernen oder auszutrocknen, und hinterlassen eine hydratisierte und seidig glatte Haut.\u00a0Der rein nat\u00fcrliche Moringa-Extrakt entfernt Verunreinigungen durch Verschmutzung, sodass Ihre Haut l\u00e4nger j\u00fcnger bleibt.<br \/>\nNat\u00fcrliches Peeling: Nat\u00fcrliche Enzyme, die in Papayas enthalten sind, peelen und verleihen Ihnen einen wunderbaren, gesunden Glanz \u2013 kein Bilden erforderlich.<\/p>\n","protected":false},"featured_media":70624,"comment_status":"open","ping_status":"closed","template":"","meta":[],"product_brand":[],"product_cat":[2858,6994],"product_tag":[],"class_list":{"0":"post-70623","1":"product","2":"type-product","3":"status-publish","4":"has-post-thumbnail","6":"product_cat-beauty","7":"product_cat-haarpflege-styling","8":"pa_binding-misc","9":"pa_brand-farmacy","10":"pa_manufacturer-farmacy","12":"first","13":"instock","14":"shipping-taxable","15":"purchasable","16":"product-type-simple","17":"customify-col","18":"product-has-gallery"},"yoast_head":"<!-- This site is optimized with the Yoast SEO plugin v27.3 - https:\/\/yoast.com\/product\/yoast-seo-wordpress\/ -->\n<title>Farmacy Nat\u00fcrlicher Bilden-Entferner - Gr\u00fcn Sauber Makeup Wegschmelzen Saubersing Balm Kosmetik - Reisegr\u00f6\u00dfe 1.7 oz - Markt-XXL<\/title>\n<meta name=\"description\" content=\"Markt-XXL Farmacy Nat\u00fcrlicher Bilden-Entferner - Gr\u00fcn Sauber Makeup Wegschmelzen Saubersing Balm Kosmetik - Reisegr\u00f6\u00dfe 1.7 oz\" \/>\n<meta name=\"robots\" content=\"index, follow, max-snippet:-1, max-image-preview:large, max-video-preview:-1\" \/>\n<link rel=\"canonical\" href=\"https:\/\/marktxxl.de\/markt\/produkt\/farmacy-natuerlicher-bilden-entferner-sauber-bilden-wegschmelzen-saubersing-balm-kosmetik\/\" \/>\n<meta property=\"og:locale\" content=\"de_DE\" \/>\n<meta property=\"og:type\" content=\"article\" \/>\n<meta property=\"og:title\" content=\"Farmacy Nat\u00fcrlicher Bilden-Entferner - Gr\u00fcn Sauber Makeup Wegschmelzen Saubersing Balm Kosmetik - Reisegr\u00f6\u00dfe 1.7 oz - Markt-XXL\" \/>\n<meta property=\"og:description\" content=\"Markt-XXL Farmacy Nat\u00fcrlicher Bilden-Entferner - Gr\u00fcn Sauber Makeup Wegschmelzen Saubersing Balm Kosmetik - Reisegr\u00f6\u00dfe 1.7 oz\" \/>\n<meta property=\"og:url\" content=\"https:\/\/marktxxl.de\/markt\/produkt\/farmacy-natuerlicher-bilden-entferner-sauber-bilden-wegschmelzen-saubersing-balm-kosmetik\/\" \/>\n<meta property=\"og:site_name\" content=\"Markt-XXL\" \/>\n<meta property=\"article:modified_time\" content=\"2023-04-09T00:14:34+00:00\" \/>\n<meta property=\"og:image\" content=\"https:\/\/m.media-amazon.com\/images\/I\/41XGMJc0h-L._SL500_.jpg\" \/>\n\t<meta property=\"og:image:width\" content=\"500\" \/>\n\t<meta property=\"og:image:height\" content=\"500\" \/>\n\t<meta property=\"og:image:type\" content=\"image\/jpeg\" \/>\n<meta name=\"twitter:card\" content=\"summary_large_image\" \/>\n<meta name=\"twitter:label1\" content=\"Gesch\u00e4tzte Lesezeit\" \/>\n\t<meta name=\"twitter:data1\" content=\"1\u00a0Minute\" \/>\n<script type=\"application\/ld+json\" class=\"yoast-schema-graph\">{\"@context\":\"https:\\\/\\\/schema.org\",\"@graph\":[{\"@type\":\"WebPage\",\"@id\":\"https:\\\/\\\/marktxxl.de\\\/markt\\\/produkt\\\/farmacy-natuerlicher-bilden-entferner-sauber-bilden-wegschmelzen-saubersing-balm-kosmetik\\\/\",\"url\":\"https:\\\/\\\/marktxxl.de\\\/markt\\\/produkt\\\/farmacy-natuerlicher-bilden-entferner-sauber-bilden-wegschmelzen-saubersing-balm-kosmetik\\\/\",\"name\":\"Farmacy Nat\u00fcrlicher Bilden-Entferner - Gr\u00fcn Sauber Makeup Wegschmelzen Saubersing Balm Kosmetik - Reisegr\u00f6\u00dfe 1.7 oz - Markt-XXL\",\"isPartOf\":{\"@id\":\"https:\\\/\\\/marktxxl.de\\\/markt\\\/#website\"},\"primaryImageOfPage\":{\"@id\":\"https:\\\/\\\/marktxxl.de\\\/markt\\\/produkt\\\/farmacy-natuerlicher-bilden-entferner-sauber-bilden-wegschmelzen-saubersing-balm-kosmetik\\\/#primaryimage\"},\"image\":{\"@id\":\"https:\\\/\\\/marktxxl.de\\\/markt\\\/produkt\\\/farmacy-natuerlicher-bilden-entferner-sauber-bilden-wegschmelzen-saubersing-balm-kosmetik\\\/#primaryimage\"},\"thumbnailUrl\":\"https:\\\/\\\/m.media-amazon.com\\\/images\\\/I\\\/41XGMJc0h-L._SL500_.jpg\",\"datePublished\":\"2021-11-12T21:27:16+00:00\",\"dateModified\":\"2023-04-09T00:14:34+00:00\",\"description\":\"Markt-XXL Farmacy Nat\u00fcrlicher Bilden-Entferner - Gr\u00fcn Sauber Makeup Wegschmelzen Saubersing Balm Kosmetik - Reisegr\u00f6\u00dfe 1.7 oz\",\"breadcrumb\":{\"@id\":\"https:\\\/\\\/marktxxl.de\\\/markt\\\/produkt\\\/farmacy-natuerlicher-bilden-entferner-sauber-bilden-wegschmelzen-saubersing-balm-kosmetik\\\/#breadcrumb\"},\"inLanguage\":\"de\",\"potentialAction\":[{\"@type\":\"ReadAction\",\"target\":[\"https:\\\/\\\/marktxxl.de\\\/markt\\\/produkt\\\/farmacy-natuerlicher-bilden-entferner-sauber-bilden-wegschmelzen-saubersing-balm-kosmetik\\\/\"]}]},{\"@type\":\"ImageObject\",\"inLanguage\":\"de\",\"@id\":\"https:\\\/\\\/marktxxl.de\\\/markt\\\/produkt\\\/farmacy-natuerlicher-bilden-entferner-sauber-bilden-wegschmelzen-saubersing-balm-kosmetik\\\/#primaryimage\",\"url\":\"https:\\\/\\\/m.media-amazon.com\\\/images\\\/I\\\/41XGMJc0h-L._SL500_.jpg\",\"contentUrl\":\"https:\\\/\\\/m.media-amazon.com\\\/images\\\/I\\\/41XGMJc0h-L._SL500_.jpg\",\"width\":500,\"height\":500},{\"@type\":\"BreadcrumbList\",\"@id\":\"https:\\\/\\\/marktxxl.de\\\/markt\\\/produkt\\\/farmacy-natuerlicher-bilden-entferner-sauber-bilden-wegschmelzen-saubersing-balm-kosmetik\\\/#breadcrumb\",\"itemListElement\":[{\"@type\":\"ListItem\",\"position\":1,\"name\":\"Startseite\",\"item\":\"https:\\\/\\\/marktxxl.de\\\/markt\\\/\"},{\"@type\":\"ListItem\",\"position\":2,\"name\":\"Markt\",\"item\":\"https:\\\/\\\/marktxxl.de\\\/markt\\\/\"},{\"@type\":\"ListItem\",\"position\":3,\"name\":\"Farmacy Nat\u00fcrlicher Bilden-Entferner &#8211; Gr\u00fcn Sauber Makeup Wegschmelzen Saubersing Balm Kosmetik &#8211; Reisegr\u00f6\u00dfe 1.7 oz\"}]},{\"@type\":\"WebSite\",\"@id\":\"https:\\\/\\\/marktxxl.de\\\/markt\\\/#website\",\"url\":\"https:\\\/\\\/marktxxl.de\\\/markt\\\/\",\"name\":\"Markt-XXL\",\"description\":\"Ihr Markt Online\",\"publisher\":{\"@id\":\"https:\\\/\\\/marktxxl.de\\\/markt\\\/#organization\"},\"potentialAction\":[{\"@type\":\"SearchAction\",\"target\":{\"@type\":\"EntryPoint\",\"urlTemplate\":\"https:\\\/\\\/marktxxl.de\\\/markt\\\/?s={search_term_string}\"},\"query-input\":{\"@type\":\"PropertyValueSpecification\",\"valueRequired\":true,\"valueName\":\"search_term_string\"}}],\"inLanguage\":\"de\"},{\"@type\":\"Organization\",\"@id\":\"https:\\\/\\\/marktxxl.de\\\/markt\\\/#organization\",\"name\":\"Markt-XXL\",\"url\":\"https:\\\/\\\/marktxxl.de\\\/markt\\\/\",\"logo\":{\"@type\":\"ImageObject\",\"inLanguage\":\"de\",\"@id\":\"https:\\\/\\\/marktxxl.de\\\/markt\\\/#\\\/schema\\\/logo\\\/image\\\/\",\"url\":\"https:\\\/\\\/marktxxl.de\\\/markt\\\/wp-content\\\/uploads\\\/sites\\\/3\\\/2020\\\/12\\\/logo.png\",\"contentUrl\":\"https:\\\/\\\/marktxxl.de\\\/markt\\\/wp-content\\\/uploads\\\/sites\\\/3\\\/2020\\\/12\\\/logo.png\",\"width\":200,\"height\":70,\"caption\":\"Markt-XXL\"},\"image\":{\"@id\":\"https:\\\/\\\/marktxxl.de\\\/markt\\\/#\\\/schema\\\/logo\\\/image\\\/\"}}]}<\/script>\n<!-- \/ Yoast SEO plugin. -->","yoast_head_json":{"title":"Farmacy Nat\u00fcrlicher Bilden-Entferner - Gr\u00fcn Sauber Makeup Wegschmelzen Saubersing Balm Kosmetik - Reisegr\u00f6\u00dfe 1.7 oz - Markt-XXL","description":"Markt-XXL Farmacy Nat\u00fcrlicher Bilden-Entferner - Gr\u00fcn Sauber Makeup Wegschmelzen Saubersing Balm Kosmetik - Reisegr\u00f6\u00dfe 1.7 oz","robots":{"index":"index","follow":"follow","max-snippet":"max-snippet:-1","max-image-preview":"max-image-preview:large","max-video-preview":"max-video-preview:-1"},"canonical":"https:\/\/marktxxl.de\/markt\/produkt\/farmacy-natuerlicher-bilden-entferner-sauber-bilden-wegschmelzen-saubersing-balm-kosmetik\/","og_locale":"de_DE","og_type":"article","og_title":"Farmacy Nat\u00fcrlicher Bilden-Entferner - Gr\u00fcn Sauber Makeup Wegschmelzen Saubersing Balm Kosmetik - Reisegr\u00f6\u00dfe 1.7 oz - Markt-XXL","og_description":"Markt-XXL Farmacy Nat\u00fcrlicher Bilden-Entferner - Gr\u00fcn Sauber Makeup Wegschmelzen Saubersing Balm Kosmetik - Reisegr\u00f6\u00dfe 1.7 oz","og_url":"https:\/\/marktxxl.de\/markt\/produkt\/farmacy-natuerlicher-bilden-entferner-sauber-bilden-wegschmelzen-saubersing-balm-kosmetik\/","og_site_name":"Markt-XXL","article_modified_time":"2023-04-09T00:14:34+00:00","og_image":[{"width":500,"height":500,"url":"https:\/\/m.media-amazon.com\/images\/I\/41XGMJc0h-L._SL500_.jpg","type":"image\/jpeg"}],"twitter_card":"summary_large_image","twitter_misc":{"Gesch\u00e4tzte Lesezeit":"1\u00a0Minute"},"schema":{"@context":"https:\/\/schema.org","@graph":[{"@type":"WebPage","@id":"https:\/\/marktxxl.de\/markt\/produkt\/farmacy-natuerlicher-bilden-entferner-sauber-bilden-wegschmelzen-saubersing-balm-kosmetik\/","url":"https:\/\/marktxxl.de\/markt\/produkt\/farmacy-natuerlicher-bilden-entferner-sauber-bilden-wegschmelzen-saubersing-balm-kosmetik\/","name":"Farmacy Nat\u00fcrlicher Bilden-Entferner - Gr\u00fcn Sauber Makeup Wegschmelzen Saubersing Balm Kosmetik - Reisegr\u00f6\u00dfe 1.7 oz - Markt-XXL","isPartOf":{"@id":"https:\/\/marktxxl.de\/markt\/#website"},"primaryImageOfPage":{"@id":"https:\/\/marktxxl.de\/markt\/produkt\/farmacy-natuerlicher-bilden-entferner-sauber-bilden-wegschmelzen-saubersing-balm-kosmetik\/#primaryimage"},"image":{"@id":"https:\/\/marktxxl.de\/markt\/produkt\/farmacy-natuerlicher-bilden-entferner-sauber-bilden-wegschmelzen-saubersing-balm-kosmetik\/#primaryimage"},"thumbnailUrl":"https:\/\/m.media-amazon.com\/images\/I\/41XGMJc0h-L._SL500_.jpg","datePublished":"2021-11-12T21:27:16+00:00","dateModified":"2023-04-09T00:14:34+00:00","description":"Markt-XXL Farmacy Nat\u00fcrlicher Bilden-Entferner - Gr\u00fcn Sauber Makeup Wegschmelzen Saubersing Balm Kosmetik - Reisegr\u00f6\u00dfe 1.7 oz","breadcrumb":{"@id":"https:\/\/marktxxl.de\/markt\/produkt\/farmacy-natuerlicher-bilden-entferner-sauber-bilden-wegschmelzen-saubersing-balm-kosmetik\/#breadcrumb"},"inLanguage":"de","potentialAction":[{"@type":"ReadAction","target":["https:\/\/marktxxl.de\/markt\/produkt\/farmacy-natuerlicher-bilden-entferner-sauber-bilden-wegschmelzen-saubersing-balm-kosmetik\/"]}]},{"@type":"ImageObject","inLanguage":"de","@id":"https:\/\/marktxxl.de\/markt\/produkt\/farmacy-natuerlicher-bilden-entferner-sauber-bilden-wegschmelzen-saubersing-balm-kosmetik\/#primaryimage","url":"https:\/\/m.media-amazon.com\/images\/I\/41XGMJc0h-L._SL500_.jpg","contentUrl":"https:\/\/m.media-amazon.com\/images\/I\/41XGMJc0h-L._SL500_.jpg","width":500,"height":500},{"@type":"BreadcrumbList","@id":"https:\/\/marktxxl.de\/markt\/produkt\/farmacy-natuerlicher-bilden-entferner-sauber-bilden-wegschmelzen-saubersing-balm-kosmetik\/#breadcrumb","itemListElement":[{"@type":"ListItem","position":1,"name":"Startseite","item":"https:\/\/marktxxl.de\/markt\/"},{"@type":"ListItem","position":2,"name":"Markt","item":"https:\/\/marktxxl.de\/markt\/"},{"@type":"ListItem","position":3,"name":"Farmacy Nat\u00fcrlicher Bilden-Entferner &#8211; Gr\u00fcn Sauber Makeup Wegschmelzen Saubersing Balm Kosmetik &#8211; Reisegr\u00f6\u00dfe 1.7 oz"}]},{"@type":"WebSite","@id":"https:\/\/marktxxl.de\/markt\/#website","url":"https:\/\/marktxxl.de\/markt\/","name":"Markt-XXL","description":"Ihr Markt Online","publisher":{"@id":"https:\/\/marktxxl.de\/markt\/#organization"},"potentialAction":[{"@type":"SearchAction","target":{"@type":"EntryPoint","urlTemplate":"https:\/\/marktxxl.de\/markt\/?s={search_term_string}"},"query-input":{"@type":"PropertyValueSpecification","valueRequired":true,"valueName":"search_term_string"}}],"inLanguage":"de"},{"@type":"Organization","@id":"https:\/\/marktxxl.de\/markt\/#organization","name":"Markt-XXL","url":"https:\/\/marktxxl.de\/markt\/","logo":{"@type":"ImageObject","inLanguage":"de","@id":"https:\/\/marktxxl.de\/markt\/#\/schema\/logo\/image\/","url":"https:\/\/marktxxl.de\/markt\/wp-content\/uploads\/sites\/3\/2020\/12\/logo.png","contentUrl":"https:\/\/marktxxl.de\/markt\/wp-content\/uploads\/sites\/3\/2020\/12\/logo.png","width":200,"height":70,"caption":"Markt-XXL"},"image":{"@id":"https:\/\/marktxxl.de\/markt\/#\/schema\/logo\/image\/"}}]}},"_links":{"self":[{"href":"https:\/\/marktxxl.de\/markt\/wp-json\/wp\/v2\/product\/70623","targetHints":{"allow":["GET"]}}],"collection":[{"href":"https:\/\/marktxxl.de\/markt\/wp-json\/wp\/v2\/product"}],"about":[{"href":"https:\/\/marktxxl.de\/markt\/wp-json\/wp\/v2\/types\/product"}],"replies":[{"embeddable":true,"href":"https:\/\/marktxxl.de\/markt\/wp-json\/wp\/v2\/comments?post=70623"}],"wp:featuredmedia":[{"embeddable":true,"href":"https:\/\/marktxxl.de\/markt\/wp-json\/wp\/v2\/media\/70624"}],"wp:attachment":[{"href":"https:\/\/marktxxl.de\/markt\/wp-json\/wp\/v2\/media?parent=70623"}],"wp:term":[{"taxonomy":"product_brand","embeddable":true,"href":"https:\/\/marktxxl.de\/markt\/wp-json\/wp\/v2\/product_brand?post=70623"},{"taxonomy":"product_cat","embeddable":true,"href":"https:\/\/marktxxl.de\/markt\/wp-json\/wp\/v2\/product_cat?post=70623"},{"taxonomy":"product_tag","embeddable":true,"href":"https:\/\/marktxxl.de\/markt\/wp-json\/wp\/v2\/product_tag?post=70623"}],"curies":[{"name":"wp","href":"https:\/\/api.w.org\/{rel}","templated":true}]}}