{"id":70294,"date":"2021-11-12T22:13:00","date_gmt":"2021-11-12T21:13:00","guid":{"rendered":"https:\/\/marktxxl.de\/markt\/produkt\/nivea-3in1-hey-beautiful-mizellen-reinigungstuecher-25-stueck-sanfte-gesichtsreinigungstuecher-mit-vitamin-e-abschminktuecher-entfernen-make-up-wasserfeste-mascara\/"},"modified":"2023-04-09T02:14:28","modified_gmt":"2023-04-09T00:14:28","slug":"nivea-3in1-hey-beautiful-mizellen-reinigungstuecher-25-stueck-sanfte-gesichtsreinigungstuecher-mit-vitamin-e-abschminktuecher-entfernen-make-up-wasserfeste-mascara","status":"publish","type":"product","link":"https:\/\/marktxxl.de\/markt\/produkt\/nivea-3in1-hey-beautiful-mizellen-reinigungstuecher-25-stueck-sanfte-gesichtsreinigungstuecher-mit-vitamin-e-abschminktuecher-entfernen-make-up-wasserfeste-mascara\/","title":{"rendered":"NIVEA 3in1 Hello Beautiful! Mizellen Reinigungst\u00fccher (25 St\u00fcck), sanfte Gesichtsreinigungst\u00fccher mit Vitamin E\u2026"},"content":{"rendered":"<p>Mizellen Gesichtsreinigung \u2013 Die Mizellen Abschminkt\u00fccher mit Vitamin E reinigen die Haut gr\u00fcndlich und entfernen selbst wasserfestes Make-Up und Mascara.<br \/>\nNat\u00fcrliche Feuchtigkeitsbalance \u2013 Die Reinigungst\u00fccher spenden Feuchtigkeit, erfrischen die Haut und sch\u00fctzen die nat\u00fcrliche Feuchtigkeitsbalance der Haut.<br \/>\nHaut &amp; Umwelt \u2013 Aus Liebe zu Haut &amp; Umwelt sind die weichen NIVEA Reinigungst\u00fccher f\u00fcr das Gesicht aus Tuchfasern 100% nat\u00fcrlichen Ursprungs.<br \/>\nFrei von Mikroplastik \u2013 Die milde Formel der Gesichtsreinigungst\u00fccher beinhaltet 97% Inhaltsstoffe nat\u00fcrlichen Ursprungs und ist komplett frei von Mikroplastik.<br \/>\nLieferumfang &amp; Details \u2013 NIVEA 3in1 Hey Beautiful! Mizellen Reinigungst\u00fccher, 25 St\u00fcck, f\u00fcr jeden Hauttyp geeignet, ideal f\u00fcr die t\u00e4gliche Anwendung, Artikelnummer 89252<br \/>\n<div class=\"main-cross-sell\" data-asin=\"B08SYYSYFC\">\n\n\t<div class=\"WooZone-cross-sell-loader\">\n\t\t<div>\n\t\t\t<div id=\"floatingBarsG\">\n\t\t\t\t<div class=\"blockG\" id=\"rotateG_01\"><\/div>\n\t\t\t\t<div class=\"blockG\" id=\"rotateG_02\"><\/div>\n\t\t\t\t<div class=\"blockG\" id=\"rotateG_03\"><\/div>\n\t\t\t\t<div class=\"blockG\" id=\"rotateG_04\"><\/div>\n\t\t\t\t<div class=\"blockG\" id=\"rotateG_05\"><\/div>\n\t\t\t\t<div class=\"blockG\" id=\"rotateG_06\"><\/div>\n\t\t\t\t<div class=\"blockG\" id=\"rotateG_07\"><\/div>\n\t\t\t\t<div class=\"blockG\" id=\"rotateG_08\"><\/div>\n\t\t\t<\/div>\n\t\t\t<div class=\"WooZone-cross-sell-loader-text\"><\/div>\n\t\t<\/div>\n\t<\/div>\n\n\t\t\n<\/div>\n<div style=\"clear:both;\"><\/div><\/p>\n","protected":false},"excerpt":{"rendered":"<p>Mizellen Gesichtsreinigung \u2013 Die Mizellen Abschminkt\u00fccher mit Vitamin E reinigen die Haut gr\u00fcndlich und entfernen selbst wasserfestes Make-Up und Mascara.<br \/>\nNat\u00fcrliche Feuchtigkeitsbalance \u2013 Die Reinigungst\u00fccher spenden Feuchtigkeit, erfrischen die Haut und sch\u00fctzen die nat\u00fcrliche Feuchtigkeitsbalance der Haut.<br \/>\nHaut &amp; Umwelt \u2013 Aus Liebe zu Haut &amp; Umwelt sind die weichen NIVEA Reinigungst\u00fccher f\u00fcr das Gesicht aus Tuchfasern 100% nat\u00fcrlichen Ursprungs.<\/p>\n","protected":false},"featured_media":70295,"comment_status":"open","ping_status":"closed","template":"","meta":[],"product_brand":[],"product_cat":[2858,7067],"product_tag":[],"class_list":{"0":"post-70294","1":"product","2":"type-product","3":"status-publish","4":"has-post-thumbnail","6":"product_cat-beauty","7":"product_cat-hautpflege","8":"pa_binding-badartikel","9":"pa_brand-nivea","10":"pa_height-3-149606296-zoll","11":"pa_length-5-3149606245-zoll","12":"pa_manufacturer-beiersdorf","13":"pa_model-89252-01000-20","14":"pa_size-25-stueck-1er-pack","15":"pa_weight-0-127-kilogramm","16":"pa_width-1-2992125971-zoll","18":"first","19":"instock","20":"shipping-taxable","21":"purchasable","22":"product-type-simple","23":"customify-col","24":"product-has-gallery"},"yoast_head":"<!-- This site is optimized with the Yoast SEO plugin v27.4 - https:\/\/yoast.com\/product\/yoast-seo-wordpress\/ -->\n<title>NIVEA 3in1 Hello Beautiful! Mizellen Reinigungst\u00fccher (25 St\u00fcck), sanfte Gesichtsreinigungst\u00fccher mit Vitamin E\u2026 - Markt-XXL<\/title>\n<meta name=\"description\" content=\"Markt-XXL NIVEA 3in1 Hello Beautiful! Mizellen Reinigungst\u00fccher (25 St\u00fcck), sanfte Gesichtsreinigungst\u00fccher mit Vitamin E\u2026\" \/>\n<meta name=\"robots\" content=\"index, follow, max-snippet:-1, max-image-preview:large, max-video-preview:-1\" \/>\n<link rel=\"canonical\" href=\"https:\/\/marktxxl.de\/markt\/produkt\/nivea-3in1-hey-beautiful-mizellen-reinigungstuecher-25-stueck-sanfte-gesichtsreinigungstuecher-mit-vitamin-e-abschminktuecher-entfernen-make-up-wasserfeste-mascara\/\" \/>\n<meta property=\"og:locale\" content=\"de_DE\" \/>\n<meta property=\"og:type\" content=\"article\" \/>\n<meta property=\"og:title\" content=\"NIVEA 3in1 Hello Beautiful! Mizellen Reinigungst\u00fccher (25 St\u00fcck), sanfte Gesichtsreinigungst\u00fccher mit Vitamin E\u2026 - Markt-XXL\" \/>\n<meta property=\"og:description\" content=\"Markt-XXL NIVEA 3in1 Hello Beautiful! Mizellen Reinigungst\u00fccher (25 St\u00fcck), sanfte Gesichtsreinigungst\u00fccher mit Vitamin E\u2026\" \/>\n<meta property=\"og:url\" content=\"https:\/\/marktxxl.de\/markt\/produkt\/nivea-3in1-hey-beautiful-mizellen-reinigungstuecher-25-stueck-sanfte-gesichtsreinigungstuecher-mit-vitamin-e-abschminktuecher-entfernen-make-up-wasserfeste-mascara\/\" \/>\n<meta property=\"og:site_name\" content=\"Markt-XXL\" \/>\n<meta property=\"article:modified_time\" content=\"2023-04-09T00:14:28+00:00\" \/>\n<meta property=\"og:image\" content=\"https:\/\/m.media-amazon.com\/images\/I\/41txpy25P5S._SL500_.jpg\" \/>\n\t<meta property=\"og:image:width\" content=\"500\" \/>\n\t<meta property=\"og:image:height\" content=\"318\" \/>\n\t<meta property=\"og:image:type\" content=\"image\/jpeg\" \/>\n<meta name=\"twitter:card\" content=\"summary_large_image\" \/>\n<meta name=\"twitter:label1\" content=\"Gesch\u00e4tzte Lesezeit\" \/>\n\t<meta name=\"twitter:data1\" content=\"1\u00a0Minute\" \/>\n<script type=\"application\/ld+json\" class=\"yoast-schema-graph\">{\"@context\":\"https:\\\/\\\/schema.org\",\"@graph\":[{\"@type\":\"WebPage\",\"@id\":\"https:\\\/\\\/marktxxl.de\\\/markt\\\/produkt\\\/nivea-3in1-hey-beautiful-mizellen-reinigungstuecher-25-stueck-sanfte-gesichtsreinigungstuecher-mit-vitamin-e-abschminktuecher-entfernen-make-up-wasserfeste-mascara\\\/\",\"url\":\"https:\\\/\\\/marktxxl.de\\\/markt\\\/produkt\\\/nivea-3in1-hey-beautiful-mizellen-reinigungstuecher-25-stueck-sanfte-gesichtsreinigungstuecher-mit-vitamin-e-abschminktuecher-entfernen-make-up-wasserfeste-mascara\\\/\",\"name\":\"NIVEA 3in1 Hello Beautiful! Mizellen Reinigungst\u00fccher (25 St\u00fcck), sanfte Gesichtsreinigungst\u00fccher mit Vitamin E\u2026 - Markt-XXL\",\"isPartOf\":{\"@id\":\"https:\\\/\\\/marktxxl.de\\\/markt\\\/#website\"},\"primaryImageOfPage\":{\"@id\":\"https:\\\/\\\/marktxxl.de\\\/markt\\\/produkt\\\/nivea-3in1-hey-beautiful-mizellen-reinigungstuecher-25-stueck-sanfte-gesichtsreinigungstuecher-mit-vitamin-e-abschminktuecher-entfernen-make-up-wasserfeste-mascara\\\/#primaryimage\"},\"image\":{\"@id\":\"https:\\\/\\\/marktxxl.de\\\/markt\\\/produkt\\\/nivea-3in1-hey-beautiful-mizellen-reinigungstuecher-25-stueck-sanfte-gesichtsreinigungstuecher-mit-vitamin-e-abschminktuecher-entfernen-make-up-wasserfeste-mascara\\\/#primaryimage\"},\"thumbnailUrl\":\"https:\\\/\\\/m.media-amazon.com\\\/images\\\/I\\\/41txpy25P5S._SL500_.jpg\",\"datePublished\":\"2021-11-12T21:13:00+00:00\",\"dateModified\":\"2023-04-09T00:14:28+00:00\",\"description\":\"Markt-XXL NIVEA 3in1 Hello Beautiful! Mizellen Reinigungst\u00fccher (25 St\u00fcck), sanfte Gesichtsreinigungst\u00fccher mit Vitamin E\u2026\",\"breadcrumb\":{\"@id\":\"https:\\\/\\\/marktxxl.de\\\/markt\\\/produkt\\\/nivea-3in1-hey-beautiful-mizellen-reinigungstuecher-25-stueck-sanfte-gesichtsreinigungstuecher-mit-vitamin-e-abschminktuecher-entfernen-make-up-wasserfeste-mascara\\\/#breadcrumb\"},\"inLanguage\":\"de\",\"potentialAction\":[{\"@type\":\"ReadAction\",\"target\":[\"https:\\\/\\\/marktxxl.de\\\/markt\\\/produkt\\\/nivea-3in1-hey-beautiful-mizellen-reinigungstuecher-25-stueck-sanfte-gesichtsreinigungstuecher-mit-vitamin-e-abschminktuecher-entfernen-make-up-wasserfeste-mascara\\\/\"]}]},{\"@type\":\"ImageObject\",\"inLanguage\":\"de\",\"@id\":\"https:\\\/\\\/marktxxl.de\\\/markt\\\/produkt\\\/nivea-3in1-hey-beautiful-mizellen-reinigungstuecher-25-stueck-sanfte-gesichtsreinigungstuecher-mit-vitamin-e-abschminktuecher-entfernen-make-up-wasserfeste-mascara\\\/#primaryimage\",\"url\":\"https:\\\/\\\/m.media-amazon.com\\\/images\\\/I\\\/41txpy25P5S._SL500_.jpg\",\"contentUrl\":\"https:\\\/\\\/m.media-amazon.com\\\/images\\\/I\\\/41txpy25P5S._SL500_.jpg\",\"width\":500,\"height\":318},{\"@type\":\"BreadcrumbList\",\"@id\":\"https:\\\/\\\/marktxxl.de\\\/markt\\\/produkt\\\/nivea-3in1-hey-beautiful-mizellen-reinigungstuecher-25-stueck-sanfte-gesichtsreinigungstuecher-mit-vitamin-e-abschminktuecher-entfernen-make-up-wasserfeste-mascara\\\/#breadcrumb\",\"itemListElement\":[{\"@type\":\"ListItem\",\"position\":1,\"name\":\"Startseite\",\"item\":\"https:\\\/\\\/marktxxl.de\\\/markt\\\/\"},{\"@type\":\"ListItem\",\"position\":2,\"name\":\"Markt\",\"item\":\"https:\\\/\\\/marktxxl.de\\\/markt\\\/\"},{\"@type\":\"ListItem\",\"position\":3,\"name\":\"NIVEA 3in1 Hello Beautiful! Mizellen Reinigungst\u00fccher (25 St\u00fcck), sanfte Gesichtsreinigungst\u00fccher mit Vitamin E\u2026\"}]},{\"@type\":\"WebSite\",\"@id\":\"https:\\\/\\\/marktxxl.de\\\/markt\\\/#website\",\"url\":\"https:\\\/\\\/marktxxl.de\\\/markt\\\/\",\"name\":\"Markt-XXL\",\"description\":\"Ihr Markt Online\",\"publisher\":{\"@id\":\"https:\\\/\\\/marktxxl.de\\\/markt\\\/#organization\"},\"potentialAction\":[{\"@type\":\"SearchAction\",\"target\":{\"@type\":\"EntryPoint\",\"urlTemplate\":\"https:\\\/\\\/marktxxl.de\\\/markt\\\/?s={search_term_string}\"},\"query-input\":{\"@type\":\"PropertyValueSpecification\",\"valueRequired\":true,\"valueName\":\"search_term_string\"}}],\"inLanguage\":\"de\"},{\"@type\":\"Organization\",\"@id\":\"https:\\\/\\\/marktxxl.de\\\/markt\\\/#organization\",\"name\":\"Markt-XXL\",\"url\":\"https:\\\/\\\/marktxxl.de\\\/markt\\\/\",\"logo\":{\"@type\":\"ImageObject\",\"inLanguage\":\"de\",\"@id\":\"https:\\\/\\\/marktxxl.de\\\/markt\\\/#\\\/schema\\\/logo\\\/image\\\/\",\"url\":\"https:\\\/\\\/marktxxl.de\\\/markt\\\/wp-content\\\/uploads\\\/sites\\\/3\\\/2020\\\/12\\\/logo.png\",\"contentUrl\":\"https:\\\/\\\/marktxxl.de\\\/markt\\\/wp-content\\\/uploads\\\/sites\\\/3\\\/2020\\\/12\\\/logo.png\",\"width\":200,\"height\":70,\"caption\":\"Markt-XXL\"},\"image\":{\"@id\":\"https:\\\/\\\/marktxxl.de\\\/markt\\\/#\\\/schema\\\/logo\\\/image\\\/\"}}]}<\/script>\n<!-- \/ Yoast SEO plugin. -->","yoast_head_json":{"title":"NIVEA 3in1 Hello Beautiful! Mizellen Reinigungst\u00fccher (25 St\u00fcck), sanfte Gesichtsreinigungst\u00fccher mit Vitamin E\u2026 - Markt-XXL","description":"Markt-XXL NIVEA 3in1 Hello Beautiful! Mizellen Reinigungst\u00fccher (25 St\u00fcck), sanfte Gesichtsreinigungst\u00fccher mit Vitamin E\u2026","robots":{"index":"index","follow":"follow","max-snippet":"max-snippet:-1","max-image-preview":"max-image-preview:large","max-video-preview":"max-video-preview:-1"},"canonical":"https:\/\/marktxxl.de\/markt\/produkt\/nivea-3in1-hey-beautiful-mizellen-reinigungstuecher-25-stueck-sanfte-gesichtsreinigungstuecher-mit-vitamin-e-abschminktuecher-entfernen-make-up-wasserfeste-mascara\/","og_locale":"de_DE","og_type":"article","og_title":"NIVEA 3in1 Hello Beautiful! Mizellen Reinigungst\u00fccher (25 St\u00fcck), sanfte Gesichtsreinigungst\u00fccher mit Vitamin E\u2026 - Markt-XXL","og_description":"Markt-XXL NIVEA 3in1 Hello Beautiful! Mizellen Reinigungst\u00fccher (25 St\u00fcck), sanfte Gesichtsreinigungst\u00fccher mit Vitamin E\u2026","og_url":"https:\/\/marktxxl.de\/markt\/produkt\/nivea-3in1-hey-beautiful-mizellen-reinigungstuecher-25-stueck-sanfte-gesichtsreinigungstuecher-mit-vitamin-e-abschminktuecher-entfernen-make-up-wasserfeste-mascara\/","og_site_name":"Markt-XXL","article_modified_time":"2023-04-09T00:14:28+00:00","og_image":[{"width":500,"height":318,"url":"https:\/\/m.media-amazon.com\/images\/I\/41txpy25P5S._SL500_.jpg","type":"image\/jpeg"}],"twitter_card":"summary_large_image","twitter_misc":{"Gesch\u00e4tzte Lesezeit":"1\u00a0Minute"},"schema":{"@context":"https:\/\/schema.org","@graph":[{"@type":"WebPage","@id":"https:\/\/marktxxl.de\/markt\/produkt\/nivea-3in1-hey-beautiful-mizellen-reinigungstuecher-25-stueck-sanfte-gesichtsreinigungstuecher-mit-vitamin-e-abschminktuecher-entfernen-make-up-wasserfeste-mascara\/","url":"https:\/\/marktxxl.de\/markt\/produkt\/nivea-3in1-hey-beautiful-mizellen-reinigungstuecher-25-stueck-sanfte-gesichtsreinigungstuecher-mit-vitamin-e-abschminktuecher-entfernen-make-up-wasserfeste-mascara\/","name":"NIVEA 3in1 Hello Beautiful! Mizellen Reinigungst\u00fccher (25 St\u00fcck), sanfte Gesichtsreinigungst\u00fccher mit Vitamin E\u2026 - Markt-XXL","isPartOf":{"@id":"https:\/\/marktxxl.de\/markt\/#website"},"primaryImageOfPage":{"@id":"https:\/\/marktxxl.de\/markt\/produkt\/nivea-3in1-hey-beautiful-mizellen-reinigungstuecher-25-stueck-sanfte-gesichtsreinigungstuecher-mit-vitamin-e-abschminktuecher-entfernen-make-up-wasserfeste-mascara\/#primaryimage"},"image":{"@id":"https:\/\/marktxxl.de\/markt\/produkt\/nivea-3in1-hey-beautiful-mizellen-reinigungstuecher-25-stueck-sanfte-gesichtsreinigungstuecher-mit-vitamin-e-abschminktuecher-entfernen-make-up-wasserfeste-mascara\/#primaryimage"},"thumbnailUrl":"https:\/\/m.media-amazon.com\/images\/I\/41txpy25P5S._SL500_.jpg","datePublished":"2021-11-12T21:13:00+00:00","dateModified":"2023-04-09T00:14:28+00:00","description":"Markt-XXL NIVEA 3in1 Hello Beautiful! Mizellen Reinigungst\u00fccher (25 St\u00fcck), sanfte Gesichtsreinigungst\u00fccher mit Vitamin E\u2026","breadcrumb":{"@id":"https:\/\/marktxxl.de\/markt\/produkt\/nivea-3in1-hey-beautiful-mizellen-reinigungstuecher-25-stueck-sanfte-gesichtsreinigungstuecher-mit-vitamin-e-abschminktuecher-entfernen-make-up-wasserfeste-mascara\/#breadcrumb"},"inLanguage":"de","potentialAction":[{"@type":"ReadAction","target":["https:\/\/marktxxl.de\/markt\/produkt\/nivea-3in1-hey-beautiful-mizellen-reinigungstuecher-25-stueck-sanfte-gesichtsreinigungstuecher-mit-vitamin-e-abschminktuecher-entfernen-make-up-wasserfeste-mascara\/"]}]},{"@type":"ImageObject","inLanguage":"de","@id":"https:\/\/marktxxl.de\/markt\/produkt\/nivea-3in1-hey-beautiful-mizellen-reinigungstuecher-25-stueck-sanfte-gesichtsreinigungstuecher-mit-vitamin-e-abschminktuecher-entfernen-make-up-wasserfeste-mascara\/#primaryimage","url":"https:\/\/m.media-amazon.com\/images\/I\/41txpy25P5S._SL500_.jpg","contentUrl":"https:\/\/m.media-amazon.com\/images\/I\/41txpy25P5S._SL500_.jpg","width":500,"height":318},{"@type":"BreadcrumbList","@id":"https:\/\/marktxxl.de\/markt\/produkt\/nivea-3in1-hey-beautiful-mizellen-reinigungstuecher-25-stueck-sanfte-gesichtsreinigungstuecher-mit-vitamin-e-abschminktuecher-entfernen-make-up-wasserfeste-mascara\/#breadcrumb","itemListElement":[{"@type":"ListItem","position":1,"name":"Startseite","item":"https:\/\/marktxxl.de\/markt\/"},{"@type":"ListItem","position":2,"name":"Markt","item":"https:\/\/marktxxl.de\/markt\/"},{"@type":"ListItem","position":3,"name":"NIVEA 3in1 Hello Beautiful! Mizellen Reinigungst\u00fccher (25 St\u00fcck), sanfte Gesichtsreinigungst\u00fccher mit Vitamin E\u2026"}]},{"@type":"WebSite","@id":"https:\/\/marktxxl.de\/markt\/#website","url":"https:\/\/marktxxl.de\/markt\/","name":"Markt-XXL","description":"Ihr Markt Online","publisher":{"@id":"https:\/\/marktxxl.de\/markt\/#organization"},"potentialAction":[{"@type":"SearchAction","target":{"@type":"EntryPoint","urlTemplate":"https:\/\/marktxxl.de\/markt\/?s={search_term_string}"},"query-input":{"@type":"PropertyValueSpecification","valueRequired":true,"valueName":"search_term_string"}}],"inLanguage":"de"},{"@type":"Organization","@id":"https:\/\/marktxxl.de\/markt\/#organization","name":"Markt-XXL","url":"https:\/\/marktxxl.de\/markt\/","logo":{"@type":"ImageObject","inLanguage":"de","@id":"https:\/\/marktxxl.de\/markt\/#\/schema\/logo\/image\/","url":"https:\/\/marktxxl.de\/markt\/wp-content\/uploads\/sites\/3\/2020\/12\/logo.png","contentUrl":"https:\/\/marktxxl.de\/markt\/wp-content\/uploads\/sites\/3\/2020\/12\/logo.png","width":200,"height":70,"caption":"Markt-XXL"},"image":{"@id":"https:\/\/marktxxl.de\/markt\/#\/schema\/logo\/image\/"}}]}},"_links":{"self":[{"href":"https:\/\/marktxxl.de\/markt\/wp-json\/wp\/v2\/product\/70294","targetHints":{"allow":["GET"]}}],"collection":[{"href":"https:\/\/marktxxl.de\/markt\/wp-json\/wp\/v2\/product"}],"about":[{"href":"https:\/\/marktxxl.de\/markt\/wp-json\/wp\/v2\/types\/product"}],"replies":[{"embeddable":true,"href":"https:\/\/marktxxl.de\/markt\/wp-json\/wp\/v2\/comments?post=70294"}],"wp:featuredmedia":[{"embeddable":true,"href":"https:\/\/marktxxl.de\/markt\/wp-json\/wp\/v2\/media\/70295"}],"wp:attachment":[{"href":"https:\/\/marktxxl.de\/markt\/wp-json\/wp\/v2\/media?parent=70294"}],"wp:term":[{"taxonomy":"product_brand","embeddable":true,"href":"https:\/\/marktxxl.de\/markt\/wp-json\/wp\/v2\/product_brand?post=70294"},{"taxonomy":"product_cat","embeddable":true,"href":"https:\/\/marktxxl.de\/markt\/wp-json\/wp\/v2\/product_cat?post=70294"},{"taxonomy":"product_tag","embeddable":true,"href":"https:\/\/marktxxl.de\/markt\/wp-json\/wp\/v2\/product_tag?post=70294"}],"curies":[{"name":"wp","href":"https:\/\/api.w.org\/{rel}","templated":true}]}}