{"id":70170,"date":"2021-11-12T22:10:06","date_gmt":"2021-11-12T21:10:06","guid":{"rendered":"https:\/\/marktxxl.de\/markt\/produkt\/kascin-pickel-patch-hydrocolloid-39-akne-patches-made-in-korea-pimple-acne-patch-pflaster-in-zwei-groessen-24-x-12mm-o-und-15-x-10mm-o\/"},"modified":"2023-04-11T02:42:23","modified_gmt":"2023-04-11T00:42:23","slug":"kascin-pickel-patch-hydrocolloid-39-akne-patches-made-in-korea-pimple-acne-patch-pflaster-in-zwei-groessen-24-x-12mm-o-und-15-x-10mm-o","status":"publish","type":"product","link":"https:\/\/marktxxl.de\/markt\/produkt\/kascin-pickel-patch-hydrocolloid-39-akne-patches-made-in-korea-pimple-acne-patch-pflaster-in-zwei-groessen-24-x-12mm-o-und-15-x-10mm-o\/","title":{"rendered":"KASCIN Premium Pickel Patch Hydrocolloid &#8211; 39 Akne Patches &#8211; Made in Korea &#8211; Pimple Acne Patch Pflaster in zwei Gr\u00f6\u00dfen\u2026"},"content":{"rendered":"<p>SICHTBARE WIRKUNG &#8211; Nach der Anwendung befinden sich die \u00dcberreste des Pickels aufgesogen in dem Patch<br \/>\nTROCKNET DIE HAUT NICHT AUS &#8211; Anders als herk\u00f6mliche &#8220;Anti-Pickel-Produkte&#8221; wird die Haut durch KASCIN Acne Patches nicht ausgetrocknet. Der Wirkstoff Hydrokolloid zieht \u00fcber Nacht Eiter aus dem Pickel und sch\u00fctzt gleichzeitig vor Schmutz und ungewollten Ber\u00fchrungen<br \/>\nKINDERLEICHTE ANWENDUNG &#8211; Klebe nach der Gesichtsreinigung einfach einen Patch in der passenden Gr\u00f6\u00dfe auf den Pickel. Anschlie\u00dfend k\u00f6nnen Toner, Gesichtscreme oder andere Pflegeprodukte verwendet werden. Nach 6 Stunden kann der Acne Patch entfernt werden<br \/>\nNAT\u00dcRLICHE INHALTSSTOFFE &#8211; Unsere Patches bestehen zu 100% aus dem Wirkstoff Hydrocolloid. Enth\u00e4lt weder Sulfate, Parabene, Alkohol noch Parfum. Selbstverst\u00e4ndlich Tierversuchsfrei<br \/>\nF\u00dcR ALLE HAUTTYPEN GEEIGNET &#8211; Die Acne Patches eignen sich f\u00fcr jeden Hauttyp, jedes Alter oder Geschlecht und sind dank der abgeflachten R\u00e4nder kaum auf der Haut erkennbar<br \/>\n<div class=\"main-cross-sell\" data-asin=\"B0829FWBTJ\">\n\n\t<div class=\"WooZone-cross-sell-loader\">\n\t\t<div>\n\t\t\t<div id=\"floatingBarsG\">\n\t\t\t\t<div class=\"blockG\" id=\"rotateG_01\"><\/div>\n\t\t\t\t<div class=\"blockG\" id=\"rotateG_02\"><\/div>\n\t\t\t\t<div class=\"blockG\" id=\"rotateG_03\"><\/div>\n\t\t\t\t<div class=\"blockG\" id=\"rotateG_04\"><\/div>\n\t\t\t\t<div class=\"blockG\" id=\"rotateG_05\"><\/div>\n\t\t\t\t<div class=\"blockG\" id=\"rotateG_06\"><\/div>\n\t\t\t\t<div class=\"blockG\" id=\"rotateG_07\"><\/div>\n\t\t\t\t<div class=\"blockG\" id=\"rotateG_08\"><\/div>\n\t\t\t<\/div>\n\t\t\t<div class=\"WooZone-cross-sell-loader-text\"><\/div>\n\t\t<\/div>\n\t<\/div>\n\n\t\t\n<\/div>\n<div style=\"clear:both;\"><\/div><\/p>\n","protected":false},"excerpt":{"rendered":"<p>SICHTBARE WIRKUNG &#8211; Nach der Anwendung befinden sich die \u00dcberreste des Pickels aufgesogen in dem Patch<br \/>\nTROCKNET DIE HAUT NICHT AUS &#8211; Anders als herk\u00f6mliche &#8220;Anti-Pickel-Produkte&#8221; wird die Haut durch KASCIN Acne Patches nicht ausgetrocknet. Der Wirkstoff Hydrokolloid zieht \u00fcber Nacht Eiter aus dem Pickel und sch\u00fctzt gleichzeitig vor Schmutz und ungewollten Ber\u00fchrungen<br \/>\nKINDERLEICHTE ANWENDUNG &#8211; Klebe nach der Gesichtsreinigung einfach einen Patch in der passenden Gr\u00f6\u00dfe auf den Pickel. Anschlie\u00dfend k\u00f6nnen Toner, Gesichtscreme oder andere Pflegeprodukte verwendet werden. Nach 6 Stunden kann der Acne Patch entfernt werden<\/p>\n","protected":false},"featured_media":70171,"comment_status":"open","ping_status":"closed","template":"","meta":[],"product_brand":[],"product_cat":[2858,7067],"product_tag":[],"class_list":{"0":"post-70170","1":"product","2":"type-product","3":"status-publish","4":"has-post-thumbnail","6":"product_cat-beauty","7":"product_cat-hautpflege","8":"pa_brand-kascin","9":"pa_height-0-8661417314-zoll","10":"pa_length-5-511811018-zoll","11":"pa_size-39-stueck-1er-pack","12":"pa_width-3-149606296-zoll","14":"first","15":"instock","16":"shipping-taxable","17":"purchasable","18":"product-type-simple","19":"customify-col","20":"product-has-gallery"},"yoast_head":"<!-- This site is optimized with the Yoast SEO plugin v27.4 - https:\/\/yoast.com\/product\/yoast-seo-wordpress\/ -->\n<title>KASCIN Premium Pickel Patch Hydrocolloid - 39 Akne Patches - Made in Korea - Pimple Acne Patch Pflaster in zwei Gr\u00f6\u00dfen\u2026 - Markt-XXL<\/title>\n<meta name=\"description\" content=\"Markt-XXL KASCIN Premium Pickel Patch Hydrocolloid - 39 Akne Patches - Made in Korea - Pimple Acne Patch Pflaster in zwei Gr\u00f6\u00dfen\u2026\" \/>\n<meta name=\"robots\" content=\"index, follow, max-snippet:-1, max-image-preview:large, max-video-preview:-1\" \/>\n<link rel=\"canonical\" href=\"https:\/\/marktxxl.de\/markt\/produkt\/kascin-pickel-patch-hydrocolloid-39-akne-patches-made-in-korea-pimple-acne-patch-pflaster-in-zwei-groessen-24-x-12mm-o-und-15-x-10mm-o\/\" \/>\n<meta property=\"og:locale\" content=\"de_DE\" \/>\n<meta property=\"og:type\" content=\"article\" \/>\n<meta property=\"og:title\" content=\"KASCIN Premium Pickel Patch Hydrocolloid - 39 Akne Patches - Made in Korea - Pimple Acne Patch Pflaster in zwei Gr\u00f6\u00dfen\u2026 - Markt-XXL\" \/>\n<meta property=\"og:description\" content=\"Markt-XXL KASCIN Premium Pickel Patch Hydrocolloid - 39 Akne Patches - Made in Korea - Pimple Acne Patch Pflaster in zwei Gr\u00f6\u00dfen\u2026\" \/>\n<meta property=\"og:url\" content=\"https:\/\/marktxxl.de\/markt\/produkt\/kascin-pickel-patch-hydrocolloid-39-akne-patches-made-in-korea-pimple-acne-patch-pflaster-in-zwei-groessen-24-x-12mm-o-und-15-x-10mm-o\/\" \/>\n<meta property=\"og:site_name\" content=\"Markt-XXL\" \/>\n<meta property=\"article:modified_time\" content=\"2023-04-11T00:42:23+00:00\" \/>\n<meta property=\"og:image\" content=\"https:\/\/m.media-amazon.com\/images\/I\/31PmzkeQWLL._SL500_.jpg\" \/>\n\t<meta property=\"og:image:width\" content=\"500\" \/>\n\t<meta property=\"og:image:height\" content=\"500\" \/>\n\t<meta property=\"og:image:type\" content=\"image\/jpeg\" \/>\n<meta name=\"twitter:card\" content=\"summary_large_image\" \/>\n<meta name=\"twitter:label1\" content=\"Gesch\u00e4tzte Lesezeit\" \/>\n\t<meta name=\"twitter:data1\" content=\"1\u00a0Minute\" \/>\n<script type=\"application\/ld+json\" class=\"yoast-schema-graph\">{\"@context\":\"https:\\\/\\\/schema.org\",\"@graph\":[{\"@type\":\"WebPage\",\"@id\":\"https:\\\/\\\/marktxxl.de\\\/markt\\\/produkt\\\/kascin-pickel-patch-hydrocolloid-39-akne-patches-made-in-korea-pimple-acne-patch-pflaster-in-zwei-groessen-24-x-12mm-o-und-15-x-10mm-o\\\/\",\"url\":\"https:\\\/\\\/marktxxl.de\\\/markt\\\/produkt\\\/kascin-pickel-patch-hydrocolloid-39-akne-patches-made-in-korea-pimple-acne-patch-pflaster-in-zwei-groessen-24-x-12mm-o-und-15-x-10mm-o\\\/\",\"name\":\"KASCIN Premium Pickel Patch Hydrocolloid - 39 Akne Patches - Made in Korea - Pimple Acne Patch Pflaster in zwei Gr\u00f6\u00dfen\u2026 - Markt-XXL\",\"isPartOf\":{\"@id\":\"https:\\\/\\\/marktxxl.de\\\/markt\\\/#website\"},\"primaryImageOfPage\":{\"@id\":\"https:\\\/\\\/marktxxl.de\\\/markt\\\/produkt\\\/kascin-pickel-patch-hydrocolloid-39-akne-patches-made-in-korea-pimple-acne-patch-pflaster-in-zwei-groessen-24-x-12mm-o-und-15-x-10mm-o\\\/#primaryimage\"},\"image\":{\"@id\":\"https:\\\/\\\/marktxxl.de\\\/markt\\\/produkt\\\/kascin-pickel-patch-hydrocolloid-39-akne-patches-made-in-korea-pimple-acne-patch-pflaster-in-zwei-groessen-24-x-12mm-o-und-15-x-10mm-o\\\/#primaryimage\"},\"thumbnailUrl\":\"https:\\\/\\\/m.media-amazon.com\\\/images\\\/I\\\/31PmzkeQWLL._SL500_.jpg\",\"datePublished\":\"2021-11-12T21:10:06+00:00\",\"dateModified\":\"2023-04-11T00:42:23+00:00\",\"description\":\"Markt-XXL KASCIN Premium Pickel Patch Hydrocolloid - 39 Akne Patches - Made in Korea - Pimple Acne Patch Pflaster in zwei Gr\u00f6\u00dfen\u2026\",\"breadcrumb\":{\"@id\":\"https:\\\/\\\/marktxxl.de\\\/markt\\\/produkt\\\/kascin-pickel-patch-hydrocolloid-39-akne-patches-made-in-korea-pimple-acne-patch-pflaster-in-zwei-groessen-24-x-12mm-o-und-15-x-10mm-o\\\/#breadcrumb\"},\"inLanguage\":\"de\",\"potentialAction\":[{\"@type\":\"ReadAction\",\"target\":[\"https:\\\/\\\/marktxxl.de\\\/markt\\\/produkt\\\/kascin-pickel-patch-hydrocolloid-39-akne-patches-made-in-korea-pimple-acne-patch-pflaster-in-zwei-groessen-24-x-12mm-o-und-15-x-10mm-o\\\/\"]}]},{\"@type\":\"ImageObject\",\"inLanguage\":\"de\",\"@id\":\"https:\\\/\\\/marktxxl.de\\\/markt\\\/produkt\\\/kascin-pickel-patch-hydrocolloid-39-akne-patches-made-in-korea-pimple-acne-patch-pflaster-in-zwei-groessen-24-x-12mm-o-und-15-x-10mm-o\\\/#primaryimage\",\"url\":\"https:\\\/\\\/m.media-amazon.com\\\/images\\\/I\\\/31PmzkeQWLL._SL500_.jpg\",\"contentUrl\":\"https:\\\/\\\/m.media-amazon.com\\\/images\\\/I\\\/31PmzkeQWLL._SL500_.jpg\",\"width\":500,\"height\":500},{\"@type\":\"BreadcrumbList\",\"@id\":\"https:\\\/\\\/marktxxl.de\\\/markt\\\/produkt\\\/kascin-pickel-patch-hydrocolloid-39-akne-patches-made-in-korea-pimple-acne-patch-pflaster-in-zwei-groessen-24-x-12mm-o-und-15-x-10mm-o\\\/#breadcrumb\",\"itemListElement\":[{\"@type\":\"ListItem\",\"position\":1,\"name\":\"Startseite\",\"item\":\"https:\\\/\\\/marktxxl.de\\\/markt\\\/\"},{\"@type\":\"ListItem\",\"position\":2,\"name\":\"Markt\",\"item\":\"https:\\\/\\\/marktxxl.de\\\/markt\\\/\"},{\"@type\":\"ListItem\",\"position\":3,\"name\":\"KASCIN Premium Pickel Patch Hydrocolloid &#8211; 39 Akne Patches &#8211; Made in Korea &#8211; Pimple Acne Patch Pflaster in zwei Gr\u00f6\u00dfen\u2026\"}]},{\"@type\":\"WebSite\",\"@id\":\"https:\\\/\\\/marktxxl.de\\\/markt\\\/#website\",\"url\":\"https:\\\/\\\/marktxxl.de\\\/markt\\\/\",\"name\":\"Markt-XXL\",\"description\":\"Ihr Markt Online\",\"publisher\":{\"@id\":\"https:\\\/\\\/marktxxl.de\\\/markt\\\/#organization\"},\"potentialAction\":[{\"@type\":\"SearchAction\",\"target\":{\"@type\":\"EntryPoint\",\"urlTemplate\":\"https:\\\/\\\/marktxxl.de\\\/markt\\\/?s={search_term_string}\"},\"query-input\":{\"@type\":\"PropertyValueSpecification\",\"valueRequired\":true,\"valueName\":\"search_term_string\"}}],\"inLanguage\":\"de\"},{\"@type\":\"Organization\",\"@id\":\"https:\\\/\\\/marktxxl.de\\\/markt\\\/#organization\",\"name\":\"Markt-XXL\",\"url\":\"https:\\\/\\\/marktxxl.de\\\/markt\\\/\",\"logo\":{\"@type\":\"ImageObject\",\"inLanguage\":\"de\",\"@id\":\"https:\\\/\\\/marktxxl.de\\\/markt\\\/#\\\/schema\\\/logo\\\/image\\\/\",\"url\":\"https:\\\/\\\/marktxxl.de\\\/markt\\\/wp-content\\\/uploads\\\/sites\\\/3\\\/2020\\\/12\\\/logo.png\",\"contentUrl\":\"https:\\\/\\\/marktxxl.de\\\/markt\\\/wp-content\\\/uploads\\\/sites\\\/3\\\/2020\\\/12\\\/logo.png\",\"width\":200,\"height\":70,\"caption\":\"Markt-XXL\"},\"image\":{\"@id\":\"https:\\\/\\\/marktxxl.de\\\/markt\\\/#\\\/schema\\\/logo\\\/image\\\/\"}}]}<\/script>\n<!-- \/ Yoast SEO plugin. -->","yoast_head_json":{"title":"KASCIN Premium Pickel Patch Hydrocolloid - 39 Akne Patches - Made in Korea - Pimple Acne Patch Pflaster in zwei Gr\u00f6\u00dfen\u2026 - Markt-XXL","description":"Markt-XXL KASCIN Premium Pickel Patch Hydrocolloid - 39 Akne Patches - Made in Korea - Pimple Acne Patch Pflaster in zwei Gr\u00f6\u00dfen\u2026","robots":{"index":"index","follow":"follow","max-snippet":"max-snippet:-1","max-image-preview":"max-image-preview:large","max-video-preview":"max-video-preview:-1"},"canonical":"https:\/\/marktxxl.de\/markt\/produkt\/kascin-pickel-patch-hydrocolloid-39-akne-patches-made-in-korea-pimple-acne-patch-pflaster-in-zwei-groessen-24-x-12mm-o-und-15-x-10mm-o\/","og_locale":"de_DE","og_type":"article","og_title":"KASCIN Premium Pickel Patch Hydrocolloid - 39 Akne Patches - Made in Korea - Pimple Acne Patch Pflaster in zwei Gr\u00f6\u00dfen\u2026 - Markt-XXL","og_description":"Markt-XXL KASCIN Premium Pickel Patch Hydrocolloid - 39 Akne Patches - Made in Korea - Pimple Acne Patch Pflaster in zwei Gr\u00f6\u00dfen\u2026","og_url":"https:\/\/marktxxl.de\/markt\/produkt\/kascin-pickel-patch-hydrocolloid-39-akne-patches-made-in-korea-pimple-acne-patch-pflaster-in-zwei-groessen-24-x-12mm-o-und-15-x-10mm-o\/","og_site_name":"Markt-XXL","article_modified_time":"2023-04-11T00:42:23+00:00","og_image":[{"width":500,"height":500,"url":"https:\/\/m.media-amazon.com\/images\/I\/31PmzkeQWLL._SL500_.jpg","type":"image\/jpeg"}],"twitter_card":"summary_large_image","twitter_misc":{"Gesch\u00e4tzte Lesezeit":"1\u00a0Minute"},"schema":{"@context":"https:\/\/schema.org","@graph":[{"@type":"WebPage","@id":"https:\/\/marktxxl.de\/markt\/produkt\/kascin-pickel-patch-hydrocolloid-39-akne-patches-made-in-korea-pimple-acne-patch-pflaster-in-zwei-groessen-24-x-12mm-o-und-15-x-10mm-o\/","url":"https:\/\/marktxxl.de\/markt\/produkt\/kascin-pickel-patch-hydrocolloid-39-akne-patches-made-in-korea-pimple-acne-patch-pflaster-in-zwei-groessen-24-x-12mm-o-und-15-x-10mm-o\/","name":"KASCIN Premium Pickel Patch Hydrocolloid - 39 Akne Patches - Made in Korea - Pimple Acne Patch Pflaster in zwei Gr\u00f6\u00dfen\u2026 - Markt-XXL","isPartOf":{"@id":"https:\/\/marktxxl.de\/markt\/#website"},"primaryImageOfPage":{"@id":"https:\/\/marktxxl.de\/markt\/produkt\/kascin-pickel-patch-hydrocolloid-39-akne-patches-made-in-korea-pimple-acne-patch-pflaster-in-zwei-groessen-24-x-12mm-o-und-15-x-10mm-o\/#primaryimage"},"image":{"@id":"https:\/\/marktxxl.de\/markt\/produkt\/kascin-pickel-patch-hydrocolloid-39-akne-patches-made-in-korea-pimple-acne-patch-pflaster-in-zwei-groessen-24-x-12mm-o-und-15-x-10mm-o\/#primaryimage"},"thumbnailUrl":"https:\/\/m.media-amazon.com\/images\/I\/31PmzkeQWLL._SL500_.jpg","datePublished":"2021-11-12T21:10:06+00:00","dateModified":"2023-04-11T00:42:23+00:00","description":"Markt-XXL KASCIN Premium Pickel Patch Hydrocolloid - 39 Akne Patches - Made in Korea - Pimple Acne Patch Pflaster in zwei Gr\u00f6\u00dfen\u2026","breadcrumb":{"@id":"https:\/\/marktxxl.de\/markt\/produkt\/kascin-pickel-patch-hydrocolloid-39-akne-patches-made-in-korea-pimple-acne-patch-pflaster-in-zwei-groessen-24-x-12mm-o-und-15-x-10mm-o\/#breadcrumb"},"inLanguage":"de","potentialAction":[{"@type":"ReadAction","target":["https:\/\/marktxxl.de\/markt\/produkt\/kascin-pickel-patch-hydrocolloid-39-akne-patches-made-in-korea-pimple-acne-patch-pflaster-in-zwei-groessen-24-x-12mm-o-und-15-x-10mm-o\/"]}]},{"@type":"ImageObject","inLanguage":"de","@id":"https:\/\/marktxxl.de\/markt\/produkt\/kascin-pickel-patch-hydrocolloid-39-akne-patches-made-in-korea-pimple-acne-patch-pflaster-in-zwei-groessen-24-x-12mm-o-und-15-x-10mm-o\/#primaryimage","url":"https:\/\/m.media-amazon.com\/images\/I\/31PmzkeQWLL._SL500_.jpg","contentUrl":"https:\/\/m.media-amazon.com\/images\/I\/31PmzkeQWLL._SL500_.jpg","width":500,"height":500},{"@type":"BreadcrumbList","@id":"https:\/\/marktxxl.de\/markt\/produkt\/kascin-pickel-patch-hydrocolloid-39-akne-patches-made-in-korea-pimple-acne-patch-pflaster-in-zwei-groessen-24-x-12mm-o-und-15-x-10mm-o\/#breadcrumb","itemListElement":[{"@type":"ListItem","position":1,"name":"Startseite","item":"https:\/\/marktxxl.de\/markt\/"},{"@type":"ListItem","position":2,"name":"Markt","item":"https:\/\/marktxxl.de\/markt\/"},{"@type":"ListItem","position":3,"name":"KASCIN Premium Pickel Patch Hydrocolloid &#8211; 39 Akne Patches &#8211; Made in Korea &#8211; Pimple Acne Patch Pflaster in zwei Gr\u00f6\u00dfen\u2026"}]},{"@type":"WebSite","@id":"https:\/\/marktxxl.de\/markt\/#website","url":"https:\/\/marktxxl.de\/markt\/","name":"Markt-XXL","description":"Ihr Markt Online","publisher":{"@id":"https:\/\/marktxxl.de\/markt\/#organization"},"potentialAction":[{"@type":"SearchAction","target":{"@type":"EntryPoint","urlTemplate":"https:\/\/marktxxl.de\/markt\/?s={search_term_string}"},"query-input":{"@type":"PropertyValueSpecification","valueRequired":true,"valueName":"search_term_string"}}],"inLanguage":"de"},{"@type":"Organization","@id":"https:\/\/marktxxl.de\/markt\/#organization","name":"Markt-XXL","url":"https:\/\/marktxxl.de\/markt\/","logo":{"@type":"ImageObject","inLanguage":"de","@id":"https:\/\/marktxxl.de\/markt\/#\/schema\/logo\/image\/","url":"https:\/\/marktxxl.de\/markt\/wp-content\/uploads\/sites\/3\/2020\/12\/logo.png","contentUrl":"https:\/\/marktxxl.de\/markt\/wp-content\/uploads\/sites\/3\/2020\/12\/logo.png","width":200,"height":70,"caption":"Markt-XXL"},"image":{"@id":"https:\/\/marktxxl.de\/markt\/#\/schema\/logo\/image\/"}}]}},"_links":{"self":[{"href":"https:\/\/marktxxl.de\/markt\/wp-json\/wp\/v2\/product\/70170","targetHints":{"allow":["GET"]}}],"collection":[{"href":"https:\/\/marktxxl.de\/markt\/wp-json\/wp\/v2\/product"}],"about":[{"href":"https:\/\/marktxxl.de\/markt\/wp-json\/wp\/v2\/types\/product"}],"replies":[{"embeddable":true,"href":"https:\/\/marktxxl.de\/markt\/wp-json\/wp\/v2\/comments?post=70170"}],"wp:featuredmedia":[{"embeddable":true,"href":"https:\/\/marktxxl.de\/markt\/wp-json\/wp\/v2\/media\/70171"}],"wp:attachment":[{"href":"https:\/\/marktxxl.de\/markt\/wp-json\/wp\/v2\/media?parent=70170"}],"wp:term":[{"taxonomy":"product_brand","embeddable":true,"href":"https:\/\/marktxxl.de\/markt\/wp-json\/wp\/v2\/product_brand?post=70170"},{"taxonomy":"product_cat","embeddable":true,"href":"https:\/\/marktxxl.de\/markt\/wp-json\/wp\/v2\/product_cat?post=70170"},{"taxonomy":"product_tag","embeddable":true,"href":"https:\/\/marktxxl.de\/markt\/wp-json\/wp\/v2\/product_tag?post=70170"}],"curies":[{"name":"wp","href":"https:\/\/api.w.org\/{rel}","templated":true}]}}