{"id":69703,"date":"2021-11-12T21:48:49","date_gmt":"2021-11-12T20:48:49","guid":{"rendered":"https:\/\/marktxxl.de\/markt\/produkt\/cloud-nine-original-iron-glaetteisen-giftset\/"},"modified":"2023-04-11T02:42:17","modified_gmt":"2023-04-11T00:42:17","slug":"cloud-nine-original-iron-glaetteisen-giftset","status":"publish","type":"product","link":"https:\/\/marktxxl.de\/markt\/produkt\/cloud-nine-original-iron-glaetteisen-giftset\/","title":{"rendered":"CLOUD NINE Das Original Gl\u00e4tteisen \u2013 Mit Mineralien angereicherte Platten \u2013 Variable Temperatureinstellungen \u2013 Hei\u00df\u2026"},"content":{"rendered":"<p>Die variable Temperaturregelung umfasst Hitzeeinstellungen von 100\u00b0C bis 200\u00b0C f\u00fcr das Styling bei niedrigeren Temperaturen ohne unn\u00f6tige Hitze.<br \/>\nDie enthaltenen Heilmineralien Turmalin und Sericit helfen dabei, Sch\u00e4den zu minimieren und liefern maximalen Glanz. Die Mineralien Angereicherte Keramikplatten helfen dabei, Feuchtigkeit einzuschlie\u00dfen und die Haar zu versiegeln f\u00fcr extra Schutz beim Styling.<br \/>\nUnsere mit Mineralstoffen angereicherten, beweglichen Keramikplatten sind besonders schonend zu deinem Haar und verringern Ziehen und Reibung an deinem Haar, um so Spliss und Haarbruch vorzubeugen.<br \/>\nIn k\u00fcrzester Zeit aufheizen. Das Original Iron ben\u00f6tigt 20 Sekunden, um die Maximaltemperaturen zu erreichen.<br \/>\nAchtte darauf, dass sowohl das Produkt als auch die Oberfl\u00e4chen deiner M\u00f6bel vor Hitzesch\u00e4den und Verschlei\u00df mit dem eleganten Hitzeschutz gesch\u00fctzt sind.<br \/>\n<div class=\"main-cross-sell\" data-asin=\"B007VCN0D4\">\n\n\t<div class=\"WooZone-cross-sell-loader\">\n\t\t<div>\n\t\t\t<div id=\"floatingBarsG\">\n\t\t\t\t<div class=\"blockG\" id=\"rotateG_01\"><\/div>\n\t\t\t\t<div class=\"blockG\" id=\"rotateG_02\"><\/div>\n\t\t\t\t<div class=\"blockG\" id=\"rotateG_03\"><\/div>\n\t\t\t\t<div class=\"blockG\" id=\"rotateG_04\"><\/div>\n\t\t\t\t<div class=\"blockG\" id=\"rotateG_05\"><\/div>\n\t\t\t\t<div class=\"blockG\" id=\"rotateG_06\"><\/div>\n\t\t\t\t<div class=\"blockG\" id=\"rotateG_07\"><\/div>\n\t\t\t\t<div class=\"blockG\" id=\"rotateG_08\"><\/div>\n\t\t\t<\/div>\n\t\t\t<div class=\"WooZone-cross-sell-loader-text\"><\/div>\n\t\t<\/div>\n\t<\/div>\n\n\t\t\n<\/div>\n<div style=\"clear:both;\"><\/div><\/p>\n","protected":false},"excerpt":{"rendered":"<p>Die variable Temperaturregelung umfasst Hitzeeinstellungen von 100\u00b0C bis 200\u00b0C f\u00fcr das Styling bei niedrigeren Temperaturen ohne unn\u00f6tige Hitze.<br \/>\nDie enthaltenen Heilmineralien Turmalin und Sericit helfen dabei, Sch\u00e4den zu minimieren und liefern maximalen Glanz. Die Mineralien Angereicherte Keramikplatten helfen dabei, Feuchtigkeit einzuschlie\u00dfen und die Haar zu versiegeln f\u00fcr extra Schutz beim Styling.<br \/>\nUnsere mit Mineralstoffen angereicherten, beweglichen Keramikplatten sind besonders schonend zu deinem Haar und verringern Ziehen und Reibung an deinem Haar, um so Spliss und Haarbruch vorzubeugen.<\/p>\n","protected":false},"featured_media":69704,"comment_status":"open","ping_status":"closed","template":"","meta":[],"product_brand":[],"product_cat":[2858],"product_tag":[],"class_list":{"0":"post-69703","1":"product","2":"type-product","3":"status-publish","4":"has-post-thumbnail","6":"product_cat-beauty","7":"pa_binding-badartikel","8":"pa_brand-cloud-nine","9":"pa_height-1-38-zoll","10":"pa_languages-unbekannt-italienisch","11":"pa_length-10-43-zoll","12":"pa_manufacturer-cloud-nine","13":"pa_model-the-original","14":"pa_size-1-stueck-1er-pack","15":"pa_weight-0-881849048-pfund","16":"pa_width-1-18-zoll","18":"first","19":"instock","20":"shipping-taxable","21":"purchasable","22":"product-type-simple","23":"customify-col","24":"product-has-gallery"},"yoast_head":"<!-- This site is optimized with the Yoast SEO plugin v27.3 - https:\/\/yoast.com\/product\/yoast-seo-wordpress\/ -->\n<title>CLOUD NINE Das Original Gl\u00e4tteisen \u2013 Mit Mineralien angereicherte Platten \u2013 Variable Temperatureinstellungen \u2013 Hei\u00df\u2026 - Markt-XXL<\/title>\n<meta name=\"description\" content=\"Markt-XXL CLOUD NINE Das Original Gl\u00e4tteisen \u2013 Mit Mineralien angereicherte Platten \u2013 Variable Temperatureinstellungen \u2013 Hei\u00df\u2026\" \/>\n<meta name=\"robots\" content=\"index, follow, max-snippet:-1, max-image-preview:large, max-video-preview:-1\" \/>\n<link rel=\"canonical\" href=\"https:\/\/marktxxl.de\/markt\/produkt\/cloud-nine-original-iron-glaetteisen-giftset\/\" \/>\n<meta property=\"og:locale\" content=\"de_DE\" \/>\n<meta property=\"og:type\" content=\"article\" \/>\n<meta property=\"og:title\" content=\"CLOUD NINE Das Original Gl\u00e4tteisen \u2013 Mit Mineralien angereicherte Platten \u2013 Variable Temperatureinstellungen \u2013 Hei\u00df\u2026 - Markt-XXL\" \/>\n<meta property=\"og:description\" content=\"Markt-XXL CLOUD NINE Das Original Gl\u00e4tteisen \u2013 Mit Mineralien angereicherte Platten \u2013 Variable Temperatureinstellungen \u2013 Hei\u00df\u2026\" \/>\n<meta property=\"og:url\" content=\"https:\/\/marktxxl.de\/markt\/produkt\/cloud-nine-original-iron-glaetteisen-giftset\/\" \/>\n<meta property=\"og:site_name\" content=\"Markt-XXL\" \/>\n<meta property=\"article:modified_time\" content=\"2023-04-11T00:42:17+00:00\" \/>\n<meta property=\"og:image\" content=\"https:\/\/m.media-amazon.com\/images\/I\/41T6FAbHHcL._SL500_.jpg\" \/>\n\t<meta property=\"og:image:width\" content=\"500\" \/>\n\t<meta property=\"og:image:height\" content=\"478\" \/>\n\t<meta property=\"og:image:type\" content=\"image\/jpeg\" \/>\n<meta name=\"twitter:card\" content=\"summary_large_image\" \/>\n<meta name=\"twitter:label1\" content=\"Gesch\u00e4tzte Lesezeit\" \/>\n\t<meta name=\"twitter:data1\" content=\"1\u00a0Minute\" \/>\n<script type=\"application\/ld+json\" class=\"yoast-schema-graph\">{\"@context\":\"https:\\\/\\\/schema.org\",\"@graph\":[{\"@type\":\"WebPage\",\"@id\":\"https:\\\/\\\/marktxxl.de\\\/markt\\\/produkt\\\/cloud-nine-original-iron-glaetteisen-giftset\\\/\",\"url\":\"https:\\\/\\\/marktxxl.de\\\/markt\\\/produkt\\\/cloud-nine-original-iron-glaetteisen-giftset\\\/\",\"name\":\"CLOUD NINE Das Original Gl\u00e4tteisen \u2013 Mit Mineralien angereicherte Platten \u2013 Variable Temperatureinstellungen \u2013 Hei\u00df\u2026 - Markt-XXL\",\"isPartOf\":{\"@id\":\"https:\\\/\\\/marktxxl.de\\\/markt\\\/#website\"},\"primaryImageOfPage\":{\"@id\":\"https:\\\/\\\/marktxxl.de\\\/markt\\\/produkt\\\/cloud-nine-original-iron-glaetteisen-giftset\\\/#primaryimage\"},\"image\":{\"@id\":\"https:\\\/\\\/marktxxl.de\\\/markt\\\/produkt\\\/cloud-nine-original-iron-glaetteisen-giftset\\\/#primaryimage\"},\"thumbnailUrl\":\"https:\\\/\\\/m.media-amazon.com\\\/images\\\/I\\\/41T6FAbHHcL._SL500_.jpg\",\"datePublished\":\"2021-11-12T20:48:49+00:00\",\"dateModified\":\"2023-04-11T00:42:17+00:00\",\"description\":\"Markt-XXL CLOUD NINE Das Original Gl\u00e4tteisen \u2013 Mit Mineralien angereicherte Platten \u2013 Variable Temperatureinstellungen \u2013 Hei\u00df\u2026\",\"breadcrumb\":{\"@id\":\"https:\\\/\\\/marktxxl.de\\\/markt\\\/produkt\\\/cloud-nine-original-iron-glaetteisen-giftset\\\/#breadcrumb\"},\"inLanguage\":\"de\",\"potentialAction\":[{\"@type\":\"ReadAction\",\"target\":[\"https:\\\/\\\/marktxxl.de\\\/markt\\\/produkt\\\/cloud-nine-original-iron-glaetteisen-giftset\\\/\"]}]},{\"@type\":\"ImageObject\",\"inLanguage\":\"de\",\"@id\":\"https:\\\/\\\/marktxxl.de\\\/markt\\\/produkt\\\/cloud-nine-original-iron-glaetteisen-giftset\\\/#primaryimage\",\"url\":\"https:\\\/\\\/m.media-amazon.com\\\/images\\\/I\\\/41T6FAbHHcL._SL500_.jpg\",\"contentUrl\":\"https:\\\/\\\/m.media-amazon.com\\\/images\\\/I\\\/41T6FAbHHcL._SL500_.jpg\",\"width\":500,\"height\":478},{\"@type\":\"BreadcrumbList\",\"@id\":\"https:\\\/\\\/marktxxl.de\\\/markt\\\/produkt\\\/cloud-nine-original-iron-glaetteisen-giftset\\\/#breadcrumb\",\"itemListElement\":[{\"@type\":\"ListItem\",\"position\":1,\"name\":\"Startseite\",\"item\":\"https:\\\/\\\/marktxxl.de\\\/markt\\\/\"},{\"@type\":\"ListItem\",\"position\":2,\"name\":\"Markt\",\"item\":\"https:\\\/\\\/marktxxl.de\\\/markt\\\/\"},{\"@type\":\"ListItem\",\"position\":3,\"name\":\"CLOUD NINE Das Original Gl\u00e4tteisen \u2013 Mit Mineralien angereicherte Platten \u2013 Variable Temperatureinstellungen \u2013 Hei\u00df\u2026\"}]},{\"@type\":\"WebSite\",\"@id\":\"https:\\\/\\\/marktxxl.de\\\/markt\\\/#website\",\"url\":\"https:\\\/\\\/marktxxl.de\\\/markt\\\/\",\"name\":\"Markt-XXL\",\"description\":\"Ihr Markt Online\",\"publisher\":{\"@id\":\"https:\\\/\\\/marktxxl.de\\\/markt\\\/#organization\"},\"potentialAction\":[{\"@type\":\"SearchAction\",\"target\":{\"@type\":\"EntryPoint\",\"urlTemplate\":\"https:\\\/\\\/marktxxl.de\\\/markt\\\/?s={search_term_string}\"},\"query-input\":{\"@type\":\"PropertyValueSpecification\",\"valueRequired\":true,\"valueName\":\"search_term_string\"}}],\"inLanguage\":\"de\"},{\"@type\":\"Organization\",\"@id\":\"https:\\\/\\\/marktxxl.de\\\/markt\\\/#organization\",\"name\":\"Markt-XXL\",\"url\":\"https:\\\/\\\/marktxxl.de\\\/markt\\\/\",\"logo\":{\"@type\":\"ImageObject\",\"inLanguage\":\"de\",\"@id\":\"https:\\\/\\\/marktxxl.de\\\/markt\\\/#\\\/schema\\\/logo\\\/image\\\/\",\"url\":\"https:\\\/\\\/marktxxl.de\\\/markt\\\/wp-content\\\/uploads\\\/sites\\\/3\\\/2020\\\/12\\\/logo.png\",\"contentUrl\":\"https:\\\/\\\/marktxxl.de\\\/markt\\\/wp-content\\\/uploads\\\/sites\\\/3\\\/2020\\\/12\\\/logo.png\",\"width\":200,\"height\":70,\"caption\":\"Markt-XXL\"},\"image\":{\"@id\":\"https:\\\/\\\/marktxxl.de\\\/markt\\\/#\\\/schema\\\/logo\\\/image\\\/\"}}]}<\/script>\n<!-- \/ Yoast SEO plugin. -->","yoast_head_json":{"title":"CLOUD NINE Das Original Gl\u00e4tteisen \u2013 Mit Mineralien angereicherte Platten \u2013 Variable Temperatureinstellungen \u2013 Hei\u00df\u2026 - Markt-XXL","description":"Markt-XXL CLOUD NINE Das Original Gl\u00e4tteisen \u2013 Mit Mineralien angereicherte Platten \u2013 Variable Temperatureinstellungen \u2013 Hei\u00df\u2026","robots":{"index":"index","follow":"follow","max-snippet":"max-snippet:-1","max-image-preview":"max-image-preview:large","max-video-preview":"max-video-preview:-1"},"canonical":"https:\/\/marktxxl.de\/markt\/produkt\/cloud-nine-original-iron-glaetteisen-giftset\/","og_locale":"de_DE","og_type":"article","og_title":"CLOUD NINE Das Original Gl\u00e4tteisen \u2013 Mit Mineralien angereicherte Platten \u2013 Variable Temperatureinstellungen \u2013 Hei\u00df\u2026 - Markt-XXL","og_description":"Markt-XXL CLOUD NINE Das Original Gl\u00e4tteisen \u2013 Mit Mineralien angereicherte Platten \u2013 Variable Temperatureinstellungen \u2013 Hei\u00df\u2026","og_url":"https:\/\/marktxxl.de\/markt\/produkt\/cloud-nine-original-iron-glaetteisen-giftset\/","og_site_name":"Markt-XXL","article_modified_time":"2023-04-11T00:42:17+00:00","og_image":[{"width":500,"height":478,"url":"https:\/\/m.media-amazon.com\/images\/I\/41T6FAbHHcL._SL500_.jpg","type":"image\/jpeg"}],"twitter_card":"summary_large_image","twitter_misc":{"Gesch\u00e4tzte Lesezeit":"1\u00a0Minute"},"schema":{"@context":"https:\/\/schema.org","@graph":[{"@type":"WebPage","@id":"https:\/\/marktxxl.de\/markt\/produkt\/cloud-nine-original-iron-glaetteisen-giftset\/","url":"https:\/\/marktxxl.de\/markt\/produkt\/cloud-nine-original-iron-glaetteisen-giftset\/","name":"CLOUD NINE Das Original Gl\u00e4tteisen \u2013 Mit Mineralien angereicherte Platten \u2013 Variable Temperatureinstellungen \u2013 Hei\u00df\u2026 - Markt-XXL","isPartOf":{"@id":"https:\/\/marktxxl.de\/markt\/#website"},"primaryImageOfPage":{"@id":"https:\/\/marktxxl.de\/markt\/produkt\/cloud-nine-original-iron-glaetteisen-giftset\/#primaryimage"},"image":{"@id":"https:\/\/marktxxl.de\/markt\/produkt\/cloud-nine-original-iron-glaetteisen-giftset\/#primaryimage"},"thumbnailUrl":"https:\/\/m.media-amazon.com\/images\/I\/41T6FAbHHcL._SL500_.jpg","datePublished":"2021-11-12T20:48:49+00:00","dateModified":"2023-04-11T00:42:17+00:00","description":"Markt-XXL CLOUD NINE Das Original Gl\u00e4tteisen \u2013 Mit Mineralien angereicherte Platten \u2013 Variable Temperatureinstellungen \u2013 Hei\u00df\u2026","breadcrumb":{"@id":"https:\/\/marktxxl.de\/markt\/produkt\/cloud-nine-original-iron-glaetteisen-giftset\/#breadcrumb"},"inLanguage":"de","potentialAction":[{"@type":"ReadAction","target":["https:\/\/marktxxl.de\/markt\/produkt\/cloud-nine-original-iron-glaetteisen-giftset\/"]}]},{"@type":"ImageObject","inLanguage":"de","@id":"https:\/\/marktxxl.de\/markt\/produkt\/cloud-nine-original-iron-glaetteisen-giftset\/#primaryimage","url":"https:\/\/m.media-amazon.com\/images\/I\/41T6FAbHHcL._SL500_.jpg","contentUrl":"https:\/\/m.media-amazon.com\/images\/I\/41T6FAbHHcL._SL500_.jpg","width":500,"height":478},{"@type":"BreadcrumbList","@id":"https:\/\/marktxxl.de\/markt\/produkt\/cloud-nine-original-iron-glaetteisen-giftset\/#breadcrumb","itemListElement":[{"@type":"ListItem","position":1,"name":"Startseite","item":"https:\/\/marktxxl.de\/markt\/"},{"@type":"ListItem","position":2,"name":"Markt","item":"https:\/\/marktxxl.de\/markt\/"},{"@type":"ListItem","position":3,"name":"CLOUD NINE Das Original Gl\u00e4tteisen \u2013 Mit Mineralien angereicherte Platten \u2013 Variable Temperatureinstellungen \u2013 Hei\u00df\u2026"}]},{"@type":"WebSite","@id":"https:\/\/marktxxl.de\/markt\/#website","url":"https:\/\/marktxxl.de\/markt\/","name":"Markt-XXL","description":"Ihr Markt Online","publisher":{"@id":"https:\/\/marktxxl.de\/markt\/#organization"},"potentialAction":[{"@type":"SearchAction","target":{"@type":"EntryPoint","urlTemplate":"https:\/\/marktxxl.de\/markt\/?s={search_term_string}"},"query-input":{"@type":"PropertyValueSpecification","valueRequired":true,"valueName":"search_term_string"}}],"inLanguage":"de"},{"@type":"Organization","@id":"https:\/\/marktxxl.de\/markt\/#organization","name":"Markt-XXL","url":"https:\/\/marktxxl.de\/markt\/","logo":{"@type":"ImageObject","inLanguage":"de","@id":"https:\/\/marktxxl.de\/markt\/#\/schema\/logo\/image\/","url":"https:\/\/marktxxl.de\/markt\/wp-content\/uploads\/sites\/3\/2020\/12\/logo.png","contentUrl":"https:\/\/marktxxl.de\/markt\/wp-content\/uploads\/sites\/3\/2020\/12\/logo.png","width":200,"height":70,"caption":"Markt-XXL"},"image":{"@id":"https:\/\/marktxxl.de\/markt\/#\/schema\/logo\/image\/"}}]}},"_links":{"self":[{"href":"https:\/\/marktxxl.de\/markt\/wp-json\/wp\/v2\/product\/69703","targetHints":{"allow":["GET"]}}],"collection":[{"href":"https:\/\/marktxxl.de\/markt\/wp-json\/wp\/v2\/product"}],"about":[{"href":"https:\/\/marktxxl.de\/markt\/wp-json\/wp\/v2\/types\/product"}],"replies":[{"embeddable":true,"href":"https:\/\/marktxxl.de\/markt\/wp-json\/wp\/v2\/comments?post=69703"}],"wp:featuredmedia":[{"embeddable":true,"href":"https:\/\/marktxxl.de\/markt\/wp-json\/wp\/v2\/media\/69704"}],"wp:attachment":[{"href":"https:\/\/marktxxl.de\/markt\/wp-json\/wp\/v2\/media?parent=69703"}],"wp:term":[{"taxonomy":"product_brand","embeddable":true,"href":"https:\/\/marktxxl.de\/markt\/wp-json\/wp\/v2\/product_brand?post=69703"},{"taxonomy":"product_cat","embeddable":true,"href":"https:\/\/marktxxl.de\/markt\/wp-json\/wp\/v2\/product_cat?post=69703"},{"taxonomy":"product_tag","embeddable":true,"href":"https:\/\/marktxxl.de\/markt\/wp-json\/wp\/v2\/product_tag?post=69703"}],"curies":[{"name":"wp","href":"https:\/\/api.w.org\/{rel}","templated":true}]}}