{"id":68919,"date":"2021-11-12T19:21:41","date_gmt":"2021-11-12T18:21:41","guid":{"rendered":"https:\/\/marktxxl.de\/markt\/produkt\/the-body-shop-adventskalender-2021-frauen-ultimate-beauty-kosmetik-advent-kalender-thebodyshop-24-geschenke-wert-300-e-pflege-weihnachtskalender-frau-adventkalender-damen\/"},"modified":"2023-04-11T02:41:15","modified_gmt":"2023-04-11T00:41:15","slug":"the-body-shop-adventskalender-2021-frauen-ultimate-beauty-kosmetik-advent-kalender-thebodyshop-24-geschenke-wert-300-e-pflege-weihnachtskalender-frau-adventkalender-damen","status":"publish","type":"product","link":"https:\/\/marktxxl.de\/markt\/produkt\/the-body-shop-adventskalender-2021-frauen-ultimate-beauty-kosmetik-advent-kalender-thebodyshop-24-geschenke-wert-300-e-pflege-weihnachtskalender-frau-adventkalender-damen\/","title":{"rendered":"The Body Shop Adventskalender 2022 Frauen ULTIMATE &#8211; Beauty Kosmetik Advent Kalender Thebodyshop, 24 Geschenke Wert 300\u2026"},"content":{"rendered":"<p>\u2705 24 BEAUTYPRODUKTE &#8211; Zum verschenken und sich selbst Beschenken &#8211; F\u00fcr eine wundersch\u00f6ne Vorweihnachtszeit. Das ideale Geschenk f\u00fcr die Frau. Zus\u00e4tzlich erhalten Sie mit diesem Kalender unsere Filabe Basic Moisturizing Gesichtspfleget\u00fccher 7er Pack im Wert von 9,95 \u20ac<br \/>\n\u2705 NICHT NUR INNEN HUI &#8211; Auch optisch \u00fcberzeugt der Kalender, das gro\u00dfe Format im Weihnachtlichen Dekor ist ein Eyecatcher in jeder Wohnung. Hinter jedem der 24 T\u00fcrchen befindet sich ein tolles Beautyprodukt f\u00fcr die Dame<br \/>\n\u2705 SPOILER &#8211; Alle in die diesem Adventskalender befindlichen Kosmetik Produkte finden Sie in den Produktfotos, bitte nur anschauen wenn Sie den Adventskalender verschenken m\u00f6chten<br \/>\n\u2705 LIMITIERT &#8211; Sichern Sie sich rechtzeitig den Kalender, das Kontingent ist streng limitiert. Weitere Adventskalender finden Sie in unserem Amazon Shop, klicken Sie auf dieser Produktseite auf unseren Shop Namen &#8220;weg-ist-weg&#8221; um dorthin zu gelangen (Funktioniert nicht \u00fcber die Amazon APP)<br \/>\n\u2705 VERSAND &#8211; Wir versenden mit versichertem DHL Paket, so das Ihre Sendung in 24 \/ max. 48 Std an der Zustelladresse ist, je nach Region in Deutschland. Zustellung in das benachbarte Ausland (AT,CH,NL,DK,PL,CZ;FR) bis zu 72 Std. Der Adventskalender wird in einer diskreten Verpackung geliefert, der den Inhalt des Paketes nicht zeigt, ideal zum verschenken. Ein wesentlicher Vorteil zu anderen Angeboten auf Amazon, bei denen auf Produktwerbung auf dem Versandkarton nicht verzichtet wird<br \/>\n<div class=\"main-cross-sell\" data-asin=\"B08HN8RTHK\">\n\n\t<div class=\"WooZone-cross-sell-loader\">\n\t\t<div>\n\t\t\t<div id=\"floatingBarsG\">\n\t\t\t\t<div class=\"blockG\" id=\"rotateG_01\"><\/div>\n\t\t\t\t<div class=\"blockG\" id=\"rotateG_02\"><\/div>\n\t\t\t\t<div class=\"blockG\" id=\"rotateG_03\"><\/div>\n\t\t\t\t<div class=\"blockG\" id=\"rotateG_04\"><\/div>\n\t\t\t\t<div class=\"blockG\" id=\"rotateG_05\"><\/div>\n\t\t\t\t<div class=\"blockG\" id=\"rotateG_06\"><\/div>\n\t\t\t\t<div class=\"blockG\" id=\"rotateG_07\"><\/div>\n\t\t\t\t<div class=\"blockG\" id=\"rotateG_08\"><\/div>\n\t\t\t<\/div>\n\t\t\t<div class=\"WooZone-cross-sell-loader-text\"><\/div>\n\t\t<\/div>\n\t<\/div>\n\n\t\t\n<\/div>\n<div style=\"clear:both;\"><\/div><\/p>\n","protected":false},"excerpt":{"rendered":"<p>\u2705 24 BEAUTYPRODUKTE &#8211; Zum verschenken und sich selbst Beschenken &#8211; F\u00fcr eine wundersch\u00f6ne Vorweihnachtszeit. Das ideale Geschenk f\u00fcr die Frau. Zus\u00e4tzlich erhalten Sie mit diesem Kalender unsere Filabe Basic Moisturizing Gesichtspfleget\u00fccher 7er Pack im Wert von 9,95 \u20ac<br \/>\n\u2705 NICHT NUR INNEN HUI &#8211; Auch optisch \u00fcberzeugt der Kalender, das gro\u00dfe Format im Weihnachtlichen Dekor ist ein Eyecatcher in jeder Wohnung. Hinter jedem der 24 T\u00fcrchen befindet sich ein tolles Beautyprodukt f\u00fcr die Dame<br \/>\n\u2705 SPOILER &#8211; Alle in die diesem Adventskalender befindlichen Kosmetik Produkte finden Sie in den Produktfotos, bitte nur anschauen wenn Sie den Adventskalender verschenken m\u00f6chten<\/p>\n","protected":false},"featured_media":68920,"comment_status":"open","ping_status":"closed","template":"","meta":[],"product_brand":[],"product_cat":[2858,6632],"product_tag":[],"class_list":{"0":"post-68919","1":"product","2":"type-product","3":"status-publish","4":"has-post-thumbnail","6":"product_cat-beauty","7":"product_cat-beauty-pflegesets","8":"pa_brand-weg-ist-weg-com","9":"pa_height-10-zentimeter","10":"pa_length-25-zentimeter","11":"pa_manufacturer-weg-ist-weg-com","12":"pa_weight-6-61386786-pfund","13":"pa_width-25-zentimeter","15":"first","16":"instock","17":"shipping-taxable","18":"purchasable","19":"product-type-simple","20":"customify-col","21":"product-has-gallery"},"yoast_head":"<!-- This site is optimized with the Yoast SEO plugin v27.4 - https:\/\/yoast.com\/product\/yoast-seo-wordpress\/ -->\n<title>The Body Shop Adventskalender 2022 Frauen ULTIMATE - Beauty Kosmetik Advent Kalender Thebodyshop, 24 Geschenke Wert 300\u2026 - Markt-XXL<\/title>\n<meta name=\"description\" content=\"Markt-XXL The Body Shop Adventskalender 2022 Frauen ULTIMATE - Beauty Kosmetik Advent Kalender Thebodyshop, 24 Geschenke Wert 300\u2026\" \/>\n<meta name=\"robots\" content=\"index, follow, max-snippet:-1, max-image-preview:large, max-video-preview:-1\" \/>\n<link rel=\"canonical\" href=\"https:\/\/marktxxl.de\/markt\/produkt\/the-body-shop-adventskalender-2021-frauen-ultimate-beauty-kosmetik-advent-kalender-thebodyshop-24-geschenke-wert-300-e-pflege-weihnachtskalender-frau-adventkalender-damen\/\" \/>\n<meta property=\"og:locale\" content=\"de_DE\" \/>\n<meta property=\"og:type\" content=\"article\" \/>\n<meta property=\"og:title\" content=\"The Body Shop Adventskalender 2022 Frauen ULTIMATE - Beauty Kosmetik Advent Kalender Thebodyshop, 24 Geschenke Wert 300\u2026 - Markt-XXL\" \/>\n<meta property=\"og:description\" content=\"Markt-XXL The Body Shop Adventskalender 2022 Frauen ULTIMATE - Beauty Kosmetik Advent Kalender Thebodyshop, 24 Geschenke Wert 300\u2026\" \/>\n<meta property=\"og:url\" content=\"https:\/\/marktxxl.de\/markt\/produkt\/the-body-shop-adventskalender-2021-frauen-ultimate-beauty-kosmetik-advent-kalender-thebodyshop-24-geschenke-wert-300-e-pflege-weihnachtskalender-frau-adventkalender-damen\/\" \/>\n<meta property=\"og:site_name\" content=\"Markt-XXL\" \/>\n<meta property=\"article:modified_time\" content=\"2023-04-11T00:41:15+00:00\" \/>\n<meta property=\"og:image\" content=\"https:\/\/m.media-amazon.com\/images\/I\/41uyyEDc5GL._SL500_.jpg\" \/>\n\t<meta property=\"og:image:width\" content=\"500\" \/>\n\t<meta property=\"og:image:height\" content=\"366\" \/>\n\t<meta property=\"og:image:type\" content=\"image\/jpeg\" \/>\n<meta name=\"twitter:card\" content=\"summary_large_image\" \/>\n<meta name=\"twitter:label1\" content=\"Gesch\u00e4tzte Lesezeit\" \/>\n\t<meta name=\"twitter:data1\" content=\"1\u00a0Minute\" \/>\n<script type=\"application\/ld+json\" class=\"yoast-schema-graph\">{\"@context\":\"https:\\\/\\\/schema.org\",\"@graph\":[{\"@type\":\"WebPage\",\"@id\":\"https:\\\/\\\/marktxxl.de\\\/markt\\\/produkt\\\/the-body-shop-adventskalender-2021-frauen-ultimate-beauty-kosmetik-advent-kalender-thebodyshop-24-geschenke-wert-300-e-pflege-weihnachtskalender-frau-adventkalender-damen\\\/\",\"url\":\"https:\\\/\\\/marktxxl.de\\\/markt\\\/produkt\\\/the-body-shop-adventskalender-2021-frauen-ultimate-beauty-kosmetik-advent-kalender-thebodyshop-24-geschenke-wert-300-e-pflege-weihnachtskalender-frau-adventkalender-damen\\\/\",\"name\":\"The Body Shop Adventskalender 2022 Frauen ULTIMATE - Beauty Kosmetik Advent Kalender Thebodyshop, 24 Geschenke Wert 300\u2026 - Markt-XXL\",\"isPartOf\":{\"@id\":\"https:\\\/\\\/marktxxl.de\\\/markt\\\/#website\"},\"primaryImageOfPage\":{\"@id\":\"https:\\\/\\\/marktxxl.de\\\/markt\\\/produkt\\\/the-body-shop-adventskalender-2021-frauen-ultimate-beauty-kosmetik-advent-kalender-thebodyshop-24-geschenke-wert-300-e-pflege-weihnachtskalender-frau-adventkalender-damen\\\/#primaryimage\"},\"image\":{\"@id\":\"https:\\\/\\\/marktxxl.de\\\/markt\\\/produkt\\\/the-body-shop-adventskalender-2021-frauen-ultimate-beauty-kosmetik-advent-kalender-thebodyshop-24-geschenke-wert-300-e-pflege-weihnachtskalender-frau-adventkalender-damen\\\/#primaryimage\"},\"thumbnailUrl\":\"https:\\\/\\\/m.media-amazon.com\\\/images\\\/I\\\/41uyyEDc5GL._SL500_.jpg\",\"datePublished\":\"2021-11-12T18:21:41+00:00\",\"dateModified\":\"2023-04-11T00:41:15+00:00\",\"description\":\"Markt-XXL The Body Shop Adventskalender 2022 Frauen ULTIMATE - Beauty Kosmetik Advent Kalender Thebodyshop, 24 Geschenke Wert 300\u2026\",\"breadcrumb\":{\"@id\":\"https:\\\/\\\/marktxxl.de\\\/markt\\\/produkt\\\/the-body-shop-adventskalender-2021-frauen-ultimate-beauty-kosmetik-advent-kalender-thebodyshop-24-geschenke-wert-300-e-pflege-weihnachtskalender-frau-adventkalender-damen\\\/#breadcrumb\"},\"inLanguage\":\"de\",\"potentialAction\":[{\"@type\":\"ReadAction\",\"target\":[\"https:\\\/\\\/marktxxl.de\\\/markt\\\/produkt\\\/the-body-shop-adventskalender-2021-frauen-ultimate-beauty-kosmetik-advent-kalender-thebodyshop-24-geschenke-wert-300-e-pflege-weihnachtskalender-frau-adventkalender-damen\\\/\"]}]},{\"@type\":\"ImageObject\",\"inLanguage\":\"de\",\"@id\":\"https:\\\/\\\/marktxxl.de\\\/markt\\\/produkt\\\/the-body-shop-adventskalender-2021-frauen-ultimate-beauty-kosmetik-advent-kalender-thebodyshop-24-geschenke-wert-300-e-pflege-weihnachtskalender-frau-adventkalender-damen\\\/#primaryimage\",\"url\":\"https:\\\/\\\/m.media-amazon.com\\\/images\\\/I\\\/41uyyEDc5GL._SL500_.jpg\",\"contentUrl\":\"https:\\\/\\\/m.media-amazon.com\\\/images\\\/I\\\/41uyyEDc5GL._SL500_.jpg\",\"width\":500,\"height\":366},{\"@type\":\"BreadcrumbList\",\"@id\":\"https:\\\/\\\/marktxxl.de\\\/markt\\\/produkt\\\/the-body-shop-adventskalender-2021-frauen-ultimate-beauty-kosmetik-advent-kalender-thebodyshop-24-geschenke-wert-300-e-pflege-weihnachtskalender-frau-adventkalender-damen\\\/#breadcrumb\",\"itemListElement\":[{\"@type\":\"ListItem\",\"position\":1,\"name\":\"Startseite\",\"item\":\"https:\\\/\\\/marktxxl.de\\\/markt\\\/\"},{\"@type\":\"ListItem\",\"position\":2,\"name\":\"Markt\",\"item\":\"https:\\\/\\\/marktxxl.de\\\/markt\\\/\"},{\"@type\":\"ListItem\",\"position\":3,\"name\":\"The Body Shop Adventskalender 2022 Frauen ULTIMATE &#8211; Beauty Kosmetik Advent Kalender Thebodyshop, 24 Geschenke Wert 300\u2026\"}]},{\"@type\":\"WebSite\",\"@id\":\"https:\\\/\\\/marktxxl.de\\\/markt\\\/#website\",\"url\":\"https:\\\/\\\/marktxxl.de\\\/markt\\\/\",\"name\":\"Markt-XXL\",\"description\":\"Ihr Markt Online\",\"publisher\":{\"@id\":\"https:\\\/\\\/marktxxl.de\\\/markt\\\/#organization\"},\"potentialAction\":[{\"@type\":\"SearchAction\",\"target\":{\"@type\":\"EntryPoint\",\"urlTemplate\":\"https:\\\/\\\/marktxxl.de\\\/markt\\\/?s={search_term_string}\"},\"query-input\":{\"@type\":\"PropertyValueSpecification\",\"valueRequired\":true,\"valueName\":\"search_term_string\"}}],\"inLanguage\":\"de\"},{\"@type\":\"Organization\",\"@id\":\"https:\\\/\\\/marktxxl.de\\\/markt\\\/#organization\",\"name\":\"Markt-XXL\",\"url\":\"https:\\\/\\\/marktxxl.de\\\/markt\\\/\",\"logo\":{\"@type\":\"ImageObject\",\"inLanguage\":\"de\",\"@id\":\"https:\\\/\\\/marktxxl.de\\\/markt\\\/#\\\/schema\\\/logo\\\/image\\\/\",\"url\":\"https:\\\/\\\/marktxxl.de\\\/markt\\\/wp-content\\\/uploads\\\/sites\\\/3\\\/2020\\\/12\\\/logo.png\",\"contentUrl\":\"https:\\\/\\\/marktxxl.de\\\/markt\\\/wp-content\\\/uploads\\\/sites\\\/3\\\/2020\\\/12\\\/logo.png\",\"width\":200,\"height\":70,\"caption\":\"Markt-XXL\"},\"image\":{\"@id\":\"https:\\\/\\\/marktxxl.de\\\/markt\\\/#\\\/schema\\\/logo\\\/image\\\/\"}}]}<\/script>\n<!-- \/ Yoast SEO plugin. -->","yoast_head_json":{"title":"The Body Shop Adventskalender 2022 Frauen ULTIMATE - Beauty Kosmetik Advent Kalender Thebodyshop, 24 Geschenke Wert 300\u2026 - Markt-XXL","description":"Markt-XXL The Body Shop Adventskalender 2022 Frauen ULTIMATE - Beauty Kosmetik Advent Kalender Thebodyshop, 24 Geschenke Wert 300\u2026","robots":{"index":"index","follow":"follow","max-snippet":"max-snippet:-1","max-image-preview":"max-image-preview:large","max-video-preview":"max-video-preview:-1"},"canonical":"https:\/\/marktxxl.de\/markt\/produkt\/the-body-shop-adventskalender-2021-frauen-ultimate-beauty-kosmetik-advent-kalender-thebodyshop-24-geschenke-wert-300-e-pflege-weihnachtskalender-frau-adventkalender-damen\/","og_locale":"de_DE","og_type":"article","og_title":"The Body Shop Adventskalender 2022 Frauen ULTIMATE - Beauty Kosmetik Advent Kalender Thebodyshop, 24 Geschenke Wert 300\u2026 - Markt-XXL","og_description":"Markt-XXL The Body Shop Adventskalender 2022 Frauen ULTIMATE - Beauty Kosmetik Advent Kalender Thebodyshop, 24 Geschenke Wert 300\u2026","og_url":"https:\/\/marktxxl.de\/markt\/produkt\/the-body-shop-adventskalender-2021-frauen-ultimate-beauty-kosmetik-advent-kalender-thebodyshop-24-geschenke-wert-300-e-pflege-weihnachtskalender-frau-adventkalender-damen\/","og_site_name":"Markt-XXL","article_modified_time":"2023-04-11T00:41:15+00:00","og_image":[{"width":500,"height":366,"url":"https:\/\/m.media-amazon.com\/images\/I\/41uyyEDc5GL._SL500_.jpg","type":"image\/jpeg"}],"twitter_card":"summary_large_image","twitter_misc":{"Gesch\u00e4tzte Lesezeit":"1\u00a0Minute"},"schema":{"@context":"https:\/\/schema.org","@graph":[{"@type":"WebPage","@id":"https:\/\/marktxxl.de\/markt\/produkt\/the-body-shop-adventskalender-2021-frauen-ultimate-beauty-kosmetik-advent-kalender-thebodyshop-24-geschenke-wert-300-e-pflege-weihnachtskalender-frau-adventkalender-damen\/","url":"https:\/\/marktxxl.de\/markt\/produkt\/the-body-shop-adventskalender-2021-frauen-ultimate-beauty-kosmetik-advent-kalender-thebodyshop-24-geschenke-wert-300-e-pflege-weihnachtskalender-frau-adventkalender-damen\/","name":"The Body Shop Adventskalender 2022 Frauen ULTIMATE - Beauty Kosmetik Advent Kalender Thebodyshop, 24 Geschenke Wert 300\u2026 - Markt-XXL","isPartOf":{"@id":"https:\/\/marktxxl.de\/markt\/#website"},"primaryImageOfPage":{"@id":"https:\/\/marktxxl.de\/markt\/produkt\/the-body-shop-adventskalender-2021-frauen-ultimate-beauty-kosmetik-advent-kalender-thebodyshop-24-geschenke-wert-300-e-pflege-weihnachtskalender-frau-adventkalender-damen\/#primaryimage"},"image":{"@id":"https:\/\/marktxxl.de\/markt\/produkt\/the-body-shop-adventskalender-2021-frauen-ultimate-beauty-kosmetik-advent-kalender-thebodyshop-24-geschenke-wert-300-e-pflege-weihnachtskalender-frau-adventkalender-damen\/#primaryimage"},"thumbnailUrl":"https:\/\/m.media-amazon.com\/images\/I\/41uyyEDc5GL._SL500_.jpg","datePublished":"2021-11-12T18:21:41+00:00","dateModified":"2023-04-11T00:41:15+00:00","description":"Markt-XXL The Body Shop Adventskalender 2022 Frauen ULTIMATE - Beauty Kosmetik Advent Kalender Thebodyshop, 24 Geschenke Wert 300\u2026","breadcrumb":{"@id":"https:\/\/marktxxl.de\/markt\/produkt\/the-body-shop-adventskalender-2021-frauen-ultimate-beauty-kosmetik-advent-kalender-thebodyshop-24-geschenke-wert-300-e-pflege-weihnachtskalender-frau-adventkalender-damen\/#breadcrumb"},"inLanguage":"de","potentialAction":[{"@type":"ReadAction","target":["https:\/\/marktxxl.de\/markt\/produkt\/the-body-shop-adventskalender-2021-frauen-ultimate-beauty-kosmetik-advent-kalender-thebodyshop-24-geschenke-wert-300-e-pflege-weihnachtskalender-frau-adventkalender-damen\/"]}]},{"@type":"ImageObject","inLanguage":"de","@id":"https:\/\/marktxxl.de\/markt\/produkt\/the-body-shop-adventskalender-2021-frauen-ultimate-beauty-kosmetik-advent-kalender-thebodyshop-24-geschenke-wert-300-e-pflege-weihnachtskalender-frau-adventkalender-damen\/#primaryimage","url":"https:\/\/m.media-amazon.com\/images\/I\/41uyyEDc5GL._SL500_.jpg","contentUrl":"https:\/\/m.media-amazon.com\/images\/I\/41uyyEDc5GL._SL500_.jpg","width":500,"height":366},{"@type":"BreadcrumbList","@id":"https:\/\/marktxxl.de\/markt\/produkt\/the-body-shop-adventskalender-2021-frauen-ultimate-beauty-kosmetik-advent-kalender-thebodyshop-24-geschenke-wert-300-e-pflege-weihnachtskalender-frau-adventkalender-damen\/#breadcrumb","itemListElement":[{"@type":"ListItem","position":1,"name":"Startseite","item":"https:\/\/marktxxl.de\/markt\/"},{"@type":"ListItem","position":2,"name":"Markt","item":"https:\/\/marktxxl.de\/markt\/"},{"@type":"ListItem","position":3,"name":"The Body Shop Adventskalender 2022 Frauen ULTIMATE &#8211; Beauty Kosmetik Advent Kalender Thebodyshop, 24 Geschenke Wert 300\u2026"}]},{"@type":"WebSite","@id":"https:\/\/marktxxl.de\/markt\/#website","url":"https:\/\/marktxxl.de\/markt\/","name":"Markt-XXL","description":"Ihr Markt Online","publisher":{"@id":"https:\/\/marktxxl.de\/markt\/#organization"},"potentialAction":[{"@type":"SearchAction","target":{"@type":"EntryPoint","urlTemplate":"https:\/\/marktxxl.de\/markt\/?s={search_term_string}"},"query-input":{"@type":"PropertyValueSpecification","valueRequired":true,"valueName":"search_term_string"}}],"inLanguage":"de"},{"@type":"Organization","@id":"https:\/\/marktxxl.de\/markt\/#organization","name":"Markt-XXL","url":"https:\/\/marktxxl.de\/markt\/","logo":{"@type":"ImageObject","inLanguage":"de","@id":"https:\/\/marktxxl.de\/markt\/#\/schema\/logo\/image\/","url":"https:\/\/marktxxl.de\/markt\/wp-content\/uploads\/sites\/3\/2020\/12\/logo.png","contentUrl":"https:\/\/marktxxl.de\/markt\/wp-content\/uploads\/sites\/3\/2020\/12\/logo.png","width":200,"height":70,"caption":"Markt-XXL"},"image":{"@id":"https:\/\/marktxxl.de\/markt\/#\/schema\/logo\/image\/"}}]}},"_links":{"self":[{"href":"https:\/\/marktxxl.de\/markt\/wp-json\/wp\/v2\/product\/68919","targetHints":{"allow":["GET"]}}],"collection":[{"href":"https:\/\/marktxxl.de\/markt\/wp-json\/wp\/v2\/product"}],"about":[{"href":"https:\/\/marktxxl.de\/markt\/wp-json\/wp\/v2\/types\/product"}],"replies":[{"embeddable":true,"href":"https:\/\/marktxxl.de\/markt\/wp-json\/wp\/v2\/comments?post=68919"}],"wp:featuredmedia":[{"embeddable":true,"href":"https:\/\/marktxxl.de\/markt\/wp-json\/wp\/v2\/media\/68920"}],"wp:attachment":[{"href":"https:\/\/marktxxl.de\/markt\/wp-json\/wp\/v2\/media?parent=68919"}],"wp:term":[{"taxonomy":"product_brand","embeddable":true,"href":"https:\/\/marktxxl.de\/markt\/wp-json\/wp\/v2\/product_brand?post=68919"},{"taxonomy":"product_cat","embeddable":true,"href":"https:\/\/marktxxl.de\/markt\/wp-json\/wp\/v2\/product_cat?post=68919"},{"taxonomy":"product_tag","embeddable":true,"href":"https:\/\/marktxxl.de\/markt\/wp-json\/wp\/v2\/product_tag?post=68919"}],"curies":[{"name":"wp","href":"https:\/\/api.w.org\/{rel}","templated":true}]}}