{"id":68893,"date":"2021-11-12T19:21:24","date_gmt":"2021-11-12T18:21:24","guid":{"rendered":"https:\/\/marktxxl.de\/markt\/produkt\/samger-tragbar-salon-haartrockner-aufstehen-motorhaube-professioneller-friseur-900w-verstellbare-hoehe-timer-und-temperatur-steuerung\/"},"modified":"2023-04-11T02:41:15","modified_gmt":"2023-04-11T00:41:15","slug":"samger-tragbar-salon-haartrockner-aufstehen-motorhaube-professioneller-friseur-900w-verstellbare-hoehe-timer-und-temperatur-steuerung","status":"publish","type":"product","link":"https:\/\/marktxxl.de\/markt\/produkt\/samger-tragbar-salon-haartrockner-aufstehen-motorhaube-professioneller-friseur-900w-verstellbare-hoehe-timer-und-temperatur-steuerung\/","title":{"rendered":"Samger tragbar Salon Haartrockner Aufstehen Motorhaube Professioneller Friseur 900W Verstellbare H\u00f6he, Timer und\u2026"},"content":{"rendered":"<p>\u3010Sicherer Haartrockner\u3011 Unser Haartrockner hat die CE-Zertifizierung mit sicherer W\u00e4rmeableitung bestanden<br \/>\n\u3010Kraftvolle Trocknungsleistung\u3011 900 W Trocknungsleistung, aber leises Design mit geringem Ger\u00e4uschpegel bei der Arbeit, mit dem Sie schnell die gew\u00fcnschte Frisur formen k\u00f6nnen<br \/>\n\u3010Einfach zu bedienen\u3011 Mit einem Temperaturregelsystem k\u00f6nnen Sie die Zeit in einem Bereich von 0 bis 60 Minuten einstellen und die Temperatur einfach f\u00fcr verschiedene Verwendungszwecke regeln<br \/>\n\u3010Timer &amp; Temperaturregelung\u3011 Die Temperatur kann bis zu 70 Grad stufenlos eingestellt werden, und die H\u00f6he kann von 78 bis 128 cm eingestellt werden, um den Anforderungen verschiedener Kunden gerecht zu werden. Es ist f\u00fcr h\u00e4usliche Pflege und Sch\u00f6nheitssalons geeignet<br \/>\n\u3010Professioneller Haartrockner\u3011 Professioneller freistehender Haartrockner ist ein gutes Haarstyling-Werkzeug zum F\u00e4rben, Dauerwellen, Konditionieren und Trocknen. Es kann nicht nur Ihr Haar versch\u00f6nern, sondern auch helfen, Ihren Kopf zu massieren und zu entspannen, die Durchblutung zu f\u00f6rdern<br \/>\n<div class=\"main-cross-sell\" data-asin=\"B07RPV98HW\">\n\n\t<div class=\"WooZone-cross-sell-loader\">\n\t\t<div>\n\t\t\t<div id=\"floatingBarsG\">\n\t\t\t\t<div class=\"blockG\" id=\"rotateG_01\"><\/div>\n\t\t\t\t<div class=\"blockG\" id=\"rotateG_02\"><\/div>\n\t\t\t\t<div class=\"blockG\" id=\"rotateG_03\"><\/div>\n\t\t\t\t<div class=\"blockG\" id=\"rotateG_04\"><\/div>\n\t\t\t\t<div class=\"blockG\" id=\"rotateG_05\"><\/div>\n\t\t\t\t<div class=\"blockG\" id=\"rotateG_06\"><\/div>\n\t\t\t\t<div class=\"blockG\" id=\"rotateG_07\"><\/div>\n\t\t\t\t<div class=\"blockG\" id=\"rotateG_08\"><\/div>\n\t\t\t<\/div>\n\t\t\t<div class=\"WooZone-cross-sell-loader-text\"><\/div>\n\t\t<\/div>\n\t<\/div>\n\n\t\t\n<\/div>\n<div style=\"clear:both;\"><\/div><\/p>\n","protected":false},"excerpt":{"rendered":"<p>\u3010Sicherer Haartrockner\u3011 Unser Haartrockner hat die CE-Zertifizierung mit sicherer W\u00e4rmeableitung bestanden<br \/>\n\u3010Kraftvolle Trocknungsleistung\u3011 900 W Trocknungsleistung, aber leises Design mit geringem Ger\u00e4uschpegel bei der Arbeit, mit dem Sie schnell die gew\u00fcnschte Frisur formen k\u00f6nnen<br \/>\n\u3010Einfach zu bedienen\u3011 Mit einem Temperaturregelsystem k\u00f6nnen Sie die Zeit in einem Bereich von 0 bis 60 Minuten einstellen und die Temperatur einfach f\u00fcr verschiedene Verwendungszwecke regeln<\/p>\n","protected":false},"featured_media":68894,"comment_status":"open","ping_status":"closed","template":"","meta":[],"product_brand":[],"product_cat":[2858,6632],"product_tag":[],"class_list":{"0":"post-68893","1":"product","2":"type-product","3":"status-publish","4":"has-post-thumbnail","6":"product_cat-beauty","7":"product_cat-beauty-pflegesets","8":"pa_brand-samger-samger","9":"pa_manufacturer-samger","11":"first","12":"instock","13":"shipping-taxable","14":"purchasable","15":"product-type-simple","16":"customify-col","17":"product-has-gallery"},"yoast_head":"<!-- This site is optimized with the Yoast SEO plugin v27.4 - https:\/\/yoast.com\/product\/yoast-seo-wordpress\/ -->\n<title>Samger tragbar Salon Haartrockner Aufstehen Motorhaube Professioneller Friseur 900W Verstellbare H\u00f6he, Timer und\u2026 - Markt-XXL<\/title>\n<meta name=\"description\" content=\"Markt-XXL Samger tragbar Salon Haartrockner Aufstehen Motorhaube Professioneller Friseur 900W Verstellbare H\u00f6he, Timer und\u2026\" \/>\n<meta name=\"robots\" content=\"index, follow, max-snippet:-1, max-image-preview:large, max-video-preview:-1\" \/>\n<link rel=\"canonical\" href=\"https:\/\/marktxxl.de\/markt\/produkt\/samger-tragbar-salon-haartrockner-aufstehen-motorhaube-professioneller-friseur-900w-verstellbare-hoehe-timer-und-temperatur-steuerung\/\" \/>\n<meta property=\"og:locale\" content=\"de_DE\" \/>\n<meta property=\"og:type\" content=\"article\" \/>\n<meta property=\"og:title\" content=\"Samger tragbar Salon Haartrockner Aufstehen Motorhaube Professioneller Friseur 900W Verstellbare H\u00f6he, Timer und\u2026 - Markt-XXL\" \/>\n<meta property=\"og:description\" content=\"Markt-XXL Samger tragbar Salon Haartrockner Aufstehen Motorhaube Professioneller Friseur 900W Verstellbare H\u00f6he, Timer und\u2026\" \/>\n<meta property=\"og:url\" content=\"https:\/\/marktxxl.de\/markt\/produkt\/samger-tragbar-salon-haartrockner-aufstehen-motorhaube-professioneller-friseur-900w-verstellbare-hoehe-timer-und-temperatur-steuerung\/\" \/>\n<meta property=\"og:site_name\" content=\"Markt-XXL\" \/>\n<meta property=\"article:modified_time\" content=\"2023-04-11T00:41:15+00:00\" \/>\n<meta property=\"og:image\" content=\"https:\/\/m.media-amazon.com\/images\/I\/41VuHa2jXWL._SL500_.jpg\" \/>\n\t<meta property=\"og:image:width\" content=\"500\" \/>\n\t<meta property=\"og:image:height\" content=\"500\" \/>\n\t<meta property=\"og:image:type\" content=\"image\/jpeg\" \/>\n<meta name=\"twitter:card\" content=\"summary_large_image\" \/>\n<meta name=\"twitter:label1\" content=\"Gesch\u00e4tzte Lesezeit\" \/>\n\t<meta name=\"twitter:data1\" content=\"1\u00a0Minute\" \/>\n<script type=\"application\/ld+json\" class=\"yoast-schema-graph\">{\"@context\":\"https:\\\/\\\/schema.org\",\"@graph\":[{\"@type\":\"WebPage\",\"@id\":\"https:\\\/\\\/marktxxl.de\\\/markt\\\/produkt\\\/samger-tragbar-salon-haartrockner-aufstehen-motorhaube-professioneller-friseur-900w-verstellbare-hoehe-timer-und-temperatur-steuerung\\\/\",\"url\":\"https:\\\/\\\/marktxxl.de\\\/markt\\\/produkt\\\/samger-tragbar-salon-haartrockner-aufstehen-motorhaube-professioneller-friseur-900w-verstellbare-hoehe-timer-und-temperatur-steuerung\\\/\",\"name\":\"Samger tragbar Salon Haartrockner Aufstehen Motorhaube Professioneller Friseur 900W Verstellbare H\u00f6he, Timer und\u2026 - Markt-XXL\",\"isPartOf\":{\"@id\":\"https:\\\/\\\/marktxxl.de\\\/markt\\\/#website\"},\"primaryImageOfPage\":{\"@id\":\"https:\\\/\\\/marktxxl.de\\\/markt\\\/produkt\\\/samger-tragbar-salon-haartrockner-aufstehen-motorhaube-professioneller-friseur-900w-verstellbare-hoehe-timer-und-temperatur-steuerung\\\/#primaryimage\"},\"image\":{\"@id\":\"https:\\\/\\\/marktxxl.de\\\/markt\\\/produkt\\\/samger-tragbar-salon-haartrockner-aufstehen-motorhaube-professioneller-friseur-900w-verstellbare-hoehe-timer-und-temperatur-steuerung\\\/#primaryimage\"},\"thumbnailUrl\":\"https:\\\/\\\/m.media-amazon.com\\\/images\\\/I\\\/41VuHa2jXWL._SL500_.jpg\",\"datePublished\":\"2021-11-12T18:21:24+00:00\",\"dateModified\":\"2023-04-11T00:41:15+00:00\",\"description\":\"Markt-XXL Samger tragbar Salon Haartrockner Aufstehen Motorhaube Professioneller Friseur 900W Verstellbare H\u00f6he, Timer und\u2026\",\"breadcrumb\":{\"@id\":\"https:\\\/\\\/marktxxl.de\\\/markt\\\/produkt\\\/samger-tragbar-salon-haartrockner-aufstehen-motorhaube-professioneller-friseur-900w-verstellbare-hoehe-timer-und-temperatur-steuerung\\\/#breadcrumb\"},\"inLanguage\":\"de\",\"potentialAction\":[{\"@type\":\"ReadAction\",\"target\":[\"https:\\\/\\\/marktxxl.de\\\/markt\\\/produkt\\\/samger-tragbar-salon-haartrockner-aufstehen-motorhaube-professioneller-friseur-900w-verstellbare-hoehe-timer-und-temperatur-steuerung\\\/\"]}]},{\"@type\":\"ImageObject\",\"inLanguage\":\"de\",\"@id\":\"https:\\\/\\\/marktxxl.de\\\/markt\\\/produkt\\\/samger-tragbar-salon-haartrockner-aufstehen-motorhaube-professioneller-friseur-900w-verstellbare-hoehe-timer-und-temperatur-steuerung\\\/#primaryimage\",\"url\":\"https:\\\/\\\/m.media-amazon.com\\\/images\\\/I\\\/41VuHa2jXWL._SL500_.jpg\",\"contentUrl\":\"https:\\\/\\\/m.media-amazon.com\\\/images\\\/I\\\/41VuHa2jXWL._SL500_.jpg\",\"width\":500,\"height\":500},{\"@type\":\"BreadcrumbList\",\"@id\":\"https:\\\/\\\/marktxxl.de\\\/markt\\\/produkt\\\/samger-tragbar-salon-haartrockner-aufstehen-motorhaube-professioneller-friseur-900w-verstellbare-hoehe-timer-und-temperatur-steuerung\\\/#breadcrumb\",\"itemListElement\":[{\"@type\":\"ListItem\",\"position\":1,\"name\":\"Startseite\",\"item\":\"https:\\\/\\\/marktxxl.de\\\/markt\\\/\"},{\"@type\":\"ListItem\",\"position\":2,\"name\":\"Markt\",\"item\":\"https:\\\/\\\/marktxxl.de\\\/markt\\\/\"},{\"@type\":\"ListItem\",\"position\":3,\"name\":\"Samger tragbar Salon Haartrockner Aufstehen Motorhaube Professioneller Friseur 900W Verstellbare H\u00f6he, Timer und\u2026\"}]},{\"@type\":\"WebSite\",\"@id\":\"https:\\\/\\\/marktxxl.de\\\/markt\\\/#website\",\"url\":\"https:\\\/\\\/marktxxl.de\\\/markt\\\/\",\"name\":\"Markt-XXL\",\"description\":\"Ihr Markt Online\",\"publisher\":{\"@id\":\"https:\\\/\\\/marktxxl.de\\\/markt\\\/#organization\"},\"potentialAction\":[{\"@type\":\"SearchAction\",\"target\":{\"@type\":\"EntryPoint\",\"urlTemplate\":\"https:\\\/\\\/marktxxl.de\\\/markt\\\/?s={search_term_string}\"},\"query-input\":{\"@type\":\"PropertyValueSpecification\",\"valueRequired\":true,\"valueName\":\"search_term_string\"}}],\"inLanguage\":\"de\"},{\"@type\":\"Organization\",\"@id\":\"https:\\\/\\\/marktxxl.de\\\/markt\\\/#organization\",\"name\":\"Markt-XXL\",\"url\":\"https:\\\/\\\/marktxxl.de\\\/markt\\\/\",\"logo\":{\"@type\":\"ImageObject\",\"inLanguage\":\"de\",\"@id\":\"https:\\\/\\\/marktxxl.de\\\/markt\\\/#\\\/schema\\\/logo\\\/image\\\/\",\"url\":\"https:\\\/\\\/marktxxl.de\\\/markt\\\/wp-content\\\/uploads\\\/sites\\\/3\\\/2020\\\/12\\\/logo.png\",\"contentUrl\":\"https:\\\/\\\/marktxxl.de\\\/markt\\\/wp-content\\\/uploads\\\/sites\\\/3\\\/2020\\\/12\\\/logo.png\",\"width\":200,\"height\":70,\"caption\":\"Markt-XXL\"},\"image\":{\"@id\":\"https:\\\/\\\/marktxxl.de\\\/markt\\\/#\\\/schema\\\/logo\\\/image\\\/\"}}]}<\/script>\n<!-- \/ Yoast SEO plugin. -->","yoast_head_json":{"title":"Samger tragbar Salon Haartrockner Aufstehen Motorhaube Professioneller Friseur 900W Verstellbare H\u00f6he, Timer und\u2026 - Markt-XXL","description":"Markt-XXL Samger tragbar Salon Haartrockner Aufstehen Motorhaube Professioneller Friseur 900W Verstellbare H\u00f6he, Timer und\u2026","robots":{"index":"index","follow":"follow","max-snippet":"max-snippet:-1","max-image-preview":"max-image-preview:large","max-video-preview":"max-video-preview:-1"},"canonical":"https:\/\/marktxxl.de\/markt\/produkt\/samger-tragbar-salon-haartrockner-aufstehen-motorhaube-professioneller-friseur-900w-verstellbare-hoehe-timer-und-temperatur-steuerung\/","og_locale":"de_DE","og_type":"article","og_title":"Samger tragbar Salon Haartrockner Aufstehen Motorhaube Professioneller Friseur 900W Verstellbare H\u00f6he, Timer und\u2026 - Markt-XXL","og_description":"Markt-XXL Samger tragbar Salon Haartrockner Aufstehen Motorhaube Professioneller Friseur 900W Verstellbare H\u00f6he, Timer und\u2026","og_url":"https:\/\/marktxxl.de\/markt\/produkt\/samger-tragbar-salon-haartrockner-aufstehen-motorhaube-professioneller-friseur-900w-verstellbare-hoehe-timer-und-temperatur-steuerung\/","og_site_name":"Markt-XXL","article_modified_time":"2023-04-11T00:41:15+00:00","og_image":[{"width":500,"height":500,"url":"https:\/\/m.media-amazon.com\/images\/I\/41VuHa2jXWL._SL500_.jpg","type":"image\/jpeg"}],"twitter_card":"summary_large_image","twitter_misc":{"Gesch\u00e4tzte Lesezeit":"1\u00a0Minute"},"schema":{"@context":"https:\/\/schema.org","@graph":[{"@type":"WebPage","@id":"https:\/\/marktxxl.de\/markt\/produkt\/samger-tragbar-salon-haartrockner-aufstehen-motorhaube-professioneller-friseur-900w-verstellbare-hoehe-timer-und-temperatur-steuerung\/","url":"https:\/\/marktxxl.de\/markt\/produkt\/samger-tragbar-salon-haartrockner-aufstehen-motorhaube-professioneller-friseur-900w-verstellbare-hoehe-timer-und-temperatur-steuerung\/","name":"Samger tragbar Salon Haartrockner Aufstehen Motorhaube Professioneller Friseur 900W Verstellbare H\u00f6he, Timer und\u2026 - Markt-XXL","isPartOf":{"@id":"https:\/\/marktxxl.de\/markt\/#website"},"primaryImageOfPage":{"@id":"https:\/\/marktxxl.de\/markt\/produkt\/samger-tragbar-salon-haartrockner-aufstehen-motorhaube-professioneller-friseur-900w-verstellbare-hoehe-timer-und-temperatur-steuerung\/#primaryimage"},"image":{"@id":"https:\/\/marktxxl.de\/markt\/produkt\/samger-tragbar-salon-haartrockner-aufstehen-motorhaube-professioneller-friseur-900w-verstellbare-hoehe-timer-und-temperatur-steuerung\/#primaryimage"},"thumbnailUrl":"https:\/\/m.media-amazon.com\/images\/I\/41VuHa2jXWL._SL500_.jpg","datePublished":"2021-11-12T18:21:24+00:00","dateModified":"2023-04-11T00:41:15+00:00","description":"Markt-XXL Samger tragbar Salon Haartrockner Aufstehen Motorhaube Professioneller Friseur 900W Verstellbare H\u00f6he, Timer und\u2026","breadcrumb":{"@id":"https:\/\/marktxxl.de\/markt\/produkt\/samger-tragbar-salon-haartrockner-aufstehen-motorhaube-professioneller-friseur-900w-verstellbare-hoehe-timer-und-temperatur-steuerung\/#breadcrumb"},"inLanguage":"de","potentialAction":[{"@type":"ReadAction","target":["https:\/\/marktxxl.de\/markt\/produkt\/samger-tragbar-salon-haartrockner-aufstehen-motorhaube-professioneller-friseur-900w-verstellbare-hoehe-timer-und-temperatur-steuerung\/"]}]},{"@type":"ImageObject","inLanguage":"de","@id":"https:\/\/marktxxl.de\/markt\/produkt\/samger-tragbar-salon-haartrockner-aufstehen-motorhaube-professioneller-friseur-900w-verstellbare-hoehe-timer-und-temperatur-steuerung\/#primaryimage","url":"https:\/\/m.media-amazon.com\/images\/I\/41VuHa2jXWL._SL500_.jpg","contentUrl":"https:\/\/m.media-amazon.com\/images\/I\/41VuHa2jXWL._SL500_.jpg","width":500,"height":500},{"@type":"BreadcrumbList","@id":"https:\/\/marktxxl.de\/markt\/produkt\/samger-tragbar-salon-haartrockner-aufstehen-motorhaube-professioneller-friseur-900w-verstellbare-hoehe-timer-und-temperatur-steuerung\/#breadcrumb","itemListElement":[{"@type":"ListItem","position":1,"name":"Startseite","item":"https:\/\/marktxxl.de\/markt\/"},{"@type":"ListItem","position":2,"name":"Markt","item":"https:\/\/marktxxl.de\/markt\/"},{"@type":"ListItem","position":3,"name":"Samger tragbar Salon Haartrockner Aufstehen Motorhaube Professioneller Friseur 900W Verstellbare H\u00f6he, Timer und\u2026"}]},{"@type":"WebSite","@id":"https:\/\/marktxxl.de\/markt\/#website","url":"https:\/\/marktxxl.de\/markt\/","name":"Markt-XXL","description":"Ihr Markt Online","publisher":{"@id":"https:\/\/marktxxl.de\/markt\/#organization"},"potentialAction":[{"@type":"SearchAction","target":{"@type":"EntryPoint","urlTemplate":"https:\/\/marktxxl.de\/markt\/?s={search_term_string}"},"query-input":{"@type":"PropertyValueSpecification","valueRequired":true,"valueName":"search_term_string"}}],"inLanguage":"de"},{"@type":"Organization","@id":"https:\/\/marktxxl.de\/markt\/#organization","name":"Markt-XXL","url":"https:\/\/marktxxl.de\/markt\/","logo":{"@type":"ImageObject","inLanguage":"de","@id":"https:\/\/marktxxl.de\/markt\/#\/schema\/logo\/image\/","url":"https:\/\/marktxxl.de\/markt\/wp-content\/uploads\/sites\/3\/2020\/12\/logo.png","contentUrl":"https:\/\/marktxxl.de\/markt\/wp-content\/uploads\/sites\/3\/2020\/12\/logo.png","width":200,"height":70,"caption":"Markt-XXL"},"image":{"@id":"https:\/\/marktxxl.de\/markt\/#\/schema\/logo\/image\/"}}]}},"_links":{"self":[{"href":"https:\/\/marktxxl.de\/markt\/wp-json\/wp\/v2\/product\/68893","targetHints":{"allow":["GET"]}}],"collection":[{"href":"https:\/\/marktxxl.de\/markt\/wp-json\/wp\/v2\/product"}],"about":[{"href":"https:\/\/marktxxl.de\/markt\/wp-json\/wp\/v2\/types\/product"}],"replies":[{"embeddable":true,"href":"https:\/\/marktxxl.de\/markt\/wp-json\/wp\/v2\/comments?post=68893"}],"wp:featuredmedia":[{"embeddable":true,"href":"https:\/\/marktxxl.de\/markt\/wp-json\/wp\/v2\/media\/68894"}],"wp:attachment":[{"href":"https:\/\/marktxxl.de\/markt\/wp-json\/wp\/v2\/media?parent=68893"}],"wp:term":[{"taxonomy":"product_brand","embeddable":true,"href":"https:\/\/marktxxl.de\/markt\/wp-json\/wp\/v2\/product_brand?post=68893"},{"taxonomy":"product_cat","embeddable":true,"href":"https:\/\/marktxxl.de\/markt\/wp-json\/wp\/v2\/product_cat?post=68893"},{"taxonomy":"product_tag","embeddable":true,"href":"https:\/\/marktxxl.de\/markt\/wp-json\/wp\/v2\/product_tag?post=68893"}],"curies":[{"name":"wp","href":"https:\/\/api.w.org\/{rel}","templated":true}]}}