{"id":68838,"date":"2021-11-12T19:18:26","date_gmt":"2021-11-12T18:18:26","guid":{"rendered":"https:\/\/marktxxl.de\/markt\/produkt\/biofresh-geschenk-pakete-rose-of-bulgaria-koerperlotion-330-ml-handcreme-75ml-und-rosa-seife-100gr\/"},"modified":"2023-04-11T02:40:18","modified_gmt":"2023-04-11T00:40:18","slug":"biofresh-geschenk-pakete-rose-of-bulgaria-koerperlotion-330-ml-handcreme-75ml-und-rosa-seife-100gr","status":"publish","type":"product","link":"https:\/\/marktxxl.de\/markt\/produkt\/biofresh-geschenk-pakete-rose-of-bulgaria-koerperlotion-330-ml-handcreme-75ml-und-rosa-seife-100gr\/","title":{"rendered":"BioFresh Geschenk \u2013 Pakete Rose of Bulgaria: K\u00f6rperlotion 330 ml, Handcreme 75ml und rosa Seife 100gr."},"content":{"rendered":"<p>In diesem Geschenkeset der Serie Rose of Bulgaria von Biofresh sind eine pflegende Bodylotion, nat\u00fcrliche Rosenseife und eine reichhaltige Handcreme enthalten.<br \/>\nDie einzigartigen Heilkr\u00e4fte des Rosen\u00f6ls und des Rosenwassers, die aus der fernen Vergangenheit bekannt sind, werden erfolgreich bei der Herstellung kosmetischer Produkte eingesetzt. Sie reinigen und erfrischen die Haut, befeuchten und halten das Hydro-Lipid-Gleichgewicht aufrecht, stimulieren die Zellregeneration, beruhigen und entfernen entz\u00fcndliche Prozesse. Sie wirken antioxidativ und verlangsamen das Auftreten von Falten.<br \/>\nDie reichhaltige Formel der intensiv pflegenden Body Lotion mit Rosenwasser beinhaltet Vitamin E und Extrakt aus Rosmarin. Vitamin E ist bekannt f\u00fcr seine antioxidative Wirkung und bewahrt Deine Haut vor der sch\u00e4dlichen Wirkung von freien Radikalen. So genie\u00dft Du l\u00e4nger eine jung aussehende, straffe Haut. Durch die pflanzlichen Extrakte versorgt der Balsam die Haut mit essentiellen N\u00e4hrstoffen.<br \/>\nDie Naturseife Rose of Bulgaria von Biofresh enth\u00e4lt sanfte Peeling-Partikel von getrockneten Damaszener Rosenbl\u00fctenbl\u00e4ttern. Die Seife ist mit Glycerin und 100% pflanzlichem Palm\u00f6l und Kokos\u00f6l angereichert. Geeignet f\u00fcr empfindliche und sensible Haut.<br \/>\nDie Handcreme spendet Feuchtigkeit und reguliert die pH-Balance der trockenen und empfindlichen Haut. Die Wirkung des Rosenwassers ist vielseitig und ausgesprochen delikat &#8211; es tonisiert, erfrischt und hydratisiert die Haut, beruhigt entz\u00fcndete Stellen und sch\u00fctzt vor Umwelteinfl\u00fcssen wie K\u00e4lte oder trockene Heizungsluft.<br \/>\n<div class=\"main-cross-sell\" data-asin=\"B01B0W41ZG\">\n\n\t<div class=\"WooZone-cross-sell-loader\">\n\t\t<div>\n\t\t\t<div id=\"floatingBarsG\">\n\t\t\t\t<div class=\"blockG\" id=\"rotateG_01\"><\/div>\n\t\t\t\t<div class=\"blockG\" id=\"rotateG_02\"><\/div>\n\t\t\t\t<div class=\"blockG\" id=\"rotateG_03\"><\/div>\n\t\t\t\t<div class=\"blockG\" id=\"rotateG_04\"><\/div>\n\t\t\t\t<div class=\"blockG\" id=\"rotateG_05\"><\/div>\n\t\t\t\t<div class=\"blockG\" id=\"rotateG_06\"><\/div>\n\t\t\t\t<div class=\"blockG\" id=\"rotateG_07\"><\/div>\n\t\t\t\t<div class=\"blockG\" id=\"rotateG_08\"><\/div>\n\t\t\t<\/div>\n\t\t\t<div class=\"WooZone-cross-sell-loader-text\"><\/div>\n\t\t<\/div>\n\t<\/div>\n\n\t\t\n<\/div>\n<div style=\"clear:both;\"><\/div><\/p>\n","protected":false},"excerpt":{"rendered":"<p>In diesem Geschenkeset der Serie Rose of Bulgaria von Biofresh sind eine pflegende Bodylotion, nat\u00fcrliche Rosenseife und eine reichhaltige Handcreme enthalten.<br \/>\nDie einzigartigen Heilkr\u00e4fte des Rosen\u00f6ls und des Rosenwassers, die aus der fernen Vergangenheit bekannt sind, werden erfolgreich bei der Herstellung kosmetischer Produkte eingesetzt. Sie reinigen und erfrischen die Haut, befeuchten und halten das Hydro-Lipid-Gleichgewicht aufrecht, stimulieren die Zellregeneration, beruhigen und entfernen entz\u00fcndliche Prozesse. Sie wirken antioxidativ und verlangsamen das Auftreten von Falten.<br \/>\nDie reichhaltige Formel der intensiv pflegenden Body Lotion mit Rosenwasser beinhaltet Vitamin E und Extrakt aus Rosmarin. Vitamin E ist bekannt f\u00fcr seine antioxidative Wirkung und bewahrt Deine Haut vor der sch\u00e4dlichen Wirkung von freien Radikalen. So genie\u00dft Du l\u00e4nger eine jung aussehende, straffe Haut. Durch die pflanzlichen Extrakte versorgt der Balsam die Haut mit essentiellen N\u00e4hrstoffen.<\/p>\n","protected":false},"featured_media":68839,"comment_status":"open","ping_status":"closed","template":"","meta":[],"product_brand":[],"product_cat":[2858,6632],"product_tag":[],"class_list":{"0":"post-68838","1":"product","2":"type-product","3":"status-publish","4":"has-post-thumbnail","6":"product_cat-beauty","7":"product_cat-beauty-pflegesets","8":"pa_binding-misc","9":"pa_brand-rose-of-bulgaria","10":"pa_manufacturer-biofresh","11":"pa_size-100-g-1er-pack","13":"first","14":"instock","15":"shipping-taxable","16":"purchasable","17":"product-type-simple","18":"customify-col","19":"product-has-gallery"},"yoast_head":"<!-- This site is optimized with the Yoast SEO plugin v27.4 - https:\/\/yoast.com\/product\/yoast-seo-wordpress\/ -->\n<title>BioFresh Geschenk \u2013 Pakete Rose of Bulgaria: K\u00f6rperlotion 330 ml, Handcreme 75ml und rosa Seife 100gr. - Markt-XXL<\/title>\n<meta name=\"description\" content=\"Markt-XXL BioFresh Geschenk \u2013 Pakete Rose of Bulgaria: K\u00f6rperlotion 330 ml, Handcreme 75ml und rosa Seife 100gr.\" \/>\n<meta name=\"robots\" content=\"index, follow, max-snippet:-1, max-image-preview:large, max-video-preview:-1\" \/>\n<link rel=\"canonical\" href=\"https:\/\/marktxxl.de\/markt\/produkt\/biofresh-geschenk-pakete-rose-of-bulgaria-koerperlotion-330-ml-handcreme-75ml-und-rosa-seife-100gr\/\" \/>\n<meta property=\"og:locale\" content=\"de_DE\" \/>\n<meta property=\"og:type\" content=\"article\" \/>\n<meta property=\"og:title\" content=\"BioFresh Geschenk \u2013 Pakete Rose of Bulgaria: K\u00f6rperlotion 330 ml, Handcreme 75ml und rosa Seife 100gr. - Markt-XXL\" \/>\n<meta property=\"og:description\" content=\"Markt-XXL BioFresh Geschenk \u2013 Pakete Rose of Bulgaria: K\u00f6rperlotion 330 ml, Handcreme 75ml und rosa Seife 100gr.\" \/>\n<meta property=\"og:url\" content=\"https:\/\/marktxxl.de\/markt\/produkt\/biofresh-geschenk-pakete-rose-of-bulgaria-koerperlotion-330-ml-handcreme-75ml-und-rosa-seife-100gr\/\" \/>\n<meta property=\"og:site_name\" content=\"Markt-XXL\" \/>\n<meta property=\"article:modified_time\" content=\"2023-04-11T00:40:18+00:00\" \/>\n<meta property=\"og:image\" content=\"https:\/\/m.media-amazon.com\/images\/I\/51wybM2aUcL._SL500_.jpg\" \/>\n\t<meta property=\"og:image:width\" content=\"500\" \/>\n\t<meta property=\"og:image:height\" content=\"500\" \/>\n\t<meta property=\"og:image:type\" content=\"image\/jpeg\" \/>\n<meta name=\"twitter:card\" content=\"summary_large_image\" \/>\n<meta name=\"twitter:label1\" content=\"Gesch\u00e4tzte Lesezeit\" \/>\n\t<meta name=\"twitter:data1\" content=\"1\u00a0Minute\" \/>\n<script type=\"application\/ld+json\" class=\"yoast-schema-graph\">{\"@context\":\"https:\\\/\\\/schema.org\",\"@graph\":[{\"@type\":\"WebPage\",\"@id\":\"https:\\\/\\\/marktxxl.de\\\/markt\\\/produkt\\\/biofresh-geschenk-pakete-rose-of-bulgaria-koerperlotion-330-ml-handcreme-75ml-und-rosa-seife-100gr\\\/\",\"url\":\"https:\\\/\\\/marktxxl.de\\\/markt\\\/produkt\\\/biofresh-geschenk-pakete-rose-of-bulgaria-koerperlotion-330-ml-handcreme-75ml-und-rosa-seife-100gr\\\/\",\"name\":\"BioFresh Geschenk \u2013 Pakete Rose of Bulgaria: K\u00f6rperlotion 330 ml, Handcreme 75ml und rosa Seife 100gr. - Markt-XXL\",\"isPartOf\":{\"@id\":\"https:\\\/\\\/marktxxl.de\\\/markt\\\/#website\"},\"primaryImageOfPage\":{\"@id\":\"https:\\\/\\\/marktxxl.de\\\/markt\\\/produkt\\\/biofresh-geschenk-pakete-rose-of-bulgaria-koerperlotion-330-ml-handcreme-75ml-und-rosa-seife-100gr\\\/#primaryimage\"},\"image\":{\"@id\":\"https:\\\/\\\/marktxxl.de\\\/markt\\\/produkt\\\/biofresh-geschenk-pakete-rose-of-bulgaria-koerperlotion-330-ml-handcreme-75ml-und-rosa-seife-100gr\\\/#primaryimage\"},\"thumbnailUrl\":\"https:\\\/\\\/m.media-amazon.com\\\/images\\\/I\\\/51wybM2aUcL._SL500_.jpg\",\"datePublished\":\"2021-11-12T18:18:26+00:00\",\"dateModified\":\"2023-04-11T00:40:18+00:00\",\"description\":\"Markt-XXL BioFresh Geschenk \u2013 Pakete Rose of Bulgaria: K\u00f6rperlotion 330 ml, Handcreme 75ml und rosa Seife 100gr.\",\"breadcrumb\":{\"@id\":\"https:\\\/\\\/marktxxl.de\\\/markt\\\/produkt\\\/biofresh-geschenk-pakete-rose-of-bulgaria-koerperlotion-330-ml-handcreme-75ml-und-rosa-seife-100gr\\\/#breadcrumb\"},\"inLanguage\":\"de\",\"potentialAction\":[{\"@type\":\"ReadAction\",\"target\":[\"https:\\\/\\\/marktxxl.de\\\/markt\\\/produkt\\\/biofresh-geschenk-pakete-rose-of-bulgaria-koerperlotion-330-ml-handcreme-75ml-und-rosa-seife-100gr\\\/\"]}]},{\"@type\":\"ImageObject\",\"inLanguage\":\"de\",\"@id\":\"https:\\\/\\\/marktxxl.de\\\/markt\\\/produkt\\\/biofresh-geschenk-pakete-rose-of-bulgaria-koerperlotion-330-ml-handcreme-75ml-und-rosa-seife-100gr\\\/#primaryimage\",\"url\":\"https:\\\/\\\/m.media-amazon.com\\\/images\\\/I\\\/51wybM2aUcL._SL500_.jpg\",\"contentUrl\":\"https:\\\/\\\/m.media-amazon.com\\\/images\\\/I\\\/51wybM2aUcL._SL500_.jpg\",\"width\":500,\"height\":500},{\"@type\":\"BreadcrumbList\",\"@id\":\"https:\\\/\\\/marktxxl.de\\\/markt\\\/produkt\\\/biofresh-geschenk-pakete-rose-of-bulgaria-koerperlotion-330-ml-handcreme-75ml-und-rosa-seife-100gr\\\/#breadcrumb\",\"itemListElement\":[{\"@type\":\"ListItem\",\"position\":1,\"name\":\"Startseite\",\"item\":\"https:\\\/\\\/marktxxl.de\\\/markt\\\/\"},{\"@type\":\"ListItem\",\"position\":2,\"name\":\"Markt\",\"item\":\"https:\\\/\\\/marktxxl.de\\\/markt\\\/\"},{\"@type\":\"ListItem\",\"position\":3,\"name\":\"BioFresh Geschenk \u2013 Pakete Rose of Bulgaria: K\u00f6rperlotion 330 ml, Handcreme 75ml und rosa Seife 100gr.\"}]},{\"@type\":\"WebSite\",\"@id\":\"https:\\\/\\\/marktxxl.de\\\/markt\\\/#website\",\"url\":\"https:\\\/\\\/marktxxl.de\\\/markt\\\/\",\"name\":\"Markt-XXL\",\"description\":\"Ihr Markt Online\",\"publisher\":{\"@id\":\"https:\\\/\\\/marktxxl.de\\\/markt\\\/#organization\"},\"potentialAction\":[{\"@type\":\"SearchAction\",\"target\":{\"@type\":\"EntryPoint\",\"urlTemplate\":\"https:\\\/\\\/marktxxl.de\\\/markt\\\/?s={search_term_string}\"},\"query-input\":{\"@type\":\"PropertyValueSpecification\",\"valueRequired\":true,\"valueName\":\"search_term_string\"}}],\"inLanguage\":\"de\"},{\"@type\":\"Organization\",\"@id\":\"https:\\\/\\\/marktxxl.de\\\/markt\\\/#organization\",\"name\":\"Markt-XXL\",\"url\":\"https:\\\/\\\/marktxxl.de\\\/markt\\\/\",\"logo\":{\"@type\":\"ImageObject\",\"inLanguage\":\"de\",\"@id\":\"https:\\\/\\\/marktxxl.de\\\/markt\\\/#\\\/schema\\\/logo\\\/image\\\/\",\"url\":\"https:\\\/\\\/marktxxl.de\\\/markt\\\/wp-content\\\/uploads\\\/sites\\\/3\\\/2020\\\/12\\\/logo.png\",\"contentUrl\":\"https:\\\/\\\/marktxxl.de\\\/markt\\\/wp-content\\\/uploads\\\/sites\\\/3\\\/2020\\\/12\\\/logo.png\",\"width\":200,\"height\":70,\"caption\":\"Markt-XXL\"},\"image\":{\"@id\":\"https:\\\/\\\/marktxxl.de\\\/markt\\\/#\\\/schema\\\/logo\\\/image\\\/\"}}]}<\/script>\n<!-- \/ Yoast SEO plugin. -->","yoast_head_json":{"title":"BioFresh Geschenk \u2013 Pakete Rose of Bulgaria: K\u00f6rperlotion 330 ml, Handcreme 75ml und rosa Seife 100gr. - Markt-XXL","description":"Markt-XXL BioFresh Geschenk \u2013 Pakete Rose of Bulgaria: K\u00f6rperlotion 330 ml, Handcreme 75ml und rosa Seife 100gr.","robots":{"index":"index","follow":"follow","max-snippet":"max-snippet:-1","max-image-preview":"max-image-preview:large","max-video-preview":"max-video-preview:-1"},"canonical":"https:\/\/marktxxl.de\/markt\/produkt\/biofresh-geschenk-pakete-rose-of-bulgaria-koerperlotion-330-ml-handcreme-75ml-und-rosa-seife-100gr\/","og_locale":"de_DE","og_type":"article","og_title":"BioFresh Geschenk \u2013 Pakete Rose of Bulgaria: K\u00f6rperlotion 330 ml, Handcreme 75ml und rosa Seife 100gr. - Markt-XXL","og_description":"Markt-XXL BioFresh Geschenk \u2013 Pakete Rose of Bulgaria: K\u00f6rperlotion 330 ml, Handcreme 75ml und rosa Seife 100gr.","og_url":"https:\/\/marktxxl.de\/markt\/produkt\/biofresh-geschenk-pakete-rose-of-bulgaria-koerperlotion-330-ml-handcreme-75ml-und-rosa-seife-100gr\/","og_site_name":"Markt-XXL","article_modified_time":"2023-04-11T00:40:18+00:00","og_image":[{"width":500,"height":500,"url":"https:\/\/m.media-amazon.com\/images\/I\/51wybM2aUcL._SL500_.jpg","type":"image\/jpeg"}],"twitter_card":"summary_large_image","twitter_misc":{"Gesch\u00e4tzte Lesezeit":"1\u00a0Minute"},"schema":{"@context":"https:\/\/schema.org","@graph":[{"@type":"WebPage","@id":"https:\/\/marktxxl.de\/markt\/produkt\/biofresh-geschenk-pakete-rose-of-bulgaria-koerperlotion-330-ml-handcreme-75ml-und-rosa-seife-100gr\/","url":"https:\/\/marktxxl.de\/markt\/produkt\/biofresh-geschenk-pakete-rose-of-bulgaria-koerperlotion-330-ml-handcreme-75ml-und-rosa-seife-100gr\/","name":"BioFresh Geschenk \u2013 Pakete Rose of Bulgaria: K\u00f6rperlotion 330 ml, Handcreme 75ml und rosa Seife 100gr. - Markt-XXL","isPartOf":{"@id":"https:\/\/marktxxl.de\/markt\/#website"},"primaryImageOfPage":{"@id":"https:\/\/marktxxl.de\/markt\/produkt\/biofresh-geschenk-pakete-rose-of-bulgaria-koerperlotion-330-ml-handcreme-75ml-und-rosa-seife-100gr\/#primaryimage"},"image":{"@id":"https:\/\/marktxxl.de\/markt\/produkt\/biofresh-geschenk-pakete-rose-of-bulgaria-koerperlotion-330-ml-handcreme-75ml-und-rosa-seife-100gr\/#primaryimage"},"thumbnailUrl":"https:\/\/m.media-amazon.com\/images\/I\/51wybM2aUcL._SL500_.jpg","datePublished":"2021-11-12T18:18:26+00:00","dateModified":"2023-04-11T00:40:18+00:00","description":"Markt-XXL BioFresh Geschenk \u2013 Pakete Rose of Bulgaria: K\u00f6rperlotion 330 ml, Handcreme 75ml und rosa Seife 100gr.","breadcrumb":{"@id":"https:\/\/marktxxl.de\/markt\/produkt\/biofresh-geschenk-pakete-rose-of-bulgaria-koerperlotion-330-ml-handcreme-75ml-und-rosa-seife-100gr\/#breadcrumb"},"inLanguage":"de","potentialAction":[{"@type":"ReadAction","target":["https:\/\/marktxxl.de\/markt\/produkt\/biofresh-geschenk-pakete-rose-of-bulgaria-koerperlotion-330-ml-handcreme-75ml-und-rosa-seife-100gr\/"]}]},{"@type":"ImageObject","inLanguage":"de","@id":"https:\/\/marktxxl.de\/markt\/produkt\/biofresh-geschenk-pakete-rose-of-bulgaria-koerperlotion-330-ml-handcreme-75ml-und-rosa-seife-100gr\/#primaryimage","url":"https:\/\/m.media-amazon.com\/images\/I\/51wybM2aUcL._SL500_.jpg","contentUrl":"https:\/\/m.media-amazon.com\/images\/I\/51wybM2aUcL._SL500_.jpg","width":500,"height":500},{"@type":"BreadcrumbList","@id":"https:\/\/marktxxl.de\/markt\/produkt\/biofresh-geschenk-pakete-rose-of-bulgaria-koerperlotion-330-ml-handcreme-75ml-und-rosa-seife-100gr\/#breadcrumb","itemListElement":[{"@type":"ListItem","position":1,"name":"Startseite","item":"https:\/\/marktxxl.de\/markt\/"},{"@type":"ListItem","position":2,"name":"Markt","item":"https:\/\/marktxxl.de\/markt\/"},{"@type":"ListItem","position":3,"name":"BioFresh Geschenk \u2013 Pakete Rose of Bulgaria: K\u00f6rperlotion 330 ml, Handcreme 75ml und rosa Seife 100gr."}]},{"@type":"WebSite","@id":"https:\/\/marktxxl.de\/markt\/#website","url":"https:\/\/marktxxl.de\/markt\/","name":"Markt-XXL","description":"Ihr Markt Online","publisher":{"@id":"https:\/\/marktxxl.de\/markt\/#organization"},"potentialAction":[{"@type":"SearchAction","target":{"@type":"EntryPoint","urlTemplate":"https:\/\/marktxxl.de\/markt\/?s={search_term_string}"},"query-input":{"@type":"PropertyValueSpecification","valueRequired":true,"valueName":"search_term_string"}}],"inLanguage":"de"},{"@type":"Organization","@id":"https:\/\/marktxxl.de\/markt\/#organization","name":"Markt-XXL","url":"https:\/\/marktxxl.de\/markt\/","logo":{"@type":"ImageObject","inLanguage":"de","@id":"https:\/\/marktxxl.de\/markt\/#\/schema\/logo\/image\/","url":"https:\/\/marktxxl.de\/markt\/wp-content\/uploads\/sites\/3\/2020\/12\/logo.png","contentUrl":"https:\/\/marktxxl.de\/markt\/wp-content\/uploads\/sites\/3\/2020\/12\/logo.png","width":200,"height":70,"caption":"Markt-XXL"},"image":{"@id":"https:\/\/marktxxl.de\/markt\/#\/schema\/logo\/image\/"}}]}},"_links":{"self":[{"href":"https:\/\/marktxxl.de\/markt\/wp-json\/wp\/v2\/product\/68838","targetHints":{"allow":["GET"]}}],"collection":[{"href":"https:\/\/marktxxl.de\/markt\/wp-json\/wp\/v2\/product"}],"about":[{"href":"https:\/\/marktxxl.de\/markt\/wp-json\/wp\/v2\/types\/product"}],"replies":[{"embeddable":true,"href":"https:\/\/marktxxl.de\/markt\/wp-json\/wp\/v2\/comments?post=68838"}],"wp:featuredmedia":[{"embeddable":true,"href":"https:\/\/marktxxl.de\/markt\/wp-json\/wp\/v2\/media\/68839"}],"wp:attachment":[{"href":"https:\/\/marktxxl.de\/markt\/wp-json\/wp\/v2\/media?parent=68838"}],"wp:term":[{"taxonomy":"product_brand","embeddable":true,"href":"https:\/\/marktxxl.de\/markt\/wp-json\/wp\/v2\/product_brand?post=68838"},{"taxonomy":"product_cat","embeddable":true,"href":"https:\/\/marktxxl.de\/markt\/wp-json\/wp\/v2\/product_cat?post=68838"},{"taxonomy":"product_tag","embeddable":true,"href":"https:\/\/marktxxl.de\/markt\/wp-json\/wp\/v2\/product_tag?post=68838"}],"curies":[{"name":"wp","href":"https:\/\/api.w.org\/{rel}","templated":true}]}}