{"id":68615,"date":"2021-11-12T03:31:19","date_gmt":"2021-11-12T02:31:19","guid":{"rendered":"https:\/\/marktxxl.de\/markt\/produkt\/jackery-tragbare-powerstation-explorer-240-solar-generator-240wh-mobile-stromversorgung-mit-reinen-sinuswellen-230v-200w-steckdose-fuer-unterwegs-autoreise-outdoor-aktivitaeten-wie-camping-grill-party\/"},"modified":"2023-04-11T02:40:13","modified_gmt":"2023-04-11T00:40:13","slug":"jackery-tragbare-powerstation-explorer-240-solar-generator-240wh-mobile-stromversorgung-mit-reinen-sinuswellen-230v-200w-steckdose-fuer-unterwegs-autoreise-outdoor-aktivitaeten-wie-camping-grill-party","status":"publish","type":"product","link":"https:\/\/marktxxl.de\/markt\/produkt\/jackery-tragbare-powerstation-explorer-240-solar-generator-240wh-mobile-stromversorgung-mit-reinen-sinuswellen-230v-200w-steckdose-fuer-unterwegs-autoreise-outdoor-aktivitaeten-wie-camping-grill-party\/","title":{"rendered":"Jackery Explorer 240, 3.6V\/67200mAh\/240Wh Tragbare Powerstation Mobiler Stromspeicher mit Reinen Sinuswellen 230V\/200W\u2026"},"content":{"rendered":"<p>\u3010Entwickelt und konstruiert von Jackery\u3011Jackery spezialisiert auf zuverl\u00e4ssige gr\u00fcne L\u00f6sungen in der Stromversorgung f\u00fcr Outdoors, gegr\u00fcndet in Kalifornien im Jahr 2012. Das Produktdesign von Jackery war der Gewinner des Red Dot Award 2016, und Millionen von Familien auf der ganzen Welt haben sich f\u00fcr unsere Marke Jackery entschieden.<br \/>\n\u3010Ideale Stromversorgung f\u00fcr Outdoor-Aktivit\u00e4ten\u3011Gr\u00f6\u00dfe: 13,18*22,99*19,48cm, Gewicht:3kg, Leichte, langlebige und tragbare Stromversorgung f\u00fcr unterwegs, hat multi-Anwendungen und starker Kompatibilit\u00e4t, um digitale Produkte aufzuladen wie Laptop, Tablette, Phone, Drohne, Bluetooth Kopfh\u00f6rer, Lampe usw.<br \/>\n\u3010Ausgezeichnetes Preis-Leistungs-Verh\u00e4ltnis\u3011Eingebaute hochwertige Lithiumbatterie, lange Lebensdauer und wiederverwendbar; 230V\/200W reiner Sinus-Wechselstromausgang, Spitzenwert 400W, 2*USB-A-Anschl\u00fcsse und 1* DC-Autoanschluss; 3 Ladem\u00f6glichkeiten: Solarmodule, Netzteil und Autoanz\u00fcnder jederzeit und \u00fcberall voller Energie.<br \/>\n\u3010Ruhig und umweltfreundlich\u3011Jackery tragbare Powerstation ben\u00f6tigt Kein Kohlenstoff oder Benzin, es gibt keine D\u00e4mpfe, kein Klappern! Die eingebaute MPPT-Technologie unterst\u00fctzt das Laden aller Solarmodule, die Ladeeffizienz ist 15%-20% h\u00f6her als normal, kann die Energie effektiv sparen. Eine perfekte Kapazit\u00e4tswahl f\u00fcr die tragbare Powerstationr unter 300Wh.<br \/>\n\u3010Lieferinhalt und Kundenservice\u3011Jackery verf\u00fcgt \u00fcber ausgereifte Technologie, um die Stabilit\u00e4t der Produkte zu gew\u00e4hrleisten. Wir bieten 2 Jahre Garantie und unser Serviceteam ist immer f\u00fcr Sie da. Wenn Sie Fragen haben, k\u00f6nnen Sie sich gerne an uns wenden. Lieferinhalt: 1 * Jackery Explorer 240 tragbare Powerstation (Solarmodule nicht im Lieferumfang enthalten), 1 * Netzteil, 1 * Autoanz\u00fcnder 1 * Bedienungsanleitung.<br \/>\n<div class=\"main-cross-sell\" data-asin=\"B08V9D4RTX\">\n\n\t<div class=\"WooZone-cross-sell-loader\">\n\t\t<div>\n\t\t\t<div id=\"floatingBarsG\">\n\t\t\t\t<div class=\"blockG\" id=\"rotateG_01\"><\/div>\n\t\t\t\t<div class=\"blockG\" id=\"rotateG_02\"><\/div>\n\t\t\t\t<div class=\"blockG\" id=\"rotateG_03\"><\/div>\n\t\t\t\t<div class=\"blockG\" id=\"rotateG_04\"><\/div>\n\t\t\t\t<div class=\"blockG\" id=\"rotateG_05\"><\/div>\n\t\t\t\t<div class=\"blockG\" id=\"rotateG_06\"><\/div>\n\t\t\t\t<div class=\"blockG\" id=\"rotateG_07\"><\/div>\n\t\t\t\t<div class=\"blockG\" id=\"rotateG_08\"><\/div>\n\t\t\t<\/div>\n\t\t\t<div class=\"WooZone-cross-sell-loader-text\"><\/div>\n\t\t<\/div>\n\t<\/div>\n\n\t\t\n<\/div>\n<div style=\"clear:both;\"><\/div><\/p>\n","protected":false},"excerpt":{"rendered":"<p>\u3010Entwickelt und konstruiert von Jackery\u3011Jackery spezialisiert auf zuverl\u00e4ssige gr\u00fcne L\u00f6sungen in der Stromversorgung f\u00fcr Outdoors, gegr\u00fcndet in Kalifornien im Jahr 2012. Das Produktdesign von Jackery war der Gewinner des Red Dot Award 2016, und Millionen von Familien auf der ganzen Welt haben sich f\u00fcr unsere Marke Jackery entschieden.<br \/>\n\u3010Ideale Stromversorgung f\u00fcr Outdoor-Aktivit\u00e4ten\u3011Gr\u00f6\u00dfe: 13,18*22,99*19,48cm, Gewicht:3kg, Leichte, langlebige und tragbare Stromversorgung f\u00fcr unterwegs, hat multi-Anwendungen und starker Kompatibilit\u00e4t, um digitale Produkte aufzuladen wie Laptop, Tablette, Phone, Drohne, Bluetooth Kopfh\u00f6rer, Lampe usw.<br \/>\n\u3010Ausgezeichnetes Preis-Leistungs-Verh\u00e4ltnis\u3011Eingebaute hochwertige Lithiumbatterie, lange Lebensdauer und wiederverwendbar; 230V\/200W reiner Sinus-Wechselstromausgang, Spitzenwert 400W, 2*USB-A-Anschl\u00fcsse und 1* DC-Autoanschluss; 3 Ladem\u00f6glichkeiten: Solarmodule, Netzteil und Autoanz\u00fcnder jederzeit und \u00fcberall voller Energie.<\/p>\n","protected":false},"featured_media":68616,"comment_status":"open","ping_status":"closed","template":"","meta":[],"product_brand":[],"product_cat":[1983,11235],"product_tag":[],"class_list":{"0":"post-68615","1":"product","2":"type-product","3":"status-publish","4":"has-post-thumbnail","6":"product_cat-baumarkt","7":"product_cat-rasenmaeher-elektrische-gartenwerkzeuge","8":"pa_brand-jackery","9":"pa_manufacturer-jackery","11":"first","12":"instock","13":"shipping-taxable","14":"purchasable","15":"product-type-simple","16":"customify-col","17":"product-has-gallery"},"yoast_head":"<!-- This site is optimized with the Yoast SEO plugin v27.4 - https:\/\/yoast.com\/product\/yoast-seo-wordpress\/ -->\n<title>Jackery Explorer 240, 3.6V\/67200mAh\/240Wh Tragbare Powerstation Mobiler Stromspeicher mit Reinen Sinuswellen 230V\/200W\u2026 - Markt-XXL<\/title>\n<meta name=\"description\" content=\"Markt-XXL Jackery Explorer 240, 3.6V\/67200mAh\/240Wh Tragbare Powerstation Mobiler Stromspeicher mit Reinen Sinuswellen 230V\/200W\u2026\" \/>\n<meta name=\"robots\" content=\"index, follow, max-snippet:-1, max-image-preview:large, max-video-preview:-1\" \/>\n<link rel=\"canonical\" href=\"https:\/\/marktxxl.de\/markt\/produkt\/jackery-tragbare-powerstation-explorer-240-solar-generator-240wh-mobile-stromversorgung-mit-reinen-sinuswellen-230v-200w-steckdose-fuer-unterwegs-autoreise-outdoor-aktivitaeten-wie-camping-grill-party\/\" \/>\n<meta property=\"og:locale\" content=\"de_DE\" \/>\n<meta property=\"og:type\" content=\"article\" \/>\n<meta property=\"og:title\" content=\"Jackery Explorer 240, 3.6V\/67200mAh\/240Wh Tragbare Powerstation Mobiler Stromspeicher mit Reinen Sinuswellen 230V\/200W\u2026 - Markt-XXL\" \/>\n<meta property=\"og:description\" content=\"Markt-XXL Jackery Explorer 240, 3.6V\/67200mAh\/240Wh Tragbare Powerstation Mobiler Stromspeicher mit Reinen Sinuswellen 230V\/200W\u2026\" \/>\n<meta property=\"og:url\" content=\"https:\/\/marktxxl.de\/markt\/produkt\/jackery-tragbare-powerstation-explorer-240-solar-generator-240wh-mobile-stromversorgung-mit-reinen-sinuswellen-230v-200w-steckdose-fuer-unterwegs-autoreise-outdoor-aktivitaeten-wie-camping-grill-party\/\" \/>\n<meta property=\"og:site_name\" content=\"Markt-XXL\" \/>\n<meta property=\"article:modified_time\" content=\"2023-04-11T00:40:13+00:00\" \/>\n<meta property=\"og:image\" content=\"https:\/\/m.media-amazon.com\/images\/I\/41jmEz14d-L._SL500_.jpg\" \/>\n\t<meta property=\"og:image:width\" content=\"500\" \/>\n\t<meta property=\"og:image:height\" content=\"500\" \/>\n\t<meta property=\"og:image:type\" content=\"image\/jpeg\" \/>\n<meta name=\"twitter:card\" content=\"summary_large_image\" \/>\n<meta name=\"twitter:label1\" content=\"Gesch\u00e4tzte Lesezeit\" \/>\n\t<meta name=\"twitter:data1\" content=\"1\u00a0Minute\" \/>\n<script type=\"application\/ld+json\" class=\"yoast-schema-graph\">{\"@context\":\"https:\\\/\\\/schema.org\",\"@graph\":[{\"@type\":\"WebPage\",\"@id\":\"https:\\\/\\\/marktxxl.de\\\/markt\\\/produkt\\\/jackery-tragbare-powerstation-explorer-240-solar-generator-240wh-mobile-stromversorgung-mit-reinen-sinuswellen-230v-200w-steckdose-fuer-unterwegs-autoreise-outdoor-aktivitaeten-wie-camping-grill-party\\\/\",\"url\":\"https:\\\/\\\/marktxxl.de\\\/markt\\\/produkt\\\/jackery-tragbare-powerstation-explorer-240-solar-generator-240wh-mobile-stromversorgung-mit-reinen-sinuswellen-230v-200w-steckdose-fuer-unterwegs-autoreise-outdoor-aktivitaeten-wie-camping-grill-party\\\/\",\"name\":\"Jackery Explorer 240, 3.6V\\\/67200mAh\\\/240Wh Tragbare Powerstation Mobiler Stromspeicher mit Reinen Sinuswellen 230V\\\/200W\u2026 - Markt-XXL\",\"isPartOf\":{\"@id\":\"https:\\\/\\\/marktxxl.de\\\/markt\\\/#website\"},\"primaryImageOfPage\":{\"@id\":\"https:\\\/\\\/marktxxl.de\\\/markt\\\/produkt\\\/jackery-tragbare-powerstation-explorer-240-solar-generator-240wh-mobile-stromversorgung-mit-reinen-sinuswellen-230v-200w-steckdose-fuer-unterwegs-autoreise-outdoor-aktivitaeten-wie-camping-grill-party\\\/#primaryimage\"},\"image\":{\"@id\":\"https:\\\/\\\/marktxxl.de\\\/markt\\\/produkt\\\/jackery-tragbare-powerstation-explorer-240-solar-generator-240wh-mobile-stromversorgung-mit-reinen-sinuswellen-230v-200w-steckdose-fuer-unterwegs-autoreise-outdoor-aktivitaeten-wie-camping-grill-party\\\/#primaryimage\"},\"thumbnailUrl\":\"https:\\\/\\\/m.media-amazon.com\\\/images\\\/I\\\/41jmEz14d-L._SL500_.jpg\",\"datePublished\":\"2021-11-12T02:31:19+00:00\",\"dateModified\":\"2023-04-11T00:40:13+00:00\",\"description\":\"Markt-XXL Jackery Explorer 240, 3.6V\\\/67200mAh\\\/240Wh Tragbare Powerstation Mobiler Stromspeicher mit Reinen Sinuswellen 230V\\\/200W\u2026\",\"breadcrumb\":{\"@id\":\"https:\\\/\\\/marktxxl.de\\\/markt\\\/produkt\\\/jackery-tragbare-powerstation-explorer-240-solar-generator-240wh-mobile-stromversorgung-mit-reinen-sinuswellen-230v-200w-steckdose-fuer-unterwegs-autoreise-outdoor-aktivitaeten-wie-camping-grill-party\\\/#breadcrumb\"},\"inLanguage\":\"de\",\"potentialAction\":[{\"@type\":\"ReadAction\",\"target\":[\"https:\\\/\\\/marktxxl.de\\\/markt\\\/produkt\\\/jackery-tragbare-powerstation-explorer-240-solar-generator-240wh-mobile-stromversorgung-mit-reinen-sinuswellen-230v-200w-steckdose-fuer-unterwegs-autoreise-outdoor-aktivitaeten-wie-camping-grill-party\\\/\"]}]},{\"@type\":\"ImageObject\",\"inLanguage\":\"de\",\"@id\":\"https:\\\/\\\/marktxxl.de\\\/markt\\\/produkt\\\/jackery-tragbare-powerstation-explorer-240-solar-generator-240wh-mobile-stromversorgung-mit-reinen-sinuswellen-230v-200w-steckdose-fuer-unterwegs-autoreise-outdoor-aktivitaeten-wie-camping-grill-party\\\/#primaryimage\",\"url\":\"https:\\\/\\\/m.media-amazon.com\\\/images\\\/I\\\/41jmEz14d-L._SL500_.jpg\",\"contentUrl\":\"https:\\\/\\\/m.media-amazon.com\\\/images\\\/I\\\/41jmEz14d-L._SL500_.jpg\",\"width\":500,\"height\":500},{\"@type\":\"BreadcrumbList\",\"@id\":\"https:\\\/\\\/marktxxl.de\\\/markt\\\/produkt\\\/jackery-tragbare-powerstation-explorer-240-solar-generator-240wh-mobile-stromversorgung-mit-reinen-sinuswellen-230v-200w-steckdose-fuer-unterwegs-autoreise-outdoor-aktivitaeten-wie-camping-grill-party\\\/#breadcrumb\",\"itemListElement\":[{\"@type\":\"ListItem\",\"position\":1,\"name\":\"Startseite\",\"item\":\"https:\\\/\\\/marktxxl.de\\\/markt\\\/\"},{\"@type\":\"ListItem\",\"position\":2,\"name\":\"Markt\",\"item\":\"https:\\\/\\\/marktxxl.de\\\/markt\\\/\"},{\"@type\":\"ListItem\",\"position\":3,\"name\":\"Jackery Explorer 240, 3.6V\\\/67200mAh\\\/240Wh Tragbare Powerstation Mobiler Stromspeicher mit Reinen Sinuswellen 230V\\\/200W\u2026\"}]},{\"@type\":\"WebSite\",\"@id\":\"https:\\\/\\\/marktxxl.de\\\/markt\\\/#website\",\"url\":\"https:\\\/\\\/marktxxl.de\\\/markt\\\/\",\"name\":\"Markt-XXL\",\"description\":\"Ihr Markt Online\",\"publisher\":{\"@id\":\"https:\\\/\\\/marktxxl.de\\\/markt\\\/#organization\"},\"potentialAction\":[{\"@type\":\"SearchAction\",\"target\":{\"@type\":\"EntryPoint\",\"urlTemplate\":\"https:\\\/\\\/marktxxl.de\\\/markt\\\/?s={search_term_string}\"},\"query-input\":{\"@type\":\"PropertyValueSpecification\",\"valueRequired\":true,\"valueName\":\"search_term_string\"}}],\"inLanguage\":\"de\"},{\"@type\":\"Organization\",\"@id\":\"https:\\\/\\\/marktxxl.de\\\/markt\\\/#organization\",\"name\":\"Markt-XXL\",\"url\":\"https:\\\/\\\/marktxxl.de\\\/markt\\\/\",\"logo\":{\"@type\":\"ImageObject\",\"inLanguage\":\"de\",\"@id\":\"https:\\\/\\\/marktxxl.de\\\/markt\\\/#\\\/schema\\\/logo\\\/image\\\/\",\"url\":\"https:\\\/\\\/marktxxl.de\\\/markt\\\/wp-content\\\/uploads\\\/sites\\\/3\\\/2020\\\/12\\\/logo.png\",\"contentUrl\":\"https:\\\/\\\/marktxxl.de\\\/markt\\\/wp-content\\\/uploads\\\/sites\\\/3\\\/2020\\\/12\\\/logo.png\",\"width\":200,\"height\":70,\"caption\":\"Markt-XXL\"},\"image\":{\"@id\":\"https:\\\/\\\/marktxxl.de\\\/markt\\\/#\\\/schema\\\/logo\\\/image\\\/\"}}]}<\/script>\n<!-- \/ Yoast SEO plugin. -->","yoast_head_json":{"title":"Jackery Explorer 240, 3.6V\/67200mAh\/240Wh Tragbare Powerstation Mobiler Stromspeicher mit Reinen Sinuswellen 230V\/200W\u2026 - Markt-XXL","description":"Markt-XXL Jackery Explorer 240, 3.6V\/67200mAh\/240Wh Tragbare Powerstation Mobiler Stromspeicher mit Reinen Sinuswellen 230V\/200W\u2026","robots":{"index":"index","follow":"follow","max-snippet":"max-snippet:-1","max-image-preview":"max-image-preview:large","max-video-preview":"max-video-preview:-1"},"canonical":"https:\/\/marktxxl.de\/markt\/produkt\/jackery-tragbare-powerstation-explorer-240-solar-generator-240wh-mobile-stromversorgung-mit-reinen-sinuswellen-230v-200w-steckdose-fuer-unterwegs-autoreise-outdoor-aktivitaeten-wie-camping-grill-party\/","og_locale":"de_DE","og_type":"article","og_title":"Jackery Explorer 240, 3.6V\/67200mAh\/240Wh Tragbare Powerstation Mobiler Stromspeicher mit Reinen Sinuswellen 230V\/200W\u2026 - Markt-XXL","og_description":"Markt-XXL Jackery Explorer 240, 3.6V\/67200mAh\/240Wh Tragbare Powerstation Mobiler Stromspeicher mit Reinen Sinuswellen 230V\/200W\u2026","og_url":"https:\/\/marktxxl.de\/markt\/produkt\/jackery-tragbare-powerstation-explorer-240-solar-generator-240wh-mobile-stromversorgung-mit-reinen-sinuswellen-230v-200w-steckdose-fuer-unterwegs-autoreise-outdoor-aktivitaeten-wie-camping-grill-party\/","og_site_name":"Markt-XXL","article_modified_time":"2023-04-11T00:40:13+00:00","og_image":[{"width":500,"height":500,"url":"https:\/\/m.media-amazon.com\/images\/I\/41jmEz14d-L._SL500_.jpg","type":"image\/jpeg"}],"twitter_card":"summary_large_image","twitter_misc":{"Gesch\u00e4tzte Lesezeit":"1\u00a0Minute"},"schema":{"@context":"https:\/\/schema.org","@graph":[{"@type":"WebPage","@id":"https:\/\/marktxxl.de\/markt\/produkt\/jackery-tragbare-powerstation-explorer-240-solar-generator-240wh-mobile-stromversorgung-mit-reinen-sinuswellen-230v-200w-steckdose-fuer-unterwegs-autoreise-outdoor-aktivitaeten-wie-camping-grill-party\/","url":"https:\/\/marktxxl.de\/markt\/produkt\/jackery-tragbare-powerstation-explorer-240-solar-generator-240wh-mobile-stromversorgung-mit-reinen-sinuswellen-230v-200w-steckdose-fuer-unterwegs-autoreise-outdoor-aktivitaeten-wie-camping-grill-party\/","name":"Jackery Explorer 240, 3.6V\/67200mAh\/240Wh Tragbare Powerstation Mobiler Stromspeicher mit Reinen Sinuswellen 230V\/200W\u2026 - Markt-XXL","isPartOf":{"@id":"https:\/\/marktxxl.de\/markt\/#website"},"primaryImageOfPage":{"@id":"https:\/\/marktxxl.de\/markt\/produkt\/jackery-tragbare-powerstation-explorer-240-solar-generator-240wh-mobile-stromversorgung-mit-reinen-sinuswellen-230v-200w-steckdose-fuer-unterwegs-autoreise-outdoor-aktivitaeten-wie-camping-grill-party\/#primaryimage"},"image":{"@id":"https:\/\/marktxxl.de\/markt\/produkt\/jackery-tragbare-powerstation-explorer-240-solar-generator-240wh-mobile-stromversorgung-mit-reinen-sinuswellen-230v-200w-steckdose-fuer-unterwegs-autoreise-outdoor-aktivitaeten-wie-camping-grill-party\/#primaryimage"},"thumbnailUrl":"https:\/\/m.media-amazon.com\/images\/I\/41jmEz14d-L._SL500_.jpg","datePublished":"2021-11-12T02:31:19+00:00","dateModified":"2023-04-11T00:40:13+00:00","description":"Markt-XXL Jackery Explorer 240, 3.6V\/67200mAh\/240Wh Tragbare Powerstation Mobiler Stromspeicher mit Reinen Sinuswellen 230V\/200W\u2026","breadcrumb":{"@id":"https:\/\/marktxxl.de\/markt\/produkt\/jackery-tragbare-powerstation-explorer-240-solar-generator-240wh-mobile-stromversorgung-mit-reinen-sinuswellen-230v-200w-steckdose-fuer-unterwegs-autoreise-outdoor-aktivitaeten-wie-camping-grill-party\/#breadcrumb"},"inLanguage":"de","potentialAction":[{"@type":"ReadAction","target":["https:\/\/marktxxl.de\/markt\/produkt\/jackery-tragbare-powerstation-explorer-240-solar-generator-240wh-mobile-stromversorgung-mit-reinen-sinuswellen-230v-200w-steckdose-fuer-unterwegs-autoreise-outdoor-aktivitaeten-wie-camping-grill-party\/"]}]},{"@type":"ImageObject","inLanguage":"de","@id":"https:\/\/marktxxl.de\/markt\/produkt\/jackery-tragbare-powerstation-explorer-240-solar-generator-240wh-mobile-stromversorgung-mit-reinen-sinuswellen-230v-200w-steckdose-fuer-unterwegs-autoreise-outdoor-aktivitaeten-wie-camping-grill-party\/#primaryimage","url":"https:\/\/m.media-amazon.com\/images\/I\/41jmEz14d-L._SL500_.jpg","contentUrl":"https:\/\/m.media-amazon.com\/images\/I\/41jmEz14d-L._SL500_.jpg","width":500,"height":500},{"@type":"BreadcrumbList","@id":"https:\/\/marktxxl.de\/markt\/produkt\/jackery-tragbare-powerstation-explorer-240-solar-generator-240wh-mobile-stromversorgung-mit-reinen-sinuswellen-230v-200w-steckdose-fuer-unterwegs-autoreise-outdoor-aktivitaeten-wie-camping-grill-party\/#breadcrumb","itemListElement":[{"@type":"ListItem","position":1,"name":"Startseite","item":"https:\/\/marktxxl.de\/markt\/"},{"@type":"ListItem","position":2,"name":"Markt","item":"https:\/\/marktxxl.de\/markt\/"},{"@type":"ListItem","position":3,"name":"Jackery Explorer 240, 3.6V\/67200mAh\/240Wh Tragbare Powerstation Mobiler Stromspeicher mit Reinen Sinuswellen 230V\/200W\u2026"}]},{"@type":"WebSite","@id":"https:\/\/marktxxl.de\/markt\/#website","url":"https:\/\/marktxxl.de\/markt\/","name":"Markt-XXL","description":"Ihr Markt Online","publisher":{"@id":"https:\/\/marktxxl.de\/markt\/#organization"},"potentialAction":[{"@type":"SearchAction","target":{"@type":"EntryPoint","urlTemplate":"https:\/\/marktxxl.de\/markt\/?s={search_term_string}"},"query-input":{"@type":"PropertyValueSpecification","valueRequired":true,"valueName":"search_term_string"}}],"inLanguage":"de"},{"@type":"Organization","@id":"https:\/\/marktxxl.de\/markt\/#organization","name":"Markt-XXL","url":"https:\/\/marktxxl.de\/markt\/","logo":{"@type":"ImageObject","inLanguage":"de","@id":"https:\/\/marktxxl.de\/markt\/#\/schema\/logo\/image\/","url":"https:\/\/marktxxl.de\/markt\/wp-content\/uploads\/sites\/3\/2020\/12\/logo.png","contentUrl":"https:\/\/marktxxl.de\/markt\/wp-content\/uploads\/sites\/3\/2020\/12\/logo.png","width":200,"height":70,"caption":"Markt-XXL"},"image":{"@id":"https:\/\/marktxxl.de\/markt\/#\/schema\/logo\/image\/"}}]}},"_links":{"self":[{"href":"https:\/\/marktxxl.de\/markt\/wp-json\/wp\/v2\/product\/68615","targetHints":{"allow":["GET"]}}],"collection":[{"href":"https:\/\/marktxxl.de\/markt\/wp-json\/wp\/v2\/product"}],"about":[{"href":"https:\/\/marktxxl.de\/markt\/wp-json\/wp\/v2\/types\/product"}],"replies":[{"embeddable":true,"href":"https:\/\/marktxxl.de\/markt\/wp-json\/wp\/v2\/comments?post=68615"}],"wp:featuredmedia":[{"embeddable":true,"href":"https:\/\/marktxxl.de\/markt\/wp-json\/wp\/v2\/media\/68616"}],"wp:attachment":[{"href":"https:\/\/marktxxl.de\/markt\/wp-json\/wp\/v2\/media?parent=68615"}],"wp:term":[{"taxonomy":"product_brand","embeddable":true,"href":"https:\/\/marktxxl.de\/markt\/wp-json\/wp\/v2\/product_brand?post=68615"},{"taxonomy":"product_cat","embeddable":true,"href":"https:\/\/marktxxl.de\/markt\/wp-json\/wp\/v2\/product_cat?post=68615"},{"taxonomy":"product_tag","embeddable":true,"href":"https:\/\/marktxxl.de\/markt\/wp-json\/wp\/v2\/product_tag?post=68615"}],"curies":[{"name":"wp","href":"https:\/\/api.w.org\/{rel}","templated":true}]}}