{"id":68478,"date":"2021-11-12T03:25:00","date_gmt":"2021-11-12T02:25:00","guid":{"rendered":"https:\/\/marktxxl.de\/markt\/produkt\/workpro-werkzeugtasche-elektriker-42-x-25-x-34cm-robuster-1680d-polyestermit-weiter-reissverschluss-oeffnungtragebuegel-und-verstellbarem-schultergurt\/"},"modified":"2023-04-11T02:40:11","modified_gmt":"2023-04-11T00:40:11","slug":"workpro-werkzeugtasche-elektriker-42-x-25-x-34cm-robuster-1680d-polyestermit-weiter-reissverschluss-oeffnungtragebuegel-und-verstellbarem-schultergurt","status":"publish","type":"product","link":"https:\/\/marktxxl.de\/markt\/produkt\/workpro-werkzeugtasche-elektriker-42-x-25-x-34cm-robuster-1680d-polyestermit-weiter-reissverschluss-oeffnungtragebuegel-und-verstellbarem-schultergurt\/","title":{"rendered":"WORKPRO Werkzeugtasche Elektriker Wasserdichte Werkzeugtasche Profi, weite \u00d6ffnung &amp; gro\u00dfe Kapazit\u00e4t 42CM\/16&#8243; aus 1680D Polyester, Schultergurt verstellbar, Multifunktion f\u00fcr Heimwerker Handwerker"},"content":{"rendered":"<p>\u2705 Optimaler Schutz &#8211; Diese Werkzeugtasche wird haupts\u00e4chlich aus 1680D Polyestergewebe zum Schutz vor Besch\u00e4digungen und Abnutzung hergestellt, die auch Formstabilit\u00e4t erm\u00f6glicht. Und wasserdichter Boden aus robustem Kunststoff bietet die zus\u00e4tzliche Haltbarkeit und Zuverl\u00e4ssigkeit.<br \/>\n\u2705 Vielseitige und praktische Multi-Taschen &#8211; enth\u00e4lt viele Innentaschen und Au\u00dfentaschen von unterschiedlichen Taschentiefen und Taschengr\u00f6\u00dfen und Gurte zur vielseitigen Aufbewahrung von Schl\u00fcsseln, Zangen, Schraubendrehern und Zubeh\u00f6r.<br \/>\n\u2705 Breite \u00d6ffnung und Gr\u00f6\u00dfe &#8211; Diese Werkzeugtasche verf\u00fcgt \u00fcber einen weit ge\u00f6ffneten Mund zum einfachen Einsetzen und Entfernen des Werkzeugs. Sehr Gro\u00dfe Kapazit\u00e4t kann auch viele Werkzeuge oder gro\u00dfe Werkzeuge speichern. Gr\u00f6\u00dfe: 42\u216924.5\u216934cm, Maximale Belastung: 28 kg<br \/>\n\u2705 Verstellbarer Schultergurt und einzigartiges Rei\u00dfverschluss -Mit extra gepolsterten Griffen und verstellbaren Schultergurten geliefert,L\u00e4nge nach Bedarf einstellen,um zus\u00e4tzlichen Komfort beim Transport schwerer Lasten zu bieten. Wegen des Doppelrei\u00dfverschluss ist diese Tasche reibungslos zu \u00f6ffnen, und nehmen Sie Ihre Werkzeuge bei Bedarf schnell heraus.<br \/>\n\u2705 IDEAL F\u00dcR DEN T\u00c4GLICHEN GEBRAUCH &#8211; Ideal f\u00fcr Bauarbeiter, Elektriker, Klempner, Zimmerer, KFZ-Mechaniker, Heimwerker und andere.<br \/>\n<div class=\"main-cross-sell\" data-asin=\"B07N23DCPD\">\n\n\t<div class=\"WooZone-cross-sell-loader\">\n\t\t<div>\n\t\t\t<div id=\"floatingBarsG\">\n\t\t\t\t<div class=\"blockG\" id=\"rotateG_01\"><\/div>\n\t\t\t\t<div class=\"blockG\" id=\"rotateG_02\"><\/div>\n\t\t\t\t<div class=\"blockG\" id=\"rotateG_03\"><\/div>\n\t\t\t\t<div class=\"blockG\" id=\"rotateG_04\"><\/div>\n\t\t\t\t<div class=\"blockG\" id=\"rotateG_05\"><\/div>\n\t\t\t\t<div class=\"blockG\" id=\"rotateG_06\"><\/div>\n\t\t\t\t<div class=\"blockG\" id=\"rotateG_07\"><\/div>\n\t\t\t\t<div class=\"blockG\" id=\"rotateG_08\"><\/div>\n\t\t\t<\/div>\n\t\t\t<div class=\"WooZone-cross-sell-loader-text\"><\/div>\n\t\t<\/div>\n\t<\/div>\n\n\t\t\n<\/div>\n<div style=\"clear:both;\"><\/div><\/p>\n","protected":false},"excerpt":{"rendered":"<p>\u2705 Optimaler Schutz &#8211; Diese Werkzeugtasche wird haupts\u00e4chlich aus 1680D Polyestergewebe zum Schutz vor Besch\u00e4digungen und Abnutzung hergestellt, die auch Formstabilit\u00e4t erm\u00f6glicht. Und wasserdichter Boden aus robustem Kunststoff bietet die zus\u00e4tzliche Haltbarkeit und Zuverl\u00e4ssigkeit.<br \/>\n\u2705 Vielseitige und praktische Multi-Taschen &#8211; enth\u00e4lt viele Innentaschen und Au\u00dfentaschen von unterschiedlichen Taschentiefen und Taschengr\u00f6\u00dfen und Gurte zur vielseitigen Aufbewahrung von Schl\u00fcsseln, Zangen, Schraubendrehern und Zubeh\u00f6r.<br \/>\n\u2705 Breite \u00d6ffnung und Gr\u00f6\u00dfe &#8211; Diese Werkzeugtasche verf\u00fcgt \u00fcber einen weit ge\u00f6ffneten Mund zum einfachen Einsetzen und Entfernen des Werkzeugs. Sehr Gro\u00dfe Kapazit\u00e4t kann auch viele Werkzeuge oder gro\u00dfe Werkzeuge speichern. Gr\u00f6\u00dfe: 42\u216924.5\u216934cm, Maximale Belastung: 28 kg<\/p>\n","protected":false},"featured_media":68479,"comment_status":"open","ping_status":"closed","template":"","meta":[],"product_brand":[],"product_cat":[1983,11179],"product_tag":[],"class_list":{"0":"post-68478","1":"product","2":"type-product","3":"status-publish","4":"has-post-thumbnail","6":"product_cat-baumarkt","7":"product_cat-lagersysteme","8":"pa_binding-werkzeug","9":"pa_brand-workpro","10":"pa_height-13-4-zoll","11":"pa_length-16-5-zoll","12":"pa_manufacturer-hangzhou-great-star-industrial-co-ltd","13":"pa_model-w081122a","14":"pa_weight-3-6-pfund","15":"pa_width-9-6-zoll","17":"first","18":"instock","19":"shipping-taxable","20":"purchasable","21":"product-type-simple","22":"customify-col","23":"product-has-gallery"},"yoast_head":"<!-- This site is optimized with the Yoast SEO plugin v27.4 - https:\/\/yoast.com\/product\/yoast-seo-wordpress\/ -->\n<title>WORKPRO Werkzeugtasche Elektriker Wasserdichte Werkzeugtasche Profi, weite \u00d6ffnung &amp; gro\u00dfe Kapazit\u00e4t 42CM\/16&quot; aus 1680D Polyester, Schultergurt verstellbar, Multifunktion f\u00fcr Heimwerker Handwerker - Markt-XXL<\/title>\n<meta name=\"description\" content=\"Markt-XXL WORKPRO Werkzeugtasche Elektriker Wasserdichte Werkzeugtasche Profi, weite \u00d6ffnung &amp; gro\u00dfe Kapazit\u00e4t 42CM\/16&quot; aus 1680D Polyester, Schultergurt verstellbar, Multifunktion f\u00fcr Heimwerker Handwerker\" \/>\n<meta name=\"robots\" content=\"index, follow, max-snippet:-1, max-image-preview:large, max-video-preview:-1\" \/>\n<link rel=\"canonical\" href=\"https:\/\/marktxxl.de\/markt\/produkt\/workpro-werkzeugtasche-elektriker-42-x-25-x-34cm-robuster-1680d-polyestermit-weiter-reissverschluss-oeffnungtragebuegel-und-verstellbarem-schultergurt\/\" \/>\n<meta property=\"og:locale\" content=\"de_DE\" \/>\n<meta property=\"og:type\" content=\"article\" \/>\n<meta property=\"og:title\" content=\"WORKPRO Werkzeugtasche Elektriker Wasserdichte Werkzeugtasche Profi, weite \u00d6ffnung &amp; gro\u00dfe Kapazit\u00e4t 42CM\/16&quot; aus 1680D Polyester, Schultergurt verstellbar, Multifunktion f\u00fcr Heimwerker Handwerker - Markt-XXL\" \/>\n<meta property=\"og:description\" content=\"Markt-XXL WORKPRO Werkzeugtasche Elektriker Wasserdichte Werkzeugtasche Profi, weite \u00d6ffnung &amp; gro\u00dfe Kapazit\u00e4t 42CM\/16&quot; aus 1680D Polyester, Schultergurt verstellbar, Multifunktion f\u00fcr Heimwerker Handwerker\" \/>\n<meta property=\"og:url\" content=\"https:\/\/marktxxl.de\/markt\/produkt\/workpro-werkzeugtasche-elektriker-42-x-25-x-34cm-robuster-1680d-polyestermit-weiter-reissverschluss-oeffnungtragebuegel-und-verstellbarem-schultergurt\/\" \/>\n<meta property=\"og:site_name\" content=\"Markt-XXL\" \/>\n<meta property=\"article:modified_time\" content=\"2023-04-11T00:40:11+00:00\" \/>\n<meta property=\"og:image\" content=\"https:\/\/m.media-amazon.com\/images\/I\/51v3ChoJNxL._SL500_.jpg\" \/>\n\t<meta property=\"og:image:width\" content=\"500\" \/>\n\t<meta property=\"og:image:height\" content=\"500\" \/>\n\t<meta property=\"og:image:type\" content=\"image\/jpeg\" \/>\n<meta name=\"twitter:card\" content=\"summary_large_image\" \/>\n<meta name=\"twitter:label1\" content=\"Gesch\u00e4tzte Lesezeit\" \/>\n\t<meta name=\"twitter:data1\" content=\"1\u00a0Minute\" \/>\n<script type=\"application\/ld+json\" class=\"yoast-schema-graph\">{\"@context\":\"https:\\\/\\\/schema.org\",\"@graph\":[{\"@type\":\"WebPage\",\"@id\":\"https:\\\/\\\/marktxxl.de\\\/markt\\\/produkt\\\/workpro-werkzeugtasche-elektriker-42-x-25-x-34cm-robuster-1680d-polyestermit-weiter-reissverschluss-oeffnungtragebuegel-und-verstellbarem-schultergurt\\\/\",\"url\":\"https:\\\/\\\/marktxxl.de\\\/markt\\\/produkt\\\/workpro-werkzeugtasche-elektriker-42-x-25-x-34cm-robuster-1680d-polyestermit-weiter-reissverschluss-oeffnungtragebuegel-und-verstellbarem-schultergurt\\\/\",\"name\":\"WORKPRO Werkzeugtasche Elektriker Wasserdichte Werkzeugtasche Profi, weite \u00d6ffnung &amp; gro\u00dfe Kapazit\u00e4t 42CM\\\/16\\\" aus 1680D Polyester, Schultergurt verstellbar, Multifunktion f\u00fcr Heimwerker Handwerker - Markt-XXL\",\"isPartOf\":{\"@id\":\"https:\\\/\\\/marktxxl.de\\\/markt\\\/#website\"},\"primaryImageOfPage\":{\"@id\":\"https:\\\/\\\/marktxxl.de\\\/markt\\\/produkt\\\/workpro-werkzeugtasche-elektriker-42-x-25-x-34cm-robuster-1680d-polyestermit-weiter-reissverschluss-oeffnungtragebuegel-und-verstellbarem-schultergurt\\\/#primaryimage\"},\"image\":{\"@id\":\"https:\\\/\\\/marktxxl.de\\\/markt\\\/produkt\\\/workpro-werkzeugtasche-elektriker-42-x-25-x-34cm-robuster-1680d-polyestermit-weiter-reissverschluss-oeffnungtragebuegel-und-verstellbarem-schultergurt\\\/#primaryimage\"},\"thumbnailUrl\":\"https:\\\/\\\/m.media-amazon.com\\\/images\\\/I\\\/51v3ChoJNxL._SL500_.jpg\",\"datePublished\":\"2021-11-12T02:25:00+00:00\",\"dateModified\":\"2023-04-11T00:40:11+00:00\",\"description\":\"Markt-XXL WORKPRO Werkzeugtasche Elektriker Wasserdichte Werkzeugtasche Profi, weite \u00d6ffnung &amp; gro\u00dfe Kapazit\u00e4t 42CM\\\/16\\\" aus 1680D Polyester, Schultergurt verstellbar, Multifunktion f\u00fcr Heimwerker Handwerker\",\"breadcrumb\":{\"@id\":\"https:\\\/\\\/marktxxl.de\\\/markt\\\/produkt\\\/workpro-werkzeugtasche-elektriker-42-x-25-x-34cm-robuster-1680d-polyestermit-weiter-reissverschluss-oeffnungtragebuegel-und-verstellbarem-schultergurt\\\/#breadcrumb\"},\"inLanguage\":\"de\",\"potentialAction\":[{\"@type\":\"ReadAction\",\"target\":[\"https:\\\/\\\/marktxxl.de\\\/markt\\\/produkt\\\/workpro-werkzeugtasche-elektriker-42-x-25-x-34cm-robuster-1680d-polyestermit-weiter-reissverschluss-oeffnungtragebuegel-und-verstellbarem-schultergurt\\\/\"]}]},{\"@type\":\"ImageObject\",\"inLanguage\":\"de\",\"@id\":\"https:\\\/\\\/marktxxl.de\\\/markt\\\/produkt\\\/workpro-werkzeugtasche-elektriker-42-x-25-x-34cm-robuster-1680d-polyestermit-weiter-reissverschluss-oeffnungtragebuegel-und-verstellbarem-schultergurt\\\/#primaryimage\",\"url\":\"https:\\\/\\\/m.media-amazon.com\\\/images\\\/I\\\/51v3ChoJNxL._SL500_.jpg\",\"contentUrl\":\"https:\\\/\\\/m.media-amazon.com\\\/images\\\/I\\\/51v3ChoJNxL._SL500_.jpg\",\"width\":500,\"height\":500},{\"@type\":\"BreadcrumbList\",\"@id\":\"https:\\\/\\\/marktxxl.de\\\/markt\\\/produkt\\\/workpro-werkzeugtasche-elektriker-42-x-25-x-34cm-robuster-1680d-polyestermit-weiter-reissverschluss-oeffnungtragebuegel-und-verstellbarem-schultergurt\\\/#breadcrumb\",\"itemListElement\":[{\"@type\":\"ListItem\",\"position\":1,\"name\":\"Startseite\",\"item\":\"https:\\\/\\\/marktxxl.de\\\/markt\\\/\"},{\"@type\":\"ListItem\",\"position\":2,\"name\":\"Markt\",\"item\":\"https:\\\/\\\/marktxxl.de\\\/markt\\\/\"},{\"@type\":\"ListItem\",\"position\":3,\"name\":\"WORKPRO Werkzeugtasche Elektriker Wasserdichte Werkzeugtasche Profi, weite \u00d6ffnung &amp; gro\u00dfe Kapazit\u00e4t 42CM\\\/16&#8243; aus 1680D Polyester, Schultergurt verstellbar, Multifunktion f\u00fcr Heimwerker Handwerker\"}]},{\"@type\":\"WebSite\",\"@id\":\"https:\\\/\\\/marktxxl.de\\\/markt\\\/#website\",\"url\":\"https:\\\/\\\/marktxxl.de\\\/markt\\\/\",\"name\":\"Markt-XXL\",\"description\":\"Ihr Markt Online\",\"publisher\":{\"@id\":\"https:\\\/\\\/marktxxl.de\\\/markt\\\/#organization\"},\"potentialAction\":[{\"@type\":\"SearchAction\",\"target\":{\"@type\":\"EntryPoint\",\"urlTemplate\":\"https:\\\/\\\/marktxxl.de\\\/markt\\\/?s={search_term_string}\"},\"query-input\":{\"@type\":\"PropertyValueSpecification\",\"valueRequired\":true,\"valueName\":\"search_term_string\"}}],\"inLanguage\":\"de\"},{\"@type\":\"Organization\",\"@id\":\"https:\\\/\\\/marktxxl.de\\\/markt\\\/#organization\",\"name\":\"Markt-XXL\",\"url\":\"https:\\\/\\\/marktxxl.de\\\/markt\\\/\",\"logo\":{\"@type\":\"ImageObject\",\"inLanguage\":\"de\",\"@id\":\"https:\\\/\\\/marktxxl.de\\\/markt\\\/#\\\/schema\\\/logo\\\/image\\\/\",\"url\":\"https:\\\/\\\/marktxxl.de\\\/markt\\\/wp-content\\\/uploads\\\/sites\\\/3\\\/2020\\\/12\\\/logo.png\",\"contentUrl\":\"https:\\\/\\\/marktxxl.de\\\/markt\\\/wp-content\\\/uploads\\\/sites\\\/3\\\/2020\\\/12\\\/logo.png\",\"width\":200,\"height\":70,\"caption\":\"Markt-XXL\"},\"image\":{\"@id\":\"https:\\\/\\\/marktxxl.de\\\/markt\\\/#\\\/schema\\\/logo\\\/image\\\/\"}}]}<\/script>\n<!-- \/ Yoast SEO plugin. -->","yoast_head_json":{"title":"WORKPRO Werkzeugtasche Elektriker Wasserdichte Werkzeugtasche Profi, weite \u00d6ffnung &amp; gro\u00dfe Kapazit\u00e4t 42CM\/16\" aus 1680D Polyester, Schultergurt verstellbar, Multifunktion f\u00fcr Heimwerker Handwerker - Markt-XXL","description":"Markt-XXL WORKPRO Werkzeugtasche Elektriker Wasserdichte Werkzeugtasche Profi, weite \u00d6ffnung &amp; gro\u00dfe Kapazit\u00e4t 42CM\/16\" aus 1680D Polyester, Schultergurt verstellbar, Multifunktion f\u00fcr Heimwerker Handwerker","robots":{"index":"index","follow":"follow","max-snippet":"max-snippet:-1","max-image-preview":"max-image-preview:large","max-video-preview":"max-video-preview:-1"},"canonical":"https:\/\/marktxxl.de\/markt\/produkt\/workpro-werkzeugtasche-elektriker-42-x-25-x-34cm-robuster-1680d-polyestermit-weiter-reissverschluss-oeffnungtragebuegel-und-verstellbarem-schultergurt\/","og_locale":"de_DE","og_type":"article","og_title":"WORKPRO Werkzeugtasche Elektriker Wasserdichte Werkzeugtasche Profi, weite \u00d6ffnung &amp; gro\u00dfe Kapazit\u00e4t 42CM\/16\" aus 1680D Polyester, Schultergurt verstellbar, Multifunktion f\u00fcr Heimwerker Handwerker - Markt-XXL","og_description":"Markt-XXL WORKPRO Werkzeugtasche Elektriker Wasserdichte Werkzeugtasche Profi, weite \u00d6ffnung &amp; gro\u00dfe Kapazit\u00e4t 42CM\/16\" aus 1680D Polyester, Schultergurt verstellbar, Multifunktion f\u00fcr Heimwerker Handwerker","og_url":"https:\/\/marktxxl.de\/markt\/produkt\/workpro-werkzeugtasche-elektriker-42-x-25-x-34cm-robuster-1680d-polyestermit-weiter-reissverschluss-oeffnungtragebuegel-und-verstellbarem-schultergurt\/","og_site_name":"Markt-XXL","article_modified_time":"2023-04-11T00:40:11+00:00","og_image":[{"width":500,"height":500,"url":"https:\/\/m.media-amazon.com\/images\/I\/51v3ChoJNxL._SL500_.jpg","type":"image\/jpeg"}],"twitter_card":"summary_large_image","twitter_misc":{"Gesch\u00e4tzte Lesezeit":"1\u00a0Minute"},"schema":{"@context":"https:\/\/schema.org","@graph":[{"@type":"WebPage","@id":"https:\/\/marktxxl.de\/markt\/produkt\/workpro-werkzeugtasche-elektriker-42-x-25-x-34cm-robuster-1680d-polyestermit-weiter-reissverschluss-oeffnungtragebuegel-und-verstellbarem-schultergurt\/","url":"https:\/\/marktxxl.de\/markt\/produkt\/workpro-werkzeugtasche-elektriker-42-x-25-x-34cm-robuster-1680d-polyestermit-weiter-reissverschluss-oeffnungtragebuegel-und-verstellbarem-schultergurt\/","name":"WORKPRO Werkzeugtasche Elektriker Wasserdichte Werkzeugtasche Profi, weite \u00d6ffnung &amp; gro\u00dfe Kapazit\u00e4t 42CM\/16\" aus 1680D Polyester, Schultergurt verstellbar, Multifunktion f\u00fcr Heimwerker Handwerker - Markt-XXL","isPartOf":{"@id":"https:\/\/marktxxl.de\/markt\/#website"},"primaryImageOfPage":{"@id":"https:\/\/marktxxl.de\/markt\/produkt\/workpro-werkzeugtasche-elektriker-42-x-25-x-34cm-robuster-1680d-polyestermit-weiter-reissverschluss-oeffnungtragebuegel-und-verstellbarem-schultergurt\/#primaryimage"},"image":{"@id":"https:\/\/marktxxl.de\/markt\/produkt\/workpro-werkzeugtasche-elektriker-42-x-25-x-34cm-robuster-1680d-polyestermit-weiter-reissverschluss-oeffnungtragebuegel-und-verstellbarem-schultergurt\/#primaryimage"},"thumbnailUrl":"https:\/\/m.media-amazon.com\/images\/I\/51v3ChoJNxL._SL500_.jpg","datePublished":"2021-11-12T02:25:00+00:00","dateModified":"2023-04-11T00:40:11+00:00","description":"Markt-XXL WORKPRO Werkzeugtasche Elektriker Wasserdichte Werkzeugtasche Profi, weite \u00d6ffnung &amp; gro\u00dfe Kapazit\u00e4t 42CM\/16\" aus 1680D Polyester, Schultergurt verstellbar, Multifunktion f\u00fcr Heimwerker Handwerker","breadcrumb":{"@id":"https:\/\/marktxxl.de\/markt\/produkt\/workpro-werkzeugtasche-elektriker-42-x-25-x-34cm-robuster-1680d-polyestermit-weiter-reissverschluss-oeffnungtragebuegel-und-verstellbarem-schultergurt\/#breadcrumb"},"inLanguage":"de","potentialAction":[{"@type":"ReadAction","target":["https:\/\/marktxxl.de\/markt\/produkt\/workpro-werkzeugtasche-elektriker-42-x-25-x-34cm-robuster-1680d-polyestermit-weiter-reissverschluss-oeffnungtragebuegel-und-verstellbarem-schultergurt\/"]}]},{"@type":"ImageObject","inLanguage":"de","@id":"https:\/\/marktxxl.de\/markt\/produkt\/workpro-werkzeugtasche-elektriker-42-x-25-x-34cm-robuster-1680d-polyestermit-weiter-reissverschluss-oeffnungtragebuegel-und-verstellbarem-schultergurt\/#primaryimage","url":"https:\/\/m.media-amazon.com\/images\/I\/51v3ChoJNxL._SL500_.jpg","contentUrl":"https:\/\/m.media-amazon.com\/images\/I\/51v3ChoJNxL._SL500_.jpg","width":500,"height":500},{"@type":"BreadcrumbList","@id":"https:\/\/marktxxl.de\/markt\/produkt\/workpro-werkzeugtasche-elektriker-42-x-25-x-34cm-robuster-1680d-polyestermit-weiter-reissverschluss-oeffnungtragebuegel-und-verstellbarem-schultergurt\/#breadcrumb","itemListElement":[{"@type":"ListItem","position":1,"name":"Startseite","item":"https:\/\/marktxxl.de\/markt\/"},{"@type":"ListItem","position":2,"name":"Markt","item":"https:\/\/marktxxl.de\/markt\/"},{"@type":"ListItem","position":3,"name":"WORKPRO Werkzeugtasche Elektriker Wasserdichte Werkzeugtasche Profi, weite \u00d6ffnung &amp; gro\u00dfe Kapazit\u00e4t 42CM\/16&#8243; aus 1680D Polyester, Schultergurt verstellbar, Multifunktion f\u00fcr Heimwerker Handwerker"}]},{"@type":"WebSite","@id":"https:\/\/marktxxl.de\/markt\/#website","url":"https:\/\/marktxxl.de\/markt\/","name":"Markt-XXL","description":"Ihr Markt Online","publisher":{"@id":"https:\/\/marktxxl.de\/markt\/#organization"},"potentialAction":[{"@type":"SearchAction","target":{"@type":"EntryPoint","urlTemplate":"https:\/\/marktxxl.de\/markt\/?s={search_term_string}"},"query-input":{"@type":"PropertyValueSpecification","valueRequired":true,"valueName":"search_term_string"}}],"inLanguage":"de"},{"@type":"Organization","@id":"https:\/\/marktxxl.de\/markt\/#organization","name":"Markt-XXL","url":"https:\/\/marktxxl.de\/markt\/","logo":{"@type":"ImageObject","inLanguage":"de","@id":"https:\/\/marktxxl.de\/markt\/#\/schema\/logo\/image\/","url":"https:\/\/marktxxl.de\/markt\/wp-content\/uploads\/sites\/3\/2020\/12\/logo.png","contentUrl":"https:\/\/marktxxl.de\/markt\/wp-content\/uploads\/sites\/3\/2020\/12\/logo.png","width":200,"height":70,"caption":"Markt-XXL"},"image":{"@id":"https:\/\/marktxxl.de\/markt\/#\/schema\/logo\/image\/"}}]}},"_links":{"self":[{"href":"https:\/\/marktxxl.de\/markt\/wp-json\/wp\/v2\/product\/68478","targetHints":{"allow":["GET"]}}],"collection":[{"href":"https:\/\/marktxxl.de\/markt\/wp-json\/wp\/v2\/product"}],"about":[{"href":"https:\/\/marktxxl.de\/markt\/wp-json\/wp\/v2\/types\/product"}],"replies":[{"embeddable":true,"href":"https:\/\/marktxxl.de\/markt\/wp-json\/wp\/v2\/comments?post=68478"}],"wp:featuredmedia":[{"embeddable":true,"href":"https:\/\/marktxxl.de\/markt\/wp-json\/wp\/v2\/media\/68479"}],"wp:attachment":[{"href":"https:\/\/marktxxl.de\/markt\/wp-json\/wp\/v2\/media?parent=68478"}],"wp:term":[{"taxonomy":"product_brand","embeddable":true,"href":"https:\/\/marktxxl.de\/markt\/wp-json\/wp\/v2\/product_brand?post=68478"},{"taxonomy":"product_cat","embeddable":true,"href":"https:\/\/marktxxl.de\/markt\/wp-json\/wp\/v2\/product_cat?post=68478"},{"taxonomy":"product_tag","embeddable":true,"href":"https:\/\/marktxxl.de\/markt\/wp-json\/wp\/v2\/product_tag?post=68478"}],"curies":[{"name":"wp","href":"https:\/\/api.w.org\/{rel}","templated":true}]}}