{"id":68237,"date":"2021-11-12T03:12:15","date_gmt":"2021-11-12T02:12:15","guid":{"rendered":"https:\/\/marktxxl.de\/markt\/produkt\/guido-maria-kretschmer-1004630-gmk-fashion-for-walls-10046-30-vliestapete\/"},"modified":"2023-04-10T02:30:43","modified_gmt":"2023-04-10T00:30:43","slug":"guido-maria-kretschmer-1004630-gmk-fashion-for-walls-10046-30-vliestapete","status":"publish","type":"product","link":"https:\/\/marktxxl.de\/markt\/produkt\/guido-maria-kretschmer-1004630-gmk-fashion-for-walls-10046-30-vliestapete\/","title":{"rendered":"Gmk &#8211; Fashion for Walls 10046-30"},"content":{"rendered":"<p>Vinyltapete (Tr\u00e4germaterial: Vlies) &#8211; 10, 05 m (L\u00e4nge) x 0, 53 m (Breite) &#8211; 5, 32 qm<br \/>\nEigenschaften: hoch waschbest\u00e4ndig, gut lichtbest\u00e4ndig, restlos trocken abziehbar, dimensionsstabil, kinderleichte Verarbeitung ohne Weichzeit, Verarbeitung in Wandklebetechnik m\u00f6glich, kann auf allen sauberen, trockenen, glatten, festen und saugf\u00e4higen Untergr\u00fcnden angebracht werden, Made in Germany<br \/>\nRapport: 32 cm (gerade); beim geraden Ansatz werden gleiche Muster in gleicher H\u00f6he nebeneinander angeordnet.<br \/>\nRAL-GZ G\u00fctezeichen: das RAL-G\u00fctezeichen beinhaltet neben technischen Qualit\u00e4tsanforderungen weitere dar\u00fcber hinausgehende Anforderungen und Pr\u00fcfungen hinsichtlich der gesundheitlichen und \u00f6kologischen Unbedenklichkeit von Wandbekleidungen.<br \/>\n<div class=\"main-cross-sell\" data-asin=\"B0816M94HV\">\n\n\t<div class=\"WooZone-cross-sell-loader\">\n\t\t<div>\n\t\t\t<div id=\"floatingBarsG\">\n\t\t\t\t<div class=\"blockG\" id=\"rotateG_01\"><\/div>\n\t\t\t\t<div class=\"blockG\" id=\"rotateG_02\"><\/div>\n\t\t\t\t<div class=\"blockG\" id=\"rotateG_03\"><\/div>\n\t\t\t\t<div class=\"blockG\" id=\"rotateG_04\"><\/div>\n\t\t\t\t<div class=\"blockG\" id=\"rotateG_05\"><\/div>\n\t\t\t\t<div class=\"blockG\" id=\"rotateG_06\"><\/div>\n\t\t\t\t<div class=\"blockG\" id=\"rotateG_07\"><\/div>\n\t\t\t\t<div class=\"blockG\" id=\"rotateG_08\"><\/div>\n\t\t\t<\/div>\n\t\t\t<div class=\"WooZone-cross-sell-loader-text\"><\/div>\n\t\t<\/div>\n\t<\/div>\n\n\t\t\n<\/div>\n<div style=\"clear:both;\"><\/div><\/p>\n","protected":false},"excerpt":{"rendered":"<p>Vinyltapete (Tr\u00e4germaterial: Vlies) &#8211; 10, 05 m (L\u00e4nge) x 0, 53 m (Breite) &#8211; 5, 32 qm<br \/>\nEigenschaften: hoch waschbest\u00e4ndig, gut lichtbest\u00e4ndig, restlos trocken abziehbar, dimensionsstabil, kinderleichte Verarbeitung ohne Weichzeit, Verarbeitung in Wandklebetechnik m\u00f6glich, kann auf allen sauberen, trockenen, glatten, festen und saugf\u00e4higen Untergr\u00fcnden angebracht werden, Made in Germany<br \/>\nRapport: 32 cm (gerade); beim geraden Ansatz werden gleiche Muster in gleicher H\u00f6he nebeneinander angeordnet.<\/p>\n","protected":false},"featured_media":68238,"comment_status":"open","ping_status":"closed","template":"","meta":[],"product_brand":[],"product_cat":[1983,11212],"product_tag":[],"class_list":{"0":"post-68237","1":"product","2":"type-product","3":"status-publish","4":"has-post-thumbnail","6":"product_cat-baumarkt","7":"product_cat-malerbedarf-werkzeuge-tapeten","8":"pa_binding-werkzeug","9":"pa_brand-guido-maria-kretschmer","10":"pa_height-2-755905509-zoll","11":"pa_length-2-755905509-zoll","12":"pa_manufacturer-erismann","13":"pa_model-24137","14":"pa_weight-2-976240537-pfund","15":"pa_width-17-322834628-zoll","17":"first","18":"instock","19":"shipping-taxable","20":"purchasable","21":"product-type-simple","22":"customify-col","23":"product-has-gallery"},"yoast_head":"<!-- This site is optimized with the Yoast SEO plugin v27.3 - https:\/\/yoast.com\/product\/yoast-seo-wordpress\/ -->\n<title>Gmk - Fashion for Walls 10046-30 - Markt-XXL<\/title>\n<meta name=\"description\" content=\"Markt-XXL Gmk - Fashion for Walls 10046-30\" \/>\n<meta name=\"robots\" content=\"index, follow, max-snippet:-1, max-image-preview:large, max-video-preview:-1\" \/>\n<link rel=\"canonical\" href=\"https:\/\/marktxxl.de\/markt\/produkt\/guido-maria-kretschmer-1004630-gmk-fashion-for-walls-10046-30-vliestapete\/\" \/>\n<meta property=\"og:locale\" content=\"de_DE\" \/>\n<meta property=\"og:type\" content=\"article\" \/>\n<meta property=\"og:title\" content=\"Gmk - Fashion for Walls 10046-30 - Markt-XXL\" \/>\n<meta property=\"og:description\" content=\"Markt-XXL Gmk - Fashion for Walls 10046-30\" \/>\n<meta property=\"og:url\" content=\"https:\/\/marktxxl.de\/markt\/produkt\/guido-maria-kretschmer-1004630-gmk-fashion-for-walls-10046-30-vliestapete\/\" \/>\n<meta property=\"og:site_name\" content=\"Markt-XXL\" \/>\n<meta property=\"article:modified_time\" content=\"2023-04-10T00:30:43+00:00\" \/>\n<meta property=\"og:image\" content=\"https:\/\/m.media-amazon.com\/images\/I\/41fkArmRN1L._SL500_.jpg\" \/>\n\t<meta property=\"og:image:width\" content=\"362\" \/>\n\t<meta property=\"og:image:height\" content=\"500\" \/>\n\t<meta property=\"og:image:type\" content=\"image\/jpeg\" \/>\n<meta name=\"twitter:card\" content=\"summary_large_image\" \/>\n<meta name=\"twitter:label1\" content=\"Gesch\u00e4tzte Lesezeit\" \/>\n\t<meta name=\"twitter:data1\" content=\"1\u00a0Minute\" \/>\n<script type=\"application\/ld+json\" class=\"yoast-schema-graph\">{\"@context\":\"https:\\\/\\\/schema.org\",\"@graph\":[{\"@type\":\"WebPage\",\"@id\":\"https:\\\/\\\/marktxxl.de\\\/markt\\\/produkt\\\/guido-maria-kretschmer-1004630-gmk-fashion-for-walls-10046-30-vliestapete\\\/\",\"url\":\"https:\\\/\\\/marktxxl.de\\\/markt\\\/produkt\\\/guido-maria-kretschmer-1004630-gmk-fashion-for-walls-10046-30-vliestapete\\\/\",\"name\":\"Gmk - Fashion for Walls 10046-30 - Markt-XXL\",\"isPartOf\":{\"@id\":\"https:\\\/\\\/marktxxl.de\\\/markt\\\/#website\"},\"primaryImageOfPage\":{\"@id\":\"https:\\\/\\\/marktxxl.de\\\/markt\\\/produkt\\\/guido-maria-kretschmer-1004630-gmk-fashion-for-walls-10046-30-vliestapete\\\/#primaryimage\"},\"image\":{\"@id\":\"https:\\\/\\\/marktxxl.de\\\/markt\\\/produkt\\\/guido-maria-kretschmer-1004630-gmk-fashion-for-walls-10046-30-vliestapete\\\/#primaryimage\"},\"thumbnailUrl\":\"https:\\\/\\\/m.media-amazon.com\\\/images\\\/I\\\/41fkArmRN1L._SL500_.jpg\",\"datePublished\":\"2021-11-12T02:12:15+00:00\",\"dateModified\":\"2023-04-10T00:30:43+00:00\",\"description\":\"Markt-XXL Gmk - Fashion for Walls 10046-30\",\"breadcrumb\":{\"@id\":\"https:\\\/\\\/marktxxl.de\\\/markt\\\/produkt\\\/guido-maria-kretschmer-1004630-gmk-fashion-for-walls-10046-30-vliestapete\\\/#breadcrumb\"},\"inLanguage\":\"de\",\"potentialAction\":[{\"@type\":\"ReadAction\",\"target\":[\"https:\\\/\\\/marktxxl.de\\\/markt\\\/produkt\\\/guido-maria-kretschmer-1004630-gmk-fashion-for-walls-10046-30-vliestapete\\\/\"]}]},{\"@type\":\"ImageObject\",\"inLanguage\":\"de\",\"@id\":\"https:\\\/\\\/marktxxl.de\\\/markt\\\/produkt\\\/guido-maria-kretschmer-1004630-gmk-fashion-for-walls-10046-30-vliestapete\\\/#primaryimage\",\"url\":\"https:\\\/\\\/m.media-amazon.com\\\/images\\\/I\\\/41fkArmRN1L._SL500_.jpg\",\"contentUrl\":\"https:\\\/\\\/m.media-amazon.com\\\/images\\\/I\\\/41fkArmRN1L._SL500_.jpg\",\"width\":362,\"height\":500},{\"@type\":\"BreadcrumbList\",\"@id\":\"https:\\\/\\\/marktxxl.de\\\/markt\\\/produkt\\\/guido-maria-kretschmer-1004630-gmk-fashion-for-walls-10046-30-vliestapete\\\/#breadcrumb\",\"itemListElement\":[{\"@type\":\"ListItem\",\"position\":1,\"name\":\"Startseite\",\"item\":\"https:\\\/\\\/marktxxl.de\\\/markt\\\/\"},{\"@type\":\"ListItem\",\"position\":2,\"name\":\"Markt\",\"item\":\"https:\\\/\\\/marktxxl.de\\\/markt\\\/\"},{\"@type\":\"ListItem\",\"position\":3,\"name\":\"Gmk &#8211; Fashion for Walls 10046-30\"}]},{\"@type\":\"WebSite\",\"@id\":\"https:\\\/\\\/marktxxl.de\\\/markt\\\/#website\",\"url\":\"https:\\\/\\\/marktxxl.de\\\/markt\\\/\",\"name\":\"Markt-XXL\",\"description\":\"Ihr Markt Online\",\"publisher\":{\"@id\":\"https:\\\/\\\/marktxxl.de\\\/markt\\\/#organization\"},\"potentialAction\":[{\"@type\":\"SearchAction\",\"target\":{\"@type\":\"EntryPoint\",\"urlTemplate\":\"https:\\\/\\\/marktxxl.de\\\/markt\\\/?s={search_term_string}\"},\"query-input\":{\"@type\":\"PropertyValueSpecification\",\"valueRequired\":true,\"valueName\":\"search_term_string\"}}],\"inLanguage\":\"de\"},{\"@type\":\"Organization\",\"@id\":\"https:\\\/\\\/marktxxl.de\\\/markt\\\/#organization\",\"name\":\"Markt-XXL\",\"url\":\"https:\\\/\\\/marktxxl.de\\\/markt\\\/\",\"logo\":{\"@type\":\"ImageObject\",\"inLanguage\":\"de\",\"@id\":\"https:\\\/\\\/marktxxl.de\\\/markt\\\/#\\\/schema\\\/logo\\\/image\\\/\",\"url\":\"https:\\\/\\\/marktxxl.de\\\/markt\\\/wp-content\\\/uploads\\\/sites\\\/3\\\/2020\\\/12\\\/logo.png\",\"contentUrl\":\"https:\\\/\\\/marktxxl.de\\\/markt\\\/wp-content\\\/uploads\\\/sites\\\/3\\\/2020\\\/12\\\/logo.png\",\"width\":200,\"height\":70,\"caption\":\"Markt-XXL\"},\"image\":{\"@id\":\"https:\\\/\\\/marktxxl.de\\\/markt\\\/#\\\/schema\\\/logo\\\/image\\\/\"}}]}<\/script>\n<!-- \/ Yoast SEO plugin. -->","yoast_head_json":{"title":"Gmk - Fashion for Walls 10046-30 - Markt-XXL","description":"Markt-XXL Gmk - Fashion for Walls 10046-30","robots":{"index":"index","follow":"follow","max-snippet":"max-snippet:-1","max-image-preview":"max-image-preview:large","max-video-preview":"max-video-preview:-1"},"canonical":"https:\/\/marktxxl.de\/markt\/produkt\/guido-maria-kretschmer-1004630-gmk-fashion-for-walls-10046-30-vliestapete\/","og_locale":"de_DE","og_type":"article","og_title":"Gmk - Fashion for Walls 10046-30 - Markt-XXL","og_description":"Markt-XXL Gmk - Fashion for Walls 10046-30","og_url":"https:\/\/marktxxl.de\/markt\/produkt\/guido-maria-kretschmer-1004630-gmk-fashion-for-walls-10046-30-vliestapete\/","og_site_name":"Markt-XXL","article_modified_time":"2023-04-10T00:30:43+00:00","og_image":[{"width":362,"height":500,"url":"https:\/\/m.media-amazon.com\/images\/I\/41fkArmRN1L._SL500_.jpg","type":"image\/jpeg"}],"twitter_card":"summary_large_image","twitter_misc":{"Gesch\u00e4tzte Lesezeit":"1\u00a0Minute"},"schema":{"@context":"https:\/\/schema.org","@graph":[{"@type":"WebPage","@id":"https:\/\/marktxxl.de\/markt\/produkt\/guido-maria-kretschmer-1004630-gmk-fashion-for-walls-10046-30-vliestapete\/","url":"https:\/\/marktxxl.de\/markt\/produkt\/guido-maria-kretschmer-1004630-gmk-fashion-for-walls-10046-30-vliestapete\/","name":"Gmk - Fashion for Walls 10046-30 - Markt-XXL","isPartOf":{"@id":"https:\/\/marktxxl.de\/markt\/#website"},"primaryImageOfPage":{"@id":"https:\/\/marktxxl.de\/markt\/produkt\/guido-maria-kretschmer-1004630-gmk-fashion-for-walls-10046-30-vliestapete\/#primaryimage"},"image":{"@id":"https:\/\/marktxxl.de\/markt\/produkt\/guido-maria-kretschmer-1004630-gmk-fashion-for-walls-10046-30-vliestapete\/#primaryimage"},"thumbnailUrl":"https:\/\/m.media-amazon.com\/images\/I\/41fkArmRN1L._SL500_.jpg","datePublished":"2021-11-12T02:12:15+00:00","dateModified":"2023-04-10T00:30:43+00:00","description":"Markt-XXL Gmk - Fashion for Walls 10046-30","breadcrumb":{"@id":"https:\/\/marktxxl.de\/markt\/produkt\/guido-maria-kretschmer-1004630-gmk-fashion-for-walls-10046-30-vliestapete\/#breadcrumb"},"inLanguage":"de","potentialAction":[{"@type":"ReadAction","target":["https:\/\/marktxxl.de\/markt\/produkt\/guido-maria-kretschmer-1004630-gmk-fashion-for-walls-10046-30-vliestapete\/"]}]},{"@type":"ImageObject","inLanguage":"de","@id":"https:\/\/marktxxl.de\/markt\/produkt\/guido-maria-kretschmer-1004630-gmk-fashion-for-walls-10046-30-vliestapete\/#primaryimage","url":"https:\/\/m.media-amazon.com\/images\/I\/41fkArmRN1L._SL500_.jpg","contentUrl":"https:\/\/m.media-amazon.com\/images\/I\/41fkArmRN1L._SL500_.jpg","width":362,"height":500},{"@type":"BreadcrumbList","@id":"https:\/\/marktxxl.de\/markt\/produkt\/guido-maria-kretschmer-1004630-gmk-fashion-for-walls-10046-30-vliestapete\/#breadcrumb","itemListElement":[{"@type":"ListItem","position":1,"name":"Startseite","item":"https:\/\/marktxxl.de\/markt\/"},{"@type":"ListItem","position":2,"name":"Markt","item":"https:\/\/marktxxl.de\/markt\/"},{"@type":"ListItem","position":3,"name":"Gmk &#8211; Fashion for Walls 10046-30"}]},{"@type":"WebSite","@id":"https:\/\/marktxxl.de\/markt\/#website","url":"https:\/\/marktxxl.de\/markt\/","name":"Markt-XXL","description":"Ihr Markt Online","publisher":{"@id":"https:\/\/marktxxl.de\/markt\/#organization"},"potentialAction":[{"@type":"SearchAction","target":{"@type":"EntryPoint","urlTemplate":"https:\/\/marktxxl.de\/markt\/?s={search_term_string}"},"query-input":{"@type":"PropertyValueSpecification","valueRequired":true,"valueName":"search_term_string"}}],"inLanguage":"de"},{"@type":"Organization","@id":"https:\/\/marktxxl.de\/markt\/#organization","name":"Markt-XXL","url":"https:\/\/marktxxl.de\/markt\/","logo":{"@type":"ImageObject","inLanguage":"de","@id":"https:\/\/marktxxl.de\/markt\/#\/schema\/logo\/image\/","url":"https:\/\/marktxxl.de\/markt\/wp-content\/uploads\/sites\/3\/2020\/12\/logo.png","contentUrl":"https:\/\/marktxxl.de\/markt\/wp-content\/uploads\/sites\/3\/2020\/12\/logo.png","width":200,"height":70,"caption":"Markt-XXL"},"image":{"@id":"https:\/\/marktxxl.de\/markt\/#\/schema\/logo\/image\/"}}]}},"_links":{"self":[{"href":"https:\/\/marktxxl.de\/markt\/wp-json\/wp\/v2\/product\/68237","targetHints":{"allow":["GET"]}}],"collection":[{"href":"https:\/\/marktxxl.de\/markt\/wp-json\/wp\/v2\/product"}],"about":[{"href":"https:\/\/marktxxl.de\/markt\/wp-json\/wp\/v2\/types\/product"}],"replies":[{"embeddable":true,"href":"https:\/\/marktxxl.de\/markt\/wp-json\/wp\/v2\/comments?post=68237"}],"wp:featuredmedia":[{"embeddable":true,"href":"https:\/\/marktxxl.de\/markt\/wp-json\/wp\/v2\/media\/68238"}],"wp:attachment":[{"href":"https:\/\/marktxxl.de\/markt\/wp-json\/wp\/v2\/media?parent=68237"}],"wp:term":[{"taxonomy":"product_brand","embeddable":true,"href":"https:\/\/marktxxl.de\/markt\/wp-json\/wp\/v2\/product_brand?post=68237"},{"taxonomy":"product_cat","embeddable":true,"href":"https:\/\/marktxxl.de\/markt\/wp-json\/wp\/v2\/product_cat?post=68237"},{"taxonomy":"product_tag","embeddable":true,"href":"https:\/\/marktxxl.de\/markt\/wp-json\/wp\/v2\/product_tag?post=68237"}],"curies":[{"name":"wp","href":"https:\/\/api.w.org\/{rel}","templated":true}]}}