{"id":68039,"date":"2021-11-12T03:04:27","date_gmt":"2021-11-12T02:04:27","guid":{"rendered":"https:\/\/marktxxl.de\/markt\/produkt\/massiver-edelstahl-brausehalter-mit-kugelgelenk-universal-modell-kf-b808\/"},"modified":"2023-04-10T02:30:38","modified_gmt":"2023-04-10T00:30:38","slug":"massiver-edelstahl-brausehalter-mit-kugelgelenk-universal-modell-kf-b808","status":"publish","type":"product","link":"https:\/\/marktxxl.de\/markt\/produkt\/massiver-edelstahl-brausehalter-mit-kugelgelenk-universal-modell-kf-b808\/","title":{"rendered":"Massiver Edelstahl Brausehalter mit Kugelgelenk universal Modell KF \u2013 B808"},"content":{"rendered":"<p>MODERN, ELEGANT UND UNIVERSAL!: Mit diesem eleganten Duschkopfhalter geben Sie Ihrem Bad bzw. Ihrer Dusche einen besonderen Touch. Der hochverarbeitete Edelstahl mit einer matt geschliffenen Oberfl\u00e4che passt sich jedem M\u00f6bel- und Accessoirest\u00fcck im Bad an und sieht einfach nur gut aus. Durch den standardisierten Durchmesser der Halterung von 2,2 cm ist die Halterung passend f\u00fcr alle Handbrausen und Duschschl\u00e4uche in Standardgr\u00f6\u00dfe.<br \/>\nHOCHWERTIGE VERARBEITUNG: Gefertigt ist der Handbrausehalter aus massivem, matt geschliffenen, Edelstahl und entspricht den DIN\/EN X6Cr13 sowie SUS304. Durch diese hochwertigen und internationalen Standards gew\u00e4hrleistet der Duschkopfhalter Rost-, Alterungs- und Feuchtigkeitsbest\u00e4ndigkeit sowie eine lange Lebensdauer.<br \/>\nkeine Duschstange, platzsparend, a360\u00b0 DREHBAR DURCH KUGELGELENK: Durch das 360\u00b0 drehbare Kugelgelenk k\u00f6nnen Sie die H\u00f6he der Handbrause so einzustellen, dass die Dusche f\u00fcr jedes Alter und jede K\u00f6rpergr\u00f6\u00dfe von Kindern, Erwachsenen, Senioren oder Haustieren geeignet istlternativ<br \/>\nEINFACHE MONTAGE \u2013 BREITES ANWENDUNGSSPEKTRUM: Die Montage erfolgt mit zwei mitgelieferten D\u00fcbeln und Schrauben. Durch die Montage zwecks Bohrung ist der Duschkopfhalter wesentlich stabiler und sicherer als eine Montage mit Saugnapf oder Kleber und kann mehr als 10 kg tragen. Ein weiterer Vorteil besteht darin, dass der Halter an verschiedensten Untergr\u00fcnden, egal ob glatte Oberfl\u00e4chen oder raue Untergr\u00fcnde, angebracht werden kann.<br \/>\nDER KOBERT GOODS SERVICE: Der Versand erfolgt aus Deutschland mit Rechnung (inkl. Mehrwertsteuer) und Kundendienst auf Deutsch.<br \/>\n<div class=\"main-cross-sell\" data-asin=\"B00OJ02TDI\">\n\n\t<div class=\"WooZone-cross-sell-loader\">\n\t\t<div>\n\t\t\t<div id=\"floatingBarsG\">\n\t\t\t\t<div class=\"blockG\" id=\"rotateG_01\"><\/div>\n\t\t\t\t<div class=\"blockG\" id=\"rotateG_02\"><\/div>\n\t\t\t\t<div class=\"blockG\" id=\"rotateG_03\"><\/div>\n\t\t\t\t<div class=\"blockG\" id=\"rotateG_04\"><\/div>\n\t\t\t\t<div class=\"blockG\" id=\"rotateG_05\"><\/div>\n\t\t\t\t<div class=\"blockG\" id=\"rotateG_06\"><\/div>\n\t\t\t\t<div class=\"blockG\" id=\"rotateG_07\"><\/div>\n\t\t\t\t<div class=\"blockG\" id=\"rotateG_08\"><\/div>\n\t\t\t<\/div>\n\t\t\t<div class=\"WooZone-cross-sell-loader-text\"><\/div>\n\t\t<\/div>\n\t<\/div>\n\n\t\t\n<\/div>\n<div style=\"clear:both;\"><\/div><\/p>\n","protected":false},"excerpt":{"rendered":"<p>MODERN, ELEGANT UND UNIVERSAL!: Mit diesem eleganten Duschkopfhalter geben Sie Ihrem Bad bzw. Ihrer Dusche einen besonderen Touch. Der hochverarbeitete Edelstahl mit einer matt geschliffenen Oberfl\u00e4che passt sich jedem M\u00f6bel- und Accessoirest\u00fcck im Bad an und sieht einfach nur gut aus. Durch den standardisierten Durchmesser der Halterung von 2,2 cm ist die Halterung passend f\u00fcr alle Handbrausen und Duschschl\u00e4uche in Standardgr\u00f6\u00dfe.<br \/>\nHOCHWERTIGE VERARBEITUNG: Gefertigt ist der Handbrausehalter aus massivem, matt geschliffenen, Edelstahl und entspricht den DIN\/EN X6Cr13 sowie SUS304. Durch diese hochwertigen und internationalen Standards gew\u00e4hrleistet der Duschkopfhalter Rost-, Alterungs- und Feuchtigkeitsbest\u00e4ndigkeit sowie eine lange Lebensdauer.<br \/>\nkeine Duschstange, platzsparend, a360\u00b0 DREHBAR DURCH KUGELGELENK: Durch das 360\u00b0 drehbare Kugelgelenk k\u00f6nnen Sie die H\u00f6he der Handbrause so einzustellen, dass die Dusche f\u00fcr jedes Alter und jede K\u00f6rpergr\u00f6\u00dfe von Kindern, Erwachsenen, Senioren oder Haustieren geeignet istlternativ<\/p>\n","protected":false},"featured_media":68040,"comment_status":"open","ping_status":"closed","template":"","meta":[],"product_brand":[],"product_cat":[1983,11101],"product_tag":[],"class_list":{"0":"post-68039","1":"product","2":"type-product","3":"status-publish","4":"has-post-thumbnail","6":"product_cat-baumarkt","7":"product_cat-kuechen-badinstallation","8":"pa_brand-viborg-hk","9":"pa_height-1-9685-zoll","10":"pa_length-3-26771-zoll","11":"pa_manufacturer-viborg-hk","12":"pa_weight-0-6172943336-pfund","13":"pa_width-1-9685-zoll","15":"first","16":"instock","17":"shipping-taxable","18":"purchasable","19":"product-type-simple","20":"customify-col","21":"product-has-gallery"},"yoast_head":"<!-- This site is optimized with the Yoast SEO plugin v27.3 - https:\/\/yoast.com\/product\/yoast-seo-wordpress\/ -->\n<title>Massiver Edelstahl Brausehalter mit Kugelgelenk universal Modell KF \u2013 B808 - Markt-XXL<\/title>\n<meta name=\"description\" content=\"Markt-XXL Massiver Edelstahl Brausehalter mit Kugelgelenk universal Modell KF \u2013 B808\" \/>\n<meta name=\"robots\" content=\"index, follow, max-snippet:-1, max-image-preview:large, max-video-preview:-1\" \/>\n<link rel=\"canonical\" href=\"https:\/\/marktxxl.de\/markt\/produkt\/massiver-edelstahl-brausehalter-mit-kugelgelenk-universal-modell-kf-b808\/\" \/>\n<meta property=\"og:locale\" content=\"de_DE\" \/>\n<meta property=\"og:type\" content=\"article\" \/>\n<meta property=\"og:title\" content=\"Massiver Edelstahl Brausehalter mit Kugelgelenk universal Modell KF \u2013 B808 - Markt-XXL\" \/>\n<meta property=\"og:description\" content=\"Markt-XXL Massiver Edelstahl Brausehalter mit Kugelgelenk universal Modell KF \u2013 B808\" \/>\n<meta property=\"og:url\" content=\"https:\/\/marktxxl.de\/markt\/produkt\/massiver-edelstahl-brausehalter-mit-kugelgelenk-universal-modell-kf-b808\/\" \/>\n<meta property=\"og:site_name\" content=\"Markt-XXL\" \/>\n<meta property=\"article:modified_time\" content=\"2023-04-10T00:30:38+00:00\" \/>\n<meta property=\"og:image\" content=\"https:\/\/m.media-amazon.com\/images\/I\/41KuIWDPYEL._SL500_.jpg\" \/>\n\t<meta property=\"og:image:width\" content=\"500\" \/>\n\t<meta property=\"og:image:height\" content=\"500\" \/>\n\t<meta property=\"og:image:type\" content=\"image\/jpeg\" \/>\n<meta name=\"twitter:card\" content=\"summary_large_image\" \/>\n<meta name=\"twitter:label1\" content=\"Gesch\u00e4tzte Lesezeit\" \/>\n\t<meta name=\"twitter:data1\" content=\"1\u00a0Minute\" \/>\n<script type=\"application\/ld+json\" class=\"yoast-schema-graph\">{\"@context\":\"https:\\\/\\\/schema.org\",\"@graph\":[{\"@type\":\"WebPage\",\"@id\":\"https:\\\/\\\/marktxxl.de\\\/markt\\\/produkt\\\/massiver-edelstahl-brausehalter-mit-kugelgelenk-universal-modell-kf-b808\\\/\",\"url\":\"https:\\\/\\\/marktxxl.de\\\/markt\\\/produkt\\\/massiver-edelstahl-brausehalter-mit-kugelgelenk-universal-modell-kf-b808\\\/\",\"name\":\"Massiver Edelstahl Brausehalter mit Kugelgelenk universal Modell KF \u2013 B808 - Markt-XXL\",\"isPartOf\":{\"@id\":\"https:\\\/\\\/marktxxl.de\\\/markt\\\/#website\"},\"primaryImageOfPage\":{\"@id\":\"https:\\\/\\\/marktxxl.de\\\/markt\\\/produkt\\\/massiver-edelstahl-brausehalter-mit-kugelgelenk-universal-modell-kf-b808\\\/#primaryimage\"},\"image\":{\"@id\":\"https:\\\/\\\/marktxxl.de\\\/markt\\\/produkt\\\/massiver-edelstahl-brausehalter-mit-kugelgelenk-universal-modell-kf-b808\\\/#primaryimage\"},\"thumbnailUrl\":\"https:\\\/\\\/m.media-amazon.com\\\/images\\\/I\\\/41KuIWDPYEL._SL500_.jpg\",\"datePublished\":\"2021-11-12T02:04:27+00:00\",\"dateModified\":\"2023-04-10T00:30:38+00:00\",\"description\":\"Markt-XXL Massiver Edelstahl Brausehalter mit Kugelgelenk universal Modell KF \u2013 B808\",\"breadcrumb\":{\"@id\":\"https:\\\/\\\/marktxxl.de\\\/markt\\\/produkt\\\/massiver-edelstahl-brausehalter-mit-kugelgelenk-universal-modell-kf-b808\\\/#breadcrumb\"},\"inLanguage\":\"de\",\"potentialAction\":[{\"@type\":\"ReadAction\",\"target\":[\"https:\\\/\\\/marktxxl.de\\\/markt\\\/produkt\\\/massiver-edelstahl-brausehalter-mit-kugelgelenk-universal-modell-kf-b808\\\/\"]}]},{\"@type\":\"ImageObject\",\"inLanguage\":\"de\",\"@id\":\"https:\\\/\\\/marktxxl.de\\\/markt\\\/produkt\\\/massiver-edelstahl-brausehalter-mit-kugelgelenk-universal-modell-kf-b808\\\/#primaryimage\",\"url\":\"https:\\\/\\\/m.media-amazon.com\\\/images\\\/I\\\/41KuIWDPYEL._SL500_.jpg\",\"contentUrl\":\"https:\\\/\\\/m.media-amazon.com\\\/images\\\/I\\\/41KuIWDPYEL._SL500_.jpg\",\"width\":500,\"height\":500},{\"@type\":\"BreadcrumbList\",\"@id\":\"https:\\\/\\\/marktxxl.de\\\/markt\\\/produkt\\\/massiver-edelstahl-brausehalter-mit-kugelgelenk-universal-modell-kf-b808\\\/#breadcrumb\",\"itemListElement\":[{\"@type\":\"ListItem\",\"position\":1,\"name\":\"Startseite\",\"item\":\"https:\\\/\\\/marktxxl.de\\\/markt\\\/\"},{\"@type\":\"ListItem\",\"position\":2,\"name\":\"Markt\",\"item\":\"https:\\\/\\\/marktxxl.de\\\/markt\\\/\"},{\"@type\":\"ListItem\",\"position\":3,\"name\":\"Massiver Edelstahl Brausehalter mit Kugelgelenk universal Modell KF \u2013 B808\"}]},{\"@type\":\"WebSite\",\"@id\":\"https:\\\/\\\/marktxxl.de\\\/markt\\\/#website\",\"url\":\"https:\\\/\\\/marktxxl.de\\\/markt\\\/\",\"name\":\"Markt-XXL\",\"description\":\"Ihr Markt Online\",\"publisher\":{\"@id\":\"https:\\\/\\\/marktxxl.de\\\/markt\\\/#organization\"},\"potentialAction\":[{\"@type\":\"SearchAction\",\"target\":{\"@type\":\"EntryPoint\",\"urlTemplate\":\"https:\\\/\\\/marktxxl.de\\\/markt\\\/?s={search_term_string}\"},\"query-input\":{\"@type\":\"PropertyValueSpecification\",\"valueRequired\":true,\"valueName\":\"search_term_string\"}}],\"inLanguage\":\"de\"},{\"@type\":\"Organization\",\"@id\":\"https:\\\/\\\/marktxxl.de\\\/markt\\\/#organization\",\"name\":\"Markt-XXL\",\"url\":\"https:\\\/\\\/marktxxl.de\\\/markt\\\/\",\"logo\":{\"@type\":\"ImageObject\",\"inLanguage\":\"de\",\"@id\":\"https:\\\/\\\/marktxxl.de\\\/markt\\\/#\\\/schema\\\/logo\\\/image\\\/\",\"url\":\"https:\\\/\\\/marktxxl.de\\\/markt\\\/wp-content\\\/uploads\\\/sites\\\/3\\\/2020\\\/12\\\/logo.png\",\"contentUrl\":\"https:\\\/\\\/marktxxl.de\\\/markt\\\/wp-content\\\/uploads\\\/sites\\\/3\\\/2020\\\/12\\\/logo.png\",\"width\":200,\"height\":70,\"caption\":\"Markt-XXL\"},\"image\":{\"@id\":\"https:\\\/\\\/marktxxl.de\\\/markt\\\/#\\\/schema\\\/logo\\\/image\\\/\"}}]}<\/script>\n<!-- \/ Yoast SEO plugin. -->","yoast_head_json":{"title":"Massiver Edelstahl Brausehalter mit Kugelgelenk universal Modell KF \u2013 B808 - Markt-XXL","description":"Markt-XXL Massiver Edelstahl Brausehalter mit Kugelgelenk universal Modell KF \u2013 B808","robots":{"index":"index","follow":"follow","max-snippet":"max-snippet:-1","max-image-preview":"max-image-preview:large","max-video-preview":"max-video-preview:-1"},"canonical":"https:\/\/marktxxl.de\/markt\/produkt\/massiver-edelstahl-brausehalter-mit-kugelgelenk-universal-modell-kf-b808\/","og_locale":"de_DE","og_type":"article","og_title":"Massiver Edelstahl Brausehalter mit Kugelgelenk universal Modell KF \u2013 B808 - Markt-XXL","og_description":"Markt-XXL Massiver Edelstahl Brausehalter mit Kugelgelenk universal Modell KF \u2013 B808","og_url":"https:\/\/marktxxl.de\/markt\/produkt\/massiver-edelstahl-brausehalter-mit-kugelgelenk-universal-modell-kf-b808\/","og_site_name":"Markt-XXL","article_modified_time":"2023-04-10T00:30:38+00:00","og_image":[{"width":500,"height":500,"url":"https:\/\/m.media-amazon.com\/images\/I\/41KuIWDPYEL._SL500_.jpg","type":"image\/jpeg"}],"twitter_card":"summary_large_image","twitter_misc":{"Gesch\u00e4tzte Lesezeit":"1\u00a0Minute"},"schema":{"@context":"https:\/\/schema.org","@graph":[{"@type":"WebPage","@id":"https:\/\/marktxxl.de\/markt\/produkt\/massiver-edelstahl-brausehalter-mit-kugelgelenk-universal-modell-kf-b808\/","url":"https:\/\/marktxxl.de\/markt\/produkt\/massiver-edelstahl-brausehalter-mit-kugelgelenk-universal-modell-kf-b808\/","name":"Massiver Edelstahl Brausehalter mit Kugelgelenk universal Modell KF \u2013 B808 - Markt-XXL","isPartOf":{"@id":"https:\/\/marktxxl.de\/markt\/#website"},"primaryImageOfPage":{"@id":"https:\/\/marktxxl.de\/markt\/produkt\/massiver-edelstahl-brausehalter-mit-kugelgelenk-universal-modell-kf-b808\/#primaryimage"},"image":{"@id":"https:\/\/marktxxl.de\/markt\/produkt\/massiver-edelstahl-brausehalter-mit-kugelgelenk-universal-modell-kf-b808\/#primaryimage"},"thumbnailUrl":"https:\/\/m.media-amazon.com\/images\/I\/41KuIWDPYEL._SL500_.jpg","datePublished":"2021-11-12T02:04:27+00:00","dateModified":"2023-04-10T00:30:38+00:00","description":"Markt-XXL Massiver Edelstahl Brausehalter mit Kugelgelenk universal Modell KF \u2013 B808","breadcrumb":{"@id":"https:\/\/marktxxl.de\/markt\/produkt\/massiver-edelstahl-brausehalter-mit-kugelgelenk-universal-modell-kf-b808\/#breadcrumb"},"inLanguage":"de","potentialAction":[{"@type":"ReadAction","target":["https:\/\/marktxxl.de\/markt\/produkt\/massiver-edelstahl-brausehalter-mit-kugelgelenk-universal-modell-kf-b808\/"]}]},{"@type":"ImageObject","inLanguage":"de","@id":"https:\/\/marktxxl.de\/markt\/produkt\/massiver-edelstahl-brausehalter-mit-kugelgelenk-universal-modell-kf-b808\/#primaryimage","url":"https:\/\/m.media-amazon.com\/images\/I\/41KuIWDPYEL._SL500_.jpg","contentUrl":"https:\/\/m.media-amazon.com\/images\/I\/41KuIWDPYEL._SL500_.jpg","width":500,"height":500},{"@type":"BreadcrumbList","@id":"https:\/\/marktxxl.de\/markt\/produkt\/massiver-edelstahl-brausehalter-mit-kugelgelenk-universal-modell-kf-b808\/#breadcrumb","itemListElement":[{"@type":"ListItem","position":1,"name":"Startseite","item":"https:\/\/marktxxl.de\/markt\/"},{"@type":"ListItem","position":2,"name":"Markt","item":"https:\/\/marktxxl.de\/markt\/"},{"@type":"ListItem","position":3,"name":"Massiver Edelstahl Brausehalter mit Kugelgelenk universal Modell KF \u2013 B808"}]},{"@type":"WebSite","@id":"https:\/\/marktxxl.de\/markt\/#website","url":"https:\/\/marktxxl.de\/markt\/","name":"Markt-XXL","description":"Ihr Markt Online","publisher":{"@id":"https:\/\/marktxxl.de\/markt\/#organization"},"potentialAction":[{"@type":"SearchAction","target":{"@type":"EntryPoint","urlTemplate":"https:\/\/marktxxl.de\/markt\/?s={search_term_string}"},"query-input":{"@type":"PropertyValueSpecification","valueRequired":true,"valueName":"search_term_string"}}],"inLanguage":"de"},{"@type":"Organization","@id":"https:\/\/marktxxl.de\/markt\/#organization","name":"Markt-XXL","url":"https:\/\/marktxxl.de\/markt\/","logo":{"@type":"ImageObject","inLanguage":"de","@id":"https:\/\/marktxxl.de\/markt\/#\/schema\/logo\/image\/","url":"https:\/\/marktxxl.de\/markt\/wp-content\/uploads\/sites\/3\/2020\/12\/logo.png","contentUrl":"https:\/\/marktxxl.de\/markt\/wp-content\/uploads\/sites\/3\/2020\/12\/logo.png","width":200,"height":70,"caption":"Markt-XXL"},"image":{"@id":"https:\/\/marktxxl.de\/markt\/#\/schema\/logo\/image\/"}}]}},"_links":{"self":[{"href":"https:\/\/marktxxl.de\/markt\/wp-json\/wp\/v2\/product\/68039","targetHints":{"allow":["GET"]}}],"collection":[{"href":"https:\/\/marktxxl.de\/markt\/wp-json\/wp\/v2\/product"}],"about":[{"href":"https:\/\/marktxxl.de\/markt\/wp-json\/wp\/v2\/types\/product"}],"replies":[{"embeddable":true,"href":"https:\/\/marktxxl.de\/markt\/wp-json\/wp\/v2\/comments?post=68039"}],"wp:featuredmedia":[{"embeddable":true,"href":"https:\/\/marktxxl.de\/markt\/wp-json\/wp\/v2\/media\/68040"}],"wp:attachment":[{"href":"https:\/\/marktxxl.de\/markt\/wp-json\/wp\/v2\/media?parent=68039"}],"wp:term":[{"taxonomy":"product_brand","embeddable":true,"href":"https:\/\/marktxxl.de\/markt\/wp-json\/wp\/v2\/product_brand?post=68039"},{"taxonomy":"product_cat","embeddable":true,"href":"https:\/\/marktxxl.de\/markt\/wp-json\/wp\/v2\/product_cat?post=68039"},{"taxonomy":"product_tag","embeddable":true,"href":"https:\/\/marktxxl.de\/markt\/wp-json\/wp\/v2\/product_tag?post=68039"}],"curies":[{"name":"wp","href":"https:\/\/api.w.org\/{rel}","templated":true}]}}