{"id":67778,"date":"2021-11-12T02:48:42","date_gmt":"2021-11-12T01:48:42","guid":{"rendered":"https:\/\/marktxxl.de\/markt\/produkt\/tastefast-silikon-teigschaber-teigspachtel-2-stueck-set-100-bpa-frei-anti-haftbeschichtung-geruchsfrei-ergonomischer-griff-geschmacksneutral-garantie\/"},"modified":"2023-04-10T02:30:30","modified_gmt":"2023-04-10T00:30:30","slug":"tastefast-silikon-teigschaber-teigspachtel-2-stueck-set-100-bpa-frei-anti-haftbeschichtung-geruchsfrei-ergonomischer-griff-geschmacksneutral-garantie","status":"publish","type":"product","link":"https:\/\/marktxxl.de\/markt\/produkt\/tastefast-silikon-teigschaber-teigspachtel-2-stueck-set-100-bpa-frei-anti-haftbeschichtung-geruchsfrei-ergonomischer-griff-geschmacksneutral-garantie\/","title":{"rendered":"Tastefast Silikon Teigschaber Teigspachtel 2 St\u00fcck-Set | 100% BPA frei | Anti-Haftbeschichtung | Geruchsfrei\u2026"},"content":{"rendered":"<p>Top-Qualit\u00e4t: Im Gegensatz zu herk\u00f6mmlichem Teig \u00fcber die Schaltfl\u00e4che fast Premium besteht Teigschaber die Gesundheit sicher siliconeDadurch gemacht Sie nicht \u00fcber jede BPA k\u00fcmmern m\u00fcssen, Phthalate und BPS Marken in Ihrer Kuchenform helfen Ihnen makethe Spachtel bis zu 240 \u00b0 C betragen k\u00f6nnen<br \/>\nHygienic Design: ist der Spachtel von Bohrern frei und wo Bakterien wachsen kann BEIT Profitieren Sie von einer ges\u00fcnderen Erfahrung zur\u00fcck und deutlich Zeit sparen, wenn cleaningThere auch keine Metallbeschichtung in Teig oder Kuchen absetzen thisEnjoy hat jetzt die Vorteile von geschmacklichen Premium-Silikon Teigschaber<br \/>\nHaltbarkeit und ergonomischer Griff: Dank des Stahlkern, der Teigschaber mit ihrer langlebig dank der ergonomischen Griffe passen perfekt in der Handfl\u00e4che des handUsing die idealen geformten glatten Kopf R\u00fchrt und Verstreichst Sie auch der unfaire Teig mit Leichtigkeit<br \/>\nleicht zu reinigen: durch den Knopf fast Teigschaber Auswahl und Warmwasser, Befreit Sie schnell und einfach mit dem dirtEasy zu cleanAlternative k\u00f6nnen Sie in der Sp\u00fclmaschine halten<br \/>\n<div class=\"main-cross-sell\" data-asin=\"B01HD6Y6HQ\">\n\n\t<div class=\"WooZone-cross-sell-loader\">\n\t\t<div>\n\t\t\t<div id=\"floatingBarsG\">\n\t\t\t\t<div class=\"blockG\" id=\"rotateG_01\"><\/div>\n\t\t\t\t<div class=\"blockG\" id=\"rotateG_02\"><\/div>\n\t\t\t\t<div class=\"blockG\" id=\"rotateG_03\"><\/div>\n\t\t\t\t<div class=\"blockG\" id=\"rotateG_04\"><\/div>\n\t\t\t\t<div class=\"blockG\" id=\"rotateG_05\"><\/div>\n\t\t\t\t<div class=\"blockG\" id=\"rotateG_06\"><\/div>\n\t\t\t\t<div class=\"blockG\" id=\"rotateG_07\"><\/div>\n\t\t\t\t<div class=\"blockG\" id=\"rotateG_08\"><\/div>\n\t\t\t<\/div>\n\t\t\t<div class=\"WooZone-cross-sell-loader-text\"><\/div>\n\t\t<\/div>\n\t<\/div>\n\n\t\t\n<\/div>\n<div style=\"clear:both;\"><\/div><\/p>\n","protected":false},"excerpt":{"rendered":"<p>Top-Qualit\u00e4t: Im Gegensatz zu herk\u00f6mmlichem Teig \u00fcber die Schaltfl\u00e4che fast Premium besteht Teigschaber die Gesundheit sicher siliconeDadurch gemacht Sie nicht \u00fcber jede BPA k\u00fcmmern m\u00fcssen, Phthalate und BPS Marken in Ihrer Kuchenform helfen Ihnen makethe Spachtel bis zu 240 \u00b0 C betragen k\u00f6nnen<br \/>\nHygienic Design: ist der Spachtel von Bohrern frei und wo Bakterien wachsen kann BEIT Profitieren Sie von einer ges\u00fcnderen Erfahrung zur\u00fcck und deutlich Zeit sparen, wenn cleaningThere auch keine Metallbeschichtung in Teig oder Kuchen absetzen thisEnjoy hat jetzt die Vorteile von geschmacklichen Premium-Silikon Teigschaber<br \/>\nHaltbarkeit und ergonomischer Griff: Dank des Stahlkern, der Teigschaber mit ihrer langlebig dank der ergonomischen Griffe passen perfekt in der Handfl\u00e4che des handUsing die idealen geformten glatten Kopf R\u00fchrt und Verstreichst Sie auch der unfaire Teig mit Leichtigkeit<\/p>\n","protected":false},"featured_media":67779,"comment_status":"open","ping_status":"closed","template":"","meta":[],"product_brand":[],"product_cat":[1983,11036],"product_tag":[],"class_list":{"0":"post-67778","1":"product","2":"type-product","3":"status-publish","4":"has-post-thumbnail","6":"product_cat-baumarkt","7":"product_cat-kamine","8":"pa_binding-haushaltswaren","9":"pa_brand-surophy","10":"pa_color-typ2","11":"pa_height-0-393700787-zoll","12":"pa_length-10-629921249-zoll","13":"pa_manufacturer-surophy","14":"pa_size-inhalt-2-stueck","15":"pa_weight-0-3-pfund","16":"pa_width-1-574803148-zoll","18":"first","19":"instock","20":"shipping-taxable","21":"purchasable","22":"product-type-simple","23":"customify-col","24":"product-has-gallery"},"yoast_head":"<!-- This site is optimized with the Yoast SEO plugin v27.4 - https:\/\/yoast.com\/product\/yoast-seo-wordpress\/ -->\n<title>Tastefast Silikon Teigschaber Teigspachtel 2 St\u00fcck-Set | 100% BPA frei | Anti-Haftbeschichtung | Geruchsfrei\u2026 - Markt-XXL<\/title>\n<meta name=\"description\" content=\"Markt-XXL Tastefast Silikon Teigschaber Teigspachtel 2 St\u00fcck-Set | 100% BPA frei | Anti-Haftbeschichtung | Geruchsfrei\u2026\" \/>\n<meta name=\"robots\" content=\"index, follow, max-snippet:-1, max-image-preview:large, max-video-preview:-1\" \/>\n<link rel=\"canonical\" href=\"https:\/\/marktxxl.de\/markt\/produkt\/tastefast-silikon-teigschaber-teigspachtel-2-stueck-set-100-bpa-frei-anti-haftbeschichtung-geruchsfrei-ergonomischer-griff-geschmacksneutral-garantie\/\" \/>\n<meta property=\"og:locale\" content=\"de_DE\" \/>\n<meta property=\"og:type\" content=\"article\" \/>\n<meta property=\"og:title\" content=\"Tastefast Silikon Teigschaber Teigspachtel 2 St\u00fcck-Set | 100% BPA frei | Anti-Haftbeschichtung | Geruchsfrei\u2026 - Markt-XXL\" \/>\n<meta property=\"og:description\" content=\"Markt-XXL Tastefast Silikon Teigschaber Teigspachtel 2 St\u00fcck-Set | 100% BPA frei | Anti-Haftbeschichtung | Geruchsfrei\u2026\" \/>\n<meta property=\"og:url\" content=\"https:\/\/marktxxl.de\/markt\/produkt\/tastefast-silikon-teigschaber-teigspachtel-2-stueck-set-100-bpa-frei-anti-haftbeschichtung-geruchsfrei-ergonomischer-griff-geschmacksneutral-garantie\/\" \/>\n<meta property=\"og:site_name\" content=\"Markt-XXL\" \/>\n<meta property=\"article:modified_time\" content=\"2023-04-10T00:30:30+00:00\" \/>\n<meta property=\"og:image\" content=\"https:\/\/m.media-amazon.com\/images\/I\/61fbGuEDoAL._SL500_.jpg\" \/>\n\t<meta property=\"og:image:width\" content=\"500\" \/>\n\t<meta property=\"og:image:height\" content=\"500\" \/>\n\t<meta property=\"og:image:type\" content=\"image\/jpeg\" \/>\n<meta name=\"twitter:card\" content=\"summary_large_image\" \/>\n<meta name=\"twitter:label1\" content=\"Gesch\u00e4tzte Lesezeit\" \/>\n\t<meta name=\"twitter:data1\" content=\"1\u00a0Minute\" \/>\n<script type=\"application\/ld+json\" class=\"yoast-schema-graph\">{\"@context\":\"https:\\\/\\\/schema.org\",\"@graph\":[{\"@type\":\"WebPage\",\"@id\":\"https:\\\/\\\/marktxxl.de\\\/markt\\\/produkt\\\/tastefast-silikon-teigschaber-teigspachtel-2-stueck-set-100-bpa-frei-anti-haftbeschichtung-geruchsfrei-ergonomischer-griff-geschmacksneutral-garantie\\\/\",\"url\":\"https:\\\/\\\/marktxxl.de\\\/markt\\\/produkt\\\/tastefast-silikon-teigschaber-teigspachtel-2-stueck-set-100-bpa-frei-anti-haftbeschichtung-geruchsfrei-ergonomischer-griff-geschmacksneutral-garantie\\\/\",\"name\":\"Tastefast Silikon Teigschaber Teigspachtel 2 St\u00fcck-Set | 100% BPA frei | Anti-Haftbeschichtung | Geruchsfrei\u2026 - Markt-XXL\",\"isPartOf\":{\"@id\":\"https:\\\/\\\/marktxxl.de\\\/markt\\\/#website\"},\"primaryImageOfPage\":{\"@id\":\"https:\\\/\\\/marktxxl.de\\\/markt\\\/produkt\\\/tastefast-silikon-teigschaber-teigspachtel-2-stueck-set-100-bpa-frei-anti-haftbeschichtung-geruchsfrei-ergonomischer-griff-geschmacksneutral-garantie\\\/#primaryimage\"},\"image\":{\"@id\":\"https:\\\/\\\/marktxxl.de\\\/markt\\\/produkt\\\/tastefast-silikon-teigschaber-teigspachtel-2-stueck-set-100-bpa-frei-anti-haftbeschichtung-geruchsfrei-ergonomischer-griff-geschmacksneutral-garantie\\\/#primaryimage\"},\"thumbnailUrl\":\"https:\\\/\\\/m.media-amazon.com\\\/images\\\/I\\\/61fbGuEDoAL._SL500_.jpg\",\"datePublished\":\"2021-11-12T01:48:42+00:00\",\"dateModified\":\"2023-04-10T00:30:30+00:00\",\"description\":\"Markt-XXL Tastefast Silikon Teigschaber Teigspachtel 2 St\u00fcck-Set | 100% BPA frei | Anti-Haftbeschichtung | Geruchsfrei\u2026\",\"breadcrumb\":{\"@id\":\"https:\\\/\\\/marktxxl.de\\\/markt\\\/produkt\\\/tastefast-silikon-teigschaber-teigspachtel-2-stueck-set-100-bpa-frei-anti-haftbeschichtung-geruchsfrei-ergonomischer-griff-geschmacksneutral-garantie\\\/#breadcrumb\"},\"inLanguage\":\"de\",\"potentialAction\":[{\"@type\":\"ReadAction\",\"target\":[\"https:\\\/\\\/marktxxl.de\\\/markt\\\/produkt\\\/tastefast-silikon-teigschaber-teigspachtel-2-stueck-set-100-bpa-frei-anti-haftbeschichtung-geruchsfrei-ergonomischer-griff-geschmacksneutral-garantie\\\/\"]}]},{\"@type\":\"ImageObject\",\"inLanguage\":\"de\",\"@id\":\"https:\\\/\\\/marktxxl.de\\\/markt\\\/produkt\\\/tastefast-silikon-teigschaber-teigspachtel-2-stueck-set-100-bpa-frei-anti-haftbeschichtung-geruchsfrei-ergonomischer-griff-geschmacksneutral-garantie\\\/#primaryimage\",\"url\":\"https:\\\/\\\/m.media-amazon.com\\\/images\\\/I\\\/61fbGuEDoAL._SL500_.jpg\",\"contentUrl\":\"https:\\\/\\\/m.media-amazon.com\\\/images\\\/I\\\/61fbGuEDoAL._SL500_.jpg\",\"width\":500,\"height\":500},{\"@type\":\"BreadcrumbList\",\"@id\":\"https:\\\/\\\/marktxxl.de\\\/markt\\\/produkt\\\/tastefast-silikon-teigschaber-teigspachtel-2-stueck-set-100-bpa-frei-anti-haftbeschichtung-geruchsfrei-ergonomischer-griff-geschmacksneutral-garantie\\\/#breadcrumb\",\"itemListElement\":[{\"@type\":\"ListItem\",\"position\":1,\"name\":\"Startseite\",\"item\":\"https:\\\/\\\/marktxxl.de\\\/markt\\\/\"},{\"@type\":\"ListItem\",\"position\":2,\"name\":\"Markt\",\"item\":\"https:\\\/\\\/marktxxl.de\\\/markt\\\/\"},{\"@type\":\"ListItem\",\"position\":3,\"name\":\"Tastefast Silikon Teigschaber Teigspachtel 2 St\u00fcck-Set | 100% BPA frei | Anti-Haftbeschichtung | Geruchsfrei\u2026\"}]},{\"@type\":\"WebSite\",\"@id\":\"https:\\\/\\\/marktxxl.de\\\/markt\\\/#website\",\"url\":\"https:\\\/\\\/marktxxl.de\\\/markt\\\/\",\"name\":\"Markt-XXL\",\"description\":\"Ihr Markt Online\",\"publisher\":{\"@id\":\"https:\\\/\\\/marktxxl.de\\\/markt\\\/#organization\"},\"potentialAction\":[{\"@type\":\"SearchAction\",\"target\":{\"@type\":\"EntryPoint\",\"urlTemplate\":\"https:\\\/\\\/marktxxl.de\\\/markt\\\/?s={search_term_string}\"},\"query-input\":{\"@type\":\"PropertyValueSpecification\",\"valueRequired\":true,\"valueName\":\"search_term_string\"}}],\"inLanguage\":\"de\"},{\"@type\":\"Organization\",\"@id\":\"https:\\\/\\\/marktxxl.de\\\/markt\\\/#organization\",\"name\":\"Markt-XXL\",\"url\":\"https:\\\/\\\/marktxxl.de\\\/markt\\\/\",\"logo\":{\"@type\":\"ImageObject\",\"inLanguage\":\"de\",\"@id\":\"https:\\\/\\\/marktxxl.de\\\/markt\\\/#\\\/schema\\\/logo\\\/image\\\/\",\"url\":\"https:\\\/\\\/marktxxl.de\\\/markt\\\/wp-content\\\/uploads\\\/sites\\\/3\\\/2020\\\/12\\\/logo.png\",\"contentUrl\":\"https:\\\/\\\/marktxxl.de\\\/markt\\\/wp-content\\\/uploads\\\/sites\\\/3\\\/2020\\\/12\\\/logo.png\",\"width\":200,\"height\":70,\"caption\":\"Markt-XXL\"},\"image\":{\"@id\":\"https:\\\/\\\/marktxxl.de\\\/markt\\\/#\\\/schema\\\/logo\\\/image\\\/\"}}]}<\/script>\n<!-- \/ Yoast SEO plugin. -->","yoast_head_json":{"title":"Tastefast Silikon Teigschaber Teigspachtel 2 St\u00fcck-Set | 100% BPA frei | Anti-Haftbeschichtung | Geruchsfrei\u2026 - Markt-XXL","description":"Markt-XXL Tastefast Silikon Teigschaber Teigspachtel 2 St\u00fcck-Set | 100% BPA frei | Anti-Haftbeschichtung | Geruchsfrei\u2026","robots":{"index":"index","follow":"follow","max-snippet":"max-snippet:-1","max-image-preview":"max-image-preview:large","max-video-preview":"max-video-preview:-1"},"canonical":"https:\/\/marktxxl.de\/markt\/produkt\/tastefast-silikon-teigschaber-teigspachtel-2-stueck-set-100-bpa-frei-anti-haftbeschichtung-geruchsfrei-ergonomischer-griff-geschmacksneutral-garantie\/","og_locale":"de_DE","og_type":"article","og_title":"Tastefast Silikon Teigschaber Teigspachtel 2 St\u00fcck-Set | 100% BPA frei | Anti-Haftbeschichtung | Geruchsfrei\u2026 - Markt-XXL","og_description":"Markt-XXL Tastefast Silikon Teigschaber Teigspachtel 2 St\u00fcck-Set | 100% BPA frei | Anti-Haftbeschichtung | Geruchsfrei\u2026","og_url":"https:\/\/marktxxl.de\/markt\/produkt\/tastefast-silikon-teigschaber-teigspachtel-2-stueck-set-100-bpa-frei-anti-haftbeschichtung-geruchsfrei-ergonomischer-griff-geschmacksneutral-garantie\/","og_site_name":"Markt-XXL","article_modified_time":"2023-04-10T00:30:30+00:00","og_image":[{"width":500,"height":500,"url":"https:\/\/m.media-amazon.com\/images\/I\/61fbGuEDoAL._SL500_.jpg","type":"image\/jpeg"}],"twitter_card":"summary_large_image","twitter_misc":{"Gesch\u00e4tzte Lesezeit":"1\u00a0Minute"},"schema":{"@context":"https:\/\/schema.org","@graph":[{"@type":"WebPage","@id":"https:\/\/marktxxl.de\/markt\/produkt\/tastefast-silikon-teigschaber-teigspachtel-2-stueck-set-100-bpa-frei-anti-haftbeschichtung-geruchsfrei-ergonomischer-griff-geschmacksneutral-garantie\/","url":"https:\/\/marktxxl.de\/markt\/produkt\/tastefast-silikon-teigschaber-teigspachtel-2-stueck-set-100-bpa-frei-anti-haftbeschichtung-geruchsfrei-ergonomischer-griff-geschmacksneutral-garantie\/","name":"Tastefast Silikon Teigschaber Teigspachtel 2 St\u00fcck-Set | 100% BPA frei | Anti-Haftbeschichtung | Geruchsfrei\u2026 - Markt-XXL","isPartOf":{"@id":"https:\/\/marktxxl.de\/markt\/#website"},"primaryImageOfPage":{"@id":"https:\/\/marktxxl.de\/markt\/produkt\/tastefast-silikon-teigschaber-teigspachtel-2-stueck-set-100-bpa-frei-anti-haftbeschichtung-geruchsfrei-ergonomischer-griff-geschmacksneutral-garantie\/#primaryimage"},"image":{"@id":"https:\/\/marktxxl.de\/markt\/produkt\/tastefast-silikon-teigschaber-teigspachtel-2-stueck-set-100-bpa-frei-anti-haftbeschichtung-geruchsfrei-ergonomischer-griff-geschmacksneutral-garantie\/#primaryimage"},"thumbnailUrl":"https:\/\/m.media-amazon.com\/images\/I\/61fbGuEDoAL._SL500_.jpg","datePublished":"2021-11-12T01:48:42+00:00","dateModified":"2023-04-10T00:30:30+00:00","description":"Markt-XXL Tastefast Silikon Teigschaber Teigspachtel 2 St\u00fcck-Set | 100% BPA frei | Anti-Haftbeschichtung | Geruchsfrei\u2026","breadcrumb":{"@id":"https:\/\/marktxxl.de\/markt\/produkt\/tastefast-silikon-teigschaber-teigspachtel-2-stueck-set-100-bpa-frei-anti-haftbeschichtung-geruchsfrei-ergonomischer-griff-geschmacksneutral-garantie\/#breadcrumb"},"inLanguage":"de","potentialAction":[{"@type":"ReadAction","target":["https:\/\/marktxxl.de\/markt\/produkt\/tastefast-silikon-teigschaber-teigspachtel-2-stueck-set-100-bpa-frei-anti-haftbeschichtung-geruchsfrei-ergonomischer-griff-geschmacksneutral-garantie\/"]}]},{"@type":"ImageObject","inLanguage":"de","@id":"https:\/\/marktxxl.de\/markt\/produkt\/tastefast-silikon-teigschaber-teigspachtel-2-stueck-set-100-bpa-frei-anti-haftbeschichtung-geruchsfrei-ergonomischer-griff-geschmacksneutral-garantie\/#primaryimage","url":"https:\/\/m.media-amazon.com\/images\/I\/61fbGuEDoAL._SL500_.jpg","contentUrl":"https:\/\/m.media-amazon.com\/images\/I\/61fbGuEDoAL._SL500_.jpg","width":500,"height":500},{"@type":"BreadcrumbList","@id":"https:\/\/marktxxl.de\/markt\/produkt\/tastefast-silikon-teigschaber-teigspachtel-2-stueck-set-100-bpa-frei-anti-haftbeschichtung-geruchsfrei-ergonomischer-griff-geschmacksneutral-garantie\/#breadcrumb","itemListElement":[{"@type":"ListItem","position":1,"name":"Startseite","item":"https:\/\/marktxxl.de\/markt\/"},{"@type":"ListItem","position":2,"name":"Markt","item":"https:\/\/marktxxl.de\/markt\/"},{"@type":"ListItem","position":3,"name":"Tastefast Silikon Teigschaber Teigspachtel 2 St\u00fcck-Set | 100% BPA frei | Anti-Haftbeschichtung | Geruchsfrei\u2026"}]},{"@type":"WebSite","@id":"https:\/\/marktxxl.de\/markt\/#website","url":"https:\/\/marktxxl.de\/markt\/","name":"Markt-XXL","description":"Ihr Markt Online","publisher":{"@id":"https:\/\/marktxxl.de\/markt\/#organization"},"potentialAction":[{"@type":"SearchAction","target":{"@type":"EntryPoint","urlTemplate":"https:\/\/marktxxl.de\/markt\/?s={search_term_string}"},"query-input":{"@type":"PropertyValueSpecification","valueRequired":true,"valueName":"search_term_string"}}],"inLanguage":"de"},{"@type":"Organization","@id":"https:\/\/marktxxl.de\/markt\/#organization","name":"Markt-XXL","url":"https:\/\/marktxxl.de\/markt\/","logo":{"@type":"ImageObject","inLanguage":"de","@id":"https:\/\/marktxxl.de\/markt\/#\/schema\/logo\/image\/","url":"https:\/\/marktxxl.de\/markt\/wp-content\/uploads\/sites\/3\/2020\/12\/logo.png","contentUrl":"https:\/\/marktxxl.de\/markt\/wp-content\/uploads\/sites\/3\/2020\/12\/logo.png","width":200,"height":70,"caption":"Markt-XXL"},"image":{"@id":"https:\/\/marktxxl.de\/markt\/#\/schema\/logo\/image\/"}}]}},"_links":{"self":[{"href":"https:\/\/marktxxl.de\/markt\/wp-json\/wp\/v2\/product\/67778","targetHints":{"allow":["GET"]}}],"collection":[{"href":"https:\/\/marktxxl.de\/markt\/wp-json\/wp\/v2\/product"}],"about":[{"href":"https:\/\/marktxxl.de\/markt\/wp-json\/wp\/v2\/types\/product"}],"replies":[{"embeddable":true,"href":"https:\/\/marktxxl.de\/markt\/wp-json\/wp\/v2\/comments?post=67778"}],"wp:featuredmedia":[{"embeddable":true,"href":"https:\/\/marktxxl.de\/markt\/wp-json\/wp\/v2\/media\/67779"}],"wp:attachment":[{"href":"https:\/\/marktxxl.de\/markt\/wp-json\/wp\/v2\/media?parent=67778"}],"wp:term":[{"taxonomy":"product_brand","embeddable":true,"href":"https:\/\/marktxxl.de\/markt\/wp-json\/wp\/v2\/product_brand?post=67778"},{"taxonomy":"product_cat","embeddable":true,"href":"https:\/\/marktxxl.de\/markt\/wp-json\/wp\/v2\/product_cat?post=67778"},{"taxonomy":"product_tag","embeddable":true,"href":"https:\/\/marktxxl.de\/markt\/wp-json\/wp\/v2\/product_tag?post=67778"}],"curies":[{"name":"wp","href":"https:\/\/api.w.org\/{rel}","templated":true}]}}