{"id":67749,"date":"2021-11-12T02:48:21","date_gmt":"2021-11-12T01:48:21","guid":{"rendered":"https:\/\/marktxxl.de\/markt\/produkt\/filztasche-mit-lustigen-spruechen-fuer-kaminholz-einkaufstasche-zeitungskorb-shopper-aus-filz-faltbar-kaminholztasche-filzkorb\/"},"modified":"2023-04-10T02:30:30","modified_gmt":"2023-04-10T00:30:30","slug":"filztasche-mit-lustigen-spruechen-fuer-kaminholz-einkaufstasche-zeitungskorb-shopper-aus-filz-faltbar-kaminholztasche-filzkorb","status":"publish","type":"product","link":"https:\/\/marktxxl.de\/markt\/produkt\/filztasche-mit-lustigen-spruechen-fuer-kaminholz-einkaufstasche-zeitungskorb-shopper-aus-filz-faltbar-kaminholztasche-filzkorb\/","title":{"rendered":"Filztasche mit lustigen Spr\u00fcchen f\u00fcr Kaminholz Einkaufstasche Zeitungskorb Shopper aus Filz faltbar Kaminholztasche\u2026"},"content":{"rendered":"<p>Diese sch\u00f6ne Tasche aus Filz ist der ideale Begleiter f\u00fcr Unterwegs, ob Einkauf, Shoppen oder als optimale Freizeittasche. Ein sch\u00f6nes Geschenk f\u00fcr Mama, Geschenk f\u00fcr Papa und Geschenk f\u00fcr Oma und Opa.<br \/>\nPerfekt geeignet als Raum Deko zum Aufbewahren vieler Dinge wie Zeitungen, Kaminholz, Getr\u00e4nke und vieles mehr.<br \/>\nDie Tasche hat gro\u00dfe fest vern\u00e4hte Tragegriffe f\u00fcr ein bequemes Tragen und einen leichteren Transport.<br \/>\nDank der idealen Gr\u00f6\u00dfe ist sie die ideale Einkaufstasche, Shoppingbag oder als Freizeittasche. Die Filztasche kann man einfach zusammenfalten und verstauen, wenn sie nicht ben\u00f6tigt wird.<br \/>\nAbmessungen der Tasche : 40 x 26 x 21 cm<br \/>\n<div class=\"main-cross-sell\" data-asin=\"B081VS8WVS\">\n\n\t<div class=\"WooZone-cross-sell-loader\">\n\t\t<div>\n\t\t\t<div id=\"floatingBarsG\">\n\t\t\t\t<div class=\"blockG\" id=\"rotateG_01\"><\/div>\n\t\t\t\t<div class=\"blockG\" id=\"rotateG_02\"><\/div>\n\t\t\t\t<div class=\"blockG\" id=\"rotateG_03\"><\/div>\n\t\t\t\t<div class=\"blockG\" id=\"rotateG_04\"><\/div>\n\t\t\t\t<div class=\"blockG\" id=\"rotateG_05\"><\/div>\n\t\t\t\t<div class=\"blockG\" id=\"rotateG_06\"><\/div>\n\t\t\t\t<div class=\"blockG\" id=\"rotateG_07\"><\/div>\n\t\t\t\t<div class=\"blockG\" id=\"rotateG_08\"><\/div>\n\t\t\t<\/div>\n\t\t\t<div class=\"WooZone-cross-sell-loader-text\"><\/div>\n\t\t<\/div>\n\t<\/div>\n\n\t\t\n<\/div>\n<div style=\"clear:both;\"><\/div><\/p>\n","protected":false},"excerpt":{"rendered":"<p>Diese sch\u00f6ne Tasche aus Filz ist der ideale Begleiter f\u00fcr Unterwegs, ob Einkauf, Shoppen oder als optimale Freizeittasche. Ein sch\u00f6nes Geschenk f\u00fcr Mama, Geschenk f\u00fcr Papa und Geschenk f\u00fcr Oma und Opa.<br \/>\nPerfekt geeignet als Raum Deko zum Aufbewahren vieler Dinge wie Zeitungen, Kaminholz, Getr\u00e4nke und vieles mehr.<br \/>\nDie Tasche hat gro\u00dfe fest vern\u00e4hte Tragegriffe f\u00fcr ein bequemes Tragen und einen leichteren Transport.<\/p>\n","protected":false},"featured_media":67750,"comment_status":"open","ping_status":"closed","template":"","meta":[],"product_brand":[],"product_cat":[1983,11036],"product_tag":[],"class_list":{"0":"post-67749","1":"product","2":"type-product","3":"status-publish","4":"has-post-thumbnail","6":"product_cat-baumarkt","7":"product_cat-kamine","8":"pa_brand-creofant","9":"pa_manufacturer-creofant","10":"pa_size-40cm-x-26cm-x-21cm","12":"first","13":"instock","14":"shipping-taxable","15":"purchasable","16":"product-type-simple","17":"customify-col","18":"product-has-gallery"},"yoast_head":"<!-- This site is optimized with the Yoast SEO plugin v27.4 - https:\/\/yoast.com\/product\/yoast-seo-wordpress\/ -->\n<title>Filztasche mit lustigen Spr\u00fcchen f\u00fcr Kaminholz Einkaufstasche Zeitungskorb Shopper aus Filz faltbar Kaminholztasche\u2026 - Markt-XXL<\/title>\n<meta name=\"description\" content=\"Markt-XXL Filztasche mit lustigen Spr\u00fcchen f\u00fcr Kaminholz Einkaufstasche Zeitungskorb Shopper aus Filz faltbar Kaminholztasche\u2026\" \/>\n<meta name=\"robots\" content=\"index, follow, max-snippet:-1, max-image-preview:large, max-video-preview:-1\" \/>\n<link rel=\"canonical\" href=\"https:\/\/marktxxl.de\/markt\/produkt\/filztasche-mit-lustigen-spruechen-fuer-kaminholz-einkaufstasche-zeitungskorb-shopper-aus-filz-faltbar-kaminholztasche-filzkorb\/\" \/>\n<meta property=\"og:locale\" content=\"de_DE\" \/>\n<meta property=\"og:type\" content=\"article\" \/>\n<meta property=\"og:title\" content=\"Filztasche mit lustigen Spr\u00fcchen f\u00fcr Kaminholz Einkaufstasche Zeitungskorb Shopper aus Filz faltbar Kaminholztasche\u2026 - Markt-XXL\" \/>\n<meta property=\"og:description\" content=\"Markt-XXL Filztasche mit lustigen Spr\u00fcchen f\u00fcr Kaminholz Einkaufstasche Zeitungskorb Shopper aus Filz faltbar Kaminholztasche\u2026\" \/>\n<meta property=\"og:url\" content=\"https:\/\/marktxxl.de\/markt\/produkt\/filztasche-mit-lustigen-spruechen-fuer-kaminholz-einkaufstasche-zeitungskorb-shopper-aus-filz-faltbar-kaminholztasche-filzkorb\/\" \/>\n<meta property=\"og:site_name\" content=\"Markt-XXL\" \/>\n<meta property=\"article:modified_time\" content=\"2023-04-10T00:30:30+00:00\" \/>\n<meta property=\"og:image\" content=\"https:\/\/m.media-amazon.com\/images\/I\/51En2gnHbgL._SL500_.jpg\" \/>\n\t<meta property=\"og:image:width\" content=\"486\" \/>\n\t<meta property=\"og:image:height\" content=\"500\" \/>\n\t<meta property=\"og:image:type\" content=\"image\/jpeg\" \/>\n<meta name=\"twitter:card\" content=\"summary_large_image\" \/>\n<meta name=\"twitter:label1\" content=\"Gesch\u00e4tzte Lesezeit\" \/>\n\t<meta name=\"twitter:data1\" content=\"1\u00a0Minute\" \/>\n<script type=\"application\/ld+json\" class=\"yoast-schema-graph\">{\"@context\":\"https:\\\/\\\/schema.org\",\"@graph\":[{\"@type\":\"WebPage\",\"@id\":\"https:\\\/\\\/marktxxl.de\\\/markt\\\/produkt\\\/filztasche-mit-lustigen-spruechen-fuer-kaminholz-einkaufstasche-zeitungskorb-shopper-aus-filz-faltbar-kaminholztasche-filzkorb\\\/\",\"url\":\"https:\\\/\\\/marktxxl.de\\\/markt\\\/produkt\\\/filztasche-mit-lustigen-spruechen-fuer-kaminholz-einkaufstasche-zeitungskorb-shopper-aus-filz-faltbar-kaminholztasche-filzkorb\\\/\",\"name\":\"Filztasche mit lustigen Spr\u00fcchen f\u00fcr Kaminholz Einkaufstasche Zeitungskorb Shopper aus Filz faltbar Kaminholztasche\u2026 - Markt-XXL\",\"isPartOf\":{\"@id\":\"https:\\\/\\\/marktxxl.de\\\/markt\\\/#website\"},\"primaryImageOfPage\":{\"@id\":\"https:\\\/\\\/marktxxl.de\\\/markt\\\/produkt\\\/filztasche-mit-lustigen-spruechen-fuer-kaminholz-einkaufstasche-zeitungskorb-shopper-aus-filz-faltbar-kaminholztasche-filzkorb\\\/#primaryimage\"},\"image\":{\"@id\":\"https:\\\/\\\/marktxxl.de\\\/markt\\\/produkt\\\/filztasche-mit-lustigen-spruechen-fuer-kaminholz-einkaufstasche-zeitungskorb-shopper-aus-filz-faltbar-kaminholztasche-filzkorb\\\/#primaryimage\"},\"thumbnailUrl\":\"https:\\\/\\\/m.media-amazon.com\\\/images\\\/I\\\/51En2gnHbgL._SL500_.jpg\",\"datePublished\":\"2021-11-12T01:48:21+00:00\",\"dateModified\":\"2023-04-10T00:30:30+00:00\",\"description\":\"Markt-XXL Filztasche mit lustigen Spr\u00fcchen f\u00fcr Kaminholz Einkaufstasche Zeitungskorb Shopper aus Filz faltbar Kaminholztasche\u2026\",\"breadcrumb\":{\"@id\":\"https:\\\/\\\/marktxxl.de\\\/markt\\\/produkt\\\/filztasche-mit-lustigen-spruechen-fuer-kaminholz-einkaufstasche-zeitungskorb-shopper-aus-filz-faltbar-kaminholztasche-filzkorb\\\/#breadcrumb\"},\"inLanguage\":\"de\",\"potentialAction\":[{\"@type\":\"ReadAction\",\"target\":[\"https:\\\/\\\/marktxxl.de\\\/markt\\\/produkt\\\/filztasche-mit-lustigen-spruechen-fuer-kaminholz-einkaufstasche-zeitungskorb-shopper-aus-filz-faltbar-kaminholztasche-filzkorb\\\/\"]}]},{\"@type\":\"ImageObject\",\"inLanguage\":\"de\",\"@id\":\"https:\\\/\\\/marktxxl.de\\\/markt\\\/produkt\\\/filztasche-mit-lustigen-spruechen-fuer-kaminholz-einkaufstasche-zeitungskorb-shopper-aus-filz-faltbar-kaminholztasche-filzkorb\\\/#primaryimage\",\"url\":\"https:\\\/\\\/m.media-amazon.com\\\/images\\\/I\\\/51En2gnHbgL._SL500_.jpg\",\"contentUrl\":\"https:\\\/\\\/m.media-amazon.com\\\/images\\\/I\\\/51En2gnHbgL._SL500_.jpg\",\"width\":486,\"height\":500},{\"@type\":\"BreadcrumbList\",\"@id\":\"https:\\\/\\\/marktxxl.de\\\/markt\\\/produkt\\\/filztasche-mit-lustigen-spruechen-fuer-kaminholz-einkaufstasche-zeitungskorb-shopper-aus-filz-faltbar-kaminholztasche-filzkorb\\\/#breadcrumb\",\"itemListElement\":[{\"@type\":\"ListItem\",\"position\":1,\"name\":\"Startseite\",\"item\":\"https:\\\/\\\/marktxxl.de\\\/markt\\\/\"},{\"@type\":\"ListItem\",\"position\":2,\"name\":\"Markt\",\"item\":\"https:\\\/\\\/marktxxl.de\\\/markt\\\/\"},{\"@type\":\"ListItem\",\"position\":3,\"name\":\"Filztasche mit lustigen Spr\u00fcchen f\u00fcr Kaminholz Einkaufstasche Zeitungskorb Shopper aus Filz faltbar Kaminholztasche\u2026\"}]},{\"@type\":\"WebSite\",\"@id\":\"https:\\\/\\\/marktxxl.de\\\/markt\\\/#website\",\"url\":\"https:\\\/\\\/marktxxl.de\\\/markt\\\/\",\"name\":\"Markt-XXL\",\"description\":\"Ihr Markt Online\",\"publisher\":{\"@id\":\"https:\\\/\\\/marktxxl.de\\\/markt\\\/#organization\"},\"potentialAction\":[{\"@type\":\"SearchAction\",\"target\":{\"@type\":\"EntryPoint\",\"urlTemplate\":\"https:\\\/\\\/marktxxl.de\\\/markt\\\/?s={search_term_string}\"},\"query-input\":{\"@type\":\"PropertyValueSpecification\",\"valueRequired\":true,\"valueName\":\"search_term_string\"}}],\"inLanguage\":\"de\"},{\"@type\":\"Organization\",\"@id\":\"https:\\\/\\\/marktxxl.de\\\/markt\\\/#organization\",\"name\":\"Markt-XXL\",\"url\":\"https:\\\/\\\/marktxxl.de\\\/markt\\\/\",\"logo\":{\"@type\":\"ImageObject\",\"inLanguage\":\"de\",\"@id\":\"https:\\\/\\\/marktxxl.de\\\/markt\\\/#\\\/schema\\\/logo\\\/image\\\/\",\"url\":\"https:\\\/\\\/marktxxl.de\\\/markt\\\/wp-content\\\/uploads\\\/sites\\\/3\\\/2020\\\/12\\\/logo.png\",\"contentUrl\":\"https:\\\/\\\/marktxxl.de\\\/markt\\\/wp-content\\\/uploads\\\/sites\\\/3\\\/2020\\\/12\\\/logo.png\",\"width\":200,\"height\":70,\"caption\":\"Markt-XXL\"},\"image\":{\"@id\":\"https:\\\/\\\/marktxxl.de\\\/markt\\\/#\\\/schema\\\/logo\\\/image\\\/\"}}]}<\/script>\n<!-- \/ Yoast SEO plugin. -->","yoast_head_json":{"title":"Filztasche mit lustigen Spr\u00fcchen f\u00fcr Kaminholz Einkaufstasche Zeitungskorb Shopper aus Filz faltbar Kaminholztasche\u2026 - Markt-XXL","description":"Markt-XXL Filztasche mit lustigen Spr\u00fcchen f\u00fcr Kaminholz Einkaufstasche Zeitungskorb Shopper aus Filz faltbar Kaminholztasche\u2026","robots":{"index":"index","follow":"follow","max-snippet":"max-snippet:-1","max-image-preview":"max-image-preview:large","max-video-preview":"max-video-preview:-1"},"canonical":"https:\/\/marktxxl.de\/markt\/produkt\/filztasche-mit-lustigen-spruechen-fuer-kaminholz-einkaufstasche-zeitungskorb-shopper-aus-filz-faltbar-kaminholztasche-filzkorb\/","og_locale":"de_DE","og_type":"article","og_title":"Filztasche mit lustigen Spr\u00fcchen f\u00fcr Kaminholz Einkaufstasche Zeitungskorb Shopper aus Filz faltbar Kaminholztasche\u2026 - Markt-XXL","og_description":"Markt-XXL Filztasche mit lustigen Spr\u00fcchen f\u00fcr Kaminholz Einkaufstasche Zeitungskorb Shopper aus Filz faltbar Kaminholztasche\u2026","og_url":"https:\/\/marktxxl.de\/markt\/produkt\/filztasche-mit-lustigen-spruechen-fuer-kaminholz-einkaufstasche-zeitungskorb-shopper-aus-filz-faltbar-kaminholztasche-filzkorb\/","og_site_name":"Markt-XXL","article_modified_time":"2023-04-10T00:30:30+00:00","og_image":[{"width":486,"height":500,"url":"https:\/\/m.media-amazon.com\/images\/I\/51En2gnHbgL._SL500_.jpg","type":"image\/jpeg"}],"twitter_card":"summary_large_image","twitter_misc":{"Gesch\u00e4tzte Lesezeit":"1\u00a0Minute"},"schema":{"@context":"https:\/\/schema.org","@graph":[{"@type":"WebPage","@id":"https:\/\/marktxxl.de\/markt\/produkt\/filztasche-mit-lustigen-spruechen-fuer-kaminholz-einkaufstasche-zeitungskorb-shopper-aus-filz-faltbar-kaminholztasche-filzkorb\/","url":"https:\/\/marktxxl.de\/markt\/produkt\/filztasche-mit-lustigen-spruechen-fuer-kaminholz-einkaufstasche-zeitungskorb-shopper-aus-filz-faltbar-kaminholztasche-filzkorb\/","name":"Filztasche mit lustigen Spr\u00fcchen f\u00fcr Kaminholz Einkaufstasche Zeitungskorb Shopper aus Filz faltbar Kaminholztasche\u2026 - Markt-XXL","isPartOf":{"@id":"https:\/\/marktxxl.de\/markt\/#website"},"primaryImageOfPage":{"@id":"https:\/\/marktxxl.de\/markt\/produkt\/filztasche-mit-lustigen-spruechen-fuer-kaminholz-einkaufstasche-zeitungskorb-shopper-aus-filz-faltbar-kaminholztasche-filzkorb\/#primaryimage"},"image":{"@id":"https:\/\/marktxxl.de\/markt\/produkt\/filztasche-mit-lustigen-spruechen-fuer-kaminholz-einkaufstasche-zeitungskorb-shopper-aus-filz-faltbar-kaminholztasche-filzkorb\/#primaryimage"},"thumbnailUrl":"https:\/\/m.media-amazon.com\/images\/I\/51En2gnHbgL._SL500_.jpg","datePublished":"2021-11-12T01:48:21+00:00","dateModified":"2023-04-10T00:30:30+00:00","description":"Markt-XXL Filztasche mit lustigen Spr\u00fcchen f\u00fcr Kaminholz Einkaufstasche Zeitungskorb Shopper aus Filz faltbar Kaminholztasche\u2026","breadcrumb":{"@id":"https:\/\/marktxxl.de\/markt\/produkt\/filztasche-mit-lustigen-spruechen-fuer-kaminholz-einkaufstasche-zeitungskorb-shopper-aus-filz-faltbar-kaminholztasche-filzkorb\/#breadcrumb"},"inLanguage":"de","potentialAction":[{"@type":"ReadAction","target":["https:\/\/marktxxl.de\/markt\/produkt\/filztasche-mit-lustigen-spruechen-fuer-kaminholz-einkaufstasche-zeitungskorb-shopper-aus-filz-faltbar-kaminholztasche-filzkorb\/"]}]},{"@type":"ImageObject","inLanguage":"de","@id":"https:\/\/marktxxl.de\/markt\/produkt\/filztasche-mit-lustigen-spruechen-fuer-kaminholz-einkaufstasche-zeitungskorb-shopper-aus-filz-faltbar-kaminholztasche-filzkorb\/#primaryimage","url":"https:\/\/m.media-amazon.com\/images\/I\/51En2gnHbgL._SL500_.jpg","contentUrl":"https:\/\/m.media-amazon.com\/images\/I\/51En2gnHbgL._SL500_.jpg","width":486,"height":500},{"@type":"BreadcrumbList","@id":"https:\/\/marktxxl.de\/markt\/produkt\/filztasche-mit-lustigen-spruechen-fuer-kaminholz-einkaufstasche-zeitungskorb-shopper-aus-filz-faltbar-kaminholztasche-filzkorb\/#breadcrumb","itemListElement":[{"@type":"ListItem","position":1,"name":"Startseite","item":"https:\/\/marktxxl.de\/markt\/"},{"@type":"ListItem","position":2,"name":"Markt","item":"https:\/\/marktxxl.de\/markt\/"},{"@type":"ListItem","position":3,"name":"Filztasche mit lustigen Spr\u00fcchen f\u00fcr Kaminholz Einkaufstasche Zeitungskorb Shopper aus Filz faltbar Kaminholztasche\u2026"}]},{"@type":"WebSite","@id":"https:\/\/marktxxl.de\/markt\/#website","url":"https:\/\/marktxxl.de\/markt\/","name":"Markt-XXL","description":"Ihr Markt Online","publisher":{"@id":"https:\/\/marktxxl.de\/markt\/#organization"},"potentialAction":[{"@type":"SearchAction","target":{"@type":"EntryPoint","urlTemplate":"https:\/\/marktxxl.de\/markt\/?s={search_term_string}"},"query-input":{"@type":"PropertyValueSpecification","valueRequired":true,"valueName":"search_term_string"}}],"inLanguage":"de"},{"@type":"Organization","@id":"https:\/\/marktxxl.de\/markt\/#organization","name":"Markt-XXL","url":"https:\/\/marktxxl.de\/markt\/","logo":{"@type":"ImageObject","inLanguage":"de","@id":"https:\/\/marktxxl.de\/markt\/#\/schema\/logo\/image\/","url":"https:\/\/marktxxl.de\/markt\/wp-content\/uploads\/sites\/3\/2020\/12\/logo.png","contentUrl":"https:\/\/marktxxl.de\/markt\/wp-content\/uploads\/sites\/3\/2020\/12\/logo.png","width":200,"height":70,"caption":"Markt-XXL"},"image":{"@id":"https:\/\/marktxxl.de\/markt\/#\/schema\/logo\/image\/"}}]}},"_links":{"self":[{"href":"https:\/\/marktxxl.de\/markt\/wp-json\/wp\/v2\/product\/67749","targetHints":{"allow":["GET"]}}],"collection":[{"href":"https:\/\/marktxxl.de\/markt\/wp-json\/wp\/v2\/product"}],"about":[{"href":"https:\/\/marktxxl.de\/markt\/wp-json\/wp\/v2\/types\/product"}],"replies":[{"embeddable":true,"href":"https:\/\/marktxxl.de\/markt\/wp-json\/wp\/v2\/comments?post=67749"}],"wp:featuredmedia":[{"embeddable":true,"href":"https:\/\/marktxxl.de\/markt\/wp-json\/wp\/v2\/media\/67750"}],"wp:attachment":[{"href":"https:\/\/marktxxl.de\/markt\/wp-json\/wp\/v2\/media?parent=67749"}],"wp:term":[{"taxonomy":"product_brand","embeddable":true,"href":"https:\/\/marktxxl.de\/markt\/wp-json\/wp\/v2\/product_brand?post=67749"},{"taxonomy":"product_cat","embeddable":true,"href":"https:\/\/marktxxl.de\/markt\/wp-json\/wp\/v2\/product_cat?post=67749"},{"taxonomy":"product_tag","embeddable":true,"href":"https:\/\/marktxxl.de\/markt\/wp-json\/wp\/v2\/product_tag?post=67749"}],"curies":[{"name":"wp","href":"https:\/\/api.w.org\/{rel}","templated":true}]}}