{"id":67732,"date":"2021-11-12T02:46:26","date_gmt":"2021-11-12T01:46:26","guid":{"rendered":"https:\/\/marktxxl.de\/markt\/produkt\/funkenschutzplatte-staerke-6mm-58-varianten\/"},"modified":"2023-04-10T02:30:30","modified_gmt":"2023-04-10T00:30:30","slug":"funkenschutzplatte-staerke-6mm-58-varianten","status":"publish","type":"product","link":"https:\/\/marktxxl.de\/markt\/produkt\/funkenschutzplatte-staerke-6mm-58-varianten\/","title":{"rendered":"BIJON Funkenschutz-Platte mit Facettenschliff, Glasplatte Kaminofen, Kaminschutz mit ESG Sicherheitsglas, Kamin\u2026"},"content":{"rendered":"<p>\u2705 FACETTENSCHLIFF &#8211; Die Glasscheibe mit 18mm Facettenschliff hat einen sch\u00f6nen, fl\u00fcssigen \u00dcbergang zum Boden mit Kanten, die abgeschliffen und poliert sind. Die optische Wirkung Ihres Bodens bleibt durch die Transparenz beim Facettenglas erhalten.<br \/>\n\u2705 ZUVERL\u00c4SSIGER FUNKENSCHUTZ &#8211; Die Funkenschutzplatte bietet eine stark erh\u00f6hte Temperaturwechselbest\u00e4ndigkeit und ist hitzebest\u00e4ndig bis 300 Grad Celsius. Dadurch ist beim Kaminglas zuverl\u00e4ssiger Schutz gegen Funken gegeben.<br \/>\n\u2705 ESG SICHERHEITSGLAS &#8211; Durch das Einscheiben-Sicherheitsglas bieten wir h\u00f6chste Sicherheit im privaten Haushalt. Vor allem f\u00fcr Familien mit Kindern ist die Temperaturwechselbest\u00e4ndigkeit der Glasbodenplatte und die erh\u00f6hte Schlag- und Biegefestigkeit extrem wichtig.<br \/>\n? 100% ZUFRIEDENHEIT &amp; MARKENQUALIT\u00c4T ? Wir sind von unserer Bijon Kaminscheibe absolut \u00fcberzeugt, jetzt sind Sie an der Reihe. Holen Sie sich Ihre Glasbodenplatte und machen Sie sich eine Freude! Sollten Sie trotz allem mit einem Produkt unzufrieden sein, melden Sie sich gerne bei uns! Denn nichts liegt uns bei Glasshop24 mehr am Herzen als Ihre vollste Zufriedenheit.<br \/>\n<div class=\"main-cross-sell\" data-asin=\"B07CM11XW2\">\n\n\t<div class=\"WooZone-cross-sell-loader\">\n\t\t<div>\n\t\t\t<div id=\"floatingBarsG\">\n\t\t\t\t<div class=\"blockG\" id=\"rotateG_01\"><\/div>\n\t\t\t\t<div class=\"blockG\" id=\"rotateG_02\"><\/div>\n\t\t\t\t<div class=\"blockG\" id=\"rotateG_03\"><\/div>\n\t\t\t\t<div class=\"blockG\" id=\"rotateG_04\"><\/div>\n\t\t\t\t<div class=\"blockG\" id=\"rotateG_05\"><\/div>\n\t\t\t\t<div class=\"blockG\" id=\"rotateG_06\"><\/div>\n\t\t\t\t<div class=\"blockG\" id=\"rotateG_07\"><\/div>\n\t\t\t\t<div class=\"blockG\" id=\"rotateG_08\"><\/div>\n\t\t\t<\/div>\n\t\t\t<div class=\"WooZone-cross-sell-loader-text\"><\/div>\n\t\t<\/div>\n\t<\/div>\n\n\t\t\n<\/div>\n<div style=\"clear:both;\"><\/div><\/p>\n","protected":false},"excerpt":{"rendered":"<p>\u2705 FACETTENSCHLIFF &#8211; Die Glasscheibe mit 18mm Facettenschliff hat einen sch\u00f6nen, fl\u00fcssigen \u00dcbergang zum Boden mit Kanten, die abgeschliffen und poliert sind. Die optische Wirkung Ihres Bodens bleibt durch die Transparenz beim Facettenglas erhalten.<br \/>\n\u2705 ZUVERL\u00c4SSIGER FUNKENSCHUTZ &#8211; Die Funkenschutzplatte bietet eine stark erh\u00f6hte Temperaturwechselbest\u00e4ndigkeit und ist hitzebest\u00e4ndig bis 300 Grad Celsius. Dadurch ist beim Kaminglas zuverl\u00e4ssiger Schutz gegen Funken gegeben.<br \/>\n\u2705 ESG SICHERHEITSGLAS &#8211; Durch das Einscheiben-Sicherheitsglas bieten wir h\u00f6chste Sicherheit im privaten Haushalt. Vor allem f\u00fcr Familien mit Kindern ist die Temperaturwechselbest\u00e4ndigkeit der Glasbodenplatte und die erh\u00f6hte Schlag- und Biegefestigkeit extrem wichtig.<\/p>\n","protected":false},"featured_media":67733,"comment_status":"open","ping_status":"closed","template":"","meta":[],"product_brand":[],"product_cat":[1983,11036],"product_tag":[],"class_list":{"0":"post-67732","1":"product","2":"type-product","3":"status-publish","4":"has-post-thumbnail","6":"product_cat-baumarkt","7":"product_cat-kamine","8":"pa_brand-glasshop24","9":"pa_manufacturer-glasshop24","11":"first","12":"instock","13":"shipping-taxable","14":"purchasable","15":"product-type-simple","16":"customify-col","17":"product-has-gallery"},"yoast_head":"<!-- This site is optimized with the Yoast SEO plugin v27.3 - https:\/\/yoast.com\/product\/yoast-seo-wordpress\/ -->\n<title>BIJON Funkenschutz-Platte mit Facettenschliff, Glasplatte Kaminofen, Kaminschutz mit ESG Sicherheitsglas, Kamin\u2026 - Markt-XXL<\/title>\n<meta name=\"description\" content=\"Markt-XXL BIJON Funkenschutz-Platte mit Facettenschliff, Glasplatte Kaminofen, Kaminschutz mit ESG Sicherheitsglas, Kamin\u2026\" \/>\n<meta name=\"robots\" content=\"index, follow, max-snippet:-1, max-image-preview:large, max-video-preview:-1\" \/>\n<link rel=\"canonical\" href=\"https:\/\/marktxxl.de\/markt\/produkt\/funkenschutzplatte-staerke-6mm-58-varianten\/\" \/>\n<meta property=\"og:locale\" content=\"de_DE\" \/>\n<meta property=\"og:type\" content=\"article\" \/>\n<meta property=\"og:title\" content=\"BIJON Funkenschutz-Platte mit Facettenschliff, Glasplatte Kaminofen, Kaminschutz mit ESG Sicherheitsglas, Kamin\u2026 - Markt-XXL\" \/>\n<meta property=\"og:description\" content=\"Markt-XXL BIJON Funkenschutz-Platte mit Facettenschliff, Glasplatte Kaminofen, Kaminschutz mit ESG Sicherheitsglas, Kamin\u2026\" \/>\n<meta property=\"og:url\" content=\"https:\/\/marktxxl.de\/markt\/produkt\/funkenschutzplatte-staerke-6mm-58-varianten\/\" \/>\n<meta property=\"og:site_name\" content=\"Markt-XXL\" \/>\n<meta property=\"article:modified_time\" content=\"2023-04-10T00:30:30+00:00\" \/>\n<meta property=\"og:image\" content=\"https:\/\/m.media-amazon.com\/images\/I\/31C0wA8XegL._SL500_.jpg\" \/>\n\t<meta property=\"og:image:width\" content=\"500\" \/>\n\t<meta property=\"og:image:height\" content=\"500\" \/>\n\t<meta property=\"og:image:type\" content=\"image\/jpeg\" \/>\n<meta name=\"twitter:card\" content=\"summary_large_image\" \/>\n<meta name=\"twitter:label1\" content=\"Gesch\u00e4tzte Lesezeit\" \/>\n\t<meta name=\"twitter:data1\" content=\"1\u00a0Minute\" \/>\n<script type=\"application\/ld+json\" class=\"yoast-schema-graph\">{\"@context\":\"https:\\\/\\\/schema.org\",\"@graph\":[{\"@type\":\"WebPage\",\"@id\":\"https:\\\/\\\/marktxxl.de\\\/markt\\\/produkt\\\/funkenschutzplatte-staerke-6mm-58-varianten\\\/\",\"url\":\"https:\\\/\\\/marktxxl.de\\\/markt\\\/produkt\\\/funkenschutzplatte-staerke-6mm-58-varianten\\\/\",\"name\":\"BIJON Funkenschutz-Platte mit Facettenschliff, Glasplatte Kaminofen, Kaminschutz mit ESG Sicherheitsglas, Kamin\u2026 - Markt-XXL\",\"isPartOf\":{\"@id\":\"https:\\\/\\\/marktxxl.de\\\/markt\\\/#website\"},\"primaryImageOfPage\":{\"@id\":\"https:\\\/\\\/marktxxl.de\\\/markt\\\/produkt\\\/funkenschutzplatte-staerke-6mm-58-varianten\\\/#primaryimage\"},\"image\":{\"@id\":\"https:\\\/\\\/marktxxl.de\\\/markt\\\/produkt\\\/funkenschutzplatte-staerke-6mm-58-varianten\\\/#primaryimage\"},\"thumbnailUrl\":\"https:\\\/\\\/m.media-amazon.com\\\/images\\\/I\\\/31C0wA8XegL._SL500_.jpg\",\"datePublished\":\"2021-11-12T01:46:26+00:00\",\"dateModified\":\"2023-04-10T00:30:30+00:00\",\"description\":\"Markt-XXL BIJON Funkenschutz-Platte mit Facettenschliff, Glasplatte Kaminofen, Kaminschutz mit ESG Sicherheitsglas, Kamin\u2026\",\"breadcrumb\":{\"@id\":\"https:\\\/\\\/marktxxl.de\\\/markt\\\/produkt\\\/funkenschutzplatte-staerke-6mm-58-varianten\\\/#breadcrumb\"},\"inLanguage\":\"de\",\"potentialAction\":[{\"@type\":\"ReadAction\",\"target\":[\"https:\\\/\\\/marktxxl.de\\\/markt\\\/produkt\\\/funkenschutzplatte-staerke-6mm-58-varianten\\\/\"]}]},{\"@type\":\"ImageObject\",\"inLanguage\":\"de\",\"@id\":\"https:\\\/\\\/marktxxl.de\\\/markt\\\/produkt\\\/funkenschutzplatte-staerke-6mm-58-varianten\\\/#primaryimage\",\"url\":\"https:\\\/\\\/m.media-amazon.com\\\/images\\\/I\\\/31C0wA8XegL._SL500_.jpg\",\"contentUrl\":\"https:\\\/\\\/m.media-amazon.com\\\/images\\\/I\\\/31C0wA8XegL._SL500_.jpg\",\"width\":500,\"height\":500},{\"@type\":\"BreadcrumbList\",\"@id\":\"https:\\\/\\\/marktxxl.de\\\/markt\\\/produkt\\\/funkenschutzplatte-staerke-6mm-58-varianten\\\/#breadcrumb\",\"itemListElement\":[{\"@type\":\"ListItem\",\"position\":1,\"name\":\"Startseite\",\"item\":\"https:\\\/\\\/marktxxl.de\\\/markt\\\/\"},{\"@type\":\"ListItem\",\"position\":2,\"name\":\"Markt\",\"item\":\"https:\\\/\\\/marktxxl.de\\\/markt\\\/\"},{\"@type\":\"ListItem\",\"position\":3,\"name\":\"BIJON Funkenschutz-Platte mit Facettenschliff, Glasplatte Kaminofen, Kaminschutz mit ESG Sicherheitsglas, Kamin\u2026\"}]},{\"@type\":\"WebSite\",\"@id\":\"https:\\\/\\\/marktxxl.de\\\/markt\\\/#website\",\"url\":\"https:\\\/\\\/marktxxl.de\\\/markt\\\/\",\"name\":\"Markt-XXL\",\"description\":\"Ihr Markt Online\",\"publisher\":{\"@id\":\"https:\\\/\\\/marktxxl.de\\\/markt\\\/#organization\"},\"potentialAction\":[{\"@type\":\"SearchAction\",\"target\":{\"@type\":\"EntryPoint\",\"urlTemplate\":\"https:\\\/\\\/marktxxl.de\\\/markt\\\/?s={search_term_string}\"},\"query-input\":{\"@type\":\"PropertyValueSpecification\",\"valueRequired\":true,\"valueName\":\"search_term_string\"}}],\"inLanguage\":\"de\"},{\"@type\":\"Organization\",\"@id\":\"https:\\\/\\\/marktxxl.de\\\/markt\\\/#organization\",\"name\":\"Markt-XXL\",\"url\":\"https:\\\/\\\/marktxxl.de\\\/markt\\\/\",\"logo\":{\"@type\":\"ImageObject\",\"inLanguage\":\"de\",\"@id\":\"https:\\\/\\\/marktxxl.de\\\/markt\\\/#\\\/schema\\\/logo\\\/image\\\/\",\"url\":\"https:\\\/\\\/marktxxl.de\\\/markt\\\/wp-content\\\/uploads\\\/sites\\\/3\\\/2020\\\/12\\\/logo.png\",\"contentUrl\":\"https:\\\/\\\/marktxxl.de\\\/markt\\\/wp-content\\\/uploads\\\/sites\\\/3\\\/2020\\\/12\\\/logo.png\",\"width\":200,\"height\":70,\"caption\":\"Markt-XXL\"},\"image\":{\"@id\":\"https:\\\/\\\/marktxxl.de\\\/markt\\\/#\\\/schema\\\/logo\\\/image\\\/\"}}]}<\/script>\n<!-- \/ Yoast SEO plugin. -->","yoast_head_json":{"title":"BIJON Funkenschutz-Platte mit Facettenschliff, Glasplatte Kaminofen, Kaminschutz mit ESG Sicherheitsglas, Kamin\u2026 - Markt-XXL","description":"Markt-XXL BIJON Funkenschutz-Platte mit Facettenschliff, Glasplatte Kaminofen, Kaminschutz mit ESG Sicherheitsglas, Kamin\u2026","robots":{"index":"index","follow":"follow","max-snippet":"max-snippet:-1","max-image-preview":"max-image-preview:large","max-video-preview":"max-video-preview:-1"},"canonical":"https:\/\/marktxxl.de\/markt\/produkt\/funkenschutzplatte-staerke-6mm-58-varianten\/","og_locale":"de_DE","og_type":"article","og_title":"BIJON Funkenschutz-Platte mit Facettenschliff, Glasplatte Kaminofen, Kaminschutz mit ESG Sicherheitsglas, Kamin\u2026 - Markt-XXL","og_description":"Markt-XXL BIJON Funkenschutz-Platte mit Facettenschliff, Glasplatte Kaminofen, Kaminschutz mit ESG Sicherheitsglas, Kamin\u2026","og_url":"https:\/\/marktxxl.de\/markt\/produkt\/funkenschutzplatte-staerke-6mm-58-varianten\/","og_site_name":"Markt-XXL","article_modified_time":"2023-04-10T00:30:30+00:00","og_image":[{"width":500,"height":500,"url":"https:\/\/m.media-amazon.com\/images\/I\/31C0wA8XegL._SL500_.jpg","type":"image\/jpeg"}],"twitter_card":"summary_large_image","twitter_misc":{"Gesch\u00e4tzte Lesezeit":"1\u00a0Minute"},"schema":{"@context":"https:\/\/schema.org","@graph":[{"@type":"WebPage","@id":"https:\/\/marktxxl.de\/markt\/produkt\/funkenschutzplatte-staerke-6mm-58-varianten\/","url":"https:\/\/marktxxl.de\/markt\/produkt\/funkenschutzplatte-staerke-6mm-58-varianten\/","name":"BIJON Funkenschutz-Platte mit Facettenschliff, Glasplatte Kaminofen, Kaminschutz mit ESG Sicherheitsglas, Kamin\u2026 - Markt-XXL","isPartOf":{"@id":"https:\/\/marktxxl.de\/markt\/#website"},"primaryImageOfPage":{"@id":"https:\/\/marktxxl.de\/markt\/produkt\/funkenschutzplatte-staerke-6mm-58-varianten\/#primaryimage"},"image":{"@id":"https:\/\/marktxxl.de\/markt\/produkt\/funkenschutzplatte-staerke-6mm-58-varianten\/#primaryimage"},"thumbnailUrl":"https:\/\/m.media-amazon.com\/images\/I\/31C0wA8XegL._SL500_.jpg","datePublished":"2021-11-12T01:46:26+00:00","dateModified":"2023-04-10T00:30:30+00:00","description":"Markt-XXL BIJON Funkenschutz-Platte mit Facettenschliff, Glasplatte Kaminofen, Kaminschutz mit ESG Sicherheitsglas, Kamin\u2026","breadcrumb":{"@id":"https:\/\/marktxxl.de\/markt\/produkt\/funkenschutzplatte-staerke-6mm-58-varianten\/#breadcrumb"},"inLanguage":"de","potentialAction":[{"@type":"ReadAction","target":["https:\/\/marktxxl.de\/markt\/produkt\/funkenschutzplatte-staerke-6mm-58-varianten\/"]}]},{"@type":"ImageObject","inLanguage":"de","@id":"https:\/\/marktxxl.de\/markt\/produkt\/funkenschutzplatte-staerke-6mm-58-varianten\/#primaryimage","url":"https:\/\/m.media-amazon.com\/images\/I\/31C0wA8XegL._SL500_.jpg","contentUrl":"https:\/\/m.media-amazon.com\/images\/I\/31C0wA8XegL._SL500_.jpg","width":500,"height":500},{"@type":"BreadcrumbList","@id":"https:\/\/marktxxl.de\/markt\/produkt\/funkenschutzplatte-staerke-6mm-58-varianten\/#breadcrumb","itemListElement":[{"@type":"ListItem","position":1,"name":"Startseite","item":"https:\/\/marktxxl.de\/markt\/"},{"@type":"ListItem","position":2,"name":"Markt","item":"https:\/\/marktxxl.de\/markt\/"},{"@type":"ListItem","position":3,"name":"BIJON Funkenschutz-Platte mit Facettenschliff, Glasplatte Kaminofen, Kaminschutz mit ESG Sicherheitsglas, Kamin\u2026"}]},{"@type":"WebSite","@id":"https:\/\/marktxxl.de\/markt\/#website","url":"https:\/\/marktxxl.de\/markt\/","name":"Markt-XXL","description":"Ihr Markt Online","publisher":{"@id":"https:\/\/marktxxl.de\/markt\/#organization"},"potentialAction":[{"@type":"SearchAction","target":{"@type":"EntryPoint","urlTemplate":"https:\/\/marktxxl.de\/markt\/?s={search_term_string}"},"query-input":{"@type":"PropertyValueSpecification","valueRequired":true,"valueName":"search_term_string"}}],"inLanguage":"de"},{"@type":"Organization","@id":"https:\/\/marktxxl.de\/markt\/#organization","name":"Markt-XXL","url":"https:\/\/marktxxl.de\/markt\/","logo":{"@type":"ImageObject","inLanguage":"de","@id":"https:\/\/marktxxl.de\/markt\/#\/schema\/logo\/image\/","url":"https:\/\/marktxxl.de\/markt\/wp-content\/uploads\/sites\/3\/2020\/12\/logo.png","contentUrl":"https:\/\/marktxxl.de\/markt\/wp-content\/uploads\/sites\/3\/2020\/12\/logo.png","width":200,"height":70,"caption":"Markt-XXL"},"image":{"@id":"https:\/\/marktxxl.de\/markt\/#\/schema\/logo\/image\/"}}]}},"_links":{"self":[{"href":"https:\/\/marktxxl.de\/markt\/wp-json\/wp\/v2\/product\/67732","targetHints":{"allow":["GET"]}}],"collection":[{"href":"https:\/\/marktxxl.de\/markt\/wp-json\/wp\/v2\/product"}],"about":[{"href":"https:\/\/marktxxl.de\/markt\/wp-json\/wp\/v2\/types\/product"}],"replies":[{"embeddable":true,"href":"https:\/\/marktxxl.de\/markt\/wp-json\/wp\/v2\/comments?post=67732"}],"wp:featuredmedia":[{"embeddable":true,"href":"https:\/\/marktxxl.de\/markt\/wp-json\/wp\/v2\/media\/67733"}],"wp:attachment":[{"href":"https:\/\/marktxxl.de\/markt\/wp-json\/wp\/v2\/media?parent=67732"}],"wp:term":[{"taxonomy":"product_brand","embeddable":true,"href":"https:\/\/marktxxl.de\/markt\/wp-json\/wp\/v2\/product_brand?post=67732"},{"taxonomy":"product_cat","embeddable":true,"href":"https:\/\/marktxxl.de\/markt\/wp-json\/wp\/v2\/product_cat?post=67732"},{"taxonomy":"product_tag","embeddable":true,"href":"https:\/\/marktxxl.de\/markt\/wp-json\/wp\/v2\/product_tag?post=67732"}],"curies":[{"name":"wp","href":"https:\/\/api.w.org\/{rel}","templated":true}]}}