{"id":67440,"date":"2021-11-12T02:33:12","date_gmt":"2021-11-12T01:33:12","guid":{"rendered":"https:\/\/marktxxl.de\/markt\/produkt\/erdkabel-nyy-j-5x6-mm%c2%b2-mm2-meterware-auf-den-meter-genau-starkstromkabel-pvc-erdleitung-schwarz-auswahl-in-1-meter-schritten-sehr-viele-laengen-bestellbar\/"},"modified":"2023-04-11T02:38:24","modified_gmt":"2023-04-11T00:38:24","slug":"erdkabel-nyy-j-5x6-mm%c2%b2-mm2-meterware-auf-den-meter-genau-starkstromkabel-pvc-erdleitung-schwarz-auswahl-in-1-meter-schritten-sehr-viele-laengen-bestellbar","status":"publish","type":"product","link":"https:\/\/marktxxl.de\/markt\/produkt\/erdkabel-nyy-j-5x6-mm%c2%b2-mm2-meterware-auf-den-meter-genau-starkstromkabel-pvc-erdleitung-schwarz-auswahl-in-1-meter-schritten-sehr-viele-laengen-bestellbar\/","title":{"rendered":"Erdkabel NYY-J 5&#215;6 mm\u00b2 (mm2) Meterware auf den Meter genau: Starkstromkabel &#8211; PVC Erdleitung schwarz &#8211; Auswahl in 1\u2026"},"content":{"rendered":"<p>Erdkabel &#8211; Starkstromkabel \/\/ Typ: NYY-J 5&#215;6 mm\u00b2<br \/>\nTYP: NYY-J gem. VDE 0276, Teil 603<br \/>\nQuerschnitt 5 x 6 mm\u00b2 &#8211; Aderanzahl: 5 (blau, braun, gr\u00fcn\/gelb, schwarz, grau)<br \/>\nSehr gro\u00dfe Mengenauswahl, bestellbar ab 5 Meter in 1 Meter Schritten bis 150 Meter am St\u00fcck! W\u00e4hlen Sie einfach bei der Mehrfachauswahl Ihre gew\u00fcnschte L\u00e4nge in Metern aus und legen Sie die ausgew\u00e4hlte L\u00e4nge in den Warenkorb<br \/>\nProfiqualit\u00e4t &#8211; F\u00fcr Sie ausgew\u00e4hlt und konfektioniert durch die Kabelprofis von EBROM<br \/>\n<div class=\"main-cross-sell\" data-asin=\"B07C4MBVGC\">\n\n\t<div class=\"WooZone-cross-sell-loader\">\n\t\t<div>\n\t\t\t<div id=\"floatingBarsG\">\n\t\t\t\t<div class=\"blockG\" id=\"rotateG_01\"><\/div>\n\t\t\t\t<div class=\"blockG\" id=\"rotateG_02\"><\/div>\n\t\t\t\t<div class=\"blockG\" id=\"rotateG_03\"><\/div>\n\t\t\t\t<div class=\"blockG\" id=\"rotateG_04\"><\/div>\n\t\t\t\t<div class=\"blockG\" id=\"rotateG_05\"><\/div>\n\t\t\t\t<div class=\"blockG\" id=\"rotateG_06\"><\/div>\n\t\t\t\t<div class=\"blockG\" id=\"rotateG_07\"><\/div>\n\t\t\t\t<div class=\"blockG\" id=\"rotateG_08\"><\/div>\n\t\t\t<\/div>\n\t\t\t<div class=\"WooZone-cross-sell-loader-text\"><\/div>\n\t\t<\/div>\n\t<\/div>\n\n\t\t\n<\/div>\n<div style=\"clear:both;\"><\/div><\/p>\n","protected":false},"excerpt":{"rendered":"<p>Erdkabel &#8211; Starkstromkabel \/\/ Typ: NYY-J 5&#215;6 mm\u00b2<br \/>\nTYP: NYY-J gem. VDE 0276, Teil 603<br \/>\nQuerschnitt 5 x 6 mm\u00b2 &#8211; Aderanzahl: 5 (blau, braun, gr\u00fcn\/gelb, schwarz, grau)<\/p>\n","protected":false},"featured_media":67441,"comment_status":"open","ping_status":"closed","template":"","meta":[],"product_brand":[],"product_cat":[1983,11009],"product_tag":[],"class_list":{"0":"post-67440","1":"product","2":"type-product","3":"status-publish","4":"has-post-thumbnail","6":"product_cat-baumarkt","7":"product_cat-elektroinstallation","8":"pa_brand-ebrom","9":"pa_color-mantel-schwarz-adern-farbig","10":"pa_manufacturer-diverse-markenhersteller","12":"first","13":"instock","14":"shipping-taxable","15":"purchasable","16":"product-type-simple","17":"customify-col","18":"product-has-gallery"},"yoast_head":"<!-- This site is optimized with the Yoast SEO plugin v27.4 - https:\/\/yoast.com\/product\/yoast-seo-wordpress\/ -->\n<title>Erdkabel NYY-J 5x6 mm\u00b2 (mm2) Meterware auf den Meter genau: Starkstromkabel - PVC Erdleitung schwarz - Auswahl in 1\u2026 - Markt-XXL<\/title>\n<meta name=\"description\" content=\"Markt-XXL Erdkabel NYY-J 5x6 mm\u00b2 (mm2) Meterware auf den Meter genau: Starkstromkabel - PVC Erdleitung schwarz - Auswahl in 1\u2026\" \/>\n<meta name=\"robots\" content=\"index, follow, max-snippet:-1, max-image-preview:large, max-video-preview:-1\" \/>\n<link rel=\"canonical\" href=\"https:\/\/marktxxl.de\/markt\/produkt\/erdkabel-nyy-j-5x6-mm\u00b2-mm2-meterware-auf-den-meter-genau-starkstromkabel-pvc-erdleitung-schwarz-auswahl-in-1-meter-schritten-sehr-viele-laengen-bestellbar\/\" \/>\n<meta property=\"og:locale\" content=\"de_DE\" \/>\n<meta property=\"og:type\" content=\"article\" \/>\n<meta property=\"og:title\" content=\"Erdkabel NYY-J 5x6 mm\u00b2 (mm2) Meterware auf den Meter genau: Starkstromkabel - PVC Erdleitung schwarz - Auswahl in 1\u2026 - Markt-XXL\" \/>\n<meta property=\"og:description\" content=\"Markt-XXL Erdkabel NYY-J 5x6 mm\u00b2 (mm2) Meterware auf den Meter genau: Starkstromkabel - PVC Erdleitung schwarz - Auswahl in 1\u2026\" \/>\n<meta property=\"og:url\" content=\"https:\/\/marktxxl.de\/markt\/produkt\/erdkabel-nyy-j-5x6-mm\u00b2-mm2-meterware-auf-den-meter-genau-starkstromkabel-pvc-erdleitung-schwarz-auswahl-in-1-meter-schritten-sehr-viele-laengen-bestellbar\/\" \/>\n<meta property=\"og:site_name\" content=\"Markt-XXL\" \/>\n<meta property=\"article:modified_time\" content=\"2023-04-11T00:38:24+00:00\" \/>\n<meta property=\"og:image\" content=\"https:\/\/m.media-amazon.com\/images\/I\/419g7sB+3VL._SL500_.jpg\" \/>\n\t<meta property=\"og:image:width\" content=\"500\" \/>\n\t<meta property=\"og:image:height\" content=\"350\" \/>\n\t<meta property=\"og:image:type\" content=\"image\/jpeg\" \/>\n<meta name=\"twitter:card\" content=\"summary_large_image\" \/>\n<script type=\"application\/ld+json\" class=\"yoast-schema-graph\">{\"@context\":\"https:\\\/\\\/schema.org\",\"@graph\":[{\"@type\":\"WebPage\",\"@id\":\"https:\\\/\\\/marktxxl.de\\\/markt\\\/produkt\\\/erdkabel-nyy-j-5x6-mm%c2%b2-mm2-meterware-auf-den-meter-genau-starkstromkabel-pvc-erdleitung-schwarz-auswahl-in-1-meter-schritten-sehr-viele-laengen-bestellbar\\\/\",\"url\":\"https:\\\/\\\/marktxxl.de\\\/markt\\\/produkt\\\/erdkabel-nyy-j-5x6-mm%c2%b2-mm2-meterware-auf-den-meter-genau-starkstromkabel-pvc-erdleitung-schwarz-auswahl-in-1-meter-schritten-sehr-viele-laengen-bestellbar\\\/\",\"name\":\"Erdkabel NYY-J 5x6 mm\u00b2 (mm2) Meterware auf den Meter genau: Starkstromkabel - PVC Erdleitung schwarz - Auswahl in 1\u2026 - Markt-XXL\",\"isPartOf\":{\"@id\":\"https:\\\/\\\/marktxxl.de\\\/markt\\\/#website\"},\"primaryImageOfPage\":{\"@id\":\"https:\\\/\\\/marktxxl.de\\\/markt\\\/produkt\\\/erdkabel-nyy-j-5x6-mm%c2%b2-mm2-meterware-auf-den-meter-genau-starkstromkabel-pvc-erdleitung-schwarz-auswahl-in-1-meter-schritten-sehr-viele-laengen-bestellbar\\\/#primaryimage\"},\"image\":{\"@id\":\"https:\\\/\\\/marktxxl.de\\\/markt\\\/produkt\\\/erdkabel-nyy-j-5x6-mm%c2%b2-mm2-meterware-auf-den-meter-genau-starkstromkabel-pvc-erdleitung-schwarz-auswahl-in-1-meter-schritten-sehr-viele-laengen-bestellbar\\\/#primaryimage\"},\"thumbnailUrl\":\"https:\\\/\\\/m.media-amazon.com\\\/images\\\/I\\\/419g7sB+3VL._SL500_.jpg\",\"datePublished\":\"2021-11-12T01:33:12+00:00\",\"dateModified\":\"2023-04-11T00:38:24+00:00\",\"description\":\"Markt-XXL Erdkabel NYY-J 5x6 mm\u00b2 (mm2) Meterware auf den Meter genau: Starkstromkabel - PVC Erdleitung schwarz - Auswahl in 1\u2026\",\"breadcrumb\":{\"@id\":\"https:\\\/\\\/marktxxl.de\\\/markt\\\/produkt\\\/erdkabel-nyy-j-5x6-mm%c2%b2-mm2-meterware-auf-den-meter-genau-starkstromkabel-pvc-erdleitung-schwarz-auswahl-in-1-meter-schritten-sehr-viele-laengen-bestellbar\\\/#breadcrumb\"},\"inLanguage\":\"de\",\"potentialAction\":[{\"@type\":\"ReadAction\",\"target\":[\"https:\\\/\\\/marktxxl.de\\\/markt\\\/produkt\\\/erdkabel-nyy-j-5x6-mm%c2%b2-mm2-meterware-auf-den-meter-genau-starkstromkabel-pvc-erdleitung-schwarz-auswahl-in-1-meter-schritten-sehr-viele-laengen-bestellbar\\\/\"]}]},{\"@type\":\"ImageObject\",\"inLanguage\":\"de\",\"@id\":\"https:\\\/\\\/marktxxl.de\\\/markt\\\/produkt\\\/erdkabel-nyy-j-5x6-mm%c2%b2-mm2-meterware-auf-den-meter-genau-starkstromkabel-pvc-erdleitung-schwarz-auswahl-in-1-meter-schritten-sehr-viele-laengen-bestellbar\\\/#primaryimage\",\"url\":\"https:\\\/\\\/m.media-amazon.com\\\/images\\\/I\\\/419g7sB+3VL._SL500_.jpg\",\"contentUrl\":\"https:\\\/\\\/m.media-amazon.com\\\/images\\\/I\\\/419g7sB+3VL._SL500_.jpg\",\"width\":500,\"height\":350},{\"@type\":\"BreadcrumbList\",\"@id\":\"https:\\\/\\\/marktxxl.de\\\/markt\\\/produkt\\\/erdkabel-nyy-j-5x6-mm%c2%b2-mm2-meterware-auf-den-meter-genau-starkstromkabel-pvc-erdleitung-schwarz-auswahl-in-1-meter-schritten-sehr-viele-laengen-bestellbar\\\/#breadcrumb\",\"itemListElement\":[{\"@type\":\"ListItem\",\"position\":1,\"name\":\"Startseite\",\"item\":\"https:\\\/\\\/marktxxl.de\\\/markt\\\/\"},{\"@type\":\"ListItem\",\"position\":2,\"name\":\"Markt\",\"item\":\"https:\\\/\\\/marktxxl.de\\\/markt\\\/\"},{\"@type\":\"ListItem\",\"position\":3,\"name\":\"Erdkabel NYY-J 5&#215;6 mm\u00b2 (mm2) Meterware auf den Meter genau: Starkstromkabel &#8211; PVC Erdleitung schwarz &#8211; Auswahl in 1\u2026\"}]},{\"@type\":\"WebSite\",\"@id\":\"https:\\\/\\\/marktxxl.de\\\/markt\\\/#website\",\"url\":\"https:\\\/\\\/marktxxl.de\\\/markt\\\/\",\"name\":\"Markt-XXL\",\"description\":\"Ihr Markt Online\",\"publisher\":{\"@id\":\"https:\\\/\\\/marktxxl.de\\\/markt\\\/#organization\"},\"potentialAction\":[{\"@type\":\"SearchAction\",\"target\":{\"@type\":\"EntryPoint\",\"urlTemplate\":\"https:\\\/\\\/marktxxl.de\\\/markt\\\/?s={search_term_string}\"},\"query-input\":{\"@type\":\"PropertyValueSpecification\",\"valueRequired\":true,\"valueName\":\"search_term_string\"}}],\"inLanguage\":\"de\"},{\"@type\":\"Organization\",\"@id\":\"https:\\\/\\\/marktxxl.de\\\/markt\\\/#organization\",\"name\":\"Markt-XXL\",\"url\":\"https:\\\/\\\/marktxxl.de\\\/markt\\\/\",\"logo\":{\"@type\":\"ImageObject\",\"inLanguage\":\"de\",\"@id\":\"https:\\\/\\\/marktxxl.de\\\/markt\\\/#\\\/schema\\\/logo\\\/image\\\/\",\"url\":\"https:\\\/\\\/marktxxl.de\\\/markt\\\/wp-content\\\/uploads\\\/sites\\\/3\\\/2020\\\/12\\\/logo.png\",\"contentUrl\":\"https:\\\/\\\/marktxxl.de\\\/markt\\\/wp-content\\\/uploads\\\/sites\\\/3\\\/2020\\\/12\\\/logo.png\",\"width\":200,\"height\":70,\"caption\":\"Markt-XXL\"},\"image\":{\"@id\":\"https:\\\/\\\/marktxxl.de\\\/markt\\\/#\\\/schema\\\/logo\\\/image\\\/\"}}]}<\/script>\n<!-- \/ Yoast SEO plugin. -->","yoast_head_json":{"title":"Erdkabel NYY-J 5x6 mm\u00b2 (mm2) Meterware auf den Meter genau: Starkstromkabel - PVC Erdleitung schwarz - Auswahl in 1\u2026 - Markt-XXL","description":"Markt-XXL Erdkabel NYY-J 5x6 mm\u00b2 (mm2) Meterware auf den Meter genau: Starkstromkabel - PVC Erdleitung schwarz - Auswahl in 1\u2026","robots":{"index":"index","follow":"follow","max-snippet":"max-snippet:-1","max-image-preview":"max-image-preview:large","max-video-preview":"max-video-preview:-1"},"canonical":"https:\/\/marktxxl.de\/markt\/produkt\/erdkabel-nyy-j-5x6-mm\u00b2-mm2-meterware-auf-den-meter-genau-starkstromkabel-pvc-erdleitung-schwarz-auswahl-in-1-meter-schritten-sehr-viele-laengen-bestellbar\/","og_locale":"de_DE","og_type":"article","og_title":"Erdkabel NYY-J 5x6 mm\u00b2 (mm2) Meterware auf den Meter genau: Starkstromkabel - PVC Erdleitung schwarz - Auswahl in 1\u2026 - Markt-XXL","og_description":"Markt-XXL Erdkabel NYY-J 5x6 mm\u00b2 (mm2) Meterware auf den Meter genau: Starkstromkabel - PVC Erdleitung schwarz - Auswahl in 1\u2026","og_url":"https:\/\/marktxxl.de\/markt\/produkt\/erdkabel-nyy-j-5x6-mm\u00b2-mm2-meterware-auf-den-meter-genau-starkstromkabel-pvc-erdleitung-schwarz-auswahl-in-1-meter-schritten-sehr-viele-laengen-bestellbar\/","og_site_name":"Markt-XXL","article_modified_time":"2023-04-11T00:38:24+00:00","og_image":[{"width":500,"height":350,"url":"https:\/\/m.media-amazon.com\/images\/I\/419g7sB+3VL._SL500_.jpg","type":"image\/jpeg"}],"twitter_card":"summary_large_image","schema":{"@context":"https:\/\/schema.org","@graph":[{"@type":"WebPage","@id":"https:\/\/marktxxl.de\/markt\/produkt\/erdkabel-nyy-j-5x6-mm%c2%b2-mm2-meterware-auf-den-meter-genau-starkstromkabel-pvc-erdleitung-schwarz-auswahl-in-1-meter-schritten-sehr-viele-laengen-bestellbar\/","url":"https:\/\/marktxxl.de\/markt\/produkt\/erdkabel-nyy-j-5x6-mm%c2%b2-mm2-meterware-auf-den-meter-genau-starkstromkabel-pvc-erdleitung-schwarz-auswahl-in-1-meter-schritten-sehr-viele-laengen-bestellbar\/","name":"Erdkabel NYY-J 5x6 mm\u00b2 (mm2) Meterware auf den Meter genau: Starkstromkabel - PVC Erdleitung schwarz - Auswahl in 1\u2026 - Markt-XXL","isPartOf":{"@id":"https:\/\/marktxxl.de\/markt\/#website"},"primaryImageOfPage":{"@id":"https:\/\/marktxxl.de\/markt\/produkt\/erdkabel-nyy-j-5x6-mm%c2%b2-mm2-meterware-auf-den-meter-genau-starkstromkabel-pvc-erdleitung-schwarz-auswahl-in-1-meter-schritten-sehr-viele-laengen-bestellbar\/#primaryimage"},"image":{"@id":"https:\/\/marktxxl.de\/markt\/produkt\/erdkabel-nyy-j-5x6-mm%c2%b2-mm2-meterware-auf-den-meter-genau-starkstromkabel-pvc-erdleitung-schwarz-auswahl-in-1-meter-schritten-sehr-viele-laengen-bestellbar\/#primaryimage"},"thumbnailUrl":"https:\/\/m.media-amazon.com\/images\/I\/419g7sB+3VL._SL500_.jpg","datePublished":"2021-11-12T01:33:12+00:00","dateModified":"2023-04-11T00:38:24+00:00","description":"Markt-XXL Erdkabel NYY-J 5x6 mm\u00b2 (mm2) Meterware auf den Meter genau: Starkstromkabel - PVC Erdleitung schwarz - Auswahl in 1\u2026","breadcrumb":{"@id":"https:\/\/marktxxl.de\/markt\/produkt\/erdkabel-nyy-j-5x6-mm%c2%b2-mm2-meterware-auf-den-meter-genau-starkstromkabel-pvc-erdleitung-schwarz-auswahl-in-1-meter-schritten-sehr-viele-laengen-bestellbar\/#breadcrumb"},"inLanguage":"de","potentialAction":[{"@type":"ReadAction","target":["https:\/\/marktxxl.de\/markt\/produkt\/erdkabel-nyy-j-5x6-mm%c2%b2-mm2-meterware-auf-den-meter-genau-starkstromkabel-pvc-erdleitung-schwarz-auswahl-in-1-meter-schritten-sehr-viele-laengen-bestellbar\/"]}]},{"@type":"ImageObject","inLanguage":"de","@id":"https:\/\/marktxxl.de\/markt\/produkt\/erdkabel-nyy-j-5x6-mm%c2%b2-mm2-meterware-auf-den-meter-genau-starkstromkabel-pvc-erdleitung-schwarz-auswahl-in-1-meter-schritten-sehr-viele-laengen-bestellbar\/#primaryimage","url":"https:\/\/m.media-amazon.com\/images\/I\/419g7sB+3VL._SL500_.jpg","contentUrl":"https:\/\/m.media-amazon.com\/images\/I\/419g7sB+3VL._SL500_.jpg","width":500,"height":350},{"@type":"BreadcrumbList","@id":"https:\/\/marktxxl.de\/markt\/produkt\/erdkabel-nyy-j-5x6-mm%c2%b2-mm2-meterware-auf-den-meter-genau-starkstromkabel-pvc-erdleitung-schwarz-auswahl-in-1-meter-schritten-sehr-viele-laengen-bestellbar\/#breadcrumb","itemListElement":[{"@type":"ListItem","position":1,"name":"Startseite","item":"https:\/\/marktxxl.de\/markt\/"},{"@type":"ListItem","position":2,"name":"Markt","item":"https:\/\/marktxxl.de\/markt\/"},{"@type":"ListItem","position":3,"name":"Erdkabel NYY-J 5&#215;6 mm\u00b2 (mm2) Meterware auf den Meter genau: Starkstromkabel &#8211; PVC Erdleitung schwarz &#8211; Auswahl in 1\u2026"}]},{"@type":"WebSite","@id":"https:\/\/marktxxl.de\/markt\/#website","url":"https:\/\/marktxxl.de\/markt\/","name":"Markt-XXL","description":"Ihr Markt Online","publisher":{"@id":"https:\/\/marktxxl.de\/markt\/#organization"},"potentialAction":[{"@type":"SearchAction","target":{"@type":"EntryPoint","urlTemplate":"https:\/\/marktxxl.de\/markt\/?s={search_term_string}"},"query-input":{"@type":"PropertyValueSpecification","valueRequired":true,"valueName":"search_term_string"}}],"inLanguage":"de"},{"@type":"Organization","@id":"https:\/\/marktxxl.de\/markt\/#organization","name":"Markt-XXL","url":"https:\/\/marktxxl.de\/markt\/","logo":{"@type":"ImageObject","inLanguage":"de","@id":"https:\/\/marktxxl.de\/markt\/#\/schema\/logo\/image\/","url":"https:\/\/marktxxl.de\/markt\/wp-content\/uploads\/sites\/3\/2020\/12\/logo.png","contentUrl":"https:\/\/marktxxl.de\/markt\/wp-content\/uploads\/sites\/3\/2020\/12\/logo.png","width":200,"height":70,"caption":"Markt-XXL"},"image":{"@id":"https:\/\/marktxxl.de\/markt\/#\/schema\/logo\/image\/"}}]}},"_links":{"self":[{"href":"https:\/\/marktxxl.de\/markt\/wp-json\/wp\/v2\/product\/67440","targetHints":{"allow":["GET"]}}],"collection":[{"href":"https:\/\/marktxxl.de\/markt\/wp-json\/wp\/v2\/product"}],"about":[{"href":"https:\/\/marktxxl.de\/markt\/wp-json\/wp\/v2\/types\/product"}],"replies":[{"embeddable":true,"href":"https:\/\/marktxxl.de\/markt\/wp-json\/wp\/v2\/comments?post=67440"}],"wp:featuredmedia":[{"embeddable":true,"href":"https:\/\/marktxxl.de\/markt\/wp-json\/wp\/v2\/media\/67441"}],"wp:attachment":[{"href":"https:\/\/marktxxl.de\/markt\/wp-json\/wp\/v2\/media?parent=67440"}],"wp:term":[{"taxonomy":"product_brand","embeddable":true,"href":"https:\/\/marktxxl.de\/markt\/wp-json\/wp\/v2\/product_brand?post=67440"},{"taxonomy":"product_cat","embeddable":true,"href":"https:\/\/marktxxl.de\/markt\/wp-json\/wp\/v2\/product_cat?post=67440"},{"taxonomy":"product_tag","embeddable":true,"href":"https:\/\/marktxxl.de\/markt\/wp-json\/wp\/v2\/product_tag?post=67440"}],"curies":[{"name":"wp","href":"https:\/\/api.w.org\/{rel}","templated":true}]}}