{"id":67316,"date":"2021-11-12T02:24:32","date_gmt":"2021-11-12T01:24:32","guid":{"rendered":"https:\/\/marktxxl.de\/markt\/produkt\/readylift-69-4510-smart-suspension-technology-lift-kit\/"},"modified":"2023-04-11T02:38:22","modified_gmt":"2023-04-11T00:38:22","slug":"readylift-69-4510-smart-suspension-technology-lift-kit","status":"publish","type":"product","link":"https:\/\/marktxxl.de\/markt\/produkt\/readylift-69-4510-smart-suspension-technology-lift-kit\/","title":{"rendered":"Readylift 694510 69-4510 6,3 cm Smart Suspension Technology Lift Kit \u2013 Nissan Frontier\/Xterra\/Equator, silber, For Tires\u2026"},"content":{"rendered":"<p>Enth\u00e4lt 2 hintere OEM-Stilbl\u00f6cke, 2 Federverl\u00e4ngerungen und 2 vordere Anschlagstopperverl\u00e4ngerungen<br \/>\nInklusive Abstandshalter f\u00fcr Lager und 2 OEM-Sto\u00dfd\u00e4mpferhalterungen<br \/>\nDas Set enth\u00e4lt alle notwendigen Hardware<br \/>\nErh\u00e4lt OEM-Fahrqualit\u00e4t<br \/>\n<div class=\"main-cross-sell\" data-asin=\"B001F9FM9Y\">\n\n\t<div class=\"WooZone-cross-sell-loader\">\n\t\t<div>\n\t\t\t<div id=\"floatingBarsG\">\n\t\t\t\t<div class=\"blockG\" id=\"rotateG_01\"><\/div>\n\t\t\t\t<div class=\"blockG\" id=\"rotateG_02\"><\/div>\n\t\t\t\t<div class=\"blockG\" id=\"rotateG_03\"><\/div>\n\t\t\t\t<div class=\"blockG\" id=\"rotateG_04\"><\/div>\n\t\t\t\t<div class=\"blockG\" id=\"rotateG_05\"><\/div>\n\t\t\t\t<div class=\"blockG\" id=\"rotateG_06\"><\/div>\n\t\t\t\t<div class=\"blockG\" id=\"rotateG_07\"><\/div>\n\t\t\t\t<div class=\"blockG\" id=\"rotateG_08\"><\/div>\n\t\t\t<\/div>\n\t\t\t<div class=\"WooZone-cross-sell-loader-text\"><\/div>\n\t\t<\/div>\n\t<\/div>\n\n\t\t\n<\/div>\n<div style=\"clear:both;\"><\/div><\/p>\n","protected":false},"excerpt":{"rendered":"<p>Enth\u00e4lt 2 hintere OEM-Stilbl\u00f6cke, 2 Federverl\u00e4ngerungen und 2 vordere Anschlagstopperverl\u00e4ngerungen<br \/>\nInklusive Abstandshalter f\u00fcr Lager und 2 OEM-Sto\u00dfd\u00e4mpferhalterungen<br \/>\nDas Set enth\u00e4lt alle notwendigen Hardware<\/p>\n","protected":false},"featured_media":67317,"comment_status":"open","ping_status":"closed","template":"","meta":[],"product_brand":[],"product_cat":[1983,10767],"product_tag":[],"class_list":{"0":"post-67316","1":"product","2":"type-product","3":"status-publish","4":"has-post-thumbnail","6":"product_cat-baumarkt","7":"product_cat-baumaschinen-zubehoer","8":"pa_binding-automotive","9":"pa_brand-busch-jaeger-3","10":"pa_brand-readylift","11":"pa_height-13-zoll","12":"pa_length-4-zoll","13":"pa_manufacturer-readylift","14":"pa_model-69-4510","15":"pa_size-for-tires-up-to-32","16":"pa_weight-15-75-pfund","17":"pa_width-18-zoll","19":"first","20":"instock","21":"shipping-taxable","22":"purchasable","23":"product-type-simple","24":"customify-col","25":"product-has-gallery"},"yoast_head":"<!-- This site is optimized with the Yoast SEO plugin v27.4 - https:\/\/yoast.com\/product\/yoast-seo-wordpress\/ -->\n<title>Readylift 694510 69-4510 6,3 cm Smart Suspension Technology Lift Kit \u2013 Nissan Frontier\/Xterra\/Equator, silber, For Tires\u2026 - Markt-XXL<\/title>\n<meta name=\"description\" content=\"Markt-XXL Readylift 694510 69-4510 6,3 cm Smart Suspension Technology Lift Kit \u2013 Nissan Frontier\/Xterra\/Equator, silber, For Tires\u2026\" \/>\n<meta name=\"robots\" content=\"index, follow, max-snippet:-1, max-image-preview:large, max-video-preview:-1\" \/>\n<link rel=\"canonical\" href=\"https:\/\/marktxxl.de\/markt\/produkt\/readylift-69-4510-smart-suspension-technology-lift-kit\/\" \/>\n<meta property=\"og:locale\" content=\"de_DE\" \/>\n<meta property=\"og:type\" content=\"article\" \/>\n<meta property=\"og:title\" content=\"Readylift 694510 69-4510 6,3 cm Smart Suspension Technology Lift Kit \u2013 Nissan Frontier\/Xterra\/Equator, silber, For Tires\u2026 - Markt-XXL\" \/>\n<meta property=\"og:description\" content=\"Markt-XXL Readylift 694510 69-4510 6,3 cm Smart Suspension Technology Lift Kit \u2013 Nissan Frontier\/Xterra\/Equator, silber, For Tires\u2026\" \/>\n<meta property=\"og:url\" content=\"https:\/\/marktxxl.de\/markt\/produkt\/readylift-69-4510-smart-suspension-technology-lift-kit\/\" \/>\n<meta property=\"og:site_name\" content=\"Markt-XXL\" \/>\n<meta property=\"article:modified_time\" content=\"2023-04-11T00:38:22+00:00\" \/>\n<meta property=\"og:image\" content=\"https:\/\/m.media-amazon.com\/images\/I\/41bQyqp1cCL._SL500_.jpg\" \/>\n\t<meta property=\"og:image:width\" content=\"381\" \/>\n\t<meta property=\"og:image:height\" content=\"330\" \/>\n\t<meta property=\"og:image:type\" content=\"image\/jpeg\" \/>\n<meta name=\"twitter:card\" content=\"summary_large_image\" \/>\n<script type=\"application\/ld+json\" class=\"yoast-schema-graph\">{\"@context\":\"https:\\\/\\\/schema.org\",\"@graph\":[{\"@type\":\"WebPage\",\"@id\":\"https:\\\/\\\/marktxxl.de\\\/markt\\\/produkt\\\/readylift-69-4510-smart-suspension-technology-lift-kit\\\/\",\"url\":\"https:\\\/\\\/marktxxl.de\\\/markt\\\/produkt\\\/readylift-69-4510-smart-suspension-technology-lift-kit\\\/\",\"name\":\"Readylift 694510 69-4510 6,3 cm Smart Suspension Technology Lift Kit \u2013 Nissan Frontier\\\/Xterra\\\/Equator, silber, For Tires\u2026 - Markt-XXL\",\"isPartOf\":{\"@id\":\"https:\\\/\\\/marktxxl.de\\\/markt\\\/#website\"},\"primaryImageOfPage\":{\"@id\":\"https:\\\/\\\/marktxxl.de\\\/markt\\\/produkt\\\/readylift-69-4510-smart-suspension-technology-lift-kit\\\/#primaryimage\"},\"image\":{\"@id\":\"https:\\\/\\\/marktxxl.de\\\/markt\\\/produkt\\\/readylift-69-4510-smart-suspension-technology-lift-kit\\\/#primaryimage\"},\"thumbnailUrl\":\"https:\\\/\\\/m.media-amazon.com\\\/images\\\/I\\\/41bQyqp1cCL._SL500_.jpg\",\"datePublished\":\"2021-11-12T01:24:32+00:00\",\"dateModified\":\"2023-04-11T00:38:22+00:00\",\"description\":\"Markt-XXL Readylift 694510 69-4510 6,3 cm Smart Suspension Technology Lift Kit \u2013 Nissan Frontier\\\/Xterra\\\/Equator, silber, For Tires\u2026\",\"breadcrumb\":{\"@id\":\"https:\\\/\\\/marktxxl.de\\\/markt\\\/produkt\\\/readylift-69-4510-smart-suspension-technology-lift-kit\\\/#breadcrumb\"},\"inLanguage\":\"de\",\"potentialAction\":[{\"@type\":\"ReadAction\",\"target\":[\"https:\\\/\\\/marktxxl.de\\\/markt\\\/produkt\\\/readylift-69-4510-smart-suspension-technology-lift-kit\\\/\"]}]},{\"@type\":\"ImageObject\",\"inLanguage\":\"de\",\"@id\":\"https:\\\/\\\/marktxxl.de\\\/markt\\\/produkt\\\/readylift-69-4510-smart-suspension-technology-lift-kit\\\/#primaryimage\",\"url\":\"https:\\\/\\\/m.media-amazon.com\\\/images\\\/I\\\/41bQyqp1cCL._SL500_.jpg\",\"contentUrl\":\"https:\\\/\\\/m.media-amazon.com\\\/images\\\/I\\\/41bQyqp1cCL._SL500_.jpg\",\"width\":381,\"height\":330},{\"@type\":\"BreadcrumbList\",\"@id\":\"https:\\\/\\\/marktxxl.de\\\/markt\\\/produkt\\\/readylift-69-4510-smart-suspension-technology-lift-kit\\\/#breadcrumb\",\"itemListElement\":[{\"@type\":\"ListItem\",\"position\":1,\"name\":\"Startseite\",\"item\":\"https:\\\/\\\/marktxxl.de\\\/markt\\\/\"},{\"@type\":\"ListItem\",\"position\":2,\"name\":\"Markt\",\"item\":\"https:\\\/\\\/marktxxl.de\\\/markt\\\/\"},{\"@type\":\"ListItem\",\"position\":3,\"name\":\"Readylift 694510 69-4510 6,3 cm Smart Suspension Technology Lift Kit \u2013 Nissan Frontier\\\/Xterra\\\/Equator, silber, For Tires\u2026\"}]},{\"@type\":\"WebSite\",\"@id\":\"https:\\\/\\\/marktxxl.de\\\/markt\\\/#website\",\"url\":\"https:\\\/\\\/marktxxl.de\\\/markt\\\/\",\"name\":\"Markt-XXL\",\"description\":\"Ihr Markt Online\",\"publisher\":{\"@id\":\"https:\\\/\\\/marktxxl.de\\\/markt\\\/#organization\"},\"potentialAction\":[{\"@type\":\"SearchAction\",\"target\":{\"@type\":\"EntryPoint\",\"urlTemplate\":\"https:\\\/\\\/marktxxl.de\\\/markt\\\/?s={search_term_string}\"},\"query-input\":{\"@type\":\"PropertyValueSpecification\",\"valueRequired\":true,\"valueName\":\"search_term_string\"}}],\"inLanguage\":\"de\"},{\"@type\":\"Organization\",\"@id\":\"https:\\\/\\\/marktxxl.de\\\/markt\\\/#organization\",\"name\":\"Markt-XXL\",\"url\":\"https:\\\/\\\/marktxxl.de\\\/markt\\\/\",\"logo\":{\"@type\":\"ImageObject\",\"inLanguage\":\"de\",\"@id\":\"https:\\\/\\\/marktxxl.de\\\/markt\\\/#\\\/schema\\\/logo\\\/image\\\/\",\"url\":\"https:\\\/\\\/marktxxl.de\\\/markt\\\/wp-content\\\/uploads\\\/sites\\\/3\\\/2020\\\/12\\\/logo.png\",\"contentUrl\":\"https:\\\/\\\/marktxxl.de\\\/markt\\\/wp-content\\\/uploads\\\/sites\\\/3\\\/2020\\\/12\\\/logo.png\",\"width\":200,\"height\":70,\"caption\":\"Markt-XXL\"},\"image\":{\"@id\":\"https:\\\/\\\/marktxxl.de\\\/markt\\\/#\\\/schema\\\/logo\\\/image\\\/\"}}]}<\/script>\n<!-- \/ Yoast SEO plugin. -->","yoast_head_json":{"title":"Readylift 694510 69-4510 6,3 cm Smart Suspension Technology Lift Kit \u2013 Nissan Frontier\/Xterra\/Equator, silber, For Tires\u2026 - Markt-XXL","description":"Markt-XXL Readylift 694510 69-4510 6,3 cm Smart Suspension Technology Lift Kit \u2013 Nissan Frontier\/Xterra\/Equator, silber, For Tires\u2026","robots":{"index":"index","follow":"follow","max-snippet":"max-snippet:-1","max-image-preview":"max-image-preview:large","max-video-preview":"max-video-preview:-1"},"canonical":"https:\/\/marktxxl.de\/markt\/produkt\/readylift-69-4510-smart-suspension-technology-lift-kit\/","og_locale":"de_DE","og_type":"article","og_title":"Readylift 694510 69-4510 6,3 cm Smart Suspension Technology Lift Kit \u2013 Nissan Frontier\/Xterra\/Equator, silber, For Tires\u2026 - Markt-XXL","og_description":"Markt-XXL Readylift 694510 69-4510 6,3 cm Smart Suspension Technology Lift Kit \u2013 Nissan Frontier\/Xterra\/Equator, silber, For Tires\u2026","og_url":"https:\/\/marktxxl.de\/markt\/produkt\/readylift-69-4510-smart-suspension-technology-lift-kit\/","og_site_name":"Markt-XXL","article_modified_time":"2023-04-11T00:38:22+00:00","og_image":[{"width":381,"height":330,"url":"https:\/\/m.media-amazon.com\/images\/I\/41bQyqp1cCL._SL500_.jpg","type":"image\/jpeg"}],"twitter_card":"summary_large_image","schema":{"@context":"https:\/\/schema.org","@graph":[{"@type":"WebPage","@id":"https:\/\/marktxxl.de\/markt\/produkt\/readylift-69-4510-smart-suspension-technology-lift-kit\/","url":"https:\/\/marktxxl.de\/markt\/produkt\/readylift-69-4510-smart-suspension-technology-lift-kit\/","name":"Readylift 694510 69-4510 6,3 cm Smart Suspension Technology Lift Kit \u2013 Nissan Frontier\/Xterra\/Equator, silber, For Tires\u2026 - Markt-XXL","isPartOf":{"@id":"https:\/\/marktxxl.de\/markt\/#website"},"primaryImageOfPage":{"@id":"https:\/\/marktxxl.de\/markt\/produkt\/readylift-69-4510-smart-suspension-technology-lift-kit\/#primaryimage"},"image":{"@id":"https:\/\/marktxxl.de\/markt\/produkt\/readylift-69-4510-smart-suspension-technology-lift-kit\/#primaryimage"},"thumbnailUrl":"https:\/\/m.media-amazon.com\/images\/I\/41bQyqp1cCL._SL500_.jpg","datePublished":"2021-11-12T01:24:32+00:00","dateModified":"2023-04-11T00:38:22+00:00","description":"Markt-XXL Readylift 694510 69-4510 6,3 cm Smart Suspension Technology Lift Kit \u2013 Nissan Frontier\/Xterra\/Equator, silber, For Tires\u2026","breadcrumb":{"@id":"https:\/\/marktxxl.de\/markt\/produkt\/readylift-69-4510-smart-suspension-technology-lift-kit\/#breadcrumb"},"inLanguage":"de","potentialAction":[{"@type":"ReadAction","target":["https:\/\/marktxxl.de\/markt\/produkt\/readylift-69-4510-smart-suspension-technology-lift-kit\/"]}]},{"@type":"ImageObject","inLanguage":"de","@id":"https:\/\/marktxxl.de\/markt\/produkt\/readylift-69-4510-smart-suspension-technology-lift-kit\/#primaryimage","url":"https:\/\/m.media-amazon.com\/images\/I\/41bQyqp1cCL._SL500_.jpg","contentUrl":"https:\/\/m.media-amazon.com\/images\/I\/41bQyqp1cCL._SL500_.jpg","width":381,"height":330},{"@type":"BreadcrumbList","@id":"https:\/\/marktxxl.de\/markt\/produkt\/readylift-69-4510-smart-suspension-technology-lift-kit\/#breadcrumb","itemListElement":[{"@type":"ListItem","position":1,"name":"Startseite","item":"https:\/\/marktxxl.de\/markt\/"},{"@type":"ListItem","position":2,"name":"Markt","item":"https:\/\/marktxxl.de\/markt\/"},{"@type":"ListItem","position":3,"name":"Readylift 694510 69-4510 6,3 cm Smart Suspension Technology Lift Kit \u2013 Nissan Frontier\/Xterra\/Equator, silber, For Tires\u2026"}]},{"@type":"WebSite","@id":"https:\/\/marktxxl.de\/markt\/#website","url":"https:\/\/marktxxl.de\/markt\/","name":"Markt-XXL","description":"Ihr Markt Online","publisher":{"@id":"https:\/\/marktxxl.de\/markt\/#organization"},"potentialAction":[{"@type":"SearchAction","target":{"@type":"EntryPoint","urlTemplate":"https:\/\/marktxxl.de\/markt\/?s={search_term_string}"},"query-input":{"@type":"PropertyValueSpecification","valueRequired":true,"valueName":"search_term_string"}}],"inLanguage":"de"},{"@type":"Organization","@id":"https:\/\/marktxxl.de\/markt\/#organization","name":"Markt-XXL","url":"https:\/\/marktxxl.de\/markt\/","logo":{"@type":"ImageObject","inLanguage":"de","@id":"https:\/\/marktxxl.de\/markt\/#\/schema\/logo\/image\/","url":"https:\/\/marktxxl.de\/markt\/wp-content\/uploads\/sites\/3\/2020\/12\/logo.png","contentUrl":"https:\/\/marktxxl.de\/markt\/wp-content\/uploads\/sites\/3\/2020\/12\/logo.png","width":200,"height":70,"caption":"Markt-XXL"},"image":{"@id":"https:\/\/marktxxl.de\/markt\/#\/schema\/logo\/image\/"}}]}},"_links":{"self":[{"href":"https:\/\/marktxxl.de\/markt\/wp-json\/wp\/v2\/product\/67316","targetHints":{"allow":["GET"]}}],"collection":[{"href":"https:\/\/marktxxl.de\/markt\/wp-json\/wp\/v2\/product"}],"about":[{"href":"https:\/\/marktxxl.de\/markt\/wp-json\/wp\/v2\/types\/product"}],"replies":[{"embeddable":true,"href":"https:\/\/marktxxl.de\/markt\/wp-json\/wp\/v2\/comments?post=67316"}],"wp:featuredmedia":[{"embeddable":true,"href":"https:\/\/marktxxl.de\/markt\/wp-json\/wp\/v2\/media\/67317"}],"wp:attachment":[{"href":"https:\/\/marktxxl.de\/markt\/wp-json\/wp\/v2\/media?parent=67316"}],"wp:term":[{"taxonomy":"product_brand","embeddable":true,"href":"https:\/\/marktxxl.de\/markt\/wp-json\/wp\/v2\/product_brand?post=67316"},{"taxonomy":"product_cat","embeddable":true,"href":"https:\/\/marktxxl.de\/markt\/wp-json\/wp\/v2\/product_cat?post=67316"},{"taxonomy":"product_tag","embeddable":true,"href":"https:\/\/marktxxl.de\/markt\/wp-json\/wp\/v2\/product_tag?post=67316"}],"curies":[{"name":"wp","href":"https:\/\/api.w.org\/{rel}","templated":true}]}}