{"id":67097,"date":"2021-11-12T02:07:01","date_gmt":"2021-11-12T01:07:01","guid":{"rendered":"https:\/\/marktxxl.de\/markt\/produkt\/smallshow-damen-umstandsmode-tops-seitlich-geraffte-schwangerschafts-umstandstop-3er-pack\/"},"modified":"2023-04-11T02:37:20","modified_gmt":"2023-04-11T00:37:20","slug":"smallshow-damen-umstandsmode-tops-seitlich-geraffte-schwangerschafts-umstandstop-3er-pack","status":"publish","type":"product","link":"https:\/\/marktxxl.de\/markt\/produkt\/smallshow-damen-umstandsmode-tops-seitlich-geraffte-schwangerschafts-umstandstop-3er-pack\/","title":{"rendered":"Smallshow Damen Umstandsmode Tops Seitlich Geraffte Schwangerschafts Umstandstop 3er Pack"},"content":{"rendered":"<p>Meterial: 93,1% Modal Rayon und 6,9% Elasthan. Die Stoffe sind sehr bequem und f\u00fcr die menschliche Haut geeignet.<br \/>\nFeatures: Rundhalsausschnitt, kurze \u00c4rmel, weicher Stoff, R\u00fcschen an den Seiten f\u00fcr mehr Bauchraum.<br \/>\nDie Falten auf beiden Seiten der Umstandshemden schmiegen sich gerade genug an Ihren Bauch und dehnen sich, um Ihrem wachsenden Bauch gerecht zu werden. Sie bieten gen\u00fcgend Platz, um die gesamte Schwangerschaft hindurch zu passen.<br \/>\nDie Mutterschafts-Shirts passen hervorragend zu Jeans, Leggings oder Hosen. Sie k\u00f6nnen zu jeder Jahreszeit getragen werden.<br \/>\nWaschpflege: Maschinenw\u00e4sche Kalt\/im Trockner bei niedriger Temperatur trocknen\/Nicht bleichen\/Bei niedriger Temperatur b\u00fcgeln.<br \/>\n<div class=\"main-cross-sell\" data-asin=\"B082SKKWM9\">\n\n\t<div class=\"WooZone-cross-sell-loader\">\n\t\t<div>\n\t\t\t<div id=\"floatingBarsG\">\n\t\t\t\t<div class=\"blockG\" id=\"rotateG_01\"><\/div>\n\t\t\t\t<div class=\"blockG\" id=\"rotateG_02\"><\/div>\n\t\t\t\t<div class=\"blockG\" id=\"rotateG_03\"><\/div>\n\t\t\t\t<div class=\"blockG\" id=\"rotateG_04\"><\/div>\n\t\t\t\t<div class=\"blockG\" id=\"rotateG_05\"><\/div>\n\t\t\t\t<div class=\"blockG\" id=\"rotateG_06\"><\/div>\n\t\t\t\t<div class=\"blockG\" id=\"rotateG_07\"><\/div>\n\t\t\t\t<div class=\"blockG\" id=\"rotateG_08\"><\/div>\n\t\t\t<\/div>\n\t\t\t<div class=\"WooZone-cross-sell-loader-text\"><\/div>\n\t\t<\/div>\n\t<\/div>\n\n\t\t\n<\/div>\n<div style=\"clear:both;\"><\/div><\/p>\n","protected":false},"excerpt":{"rendered":"<p>Meterial: 93,1% Modal Rayon und 6,9% Elasthan. Die Stoffe sind sehr bequem und f\u00fcr die menschliche Haut geeignet.<br \/>\nFeatures: Rundhalsausschnitt, kurze \u00c4rmel, weicher Stoff, R\u00fcschen an den Seiten f\u00fcr mehr Bauchraum.<br \/>\nDie Falten auf beiden Seiten der Umstandshemden schmiegen sich gerade genug an Ihren Bauch und dehnen sich, um Ihrem wachsenden Bauch gerecht zu werden. Sie bieten gen\u00fcgend Platz, um die gesamte Schwangerschaft hindurch zu passen.<\/p>\n","protected":false},"featured_media":67098,"comment_status":"open","ping_status":"closed","template":"","meta":[],"product_brand":[],"product_cat":[21,9478],"product_tag":[],"class_list":{"0":"post-67097","1":"product","2":"type-product","3":"status-publish","4":"has-post-thumbnail","6":"product_cat-baby","7":"product_cat-umstandskleidung-baby","8":"pa_binding-textilien","9":"pa_brand-smallshow","11":"first","12":"instock","13":"shipping-taxable","14":"purchasable","15":"product-type-simple","16":"customify-col","17":"product-has-gallery"},"yoast_head":"<!-- This site is optimized with the Yoast SEO plugin v27.4 - https:\/\/yoast.com\/product\/yoast-seo-wordpress\/ -->\n<title>Smallshow Damen Umstandsmode Tops Seitlich Geraffte Schwangerschafts Umstandstop 3er Pack - Markt-XXL<\/title>\n<meta name=\"description\" content=\"Markt-XXL Smallshow Damen Umstandsmode Tops Seitlich Geraffte Schwangerschafts Umstandstop 3er Pack\" \/>\n<meta name=\"robots\" content=\"index, follow, max-snippet:-1, max-image-preview:large, max-video-preview:-1\" \/>\n<link rel=\"canonical\" href=\"https:\/\/marktxxl.de\/markt\/produkt\/smallshow-damen-umstandsmode-tops-seitlich-geraffte-schwangerschafts-umstandstop-3er-pack\/\" \/>\n<meta property=\"og:locale\" content=\"de_DE\" \/>\n<meta property=\"og:type\" content=\"article\" \/>\n<meta property=\"og:title\" content=\"Smallshow Damen Umstandsmode Tops Seitlich Geraffte Schwangerschafts Umstandstop 3er Pack - Markt-XXL\" \/>\n<meta property=\"og:description\" content=\"Markt-XXL Smallshow Damen Umstandsmode Tops Seitlich Geraffte Schwangerschafts Umstandstop 3er Pack\" \/>\n<meta property=\"og:url\" content=\"https:\/\/marktxxl.de\/markt\/produkt\/smallshow-damen-umstandsmode-tops-seitlich-geraffte-schwangerschafts-umstandstop-3er-pack\/\" \/>\n<meta property=\"og:site_name\" content=\"Markt-XXL\" \/>\n<meta property=\"article:modified_time\" content=\"2023-04-11T00:37:20+00:00\" \/>\n<meta property=\"og:image\" content=\"https:\/\/m.media-amazon.com\/images\/I\/51w1DmmZNWL._SL500_.jpg\" \/>\n\t<meta property=\"og:image:width\" content=\"500\" \/>\n\t<meta property=\"og:image:height\" content=\"474\" \/>\n\t<meta property=\"og:image:type\" content=\"image\/jpeg\" \/>\n<meta name=\"twitter:card\" content=\"summary_large_image\" \/>\n<meta name=\"twitter:label1\" content=\"Gesch\u00e4tzte Lesezeit\" \/>\n\t<meta name=\"twitter:data1\" content=\"1\u00a0Minute\" \/>\n<script type=\"application\/ld+json\" class=\"yoast-schema-graph\">{\"@context\":\"https:\\\/\\\/schema.org\",\"@graph\":[{\"@type\":\"WebPage\",\"@id\":\"https:\\\/\\\/marktxxl.de\\\/markt\\\/produkt\\\/smallshow-damen-umstandsmode-tops-seitlich-geraffte-schwangerschafts-umstandstop-3er-pack\\\/\",\"url\":\"https:\\\/\\\/marktxxl.de\\\/markt\\\/produkt\\\/smallshow-damen-umstandsmode-tops-seitlich-geraffte-schwangerschafts-umstandstop-3er-pack\\\/\",\"name\":\"Smallshow Damen Umstandsmode Tops Seitlich Geraffte Schwangerschafts Umstandstop 3er Pack - Markt-XXL\",\"isPartOf\":{\"@id\":\"https:\\\/\\\/marktxxl.de\\\/markt\\\/#website\"},\"primaryImageOfPage\":{\"@id\":\"https:\\\/\\\/marktxxl.de\\\/markt\\\/produkt\\\/smallshow-damen-umstandsmode-tops-seitlich-geraffte-schwangerschafts-umstandstop-3er-pack\\\/#primaryimage\"},\"image\":{\"@id\":\"https:\\\/\\\/marktxxl.de\\\/markt\\\/produkt\\\/smallshow-damen-umstandsmode-tops-seitlich-geraffte-schwangerschafts-umstandstop-3er-pack\\\/#primaryimage\"},\"thumbnailUrl\":\"https:\\\/\\\/m.media-amazon.com\\\/images\\\/I\\\/51w1DmmZNWL._SL500_.jpg\",\"datePublished\":\"2021-11-12T01:07:01+00:00\",\"dateModified\":\"2023-04-11T00:37:20+00:00\",\"description\":\"Markt-XXL Smallshow Damen Umstandsmode Tops Seitlich Geraffte Schwangerschafts Umstandstop 3er Pack\",\"breadcrumb\":{\"@id\":\"https:\\\/\\\/marktxxl.de\\\/markt\\\/produkt\\\/smallshow-damen-umstandsmode-tops-seitlich-geraffte-schwangerschafts-umstandstop-3er-pack\\\/#breadcrumb\"},\"inLanguage\":\"de\",\"potentialAction\":[{\"@type\":\"ReadAction\",\"target\":[\"https:\\\/\\\/marktxxl.de\\\/markt\\\/produkt\\\/smallshow-damen-umstandsmode-tops-seitlich-geraffte-schwangerschafts-umstandstop-3er-pack\\\/\"]}]},{\"@type\":\"ImageObject\",\"inLanguage\":\"de\",\"@id\":\"https:\\\/\\\/marktxxl.de\\\/markt\\\/produkt\\\/smallshow-damen-umstandsmode-tops-seitlich-geraffte-schwangerschafts-umstandstop-3er-pack\\\/#primaryimage\",\"url\":\"https:\\\/\\\/m.media-amazon.com\\\/images\\\/I\\\/51w1DmmZNWL._SL500_.jpg\",\"contentUrl\":\"https:\\\/\\\/m.media-amazon.com\\\/images\\\/I\\\/51w1DmmZNWL._SL500_.jpg\",\"width\":500,\"height\":474},{\"@type\":\"BreadcrumbList\",\"@id\":\"https:\\\/\\\/marktxxl.de\\\/markt\\\/produkt\\\/smallshow-damen-umstandsmode-tops-seitlich-geraffte-schwangerschafts-umstandstop-3er-pack\\\/#breadcrumb\",\"itemListElement\":[{\"@type\":\"ListItem\",\"position\":1,\"name\":\"Startseite\",\"item\":\"https:\\\/\\\/marktxxl.de\\\/markt\\\/\"},{\"@type\":\"ListItem\",\"position\":2,\"name\":\"Markt\",\"item\":\"https:\\\/\\\/marktxxl.de\\\/markt\\\/\"},{\"@type\":\"ListItem\",\"position\":3,\"name\":\"Smallshow Damen Umstandsmode Tops Seitlich Geraffte Schwangerschafts Umstandstop 3er Pack\"}]},{\"@type\":\"WebSite\",\"@id\":\"https:\\\/\\\/marktxxl.de\\\/markt\\\/#website\",\"url\":\"https:\\\/\\\/marktxxl.de\\\/markt\\\/\",\"name\":\"Markt-XXL\",\"description\":\"Ihr Markt Online\",\"publisher\":{\"@id\":\"https:\\\/\\\/marktxxl.de\\\/markt\\\/#organization\"},\"potentialAction\":[{\"@type\":\"SearchAction\",\"target\":{\"@type\":\"EntryPoint\",\"urlTemplate\":\"https:\\\/\\\/marktxxl.de\\\/markt\\\/?s={search_term_string}\"},\"query-input\":{\"@type\":\"PropertyValueSpecification\",\"valueRequired\":true,\"valueName\":\"search_term_string\"}}],\"inLanguage\":\"de\"},{\"@type\":\"Organization\",\"@id\":\"https:\\\/\\\/marktxxl.de\\\/markt\\\/#organization\",\"name\":\"Markt-XXL\",\"url\":\"https:\\\/\\\/marktxxl.de\\\/markt\\\/\",\"logo\":{\"@type\":\"ImageObject\",\"inLanguage\":\"de\",\"@id\":\"https:\\\/\\\/marktxxl.de\\\/markt\\\/#\\\/schema\\\/logo\\\/image\\\/\",\"url\":\"https:\\\/\\\/marktxxl.de\\\/markt\\\/wp-content\\\/uploads\\\/sites\\\/3\\\/2020\\\/12\\\/logo.png\",\"contentUrl\":\"https:\\\/\\\/marktxxl.de\\\/markt\\\/wp-content\\\/uploads\\\/sites\\\/3\\\/2020\\\/12\\\/logo.png\",\"width\":200,\"height\":70,\"caption\":\"Markt-XXL\"},\"image\":{\"@id\":\"https:\\\/\\\/marktxxl.de\\\/markt\\\/#\\\/schema\\\/logo\\\/image\\\/\"}}]}<\/script>\n<!-- \/ Yoast SEO plugin. -->","yoast_head_json":{"title":"Smallshow Damen Umstandsmode Tops Seitlich Geraffte Schwangerschafts Umstandstop 3er Pack - Markt-XXL","description":"Markt-XXL Smallshow Damen Umstandsmode Tops Seitlich Geraffte Schwangerschafts Umstandstop 3er Pack","robots":{"index":"index","follow":"follow","max-snippet":"max-snippet:-1","max-image-preview":"max-image-preview:large","max-video-preview":"max-video-preview:-1"},"canonical":"https:\/\/marktxxl.de\/markt\/produkt\/smallshow-damen-umstandsmode-tops-seitlich-geraffte-schwangerschafts-umstandstop-3er-pack\/","og_locale":"de_DE","og_type":"article","og_title":"Smallshow Damen Umstandsmode Tops Seitlich Geraffte Schwangerschafts Umstandstop 3er Pack - Markt-XXL","og_description":"Markt-XXL Smallshow Damen Umstandsmode Tops Seitlich Geraffte Schwangerschafts Umstandstop 3er Pack","og_url":"https:\/\/marktxxl.de\/markt\/produkt\/smallshow-damen-umstandsmode-tops-seitlich-geraffte-schwangerschafts-umstandstop-3er-pack\/","og_site_name":"Markt-XXL","article_modified_time":"2023-04-11T00:37:20+00:00","og_image":[{"width":500,"height":474,"url":"https:\/\/m.media-amazon.com\/images\/I\/51w1DmmZNWL._SL500_.jpg","type":"image\/jpeg"}],"twitter_card":"summary_large_image","twitter_misc":{"Gesch\u00e4tzte Lesezeit":"1\u00a0Minute"},"schema":{"@context":"https:\/\/schema.org","@graph":[{"@type":"WebPage","@id":"https:\/\/marktxxl.de\/markt\/produkt\/smallshow-damen-umstandsmode-tops-seitlich-geraffte-schwangerschafts-umstandstop-3er-pack\/","url":"https:\/\/marktxxl.de\/markt\/produkt\/smallshow-damen-umstandsmode-tops-seitlich-geraffte-schwangerschafts-umstandstop-3er-pack\/","name":"Smallshow Damen Umstandsmode Tops Seitlich Geraffte Schwangerschafts Umstandstop 3er Pack - Markt-XXL","isPartOf":{"@id":"https:\/\/marktxxl.de\/markt\/#website"},"primaryImageOfPage":{"@id":"https:\/\/marktxxl.de\/markt\/produkt\/smallshow-damen-umstandsmode-tops-seitlich-geraffte-schwangerschafts-umstandstop-3er-pack\/#primaryimage"},"image":{"@id":"https:\/\/marktxxl.de\/markt\/produkt\/smallshow-damen-umstandsmode-tops-seitlich-geraffte-schwangerschafts-umstandstop-3er-pack\/#primaryimage"},"thumbnailUrl":"https:\/\/m.media-amazon.com\/images\/I\/51w1DmmZNWL._SL500_.jpg","datePublished":"2021-11-12T01:07:01+00:00","dateModified":"2023-04-11T00:37:20+00:00","description":"Markt-XXL Smallshow Damen Umstandsmode Tops Seitlich Geraffte Schwangerschafts Umstandstop 3er Pack","breadcrumb":{"@id":"https:\/\/marktxxl.de\/markt\/produkt\/smallshow-damen-umstandsmode-tops-seitlich-geraffte-schwangerschafts-umstandstop-3er-pack\/#breadcrumb"},"inLanguage":"de","potentialAction":[{"@type":"ReadAction","target":["https:\/\/marktxxl.de\/markt\/produkt\/smallshow-damen-umstandsmode-tops-seitlich-geraffte-schwangerschafts-umstandstop-3er-pack\/"]}]},{"@type":"ImageObject","inLanguage":"de","@id":"https:\/\/marktxxl.de\/markt\/produkt\/smallshow-damen-umstandsmode-tops-seitlich-geraffte-schwangerschafts-umstandstop-3er-pack\/#primaryimage","url":"https:\/\/m.media-amazon.com\/images\/I\/51w1DmmZNWL._SL500_.jpg","contentUrl":"https:\/\/m.media-amazon.com\/images\/I\/51w1DmmZNWL._SL500_.jpg","width":500,"height":474},{"@type":"BreadcrumbList","@id":"https:\/\/marktxxl.de\/markt\/produkt\/smallshow-damen-umstandsmode-tops-seitlich-geraffte-schwangerschafts-umstandstop-3er-pack\/#breadcrumb","itemListElement":[{"@type":"ListItem","position":1,"name":"Startseite","item":"https:\/\/marktxxl.de\/markt\/"},{"@type":"ListItem","position":2,"name":"Markt","item":"https:\/\/marktxxl.de\/markt\/"},{"@type":"ListItem","position":3,"name":"Smallshow Damen Umstandsmode Tops Seitlich Geraffte Schwangerschafts Umstandstop 3er Pack"}]},{"@type":"WebSite","@id":"https:\/\/marktxxl.de\/markt\/#website","url":"https:\/\/marktxxl.de\/markt\/","name":"Markt-XXL","description":"Ihr Markt Online","publisher":{"@id":"https:\/\/marktxxl.de\/markt\/#organization"},"potentialAction":[{"@type":"SearchAction","target":{"@type":"EntryPoint","urlTemplate":"https:\/\/marktxxl.de\/markt\/?s={search_term_string}"},"query-input":{"@type":"PropertyValueSpecification","valueRequired":true,"valueName":"search_term_string"}}],"inLanguage":"de"},{"@type":"Organization","@id":"https:\/\/marktxxl.de\/markt\/#organization","name":"Markt-XXL","url":"https:\/\/marktxxl.de\/markt\/","logo":{"@type":"ImageObject","inLanguage":"de","@id":"https:\/\/marktxxl.de\/markt\/#\/schema\/logo\/image\/","url":"https:\/\/marktxxl.de\/markt\/wp-content\/uploads\/sites\/3\/2020\/12\/logo.png","contentUrl":"https:\/\/marktxxl.de\/markt\/wp-content\/uploads\/sites\/3\/2020\/12\/logo.png","width":200,"height":70,"caption":"Markt-XXL"},"image":{"@id":"https:\/\/marktxxl.de\/markt\/#\/schema\/logo\/image\/"}}]}},"_links":{"self":[{"href":"https:\/\/marktxxl.de\/markt\/wp-json\/wp\/v2\/product\/67097","targetHints":{"allow":["GET"]}}],"collection":[{"href":"https:\/\/marktxxl.de\/markt\/wp-json\/wp\/v2\/product"}],"about":[{"href":"https:\/\/marktxxl.de\/markt\/wp-json\/wp\/v2\/types\/product"}],"replies":[{"embeddable":true,"href":"https:\/\/marktxxl.de\/markt\/wp-json\/wp\/v2\/comments?post=67097"}],"wp:featuredmedia":[{"embeddable":true,"href":"https:\/\/marktxxl.de\/markt\/wp-json\/wp\/v2\/media\/67098"}],"wp:attachment":[{"href":"https:\/\/marktxxl.de\/markt\/wp-json\/wp\/v2\/media?parent=67097"}],"wp:term":[{"taxonomy":"product_brand","embeddable":true,"href":"https:\/\/marktxxl.de\/markt\/wp-json\/wp\/v2\/product_brand?post=67097"},{"taxonomy":"product_cat","embeddable":true,"href":"https:\/\/marktxxl.de\/markt\/wp-json\/wp\/v2\/product_cat?post=67097"},{"taxonomy":"product_tag","embeddable":true,"href":"https:\/\/marktxxl.de\/markt\/wp-json\/wp\/v2\/product_tag?post=67097"}],"curies":[{"name":"wp","href":"https:\/\/api.w.org\/{rel}","templated":true}]}}