{"id":67070,"date":"2021-11-12T02:06:43","date_gmt":"2021-11-12T01:06:43","guid":{"rendered":"https:\/\/marktxxl.de\/markt\/produkt\/odosalii-unterhose-fuer-damen-unterhose-fuer-schwangere-nach-der-geburt-unterwaesche\/"},"modified":"2023-04-11T02:37:20","modified_gmt":"2023-04-11T00:37:20","slug":"odosalii-unterhose-fuer-damen-unterhose-fuer-schwangere-nach-der-geburt-unterwaesche","status":"publish","type":"product","link":"https:\/\/marktxxl.de\/markt\/produkt\/odosalii-unterhose-fuer-damen-unterhose-fuer-schwangere-nach-der-geburt-unterwaesche\/","title":{"rendered":"Odosalii Damen Umstandsmode Niedrig-Taille Schwangerschaftsslip V-foermigen Baumwolle Schwangere Unterhose Mutterschaft\u2026"},"content":{"rendered":"<p>Material: 95% Baumwolle, 5% Elasthan, Schritt Innenfutter: 100% Baumwolle Bequem, weich, elastisch, passt gut und ohne Druck. Das Material besteht aus 95 % Baumwolle, 5 % Elasthan, was daf\u00fcr sorgt, dass dieser Slip elastischer und anschmiegsamer ist und sich nicht verformt.<br \/>\nLeichtes Innenfutter: Zwickel\/Schritt Futter aus 100% Baumwolle f\u00fcr Hygiene, wir w\u00e4hlen helle Farben f\u00fcr einfache Erkennung von ungew\u00f6hnlichen Entladungen.<br \/>\nLow Front Full Back: Frauen Baumwolle Mutterschaft Schwangere Slip Low Rise Mutterschaft Slip mit konturierter Taille passt direkt unter den Bump, wie eine Wiege. Gro\u00dfz\u00fcgige R\u00fcckseite mit vollst\u00e4ndiger Abdeckung auf der R\u00fcckseite. Das Design der niedrigen Vorderseite ist perfekt f\u00fcr den Abschnitt. Reizt Ihre empfindlichen Narben nicht.<br \/>\nAnlass: Diese Unterw\u00e4sche ist geeignet f\u00fcr Frauen, Damen, M\u00e4dchen und sogar Mutterschaft, Schwangere Frauen. Perfekt und bequem f\u00fcr Krankenhaus-Tasche, tragen Sie sie wie normale Baumwoll-H\u00f6schen nach der Lieferung. Perfekt f\u00fcr die gesunde Pflege<br \/>\nZUFRIEDENHEITSGARANTIE: Sollten Sie mit unseren Produkten nicht 100% zufrieden sein, kontaktieren Sie uns bitte \u00fcber die Bestellseite f\u00fcr Umtausch oder R\u00fcckerstattung<br \/>\n<div class=\"main-cross-sell\" data-asin=\"B07J224GGM\">\n\n\t<div class=\"WooZone-cross-sell-loader\">\n\t\t<div>\n\t\t\t<div id=\"floatingBarsG\">\n\t\t\t\t<div class=\"blockG\" id=\"rotateG_01\"><\/div>\n\t\t\t\t<div class=\"blockG\" id=\"rotateG_02\"><\/div>\n\t\t\t\t<div class=\"blockG\" id=\"rotateG_03\"><\/div>\n\t\t\t\t<div class=\"blockG\" id=\"rotateG_04\"><\/div>\n\t\t\t\t<div class=\"blockG\" id=\"rotateG_05\"><\/div>\n\t\t\t\t<div class=\"blockG\" id=\"rotateG_06\"><\/div>\n\t\t\t\t<div class=\"blockG\" id=\"rotateG_07\"><\/div>\n\t\t\t\t<div class=\"blockG\" id=\"rotateG_08\"><\/div>\n\t\t\t<\/div>\n\t\t\t<div class=\"WooZone-cross-sell-loader-text\"><\/div>\n\t\t<\/div>\n\t<\/div>\n\n\t\t\n<\/div>\n<div style=\"clear:both;\"><\/div><\/p>\n","protected":false},"excerpt":{"rendered":"<p>Material: 95% Baumwolle, 5% Elasthan, Schritt Innenfutter: 100% Baumwolle Bequem, weich, elastisch, passt gut und ohne Druck. Das Material besteht aus 95 % Baumwolle, 5 % Elasthan, was daf\u00fcr sorgt, dass dieser Slip elastischer und anschmiegsamer ist und sich nicht verformt.<br \/>\nLeichtes Innenfutter: Zwickel\/Schritt Futter aus 100% Baumwolle f\u00fcr Hygiene, wir w\u00e4hlen helle Farben f\u00fcr einfache Erkennung von ungew\u00f6hnlichen Entladungen.<br \/>\nLow Front Full Back: Frauen Baumwolle Mutterschaft Schwangere Slip Low Rise Mutterschaft Slip mit konturierter Taille passt direkt unter den Bump, wie eine Wiege. Gro\u00dfz\u00fcgige R\u00fcckseite mit vollst\u00e4ndiger Abdeckung auf der R\u00fcckseite. Das Design der niedrigen Vorderseite ist perfekt f\u00fcr den Abschnitt. Reizt Ihre empfindlichen Narben nicht.<\/p>\n","protected":false},"featured_media":67071,"comment_status":"open","ping_status":"closed","template":"","meta":[],"product_brand":[],"product_cat":[21,9478],"product_tag":[],"class_list":{"0":"post-67070","1":"product","2":"type-product","3":"status-publish","4":"has-post-thumbnail","6":"product_cat-baby","7":"product_cat-umstandskleidung-baby","8":"pa_binding-textilien","9":"pa_brand-odosalii","11":"first","12":"instock","13":"shipping-taxable","14":"purchasable","15":"product-type-simple","16":"customify-col","17":"product-has-gallery"},"yoast_head":"<!-- This site is optimized with the Yoast SEO plugin v27.4 - https:\/\/yoast.com\/product\/yoast-seo-wordpress\/ -->\n<title>Odosalii Damen Umstandsmode Niedrig-Taille Schwangerschaftsslip V-foermigen Baumwolle Schwangere Unterhose Mutterschaft\u2026 - Markt-XXL<\/title>\n<meta name=\"description\" content=\"Markt-XXL Odosalii Damen Umstandsmode Niedrig-Taille Schwangerschaftsslip V-foermigen Baumwolle Schwangere Unterhose Mutterschaft\u2026\" \/>\n<meta name=\"robots\" content=\"index, follow, max-snippet:-1, max-image-preview:large, max-video-preview:-1\" \/>\n<link rel=\"canonical\" href=\"https:\/\/marktxxl.de\/markt\/produkt\/odosalii-unterhose-fuer-damen-unterhose-fuer-schwangere-nach-der-geburt-unterwaesche\/\" \/>\n<meta property=\"og:locale\" content=\"de_DE\" \/>\n<meta property=\"og:type\" content=\"article\" \/>\n<meta property=\"og:title\" content=\"Odosalii Damen Umstandsmode Niedrig-Taille Schwangerschaftsslip V-foermigen Baumwolle Schwangere Unterhose Mutterschaft\u2026 - Markt-XXL\" \/>\n<meta property=\"og:description\" content=\"Markt-XXL Odosalii Damen Umstandsmode Niedrig-Taille Schwangerschaftsslip V-foermigen Baumwolle Schwangere Unterhose Mutterschaft\u2026\" \/>\n<meta property=\"og:url\" content=\"https:\/\/marktxxl.de\/markt\/produkt\/odosalii-unterhose-fuer-damen-unterhose-fuer-schwangere-nach-der-geburt-unterwaesche\/\" \/>\n<meta property=\"og:site_name\" content=\"Markt-XXL\" \/>\n<meta property=\"article:modified_time\" content=\"2023-04-11T00:37:20+00:00\" \/>\n<meta property=\"og:image\" content=\"https:\/\/m.media-amazon.com\/images\/I\/41SK5H99wUL._SL500_.jpg\" \/>\n\t<meta property=\"og:image:width\" content=\"474\" \/>\n\t<meta property=\"og:image:height\" content=\"500\" \/>\n\t<meta property=\"og:image:type\" content=\"image\/jpeg\" \/>\n<meta name=\"twitter:card\" content=\"summary_large_image\" \/>\n<meta name=\"twitter:label1\" content=\"Gesch\u00e4tzte Lesezeit\" \/>\n\t<meta name=\"twitter:data1\" content=\"1\u00a0Minute\" \/>\n<script type=\"application\/ld+json\" class=\"yoast-schema-graph\">{\"@context\":\"https:\\\/\\\/schema.org\",\"@graph\":[{\"@type\":\"WebPage\",\"@id\":\"https:\\\/\\\/marktxxl.de\\\/markt\\\/produkt\\\/odosalii-unterhose-fuer-damen-unterhose-fuer-schwangere-nach-der-geburt-unterwaesche\\\/\",\"url\":\"https:\\\/\\\/marktxxl.de\\\/markt\\\/produkt\\\/odosalii-unterhose-fuer-damen-unterhose-fuer-schwangere-nach-der-geburt-unterwaesche\\\/\",\"name\":\"Odosalii Damen Umstandsmode Niedrig-Taille Schwangerschaftsslip V-foermigen Baumwolle Schwangere Unterhose Mutterschaft\u2026 - Markt-XXL\",\"isPartOf\":{\"@id\":\"https:\\\/\\\/marktxxl.de\\\/markt\\\/#website\"},\"primaryImageOfPage\":{\"@id\":\"https:\\\/\\\/marktxxl.de\\\/markt\\\/produkt\\\/odosalii-unterhose-fuer-damen-unterhose-fuer-schwangere-nach-der-geburt-unterwaesche\\\/#primaryimage\"},\"image\":{\"@id\":\"https:\\\/\\\/marktxxl.de\\\/markt\\\/produkt\\\/odosalii-unterhose-fuer-damen-unterhose-fuer-schwangere-nach-der-geburt-unterwaesche\\\/#primaryimage\"},\"thumbnailUrl\":\"https:\\\/\\\/m.media-amazon.com\\\/images\\\/I\\\/41SK5H99wUL._SL500_.jpg\",\"datePublished\":\"2021-11-12T01:06:43+00:00\",\"dateModified\":\"2023-04-11T00:37:20+00:00\",\"description\":\"Markt-XXL Odosalii Damen Umstandsmode Niedrig-Taille Schwangerschaftsslip V-foermigen Baumwolle Schwangere Unterhose Mutterschaft\u2026\",\"breadcrumb\":{\"@id\":\"https:\\\/\\\/marktxxl.de\\\/markt\\\/produkt\\\/odosalii-unterhose-fuer-damen-unterhose-fuer-schwangere-nach-der-geburt-unterwaesche\\\/#breadcrumb\"},\"inLanguage\":\"de\",\"potentialAction\":[{\"@type\":\"ReadAction\",\"target\":[\"https:\\\/\\\/marktxxl.de\\\/markt\\\/produkt\\\/odosalii-unterhose-fuer-damen-unterhose-fuer-schwangere-nach-der-geburt-unterwaesche\\\/\"]}]},{\"@type\":\"ImageObject\",\"inLanguage\":\"de\",\"@id\":\"https:\\\/\\\/marktxxl.de\\\/markt\\\/produkt\\\/odosalii-unterhose-fuer-damen-unterhose-fuer-schwangere-nach-der-geburt-unterwaesche\\\/#primaryimage\",\"url\":\"https:\\\/\\\/m.media-amazon.com\\\/images\\\/I\\\/41SK5H99wUL._SL500_.jpg\",\"contentUrl\":\"https:\\\/\\\/m.media-amazon.com\\\/images\\\/I\\\/41SK5H99wUL._SL500_.jpg\",\"width\":474,\"height\":500},{\"@type\":\"BreadcrumbList\",\"@id\":\"https:\\\/\\\/marktxxl.de\\\/markt\\\/produkt\\\/odosalii-unterhose-fuer-damen-unterhose-fuer-schwangere-nach-der-geburt-unterwaesche\\\/#breadcrumb\",\"itemListElement\":[{\"@type\":\"ListItem\",\"position\":1,\"name\":\"Startseite\",\"item\":\"https:\\\/\\\/marktxxl.de\\\/markt\\\/\"},{\"@type\":\"ListItem\",\"position\":2,\"name\":\"Markt\",\"item\":\"https:\\\/\\\/marktxxl.de\\\/markt\\\/\"},{\"@type\":\"ListItem\",\"position\":3,\"name\":\"Odosalii Damen Umstandsmode Niedrig-Taille Schwangerschaftsslip V-foermigen Baumwolle Schwangere Unterhose Mutterschaft\u2026\"}]},{\"@type\":\"WebSite\",\"@id\":\"https:\\\/\\\/marktxxl.de\\\/markt\\\/#website\",\"url\":\"https:\\\/\\\/marktxxl.de\\\/markt\\\/\",\"name\":\"Markt-XXL\",\"description\":\"Ihr Markt Online\",\"publisher\":{\"@id\":\"https:\\\/\\\/marktxxl.de\\\/markt\\\/#organization\"},\"potentialAction\":[{\"@type\":\"SearchAction\",\"target\":{\"@type\":\"EntryPoint\",\"urlTemplate\":\"https:\\\/\\\/marktxxl.de\\\/markt\\\/?s={search_term_string}\"},\"query-input\":{\"@type\":\"PropertyValueSpecification\",\"valueRequired\":true,\"valueName\":\"search_term_string\"}}],\"inLanguage\":\"de\"},{\"@type\":\"Organization\",\"@id\":\"https:\\\/\\\/marktxxl.de\\\/markt\\\/#organization\",\"name\":\"Markt-XXL\",\"url\":\"https:\\\/\\\/marktxxl.de\\\/markt\\\/\",\"logo\":{\"@type\":\"ImageObject\",\"inLanguage\":\"de\",\"@id\":\"https:\\\/\\\/marktxxl.de\\\/markt\\\/#\\\/schema\\\/logo\\\/image\\\/\",\"url\":\"https:\\\/\\\/marktxxl.de\\\/markt\\\/wp-content\\\/uploads\\\/sites\\\/3\\\/2020\\\/12\\\/logo.png\",\"contentUrl\":\"https:\\\/\\\/marktxxl.de\\\/markt\\\/wp-content\\\/uploads\\\/sites\\\/3\\\/2020\\\/12\\\/logo.png\",\"width\":200,\"height\":70,\"caption\":\"Markt-XXL\"},\"image\":{\"@id\":\"https:\\\/\\\/marktxxl.de\\\/markt\\\/#\\\/schema\\\/logo\\\/image\\\/\"}}]}<\/script>\n<!-- \/ Yoast SEO plugin. -->","yoast_head_json":{"title":"Odosalii Damen Umstandsmode Niedrig-Taille Schwangerschaftsslip V-foermigen Baumwolle Schwangere Unterhose Mutterschaft\u2026 - Markt-XXL","description":"Markt-XXL Odosalii Damen Umstandsmode Niedrig-Taille Schwangerschaftsslip V-foermigen Baumwolle Schwangere Unterhose Mutterschaft\u2026","robots":{"index":"index","follow":"follow","max-snippet":"max-snippet:-1","max-image-preview":"max-image-preview:large","max-video-preview":"max-video-preview:-1"},"canonical":"https:\/\/marktxxl.de\/markt\/produkt\/odosalii-unterhose-fuer-damen-unterhose-fuer-schwangere-nach-der-geburt-unterwaesche\/","og_locale":"de_DE","og_type":"article","og_title":"Odosalii Damen Umstandsmode Niedrig-Taille Schwangerschaftsslip V-foermigen Baumwolle Schwangere Unterhose Mutterschaft\u2026 - Markt-XXL","og_description":"Markt-XXL Odosalii Damen Umstandsmode Niedrig-Taille Schwangerschaftsslip V-foermigen Baumwolle Schwangere Unterhose Mutterschaft\u2026","og_url":"https:\/\/marktxxl.de\/markt\/produkt\/odosalii-unterhose-fuer-damen-unterhose-fuer-schwangere-nach-der-geburt-unterwaesche\/","og_site_name":"Markt-XXL","article_modified_time":"2023-04-11T00:37:20+00:00","og_image":[{"width":474,"height":500,"url":"https:\/\/m.media-amazon.com\/images\/I\/41SK5H99wUL._SL500_.jpg","type":"image\/jpeg"}],"twitter_card":"summary_large_image","twitter_misc":{"Gesch\u00e4tzte Lesezeit":"1\u00a0Minute"},"schema":{"@context":"https:\/\/schema.org","@graph":[{"@type":"WebPage","@id":"https:\/\/marktxxl.de\/markt\/produkt\/odosalii-unterhose-fuer-damen-unterhose-fuer-schwangere-nach-der-geburt-unterwaesche\/","url":"https:\/\/marktxxl.de\/markt\/produkt\/odosalii-unterhose-fuer-damen-unterhose-fuer-schwangere-nach-der-geburt-unterwaesche\/","name":"Odosalii Damen Umstandsmode Niedrig-Taille Schwangerschaftsslip V-foermigen Baumwolle Schwangere Unterhose Mutterschaft\u2026 - Markt-XXL","isPartOf":{"@id":"https:\/\/marktxxl.de\/markt\/#website"},"primaryImageOfPage":{"@id":"https:\/\/marktxxl.de\/markt\/produkt\/odosalii-unterhose-fuer-damen-unterhose-fuer-schwangere-nach-der-geburt-unterwaesche\/#primaryimage"},"image":{"@id":"https:\/\/marktxxl.de\/markt\/produkt\/odosalii-unterhose-fuer-damen-unterhose-fuer-schwangere-nach-der-geburt-unterwaesche\/#primaryimage"},"thumbnailUrl":"https:\/\/m.media-amazon.com\/images\/I\/41SK5H99wUL._SL500_.jpg","datePublished":"2021-11-12T01:06:43+00:00","dateModified":"2023-04-11T00:37:20+00:00","description":"Markt-XXL Odosalii Damen Umstandsmode Niedrig-Taille Schwangerschaftsslip V-foermigen Baumwolle Schwangere Unterhose Mutterschaft\u2026","breadcrumb":{"@id":"https:\/\/marktxxl.de\/markt\/produkt\/odosalii-unterhose-fuer-damen-unterhose-fuer-schwangere-nach-der-geburt-unterwaesche\/#breadcrumb"},"inLanguage":"de","potentialAction":[{"@type":"ReadAction","target":["https:\/\/marktxxl.de\/markt\/produkt\/odosalii-unterhose-fuer-damen-unterhose-fuer-schwangere-nach-der-geburt-unterwaesche\/"]}]},{"@type":"ImageObject","inLanguage":"de","@id":"https:\/\/marktxxl.de\/markt\/produkt\/odosalii-unterhose-fuer-damen-unterhose-fuer-schwangere-nach-der-geburt-unterwaesche\/#primaryimage","url":"https:\/\/m.media-amazon.com\/images\/I\/41SK5H99wUL._SL500_.jpg","contentUrl":"https:\/\/m.media-amazon.com\/images\/I\/41SK5H99wUL._SL500_.jpg","width":474,"height":500},{"@type":"BreadcrumbList","@id":"https:\/\/marktxxl.de\/markt\/produkt\/odosalii-unterhose-fuer-damen-unterhose-fuer-schwangere-nach-der-geburt-unterwaesche\/#breadcrumb","itemListElement":[{"@type":"ListItem","position":1,"name":"Startseite","item":"https:\/\/marktxxl.de\/markt\/"},{"@type":"ListItem","position":2,"name":"Markt","item":"https:\/\/marktxxl.de\/markt\/"},{"@type":"ListItem","position":3,"name":"Odosalii Damen Umstandsmode Niedrig-Taille Schwangerschaftsslip V-foermigen Baumwolle Schwangere Unterhose Mutterschaft\u2026"}]},{"@type":"WebSite","@id":"https:\/\/marktxxl.de\/markt\/#website","url":"https:\/\/marktxxl.de\/markt\/","name":"Markt-XXL","description":"Ihr Markt Online","publisher":{"@id":"https:\/\/marktxxl.de\/markt\/#organization"},"potentialAction":[{"@type":"SearchAction","target":{"@type":"EntryPoint","urlTemplate":"https:\/\/marktxxl.de\/markt\/?s={search_term_string}"},"query-input":{"@type":"PropertyValueSpecification","valueRequired":true,"valueName":"search_term_string"}}],"inLanguage":"de"},{"@type":"Organization","@id":"https:\/\/marktxxl.de\/markt\/#organization","name":"Markt-XXL","url":"https:\/\/marktxxl.de\/markt\/","logo":{"@type":"ImageObject","inLanguage":"de","@id":"https:\/\/marktxxl.de\/markt\/#\/schema\/logo\/image\/","url":"https:\/\/marktxxl.de\/markt\/wp-content\/uploads\/sites\/3\/2020\/12\/logo.png","contentUrl":"https:\/\/marktxxl.de\/markt\/wp-content\/uploads\/sites\/3\/2020\/12\/logo.png","width":200,"height":70,"caption":"Markt-XXL"},"image":{"@id":"https:\/\/marktxxl.de\/markt\/#\/schema\/logo\/image\/"}}]}},"_links":{"self":[{"href":"https:\/\/marktxxl.de\/markt\/wp-json\/wp\/v2\/product\/67070","targetHints":{"allow":["GET"]}}],"collection":[{"href":"https:\/\/marktxxl.de\/markt\/wp-json\/wp\/v2\/product"}],"about":[{"href":"https:\/\/marktxxl.de\/markt\/wp-json\/wp\/v2\/types\/product"}],"replies":[{"embeddable":true,"href":"https:\/\/marktxxl.de\/markt\/wp-json\/wp\/v2\/comments?post=67070"}],"wp:featuredmedia":[{"embeddable":true,"href":"https:\/\/marktxxl.de\/markt\/wp-json\/wp\/v2\/media\/67071"}],"wp:attachment":[{"href":"https:\/\/marktxxl.de\/markt\/wp-json\/wp\/v2\/media?parent=67070"}],"wp:term":[{"taxonomy":"product_brand","embeddable":true,"href":"https:\/\/marktxxl.de\/markt\/wp-json\/wp\/v2\/product_brand?post=67070"},{"taxonomy":"product_cat","embeddable":true,"href":"https:\/\/marktxxl.de\/markt\/wp-json\/wp\/v2\/product_cat?post=67070"},{"taxonomy":"product_tag","embeddable":true,"href":"https:\/\/marktxxl.de\/markt\/wp-json\/wp\/v2\/product_tag?post=67070"}],"curies":[{"name":"wp","href":"https:\/\/api.w.org\/{rel}","templated":true}]}}