{"id":67050,"date":"2021-11-12T02:06:29","date_gmt":"2021-11-12T01:06:29","guid":{"rendered":"https:\/\/marktxxl.de\/markt\/produkt\/amposh-damen-umstandsmode-shapewear-nahtlose-hohe-taille-schwangerschaft-unterwaesche-mid-thigh-bauch-unterstuetzung-hoeschen\/"},"modified":"2023-04-11T02:37:19","modified_gmt":"2023-04-11T00:37:19","slug":"amposh-damen-umstandsmode-shapewear-nahtlose-hohe-taille-schwangerschaft-unterwaesche-mid-thigh-bauch-unterstuetzung-hoeschen","status":"publish","type":"product","link":"https:\/\/marktxxl.de\/markt\/produkt\/amposh-damen-umstandsmode-shapewear-nahtlose-hohe-taille-schwangerschaft-unterwaesche-mid-thigh-bauch-unterstuetzung-hoeschen\/","title":{"rendered":"AMPOSH Damen Schwangerschafts-Shapewear Nahtlose Hohe Taille Schwangerschaft Unterw\u00e4sche Mitte Oberschenkel Bauchst\u00fctze\u2026"},"content":{"rendered":"<p>Sch\u00f6ne Baby-Bumpen-Form: Das weiche und nahtlose Design hilft dabei, Ihren Bauch und R\u00fccken zu gl\u00e4tten, ohne sich aufzurollen. Unter Kleidern geschichtet, um Reibung am Oberschenkel zu verhindern, w\u00e4hrend es eine sch\u00f6ne Babybauchform h\u00e4lt.<br \/>\nSt\u00fctzendes Taillenband: Das verstellbare elastische Taillenband dr\u00fcckt Ihren Bauch nicht zu sehr, sondern gibt gerade genug entspannende und bequeme Unterst\u00fctzung f\u00fcr Ihren Bauch in allen Phasen der Schwangerschaft, mit Platz zum Wachsen.<br \/>\nDehnbares und atmungsaktives Material: 90 % Nylon, 10 % Elastan. Das bequeme Material ist dick genug, um langlebig zu sein, und d\u00fcnn genug, um im Sommer zu atmen.<br \/>\nVielseitige Anl\u00e4sse: Tragen Sie sie unter Kleidern oder R\u00f6cken f\u00fcr Babypartys, Geschlechtsoffenung, Mutterschaftsfotos, Hochzeiten, Geburtstagsfeiern und andere besondere Anl\u00e4sse.<br \/>\nS (0-6); M (8-12); L (14-18); XL (20-26)<br \/>\n<div class=\"main-cross-sell\" data-asin=\"B089LQ1XHS\">\n\n\t<div class=\"WooZone-cross-sell-loader\">\n\t\t<div>\n\t\t\t<div id=\"floatingBarsG\">\n\t\t\t\t<div class=\"blockG\" id=\"rotateG_01\"><\/div>\n\t\t\t\t<div class=\"blockG\" id=\"rotateG_02\"><\/div>\n\t\t\t\t<div class=\"blockG\" id=\"rotateG_03\"><\/div>\n\t\t\t\t<div class=\"blockG\" id=\"rotateG_04\"><\/div>\n\t\t\t\t<div class=\"blockG\" id=\"rotateG_05\"><\/div>\n\t\t\t\t<div class=\"blockG\" id=\"rotateG_06\"><\/div>\n\t\t\t\t<div class=\"blockG\" id=\"rotateG_07\"><\/div>\n\t\t\t\t<div class=\"blockG\" id=\"rotateG_08\"><\/div>\n\t\t\t<\/div>\n\t\t\t<div class=\"WooZone-cross-sell-loader-text\"><\/div>\n\t\t<\/div>\n\t<\/div>\n\n\t\t\n<\/div>\n<div style=\"clear:both;\"><\/div><\/p>\n","protected":false},"excerpt":{"rendered":"<p>Sch\u00f6ne Baby-Bumpen-Form: Das weiche und nahtlose Design hilft dabei, Ihren Bauch und R\u00fccken zu gl\u00e4tten, ohne sich aufzurollen. Unter Kleidern geschichtet, um Reibung am Oberschenkel zu verhindern, w\u00e4hrend es eine sch\u00f6ne Babybauchform h\u00e4lt.<br \/>\nSt\u00fctzendes Taillenband: Das verstellbare elastische Taillenband dr\u00fcckt Ihren Bauch nicht zu sehr, sondern gibt gerade genug entspannende und bequeme Unterst\u00fctzung f\u00fcr Ihren Bauch in allen Phasen der Schwangerschaft, mit Platz zum Wachsen.<br \/>\nDehnbares und atmungsaktives Material: 90 % Nylon, 10 % Elastan. Das bequeme Material ist dick genug, um langlebig zu sein, und d\u00fcnn genug, um im Sommer zu atmen.<\/p>\n","protected":false},"featured_media":67051,"comment_status":"open","ping_status":"closed","template":"","meta":[],"product_brand":[],"product_cat":[21,9478],"product_tag":[],"class_list":{"0":"post-67050","1":"product","2":"type-product","3":"status-publish","4":"has-post-thumbnail","6":"product_cat-baby","7":"product_cat-umstandskleidung-baby","8":"pa_binding-textilien","9":"pa_brand-amposh","10":"pa_manufacturer-amposh","12":"first","13":"instock","14":"shipping-taxable","15":"purchasable","16":"product-type-simple","17":"customify-col","18":"product-has-gallery"},"yoast_head":"<!-- This site is optimized with the Yoast SEO plugin v27.4 - https:\/\/yoast.com\/product\/yoast-seo-wordpress\/ -->\n<title>AMPOSH Damen Schwangerschafts-Shapewear Nahtlose Hohe Taille Schwangerschaft Unterw\u00e4sche Mitte Oberschenkel Bauchst\u00fctze\u2026 - Markt-XXL<\/title>\n<meta name=\"description\" content=\"Markt-XXL AMPOSH Damen Schwangerschafts-Shapewear Nahtlose Hohe Taille Schwangerschaft Unterw\u00e4sche Mitte Oberschenkel Bauchst\u00fctze\u2026\" \/>\n<meta name=\"robots\" content=\"index, follow, max-snippet:-1, max-image-preview:large, max-video-preview:-1\" \/>\n<link rel=\"canonical\" href=\"https:\/\/marktxxl.de\/markt\/produkt\/amposh-damen-umstandsmode-shapewear-nahtlose-hohe-taille-schwangerschaft-unterwaesche-mid-thigh-bauch-unterstuetzung-hoeschen\/\" \/>\n<meta property=\"og:locale\" content=\"de_DE\" \/>\n<meta property=\"og:type\" content=\"article\" \/>\n<meta property=\"og:title\" content=\"AMPOSH Damen Schwangerschafts-Shapewear Nahtlose Hohe Taille Schwangerschaft Unterw\u00e4sche Mitte Oberschenkel Bauchst\u00fctze\u2026 - Markt-XXL\" \/>\n<meta property=\"og:description\" content=\"Markt-XXL AMPOSH Damen Schwangerschafts-Shapewear Nahtlose Hohe Taille Schwangerschaft Unterw\u00e4sche Mitte Oberschenkel Bauchst\u00fctze\u2026\" \/>\n<meta property=\"og:url\" content=\"https:\/\/marktxxl.de\/markt\/produkt\/amposh-damen-umstandsmode-shapewear-nahtlose-hohe-taille-schwangerschaft-unterwaesche-mid-thigh-bauch-unterstuetzung-hoeschen\/\" \/>\n<meta property=\"og:site_name\" content=\"Markt-XXL\" \/>\n<meta property=\"article:modified_time\" content=\"2023-04-11T00:37:19+00:00\" \/>\n<meta property=\"og:image\" content=\"https:\/\/m.media-amazon.com\/images\/I\/41vHVAxLGaL._SL500_.jpg\" \/>\n\t<meta property=\"og:image:width\" content=\"500\" \/>\n\t<meta property=\"og:image:height\" content=\"500\" \/>\n\t<meta property=\"og:image:type\" content=\"image\/jpeg\" \/>\n<meta name=\"twitter:card\" content=\"summary_large_image\" \/>\n<meta name=\"twitter:label1\" content=\"Gesch\u00e4tzte Lesezeit\" \/>\n\t<meta name=\"twitter:data1\" content=\"1\u00a0Minute\" \/>\n<script type=\"application\/ld+json\" class=\"yoast-schema-graph\">{\"@context\":\"https:\\\/\\\/schema.org\",\"@graph\":[{\"@type\":\"WebPage\",\"@id\":\"https:\\\/\\\/marktxxl.de\\\/markt\\\/produkt\\\/amposh-damen-umstandsmode-shapewear-nahtlose-hohe-taille-schwangerschaft-unterwaesche-mid-thigh-bauch-unterstuetzung-hoeschen\\\/\",\"url\":\"https:\\\/\\\/marktxxl.de\\\/markt\\\/produkt\\\/amposh-damen-umstandsmode-shapewear-nahtlose-hohe-taille-schwangerschaft-unterwaesche-mid-thigh-bauch-unterstuetzung-hoeschen\\\/\",\"name\":\"AMPOSH Damen Schwangerschafts-Shapewear Nahtlose Hohe Taille Schwangerschaft Unterw\u00e4sche Mitte Oberschenkel Bauchst\u00fctze\u2026 - Markt-XXL\",\"isPartOf\":{\"@id\":\"https:\\\/\\\/marktxxl.de\\\/markt\\\/#website\"},\"primaryImageOfPage\":{\"@id\":\"https:\\\/\\\/marktxxl.de\\\/markt\\\/produkt\\\/amposh-damen-umstandsmode-shapewear-nahtlose-hohe-taille-schwangerschaft-unterwaesche-mid-thigh-bauch-unterstuetzung-hoeschen\\\/#primaryimage\"},\"image\":{\"@id\":\"https:\\\/\\\/marktxxl.de\\\/markt\\\/produkt\\\/amposh-damen-umstandsmode-shapewear-nahtlose-hohe-taille-schwangerschaft-unterwaesche-mid-thigh-bauch-unterstuetzung-hoeschen\\\/#primaryimage\"},\"thumbnailUrl\":\"https:\\\/\\\/m.media-amazon.com\\\/images\\\/I\\\/41vHVAxLGaL._SL500_.jpg\",\"datePublished\":\"2021-11-12T01:06:29+00:00\",\"dateModified\":\"2023-04-11T00:37:19+00:00\",\"description\":\"Markt-XXL AMPOSH Damen Schwangerschafts-Shapewear Nahtlose Hohe Taille Schwangerschaft Unterw\u00e4sche Mitte Oberschenkel Bauchst\u00fctze\u2026\",\"breadcrumb\":{\"@id\":\"https:\\\/\\\/marktxxl.de\\\/markt\\\/produkt\\\/amposh-damen-umstandsmode-shapewear-nahtlose-hohe-taille-schwangerschaft-unterwaesche-mid-thigh-bauch-unterstuetzung-hoeschen\\\/#breadcrumb\"},\"inLanguage\":\"de\",\"potentialAction\":[{\"@type\":\"ReadAction\",\"target\":[\"https:\\\/\\\/marktxxl.de\\\/markt\\\/produkt\\\/amposh-damen-umstandsmode-shapewear-nahtlose-hohe-taille-schwangerschaft-unterwaesche-mid-thigh-bauch-unterstuetzung-hoeschen\\\/\"]}]},{\"@type\":\"ImageObject\",\"inLanguage\":\"de\",\"@id\":\"https:\\\/\\\/marktxxl.de\\\/markt\\\/produkt\\\/amposh-damen-umstandsmode-shapewear-nahtlose-hohe-taille-schwangerschaft-unterwaesche-mid-thigh-bauch-unterstuetzung-hoeschen\\\/#primaryimage\",\"url\":\"https:\\\/\\\/m.media-amazon.com\\\/images\\\/I\\\/41vHVAxLGaL._SL500_.jpg\",\"contentUrl\":\"https:\\\/\\\/m.media-amazon.com\\\/images\\\/I\\\/41vHVAxLGaL._SL500_.jpg\",\"width\":500,\"height\":500},{\"@type\":\"BreadcrumbList\",\"@id\":\"https:\\\/\\\/marktxxl.de\\\/markt\\\/produkt\\\/amposh-damen-umstandsmode-shapewear-nahtlose-hohe-taille-schwangerschaft-unterwaesche-mid-thigh-bauch-unterstuetzung-hoeschen\\\/#breadcrumb\",\"itemListElement\":[{\"@type\":\"ListItem\",\"position\":1,\"name\":\"Startseite\",\"item\":\"https:\\\/\\\/marktxxl.de\\\/markt\\\/\"},{\"@type\":\"ListItem\",\"position\":2,\"name\":\"Markt\",\"item\":\"https:\\\/\\\/marktxxl.de\\\/markt\\\/\"},{\"@type\":\"ListItem\",\"position\":3,\"name\":\"AMPOSH Damen Schwangerschafts-Shapewear Nahtlose Hohe Taille Schwangerschaft Unterw\u00e4sche Mitte Oberschenkel Bauchst\u00fctze\u2026\"}]},{\"@type\":\"WebSite\",\"@id\":\"https:\\\/\\\/marktxxl.de\\\/markt\\\/#website\",\"url\":\"https:\\\/\\\/marktxxl.de\\\/markt\\\/\",\"name\":\"Markt-XXL\",\"description\":\"Ihr Markt Online\",\"publisher\":{\"@id\":\"https:\\\/\\\/marktxxl.de\\\/markt\\\/#organization\"},\"potentialAction\":[{\"@type\":\"SearchAction\",\"target\":{\"@type\":\"EntryPoint\",\"urlTemplate\":\"https:\\\/\\\/marktxxl.de\\\/markt\\\/?s={search_term_string}\"},\"query-input\":{\"@type\":\"PropertyValueSpecification\",\"valueRequired\":true,\"valueName\":\"search_term_string\"}}],\"inLanguage\":\"de\"},{\"@type\":\"Organization\",\"@id\":\"https:\\\/\\\/marktxxl.de\\\/markt\\\/#organization\",\"name\":\"Markt-XXL\",\"url\":\"https:\\\/\\\/marktxxl.de\\\/markt\\\/\",\"logo\":{\"@type\":\"ImageObject\",\"inLanguage\":\"de\",\"@id\":\"https:\\\/\\\/marktxxl.de\\\/markt\\\/#\\\/schema\\\/logo\\\/image\\\/\",\"url\":\"https:\\\/\\\/marktxxl.de\\\/markt\\\/wp-content\\\/uploads\\\/sites\\\/3\\\/2020\\\/12\\\/logo.png\",\"contentUrl\":\"https:\\\/\\\/marktxxl.de\\\/markt\\\/wp-content\\\/uploads\\\/sites\\\/3\\\/2020\\\/12\\\/logo.png\",\"width\":200,\"height\":70,\"caption\":\"Markt-XXL\"},\"image\":{\"@id\":\"https:\\\/\\\/marktxxl.de\\\/markt\\\/#\\\/schema\\\/logo\\\/image\\\/\"}}]}<\/script>\n<!-- \/ Yoast SEO plugin. -->","yoast_head_json":{"title":"AMPOSH Damen Schwangerschafts-Shapewear Nahtlose Hohe Taille Schwangerschaft Unterw\u00e4sche Mitte Oberschenkel Bauchst\u00fctze\u2026 - Markt-XXL","description":"Markt-XXL AMPOSH Damen Schwangerschafts-Shapewear Nahtlose Hohe Taille Schwangerschaft Unterw\u00e4sche Mitte Oberschenkel Bauchst\u00fctze\u2026","robots":{"index":"index","follow":"follow","max-snippet":"max-snippet:-1","max-image-preview":"max-image-preview:large","max-video-preview":"max-video-preview:-1"},"canonical":"https:\/\/marktxxl.de\/markt\/produkt\/amposh-damen-umstandsmode-shapewear-nahtlose-hohe-taille-schwangerschaft-unterwaesche-mid-thigh-bauch-unterstuetzung-hoeschen\/","og_locale":"de_DE","og_type":"article","og_title":"AMPOSH Damen Schwangerschafts-Shapewear Nahtlose Hohe Taille Schwangerschaft Unterw\u00e4sche Mitte Oberschenkel Bauchst\u00fctze\u2026 - Markt-XXL","og_description":"Markt-XXL AMPOSH Damen Schwangerschafts-Shapewear Nahtlose Hohe Taille Schwangerschaft Unterw\u00e4sche Mitte Oberschenkel Bauchst\u00fctze\u2026","og_url":"https:\/\/marktxxl.de\/markt\/produkt\/amposh-damen-umstandsmode-shapewear-nahtlose-hohe-taille-schwangerschaft-unterwaesche-mid-thigh-bauch-unterstuetzung-hoeschen\/","og_site_name":"Markt-XXL","article_modified_time":"2023-04-11T00:37:19+00:00","og_image":[{"width":500,"height":500,"url":"https:\/\/m.media-amazon.com\/images\/I\/41vHVAxLGaL._SL500_.jpg","type":"image\/jpeg"}],"twitter_card":"summary_large_image","twitter_misc":{"Gesch\u00e4tzte Lesezeit":"1\u00a0Minute"},"schema":{"@context":"https:\/\/schema.org","@graph":[{"@type":"WebPage","@id":"https:\/\/marktxxl.de\/markt\/produkt\/amposh-damen-umstandsmode-shapewear-nahtlose-hohe-taille-schwangerschaft-unterwaesche-mid-thigh-bauch-unterstuetzung-hoeschen\/","url":"https:\/\/marktxxl.de\/markt\/produkt\/amposh-damen-umstandsmode-shapewear-nahtlose-hohe-taille-schwangerschaft-unterwaesche-mid-thigh-bauch-unterstuetzung-hoeschen\/","name":"AMPOSH Damen Schwangerschafts-Shapewear Nahtlose Hohe Taille Schwangerschaft Unterw\u00e4sche Mitte Oberschenkel Bauchst\u00fctze\u2026 - Markt-XXL","isPartOf":{"@id":"https:\/\/marktxxl.de\/markt\/#website"},"primaryImageOfPage":{"@id":"https:\/\/marktxxl.de\/markt\/produkt\/amposh-damen-umstandsmode-shapewear-nahtlose-hohe-taille-schwangerschaft-unterwaesche-mid-thigh-bauch-unterstuetzung-hoeschen\/#primaryimage"},"image":{"@id":"https:\/\/marktxxl.de\/markt\/produkt\/amposh-damen-umstandsmode-shapewear-nahtlose-hohe-taille-schwangerschaft-unterwaesche-mid-thigh-bauch-unterstuetzung-hoeschen\/#primaryimage"},"thumbnailUrl":"https:\/\/m.media-amazon.com\/images\/I\/41vHVAxLGaL._SL500_.jpg","datePublished":"2021-11-12T01:06:29+00:00","dateModified":"2023-04-11T00:37:19+00:00","description":"Markt-XXL AMPOSH Damen Schwangerschafts-Shapewear Nahtlose Hohe Taille Schwangerschaft Unterw\u00e4sche Mitte Oberschenkel Bauchst\u00fctze\u2026","breadcrumb":{"@id":"https:\/\/marktxxl.de\/markt\/produkt\/amposh-damen-umstandsmode-shapewear-nahtlose-hohe-taille-schwangerschaft-unterwaesche-mid-thigh-bauch-unterstuetzung-hoeschen\/#breadcrumb"},"inLanguage":"de","potentialAction":[{"@type":"ReadAction","target":["https:\/\/marktxxl.de\/markt\/produkt\/amposh-damen-umstandsmode-shapewear-nahtlose-hohe-taille-schwangerschaft-unterwaesche-mid-thigh-bauch-unterstuetzung-hoeschen\/"]}]},{"@type":"ImageObject","inLanguage":"de","@id":"https:\/\/marktxxl.de\/markt\/produkt\/amposh-damen-umstandsmode-shapewear-nahtlose-hohe-taille-schwangerschaft-unterwaesche-mid-thigh-bauch-unterstuetzung-hoeschen\/#primaryimage","url":"https:\/\/m.media-amazon.com\/images\/I\/41vHVAxLGaL._SL500_.jpg","contentUrl":"https:\/\/m.media-amazon.com\/images\/I\/41vHVAxLGaL._SL500_.jpg","width":500,"height":500},{"@type":"BreadcrumbList","@id":"https:\/\/marktxxl.de\/markt\/produkt\/amposh-damen-umstandsmode-shapewear-nahtlose-hohe-taille-schwangerschaft-unterwaesche-mid-thigh-bauch-unterstuetzung-hoeschen\/#breadcrumb","itemListElement":[{"@type":"ListItem","position":1,"name":"Startseite","item":"https:\/\/marktxxl.de\/markt\/"},{"@type":"ListItem","position":2,"name":"Markt","item":"https:\/\/marktxxl.de\/markt\/"},{"@type":"ListItem","position":3,"name":"AMPOSH Damen Schwangerschafts-Shapewear Nahtlose Hohe Taille Schwangerschaft Unterw\u00e4sche Mitte Oberschenkel Bauchst\u00fctze\u2026"}]},{"@type":"WebSite","@id":"https:\/\/marktxxl.de\/markt\/#website","url":"https:\/\/marktxxl.de\/markt\/","name":"Markt-XXL","description":"Ihr Markt Online","publisher":{"@id":"https:\/\/marktxxl.de\/markt\/#organization"},"potentialAction":[{"@type":"SearchAction","target":{"@type":"EntryPoint","urlTemplate":"https:\/\/marktxxl.de\/markt\/?s={search_term_string}"},"query-input":{"@type":"PropertyValueSpecification","valueRequired":true,"valueName":"search_term_string"}}],"inLanguage":"de"},{"@type":"Organization","@id":"https:\/\/marktxxl.de\/markt\/#organization","name":"Markt-XXL","url":"https:\/\/marktxxl.de\/markt\/","logo":{"@type":"ImageObject","inLanguage":"de","@id":"https:\/\/marktxxl.de\/markt\/#\/schema\/logo\/image\/","url":"https:\/\/marktxxl.de\/markt\/wp-content\/uploads\/sites\/3\/2020\/12\/logo.png","contentUrl":"https:\/\/marktxxl.de\/markt\/wp-content\/uploads\/sites\/3\/2020\/12\/logo.png","width":200,"height":70,"caption":"Markt-XXL"},"image":{"@id":"https:\/\/marktxxl.de\/markt\/#\/schema\/logo\/image\/"}}]}},"_links":{"self":[{"href":"https:\/\/marktxxl.de\/markt\/wp-json\/wp\/v2\/product\/67050","targetHints":{"allow":["GET"]}}],"collection":[{"href":"https:\/\/marktxxl.de\/markt\/wp-json\/wp\/v2\/product"}],"about":[{"href":"https:\/\/marktxxl.de\/markt\/wp-json\/wp\/v2\/types\/product"}],"replies":[{"embeddable":true,"href":"https:\/\/marktxxl.de\/markt\/wp-json\/wp\/v2\/comments?post=67050"}],"wp:featuredmedia":[{"embeddable":true,"href":"https:\/\/marktxxl.de\/markt\/wp-json\/wp\/v2\/media\/67051"}],"wp:attachment":[{"href":"https:\/\/marktxxl.de\/markt\/wp-json\/wp\/v2\/media?parent=67050"}],"wp:term":[{"taxonomy":"product_brand","embeddable":true,"href":"https:\/\/marktxxl.de\/markt\/wp-json\/wp\/v2\/product_brand?post=67050"},{"taxonomy":"product_cat","embeddable":true,"href":"https:\/\/marktxxl.de\/markt\/wp-json\/wp\/v2\/product_cat?post=67050"},{"taxonomy":"product_tag","embeddable":true,"href":"https:\/\/marktxxl.de\/markt\/wp-json\/wp\/v2\/product_tag?post=67050"}],"curies":[{"name":"wp","href":"https:\/\/api.w.org\/{rel}","templated":true}]}}