{"id":67012,"date":"2021-11-12T02:04:02","date_gmt":"2021-11-12T01:04:02","guid":{"rendered":"https:\/\/marktxxl.de\/markt\/produkt\/angelhood-damen-umstands-slips-faltbar-unter-bauch-schwangerschaft-5-stueck\/"},"modified":"2023-04-11T02:37:19","modified_gmt":"2023-04-11T00:37:19","slug":"angelhood-damen-umstands-slips-faltbar-unter-bauch-schwangerschaft-5-stueck","status":"publish","type":"product","link":"https:\/\/marktxxl.de\/markt\/produkt\/angelhood-damen-umstands-slips-faltbar-unter-bauch-schwangerschaft-5-stueck\/","title":{"rendered":"Angelhood Damen Umstandsunterw\u00e4sche, faltbar, Unterw\u00e4sche, Schwangerschaft, nach der Geburt, 5 St\u00fcck"},"content":{"rendered":"<p>Hochwertiges Material \u2013 F\u00fcr ultimativen Komfort sind unsere faltbaren Schwangerschafts-Slips unter dem Bauch aus 95 % Viskosefaser, 5 % Elastan. Atmungsaktiv; umweltfreundlich; Feuchtigkeitstransport; hygroskopisch; superweich, glatte Haptik; sehr dehnbar.<br \/>\nHygienisches Futter \u2013 Innenfutter im Schritt der Umstandsunterw\u00e4sche aus 100 % Baumwollstoff, die Farbe des Schritts ist wei\u00df, Sie k\u00f6nnen unerwartete Sekrete leicht erkennen. Es ist gro\u00dfartig f\u00fcr die Sicherheit aller M\u00fctter und Babys.<br \/>\nNeuestes Design \u2013 Der umklappbare Bauchbund ist perfekt f\u00fcr Ihren wechselnden K\u00f6rper. Tragen Sie sie f\u00fcr die Unterst\u00fctzung des Bauches und eine glatte Oberfl\u00e4che oder falten Sie sie zusammen, um bequem unter Ihren Babybauch zu passen. Sie werden Ihre Schwangerschaftsreise genie\u00dfen.<br \/>\nVon der Schwangerschaft bis zur Postpartum \u2013 diese H\u00f6schen bieten Ihnen eine gro\u00dfe Abdeckung, die Sie an den richtigen Stellen umarmt. Tragen Sie sie nach der Lieferung als normale Baumwollh\u00f6schen an. Niedrige Taille erleichtert die Erholung des C-Abschnitts.<br \/>\n100 % Zufriedenheitsgarantie \u2013 Wir erstatten \/ ersetzen jede unzufriedene Bestellung, wenn Sie irgendwelche Bedenken haben, kontaktieren Sie bitte unser Kundenservice-Team, wir werden es l\u00f6sen, wenn Sie zufrieden sind. Kein Risiko kaufen, Sie werden es nicht bereuen, sie werden Ihre Lieblings-Schwangerschaftslips sein.<br \/>\n<div class=\"main-cross-sell\" data-asin=\"B08G6X2P3N\">\n\n\t<div class=\"WooZone-cross-sell-loader\">\n\t\t<div>\n\t\t\t<div id=\"floatingBarsG\">\n\t\t\t\t<div class=\"blockG\" id=\"rotateG_01\"><\/div>\n\t\t\t\t<div class=\"blockG\" id=\"rotateG_02\"><\/div>\n\t\t\t\t<div class=\"blockG\" id=\"rotateG_03\"><\/div>\n\t\t\t\t<div class=\"blockG\" id=\"rotateG_04\"><\/div>\n\t\t\t\t<div class=\"blockG\" id=\"rotateG_05\"><\/div>\n\t\t\t\t<div class=\"blockG\" id=\"rotateG_06\"><\/div>\n\t\t\t\t<div class=\"blockG\" id=\"rotateG_07\"><\/div>\n\t\t\t\t<div class=\"blockG\" id=\"rotateG_08\"><\/div>\n\t\t\t<\/div>\n\t\t\t<div class=\"WooZone-cross-sell-loader-text\"><\/div>\n\t\t<\/div>\n\t<\/div>\n\n\t\t\n<\/div>\n<div style=\"clear:both;\"><\/div><\/p>\n","protected":false},"excerpt":{"rendered":"<p>Hochwertiges Material \u2013 F\u00fcr ultimativen Komfort sind unsere faltbaren Schwangerschafts-Slips unter dem Bauch aus 95 % Viskosefaser, 5 % Elastan. Atmungsaktiv; umweltfreundlich; Feuchtigkeitstransport; hygroskopisch; superweich, glatte Haptik; sehr dehnbar.<br \/>\nHygienisches Futter \u2013 Innenfutter im Schritt der Umstandsunterw\u00e4sche aus 100 % Baumwollstoff, die Farbe des Schritts ist wei\u00df, Sie k\u00f6nnen unerwartete Sekrete leicht erkennen. Es ist gro\u00dfartig f\u00fcr die Sicherheit aller M\u00fctter und Babys.<br \/>\nNeuestes Design \u2013 Der umklappbare Bauchbund ist perfekt f\u00fcr Ihren wechselnden K\u00f6rper. Tragen Sie sie f\u00fcr die Unterst\u00fctzung des Bauches und eine glatte Oberfl\u00e4che oder falten Sie sie zusammen, um bequem unter Ihren Babybauch zu passen. Sie werden Ihre Schwangerschaftsreise genie\u00dfen.<\/p>\n","protected":false},"featured_media":67013,"comment_status":"open","ping_status":"closed","template":"","meta":[],"product_brand":[],"product_cat":[21,9478],"product_tag":[],"class_list":{"0":"post-67012","1":"product","2":"type-product","3":"status-publish","4":"has-post-thumbnail","6":"product_cat-baby","7":"product_cat-umstandskleidung-baby","8":"pa_binding-textilien","9":"pa_brand-angelhood","11":"first","12":"instock","13":"shipping-taxable","14":"purchasable","15":"product-type-simple","16":"customify-col","17":"product-has-gallery"},"yoast_head":"<!-- This site is optimized with the Yoast SEO plugin v27.4 - https:\/\/yoast.com\/product\/yoast-seo-wordpress\/ -->\n<title>Angelhood Damen Umstandsunterw\u00e4sche, faltbar, Unterw\u00e4sche, Schwangerschaft, nach der Geburt, 5 St\u00fcck - Markt-XXL<\/title>\n<meta name=\"description\" content=\"Markt-XXL Angelhood Damen Umstandsunterw\u00e4sche, faltbar, Unterw\u00e4sche, Schwangerschaft, nach der Geburt, 5 St\u00fcck\" \/>\n<meta name=\"robots\" content=\"index, follow, max-snippet:-1, max-image-preview:large, max-video-preview:-1\" \/>\n<link rel=\"canonical\" href=\"https:\/\/marktxxl.de\/markt\/produkt\/angelhood-damen-umstands-slips-faltbar-unter-bauch-schwangerschaft-5-stueck\/\" \/>\n<meta property=\"og:locale\" content=\"de_DE\" \/>\n<meta property=\"og:type\" content=\"article\" \/>\n<meta property=\"og:title\" content=\"Angelhood Damen Umstandsunterw\u00e4sche, faltbar, Unterw\u00e4sche, Schwangerschaft, nach der Geburt, 5 St\u00fcck - Markt-XXL\" \/>\n<meta property=\"og:description\" content=\"Markt-XXL Angelhood Damen Umstandsunterw\u00e4sche, faltbar, Unterw\u00e4sche, Schwangerschaft, nach der Geburt, 5 St\u00fcck\" \/>\n<meta property=\"og:url\" content=\"https:\/\/marktxxl.de\/markt\/produkt\/angelhood-damen-umstands-slips-faltbar-unter-bauch-schwangerschaft-5-stueck\/\" \/>\n<meta property=\"og:site_name\" content=\"Markt-XXL\" \/>\n<meta property=\"article:modified_time\" content=\"2023-04-11T00:37:19+00:00\" \/>\n<meta property=\"og:image\" content=\"https:\/\/m.media-amazon.com\/images\/I\/314BBSWz9PL._SL500_.jpg\" \/>\n\t<meta property=\"og:image:width\" content=\"500\" \/>\n\t<meta property=\"og:image:height\" content=\"500\" \/>\n\t<meta property=\"og:image:type\" content=\"image\/jpeg\" \/>\n<meta name=\"twitter:card\" content=\"summary_large_image\" \/>\n<meta name=\"twitter:label1\" content=\"Gesch\u00e4tzte Lesezeit\" \/>\n\t<meta name=\"twitter:data1\" content=\"1\u00a0Minute\" \/>\n<script type=\"application\/ld+json\" class=\"yoast-schema-graph\">{\"@context\":\"https:\\\/\\\/schema.org\",\"@graph\":[{\"@type\":\"WebPage\",\"@id\":\"https:\\\/\\\/marktxxl.de\\\/markt\\\/produkt\\\/angelhood-damen-umstands-slips-faltbar-unter-bauch-schwangerschaft-5-stueck\\\/\",\"url\":\"https:\\\/\\\/marktxxl.de\\\/markt\\\/produkt\\\/angelhood-damen-umstands-slips-faltbar-unter-bauch-schwangerschaft-5-stueck\\\/\",\"name\":\"Angelhood Damen Umstandsunterw\u00e4sche, faltbar, Unterw\u00e4sche, Schwangerschaft, nach der Geburt, 5 St\u00fcck - Markt-XXL\",\"isPartOf\":{\"@id\":\"https:\\\/\\\/marktxxl.de\\\/markt\\\/#website\"},\"primaryImageOfPage\":{\"@id\":\"https:\\\/\\\/marktxxl.de\\\/markt\\\/produkt\\\/angelhood-damen-umstands-slips-faltbar-unter-bauch-schwangerschaft-5-stueck\\\/#primaryimage\"},\"image\":{\"@id\":\"https:\\\/\\\/marktxxl.de\\\/markt\\\/produkt\\\/angelhood-damen-umstands-slips-faltbar-unter-bauch-schwangerschaft-5-stueck\\\/#primaryimage\"},\"thumbnailUrl\":\"https:\\\/\\\/m.media-amazon.com\\\/images\\\/I\\\/314BBSWz9PL._SL500_.jpg\",\"datePublished\":\"2021-11-12T01:04:02+00:00\",\"dateModified\":\"2023-04-11T00:37:19+00:00\",\"description\":\"Markt-XXL Angelhood Damen Umstandsunterw\u00e4sche, faltbar, Unterw\u00e4sche, Schwangerschaft, nach der Geburt, 5 St\u00fcck\",\"breadcrumb\":{\"@id\":\"https:\\\/\\\/marktxxl.de\\\/markt\\\/produkt\\\/angelhood-damen-umstands-slips-faltbar-unter-bauch-schwangerschaft-5-stueck\\\/#breadcrumb\"},\"inLanguage\":\"de\",\"potentialAction\":[{\"@type\":\"ReadAction\",\"target\":[\"https:\\\/\\\/marktxxl.de\\\/markt\\\/produkt\\\/angelhood-damen-umstands-slips-faltbar-unter-bauch-schwangerschaft-5-stueck\\\/\"]}]},{\"@type\":\"ImageObject\",\"inLanguage\":\"de\",\"@id\":\"https:\\\/\\\/marktxxl.de\\\/markt\\\/produkt\\\/angelhood-damen-umstands-slips-faltbar-unter-bauch-schwangerschaft-5-stueck\\\/#primaryimage\",\"url\":\"https:\\\/\\\/m.media-amazon.com\\\/images\\\/I\\\/314BBSWz9PL._SL500_.jpg\",\"contentUrl\":\"https:\\\/\\\/m.media-amazon.com\\\/images\\\/I\\\/314BBSWz9PL._SL500_.jpg\",\"width\":500,\"height\":500},{\"@type\":\"BreadcrumbList\",\"@id\":\"https:\\\/\\\/marktxxl.de\\\/markt\\\/produkt\\\/angelhood-damen-umstands-slips-faltbar-unter-bauch-schwangerschaft-5-stueck\\\/#breadcrumb\",\"itemListElement\":[{\"@type\":\"ListItem\",\"position\":1,\"name\":\"Startseite\",\"item\":\"https:\\\/\\\/marktxxl.de\\\/markt\\\/\"},{\"@type\":\"ListItem\",\"position\":2,\"name\":\"Markt\",\"item\":\"https:\\\/\\\/marktxxl.de\\\/markt\\\/\"},{\"@type\":\"ListItem\",\"position\":3,\"name\":\"Angelhood Damen Umstandsunterw\u00e4sche, faltbar, Unterw\u00e4sche, Schwangerschaft, nach der Geburt, 5 St\u00fcck\"}]},{\"@type\":\"WebSite\",\"@id\":\"https:\\\/\\\/marktxxl.de\\\/markt\\\/#website\",\"url\":\"https:\\\/\\\/marktxxl.de\\\/markt\\\/\",\"name\":\"Markt-XXL\",\"description\":\"Ihr Markt Online\",\"publisher\":{\"@id\":\"https:\\\/\\\/marktxxl.de\\\/markt\\\/#organization\"},\"potentialAction\":[{\"@type\":\"SearchAction\",\"target\":{\"@type\":\"EntryPoint\",\"urlTemplate\":\"https:\\\/\\\/marktxxl.de\\\/markt\\\/?s={search_term_string}\"},\"query-input\":{\"@type\":\"PropertyValueSpecification\",\"valueRequired\":true,\"valueName\":\"search_term_string\"}}],\"inLanguage\":\"de\"},{\"@type\":\"Organization\",\"@id\":\"https:\\\/\\\/marktxxl.de\\\/markt\\\/#organization\",\"name\":\"Markt-XXL\",\"url\":\"https:\\\/\\\/marktxxl.de\\\/markt\\\/\",\"logo\":{\"@type\":\"ImageObject\",\"inLanguage\":\"de\",\"@id\":\"https:\\\/\\\/marktxxl.de\\\/markt\\\/#\\\/schema\\\/logo\\\/image\\\/\",\"url\":\"https:\\\/\\\/marktxxl.de\\\/markt\\\/wp-content\\\/uploads\\\/sites\\\/3\\\/2020\\\/12\\\/logo.png\",\"contentUrl\":\"https:\\\/\\\/marktxxl.de\\\/markt\\\/wp-content\\\/uploads\\\/sites\\\/3\\\/2020\\\/12\\\/logo.png\",\"width\":200,\"height\":70,\"caption\":\"Markt-XXL\"},\"image\":{\"@id\":\"https:\\\/\\\/marktxxl.de\\\/markt\\\/#\\\/schema\\\/logo\\\/image\\\/\"}}]}<\/script>\n<!-- \/ Yoast SEO plugin. -->","yoast_head_json":{"title":"Angelhood Damen Umstandsunterw\u00e4sche, faltbar, Unterw\u00e4sche, Schwangerschaft, nach der Geburt, 5 St\u00fcck - Markt-XXL","description":"Markt-XXL Angelhood Damen Umstandsunterw\u00e4sche, faltbar, Unterw\u00e4sche, Schwangerschaft, nach der Geburt, 5 St\u00fcck","robots":{"index":"index","follow":"follow","max-snippet":"max-snippet:-1","max-image-preview":"max-image-preview:large","max-video-preview":"max-video-preview:-1"},"canonical":"https:\/\/marktxxl.de\/markt\/produkt\/angelhood-damen-umstands-slips-faltbar-unter-bauch-schwangerschaft-5-stueck\/","og_locale":"de_DE","og_type":"article","og_title":"Angelhood Damen Umstandsunterw\u00e4sche, faltbar, Unterw\u00e4sche, Schwangerschaft, nach der Geburt, 5 St\u00fcck - Markt-XXL","og_description":"Markt-XXL Angelhood Damen Umstandsunterw\u00e4sche, faltbar, Unterw\u00e4sche, Schwangerschaft, nach der Geburt, 5 St\u00fcck","og_url":"https:\/\/marktxxl.de\/markt\/produkt\/angelhood-damen-umstands-slips-faltbar-unter-bauch-schwangerschaft-5-stueck\/","og_site_name":"Markt-XXL","article_modified_time":"2023-04-11T00:37:19+00:00","og_image":[{"width":500,"height":500,"url":"https:\/\/m.media-amazon.com\/images\/I\/314BBSWz9PL._SL500_.jpg","type":"image\/jpeg"}],"twitter_card":"summary_large_image","twitter_misc":{"Gesch\u00e4tzte Lesezeit":"1\u00a0Minute"},"schema":{"@context":"https:\/\/schema.org","@graph":[{"@type":"WebPage","@id":"https:\/\/marktxxl.de\/markt\/produkt\/angelhood-damen-umstands-slips-faltbar-unter-bauch-schwangerschaft-5-stueck\/","url":"https:\/\/marktxxl.de\/markt\/produkt\/angelhood-damen-umstands-slips-faltbar-unter-bauch-schwangerschaft-5-stueck\/","name":"Angelhood Damen Umstandsunterw\u00e4sche, faltbar, Unterw\u00e4sche, Schwangerschaft, nach der Geburt, 5 St\u00fcck - Markt-XXL","isPartOf":{"@id":"https:\/\/marktxxl.de\/markt\/#website"},"primaryImageOfPage":{"@id":"https:\/\/marktxxl.de\/markt\/produkt\/angelhood-damen-umstands-slips-faltbar-unter-bauch-schwangerschaft-5-stueck\/#primaryimage"},"image":{"@id":"https:\/\/marktxxl.de\/markt\/produkt\/angelhood-damen-umstands-slips-faltbar-unter-bauch-schwangerschaft-5-stueck\/#primaryimage"},"thumbnailUrl":"https:\/\/m.media-amazon.com\/images\/I\/314BBSWz9PL._SL500_.jpg","datePublished":"2021-11-12T01:04:02+00:00","dateModified":"2023-04-11T00:37:19+00:00","description":"Markt-XXL Angelhood Damen Umstandsunterw\u00e4sche, faltbar, Unterw\u00e4sche, Schwangerschaft, nach der Geburt, 5 St\u00fcck","breadcrumb":{"@id":"https:\/\/marktxxl.de\/markt\/produkt\/angelhood-damen-umstands-slips-faltbar-unter-bauch-schwangerschaft-5-stueck\/#breadcrumb"},"inLanguage":"de","potentialAction":[{"@type":"ReadAction","target":["https:\/\/marktxxl.de\/markt\/produkt\/angelhood-damen-umstands-slips-faltbar-unter-bauch-schwangerschaft-5-stueck\/"]}]},{"@type":"ImageObject","inLanguage":"de","@id":"https:\/\/marktxxl.de\/markt\/produkt\/angelhood-damen-umstands-slips-faltbar-unter-bauch-schwangerschaft-5-stueck\/#primaryimage","url":"https:\/\/m.media-amazon.com\/images\/I\/314BBSWz9PL._SL500_.jpg","contentUrl":"https:\/\/m.media-amazon.com\/images\/I\/314BBSWz9PL._SL500_.jpg","width":500,"height":500},{"@type":"BreadcrumbList","@id":"https:\/\/marktxxl.de\/markt\/produkt\/angelhood-damen-umstands-slips-faltbar-unter-bauch-schwangerschaft-5-stueck\/#breadcrumb","itemListElement":[{"@type":"ListItem","position":1,"name":"Startseite","item":"https:\/\/marktxxl.de\/markt\/"},{"@type":"ListItem","position":2,"name":"Markt","item":"https:\/\/marktxxl.de\/markt\/"},{"@type":"ListItem","position":3,"name":"Angelhood Damen Umstandsunterw\u00e4sche, faltbar, Unterw\u00e4sche, Schwangerschaft, nach der Geburt, 5 St\u00fcck"}]},{"@type":"WebSite","@id":"https:\/\/marktxxl.de\/markt\/#website","url":"https:\/\/marktxxl.de\/markt\/","name":"Markt-XXL","description":"Ihr Markt Online","publisher":{"@id":"https:\/\/marktxxl.de\/markt\/#organization"},"potentialAction":[{"@type":"SearchAction","target":{"@type":"EntryPoint","urlTemplate":"https:\/\/marktxxl.de\/markt\/?s={search_term_string}"},"query-input":{"@type":"PropertyValueSpecification","valueRequired":true,"valueName":"search_term_string"}}],"inLanguage":"de"},{"@type":"Organization","@id":"https:\/\/marktxxl.de\/markt\/#organization","name":"Markt-XXL","url":"https:\/\/marktxxl.de\/markt\/","logo":{"@type":"ImageObject","inLanguage":"de","@id":"https:\/\/marktxxl.de\/markt\/#\/schema\/logo\/image\/","url":"https:\/\/marktxxl.de\/markt\/wp-content\/uploads\/sites\/3\/2020\/12\/logo.png","contentUrl":"https:\/\/marktxxl.de\/markt\/wp-content\/uploads\/sites\/3\/2020\/12\/logo.png","width":200,"height":70,"caption":"Markt-XXL"},"image":{"@id":"https:\/\/marktxxl.de\/markt\/#\/schema\/logo\/image\/"}}]}},"_links":{"self":[{"href":"https:\/\/marktxxl.de\/markt\/wp-json\/wp\/v2\/product\/67012","targetHints":{"allow":["GET"]}}],"collection":[{"href":"https:\/\/marktxxl.de\/markt\/wp-json\/wp\/v2\/product"}],"about":[{"href":"https:\/\/marktxxl.de\/markt\/wp-json\/wp\/v2\/types\/product"}],"replies":[{"embeddable":true,"href":"https:\/\/marktxxl.de\/markt\/wp-json\/wp\/v2\/comments?post=67012"}],"wp:featuredmedia":[{"embeddable":true,"href":"https:\/\/marktxxl.de\/markt\/wp-json\/wp\/v2\/media\/67013"}],"wp:attachment":[{"href":"https:\/\/marktxxl.de\/markt\/wp-json\/wp\/v2\/media?parent=67012"}],"wp:term":[{"taxonomy":"product_brand","embeddable":true,"href":"https:\/\/marktxxl.de\/markt\/wp-json\/wp\/v2\/product_brand?post=67012"},{"taxonomy":"product_cat","embeddable":true,"href":"https:\/\/marktxxl.de\/markt\/wp-json\/wp\/v2\/product_cat?post=67012"},{"taxonomy":"product_tag","embeddable":true,"href":"https:\/\/marktxxl.de\/markt\/wp-json\/wp\/v2\/product_tag?post=67012"}],"curies":[{"name":"wp","href":"https:\/\/api.w.org\/{rel}","templated":true}]}}