{"id":66991,"date":"2021-11-12T02:03:48","date_gmt":"2021-11-12T01:03:48","guid":{"rendered":"https:\/\/marktxxl.de\/markt\/produkt\/damen-nahtlose-umstands-unterwaesche-hohe-taille-mittleren-oberschenkel-pettipant-schwangerschafts-unterwaesche-fuer-bauchunterstuetzung\/"},"modified":"2023-04-11T02:37:18","modified_gmt":"2023-04-11T00:37:18","slug":"damen-nahtlose-umstands-unterwaesche-hohe-taille-mittleren-oberschenkel-pettipant-schwangerschafts-unterwaesche-fuer-bauchunterstuetzung","status":"publish","type":"product","link":"https:\/\/marktxxl.de\/markt\/produkt\/damen-nahtlose-umstands-unterwaesche-hohe-taille-mittleren-oberschenkel-pettipant-schwangerschafts-unterwaesche-fuer-bauchunterstuetzung\/","title":{"rendered":"Damen Schwangerschafts-Unterw\u00e4sche, nahtlos, hohe Taille, mittlere Oberschenkel, Pettipants, Schwangerschaftsunterw\u00e4sche\u2026"},"content":{"rendered":"<p>Mittelhohe Pettipants Nahtlose Schwangerschaftsformbekleidung: Wir bieten Umstandsformen in \u00dcbergr\u00f6\u00dfe und bieten eine vollst\u00e4ndige Palette von Gr\u00f6\u00dfen von US S (0-6) bis US XL (20-26). Diese Schwangerschaftsunterst\u00fctzung Shapewear ist Mid-Thigh Pettipants und besteht aus nahtlosem, komplett atmungsaktivem Nylon und Elasthan. Shapewear Unterw\u00e4sche unterst\u00fctzt den schwangeren Bauch vollst\u00e4ndig und verhindert Scheuern und verbessert eine kurvenreiche Silhouette. Es ist ideal, um unter formellen Umstandskleidern oder Arbeitskleidern getragen zu werden.<br \/>\nSchwangerschafts-Unterw\u00e4sche: Die lange Unterw\u00e4sche im kurzen Stil h\u00e4lt Ihre Oberschenkel auseinander und verhindert Scheuern, w\u00e4hrend der Bund sich sanft \u00fcber den Bauch dehnt und Ihnen eine schmeichelhafte Silhouette verleiht und Ihrem schwangeren Bauch volle Unterst\u00fctzung bietet. Verstellbares Taillenband passt perfekt zu Ihrem Bauch, w\u00e4hrend und nach der Schwangerschaft, bietet weiche Unterst\u00fctzung und eine entspannende bequeme Passform.<br \/>\nSchwangerschaftsform-Unterkleid: Wenn Sie normalerweise einen St\u00fctzg\u00fcrtel tragen, aber nicht m\u00f6chten, dass die Masse des G\u00fcrtels beim Tragen von Kleidern zeigt, kann Formkleidung Ihnen die Unterst\u00fctzung geben, die Sie suchen. Das Aussehen und das Gef\u00fchl einer G\u00f6ttin in Ihren Umstandskleidern kann eine Herausforderung sein. Jetzt Umstandsmode, die sowohl Stil als auch Komfort verbessert.<br \/>\nHochdehnbare Formen: Sie haben eine sch\u00f6ne Dehnung, diese Mitte der Oberschenkel ist speziell f\u00fcr den schwangeren K\u00f6rper konzipiert, sie sollte sich nicht eng oder unbequem anf\u00fchlen. Es ist so konzipiert, dass es atmungsaktiv ist, so dass es nicht juckt, wenn Sie es tragen. Und ja (danke! ), es ist leicht herunterzurollen, wenn Sie ins Badezimmer gehen m\u00fcssen. Diese Schwangerschafts-Unterhose bietet gezielte Kompression unterhalb des Bauchs, auf dem unteren R\u00fccken, den H\u00fcften und unter dem R\u00fccken, um eine gro\u00dfartige Unterst\u00fctzung zu bieten.<br \/>\nK\u00f6rperformer f\u00fcr schwangere Frauen: Umstandsform-Unterw\u00e4sche gibt schwangeren Frauen die Unterst\u00fctzung und den Komfort, den sie brauchen, wenn ihre Bauch w\u00e4hrend der Schwangerschaft wachsen. Diese Shapewear strafft die Oberschenkel und bietet Kompression. Diese Unterw\u00e4sche gibt Ihnen auch eine glatte Figur unter Ihrer Umstandskleidung. Warum also nicht eine f\u00fcr sich selbst ausw\u00e4hlen.<br \/>\n<div class=\"main-cross-sell\" data-asin=\"B07YVMVX6R\">\n\n\t<div class=\"WooZone-cross-sell-loader\">\n\t\t<div>\n\t\t\t<div id=\"floatingBarsG\">\n\t\t\t\t<div class=\"blockG\" id=\"rotateG_01\"><\/div>\n\t\t\t\t<div class=\"blockG\" id=\"rotateG_02\"><\/div>\n\t\t\t\t<div class=\"blockG\" id=\"rotateG_03\"><\/div>\n\t\t\t\t<div class=\"blockG\" id=\"rotateG_04\"><\/div>\n\t\t\t\t<div class=\"blockG\" id=\"rotateG_05\"><\/div>\n\t\t\t\t<div class=\"blockG\" id=\"rotateG_06\"><\/div>\n\t\t\t\t<div class=\"blockG\" id=\"rotateG_07\"><\/div>\n\t\t\t\t<div class=\"blockG\" id=\"rotateG_08\"><\/div>\n\t\t\t<\/div>\n\t\t\t<div class=\"WooZone-cross-sell-loader-text\"><\/div>\n\t\t<\/div>\n\t<\/div>\n\n\t\t\n<\/div>\n<div style=\"clear:both;\"><\/div><\/p>\n","protected":false},"excerpt":{"rendered":"<p>Mittelhohe Pettipants Nahtlose Schwangerschaftsformbekleidung: Wir bieten Umstandsformen in \u00dcbergr\u00f6\u00dfe und bieten eine vollst\u00e4ndige Palette von Gr\u00f6\u00dfen von US S (0-6) bis US XL (20-26). Diese Schwangerschaftsunterst\u00fctzung Shapewear ist Mid-Thigh Pettipants und besteht aus nahtlosem, komplett atmungsaktivem Nylon und Elasthan. Shapewear Unterw\u00e4sche unterst\u00fctzt den schwangeren Bauch vollst\u00e4ndig und verhindert Scheuern und verbessert eine kurvenreiche Silhouette. Es ist ideal, um unter formellen Umstandskleidern oder Arbeitskleidern getragen zu werden.<br \/>\nSchwangerschafts-Unterw\u00e4sche: Die lange Unterw\u00e4sche im kurzen Stil h\u00e4lt Ihre Oberschenkel auseinander und verhindert Scheuern, w\u00e4hrend der Bund sich sanft \u00fcber den Bauch dehnt und Ihnen eine schmeichelhafte Silhouette verleiht und Ihrem schwangeren Bauch volle Unterst\u00fctzung bietet. Verstellbares Taillenband passt perfekt zu Ihrem Bauch, w\u00e4hrend und nach der Schwangerschaft, bietet weiche Unterst\u00fctzung und eine entspannende bequeme Passform.<br \/>\nSchwangerschaftsform-Unterkleid: Wenn Sie normalerweise einen St\u00fctzg\u00fcrtel tragen, aber nicht m\u00f6chten, dass die Masse des G\u00fcrtels beim Tragen von Kleidern zeigt, kann Formkleidung Ihnen die Unterst\u00fctzung geben, die Sie suchen. Das Aussehen und das Gef\u00fchl einer G\u00f6ttin in Ihren Umstandskleidern kann eine Herausforderung sein. Jetzt Umstandsmode, die sowohl Stil als auch Komfort verbessert.<\/p>\n","protected":false},"featured_media":66992,"comment_status":"open","ping_status":"closed","template":"","meta":[],"product_brand":[],"product_cat":[21,9478],"product_tag":[],"class_list":{"0":"post-66991","1":"product","2":"type-product","3":"status-publish","4":"has-post-thumbnail","6":"product_cat-baby","7":"product_cat-umstandskleidung-baby","8":"pa_binding-textilien","9":"pa_brand-diravo","10":"pa_manufacturer-diravo","11":"pa_size-s","13":"first","14":"instock","15":"shipping-taxable","16":"purchasable","17":"product-type-simple","18":"customify-col","19":"product-has-gallery"},"yoast_head":"<!-- This site is optimized with the Yoast SEO plugin v27.4 - https:\/\/yoast.com\/product\/yoast-seo-wordpress\/ -->\n<title>Damen Schwangerschafts-Unterw\u00e4sche, nahtlos, hohe Taille, mittlere Oberschenkel, Pettipants, Schwangerschaftsunterw\u00e4sche\u2026 - Markt-XXL<\/title>\n<meta name=\"description\" content=\"Markt-XXL Damen Schwangerschafts-Unterw\u00e4sche, nahtlos, hohe Taille, mittlere Oberschenkel, Pettipants, Schwangerschaftsunterw\u00e4sche\u2026\" \/>\n<meta name=\"robots\" content=\"index, follow, max-snippet:-1, max-image-preview:large, max-video-preview:-1\" \/>\n<link rel=\"canonical\" href=\"https:\/\/marktxxl.de\/markt\/produkt\/damen-nahtlose-umstands-unterwaesche-hohe-taille-mittleren-oberschenkel-pettipant-schwangerschafts-unterwaesche-fuer-bauchunterstuetzung\/\" \/>\n<meta property=\"og:locale\" content=\"de_DE\" \/>\n<meta property=\"og:type\" content=\"article\" \/>\n<meta property=\"og:title\" content=\"Damen Schwangerschafts-Unterw\u00e4sche, nahtlos, hohe Taille, mittlere Oberschenkel, Pettipants, Schwangerschaftsunterw\u00e4sche\u2026 - Markt-XXL\" \/>\n<meta property=\"og:description\" content=\"Markt-XXL Damen Schwangerschafts-Unterw\u00e4sche, nahtlos, hohe Taille, mittlere Oberschenkel, Pettipants, Schwangerschaftsunterw\u00e4sche\u2026\" \/>\n<meta property=\"og:url\" content=\"https:\/\/marktxxl.de\/markt\/produkt\/damen-nahtlose-umstands-unterwaesche-hohe-taille-mittleren-oberschenkel-pettipant-schwangerschafts-unterwaesche-fuer-bauchunterstuetzung\/\" \/>\n<meta property=\"og:site_name\" content=\"Markt-XXL\" \/>\n<meta property=\"article:modified_time\" content=\"2023-04-11T00:37:18+00:00\" \/>\n<meta property=\"og:image\" content=\"https:\/\/m.media-amazon.com\/images\/I\/31KZfP98JWL._SL500_.jpg\" \/>\n\t<meta property=\"og:image:width\" content=\"500\" \/>\n\t<meta property=\"og:image:height\" content=\"500\" \/>\n\t<meta property=\"og:image:type\" content=\"image\/jpeg\" \/>\n<meta name=\"twitter:card\" content=\"summary_large_image\" \/>\n<meta name=\"twitter:label1\" content=\"Gesch\u00e4tzte Lesezeit\" \/>\n\t<meta name=\"twitter:data1\" content=\"2\u00a0Minuten\" \/>\n<script type=\"application\/ld+json\" class=\"yoast-schema-graph\">{\"@context\":\"https:\\\/\\\/schema.org\",\"@graph\":[{\"@type\":\"WebPage\",\"@id\":\"https:\\\/\\\/marktxxl.de\\\/markt\\\/produkt\\\/damen-nahtlose-umstands-unterwaesche-hohe-taille-mittleren-oberschenkel-pettipant-schwangerschafts-unterwaesche-fuer-bauchunterstuetzung\\\/\",\"url\":\"https:\\\/\\\/marktxxl.de\\\/markt\\\/produkt\\\/damen-nahtlose-umstands-unterwaesche-hohe-taille-mittleren-oberschenkel-pettipant-schwangerschafts-unterwaesche-fuer-bauchunterstuetzung\\\/\",\"name\":\"Damen Schwangerschafts-Unterw\u00e4sche, nahtlos, hohe Taille, mittlere Oberschenkel, Pettipants, Schwangerschaftsunterw\u00e4sche\u2026 - Markt-XXL\",\"isPartOf\":{\"@id\":\"https:\\\/\\\/marktxxl.de\\\/markt\\\/#website\"},\"primaryImageOfPage\":{\"@id\":\"https:\\\/\\\/marktxxl.de\\\/markt\\\/produkt\\\/damen-nahtlose-umstands-unterwaesche-hohe-taille-mittleren-oberschenkel-pettipant-schwangerschafts-unterwaesche-fuer-bauchunterstuetzung\\\/#primaryimage\"},\"image\":{\"@id\":\"https:\\\/\\\/marktxxl.de\\\/markt\\\/produkt\\\/damen-nahtlose-umstands-unterwaesche-hohe-taille-mittleren-oberschenkel-pettipant-schwangerschafts-unterwaesche-fuer-bauchunterstuetzung\\\/#primaryimage\"},\"thumbnailUrl\":\"https:\\\/\\\/m.media-amazon.com\\\/images\\\/I\\\/31KZfP98JWL._SL500_.jpg\",\"datePublished\":\"2021-11-12T01:03:48+00:00\",\"dateModified\":\"2023-04-11T00:37:18+00:00\",\"description\":\"Markt-XXL Damen Schwangerschafts-Unterw\u00e4sche, nahtlos, hohe Taille, mittlere Oberschenkel, Pettipants, Schwangerschaftsunterw\u00e4sche\u2026\",\"breadcrumb\":{\"@id\":\"https:\\\/\\\/marktxxl.de\\\/markt\\\/produkt\\\/damen-nahtlose-umstands-unterwaesche-hohe-taille-mittleren-oberschenkel-pettipant-schwangerschafts-unterwaesche-fuer-bauchunterstuetzung\\\/#breadcrumb\"},\"inLanguage\":\"de\",\"potentialAction\":[{\"@type\":\"ReadAction\",\"target\":[\"https:\\\/\\\/marktxxl.de\\\/markt\\\/produkt\\\/damen-nahtlose-umstands-unterwaesche-hohe-taille-mittleren-oberschenkel-pettipant-schwangerschafts-unterwaesche-fuer-bauchunterstuetzung\\\/\"]}]},{\"@type\":\"ImageObject\",\"inLanguage\":\"de\",\"@id\":\"https:\\\/\\\/marktxxl.de\\\/markt\\\/produkt\\\/damen-nahtlose-umstands-unterwaesche-hohe-taille-mittleren-oberschenkel-pettipant-schwangerschafts-unterwaesche-fuer-bauchunterstuetzung\\\/#primaryimage\",\"url\":\"https:\\\/\\\/m.media-amazon.com\\\/images\\\/I\\\/31KZfP98JWL._SL500_.jpg\",\"contentUrl\":\"https:\\\/\\\/m.media-amazon.com\\\/images\\\/I\\\/31KZfP98JWL._SL500_.jpg\",\"width\":500,\"height\":500},{\"@type\":\"BreadcrumbList\",\"@id\":\"https:\\\/\\\/marktxxl.de\\\/markt\\\/produkt\\\/damen-nahtlose-umstands-unterwaesche-hohe-taille-mittleren-oberschenkel-pettipant-schwangerschafts-unterwaesche-fuer-bauchunterstuetzung\\\/#breadcrumb\",\"itemListElement\":[{\"@type\":\"ListItem\",\"position\":1,\"name\":\"Startseite\",\"item\":\"https:\\\/\\\/marktxxl.de\\\/markt\\\/\"},{\"@type\":\"ListItem\",\"position\":2,\"name\":\"Markt\",\"item\":\"https:\\\/\\\/marktxxl.de\\\/markt\\\/\"},{\"@type\":\"ListItem\",\"position\":3,\"name\":\"Damen Schwangerschafts-Unterw\u00e4sche, nahtlos, hohe Taille, mittlere Oberschenkel, Pettipants, Schwangerschaftsunterw\u00e4sche\u2026\"}]},{\"@type\":\"WebSite\",\"@id\":\"https:\\\/\\\/marktxxl.de\\\/markt\\\/#website\",\"url\":\"https:\\\/\\\/marktxxl.de\\\/markt\\\/\",\"name\":\"Markt-XXL\",\"description\":\"Ihr Markt Online\",\"publisher\":{\"@id\":\"https:\\\/\\\/marktxxl.de\\\/markt\\\/#organization\"},\"potentialAction\":[{\"@type\":\"SearchAction\",\"target\":{\"@type\":\"EntryPoint\",\"urlTemplate\":\"https:\\\/\\\/marktxxl.de\\\/markt\\\/?s={search_term_string}\"},\"query-input\":{\"@type\":\"PropertyValueSpecification\",\"valueRequired\":true,\"valueName\":\"search_term_string\"}}],\"inLanguage\":\"de\"},{\"@type\":\"Organization\",\"@id\":\"https:\\\/\\\/marktxxl.de\\\/markt\\\/#organization\",\"name\":\"Markt-XXL\",\"url\":\"https:\\\/\\\/marktxxl.de\\\/markt\\\/\",\"logo\":{\"@type\":\"ImageObject\",\"inLanguage\":\"de\",\"@id\":\"https:\\\/\\\/marktxxl.de\\\/markt\\\/#\\\/schema\\\/logo\\\/image\\\/\",\"url\":\"https:\\\/\\\/marktxxl.de\\\/markt\\\/wp-content\\\/uploads\\\/sites\\\/3\\\/2020\\\/12\\\/logo.png\",\"contentUrl\":\"https:\\\/\\\/marktxxl.de\\\/markt\\\/wp-content\\\/uploads\\\/sites\\\/3\\\/2020\\\/12\\\/logo.png\",\"width\":200,\"height\":70,\"caption\":\"Markt-XXL\"},\"image\":{\"@id\":\"https:\\\/\\\/marktxxl.de\\\/markt\\\/#\\\/schema\\\/logo\\\/image\\\/\"}}]}<\/script>\n<!-- \/ Yoast SEO plugin. -->","yoast_head_json":{"title":"Damen Schwangerschafts-Unterw\u00e4sche, nahtlos, hohe Taille, mittlere Oberschenkel, Pettipants, Schwangerschaftsunterw\u00e4sche\u2026 - Markt-XXL","description":"Markt-XXL Damen Schwangerschafts-Unterw\u00e4sche, nahtlos, hohe Taille, mittlere Oberschenkel, Pettipants, Schwangerschaftsunterw\u00e4sche\u2026","robots":{"index":"index","follow":"follow","max-snippet":"max-snippet:-1","max-image-preview":"max-image-preview:large","max-video-preview":"max-video-preview:-1"},"canonical":"https:\/\/marktxxl.de\/markt\/produkt\/damen-nahtlose-umstands-unterwaesche-hohe-taille-mittleren-oberschenkel-pettipant-schwangerschafts-unterwaesche-fuer-bauchunterstuetzung\/","og_locale":"de_DE","og_type":"article","og_title":"Damen Schwangerschafts-Unterw\u00e4sche, nahtlos, hohe Taille, mittlere Oberschenkel, Pettipants, Schwangerschaftsunterw\u00e4sche\u2026 - Markt-XXL","og_description":"Markt-XXL Damen Schwangerschafts-Unterw\u00e4sche, nahtlos, hohe Taille, mittlere Oberschenkel, Pettipants, Schwangerschaftsunterw\u00e4sche\u2026","og_url":"https:\/\/marktxxl.de\/markt\/produkt\/damen-nahtlose-umstands-unterwaesche-hohe-taille-mittleren-oberschenkel-pettipant-schwangerschafts-unterwaesche-fuer-bauchunterstuetzung\/","og_site_name":"Markt-XXL","article_modified_time":"2023-04-11T00:37:18+00:00","og_image":[{"width":500,"height":500,"url":"https:\/\/m.media-amazon.com\/images\/I\/31KZfP98JWL._SL500_.jpg","type":"image\/jpeg"}],"twitter_card":"summary_large_image","twitter_misc":{"Gesch\u00e4tzte Lesezeit":"2\u00a0Minuten"},"schema":{"@context":"https:\/\/schema.org","@graph":[{"@type":"WebPage","@id":"https:\/\/marktxxl.de\/markt\/produkt\/damen-nahtlose-umstands-unterwaesche-hohe-taille-mittleren-oberschenkel-pettipant-schwangerschafts-unterwaesche-fuer-bauchunterstuetzung\/","url":"https:\/\/marktxxl.de\/markt\/produkt\/damen-nahtlose-umstands-unterwaesche-hohe-taille-mittleren-oberschenkel-pettipant-schwangerschafts-unterwaesche-fuer-bauchunterstuetzung\/","name":"Damen Schwangerschafts-Unterw\u00e4sche, nahtlos, hohe Taille, mittlere Oberschenkel, Pettipants, Schwangerschaftsunterw\u00e4sche\u2026 - Markt-XXL","isPartOf":{"@id":"https:\/\/marktxxl.de\/markt\/#website"},"primaryImageOfPage":{"@id":"https:\/\/marktxxl.de\/markt\/produkt\/damen-nahtlose-umstands-unterwaesche-hohe-taille-mittleren-oberschenkel-pettipant-schwangerschafts-unterwaesche-fuer-bauchunterstuetzung\/#primaryimage"},"image":{"@id":"https:\/\/marktxxl.de\/markt\/produkt\/damen-nahtlose-umstands-unterwaesche-hohe-taille-mittleren-oberschenkel-pettipant-schwangerschafts-unterwaesche-fuer-bauchunterstuetzung\/#primaryimage"},"thumbnailUrl":"https:\/\/m.media-amazon.com\/images\/I\/31KZfP98JWL._SL500_.jpg","datePublished":"2021-11-12T01:03:48+00:00","dateModified":"2023-04-11T00:37:18+00:00","description":"Markt-XXL Damen Schwangerschafts-Unterw\u00e4sche, nahtlos, hohe Taille, mittlere Oberschenkel, Pettipants, Schwangerschaftsunterw\u00e4sche\u2026","breadcrumb":{"@id":"https:\/\/marktxxl.de\/markt\/produkt\/damen-nahtlose-umstands-unterwaesche-hohe-taille-mittleren-oberschenkel-pettipant-schwangerschafts-unterwaesche-fuer-bauchunterstuetzung\/#breadcrumb"},"inLanguage":"de","potentialAction":[{"@type":"ReadAction","target":["https:\/\/marktxxl.de\/markt\/produkt\/damen-nahtlose-umstands-unterwaesche-hohe-taille-mittleren-oberschenkel-pettipant-schwangerschafts-unterwaesche-fuer-bauchunterstuetzung\/"]}]},{"@type":"ImageObject","inLanguage":"de","@id":"https:\/\/marktxxl.de\/markt\/produkt\/damen-nahtlose-umstands-unterwaesche-hohe-taille-mittleren-oberschenkel-pettipant-schwangerschafts-unterwaesche-fuer-bauchunterstuetzung\/#primaryimage","url":"https:\/\/m.media-amazon.com\/images\/I\/31KZfP98JWL._SL500_.jpg","contentUrl":"https:\/\/m.media-amazon.com\/images\/I\/31KZfP98JWL._SL500_.jpg","width":500,"height":500},{"@type":"BreadcrumbList","@id":"https:\/\/marktxxl.de\/markt\/produkt\/damen-nahtlose-umstands-unterwaesche-hohe-taille-mittleren-oberschenkel-pettipant-schwangerschafts-unterwaesche-fuer-bauchunterstuetzung\/#breadcrumb","itemListElement":[{"@type":"ListItem","position":1,"name":"Startseite","item":"https:\/\/marktxxl.de\/markt\/"},{"@type":"ListItem","position":2,"name":"Markt","item":"https:\/\/marktxxl.de\/markt\/"},{"@type":"ListItem","position":3,"name":"Damen Schwangerschafts-Unterw\u00e4sche, nahtlos, hohe Taille, mittlere Oberschenkel, Pettipants, Schwangerschaftsunterw\u00e4sche\u2026"}]},{"@type":"WebSite","@id":"https:\/\/marktxxl.de\/markt\/#website","url":"https:\/\/marktxxl.de\/markt\/","name":"Markt-XXL","description":"Ihr Markt Online","publisher":{"@id":"https:\/\/marktxxl.de\/markt\/#organization"},"potentialAction":[{"@type":"SearchAction","target":{"@type":"EntryPoint","urlTemplate":"https:\/\/marktxxl.de\/markt\/?s={search_term_string}"},"query-input":{"@type":"PropertyValueSpecification","valueRequired":true,"valueName":"search_term_string"}}],"inLanguage":"de"},{"@type":"Organization","@id":"https:\/\/marktxxl.de\/markt\/#organization","name":"Markt-XXL","url":"https:\/\/marktxxl.de\/markt\/","logo":{"@type":"ImageObject","inLanguage":"de","@id":"https:\/\/marktxxl.de\/markt\/#\/schema\/logo\/image\/","url":"https:\/\/marktxxl.de\/markt\/wp-content\/uploads\/sites\/3\/2020\/12\/logo.png","contentUrl":"https:\/\/marktxxl.de\/markt\/wp-content\/uploads\/sites\/3\/2020\/12\/logo.png","width":200,"height":70,"caption":"Markt-XXL"},"image":{"@id":"https:\/\/marktxxl.de\/markt\/#\/schema\/logo\/image\/"}}]}},"_links":{"self":[{"href":"https:\/\/marktxxl.de\/markt\/wp-json\/wp\/v2\/product\/66991","targetHints":{"allow":["GET"]}}],"collection":[{"href":"https:\/\/marktxxl.de\/markt\/wp-json\/wp\/v2\/product"}],"about":[{"href":"https:\/\/marktxxl.de\/markt\/wp-json\/wp\/v2\/types\/product"}],"replies":[{"embeddable":true,"href":"https:\/\/marktxxl.de\/markt\/wp-json\/wp\/v2\/comments?post=66991"}],"wp:featuredmedia":[{"embeddable":true,"href":"https:\/\/marktxxl.de\/markt\/wp-json\/wp\/v2\/media\/66992"}],"wp:attachment":[{"href":"https:\/\/marktxxl.de\/markt\/wp-json\/wp\/v2\/media?parent=66991"}],"wp:term":[{"taxonomy":"product_brand","embeddable":true,"href":"https:\/\/marktxxl.de\/markt\/wp-json\/wp\/v2\/product_brand?post=66991"},{"taxonomy":"product_cat","embeddable":true,"href":"https:\/\/marktxxl.de\/markt\/wp-json\/wp\/v2\/product_cat?post=66991"},{"taxonomy":"product_tag","embeddable":true,"href":"https:\/\/marktxxl.de\/markt\/wp-json\/wp\/v2\/product_tag?post=66991"}],"curies":[{"name":"wp","href":"https:\/\/api.w.org\/{rel}","templated":true}]}}