{"id":66984,"date":"2021-11-12T02:03:44","date_gmt":"2021-11-12T01:03:44","guid":{"rendered":"https:\/\/marktxxl.de\/markt\/produkt\/ekouaer-damen-umstandskleid-aermelloses-kleid-gestreiftes-nachthemd-schwangerschaft-umstandskleid-fuer-stillen\/"},"modified":"2023-04-11T02:37:18","modified_gmt":"2023-04-11T00:37:18","slug":"ekouaer-damen-umstandskleid-aermelloses-kleid-gestreiftes-nachthemd-schwangerschaft-umstandskleid-fuer-stillen","status":"publish","type":"product","link":"https:\/\/marktxxl.de\/markt\/produkt\/ekouaer-damen-umstandskleid-aermelloses-kleid-gestreiftes-nachthemd-schwangerschaft-umstandskleid-fuer-stillen\/","title":{"rendered":"Ekouaer Women&#8217;s Maternity Sleeveless Dress Striped Nightgown Pregnancy Gown for Breastfeeding"},"content":{"rendered":"<p>Das 3-in-1-Nachthemd f\u00fcr Schwangere, Arbeit, Stillen Ihres Babys nach der Geburt, oder einfach nur zum Schlafen, als Loungewear, Sie werden Sie in dieses bequeme Ekouaer gestreifte\/einfarbige Umstandsnachthemd einlegen.<br \/>\nWeiches Umstands-Krankenhauskleid \u2013 guter Stoff (47,5 % Polyester, 5 % Elasthan, 47,5 % Viskose), der Ihre Haut k\u00fchl und gem\u00fctlich umh\u00fcllt, aus einem leichten, atmungsaktiven Stoff, der nicht so stark knittert, wie ein Hemd aus 100 % Baumwolle tun kann. Damen Stillnachthemd Nachtw\u00e4sche macht Sie sich wohl und gem\u00fctlich.<br \/>\nBequemes Stillen \u2013 Dieses sch\u00f6ne Still-Tankkleid mit gro\u00dfem O-Ausschnitt mit Knopf auf beiden Seiten des Schulterriemens, es ist leicht zu schlie\u00dfen nach dem Stillen, und die Druckkn\u00f6pfe sind stark, aber nicht zu stark, damit sie es schwer machen, es zu \u00f6ffnen sind. Die Schnapp-Schultern sind perfekt zum Stillen.<br \/>\nUmstands-Nachtw\u00e4sche \u2013 kann Ihren schwangeren Bauch bequem bedecken, geeignet zum Entspannen, Schlafen oder Stillen, machen Sie jeden Tag anders und h\u00fcbsch aussehen. Gute Wahl, um es in Ihrer Krankenhaustasche zu verstauen.<br \/>\nPerfektes Schwangerschaftsgeschenk \u2013 beste Wahl f\u00fcr Ihre schwangere Frau, Schwestern oder Freunde. Sie werden dieses stilvolle Ekouaer Schwangerschaftskleid absolut lieben und k\u00f6nnen in jeder Phase mit ihm bleiben. Geeignet f\u00fcr Lounge\/Schlaf oder Stillkleidung, anders aber h\u00fcbsch aussehen<br \/>\n<div class=\"main-cross-sell\" data-asin=\"B07ZHNPMZ6\">\n\n\t<div class=\"WooZone-cross-sell-loader\">\n\t\t<div>\n\t\t\t<div id=\"floatingBarsG\">\n\t\t\t\t<div class=\"blockG\" id=\"rotateG_01\"><\/div>\n\t\t\t\t<div class=\"blockG\" id=\"rotateG_02\"><\/div>\n\t\t\t\t<div class=\"blockG\" id=\"rotateG_03\"><\/div>\n\t\t\t\t<div class=\"blockG\" id=\"rotateG_04\"><\/div>\n\t\t\t\t<div class=\"blockG\" id=\"rotateG_05\"><\/div>\n\t\t\t\t<div class=\"blockG\" id=\"rotateG_06\"><\/div>\n\t\t\t\t<div class=\"blockG\" id=\"rotateG_07\"><\/div>\n\t\t\t\t<div class=\"blockG\" id=\"rotateG_08\"><\/div>\n\t\t\t<\/div>\n\t\t\t<div class=\"WooZone-cross-sell-loader-text\"><\/div>\n\t\t<\/div>\n\t<\/div>\n\n\t\t\n<\/div>\n<div style=\"clear:both;\"><\/div><\/p>\n","protected":false},"excerpt":{"rendered":"<p>Das 3-in-1-Nachthemd f\u00fcr Schwangere, Arbeit, Stillen Ihres Babys nach der Geburt, oder einfach nur zum Schlafen, als Loungewear, Sie werden Sie in dieses bequeme Ekouaer gestreifte\/einfarbige Umstandsnachthemd einlegen.<br \/>\nWeiches Umstands-Krankenhauskleid \u2013 guter Stoff (47,5 % Polyester, 5 % Elasthan, 47,5 % Viskose), der Ihre Haut k\u00fchl und gem\u00fctlich umh\u00fcllt, aus einem leichten, atmungsaktiven Stoff, der nicht so stark knittert, wie ein Hemd aus 100 % Baumwolle tun kann. Damen Stillnachthemd Nachtw\u00e4sche macht Sie sich wohl und gem\u00fctlich.<br \/>\nBequemes Stillen \u2013 Dieses sch\u00f6ne Still-Tankkleid mit gro\u00dfem O-Ausschnitt mit Knopf auf beiden Seiten des Schulterriemens, es ist leicht zu schlie\u00dfen nach dem Stillen, und die Druckkn\u00f6pfe sind stark, aber nicht zu stark, damit sie es schwer machen, es zu \u00f6ffnen sind. Die Schnapp-Schultern sind perfekt zum Stillen.<\/p>\n","protected":false},"featured_media":66985,"comment_status":"open","ping_status":"closed","template":"","meta":[],"product_brand":[],"product_cat":[21,9478],"product_tag":[],"class_list":{"0":"post-66984","1":"product","2":"type-product","3":"status-publish","4":"has-post-thumbnail","6":"product_cat-baby","7":"product_cat-umstandskleidung-baby","8":"pa_brand-ekouaer","9":"pa_manufacturer-ekouaer","10":"pa_model-eky005123","12":"first","13":"instock","14":"shipping-taxable","15":"purchasable","16":"product-type-simple","17":"customify-col","18":"product-has-gallery"},"yoast_head":"<!-- This site is optimized with the Yoast SEO plugin v27.4 - https:\/\/yoast.com\/product\/yoast-seo-wordpress\/ -->\n<title>Ekouaer Women&#039;s Maternity Sleeveless Dress Striped Nightgown Pregnancy Gown for Breastfeeding - Markt-XXL<\/title>\n<meta name=\"description\" content=\"Markt-XXL Ekouaer Women&#039;s Maternity Sleeveless Dress Striped Nightgown Pregnancy Gown for Breastfeeding\" \/>\n<meta name=\"robots\" content=\"index, follow, max-snippet:-1, max-image-preview:large, max-video-preview:-1\" \/>\n<link rel=\"canonical\" href=\"https:\/\/marktxxl.de\/markt\/produkt\/ekouaer-damen-umstandskleid-aermelloses-kleid-gestreiftes-nachthemd-schwangerschaft-umstandskleid-fuer-stillen\/\" \/>\n<meta property=\"og:locale\" content=\"de_DE\" \/>\n<meta property=\"og:type\" content=\"article\" \/>\n<meta property=\"og:title\" content=\"Ekouaer Women&#039;s Maternity Sleeveless Dress Striped Nightgown Pregnancy Gown for Breastfeeding - Markt-XXL\" \/>\n<meta property=\"og:description\" content=\"Markt-XXL Ekouaer Women&#039;s Maternity Sleeveless Dress Striped Nightgown Pregnancy Gown for Breastfeeding\" \/>\n<meta property=\"og:url\" content=\"https:\/\/marktxxl.de\/markt\/produkt\/ekouaer-damen-umstandskleid-aermelloses-kleid-gestreiftes-nachthemd-schwangerschaft-umstandskleid-fuer-stillen\/\" \/>\n<meta property=\"og:site_name\" content=\"Markt-XXL\" \/>\n<meta property=\"article:modified_time\" content=\"2023-04-11T00:37:18+00:00\" \/>\n<meta property=\"og:image\" content=\"https:\/\/m.media-amazon.com\/images\/I\/51SBHuHCpXL._SL500_.jpg\" \/>\n\t<meta property=\"og:image:width\" content=\"385\" \/>\n\t<meta property=\"og:image:height\" content=\"500\" \/>\n\t<meta property=\"og:image:type\" content=\"image\/jpeg\" \/>\n<meta name=\"twitter:card\" content=\"summary_large_image\" \/>\n<meta name=\"twitter:label1\" content=\"Gesch\u00e4tzte Lesezeit\" \/>\n\t<meta name=\"twitter:data1\" content=\"1\u00a0Minute\" \/>\n<script type=\"application\/ld+json\" class=\"yoast-schema-graph\">{\"@context\":\"https:\\\/\\\/schema.org\",\"@graph\":[{\"@type\":\"WebPage\",\"@id\":\"https:\\\/\\\/marktxxl.de\\\/markt\\\/produkt\\\/ekouaer-damen-umstandskleid-aermelloses-kleid-gestreiftes-nachthemd-schwangerschaft-umstandskleid-fuer-stillen\\\/\",\"url\":\"https:\\\/\\\/marktxxl.de\\\/markt\\\/produkt\\\/ekouaer-damen-umstandskleid-aermelloses-kleid-gestreiftes-nachthemd-schwangerschaft-umstandskleid-fuer-stillen\\\/\",\"name\":\"Ekouaer Women's Maternity Sleeveless Dress Striped Nightgown Pregnancy Gown for Breastfeeding - Markt-XXL\",\"isPartOf\":{\"@id\":\"https:\\\/\\\/marktxxl.de\\\/markt\\\/#website\"},\"primaryImageOfPage\":{\"@id\":\"https:\\\/\\\/marktxxl.de\\\/markt\\\/produkt\\\/ekouaer-damen-umstandskleid-aermelloses-kleid-gestreiftes-nachthemd-schwangerschaft-umstandskleid-fuer-stillen\\\/#primaryimage\"},\"image\":{\"@id\":\"https:\\\/\\\/marktxxl.de\\\/markt\\\/produkt\\\/ekouaer-damen-umstandskleid-aermelloses-kleid-gestreiftes-nachthemd-schwangerschaft-umstandskleid-fuer-stillen\\\/#primaryimage\"},\"thumbnailUrl\":\"https:\\\/\\\/m.media-amazon.com\\\/images\\\/I\\\/51SBHuHCpXL._SL500_.jpg\",\"datePublished\":\"2021-11-12T01:03:44+00:00\",\"dateModified\":\"2023-04-11T00:37:18+00:00\",\"description\":\"Markt-XXL Ekouaer Women's Maternity Sleeveless Dress Striped Nightgown Pregnancy Gown for Breastfeeding\",\"breadcrumb\":{\"@id\":\"https:\\\/\\\/marktxxl.de\\\/markt\\\/produkt\\\/ekouaer-damen-umstandskleid-aermelloses-kleid-gestreiftes-nachthemd-schwangerschaft-umstandskleid-fuer-stillen\\\/#breadcrumb\"},\"inLanguage\":\"de\",\"potentialAction\":[{\"@type\":\"ReadAction\",\"target\":[\"https:\\\/\\\/marktxxl.de\\\/markt\\\/produkt\\\/ekouaer-damen-umstandskleid-aermelloses-kleid-gestreiftes-nachthemd-schwangerschaft-umstandskleid-fuer-stillen\\\/\"]}]},{\"@type\":\"ImageObject\",\"inLanguage\":\"de\",\"@id\":\"https:\\\/\\\/marktxxl.de\\\/markt\\\/produkt\\\/ekouaer-damen-umstandskleid-aermelloses-kleid-gestreiftes-nachthemd-schwangerschaft-umstandskleid-fuer-stillen\\\/#primaryimage\",\"url\":\"https:\\\/\\\/m.media-amazon.com\\\/images\\\/I\\\/51SBHuHCpXL._SL500_.jpg\",\"contentUrl\":\"https:\\\/\\\/m.media-amazon.com\\\/images\\\/I\\\/51SBHuHCpXL._SL500_.jpg\",\"width\":385,\"height\":500},{\"@type\":\"BreadcrumbList\",\"@id\":\"https:\\\/\\\/marktxxl.de\\\/markt\\\/produkt\\\/ekouaer-damen-umstandskleid-aermelloses-kleid-gestreiftes-nachthemd-schwangerschaft-umstandskleid-fuer-stillen\\\/#breadcrumb\",\"itemListElement\":[{\"@type\":\"ListItem\",\"position\":1,\"name\":\"Startseite\",\"item\":\"https:\\\/\\\/marktxxl.de\\\/markt\\\/\"},{\"@type\":\"ListItem\",\"position\":2,\"name\":\"Markt\",\"item\":\"https:\\\/\\\/marktxxl.de\\\/markt\\\/\"},{\"@type\":\"ListItem\",\"position\":3,\"name\":\"Ekouaer Women&#8217;s Maternity Sleeveless Dress Striped Nightgown Pregnancy Gown for Breastfeeding\"}]},{\"@type\":\"WebSite\",\"@id\":\"https:\\\/\\\/marktxxl.de\\\/markt\\\/#website\",\"url\":\"https:\\\/\\\/marktxxl.de\\\/markt\\\/\",\"name\":\"Markt-XXL\",\"description\":\"Ihr Markt Online\",\"publisher\":{\"@id\":\"https:\\\/\\\/marktxxl.de\\\/markt\\\/#organization\"},\"potentialAction\":[{\"@type\":\"SearchAction\",\"target\":{\"@type\":\"EntryPoint\",\"urlTemplate\":\"https:\\\/\\\/marktxxl.de\\\/markt\\\/?s={search_term_string}\"},\"query-input\":{\"@type\":\"PropertyValueSpecification\",\"valueRequired\":true,\"valueName\":\"search_term_string\"}}],\"inLanguage\":\"de\"},{\"@type\":\"Organization\",\"@id\":\"https:\\\/\\\/marktxxl.de\\\/markt\\\/#organization\",\"name\":\"Markt-XXL\",\"url\":\"https:\\\/\\\/marktxxl.de\\\/markt\\\/\",\"logo\":{\"@type\":\"ImageObject\",\"inLanguage\":\"de\",\"@id\":\"https:\\\/\\\/marktxxl.de\\\/markt\\\/#\\\/schema\\\/logo\\\/image\\\/\",\"url\":\"https:\\\/\\\/marktxxl.de\\\/markt\\\/wp-content\\\/uploads\\\/sites\\\/3\\\/2020\\\/12\\\/logo.png\",\"contentUrl\":\"https:\\\/\\\/marktxxl.de\\\/markt\\\/wp-content\\\/uploads\\\/sites\\\/3\\\/2020\\\/12\\\/logo.png\",\"width\":200,\"height\":70,\"caption\":\"Markt-XXL\"},\"image\":{\"@id\":\"https:\\\/\\\/marktxxl.de\\\/markt\\\/#\\\/schema\\\/logo\\\/image\\\/\"}}]}<\/script>\n<!-- \/ Yoast SEO plugin. -->","yoast_head_json":{"title":"Ekouaer Women's Maternity Sleeveless Dress Striped Nightgown Pregnancy Gown for Breastfeeding - Markt-XXL","description":"Markt-XXL Ekouaer Women's Maternity Sleeveless Dress Striped Nightgown Pregnancy Gown for Breastfeeding","robots":{"index":"index","follow":"follow","max-snippet":"max-snippet:-1","max-image-preview":"max-image-preview:large","max-video-preview":"max-video-preview:-1"},"canonical":"https:\/\/marktxxl.de\/markt\/produkt\/ekouaer-damen-umstandskleid-aermelloses-kleid-gestreiftes-nachthemd-schwangerschaft-umstandskleid-fuer-stillen\/","og_locale":"de_DE","og_type":"article","og_title":"Ekouaer Women's Maternity Sleeveless Dress Striped Nightgown Pregnancy Gown for Breastfeeding - Markt-XXL","og_description":"Markt-XXL Ekouaer Women's Maternity Sleeveless Dress Striped Nightgown Pregnancy Gown for Breastfeeding","og_url":"https:\/\/marktxxl.de\/markt\/produkt\/ekouaer-damen-umstandskleid-aermelloses-kleid-gestreiftes-nachthemd-schwangerschaft-umstandskleid-fuer-stillen\/","og_site_name":"Markt-XXL","article_modified_time":"2023-04-11T00:37:18+00:00","og_image":[{"width":385,"height":500,"url":"https:\/\/m.media-amazon.com\/images\/I\/51SBHuHCpXL._SL500_.jpg","type":"image\/jpeg"}],"twitter_card":"summary_large_image","twitter_misc":{"Gesch\u00e4tzte Lesezeit":"1\u00a0Minute"},"schema":{"@context":"https:\/\/schema.org","@graph":[{"@type":"WebPage","@id":"https:\/\/marktxxl.de\/markt\/produkt\/ekouaer-damen-umstandskleid-aermelloses-kleid-gestreiftes-nachthemd-schwangerschaft-umstandskleid-fuer-stillen\/","url":"https:\/\/marktxxl.de\/markt\/produkt\/ekouaer-damen-umstandskleid-aermelloses-kleid-gestreiftes-nachthemd-schwangerschaft-umstandskleid-fuer-stillen\/","name":"Ekouaer Women's Maternity Sleeveless Dress Striped Nightgown Pregnancy Gown for Breastfeeding - Markt-XXL","isPartOf":{"@id":"https:\/\/marktxxl.de\/markt\/#website"},"primaryImageOfPage":{"@id":"https:\/\/marktxxl.de\/markt\/produkt\/ekouaer-damen-umstandskleid-aermelloses-kleid-gestreiftes-nachthemd-schwangerschaft-umstandskleid-fuer-stillen\/#primaryimage"},"image":{"@id":"https:\/\/marktxxl.de\/markt\/produkt\/ekouaer-damen-umstandskleid-aermelloses-kleid-gestreiftes-nachthemd-schwangerschaft-umstandskleid-fuer-stillen\/#primaryimage"},"thumbnailUrl":"https:\/\/m.media-amazon.com\/images\/I\/51SBHuHCpXL._SL500_.jpg","datePublished":"2021-11-12T01:03:44+00:00","dateModified":"2023-04-11T00:37:18+00:00","description":"Markt-XXL Ekouaer Women's Maternity Sleeveless Dress Striped Nightgown Pregnancy Gown for Breastfeeding","breadcrumb":{"@id":"https:\/\/marktxxl.de\/markt\/produkt\/ekouaer-damen-umstandskleid-aermelloses-kleid-gestreiftes-nachthemd-schwangerschaft-umstandskleid-fuer-stillen\/#breadcrumb"},"inLanguage":"de","potentialAction":[{"@type":"ReadAction","target":["https:\/\/marktxxl.de\/markt\/produkt\/ekouaer-damen-umstandskleid-aermelloses-kleid-gestreiftes-nachthemd-schwangerschaft-umstandskleid-fuer-stillen\/"]}]},{"@type":"ImageObject","inLanguage":"de","@id":"https:\/\/marktxxl.de\/markt\/produkt\/ekouaer-damen-umstandskleid-aermelloses-kleid-gestreiftes-nachthemd-schwangerschaft-umstandskleid-fuer-stillen\/#primaryimage","url":"https:\/\/m.media-amazon.com\/images\/I\/51SBHuHCpXL._SL500_.jpg","contentUrl":"https:\/\/m.media-amazon.com\/images\/I\/51SBHuHCpXL._SL500_.jpg","width":385,"height":500},{"@type":"BreadcrumbList","@id":"https:\/\/marktxxl.de\/markt\/produkt\/ekouaer-damen-umstandskleid-aermelloses-kleid-gestreiftes-nachthemd-schwangerschaft-umstandskleid-fuer-stillen\/#breadcrumb","itemListElement":[{"@type":"ListItem","position":1,"name":"Startseite","item":"https:\/\/marktxxl.de\/markt\/"},{"@type":"ListItem","position":2,"name":"Markt","item":"https:\/\/marktxxl.de\/markt\/"},{"@type":"ListItem","position":3,"name":"Ekouaer Women&#8217;s Maternity Sleeveless Dress Striped Nightgown Pregnancy Gown for Breastfeeding"}]},{"@type":"WebSite","@id":"https:\/\/marktxxl.de\/markt\/#website","url":"https:\/\/marktxxl.de\/markt\/","name":"Markt-XXL","description":"Ihr Markt Online","publisher":{"@id":"https:\/\/marktxxl.de\/markt\/#organization"},"potentialAction":[{"@type":"SearchAction","target":{"@type":"EntryPoint","urlTemplate":"https:\/\/marktxxl.de\/markt\/?s={search_term_string}"},"query-input":{"@type":"PropertyValueSpecification","valueRequired":true,"valueName":"search_term_string"}}],"inLanguage":"de"},{"@type":"Organization","@id":"https:\/\/marktxxl.de\/markt\/#organization","name":"Markt-XXL","url":"https:\/\/marktxxl.de\/markt\/","logo":{"@type":"ImageObject","inLanguage":"de","@id":"https:\/\/marktxxl.de\/markt\/#\/schema\/logo\/image\/","url":"https:\/\/marktxxl.de\/markt\/wp-content\/uploads\/sites\/3\/2020\/12\/logo.png","contentUrl":"https:\/\/marktxxl.de\/markt\/wp-content\/uploads\/sites\/3\/2020\/12\/logo.png","width":200,"height":70,"caption":"Markt-XXL"},"image":{"@id":"https:\/\/marktxxl.de\/markt\/#\/schema\/logo\/image\/"}}]}},"_links":{"self":[{"href":"https:\/\/marktxxl.de\/markt\/wp-json\/wp\/v2\/product\/66984","targetHints":{"allow":["GET"]}}],"collection":[{"href":"https:\/\/marktxxl.de\/markt\/wp-json\/wp\/v2\/product"}],"about":[{"href":"https:\/\/marktxxl.de\/markt\/wp-json\/wp\/v2\/types\/product"}],"replies":[{"embeddable":true,"href":"https:\/\/marktxxl.de\/markt\/wp-json\/wp\/v2\/comments?post=66984"}],"wp:featuredmedia":[{"embeddable":true,"href":"https:\/\/marktxxl.de\/markt\/wp-json\/wp\/v2\/media\/66985"}],"wp:attachment":[{"href":"https:\/\/marktxxl.de\/markt\/wp-json\/wp\/v2\/media?parent=66984"}],"wp:term":[{"taxonomy":"product_brand","embeddable":true,"href":"https:\/\/marktxxl.de\/markt\/wp-json\/wp\/v2\/product_brand?post=66984"},{"taxonomy":"product_cat","embeddable":true,"href":"https:\/\/marktxxl.de\/markt\/wp-json\/wp\/v2\/product_cat?post=66984"},{"taxonomy":"product_tag","embeddable":true,"href":"https:\/\/marktxxl.de\/markt\/wp-json\/wp\/v2\/product_tag?post=66984"}],"curies":[{"name":"wp","href":"https:\/\/api.w.org\/{rel}","templated":true}]}}