{"id":66875,"date":"2021-11-12T01:54:38","date_gmt":"2021-11-12T00:54:38","guid":{"rendered":"https:\/\/marktxxl.de\/markt\/produkt\/schoberg-2-stufen-badhocker-kinder-hocker-tritthocker-kinderhocker-36-x-30-x-27cm-bis-100-kg-trittbank-stufe-kind\/"},"modified":"2023-04-11T02:37:15","modified_gmt":"2023-04-11T00:37:15","slug":"schoberg-2-stufen-badhocker-kinder-hocker-tritthocker-kinderhocker-36-x-30-x-27cm-bis-100-kg-trittbank-stufe-kind","status":"publish","type":"product","link":"https:\/\/marktxxl.de\/markt\/produkt\/schoberg-2-stufen-badhocker-kinder-hocker-tritthocker-kinderhocker-36-x-30-x-27cm-bis-100-kg-trittbank-stufe-kind\/","title":{"rendered":"SCHOBERG 2-Stufen Tritthocker | rutschfeste F\u00fc\u00dfe und Oberfl\u00e4che Badezimmer Hocker | Erh\u00f6hte Greifhilfe f\u00fcr Kinder und\u2026"},"content":{"rendered":"<p>PRODUKTINFO: Ma\u00dfe: 36 x 30 x 27cm (L\u00e4nge x Breite x H\u00f6he) nur 1 Kg. Inklusive 2 Stufen und Antirutsch Fl\u00e4chen, ein Tragegriff f\u00fcr mobilen Einsatz. Material: robustes Kunststoff f\u00fcr eine lange Lebensdauer.<br \/>\nKONSTRUKTION: Mit Hilfe der praktischen Konstruktion ist der Hocker leicht und dennoch mit bis zu 100 Kg. belastbar. Durch die Antirutschf\u00fc\u00dfe steht der Hocker sicher und fest.<br \/>\nSICHERHEIT: F\u00fcr Kinder und Senioren optimal geeignet um an schwer zug\u00e4ngliche stellen ohne Gefahr und Kinderleicht zu erreichen.<br \/>\nEINSATZBEREICH: Mit extra gro\u00dfer Trittfl\u00e4che f\u00fcr Kinder als Erh\u00f6hung am Waschbecken beim Z\u00e4hneputzen oder f\u00fcr Erwachsende als erh\u00f6hte Greifhilfe. F\u00fcr Senioren kann der Hocker als Allroundhilfe einfach ins Auto gelegt werden.<br \/>\nIdealer Wegbegleiter f\u00fcr Gro\u00df und klein, ein muss f\u00fcr jeden Haushalt, Camping-, Wanderurlaub<br \/>\n<div class=\"main-cross-sell\" data-asin=\"B07TD9C956\">\n\n\t<div class=\"WooZone-cross-sell-loader\">\n\t\t<div>\n\t\t\t<div id=\"floatingBarsG\">\n\t\t\t\t<div class=\"blockG\" id=\"rotateG_01\"><\/div>\n\t\t\t\t<div class=\"blockG\" id=\"rotateG_02\"><\/div>\n\t\t\t\t<div class=\"blockG\" id=\"rotateG_03\"><\/div>\n\t\t\t\t<div class=\"blockG\" id=\"rotateG_04\"><\/div>\n\t\t\t\t<div class=\"blockG\" id=\"rotateG_05\"><\/div>\n\t\t\t\t<div class=\"blockG\" id=\"rotateG_06\"><\/div>\n\t\t\t\t<div class=\"blockG\" id=\"rotateG_07\"><\/div>\n\t\t\t\t<div class=\"blockG\" id=\"rotateG_08\"><\/div>\n\t\t\t<\/div>\n\t\t\t<div class=\"WooZone-cross-sell-loader-text\"><\/div>\n\t\t<\/div>\n\t<\/div>\n\n\t\t\n<\/div>\n<div style=\"clear:both;\"><\/div><\/p>\n","protected":false},"excerpt":{"rendered":"<p>PRODUKTINFO: Ma\u00dfe: 36 x 30 x 27cm (L\u00e4nge x Breite x H\u00f6he) nur 1 Kg. Inklusive 2 Stufen und Antirutsch Fl\u00e4chen, ein Tragegriff f\u00fcr mobilen Einsatz. Material: robustes Kunststoff f\u00fcr eine lange Lebensdauer.<br \/>\nKONSTRUKTION: Mit Hilfe der praktischen Konstruktion ist der Hocker leicht und dennoch mit bis zu 100 Kg. belastbar. Durch die Antirutschf\u00fc\u00dfe steht der Hocker sicher und fest.<br \/>\nSICHERHEIT: F\u00fcr Kinder und Senioren optimal geeignet um an schwer zug\u00e4ngliche stellen ohne Gefahr und Kinderleicht zu erreichen.<\/p>\n","protected":false},"featured_media":66876,"comment_status":"open","ping_status":"closed","template":"","meta":[],"product_brand":[],"product_cat":[21,9437],"product_tag":[],"class_list":{"0":"post-66875","1":"product","2":"type-product","3":"status-publish","4":"has-post-thumbnail","6":"product_cat-baby","7":"product_cat-toepfchen-trittschemel-baby","8":"pa_binding-haushaltswaren","9":"pa_brand-schoberg","10":"pa_color-weiss-grau","11":"pa_height-27-zentimeter","12":"pa_length-36-zentimeter","13":"pa_manufacturer-schoberg","14":"pa_size-masse-36-x-30-x-27cm-laenge-x-breite-x-hoehe","15":"pa_weight-2-20462262-pfund","16":"pa_width-30-zentimeter","18":"first","19":"instock","20":"shipping-taxable","21":"purchasable","22":"product-type-simple","23":"customify-col","24":"product-has-gallery"},"yoast_head":"<!-- This site is optimized with the Yoast SEO plugin v27.3 - https:\/\/yoast.com\/product\/yoast-seo-wordpress\/ -->\n<title>SCHOBERG 2-Stufen Tritthocker | rutschfeste F\u00fc\u00dfe und Oberfl\u00e4che Badezimmer Hocker | Erh\u00f6hte Greifhilfe f\u00fcr Kinder und\u2026 - Markt-XXL<\/title>\n<meta name=\"description\" content=\"Markt-XXL SCHOBERG 2-Stufen Tritthocker | rutschfeste F\u00fc\u00dfe und Oberfl\u00e4che Badezimmer Hocker | Erh\u00f6hte Greifhilfe f\u00fcr Kinder und\u2026\" \/>\n<meta name=\"robots\" content=\"index, follow, max-snippet:-1, max-image-preview:large, max-video-preview:-1\" \/>\n<link rel=\"canonical\" href=\"https:\/\/marktxxl.de\/markt\/produkt\/schoberg-2-stufen-badhocker-kinder-hocker-tritthocker-kinderhocker-36-x-30-x-27cm-bis-100-kg-trittbank-stufe-kind\/\" \/>\n<meta property=\"og:locale\" content=\"de_DE\" \/>\n<meta property=\"og:type\" content=\"article\" \/>\n<meta property=\"og:title\" content=\"SCHOBERG 2-Stufen Tritthocker | rutschfeste F\u00fc\u00dfe und Oberfl\u00e4che Badezimmer Hocker | Erh\u00f6hte Greifhilfe f\u00fcr Kinder und\u2026 - Markt-XXL\" \/>\n<meta property=\"og:description\" content=\"Markt-XXL SCHOBERG 2-Stufen Tritthocker | rutschfeste F\u00fc\u00dfe und Oberfl\u00e4che Badezimmer Hocker | Erh\u00f6hte Greifhilfe f\u00fcr Kinder und\u2026\" \/>\n<meta property=\"og:url\" content=\"https:\/\/marktxxl.de\/markt\/produkt\/schoberg-2-stufen-badhocker-kinder-hocker-tritthocker-kinderhocker-36-x-30-x-27cm-bis-100-kg-trittbank-stufe-kind\/\" \/>\n<meta property=\"og:site_name\" content=\"Markt-XXL\" \/>\n<meta property=\"article:modified_time\" content=\"2023-04-11T00:37:15+00:00\" \/>\n<meta property=\"og:image\" content=\"https:\/\/m.media-amazon.com\/images\/I\/316RH+HIiBL._SL500_.jpg\" \/>\n\t<meta property=\"og:image:width\" content=\"500\" \/>\n\t<meta property=\"og:image:height\" content=\"500\" \/>\n\t<meta property=\"og:image:type\" content=\"image\/jpeg\" \/>\n<meta name=\"twitter:card\" content=\"summary_large_image\" \/>\n<meta name=\"twitter:label1\" content=\"Gesch\u00e4tzte Lesezeit\" \/>\n\t<meta name=\"twitter:data1\" content=\"1\u00a0Minute\" \/>\n<script type=\"application\/ld+json\" class=\"yoast-schema-graph\">{\"@context\":\"https:\\\/\\\/schema.org\",\"@graph\":[{\"@type\":\"WebPage\",\"@id\":\"https:\\\/\\\/marktxxl.de\\\/markt\\\/produkt\\\/schoberg-2-stufen-badhocker-kinder-hocker-tritthocker-kinderhocker-36-x-30-x-27cm-bis-100-kg-trittbank-stufe-kind\\\/\",\"url\":\"https:\\\/\\\/marktxxl.de\\\/markt\\\/produkt\\\/schoberg-2-stufen-badhocker-kinder-hocker-tritthocker-kinderhocker-36-x-30-x-27cm-bis-100-kg-trittbank-stufe-kind\\\/\",\"name\":\"SCHOBERG 2-Stufen Tritthocker | rutschfeste F\u00fc\u00dfe und Oberfl\u00e4che Badezimmer Hocker | Erh\u00f6hte Greifhilfe f\u00fcr Kinder und\u2026 - Markt-XXL\",\"isPartOf\":{\"@id\":\"https:\\\/\\\/marktxxl.de\\\/markt\\\/#website\"},\"primaryImageOfPage\":{\"@id\":\"https:\\\/\\\/marktxxl.de\\\/markt\\\/produkt\\\/schoberg-2-stufen-badhocker-kinder-hocker-tritthocker-kinderhocker-36-x-30-x-27cm-bis-100-kg-trittbank-stufe-kind\\\/#primaryimage\"},\"image\":{\"@id\":\"https:\\\/\\\/marktxxl.de\\\/markt\\\/produkt\\\/schoberg-2-stufen-badhocker-kinder-hocker-tritthocker-kinderhocker-36-x-30-x-27cm-bis-100-kg-trittbank-stufe-kind\\\/#primaryimage\"},\"thumbnailUrl\":\"https:\\\/\\\/m.media-amazon.com\\\/images\\\/I\\\/316RH+HIiBL._SL500_.jpg\",\"datePublished\":\"2021-11-12T00:54:38+00:00\",\"dateModified\":\"2023-04-11T00:37:15+00:00\",\"description\":\"Markt-XXL SCHOBERG 2-Stufen Tritthocker | rutschfeste F\u00fc\u00dfe und Oberfl\u00e4che Badezimmer Hocker | Erh\u00f6hte Greifhilfe f\u00fcr Kinder und\u2026\",\"breadcrumb\":{\"@id\":\"https:\\\/\\\/marktxxl.de\\\/markt\\\/produkt\\\/schoberg-2-stufen-badhocker-kinder-hocker-tritthocker-kinderhocker-36-x-30-x-27cm-bis-100-kg-trittbank-stufe-kind\\\/#breadcrumb\"},\"inLanguage\":\"de\",\"potentialAction\":[{\"@type\":\"ReadAction\",\"target\":[\"https:\\\/\\\/marktxxl.de\\\/markt\\\/produkt\\\/schoberg-2-stufen-badhocker-kinder-hocker-tritthocker-kinderhocker-36-x-30-x-27cm-bis-100-kg-trittbank-stufe-kind\\\/\"]}]},{\"@type\":\"ImageObject\",\"inLanguage\":\"de\",\"@id\":\"https:\\\/\\\/marktxxl.de\\\/markt\\\/produkt\\\/schoberg-2-stufen-badhocker-kinder-hocker-tritthocker-kinderhocker-36-x-30-x-27cm-bis-100-kg-trittbank-stufe-kind\\\/#primaryimage\",\"url\":\"https:\\\/\\\/m.media-amazon.com\\\/images\\\/I\\\/316RH+HIiBL._SL500_.jpg\",\"contentUrl\":\"https:\\\/\\\/m.media-amazon.com\\\/images\\\/I\\\/316RH+HIiBL._SL500_.jpg\",\"width\":500,\"height\":500},{\"@type\":\"BreadcrumbList\",\"@id\":\"https:\\\/\\\/marktxxl.de\\\/markt\\\/produkt\\\/schoberg-2-stufen-badhocker-kinder-hocker-tritthocker-kinderhocker-36-x-30-x-27cm-bis-100-kg-trittbank-stufe-kind\\\/#breadcrumb\",\"itemListElement\":[{\"@type\":\"ListItem\",\"position\":1,\"name\":\"Startseite\",\"item\":\"https:\\\/\\\/marktxxl.de\\\/markt\\\/\"},{\"@type\":\"ListItem\",\"position\":2,\"name\":\"Markt\",\"item\":\"https:\\\/\\\/marktxxl.de\\\/markt\\\/\"},{\"@type\":\"ListItem\",\"position\":3,\"name\":\"SCHOBERG 2-Stufen Tritthocker | rutschfeste F\u00fc\u00dfe und Oberfl\u00e4che Badezimmer Hocker | Erh\u00f6hte Greifhilfe f\u00fcr Kinder und\u2026\"}]},{\"@type\":\"WebSite\",\"@id\":\"https:\\\/\\\/marktxxl.de\\\/markt\\\/#website\",\"url\":\"https:\\\/\\\/marktxxl.de\\\/markt\\\/\",\"name\":\"Markt-XXL\",\"description\":\"Ihr Markt Online\",\"publisher\":{\"@id\":\"https:\\\/\\\/marktxxl.de\\\/markt\\\/#organization\"},\"potentialAction\":[{\"@type\":\"SearchAction\",\"target\":{\"@type\":\"EntryPoint\",\"urlTemplate\":\"https:\\\/\\\/marktxxl.de\\\/markt\\\/?s={search_term_string}\"},\"query-input\":{\"@type\":\"PropertyValueSpecification\",\"valueRequired\":true,\"valueName\":\"search_term_string\"}}],\"inLanguage\":\"de\"},{\"@type\":\"Organization\",\"@id\":\"https:\\\/\\\/marktxxl.de\\\/markt\\\/#organization\",\"name\":\"Markt-XXL\",\"url\":\"https:\\\/\\\/marktxxl.de\\\/markt\\\/\",\"logo\":{\"@type\":\"ImageObject\",\"inLanguage\":\"de\",\"@id\":\"https:\\\/\\\/marktxxl.de\\\/markt\\\/#\\\/schema\\\/logo\\\/image\\\/\",\"url\":\"https:\\\/\\\/marktxxl.de\\\/markt\\\/wp-content\\\/uploads\\\/sites\\\/3\\\/2020\\\/12\\\/logo.png\",\"contentUrl\":\"https:\\\/\\\/marktxxl.de\\\/markt\\\/wp-content\\\/uploads\\\/sites\\\/3\\\/2020\\\/12\\\/logo.png\",\"width\":200,\"height\":70,\"caption\":\"Markt-XXL\"},\"image\":{\"@id\":\"https:\\\/\\\/marktxxl.de\\\/markt\\\/#\\\/schema\\\/logo\\\/image\\\/\"}}]}<\/script>\n<!-- \/ Yoast SEO plugin. -->","yoast_head_json":{"title":"SCHOBERG 2-Stufen Tritthocker | rutschfeste F\u00fc\u00dfe und Oberfl\u00e4che Badezimmer Hocker | Erh\u00f6hte Greifhilfe f\u00fcr Kinder und\u2026 - Markt-XXL","description":"Markt-XXL SCHOBERG 2-Stufen Tritthocker | rutschfeste F\u00fc\u00dfe und Oberfl\u00e4che Badezimmer Hocker | Erh\u00f6hte Greifhilfe f\u00fcr Kinder und\u2026","robots":{"index":"index","follow":"follow","max-snippet":"max-snippet:-1","max-image-preview":"max-image-preview:large","max-video-preview":"max-video-preview:-1"},"canonical":"https:\/\/marktxxl.de\/markt\/produkt\/schoberg-2-stufen-badhocker-kinder-hocker-tritthocker-kinderhocker-36-x-30-x-27cm-bis-100-kg-trittbank-stufe-kind\/","og_locale":"de_DE","og_type":"article","og_title":"SCHOBERG 2-Stufen Tritthocker | rutschfeste F\u00fc\u00dfe und Oberfl\u00e4che Badezimmer Hocker | Erh\u00f6hte Greifhilfe f\u00fcr Kinder und\u2026 - Markt-XXL","og_description":"Markt-XXL SCHOBERG 2-Stufen Tritthocker | rutschfeste F\u00fc\u00dfe und Oberfl\u00e4che Badezimmer Hocker | Erh\u00f6hte Greifhilfe f\u00fcr Kinder und\u2026","og_url":"https:\/\/marktxxl.de\/markt\/produkt\/schoberg-2-stufen-badhocker-kinder-hocker-tritthocker-kinderhocker-36-x-30-x-27cm-bis-100-kg-trittbank-stufe-kind\/","og_site_name":"Markt-XXL","article_modified_time":"2023-04-11T00:37:15+00:00","og_image":[{"width":500,"height":500,"url":"https:\/\/m.media-amazon.com\/images\/I\/316RH+HIiBL._SL500_.jpg","type":"image\/jpeg"}],"twitter_card":"summary_large_image","twitter_misc":{"Gesch\u00e4tzte Lesezeit":"1\u00a0Minute"},"schema":{"@context":"https:\/\/schema.org","@graph":[{"@type":"WebPage","@id":"https:\/\/marktxxl.de\/markt\/produkt\/schoberg-2-stufen-badhocker-kinder-hocker-tritthocker-kinderhocker-36-x-30-x-27cm-bis-100-kg-trittbank-stufe-kind\/","url":"https:\/\/marktxxl.de\/markt\/produkt\/schoberg-2-stufen-badhocker-kinder-hocker-tritthocker-kinderhocker-36-x-30-x-27cm-bis-100-kg-trittbank-stufe-kind\/","name":"SCHOBERG 2-Stufen Tritthocker | rutschfeste F\u00fc\u00dfe und Oberfl\u00e4che Badezimmer Hocker | Erh\u00f6hte Greifhilfe f\u00fcr Kinder und\u2026 - Markt-XXL","isPartOf":{"@id":"https:\/\/marktxxl.de\/markt\/#website"},"primaryImageOfPage":{"@id":"https:\/\/marktxxl.de\/markt\/produkt\/schoberg-2-stufen-badhocker-kinder-hocker-tritthocker-kinderhocker-36-x-30-x-27cm-bis-100-kg-trittbank-stufe-kind\/#primaryimage"},"image":{"@id":"https:\/\/marktxxl.de\/markt\/produkt\/schoberg-2-stufen-badhocker-kinder-hocker-tritthocker-kinderhocker-36-x-30-x-27cm-bis-100-kg-trittbank-stufe-kind\/#primaryimage"},"thumbnailUrl":"https:\/\/m.media-amazon.com\/images\/I\/316RH+HIiBL._SL500_.jpg","datePublished":"2021-11-12T00:54:38+00:00","dateModified":"2023-04-11T00:37:15+00:00","description":"Markt-XXL SCHOBERG 2-Stufen Tritthocker | rutschfeste F\u00fc\u00dfe und Oberfl\u00e4che Badezimmer Hocker | Erh\u00f6hte Greifhilfe f\u00fcr Kinder und\u2026","breadcrumb":{"@id":"https:\/\/marktxxl.de\/markt\/produkt\/schoberg-2-stufen-badhocker-kinder-hocker-tritthocker-kinderhocker-36-x-30-x-27cm-bis-100-kg-trittbank-stufe-kind\/#breadcrumb"},"inLanguage":"de","potentialAction":[{"@type":"ReadAction","target":["https:\/\/marktxxl.de\/markt\/produkt\/schoberg-2-stufen-badhocker-kinder-hocker-tritthocker-kinderhocker-36-x-30-x-27cm-bis-100-kg-trittbank-stufe-kind\/"]}]},{"@type":"ImageObject","inLanguage":"de","@id":"https:\/\/marktxxl.de\/markt\/produkt\/schoberg-2-stufen-badhocker-kinder-hocker-tritthocker-kinderhocker-36-x-30-x-27cm-bis-100-kg-trittbank-stufe-kind\/#primaryimage","url":"https:\/\/m.media-amazon.com\/images\/I\/316RH+HIiBL._SL500_.jpg","contentUrl":"https:\/\/m.media-amazon.com\/images\/I\/316RH+HIiBL._SL500_.jpg","width":500,"height":500},{"@type":"BreadcrumbList","@id":"https:\/\/marktxxl.de\/markt\/produkt\/schoberg-2-stufen-badhocker-kinder-hocker-tritthocker-kinderhocker-36-x-30-x-27cm-bis-100-kg-trittbank-stufe-kind\/#breadcrumb","itemListElement":[{"@type":"ListItem","position":1,"name":"Startseite","item":"https:\/\/marktxxl.de\/markt\/"},{"@type":"ListItem","position":2,"name":"Markt","item":"https:\/\/marktxxl.de\/markt\/"},{"@type":"ListItem","position":3,"name":"SCHOBERG 2-Stufen Tritthocker | rutschfeste F\u00fc\u00dfe und Oberfl\u00e4che Badezimmer Hocker | Erh\u00f6hte Greifhilfe f\u00fcr Kinder und\u2026"}]},{"@type":"WebSite","@id":"https:\/\/marktxxl.de\/markt\/#website","url":"https:\/\/marktxxl.de\/markt\/","name":"Markt-XXL","description":"Ihr Markt Online","publisher":{"@id":"https:\/\/marktxxl.de\/markt\/#organization"},"potentialAction":[{"@type":"SearchAction","target":{"@type":"EntryPoint","urlTemplate":"https:\/\/marktxxl.de\/markt\/?s={search_term_string}"},"query-input":{"@type":"PropertyValueSpecification","valueRequired":true,"valueName":"search_term_string"}}],"inLanguage":"de"},{"@type":"Organization","@id":"https:\/\/marktxxl.de\/markt\/#organization","name":"Markt-XXL","url":"https:\/\/marktxxl.de\/markt\/","logo":{"@type":"ImageObject","inLanguage":"de","@id":"https:\/\/marktxxl.de\/markt\/#\/schema\/logo\/image\/","url":"https:\/\/marktxxl.de\/markt\/wp-content\/uploads\/sites\/3\/2020\/12\/logo.png","contentUrl":"https:\/\/marktxxl.de\/markt\/wp-content\/uploads\/sites\/3\/2020\/12\/logo.png","width":200,"height":70,"caption":"Markt-XXL"},"image":{"@id":"https:\/\/marktxxl.de\/markt\/#\/schema\/logo\/image\/"}}]}},"_links":{"self":[{"href":"https:\/\/marktxxl.de\/markt\/wp-json\/wp\/v2\/product\/66875","targetHints":{"allow":["GET"]}}],"collection":[{"href":"https:\/\/marktxxl.de\/markt\/wp-json\/wp\/v2\/product"}],"about":[{"href":"https:\/\/marktxxl.de\/markt\/wp-json\/wp\/v2\/types\/product"}],"replies":[{"embeddable":true,"href":"https:\/\/marktxxl.de\/markt\/wp-json\/wp\/v2\/comments?post=66875"}],"wp:featuredmedia":[{"embeddable":true,"href":"https:\/\/marktxxl.de\/markt\/wp-json\/wp\/v2\/media\/66876"}],"wp:attachment":[{"href":"https:\/\/marktxxl.de\/markt\/wp-json\/wp\/v2\/media?parent=66875"}],"wp:term":[{"taxonomy":"product_brand","embeddable":true,"href":"https:\/\/marktxxl.de\/markt\/wp-json\/wp\/v2\/product_brand?post=66875"},{"taxonomy":"product_cat","embeddable":true,"href":"https:\/\/marktxxl.de\/markt\/wp-json\/wp\/v2\/product_cat?post=66875"},{"taxonomy":"product_tag","embeddable":true,"href":"https:\/\/marktxxl.de\/markt\/wp-json\/wp\/v2\/product_tag?post=66875"}],"curies":[{"name":"wp","href":"https:\/\/api.w.org\/{rel}","templated":true}]}}