{"id":66860,"date":"2021-11-12T01:54:29","date_gmt":"2021-11-12T00:54:29","guid":{"rendered":"https:\/\/marktxxl.de\/markt\/produkt\/angelbliss-wc-sitz-kinder-baby-potty-training-toilettentrainertoilettensitz-kinder-fuer-jungen-und-maedchen-fortgeschrittene-seriebequemer-runder-griffdoppeltem-anti-rutsch-design-mit-spritzschut\/"},"modified":"2023-04-11T02:37:15","modified_gmt":"2023-04-11T00:37:15","slug":"angelbliss-wc-sitz-kinder-baby-potty-training-toilettentrainertoilettensitz-kinder-fuer-jungen-und-maedchen-fortgeschrittene-seriebequemer-runder-griffdoppeltem-anti-rutsch-design-mit-spritzschut","status":"publish","type":"product","link":"https:\/\/marktxxl.de\/markt\/produkt\/angelbliss-wc-sitz-kinder-baby-potty-training-toilettentrainertoilettensitz-kinder-fuer-jungen-und-maedchen-fortgeschrittene-seriebequemer-runder-griffdoppeltem-anti-rutsch-design-mit-spritzschut\/","title":{"rendered":"Angelbliss WC Sitz Kinder, Baby Potty Training Toilettentrainer, Kinder Toilettensitz f\u00fcr Jungen und M\u00e4dchen, Doppeltem\u2026"},"content":{"rendered":"<p>Material f\u00fcr Gesundheits- und Umweltschutz &#8211; Hochwertiges Material f\u00fcr Umweltschutz. Es ist weich und geschmeidig, um die Babyhaut zu sch\u00fctzen. Bequeme weiche Unterlegscheibe. Halten Sie den Po Ihres Babys im Winter warm und im Sommer k\u00fchl.<br \/>\nSicher und komfortabel &#8211; Der verstellbare Druckknopf und die rutschfeste Frontl\u00fcnette halten den Toilettentrainingssitz sicher in Position. Die Haltegriffe bieten zus\u00e4tzliche Sicherheit, damit sich Ihr Kind beim Sitzen sicher f\u00fchlt.<br \/>\nStabiles und patentiertes Design &#8211; Sch\u00fctzen Sie die Wirbels\u00e4ule Ihres Babys vor Besch\u00e4digungen. Das spritzwassergesch\u00fctzte Design des Trainingssitzes verhindert auch das Versch\u00fctten au\u00dferhalb der Toilette. In sich geschlossenes Hakendesign f\u00fcr einfache Aufbewahrung.<br \/>\nAnwendbarkeit &#8211; Der toilettensitz kinder ist f\u00fcr Kinder im Alter von 1 bis 7 Jahren geeignet. Das Design des vorderen Urinals kann sowohl von m\u00e4nnlichen als auch von weiblichen Babys verwendet werden. Die Installation dauert nur wenige Sekunden. Die Toilettensitze passen auf die meisten Toilettensitze sicher. Der breite Ring deckt die Toiletten\u00f6ffnung vollst\u00e4ndig ab und passt auf die meisten Standard-Toilettensitze.(Nicht f\u00fcr quadratische Toiletten geeignet.)<br \/>\nKlicken Sie hier, um jetzt zu kaufen: Kaufen Sie jetzt den besten hochwertigen T\u00f6pfchensitz f\u00fcr Ihr Baby und wenden Sie sich bei Fragen zum Produkt an unseren Kundenservice. Wir k\u00f6nnen Ihnen innerhalb von 24 Stunden professionelle Hilfe leisten.<br \/>\n<div class=\"main-cross-sell\" data-asin=\"B07VVNMCNP\">\n\n\t<div class=\"WooZone-cross-sell-loader\">\n\t\t<div>\n\t\t\t<div id=\"floatingBarsG\">\n\t\t\t\t<div class=\"blockG\" id=\"rotateG_01\"><\/div>\n\t\t\t\t<div class=\"blockG\" id=\"rotateG_02\"><\/div>\n\t\t\t\t<div class=\"blockG\" id=\"rotateG_03\"><\/div>\n\t\t\t\t<div class=\"blockG\" id=\"rotateG_04\"><\/div>\n\t\t\t\t<div class=\"blockG\" id=\"rotateG_05\"><\/div>\n\t\t\t\t<div class=\"blockG\" id=\"rotateG_06\"><\/div>\n\t\t\t\t<div class=\"blockG\" id=\"rotateG_07\"><\/div>\n\t\t\t\t<div class=\"blockG\" id=\"rotateG_08\"><\/div>\n\t\t\t<\/div>\n\t\t\t<div class=\"WooZone-cross-sell-loader-text\"><\/div>\n\t\t<\/div>\n\t<\/div>\n\n\t\t\n<\/div>\n<div style=\"clear:both;\"><\/div><\/p>\n","protected":false},"excerpt":{"rendered":"<p>Material f\u00fcr Gesundheits- und Umweltschutz &#8211; Hochwertiges Material f\u00fcr Umweltschutz. Es ist weich und geschmeidig, um die Babyhaut zu sch\u00fctzen. Bequeme weiche Unterlegscheibe. Halten Sie den Po Ihres Babys im Winter warm und im Sommer k\u00fchl.<br \/>\nSicher und komfortabel &#8211; Der verstellbare Druckknopf und die rutschfeste Frontl\u00fcnette halten den Toilettentrainingssitz sicher in Position. Die Haltegriffe bieten zus\u00e4tzliche Sicherheit, damit sich Ihr Kind beim Sitzen sicher f\u00fchlt.<br \/>\nStabiles und patentiertes Design &#8211; Sch\u00fctzen Sie die Wirbels\u00e4ule Ihres Babys vor Besch\u00e4digungen. Das spritzwassergesch\u00fctzte Design des Trainingssitzes verhindert auch das Versch\u00fctten au\u00dferhalb der Toilette. In sich geschlossenes Hakendesign f\u00fcr einfache Aufbewahrung.<\/p>\n","protected":false},"featured_media":66861,"comment_status":"open","ping_status":"closed","template":"","meta":[],"product_brand":[],"product_cat":[21,9437],"product_tag":[],"class_list":{"0":"post-66860","1":"product","2":"type-product","3":"status-publish","4":"has-post-thumbnail","6":"product_cat-baby","7":"product_cat-toepfchen-trittschemel-baby","8":"pa_binding-babyartikel","9":"pa_brand-angelbliss","10":"pa_height-4-5-zoll","11":"pa_length-12-6-zoll","12":"pa_manufacturer-angelbliss","13":"pa_model-little-monster-seat","14":"pa_size-1-stueck-1er-pack","15":"pa_width-14-zoll","17":"first","18":"instock","19":"shipping-taxable","20":"purchasable","21":"product-type-simple","22":"customify-col","23":"product-has-gallery"},"yoast_head":"<!-- This site is optimized with the Yoast SEO plugin v27.3 - https:\/\/yoast.com\/product\/yoast-seo-wordpress\/ -->\n<title>Angelbliss WC Sitz Kinder, Baby Potty Training Toilettentrainer, Kinder Toilettensitz f\u00fcr Jungen und M\u00e4dchen, Doppeltem\u2026 - Markt-XXL<\/title>\n<meta name=\"description\" content=\"Markt-XXL Angelbliss WC Sitz Kinder, Baby Potty Training Toilettentrainer, Kinder Toilettensitz f\u00fcr Jungen und M\u00e4dchen, Doppeltem\u2026\" \/>\n<meta name=\"robots\" content=\"index, follow, max-snippet:-1, max-image-preview:large, max-video-preview:-1\" \/>\n<link rel=\"canonical\" href=\"https:\/\/marktxxl.de\/markt\/produkt\/angelbliss-wc-sitz-kinder-baby-potty-training-toilettentrainertoilettensitz-kinder-fuer-jungen-und-maedchen-fortgeschrittene-seriebequemer-runder-griffdoppeltem-anti-rutsch-design-mit-spritzschut\/\" \/>\n<meta property=\"og:locale\" content=\"de_DE\" \/>\n<meta property=\"og:type\" content=\"article\" \/>\n<meta property=\"og:title\" content=\"Angelbliss WC Sitz Kinder, Baby Potty Training Toilettentrainer, Kinder Toilettensitz f\u00fcr Jungen und M\u00e4dchen, Doppeltem\u2026 - Markt-XXL\" \/>\n<meta property=\"og:description\" content=\"Markt-XXL Angelbliss WC Sitz Kinder, Baby Potty Training Toilettentrainer, Kinder Toilettensitz f\u00fcr Jungen und M\u00e4dchen, Doppeltem\u2026\" \/>\n<meta property=\"og:url\" content=\"https:\/\/marktxxl.de\/markt\/produkt\/angelbliss-wc-sitz-kinder-baby-potty-training-toilettentrainertoilettensitz-kinder-fuer-jungen-und-maedchen-fortgeschrittene-seriebequemer-runder-griffdoppeltem-anti-rutsch-design-mit-spritzschut\/\" \/>\n<meta property=\"og:site_name\" content=\"Markt-XXL\" \/>\n<meta property=\"article:modified_time\" content=\"2023-04-11T00:37:15+00:00\" \/>\n<meta property=\"og:image\" content=\"https:\/\/m.media-amazon.com\/images\/I\/41f4QTPIfxL._SL500_.jpg\" \/>\n\t<meta property=\"og:image:width\" content=\"500\" \/>\n\t<meta property=\"og:image:height\" content=\"500\" \/>\n\t<meta property=\"og:image:type\" content=\"image\/jpeg\" \/>\n<meta name=\"twitter:card\" content=\"summary_large_image\" \/>\n<meta name=\"twitter:label1\" content=\"Gesch\u00e4tzte Lesezeit\" \/>\n\t<meta name=\"twitter:data1\" content=\"1\u00a0Minute\" \/>\n<script type=\"application\/ld+json\" class=\"yoast-schema-graph\">{\"@context\":\"https:\\\/\\\/schema.org\",\"@graph\":[{\"@type\":\"WebPage\",\"@id\":\"https:\\\/\\\/marktxxl.de\\\/markt\\\/produkt\\\/angelbliss-wc-sitz-kinder-baby-potty-training-toilettentrainertoilettensitz-kinder-fuer-jungen-und-maedchen-fortgeschrittene-seriebequemer-runder-griffdoppeltem-anti-rutsch-design-mit-spritzschut\\\/\",\"url\":\"https:\\\/\\\/marktxxl.de\\\/markt\\\/produkt\\\/angelbliss-wc-sitz-kinder-baby-potty-training-toilettentrainertoilettensitz-kinder-fuer-jungen-und-maedchen-fortgeschrittene-seriebequemer-runder-griffdoppeltem-anti-rutsch-design-mit-spritzschut\\\/\",\"name\":\"Angelbliss WC Sitz Kinder, Baby Potty Training Toilettentrainer, Kinder Toilettensitz f\u00fcr Jungen und M\u00e4dchen, Doppeltem\u2026 - Markt-XXL\",\"isPartOf\":{\"@id\":\"https:\\\/\\\/marktxxl.de\\\/markt\\\/#website\"},\"primaryImageOfPage\":{\"@id\":\"https:\\\/\\\/marktxxl.de\\\/markt\\\/produkt\\\/angelbliss-wc-sitz-kinder-baby-potty-training-toilettentrainertoilettensitz-kinder-fuer-jungen-und-maedchen-fortgeschrittene-seriebequemer-runder-griffdoppeltem-anti-rutsch-design-mit-spritzschut\\\/#primaryimage\"},\"image\":{\"@id\":\"https:\\\/\\\/marktxxl.de\\\/markt\\\/produkt\\\/angelbliss-wc-sitz-kinder-baby-potty-training-toilettentrainertoilettensitz-kinder-fuer-jungen-und-maedchen-fortgeschrittene-seriebequemer-runder-griffdoppeltem-anti-rutsch-design-mit-spritzschut\\\/#primaryimage\"},\"thumbnailUrl\":\"https:\\\/\\\/m.media-amazon.com\\\/images\\\/I\\\/41f4QTPIfxL._SL500_.jpg\",\"datePublished\":\"2021-11-12T00:54:29+00:00\",\"dateModified\":\"2023-04-11T00:37:15+00:00\",\"description\":\"Markt-XXL Angelbliss WC Sitz Kinder, Baby Potty Training Toilettentrainer, Kinder Toilettensitz f\u00fcr Jungen und M\u00e4dchen, Doppeltem\u2026\",\"breadcrumb\":{\"@id\":\"https:\\\/\\\/marktxxl.de\\\/markt\\\/produkt\\\/angelbliss-wc-sitz-kinder-baby-potty-training-toilettentrainertoilettensitz-kinder-fuer-jungen-und-maedchen-fortgeschrittene-seriebequemer-runder-griffdoppeltem-anti-rutsch-design-mit-spritzschut\\\/#breadcrumb\"},\"inLanguage\":\"de\",\"potentialAction\":[{\"@type\":\"ReadAction\",\"target\":[\"https:\\\/\\\/marktxxl.de\\\/markt\\\/produkt\\\/angelbliss-wc-sitz-kinder-baby-potty-training-toilettentrainertoilettensitz-kinder-fuer-jungen-und-maedchen-fortgeschrittene-seriebequemer-runder-griffdoppeltem-anti-rutsch-design-mit-spritzschut\\\/\"]}]},{\"@type\":\"ImageObject\",\"inLanguage\":\"de\",\"@id\":\"https:\\\/\\\/marktxxl.de\\\/markt\\\/produkt\\\/angelbliss-wc-sitz-kinder-baby-potty-training-toilettentrainertoilettensitz-kinder-fuer-jungen-und-maedchen-fortgeschrittene-seriebequemer-runder-griffdoppeltem-anti-rutsch-design-mit-spritzschut\\\/#primaryimage\",\"url\":\"https:\\\/\\\/m.media-amazon.com\\\/images\\\/I\\\/41f4QTPIfxL._SL500_.jpg\",\"contentUrl\":\"https:\\\/\\\/m.media-amazon.com\\\/images\\\/I\\\/41f4QTPIfxL._SL500_.jpg\",\"width\":500,\"height\":500},{\"@type\":\"BreadcrumbList\",\"@id\":\"https:\\\/\\\/marktxxl.de\\\/markt\\\/produkt\\\/angelbliss-wc-sitz-kinder-baby-potty-training-toilettentrainertoilettensitz-kinder-fuer-jungen-und-maedchen-fortgeschrittene-seriebequemer-runder-griffdoppeltem-anti-rutsch-design-mit-spritzschut\\\/#breadcrumb\",\"itemListElement\":[{\"@type\":\"ListItem\",\"position\":1,\"name\":\"Startseite\",\"item\":\"https:\\\/\\\/marktxxl.de\\\/markt\\\/\"},{\"@type\":\"ListItem\",\"position\":2,\"name\":\"Markt\",\"item\":\"https:\\\/\\\/marktxxl.de\\\/markt\\\/\"},{\"@type\":\"ListItem\",\"position\":3,\"name\":\"Angelbliss WC Sitz Kinder, Baby Potty Training Toilettentrainer, Kinder Toilettensitz f\u00fcr Jungen und M\u00e4dchen, Doppeltem\u2026\"}]},{\"@type\":\"WebSite\",\"@id\":\"https:\\\/\\\/marktxxl.de\\\/markt\\\/#website\",\"url\":\"https:\\\/\\\/marktxxl.de\\\/markt\\\/\",\"name\":\"Markt-XXL\",\"description\":\"Ihr Markt Online\",\"publisher\":{\"@id\":\"https:\\\/\\\/marktxxl.de\\\/markt\\\/#organization\"},\"potentialAction\":[{\"@type\":\"SearchAction\",\"target\":{\"@type\":\"EntryPoint\",\"urlTemplate\":\"https:\\\/\\\/marktxxl.de\\\/markt\\\/?s={search_term_string}\"},\"query-input\":{\"@type\":\"PropertyValueSpecification\",\"valueRequired\":true,\"valueName\":\"search_term_string\"}}],\"inLanguage\":\"de\"},{\"@type\":\"Organization\",\"@id\":\"https:\\\/\\\/marktxxl.de\\\/markt\\\/#organization\",\"name\":\"Markt-XXL\",\"url\":\"https:\\\/\\\/marktxxl.de\\\/markt\\\/\",\"logo\":{\"@type\":\"ImageObject\",\"inLanguage\":\"de\",\"@id\":\"https:\\\/\\\/marktxxl.de\\\/markt\\\/#\\\/schema\\\/logo\\\/image\\\/\",\"url\":\"https:\\\/\\\/marktxxl.de\\\/markt\\\/wp-content\\\/uploads\\\/sites\\\/3\\\/2020\\\/12\\\/logo.png\",\"contentUrl\":\"https:\\\/\\\/marktxxl.de\\\/markt\\\/wp-content\\\/uploads\\\/sites\\\/3\\\/2020\\\/12\\\/logo.png\",\"width\":200,\"height\":70,\"caption\":\"Markt-XXL\"},\"image\":{\"@id\":\"https:\\\/\\\/marktxxl.de\\\/markt\\\/#\\\/schema\\\/logo\\\/image\\\/\"}}]}<\/script>\n<!-- \/ Yoast SEO plugin. -->","yoast_head_json":{"title":"Angelbliss WC Sitz Kinder, Baby Potty Training Toilettentrainer, Kinder Toilettensitz f\u00fcr Jungen und M\u00e4dchen, Doppeltem\u2026 - Markt-XXL","description":"Markt-XXL Angelbliss WC Sitz Kinder, Baby Potty Training Toilettentrainer, Kinder Toilettensitz f\u00fcr Jungen und M\u00e4dchen, Doppeltem\u2026","robots":{"index":"index","follow":"follow","max-snippet":"max-snippet:-1","max-image-preview":"max-image-preview:large","max-video-preview":"max-video-preview:-1"},"canonical":"https:\/\/marktxxl.de\/markt\/produkt\/angelbliss-wc-sitz-kinder-baby-potty-training-toilettentrainertoilettensitz-kinder-fuer-jungen-und-maedchen-fortgeschrittene-seriebequemer-runder-griffdoppeltem-anti-rutsch-design-mit-spritzschut\/","og_locale":"de_DE","og_type":"article","og_title":"Angelbliss WC Sitz Kinder, Baby Potty Training Toilettentrainer, Kinder Toilettensitz f\u00fcr Jungen und M\u00e4dchen, Doppeltem\u2026 - Markt-XXL","og_description":"Markt-XXL Angelbliss WC Sitz Kinder, Baby Potty Training Toilettentrainer, Kinder Toilettensitz f\u00fcr Jungen und M\u00e4dchen, Doppeltem\u2026","og_url":"https:\/\/marktxxl.de\/markt\/produkt\/angelbliss-wc-sitz-kinder-baby-potty-training-toilettentrainertoilettensitz-kinder-fuer-jungen-und-maedchen-fortgeschrittene-seriebequemer-runder-griffdoppeltem-anti-rutsch-design-mit-spritzschut\/","og_site_name":"Markt-XXL","article_modified_time":"2023-04-11T00:37:15+00:00","og_image":[{"width":500,"height":500,"url":"https:\/\/m.media-amazon.com\/images\/I\/41f4QTPIfxL._SL500_.jpg","type":"image\/jpeg"}],"twitter_card":"summary_large_image","twitter_misc":{"Gesch\u00e4tzte Lesezeit":"1\u00a0Minute"},"schema":{"@context":"https:\/\/schema.org","@graph":[{"@type":"WebPage","@id":"https:\/\/marktxxl.de\/markt\/produkt\/angelbliss-wc-sitz-kinder-baby-potty-training-toilettentrainertoilettensitz-kinder-fuer-jungen-und-maedchen-fortgeschrittene-seriebequemer-runder-griffdoppeltem-anti-rutsch-design-mit-spritzschut\/","url":"https:\/\/marktxxl.de\/markt\/produkt\/angelbliss-wc-sitz-kinder-baby-potty-training-toilettentrainertoilettensitz-kinder-fuer-jungen-und-maedchen-fortgeschrittene-seriebequemer-runder-griffdoppeltem-anti-rutsch-design-mit-spritzschut\/","name":"Angelbliss WC Sitz Kinder, Baby Potty Training Toilettentrainer, Kinder Toilettensitz f\u00fcr Jungen und M\u00e4dchen, Doppeltem\u2026 - Markt-XXL","isPartOf":{"@id":"https:\/\/marktxxl.de\/markt\/#website"},"primaryImageOfPage":{"@id":"https:\/\/marktxxl.de\/markt\/produkt\/angelbliss-wc-sitz-kinder-baby-potty-training-toilettentrainertoilettensitz-kinder-fuer-jungen-und-maedchen-fortgeschrittene-seriebequemer-runder-griffdoppeltem-anti-rutsch-design-mit-spritzschut\/#primaryimage"},"image":{"@id":"https:\/\/marktxxl.de\/markt\/produkt\/angelbliss-wc-sitz-kinder-baby-potty-training-toilettentrainertoilettensitz-kinder-fuer-jungen-und-maedchen-fortgeschrittene-seriebequemer-runder-griffdoppeltem-anti-rutsch-design-mit-spritzschut\/#primaryimage"},"thumbnailUrl":"https:\/\/m.media-amazon.com\/images\/I\/41f4QTPIfxL._SL500_.jpg","datePublished":"2021-11-12T00:54:29+00:00","dateModified":"2023-04-11T00:37:15+00:00","description":"Markt-XXL Angelbliss WC Sitz Kinder, Baby Potty Training Toilettentrainer, Kinder Toilettensitz f\u00fcr Jungen und M\u00e4dchen, Doppeltem\u2026","breadcrumb":{"@id":"https:\/\/marktxxl.de\/markt\/produkt\/angelbliss-wc-sitz-kinder-baby-potty-training-toilettentrainertoilettensitz-kinder-fuer-jungen-und-maedchen-fortgeschrittene-seriebequemer-runder-griffdoppeltem-anti-rutsch-design-mit-spritzschut\/#breadcrumb"},"inLanguage":"de","potentialAction":[{"@type":"ReadAction","target":["https:\/\/marktxxl.de\/markt\/produkt\/angelbliss-wc-sitz-kinder-baby-potty-training-toilettentrainertoilettensitz-kinder-fuer-jungen-und-maedchen-fortgeschrittene-seriebequemer-runder-griffdoppeltem-anti-rutsch-design-mit-spritzschut\/"]}]},{"@type":"ImageObject","inLanguage":"de","@id":"https:\/\/marktxxl.de\/markt\/produkt\/angelbliss-wc-sitz-kinder-baby-potty-training-toilettentrainertoilettensitz-kinder-fuer-jungen-und-maedchen-fortgeschrittene-seriebequemer-runder-griffdoppeltem-anti-rutsch-design-mit-spritzschut\/#primaryimage","url":"https:\/\/m.media-amazon.com\/images\/I\/41f4QTPIfxL._SL500_.jpg","contentUrl":"https:\/\/m.media-amazon.com\/images\/I\/41f4QTPIfxL._SL500_.jpg","width":500,"height":500},{"@type":"BreadcrumbList","@id":"https:\/\/marktxxl.de\/markt\/produkt\/angelbliss-wc-sitz-kinder-baby-potty-training-toilettentrainertoilettensitz-kinder-fuer-jungen-und-maedchen-fortgeschrittene-seriebequemer-runder-griffdoppeltem-anti-rutsch-design-mit-spritzschut\/#breadcrumb","itemListElement":[{"@type":"ListItem","position":1,"name":"Startseite","item":"https:\/\/marktxxl.de\/markt\/"},{"@type":"ListItem","position":2,"name":"Markt","item":"https:\/\/marktxxl.de\/markt\/"},{"@type":"ListItem","position":3,"name":"Angelbliss WC Sitz Kinder, Baby Potty Training Toilettentrainer, Kinder Toilettensitz f\u00fcr Jungen und M\u00e4dchen, Doppeltem\u2026"}]},{"@type":"WebSite","@id":"https:\/\/marktxxl.de\/markt\/#website","url":"https:\/\/marktxxl.de\/markt\/","name":"Markt-XXL","description":"Ihr Markt Online","publisher":{"@id":"https:\/\/marktxxl.de\/markt\/#organization"},"potentialAction":[{"@type":"SearchAction","target":{"@type":"EntryPoint","urlTemplate":"https:\/\/marktxxl.de\/markt\/?s={search_term_string}"},"query-input":{"@type":"PropertyValueSpecification","valueRequired":true,"valueName":"search_term_string"}}],"inLanguage":"de"},{"@type":"Organization","@id":"https:\/\/marktxxl.de\/markt\/#organization","name":"Markt-XXL","url":"https:\/\/marktxxl.de\/markt\/","logo":{"@type":"ImageObject","inLanguage":"de","@id":"https:\/\/marktxxl.de\/markt\/#\/schema\/logo\/image\/","url":"https:\/\/marktxxl.de\/markt\/wp-content\/uploads\/sites\/3\/2020\/12\/logo.png","contentUrl":"https:\/\/marktxxl.de\/markt\/wp-content\/uploads\/sites\/3\/2020\/12\/logo.png","width":200,"height":70,"caption":"Markt-XXL"},"image":{"@id":"https:\/\/marktxxl.de\/markt\/#\/schema\/logo\/image\/"}}]}},"_links":{"self":[{"href":"https:\/\/marktxxl.de\/markt\/wp-json\/wp\/v2\/product\/66860","targetHints":{"allow":["GET"]}}],"collection":[{"href":"https:\/\/marktxxl.de\/markt\/wp-json\/wp\/v2\/product"}],"about":[{"href":"https:\/\/marktxxl.de\/markt\/wp-json\/wp\/v2\/types\/product"}],"replies":[{"embeddable":true,"href":"https:\/\/marktxxl.de\/markt\/wp-json\/wp\/v2\/comments?post=66860"}],"wp:featuredmedia":[{"embeddable":true,"href":"https:\/\/marktxxl.de\/markt\/wp-json\/wp\/v2\/media\/66861"}],"wp:attachment":[{"href":"https:\/\/marktxxl.de\/markt\/wp-json\/wp\/v2\/media?parent=66860"}],"wp:term":[{"taxonomy":"product_brand","embeddable":true,"href":"https:\/\/marktxxl.de\/markt\/wp-json\/wp\/v2\/product_brand?post=66860"},{"taxonomy":"product_cat","embeddable":true,"href":"https:\/\/marktxxl.de\/markt\/wp-json\/wp\/v2\/product_cat?post=66860"},{"taxonomy":"product_tag","embeddable":true,"href":"https:\/\/marktxxl.de\/markt\/wp-json\/wp\/v2\/product_tag?post=66860"}],"curies":[{"name":"wp","href":"https:\/\/api.w.org\/{rel}","templated":true}]}}