{"id":66637,"date":"2021-11-12T01:46:09","date_gmt":"2021-11-12T00:46:09","guid":{"rendered":"https:\/\/marktxxl.de\/markt\/produkt\/fisher-price-dlt00-lerntoepfchen-und-fussbank-gruen-fuer-babys-und-kleinkinder\/"},"modified":"2023-04-11T02:37:11","modified_gmt":"2023-04-11T00:37:11","slug":"fisher-price-dlt00-lerntoepfchen-und-fussbank-gruen-fuer-babys-und-kleinkinder","status":"publish","type":"product","link":"https:\/\/marktxxl.de\/markt\/produkt\/fisher-price-dlt00-lerntoepfchen-und-fussbank-gruen-fuer-babys-und-kleinkinder\/","title":{"rendered":"Fisher-Price DLT00 &#8211; Lernt\u00f6pfchen und Fu\u00dfbank, gr\u00fcn, f\u00fcr Babys und Kleinkinder"},"content":{"rendered":"<p>Dieses Lernt\u00f6pfchen w\u00e4chst mit<br \/>\nAnfangs auf der freistehenden T\u00f6pfchenbasis benutzt, l\u00e4sst sich der Sitzring, auf dem sich das Kind dank der neuartigen Griffe sicher festhalten kann, sp\u00e4ter auf einer gro\u00dfen Toilette anbringen<br \/>\nDie Basis wird au\u00dferdem zur Fu\u00dfbank mit rutschfesten F\u00fc\u00dfen, die bis zu 9 kg aush\u00e4lt<br \/>\nToilettentrainer ab 9 Monaten<br \/>\n1x Batterie AA (R6), inkl<br \/>\nSpielt keine Musik<br \/>\n<div class=\"main-cross-sell\" data-asin=\"B01898D9KW\">\n\n\t<div class=\"WooZone-cross-sell-loader\">\n\t\t<div>\n\t\t\t<div id=\"floatingBarsG\">\n\t\t\t\t<div class=\"blockG\" id=\"rotateG_01\"><\/div>\n\t\t\t\t<div class=\"blockG\" id=\"rotateG_02\"><\/div>\n\t\t\t\t<div class=\"blockG\" id=\"rotateG_03\"><\/div>\n\t\t\t\t<div class=\"blockG\" id=\"rotateG_04\"><\/div>\n\t\t\t\t<div class=\"blockG\" id=\"rotateG_05\"><\/div>\n\t\t\t\t<div class=\"blockG\" id=\"rotateG_06\"><\/div>\n\t\t\t\t<div class=\"blockG\" id=\"rotateG_07\"><\/div>\n\t\t\t\t<div class=\"blockG\" id=\"rotateG_08\"><\/div>\n\t\t\t<\/div>\n\t\t\t<div class=\"WooZone-cross-sell-loader-text\"><\/div>\n\t\t<\/div>\n\t<\/div>\n\n\t\t\n<\/div>\n<div style=\"clear:both;\"><\/div><\/p>\n","protected":false},"excerpt":{"rendered":"<p>Dieses Lernt\u00f6pfchen w\u00e4chst mit<br \/>\nAnfangs auf der freistehenden T\u00f6pfchenbasis benutzt, l\u00e4sst sich der Sitzring, auf dem sich das Kind dank der neuartigen Griffe sicher festhalten kann, sp\u00e4ter auf einer gro\u00dfen Toilette anbringen<br \/>\nDie Basis wird au\u00dferdem zur Fu\u00dfbank mit rutschfesten F\u00fc\u00dfen, die bis zu 9 kg aush\u00e4lt<\/p>\n","protected":false},"featured_media":66638,"comment_status":"open","ping_status":"closed","template":"","meta":[],"product_brand":[],"product_cat":[21,9437],"product_tag":[],"class_list":{"0":"post-66637","1":"product","2":"type-product","3":"status-publish","4":"has-post-thumbnail","6":"product_cat-baby","7":"product_cat-toepfchen-trittschemel-baby","8":"pa_binding-spielzeug","9":"pa_brand-fisher-price","10":"pa_color-gruen","11":"pa_height-13-5826771515-zoll","12":"pa_languages-veroeffentlicht-spanisch-handbuch-deutsch-handbuch-franzoesisch-handbuch-englisch-handbuch-niederlaendisch-handbuch-italienisch-unbekannt-mehrsprachig","13":"pa_length-8-0708661335-zoll","14":"pa_manufacturer-mattel-gmbh","15":"pa_model-dlt00","16":"pa_size-1-stueck-1er-pack","17":"pa_weight-0-003747858454-pfund","18":"pa_width-13-1889763645-zoll","20":"first","21":"instock","22":"shipping-taxable","23":"purchasable","24":"product-type-simple","25":"customify-col","26":"product-has-gallery"},"yoast_head":"<!-- This site is optimized with the Yoast SEO plugin v27.4 - https:\/\/yoast.com\/product\/yoast-seo-wordpress\/ -->\n<title>Fisher-Price DLT00 - Lernt\u00f6pfchen und Fu\u00dfbank, gr\u00fcn, f\u00fcr Babys und Kleinkinder - Markt-XXL<\/title>\n<meta name=\"description\" content=\"Markt-XXL Fisher-Price DLT00 - Lernt\u00f6pfchen und Fu\u00dfbank, gr\u00fcn, f\u00fcr Babys und Kleinkinder\" \/>\n<meta name=\"robots\" content=\"index, follow, max-snippet:-1, max-image-preview:large, max-video-preview:-1\" \/>\n<link rel=\"canonical\" href=\"https:\/\/marktxxl.de\/markt\/produkt\/fisher-price-dlt00-lerntoepfchen-und-fussbank-gruen-fuer-babys-und-kleinkinder\/\" \/>\n<meta property=\"og:locale\" content=\"de_DE\" \/>\n<meta property=\"og:type\" content=\"article\" \/>\n<meta property=\"og:title\" content=\"Fisher-Price DLT00 - Lernt\u00f6pfchen und Fu\u00dfbank, gr\u00fcn, f\u00fcr Babys und Kleinkinder - Markt-XXL\" \/>\n<meta property=\"og:description\" content=\"Markt-XXL Fisher-Price DLT00 - Lernt\u00f6pfchen und Fu\u00dfbank, gr\u00fcn, f\u00fcr Babys und Kleinkinder\" \/>\n<meta property=\"og:url\" content=\"https:\/\/marktxxl.de\/markt\/produkt\/fisher-price-dlt00-lerntoepfchen-und-fussbank-gruen-fuer-babys-und-kleinkinder\/\" \/>\n<meta property=\"og:site_name\" content=\"Markt-XXL\" \/>\n<meta property=\"article:modified_time\" content=\"2023-04-11T00:37:11+00:00\" \/>\n<meta property=\"og:image\" content=\"https:\/\/m.media-amazon.com\/images\/I\/41z6KAicLFL._SL500_.jpg\" \/>\n\t<meta property=\"og:image:width\" content=\"383\" \/>\n\t<meta property=\"og:image:height\" content=\"500\" \/>\n\t<meta property=\"og:image:type\" content=\"image\/jpeg\" \/>\n<meta name=\"twitter:card\" content=\"summary_large_image\" \/>\n<script type=\"application\/ld+json\" class=\"yoast-schema-graph\">{\"@context\":\"https:\\\/\\\/schema.org\",\"@graph\":[{\"@type\":\"WebPage\",\"@id\":\"https:\\\/\\\/marktxxl.de\\\/markt\\\/produkt\\\/fisher-price-dlt00-lerntoepfchen-und-fussbank-gruen-fuer-babys-und-kleinkinder\\\/\",\"url\":\"https:\\\/\\\/marktxxl.de\\\/markt\\\/produkt\\\/fisher-price-dlt00-lerntoepfchen-und-fussbank-gruen-fuer-babys-und-kleinkinder\\\/\",\"name\":\"Fisher-Price DLT00 - Lernt\u00f6pfchen und Fu\u00dfbank, gr\u00fcn, f\u00fcr Babys und Kleinkinder - Markt-XXL\",\"isPartOf\":{\"@id\":\"https:\\\/\\\/marktxxl.de\\\/markt\\\/#website\"},\"primaryImageOfPage\":{\"@id\":\"https:\\\/\\\/marktxxl.de\\\/markt\\\/produkt\\\/fisher-price-dlt00-lerntoepfchen-und-fussbank-gruen-fuer-babys-und-kleinkinder\\\/#primaryimage\"},\"image\":{\"@id\":\"https:\\\/\\\/marktxxl.de\\\/markt\\\/produkt\\\/fisher-price-dlt00-lerntoepfchen-und-fussbank-gruen-fuer-babys-und-kleinkinder\\\/#primaryimage\"},\"thumbnailUrl\":\"https:\\\/\\\/m.media-amazon.com\\\/images\\\/I\\\/41z6KAicLFL._SL500_.jpg\",\"datePublished\":\"2021-11-12T00:46:09+00:00\",\"dateModified\":\"2023-04-11T00:37:11+00:00\",\"description\":\"Markt-XXL Fisher-Price DLT00 - Lernt\u00f6pfchen und Fu\u00dfbank, gr\u00fcn, f\u00fcr Babys und Kleinkinder\",\"breadcrumb\":{\"@id\":\"https:\\\/\\\/marktxxl.de\\\/markt\\\/produkt\\\/fisher-price-dlt00-lerntoepfchen-und-fussbank-gruen-fuer-babys-und-kleinkinder\\\/#breadcrumb\"},\"inLanguage\":\"de\",\"potentialAction\":[{\"@type\":\"ReadAction\",\"target\":[\"https:\\\/\\\/marktxxl.de\\\/markt\\\/produkt\\\/fisher-price-dlt00-lerntoepfchen-und-fussbank-gruen-fuer-babys-und-kleinkinder\\\/\"]}]},{\"@type\":\"ImageObject\",\"inLanguage\":\"de\",\"@id\":\"https:\\\/\\\/marktxxl.de\\\/markt\\\/produkt\\\/fisher-price-dlt00-lerntoepfchen-und-fussbank-gruen-fuer-babys-und-kleinkinder\\\/#primaryimage\",\"url\":\"https:\\\/\\\/m.media-amazon.com\\\/images\\\/I\\\/41z6KAicLFL._SL500_.jpg\",\"contentUrl\":\"https:\\\/\\\/m.media-amazon.com\\\/images\\\/I\\\/41z6KAicLFL._SL500_.jpg\",\"width\":383,\"height\":500},{\"@type\":\"BreadcrumbList\",\"@id\":\"https:\\\/\\\/marktxxl.de\\\/markt\\\/produkt\\\/fisher-price-dlt00-lerntoepfchen-und-fussbank-gruen-fuer-babys-und-kleinkinder\\\/#breadcrumb\",\"itemListElement\":[{\"@type\":\"ListItem\",\"position\":1,\"name\":\"Startseite\",\"item\":\"https:\\\/\\\/marktxxl.de\\\/markt\\\/\"},{\"@type\":\"ListItem\",\"position\":2,\"name\":\"Markt\",\"item\":\"https:\\\/\\\/marktxxl.de\\\/markt\\\/\"},{\"@type\":\"ListItem\",\"position\":3,\"name\":\"Fisher-Price DLT00 &#8211; Lernt\u00f6pfchen und Fu\u00dfbank, gr\u00fcn, f\u00fcr Babys und Kleinkinder\"}]},{\"@type\":\"WebSite\",\"@id\":\"https:\\\/\\\/marktxxl.de\\\/markt\\\/#website\",\"url\":\"https:\\\/\\\/marktxxl.de\\\/markt\\\/\",\"name\":\"Markt-XXL\",\"description\":\"Ihr Markt Online\",\"publisher\":{\"@id\":\"https:\\\/\\\/marktxxl.de\\\/markt\\\/#organization\"},\"potentialAction\":[{\"@type\":\"SearchAction\",\"target\":{\"@type\":\"EntryPoint\",\"urlTemplate\":\"https:\\\/\\\/marktxxl.de\\\/markt\\\/?s={search_term_string}\"},\"query-input\":{\"@type\":\"PropertyValueSpecification\",\"valueRequired\":true,\"valueName\":\"search_term_string\"}}],\"inLanguage\":\"de\"},{\"@type\":\"Organization\",\"@id\":\"https:\\\/\\\/marktxxl.de\\\/markt\\\/#organization\",\"name\":\"Markt-XXL\",\"url\":\"https:\\\/\\\/marktxxl.de\\\/markt\\\/\",\"logo\":{\"@type\":\"ImageObject\",\"inLanguage\":\"de\",\"@id\":\"https:\\\/\\\/marktxxl.de\\\/markt\\\/#\\\/schema\\\/logo\\\/image\\\/\",\"url\":\"https:\\\/\\\/marktxxl.de\\\/markt\\\/wp-content\\\/uploads\\\/sites\\\/3\\\/2020\\\/12\\\/logo.png\",\"contentUrl\":\"https:\\\/\\\/marktxxl.de\\\/markt\\\/wp-content\\\/uploads\\\/sites\\\/3\\\/2020\\\/12\\\/logo.png\",\"width\":200,\"height\":70,\"caption\":\"Markt-XXL\"},\"image\":{\"@id\":\"https:\\\/\\\/marktxxl.de\\\/markt\\\/#\\\/schema\\\/logo\\\/image\\\/\"}}]}<\/script>\n<!-- \/ Yoast SEO plugin. -->","yoast_head_json":{"title":"Fisher-Price DLT00 - Lernt\u00f6pfchen und Fu\u00dfbank, gr\u00fcn, f\u00fcr Babys und Kleinkinder - Markt-XXL","description":"Markt-XXL Fisher-Price DLT00 - Lernt\u00f6pfchen und Fu\u00dfbank, gr\u00fcn, f\u00fcr Babys und Kleinkinder","robots":{"index":"index","follow":"follow","max-snippet":"max-snippet:-1","max-image-preview":"max-image-preview:large","max-video-preview":"max-video-preview:-1"},"canonical":"https:\/\/marktxxl.de\/markt\/produkt\/fisher-price-dlt00-lerntoepfchen-und-fussbank-gruen-fuer-babys-und-kleinkinder\/","og_locale":"de_DE","og_type":"article","og_title":"Fisher-Price DLT00 - Lernt\u00f6pfchen und Fu\u00dfbank, gr\u00fcn, f\u00fcr Babys und Kleinkinder - Markt-XXL","og_description":"Markt-XXL Fisher-Price DLT00 - Lernt\u00f6pfchen und Fu\u00dfbank, gr\u00fcn, f\u00fcr Babys und Kleinkinder","og_url":"https:\/\/marktxxl.de\/markt\/produkt\/fisher-price-dlt00-lerntoepfchen-und-fussbank-gruen-fuer-babys-und-kleinkinder\/","og_site_name":"Markt-XXL","article_modified_time":"2023-04-11T00:37:11+00:00","og_image":[{"width":383,"height":500,"url":"https:\/\/m.media-amazon.com\/images\/I\/41z6KAicLFL._SL500_.jpg","type":"image\/jpeg"}],"twitter_card":"summary_large_image","schema":{"@context":"https:\/\/schema.org","@graph":[{"@type":"WebPage","@id":"https:\/\/marktxxl.de\/markt\/produkt\/fisher-price-dlt00-lerntoepfchen-und-fussbank-gruen-fuer-babys-und-kleinkinder\/","url":"https:\/\/marktxxl.de\/markt\/produkt\/fisher-price-dlt00-lerntoepfchen-und-fussbank-gruen-fuer-babys-und-kleinkinder\/","name":"Fisher-Price DLT00 - Lernt\u00f6pfchen und Fu\u00dfbank, gr\u00fcn, f\u00fcr Babys und Kleinkinder - Markt-XXL","isPartOf":{"@id":"https:\/\/marktxxl.de\/markt\/#website"},"primaryImageOfPage":{"@id":"https:\/\/marktxxl.de\/markt\/produkt\/fisher-price-dlt00-lerntoepfchen-und-fussbank-gruen-fuer-babys-und-kleinkinder\/#primaryimage"},"image":{"@id":"https:\/\/marktxxl.de\/markt\/produkt\/fisher-price-dlt00-lerntoepfchen-und-fussbank-gruen-fuer-babys-und-kleinkinder\/#primaryimage"},"thumbnailUrl":"https:\/\/m.media-amazon.com\/images\/I\/41z6KAicLFL._SL500_.jpg","datePublished":"2021-11-12T00:46:09+00:00","dateModified":"2023-04-11T00:37:11+00:00","description":"Markt-XXL Fisher-Price DLT00 - Lernt\u00f6pfchen und Fu\u00dfbank, gr\u00fcn, f\u00fcr Babys und Kleinkinder","breadcrumb":{"@id":"https:\/\/marktxxl.de\/markt\/produkt\/fisher-price-dlt00-lerntoepfchen-und-fussbank-gruen-fuer-babys-und-kleinkinder\/#breadcrumb"},"inLanguage":"de","potentialAction":[{"@type":"ReadAction","target":["https:\/\/marktxxl.de\/markt\/produkt\/fisher-price-dlt00-lerntoepfchen-und-fussbank-gruen-fuer-babys-und-kleinkinder\/"]}]},{"@type":"ImageObject","inLanguage":"de","@id":"https:\/\/marktxxl.de\/markt\/produkt\/fisher-price-dlt00-lerntoepfchen-und-fussbank-gruen-fuer-babys-und-kleinkinder\/#primaryimage","url":"https:\/\/m.media-amazon.com\/images\/I\/41z6KAicLFL._SL500_.jpg","contentUrl":"https:\/\/m.media-amazon.com\/images\/I\/41z6KAicLFL._SL500_.jpg","width":383,"height":500},{"@type":"BreadcrumbList","@id":"https:\/\/marktxxl.de\/markt\/produkt\/fisher-price-dlt00-lerntoepfchen-und-fussbank-gruen-fuer-babys-und-kleinkinder\/#breadcrumb","itemListElement":[{"@type":"ListItem","position":1,"name":"Startseite","item":"https:\/\/marktxxl.de\/markt\/"},{"@type":"ListItem","position":2,"name":"Markt","item":"https:\/\/marktxxl.de\/markt\/"},{"@type":"ListItem","position":3,"name":"Fisher-Price DLT00 &#8211; Lernt\u00f6pfchen und Fu\u00dfbank, gr\u00fcn, f\u00fcr Babys und Kleinkinder"}]},{"@type":"WebSite","@id":"https:\/\/marktxxl.de\/markt\/#website","url":"https:\/\/marktxxl.de\/markt\/","name":"Markt-XXL","description":"Ihr Markt Online","publisher":{"@id":"https:\/\/marktxxl.de\/markt\/#organization"},"potentialAction":[{"@type":"SearchAction","target":{"@type":"EntryPoint","urlTemplate":"https:\/\/marktxxl.de\/markt\/?s={search_term_string}"},"query-input":{"@type":"PropertyValueSpecification","valueRequired":true,"valueName":"search_term_string"}}],"inLanguage":"de"},{"@type":"Organization","@id":"https:\/\/marktxxl.de\/markt\/#organization","name":"Markt-XXL","url":"https:\/\/marktxxl.de\/markt\/","logo":{"@type":"ImageObject","inLanguage":"de","@id":"https:\/\/marktxxl.de\/markt\/#\/schema\/logo\/image\/","url":"https:\/\/marktxxl.de\/markt\/wp-content\/uploads\/sites\/3\/2020\/12\/logo.png","contentUrl":"https:\/\/marktxxl.de\/markt\/wp-content\/uploads\/sites\/3\/2020\/12\/logo.png","width":200,"height":70,"caption":"Markt-XXL"},"image":{"@id":"https:\/\/marktxxl.de\/markt\/#\/schema\/logo\/image\/"}}]}},"_links":{"self":[{"href":"https:\/\/marktxxl.de\/markt\/wp-json\/wp\/v2\/product\/66637","targetHints":{"allow":["GET"]}}],"collection":[{"href":"https:\/\/marktxxl.de\/markt\/wp-json\/wp\/v2\/product"}],"about":[{"href":"https:\/\/marktxxl.de\/markt\/wp-json\/wp\/v2\/types\/product"}],"replies":[{"embeddable":true,"href":"https:\/\/marktxxl.de\/markt\/wp-json\/wp\/v2\/comments?post=66637"}],"wp:featuredmedia":[{"embeddable":true,"href":"https:\/\/marktxxl.de\/markt\/wp-json\/wp\/v2\/media\/66638"}],"wp:attachment":[{"href":"https:\/\/marktxxl.de\/markt\/wp-json\/wp\/v2\/media?parent=66637"}],"wp:term":[{"taxonomy":"product_brand","embeddable":true,"href":"https:\/\/marktxxl.de\/markt\/wp-json\/wp\/v2\/product_brand?post=66637"},{"taxonomy":"product_cat","embeddable":true,"href":"https:\/\/marktxxl.de\/markt\/wp-json\/wp\/v2\/product_cat?post=66637"},{"taxonomy":"product_tag","embeddable":true,"href":"https:\/\/marktxxl.de\/markt\/wp-json\/wp\/v2\/product_tag?post=66637"}],"curies":[{"name":"wp","href":"https:\/\/api.w.org\/{rel}","templated":true}]}}