{"id":66498,"date":"2021-11-12T01:37:23","date_gmt":"2021-11-12T00:37:23","guid":{"rendered":"https:\/\/marktxxl.de\/markt\/produkt\/nuk-signature-night-schnuller\/"},"modified":"2023-04-11T02:37:09","modified_gmt":"2023-04-11T00:37:09","slug":"nuk-signature-night-schnuller","status":"publish","type":"product","link":"https:\/\/marktxxl.de\/markt\/produkt\/nuk-signature-night-schnuller\/","title":{"rendered":"NUK Signature Night Schnuller | 0-6\u00a0Monate | Schnuller mit Leuchteffekt | BPA-freies Silikon | blaue Sterne | 2\u00a0St\u00fcck"},"content":{"rendered":"<p>Die flie\u00dfende, herzf\u00f6rmige Mundplatte mit sternf\u00f6rmigen, herzf\u00f6rmigen oder runden \u00d6ffnungen macht tags\u00fcber viel Freude und hilft mit dem sanften Leuchteffekt, dass der Schnuller auch in der Nacht ganz schnell und einfach gefunden werden kann<br \/>\nVerbesserte NUK Originalform, die der Brustwarze der Mutter nachempfunden ist und sich optimal in den Mund einf\u00fcgt, wenn das Baby daran nuckelt<br \/>\n100 % der befragten Kieferorthop\u00e4den best\u00e4tigen, dass die NUK Schnuller keine Kiefer- oder Zahnfehlstellungen verursachen*<br \/>\nDas NUK Air System l\u00e4sst Luft entweichen, sodass das Lutschteil im Mund weich und biegsam bleibt<br \/>\nDie flache Form verhindert, dass Druckstellen entstehen oder der Schnuller aus dem Mund des Babys f\u00e4llt<br \/>\nSenza BPA; sterilizzare nel microonde con la custodia riutilizzabile; fatto in Germania<br \/>\n<div class=\"main-cross-sell\" data-asin=\"B09KSYGLT5\">\n\n\t<div class=\"WooZone-cross-sell-loader\">\n\t\t<div>\n\t\t\t<div id=\"floatingBarsG\">\n\t\t\t\t<div class=\"blockG\" id=\"rotateG_01\"><\/div>\n\t\t\t\t<div class=\"blockG\" id=\"rotateG_02\"><\/div>\n\t\t\t\t<div class=\"blockG\" id=\"rotateG_03\"><\/div>\n\t\t\t\t<div class=\"blockG\" id=\"rotateG_04\"><\/div>\n\t\t\t\t<div class=\"blockG\" id=\"rotateG_05\"><\/div>\n\t\t\t\t<div class=\"blockG\" id=\"rotateG_06\"><\/div>\n\t\t\t\t<div class=\"blockG\" id=\"rotateG_07\"><\/div>\n\t\t\t\t<div class=\"blockG\" id=\"rotateG_08\"><\/div>\n\t\t\t<\/div>\n\t\t\t<div class=\"WooZone-cross-sell-loader-text\"><\/div>\n\t\t<\/div>\n\t<\/div>\n\n\t\t\n<\/div>\n<div style=\"clear:both;\"><\/div><\/p>\n","protected":false},"excerpt":{"rendered":"<p>Die flie\u00dfende, herzf\u00f6rmige Mundplatte mit sternf\u00f6rmigen, herzf\u00f6rmigen oder runden \u00d6ffnungen macht tags\u00fcber viel Freude und hilft mit dem sanften Leuchteffekt, dass der Schnuller auch in der Nacht ganz schnell und einfach gefunden werden kann<br \/>\nVerbesserte NUK Originalform, die der Brustwarze der Mutter nachempfunden ist und sich optimal in den Mund einf\u00fcgt, wenn das Baby daran nuckelt<br \/>\n100 % der befragten Kieferorthop\u00e4den best\u00e4tigen, dass die NUK Schnuller keine Kiefer- oder Zahnfehlstellungen verursachen*<\/p>\n","protected":false},"featured_media":66499,"comment_status":"open","ping_status":"closed","template":"","meta":[],"product_brand":[],"product_cat":[21,9329],"product_tag":[],"class_list":{"0":"post-66498","1":"product","2":"type-product","3":"status-publish","4":"has-post-thumbnail","6":"product_cat-baby","7":"product_cat-kinderwagen-buggys-zubehoer-baby","8":"pa_binding-babyartikel","9":"pa_brand-nuk","11":"first","12":"instock","13":"shipping-taxable","14":"purchasable","15":"product-type-simple","16":"customify-col","17":"product-has-gallery"},"yoast_head":"<!-- This site is optimized with the Yoast SEO plugin v27.4 - https:\/\/yoast.com\/product\/yoast-seo-wordpress\/ -->\n<title>NUK Signature Night Schnuller | 0-6\u00a0Monate | Schnuller mit Leuchteffekt | BPA-freies Silikon | blaue Sterne | 2\u00a0St\u00fcck - Markt-XXL<\/title>\n<meta name=\"description\" content=\"Markt-XXL NUK Signature Night Schnuller | 0-6\u00a0Monate | Schnuller mit Leuchteffekt | BPA-freies Silikon | blaue Sterne | 2\u00a0St\u00fcck\" \/>\n<meta name=\"robots\" content=\"index, follow, max-snippet:-1, max-image-preview:large, max-video-preview:-1\" \/>\n<link rel=\"canonical\" href=\"https:\/\/marktxxl.de\/markt\/produkt\/nuk-signature-night-schnuller\/\" \/>\n<meta property=\"og:locale\" content=\"de_DE\" \/>\n<meta property=\"og:type\" content=\"article\" \/>\n<meta property=\"og:title\" content=\"NUK Signature Night Schnuller | 0-6\u00a0Monate | Schnuller mit Leuchteffekt | BPA-freies Silikon | blaue Sterne | 2\u00a0St\u00fcck - Markt-XXL\" \/>\n<meta property=\"og:description\" content=\"Markt-XXL NUK Signature Night Schnuller | 0-6\u00a0Monate | Schnuller mit Leuchteffekt | BPA-freies Silikon | blaue Sterne | 2\u00a0St\u00fcck\" \/>\n<meta property=\"og:url\" content=\"https:\/\/marktxxl.de\/markt\/produkt\/nuk-signature-night-schnuller\/\" \/>\n<meta property=\"og:site_name\" content=\"Markt-XXL\" \/>\n<meta property=\"article:modified_time\" content=\"2023-04-11T00:37:09+00:00\" \/>\n<meta property=\"og:image\" content=\"https:\/\/m.media-amazon.com\/images\/I\/41jt0+E7fYL._SL500_.jpg\" \/>\n\t<meta property=\"og:image:width\" content=\"500\" \/>\n\t<meta property=\"og:image:height\" content=\"500\" \/>\n\t<meta property=\"og:image:type\" content=\"image\/jpeg\" \/>\n<meta name=\"twitter:card\" content=\"summary_large_image\" \/>\n<meta name=\"twitter:label1\" content=\"Gesch\u00e4tzte Lesezeit\" \/>\n\t<meta name=\"twitter:data1\" content=\"1\u00a0Minute\" \/>\n<script type=\"application\/ld+json\" class=\"yoast-schema-graph\">{\"@context\":\"https:\\\/\\\/schema.org\",\"@graph\":[{\"@type\":\"WebPage\",\"@id\":\"https:\\\/\\\/marktxxl.de\\\/markt\\\/produkt\\\/nuk-signature-night-schnuller\\\/\",\"url\":\"https:\\\/\\\/marktxxl.de\\\/markt\\\/produkt\\\/nuk-signature-night-schnuller\\\/\",\"name\":\"NUK Signature Night Schnuller | 0-6\u00a0Monate | Schnuller mit Leuchteffekt | BPA-freies Silikon | blaue Sterne | 2\u00a0St\u00fcck - Markt-XXL\",\"isPartOf\":{\"@id\":\"https:\\\/\\\/marktxxl.de\\\/markt\\\/#website\"},\"primaryImageOfPage\":{\"@id\":\"https:\\\/\\\/marktxxl.de\\\/markt\\\/produkt\\\/nuk-signature-night-schnuller\\\/#primaryimage\"},\"image\":{\"@id\":\"https:\\\/\\\/marktxxl.de\\\/markt\\\/produkt\\\/nuk-signature-night-schnuller\\\/#primaryimage\"},\"thumbnailUrl\":\"https:\\\/\\\/m.media-amazon.com\\\/images\\\/I\\\/41jt0+E7fYL._SL500_.jpg\",\"datePublished\":\"2021-11-12T00:37:23+00:00\",\"dateModified\":\"2023-04-11T00:37:09+00:00\",\"description\":\"Markt-XXL NUK Signature Night Schnuller | 0-6\u00a0Monate | Schnuller mit Leuchteffekt | BPA-freies Silikon | blaue Sterne | 2\u00a0St\u00fcck\",\"breadcrumb\":{\"@id\":\"https:\\\/\\\/marktxxl.de\\\/markt\\\/produkt\\\/nuk-signature-night-schnuller\\\/#breadcrumb\"},\"inLanguage\":\"de\",\"potentialAction\":[{\"@type\":\"ReadAction\",\"target\":[\"https:\\\/\\\/marktxxl.de\\\/markt\\\/produkt\\\/nuk-signature-night-schnuller\\\/\"]}]},{\"@type\":\"ImageObject\",\"inLanguage\":\"de\",\"@id\":\"https:\\\/\\\/marktxxl.de\\\/markt\\\/produkt\\\/nuk-signature-night-schnuller\\\/#primaryimage\",\"url\":\"https:\\\/\\\/m.media-amazon.com\\\/images\\\/I\\\/41jt0+E7fYL._SL500_.jpg\",\"contentUrl\":\"https:\\\/\\\/m.media-amazon.com\\\/images\\\/I\\\/41jt0+E7fYL._SL500_.jpg\",\"width\":500,\"height\":500},{\"@type\":\"BreadcrumbList\",\"@id\":\"https:\\\/\\\/marktxxl.de\\\/markt\\\/produkt\\\/nuk-signature-night-schnuller\\\/#breadcrumb\",\"itemListElement\":[{\"@type\":\"ListItem\",\"position\":1,\"name\":\"Startseite\",\"item\":\"https:\\\/\\\/marktxxl.de\\\/markt\\\/\"},{\"@type\":\"ListItem\",\"position\":2,\"name\":\"Markt\",\"item\":\"https:\\\/\\\/marktxxl.de\\\/markt\\\/\"},{\"@type\":\"ListItem\",\"position\":3,\"name\":\"NUK Signature Night Schnuller | 0-6\u00a0Monate | Schnuller mit Leuchteffekt | BPA-freies Silikon | blaue Sterne | 2\u00a0St\u00fcck\"}]},{\"@type\":\"WebSite\",\"@id\":\"https:\\\/\\\/marktxxl.de\\\/markt\\\/#website\",\"url\":\"https:\\\/\\\/marktxxl.de\\\/markt\\\/\",\"name\":\"Markt-XXL\",\"description\":\"Ihr Markt Online\",\"publisher\":{\"@id\":\"https:\\\/\\\/marktxxl.de\\\/markt\\\/#organization\"},\"potentialAction\":[{\"@type\":\"SearchAction\",\"target\":{\"@type\":\"EntryPoint\",\"urlTemplate\":\"https:\\\/\\\/marktxxl.de\\\/markt\\\/?s={search_term_string}\"},\"query-input\":{\"@type\":\"PropertyValueSpecification\",\"valueRequired\":true,\"valueName\":\"search_term_string\"}}],\"inLanguage\":\"de\"},{\"@type\":\"Organization\",\"@id\":\"https:\\\/\\\/marktxxl.de\\\/markt\\\/#organization\",\"name\":\"Markt-XXL\",\"url\":\"https:\\\/\\\/marktxxl.de\\\/markt\\\/\",\"logo\":{\"@type\":\"ImageObject\",\"inLanguage\":\"de\",\"@id\":\"https:\\\/\\\/marktxxl.de\\\/markt\\\/#\\\/schema\\\/logo\\\/image\\\/\",\"url\":\"https:\\\/\\\/marktxxl.de\\\/markt\\\/wp-content\\\/uploads\\\/sites\\\/3\\\/2020\\\/12\\\/logo.png\",\"contentUrl\":\"https:\\\/\\\/marktxxl.de\\\/markt\\\/wp-content\\\/uploads\\\/sites\\\/3\\\/2020\\\/12\\\/logo.png\",\"width\":200,\"height\":70,\"caption\":\"Markt-XXL\"},\"image\":{\"@id\":\"https:\\\/\\\/marktxxl.de\\\/markt\\\/#\\\/schema\\\/logo\\\/image\\\/\"}}]}<\/script>\n<!-- \/ Yoast SEO plugin. -->","yoast_head_json":{"title":"NUK Signature Night Schnuller | 0-6\u00a0Monate | Schnuller mit Leuchteffekt | BPA-freies Silikon | blaue Sterne | 2\u00a0St\u00fcck - Markt-XXL","description":"Markt-XXL NUK Signature Night Schnuller | 0-6\u00a0Monate | Schnuller mit Leuchteffekt | BPA-freies Silikon | blaue Sterne | 2\u00a0St\u00fcck","robots":{"index":"index","follow":"follow","max-snippet":"max-snippet:-1","max-image-preview":"max-image-preview:large","max-video-preview":"max-video-preview:-1"},"canonical":"https:\/\/marktxxl.de\/markt\/produkt\/nuk-signature-night-schnuller\/","og_locale":"de_DE","og_type":"article","og_title":"NUK Signature Night Schnuller | 0-6\u00a0Monate | Schnuller mit Leuchteffekt | BPA-freies Silikon | blaue Sterne | 2\u00a0St\u00fcck - Markt-XXL","og_description":"Markt-XXL NUK Signature Night Schnuller | 0-6\u00a0Monate | Schnuller mit Leuchteffekt | BPA-freies Silikon | blaue Sterne | 2\u00a0St\u00fcck","og_url":"https:\/\/marktxxl.de\/markt\/produkt\/nuk-signature-night-schnuller\/","og_site_name":"Markt-XXL","article_modified_time":"2023-04-11T00:37:09+00:00","og_image":[{"width":500,"height":500,"url":"https:\/\/m.media-amazon.com\/images\/I\/41jt0+E7fYL._SL500_.jpg","type":"image\/jpeg"}],"twitter_card":"summary_large_image","twitter_misc":{"Gesch\u00e4tzte Lesezeit":"1\u00a0Minute"},"schema":{"@context":"https:\/\/schema.org","@graph":[{"@type":"WebPage","@id":"https:\/\/marktxxl.de\/markt\/produkt\/nuk-signature-night-schnuller\/","url":"https:\/\/marktxxl.de\/markt\/produkt\/nuk-signature-night-schnuller\/","name":"NUK Signature Night Schnuller | 0-6\u00a0Monate | Schnuller mit Leuchteffekt | BPA-freies Silikon | blaue Sterne | 2\u00a0St\u00fcck - Markt-XXL","isPartOf":{"@id":"https:\/\/marktxxl.de\/markt\/#website"},"primaryImageOfPage":{"@id":"https:\/\/marktxxl.de\/markt\/produkt\/nuk-signature-night-schnuller\/#primaryimage"},"image":{"@id":"https:\/\/marktxxl.de\/markt\/produkt\/nuk-signature-night-schnuller\/#primaryimage"},"thumbnailUrl":"https:\/\/m.media-amazon.com\/images\/I\/41jt0+E7fYL._SL500_.jpg","datePublished":"2021-11-12T00:37:23+00:00","dateModified":"2023-04-11T00:37:09+00:00","description":"Markt-XXL NUK Signature Night Schnuller | 0-6\u00a0Monate | Schnuller mit Leuchteffekt | BPA-freies Silikon | blaue Sterne | 2\u00a0St\u00fcck","breadcrumb":{"@id":"https:\/\/marktxxl.de\/markt\/produkt\/nuk-signature-night-schnuller\/#breadcrumb"},"inLanguage":"de","potentialAction":[{"@type":"ReadAction","target":["https:\/\/marktxxl.de\/markt\/produkt\/nuk-signature-night-schnuller\/"]}]},{"@type":"ImageObject","inLanguage":"de","@id":"https:\/\/marktxxl.de\/markt\/produkt\/nuk-signature-night-schnuller\/#primaryimage","url":"https:\/\/m.media-amazon.com\/images\/I\/41jt0+E7fYL._SL500_.jpg","contentUrl":"https:\/\/m.media-amazon.com\/images\/I\/41jt0+E7fYL._SL500_.jpg","width":500,"height":500},{"@type":"BreadcrumbList","@id":"https:\/\/marktxxl.de\/markt\/produkt\/nuk-signature-night-schnuller\/#breadcrumb","itemListElement":[{"@type":"ListItem","position":1,"name":"Startseite","item":"https:\/\/marktxxl.de\/markt\/"},{"@type":"ListItem","position":2,"name":"Markt","item":"https:\/\/marktxxl.de\/markt\/"},{"@type":"ListItem","position":3,"name":"NUK Signature Night Schnuller | 0-6\u00a0Monate | Schnuller mit Leuchteffekt | BPA-freies Silikon | blaue Sterne | 2\u00a0St\u00fcck"}]},{"@type":"WebSite","@id":"https:\/\/marktxxl.de\/markt\/#website","url":"https:\/\/marktxxl.de\/markt\/","name":"Markt-XXL","description":"Ihr Markt Online","publisher":{"@id":"https:\/\/marktxxl.de\/markt\/#organization"},"potentialAction":[{"@type":"SearchAction","target":{"@type":"EntryPoint","urlTemplate":"https:\/\/marktxxl.de\/markt\/?s={search_term_string}"},"query-input":{"@type":"PropertyValueSpecification","valueRequired":true,"valueName":"search_term_string"}}],"inLanguage":"de"},{"@type":"Organization","@id":"https:\/\/marktxxl.de\/markt\/#organization","name":"Markt-XXL","url":"https:\/\/marktxxl.de\/markt\/","logo":{"@type":"ImageObject","inLanguage":"de","@id":"https:\/\/marktxxl.de\/markt\/#\/schema\/logo\/image\/","url":"https:\/\/marktxxl.de\/markt\/wp-content\/uploads\/sites\/3\/2020\/12\/logo.png","contentUrl":"https:\/\/marktxxl.de\/markt\/wp-content\/uploads\/sites\/3\/2020\/12\/logo.png","width":200,"height":70,"caption":"Markt-XXL"},"image":{"@id":"https:\/\/marktxxl.de\/markt\/#\/schema\/logo\/image\/"}}]}},"_links":{"self":[{"href":"https:\/\/marktxxl.de\/markt\/wp-json\/wp\/v2\/product\/66498","targetHints":{"allow":["GET"]}}],"collection":[{"href":"https:\/\/marktxxl.de\/markt\/wp-json\/wp\/v2\/product"}],"about":[{"href":"https:\/\/marktxxl.de\/markt\/wp-json\/wp\/v2\/types\/product"}],"replies":[{"embeddable":true,"href":"https:\/\/marktxxl.de\/markt\/wp-json\/wp\/v2\/comments?post=66498"}],"wp:featuredmedia":[{"embeddable":true,"href":"https:\/\/marktxxl.de\/markt\/wp-json\/wp\/v2\/media\/66499"}],"wp:attachment":[{"href":"https:\/\/marktxxl.de\/markt\/wp-json\/wp\/v2\/media?parent=66498"}],"wp:term":[{"taxonomy":"product_brand","embeddable":true,"href":"https:\/\/marktxxl.de\/markt\/wp-json\/wp\/v2\/product_brand?post=66498"},{"taxonomy":"product_cat","embeddable":true,"href":"https:\/\/marktxxl.de\/markt\/wp-json\/wp\/v2\/product_cat?post=66498"},{"taxonomy":"product_tag","embeddable":true,"href":"https:\/\/marktxxl.de\/markt\/wp-json\/wp\/v2\/product_tag?post=66498"}],"curies":[{"name":"wp","href":"https:\/\/api.w.org\/{rel}","templated":true}]}}