{"id":66369,"date":"2021-11-12T01:27:16","date_gmt":"2021-11-12T00:27:16","guid":{"rendered":"https:\/\/marktxxl.de\/markt\/produkt\/inlesioo-moskitonetz-fuer-babyschalen-kindersitz-insektennetz-universal-fit-premium-qualitaet-reissfest-waschbar-grau\/"},"modified":"2023-04-11T02:37:08","modified_gmt":"2023-04-11T00:37:08","slug":"inlesioo-moskitonetz-fuer-babyschalen-kindersitz-insektennetz-universal-fit-premium-qualitaet-reissfest-waschbar-grau","status":"publish","type":"product","link":"https:\/\/marktxxl.de\/markt\/produkt\/inlesioo-moskitonetz-fuer-babyschalen-kindersitz-insektennetz-universal-fit-premium-qualitaet-reissfest-waschbar-grau\/","title":{"rendered":"Inlesioo Moskitonetz f\u00fcr Babyschalen &#8211; Kindersitz Insektennetz &#8211; Universal Fit &#8211; Premium Qualit\u00e4t &#8211; Rei\u00dffest &amp; Waschbar\u2026"},"content":{"rendered":"<p>Seelenfrieden: Mit dem feinmaschigen Gewebe k\u00f6nnen Sie sicher sein, dass Ihr Kind zuverl\u00e4ssig vor dem \u00c4rgernis der Natur gesch\u00fctzt ist und somit Unbehagen und Infektionen vorbeugt.<br \/>\nEINFACHE UND SCHNELLE MONTAGE: Das Baby Insektennetz passt universell auf die meisten Babyschalen und l\u00e4sst sich dank des elastischen Gummibands sehr schnell befestigen. Dank der kleinen \u00d6ffnung f\u00fcr den Griff k\u00f6nnen Sie die Babyautositze mit dem Insektennetz tragen.<br \/>\nBessere Sichtbarkeit: Dank der dunklen und dezenten Farbe wird die Sichtbarkeit von innen und au\u00dfen stark verbessert.<br \/>\nTragbar: Das Moskitonetz f\u00fcr Babyschale kann auf eine sehr kleine Gr\u00f6\u00dfe gefaltet werden, sodass Sie es immer bei sich tragen k\u00f6nnen.<br \/>\nPremium-Qualit\u00e4t: Das Netzgewebe der Moskitonetz-Abdeckung ist rei\u00dffest und maschinenwaschbar bei 30 \u00b0C, um eine lange Lebensdauer als Zubeh\u00f6r f\u00fcr Ihre Babyschalen zu garantieren.<br \/>\n<div class=\"main-cross-sell\" data-asin=\"B08G4YS46J\">\n\n\t<div class=\"WooZone-cross-sell-loader\">\n\t\t<div>\n\t\t\t<div id=\"floatingBarsG\">\n\t\t\t\t<div class=\"blockG\" id=\"rotateG_01\"><\/div>\n\t\t\t\t<div class=\"blockG\" id=\"rotateG_02\"><\/div>\n\t\t\t\t<div class=\"blockG\" id=\"rotateG_03\"><\/div>\n\t\t\t\t<div class=\"blockG\" id=\"rotateG_04\"><\/div>\n\t\t\t\t<div class=\"blockG\" id=\"rotateG_05\"><\/div>\n\t\t\t\t<div class=\"blockG\" id=\"rotateG_06\"><\/div>\n\t\t\t\t<div class=\"blockG\" id=\"rotateG_07\"><\/div>\n\t\t\t\t<div class=\"blockG\" id=\"rotateG_08\"><\/div>\n\t\t\t<\/div>\n\t\t\t<div class=\"WooZone-cross-sell-loader-text\"><\/div>\n\t\t<\/div>\n\t<\/div>\n\n\t\t\n<\/div>\n<div style=\"clear:both;\"><\/div><\/p>\n","protected":false},"excerpt":{"rendered":"<p>Seelenfrieden: Mit dem feinmaschigen Gewebe k\u00f6nnen Sie sicher sein, dass Ihr Kind zuverl\u00e4ssig vor dem \u00c4rgernis der Natur gesch\u00fctzt ist und somit Unbehagen und Infektionen vorbeugt.<br \/>\nEINFACHE UND SCHNELLE MONTAGE: Das Baby Insektennetz passt universell auf die meisten Babyschalen und l\u00e4sst sich dank des elastischen Gummibands sehr schnell befestigen. Dank der kleinen \u00d6ffnung f\u00fcr den Griff k\u00f6nnen Sie die Babyautositze mit dem Insektennetz tragen.<br \/>\nBessere Sichtbarkeit: Dank der dunklen und dezenten Farbe wird die Sichtbarkeit von innen und au\u00dfen stark verbessert.<\/p>\n","protected":false},"featured_media":66370,"comment_status":"open","ping_status":"closed","template":"","meta":[],"product_brand":[],"product_cat":[21,9329],"product_tag":[],"class_list":{"0":"post-66369","1":"product","2":"type-product","3":"status-publish","4":"has-post-thumbnail","6":"product_cat-baby","7":"product_cat-kinderwagen-buggys-zubehoer-baby","8":"pa_brand-inlesioo","9":"pa_manufacturer-b2all-limited","10":"pa_model-23755","12":"first","13":"instock","14":"shipping-taxable","15":"purchasable","16":"product-type-simple","17":"customify-col","18":"product-has-gallery"},"yoast_head":"<!-- This site is optimized with the Yoast SEO plugin v27.4 - https:\/\/yoast.com\/product\/yoast-seo-wordpress\/ -->\n<title>Inlesioo Moskitonetz f\u00fcr Babyschalen - Kindersitz Insektennetz - Universal Fit - Premium Qualit\u00e4t - Rei\u00dffest &amp; Waschbar\u2026 - Markt-XXL<\/title>\n<meta name=\"description\" content=\"Markt-XXL Inlesioo Moskitonetz f\u00fcr Babyschalen - Kindersitz Insektennetz - Universal Fit - Premium Qualit\u00e4t - Rei\u00dffest &amp; Waschbar\u2026\" \/>\n<meta name=\"robots\" content=\"index, follow, max-snippet:-1, max-image-preview:large, max-video-preview:-1\" \/>\n<link rel=\"canonical\" href=\"https:\/\/marktxxl.de\/markt\/produkt\/inlesioo-moskitonetz-fuer-babyschalen-kindersitz-insektennetz-universal-fit-premium-qualitaet-reissfest-waschbar-grau\/\" \/>\n<meta property=\"og:locale\" content=\"de_DE\" \/>\n<meta property=\"og:type\" content=\"article\" \/>\n<meta property=\"og:title\" content=\"Inlesioo Moskitonetz f\u00fcr Babyschalen - Kindersitz Insektennetz - Universal Fit - Premium Qualit\u00e4t - Rei\u00dffest &amp; Waschbar\u2026 - Markt-XXL\" \/>\n<meta property=\"og:description\" content=\"Markt-XXL Inlesioo Moskitonetz f\u00fcr Babyschalen - Kindersitz Insektennetz - Universal Fit - Premium Qualit\u00e4t - Rei\u00dffest &amp; Waschbar\u2026\" \/>\n<meta property=\"og:url\" content=\"https:\/\/marktxxl.de\/markt\/produkt\/inlesioo-moskitonetz-fuer-babyschalen-kindersitz-insektennetz-universal-fit-premium-qualitaet-reissfest-waschbar-grau\/\" \/>\n<meta property=\"og:site_name\" content=\"Markt-XXL\" \/>\n<meta property=\"article:modified_time\" content=\"2023-04-11T00:37:08+00:00\" \/>\n<meta property=\"og:image\" content=\"https:\/\/m.media-amazon.com\/images\/I\/41nL-mX3zgL._SL500_.jpg\" \/>\n\t<meta property=\"og:image:width\" content=\"500\" \/>\n\t<meta property=\"og:image:height\" content=\"500\" \/>\n\t<meta property=\"og:image:type\" content=\"image\/jpeg\" \/>\n<meta name=\"twitter:card\" content=\"summary_large_image\" \/>\n<meta name=\"twitter:label1\" content=\"Gesch\u00e4tzte Lesezeit\" \/>\n\t<meta name=\"twitter:data1\" content=\"1\u00a0Minute\" \/>\n<script type=\"application\/ld+json\" class=\"yoast-schema-graph\">{\"@context\":\"https:\\\/\\\/schema.org\",\"@graph\":[{\"@type\":\"WebPage\",\"@id\":\"https:\\\/\\\/marktxxl.de\\\/markt\\\/produkt\\\/inlesioo-moskitonetz-fuer-babyschalen-kindersitz-insektennetz-universal-fit-premium-qualitaet-reissfest-waschbar-grau\\\/\",\"url\":\"https:\\\/\\\/marktxxl.de\\\/markt\\\/produkt\\\/inlesioo-moskitonetz-fuer-babyschalen-kindersitz-insektennetz-universal-fit-premium-qualitaet-reissfest-waschbar-grau\\\/\",\"name\":\"Inlesioo Moskitonetz f\u00fcr Babyschalen - Kindersitz Insektennetz - Universal Fit - Premium Qualit\u00e4t - Rei\u00dffest &amp; Waschbar\u2026 - Markt-XXL\",\"isPartOf\":{\"@id\":\"https:\\\/\\\/marktxxl.de\\\/markt\\\/#website\"},\"primaryImageOfPage\":{\"@id\":\"https:\\\/\\\/marktxxl.de\\\/markt\\\/produkt\\\/inlesioo-moskitonetz-fuer-babyschalen-kindersitz-insektennetz-universal-fit-premium-qualitaet-reissfest-waschbar-grau\\\/#primaryimage\"},\"image\":{\"@id\":\"https:\\\/\\\/marktxxl.de\\\/markt\\\/produkt\\\/inlesioo-moskitonetz-fuer-babyschalen-kindersitz-insektennetz-universal-fit-premium-qualitaet-reissfest-waschbar-grau\\\/#primaryimage\"},\"thumbnailUrl\":\"https:\\\/\\\/m.media-amazon.com\\\/images\\\/I\\\/41nL-mX3zgL._SL500_.jpg\",\"datePublished\":\"2021-11-12T00:27:16+00:00\",\"dateModified\":\"2023-04-11T00:37:08+00:00\",\"description\":\"Markt-XXL Inlesioo Moskitonetz f\u00fcr Babyschalen - Kindersitz Insektennetz - Universal Fit - Premium Qualit\u00e4t - Rei\u00dffest &amp; Waschbar\u2026\",\"breadcrumb\":{\"@id\":\"https:\\\/\\\/marktxxl.de\\\/markt\\\/produkt\\\/inlesioo-moskitonetz-fuer-babyschalen-kindersitz-insektennetz-universal-fit-premium-qualitaet-reissfest-waschbar-grau\\\/#breadcrumb\"},\"inLanguage\":\"de\",\"potentialAction\":[{\"@type\":\"ReadAction\",\"target\":[\"https:\\\/\\\/marktxxl.de\\\/markt\\\/produkt\\\/inlesioo-moskitonetz-fuer-babyschalen-kindersitz-insektennetz-universal-fit-premium-qualitaet-reissfest-waschbar-grau\\\/\"]}]},{\"@type\":\"ImageObject\",\"inLanguage\":\"de\",\"@id\":\"https:\\\/\\\/marktxxl.de\\\/markt\\\/produkt\\\/inlesioo-moskitonetz-fuer-babyschalen-kindersitz-insektennetz-universal-fit-premium-qualitaet-reissfest-waschbar-grau\\\/#primaryimage\",\"url\":\"https:\\\/\\\/m.media-amazon.com\\\/images\\\/I\\\/41nL-mX3zgL._SL500_.jpg\",\"contentUrl\":\"https:\\\/\\\/m.media-amazon.com\\\/images\\\/I\\\/41nL-mX3zgL._SL500_.jpg\",\"width\":500,\"height\":500},{\"@type\":\"BreadcrumbList\",\"@id\":\"https:\\\/\\\/marktxxl.de\\\/markt\\\/produkt\\\/inlesioo-moskitonetz-fuer-babyschalen-kindersitz-insektennetz-universal-fit-premium-qualitaet-reissfest-waschbar-grau\\\/#breadcrumb\",\"itemListElement\":[{\"@type\":\"ListItem\",\"position\":1,\"name\":\"Startseite\",\"item\":\"https:\\\/\\\/marktxxl.de\\\/markt\\\/\"},{\"@type\":\"ListItem\",\"position\":2,\"name\":\"Markt\",\"item\":\"https:\\\/\\\/marktxxl.de\\\/markt\\\/\"},{\"@type\":\"ListItem\",\"position\":3,\"name\":\"Inlesioo Moskitonetz f\u00fcr Babyschalen &#8211; Kindersitz Insektennetz &#8211; Universal Fit &#8211; Premium Qualit\u00e4t &#8211; Rei\u00dffest &amp; Waschbar\u2026\"}]},{\"@type\":\"WebSite\",\"@id\":\"https:\\\/\\\/marktxxl.de\\\/markt\\\/#website\",\"url\":\"https:\\\/\\\/marktxxl.de\\\/markt\\\/\",\"name\":\"Markt-XXL\",\"description\":\"Ihr Markt Online\",\"publisher\":{\"@id\":\"https:\\\/\\\/marktxxl.de\\\/markt\\\/#organization\"},\"potentialAction\":[{\"@type\":\"SearchAction\",\"target\":{\"@type\":\"EntryPoint\",\"urlTemplate\":\"https:\\\/\\\/marktxxl.de\\\/markt\\\/?s={search_term_string}\"},\"query-input\":{\"@type\":\"PropertyValueSpecification\",\"valueRequired\":true,\"valueName\":\"search_term_string\"}}],\"inLanguage\":\"de\"},{\"@type\":\"Organization\",\"@id\":\"https:\\\/\\\/marktxxl.de\\\/markt\\\/#organization\",\"name\":\"Markt-XXL\",\"url\":\"https:\\\/\\\/marktxxl.de\\\/markt\\\/\",\"logo\":{\"@type\":\"ImageObject\",\"inLanguage\":\"de\",\"@id\":\"https:\\\/\\\/marktxxl.de\\\/markt\\\/#\\\/schema\\\/logo\\\/image\\\/\",\"url\":\"https:\\\/\\\/marktxxl.de\\\/markt\\\/wp-content\\\/uploads\\\/sites\\\/3\\\/2020\\\/12\\\/logo.png\",\"contentUrl\":\"https:\\\/\\\/marktxxl.de\\\/markt\\\/wp-content\\\/uploads\\\/sites\\\/3\\\/2020\\\/12\\\/logo.png\",\"width\":200,\"height\":70,\"caption\":\"Markt-XXL\"},\"image\":{\"@id\":\"https:\\\/\\\/marktxxl.de\\\/markt\\\/#\\\/schema\\\/logo\\\/image\\\/\"}}]}<\/script>\n<!-- \/ Yoast SEO plugin. -->","yoast_head_json":{"title":"Inlesioo Moskitonetz f\u00fcr Babyschalen - Kindersitz Insektennetz - Universal Fit - Premium Qualit\u00e4t - Rei\u00dffest &amp; Waschbar\u2026 - Markt-XXL","description":"Markt-XXL Inlesioo Moskitonetz f\u00fcr Babyschalen - Kindersitz Insektennetz - Universal Fit - Premium Qualit\u00e4t - Rei\u00dffest &amp; Waschbar\u2026","robots":{"index":"index","follow":"follow","max-snippet":"max-snippet:-1","max-image-preview":"max-image-preview:large","max-video-preview":"max-video-preview:-1"},"canonical":"https:\/\/marktxxl.de\/markt\/produkt\/inlesioo-moskitonetz-fuer-babyschalen-kindersitz-insektennetz-universal-fit-premium-qualitaet-reissfest-waschbar-grau\/","og_locale":"de_DE","og_type":"article","og_title":"Inlesioo Moskitonetz f\u00fcr Babyschalen - Kindersitz Insektennetz - Universal Fit - Premium Qualit\u00e4t - Rei\u00dffest &amp; Waschbar\u2026 - Markt-XXL","og_description":"Markt-XXL Inlesioo Moskitonetz f\u00fcr Babyschalen - Kindersitz Insektennetz - Universal Fit - Premium Qualit\u00e4t - Rei\u00dffest &amp; Waschbar\u2026","og_url":"https:\/\/marktxxl.de\/markt\/produkt\/inlesioo-moskitonetz-fuer-babyschalen-kindersitz-insektennetz-universal-fit-premium-qualitaet-reissfest-waschbar-grau\/","og_site_name":"Markt-XXL","article_modified_time":"2023-04-11T00:37:08+00:00","og_image":[{"width":500,"height":500,"url":"https:\/\/m.media-amazon.com\/images\/I\/41nL-mX3zgL._SL500_.jpg","type":"image\/jpeg"}],"twitter_card":"summary_large_image","twitter_misc":{"Gesch\u00e4tzte Lesezeit":"1\u00a0Minute"},"schema":{"@context":"https:\/\/schema.org","@graph":[{"@type":"WebPage","@id":"https:\/\/marktxxl.de\/markt\/produkt\/inlesioo-moskitonetz-fuer-babyschalen-kindersitz-insektennetz-universal-fit-premium-qualitaet-reissfest-waschbar-grau\/","url":"https:\/\/marktxxl.de\/markt\/produkt\/inlesioo-moskitonetz-fuer-babyschalen-kindersitz-insektennetz-universal-fit-premium-qualitaet-reissfest-waschbar-grau\/","name":"Inlesioo Moskitonetz f\u00fcr Babyschalen - Kindersitz Insektennetz - Universal Fit - Premium Qualit\u00e4t - Rei\u00dffest &amp; Waschbar\u2026 - Markt-XXL","isPartOf":{"@id":"https:\/\/marktxxl.de\/markt\/#website"},"primaryImageOfPage":{"@id":"https:\/\/marktxxl.de\/markt\/produkt\/inlesioo-moskitonetz-fuer-babyschalen-kindersitz-insektennetz-universal-fit-premium-qualitaet-reissfest-waschbar-grau\/#primaryimage"},"image":{"@id":"https:\/\/marktxxl.de\/markt\/produkt\/inlesioo-moskitonetz-fuer-babyschalen-kindersitz-insektennetz-universal-fit-premium-qualitaet-reissfest-waschbar-grau\/#primaryimage"},"thumbnailUrl":"https:\/\/m.media-amazon.com\/images\/I\/41nL-mX3zgL._SL500_.jpg","datePublished":"2021-11-12T00:27:16+00:00","dateModified":"2023-04-11T00:37:08+00:00","description":"Markt-XXL Inlesioo Moskitonetz f\u00fcr Babyschalen - Kindersitz Insektennetz - Universal Fit - Premium Qualit\u00e4t - Rei\u00dffest &amp; Waschbar\u2026","breadcrumb":{"@id":"https:\/\/marktxxl.de\/markt\/produkt\/inlesioo-moskitonetz-fuer-babyschalen-kindersitz-insektennetz-universal-fit-premium-qualitaet-reissfest-waschbar-grau\/#breadcrumb"},"inLanguage":"de","potentialAction":[{"@type":"ReadAction","target":["https:\/\/marktxxl.de\/markt\/produkt\/inlesioo-moskitonetz-fuer-babyschalen-kindersitz-insektennetz-universal-fit-premium-qualitaet-reissfest-waschbar-grau\/"]}]},{"@type":"ImageObject","inLanguage":"de","@id":"https:\/\/marktxxl.de\/markt\/produkt\/inlesioo-moskitonetz-fuer-babyschalen-kindersitz-insektennetz-universal-fit-premium-qualitaet-reissfest-waschbar-grau\/#primaryimage","url":"https:\/\/m.media-amazon.com\/images\/I\/41nL-mX3zgL._SL500_.jpg","contentUrl":"https:\/\/m.media-amazon.com\/images\/I\/41nL-mX3zgL._SL500_.jpg","width":500,"height":500},{"@type":"BreadcrumbList","@id":"https:\/\/marktxxl.de\/markt\/produkt\/inlesioo-moskitonetz-fuer-babyschalen-kindersitz-insektennetz-universal-fit-premium-qualitaet-reissfest-waschbar-grau\/#breadcrumb","itemListElement":[{"@type":"ListItem","position":1,"name":"Startseite","item":"https:\/\/marktxxl.de\/markt\/"},{"@type":"ListItem","position":2,"name":"Markt","item":"https:\/\/marktxxl.de\/markt\/"},{"@type":"ListItem","position":3,"name":"Inlesioo Moskitonetz f\u00fcr Babyschalen &#8211; Kindersitz Insektennetz &#8211; Universal Fit &#8211; Premium Qualit\u00e4t &#8211; Rei\u00dffest &amp; Waschbar\u2026"}]},{"@type":"WebSite","@id":"https:\/\/marktxxl.de\/markt\/#website","url":"https:\/\/marktxxl.de\/markt\/","name":"Markt-XXL","description":"Ihr Markt Online","publisher":{"@id":"https:\/\/marktxxl.de\/markt\/#organization"},"potentialAction":[{"@type":"SearchAction","target":{"@type":"EntryPoint","urlTemplate":"https:\/\/marktxxl.de\/markt\/?s={search_term_string}"},"query-input":{"@type":"PropertyValueSpecification","valueRequired":true,"valueName":"search_term_string"}}],"inLanguage":"de"},{"@type":"Organization","@id":"https:\/\/marktxxl.de\/markt\/#organization","name":"Markt-XXL","url":"https:\/\/marktxxl.de\/markt\/","logo":{"@type":"ImageObject","inLanguage":"de","@id":"https:\/\/marktxxl.de\/markt\/#\/schema\/logo\/image\/","url":"https:\/\/marktxxl.de\/markt\/wp-content\/uploads\/sites\/3\/2020\/12\/logo.png","contentUrl":"https:\/\/marktxxl.de\/markt\/wp-content\/uploads\/sites\/3\/2020\/12\/logo.png","width":200,"height":70,"caption":"Markt-XXL"},"image":{"@id":"https:\/\/marktxxl.de\/markt\/#\/schema\/logo\/image\/"}}]}},"_links":{"self":[{"href":"https:\/\/marktxxl.de\/markt\/wp-json\/wp\/v2\/product\/66369","targetHints":{"allow":["GET"]}}],"collection":[{"href":"https:\/\/marktxxl.de\/markt\/wp-json\/wp\/v2\/product"}],"about":[{"href":"https:\/\/marktxxl.de\/markt\/wp-json\/wp\/v2\/types\/product"}],"replies":[{"embeddable":true,"href":"https:\/\/marktxxl.de\/markt\/wp-json\/wp\/v2\/comments?post=66369"}],"wp:featuredmedia":[{"embeddable":true,"href":"https:\/\/marktxxl.de\/markt\/wp-json\/wp\/v2\/media\/66370"}],"wp:attachment":[{"href":"https:\/\/marktxxl.de\/markt\/wp-json\/wp\/v2\/media?parent=66369"}],"wp:term":[{"taxonomy":"product_brand","embeddable":true,"href":"https:\/\/marktxxl.de\/markt\/wp-json\/wp\/v2\/product_brand?post=66369"},{"taxonomy":"product_cat","embeddable":true,"href":"https:\/\/marktxxl.de\/markt\/wp-json\/wp\/v2\/product_cat?post=66369"},{"taxonomy":"product_tag","embeddable":true,"href":"https:\/\/marktxxl.de\/markt\/wp-json\/wp\/v2\/product_tag?post=66369"}],"curies":[{"name":"wp","href":"https:\/\/api.w.org\/{rel}","templated":true}]}}