{"id":66046,"date":"2021-11-12T01:08:00","date_gmt":"2021-11-12T00:08:00","guid":{"rendered":"https:\/\/marktxxl.de\/markt\/produkt\/zweilagige-decke-mit-namen-einschlagdecke-90x90-cm-babydecke-fuer-babyschale-baumwolle\/"},"modified":"2023-04-06T01:50:26","modified_gmt":"2023-04-05T23:50:26","slug":"zweilagige-decke-mit-namen-einschlagdecke-90x90-cm-babydecke-fuer-babyschale-baumwolle","status":"publish","type":"product","link":"https:\/\/marktxxl.de\/markt\/produkt\/zweilagige-decke-mit-namen-einschlagdecke-90x90-cm-babydecke-fuer-babyschale-baumwolle\/","title":{"rendered":"Zweilagige Decke mit Namen &#8211; EINSCHLAGDECKE &#8211; 90&#215;90 cm &#8211; Babydecke f\u00fcr Babyschale Baumwolle (Hellbraun &#8211; Tiere)"},"content":{"rendered":"<p>Zweilagige Einschlagdecke mit Namen<br \/>\nJede Decke ist als Geschenk verpackt.<br \/>\nDie Decke ist 90 cm x 90 cm gro\u00df und ca. 1 cm dick .<br \/>\nInnenstoff: &#8211; 100% Baumwolle, Au\u00dfenstoff- Pl\u00fcsch (100% Polyester) ; F\u00fcllung: antiallergische Silikon-Polyesterf\u00fcllung (100% Polyester)<br \/>\nSUPER F\u00dcR BABYSCHALE ! Ideal f\u00fcr jede Babyschale mit einem 3-Punkt-Gurtsystem<br \/>\n<div class=\"main-cross-sell\" data-asin=\"B07WDXSZNM\">\n\n\t<div class=\"WooZone-cross-sell-loader\">\n\t\t<div>\n\t\t\t<div id=\"floatingBarsG\">\n\t\t\t\t<div class=\"blockG\" id=\"rotateG_01\"><\/div>\n\t\t\t\t<div class=\"blockG\" id=\"rotateG_02\"><\/div>\n\t\t\t\t<div class=\"blockG\" id=\"rotateG_03\"><\/div>\n\t\t\t\t<div class=\"blockG\" id=\"rotateG_04\"><\/div>\n\t\t\t\t<div class=\"blockG\" id=\"rotateG_05\"><\/div>\n\t\t\t\t<div class=\"blockG\" id=\"rotateG_06\"><\/div>\n\t\t\t\t<div class=\"blockG\" id=\"rotateG_07\"><\/div>\n\t\t\t\t<div class=\"blockG\" id=\"rotateG_08\"><\/div>\n\t\t\t<\/div>\n\t\t\t<div class=\"WooZone-cross-sell-loader-text\"><\/div>\n\t\t<\/div>\n\t<\/div>\n\n\t\t\n<\/div>\n<div style=\"clear:both;\"><\/div><\/p>\n","protected":false},"excerpt":{"rendered":"<p>Zweilagige Einschlagdecke mit Namen<br \/>\nJede Decke ist als Geschenk verpackt.<br \/>\nDie Decke ist 90 cm x 90 cm gro\u00df und ca. 1 cm dick .<\/p>\n","protected":false},"featured_media":66047,"comment_status":"open","ping_status":"closed","template":"","meta":[],"product_brand":[],"product_cat":[21,9329],"product_tag":[],"class_list":{"0":"post-66046","1":"product","2":"type-product","3":"status-publish","4":"has-post-thumbnail","6":"product_cat-baby","7":"product_cat-kinderwagen-buggys-zubehoer-baby","8":"pa_brand-generisch","9":"pa_manufacturer-desti","11":"first","12":"instock","13":"shipping-taxable","14":"purchasable","15":"product-type-simple","16":"customify-col","17":"product-has-gallery"},"yoast_head":"<!-- This site is optimized with the Yoast SEO plugin v27.4 - https:\/\/yoast.com\/product\/yoast-seo-wordpress\/ -->\n<title>Zweilagige Decke mit Namen - EINSCHLAGDECKE - 90x90 cm - Babydecke f\u00fcr Babyschale Baumwolle (Hellbraun - Tiere) - Markt-XXL<\/title>\n<meta name=\"description\" content=\"Markt-XXL Zweilagige Decke mit Namen - EINSCHLAGDECKE - 90x90 cm - Babydecke f\u00fcr Babyschale Baumwolle (Hellbraun - Tiere)\" \/>\n<meta name=\"robots\" content=\"index, follow, max-snippet:-1, max-image-preview:large, max-video-preview:-1\" \/>\n<link rel=\"canonical\" href=\"https:\/\/marktxxl.de\/markt\/produkt\/zweilagige-decke-mit-namen-einschlagdecke-90x90-cm-babydecke-fuer-babyschale-baumwolle\/\" \/>\n<meta property=\"og:locale\" content=\"de_DE\" \/>\n<meta property=\"og:type\" content=\"article\" \/>\n<meta property=\"og:title\" content=\"Zweilagige Decke mit Namen - EINSCHLAGDECKE - 90x90 cm - Babydecke f\u00fcr Babyschale Baumwolle (Hellbraun - Tiere) - Markt-XXL\" \/>\n<meta property=\"og:description\" content=\"Markt-XXL Zweilagige Decke mit Namen - EINSCHLAGDECKE - 90x90 cm - Babydecke f\u00fcr Babyschale Baumwolle (Hellbraun - Tiere)\" \/>\n<meta property=\"og:url\" content=\"https:\/\/marktxxl.de\/markt\/produkt\/zweilagige-decke-mit-namen-einschlagdecke-90x90-cm-babydecke-fuer-babyschale-baumwolle\/\" \/>\n<meta property=\"og:site_name\" content=\"Markt-XXL\" \/>\n<meta property=\"article:modified_time\" content=\"2023-04-05T23:50:26+00:00\" \/>\n<meta property=\"og:image\" content=\"https:\/\/m.media-amazon.com\/images\/I\/41owvwg9OFL._SL500_.jpg\" \/>\n\t<meta property=\"og:image:width\" content=\"500\" \/>\n\t<meta property=\"og:image:height\" content=\"321\" \/>\n\t<meta property=\"og:image:type\" content=\"image\/jpeg\" \/>\n<meta name=\"twitter:card\" content=\"summary_large_image\" \/>\n<script type=\"application\/ld+json\" class=\"yoast-schema-graph\">{\"@context\":\"https:\\\/\\\/schema.org\",\"@graph\":[{\"@type\":\"WebPage\",\"@id\":\"https:\\\/\\\/marktxxl.de\\\/markt\\\/produkt\\\/zweilagige-decke-mit-namen-einschlagdecke-90x90-cm-babydecke-fuer-babyschale-baumwolle\\\/\",\"url\":\"https:\\\/\\\/marktxxl.de\\\/markt\\\/produkt\\\/zweilagige-decke-mit-namen-einschlagdecke-90x90-cm-babydecke-fuer-babyschale-baumwolle\\\/\",\"name\":\"Zweilagige Decke mit Namen - EINSCHLAGDECKE - 90x90 cm - Babydecke f\u00fcr Babyschale Baumwolle (Hellbraun - Tiere) - Markt-XXL\",\"isPartOf\":{\"@id\":\"https:\\\/\\\/marktxxl.de\\\/markt\\\/#website\"},\"primaryImageOfPage\":{\"@id\":\"https:\\\/\\\/marktxxl.de\\\/markt\\\/produkt\\\/zweilagige-decke-mit-namen-einschlagdecke-90x90-cm-babydecke-fuer-babyschale-baumwolle\\\/#primaryimage\"},\"image\":{\"@id\":\"https:\\\/\\\/marktxxl.de\\\/markt\\\/produkt\\\/zweilagige-decke-mit-namen-einschlagdecke-90x90-cm-babydecke-fuer-babyschale-baumwolle\\\/#primaryimage\"},\"thumbnailUrl\":\"https:\\\/\\\/m.media-amazon.com\\\/images\\\/I\\\/41owvwg9OFL._SL500_.jpg\",\"datePublished\":\"2021-11-12T00:08:00+00:00\",\"dateModified\":\"2023-04-05T23:50:26+00:00\",\"description\":\"Markt-XXL Zweilagige Decke mit Namen - EINSCHLAGDECKE - 90x90 cm - Babydecke f\u00fcr Babyschale Baumwolle (Hellbraun - Tiere)\",\"breadcrumb\":{\"@id\":\"https:\\\/\\\/marktxxl.de\\\/markt\\\/produkt\\\/zweilagige-decke-mit-namen-einschlagdecke-90x90-cm-babydecke-fuer-babyschale-baumwolle\\\/#breadcrumb\"},\"inLanguage\":\"de\",\"potentialAction\":[{\"@type\":\"ReadAction\",\"target\":[\"https:\\\/\\\/marktxxl.de\\\/markt\\\/produkt\\\/zweilagige-decke-mit-namen-einschlagdecke-90x90-cm-babydecke-fuer-babyschale-baumwolle\\\/\"]}]},{\"@type\":\"ImageObject\",\"inLanguage\":\"de\",\"@id\":\"https:\\\/\\\/marktxxl.de\\\/markt\\\/produkt\\\/zweilagige-decke-mit-namen-einschlagdecke-90x90-cm-babydecke-fuer-babyschale-baumwolle\\\/#primaryimage\",\"url\":\"https:\\\/\\\/m.media-amazon.com\\\/images\\\/I\\\/41owvwg9OFL._SL500_.jpg\",\"contentUrl\":\"https:\\\/\\\/m.media-amazon.com\\\/images\\\/I\\\/41owvwg9OFL._SL500_.jpg\",\"width\":500,\"height\":321},{\"@type\":\"BreadcrumbList\",\"@id\":\"https:\\\/\\\/marktxxl.de\\\/markt\\\/produkt\\\/zweilagige-decke-mit-namen-einschlagdecke-90x90-cm-babydecke-fuer-babyschale-baumwolle\\\/#breadcrumb\",\"itemListElement\":[{\"@type\":\"ListItem\",\"position\":1,\"name\":\"Startseite\",\"item\":\"https:\\\/\\\/marktxxl.de\\\/markt\\\/\"},{\"@type\":\"ListItem\",\"position\":2,\"name\":\"Markt\",\"item\":\"https:\\\/\\\/marktxxl.de\\\/markt\\\/\"},{\"@type\":\"ListItem\",\"position\":3,\"name\":\"Zweilagige Decke mit Namen &#8211; EINSCHLAGDECKE &#8211; 90&#215;90 cm &#8211; Babydecke f\u00fcr Babyschale Baumwolle (Hellbraun &#8211; Tiere)\"}]},{\"@type\":\"WebSite\",\"@id\":\"https:\\\/\\\/marktxxl.de\\\/markt\\\/#website\",\"url\":\"https:\\\/\\\/marktxxl.de\\\/markt\\\/\",\"name\":\"Markt-XXL\",\"description\":\"Ihr Markt Online\",\"publisher\":{\"@id\":\"https:\\\/\\\/marktxxl.de\\\/markt\\\/#organization\"},\"potentialAction\":[{\"@type\":\"SearchAction\",\"target\":{\"@type\":\"EntryPoint\",\"urlTemplate\":\"https:\\\/\\\/marktxxl.de\\\/markt\\\/?s={search_term_string}\"},\"query-input\":{\"@type\":\"PropertyValueSpecification\",\"valueRequired\":true,\"valueName\":\"search_term_string\"}}],\"inLanguage\":\"de\"},{\"@type\":\"Organization\",\"@id\":\"https:\\\/\\\/marktxxl.de\\\/markt\\\/#organization\",\"name\":\"Markt-XXL\",\"url\":\"https:\\\/\\\/marktxxl.de\\\/markt\\\/\",\"logo\":{\"@type\":\"ImageObject\",\"inLanguage\":\"de\",\"@id\":\"https:\\\/\\\/marktxxl.de\\\/markt\\\/#\\\/schema\\\/logo\\\/image\\\/\",\"url\":\"https:\\\/\\\/marktxxl.de\\\/markt\\\/wp-content\\\/uploads\\\/sites\\\/3\\\/2020\\\/12\\\/logo.png\",\"contentUrl\":\"https:\\\/\\\/marktxxl.de\\\/markt\\\/wp-content\\\/uploads\\\/sites\\\/3\\\/2020\\\/12\\\/logo.png\",\"width\":200,\"height\":70,\"caption\":\"Markt-XXL\"},\"image\":{\"@id\":\"https:\\\/\\\/marktxxl.de\\\/markt\\\/#\\\/schema\\\/logo\\\/image\\\/\"}}]}<\/script>\n<!-- \/ Yoast SEO plugin. -->","yoast_head_json":{"title":"Zweilagige Decke mit Namen - EINSCHLAGDECKE - 90x90 cm - Babydecke f\u00fcr Babyschale Baumwolle (Hellbraun - Tiere) - Markt-XXL","description":"Markt-XXL Zweilagige Decke mit Namen - EINSCHLAGDECKE - 90x90 cm - Babydecke f\u00fcr Babyschale Baumwolle (Hellbraun - Tiere)","robots":{"index":"index","follow":"follow","max-snippet":"max-snippet:-1","max-image-preview":"max-image-preview:large","max-video-preview":"max-video-preview:-1"},"canonical":"https:\/\/marktxxl.de\/markt\/produkt\/zweilagige-decke-mit-namen-einschlagdecke-90x90-cm-babydecke-fuer-babyschale-baumwolle\/","og_locale":"de_DE","og_type":"article","og_title":"Zweilagige Decke mit Namen - EINSCHLAGDECKE - 90x90 cm - Babydecke f\u00fcr Babyschale Baumwolle (Hellbraun - Tiere) - Markt-XXL","og_description":"Markt-XXL Zweilagige Decke mit Namen - EINSCHLAGDECKE - 90x90 cm - Babydecke f\u00fcr Babyschale Baumwolle (Hellbraun - Tiere)","og_url":"https:\/\/marktxxl.de\/markt\/produkt\/zweilagige-decke-mit-namen-einschlagdecke-90x90-cm-babydecke-fuer-babyschale-baumwolle\/","og_site_name":"Markt-XXL","article_modified_time":"2023-04-05T23:50:26+00:00","og_image":[{"width":500,"height":321,"url":"https:\/\/m.media-amazon.com\/images\/I\/41owvwg9OFL._SL500_.jpg","type":"image\/jpeg"}],"twitter_card":"summary_large_image","schema":{"@context":"https:\/\/schema.org","@graph":[{"@type":"WebPage","@id":"https:\/\/marktxxl.de\/markt\/produkt\/zweilagige-decke-mit-namen-einschlagdecke-90x90-cm-babydecke-fuer-babyschale-baumwolle\/","url":"https:\/\/marktxxl.de\/markt\/produkt\/zweilagige-decke-mit-namen-einschlagdecke-90x90-cm-babydecke-fuer-babyschale-baumwolle\/","name":"Zweilagige Decke mit Namen - EINSCHLAGDECKE - 90x90 cm - Babydecke f\u00fcr Babyschale Baumwolle (Hellbraun - Tiere) - Markt-XXL","isPartOf":{"@id":"https:\/\/marktxxl.de\/markt\/#website"},"primaryImageOfPage":{"@id":"https:\/\/marktxxl.de\/markt\/produkt\/zweilagige-decke-mit-namen-einschlagdecke-90x90-cm-babydecke-fuer-babyschale-baumwolle\/#primaryimage"},"image":{"@id":"https:\/\/marktxxl.de\/markt\/produkt\/zweilagige-decke-mit-namen-einschlagdecke-90x90-cm-babydecke-fuer-babyschale-baumwolle\/#primaryimage"},"thumbnailUrl":"https:\/\/m.media-amazon.com\/images\/I\/41owvwg9OFL._SL500_.jpg","datePublished":"2021-11-12T00:08:00+00:00","dateModified":"2023-04-05T23:50:26+00:00","description":"Markt-XXL Zweilagige Decke mit Namen - EINSCHLAGDECKE - 90x90 cm - Babydecke f\u00fcr Babyschale Baumwolle (Hellbraun - Tiere)","breadcrumb":{"@id":"https:\/\/marktxxl.de\/markt\/produkt\/zweilagige-decke-mit-namen-einschlagdecke-90x90-cm-babydecke-fuer-babyschale-baumwolle\/#breadcrumb"},"inLanguage":"de","potentialAction":[{"@type":"ReadAction","target":["https:\/\/marktxxl.de\/markt\/produkt\/zweilagige-decke-mit-namen-einschlagdecke-90x90-cm-babydecke-fuer-babyschale-baumwolle\/"]}]},{"@type":"ImageObject","inLanguage":"de","@id":"https:\/\/marktxxl.de\/markt\/produkt\/zweilagige-decke-mit-namen-einschlagdecke-90x90-cm-babydecke-fuer-babyschale-baumwolle\/#primaryimage","url":"https:\/\/m.media-amazon.com\/images\/I\/41owvwg9OFL._SL500_.jpg","contentUrl":"https:\/\/m.media-amazon.com\/images\/I\/41owvwg9OFL._SL500_.jpg","width":500,"height":321},{"@type":"BreadcrumbList","@id":"https:\/\/marktxxl.de\/markt\/produkt\/zweilagige-decke-mit-namen-einschlagdecke-90x90-cm-babydecke-fuer-babyschale-baumwolle\/#breadcrumb","itemListElement":[{"@type":"ListItem","position":1,"name":"Startseite","item":"https:\/\/marktxxl.de\/markt\/"},{"@type":"ListItem","position":2,"name":"Markt","item":"https:\/\/marktxxl.de\/markt\/"},{"@type":"ListItem","position":3,"name":"Zweilagige Decke mit Namen &#8211; EINSCHLAGDECKE &#8211; 90&#215;90 cm &#8211; Babydecke f\u00fcr Babyschale Baumwolle (Hellbraun &#8211; Tiere)"}]},{"@type":"WebSite","@id":"https:\/\/marktxxl.de\/markt\/#website","url":"https:\/\/marktxxl.de\/markt\/","name":"Markt-XXL","description":"Ihr Markt Online","publisher":{"@id":"https:\/\/marktxxl.de\/markt\/#organization"},"potentialAction":[{"@type":"SearchAction","target":{"@type":"EntryPoint","urlTemplate":"https:\/\/marktxxl.de\/markt\/?s={search_term_string}"},"query-input":{"@type":"PropertyValueSpecification","valueRequired":true,"valueName":"search_term_string"}}],"inLanguage":"de"},{"@type":"Organization","@id":"https:\/\/marktxxl.de\/markt\/#organization","name":"Markt-XXL","url":"https:\/\/marktxxl.de\/markt\/","logo":{"@type":"ImageObject","inLanguage":"de","@id":"https:\/\/marktxxl.de\/markt\/#\/schema\/logo\/image\/","url":"https:\/\/marktxxl.de\/markt\/wp-content\/uploads\/sites\/3\/2020\/12\/logo.png","contentUrl":"https:\/\/marktxxl.de\/markt\/wp-content\/uploads\/sites\/3\/2020\/12\/logo.png","width":200,"height":70,"caption":"Markt-XXL"},"image":{"@id":"https:\/\/marktxxl.de\/markt\/#\/schema\/logo\/image\/"}}]}},"_links":{"self":[{"href":"https:\/\/marktxxl.de\/markt\/wp-json\/wp\/v2\/product\/66046","targetHints":{"allow":["GET"]}}],"collection":[{"href":"https:\/\/marktxxl.de\/markt\/wp-json\/wp\/v2\/product"}],"about":[{"href":"https:\/\/marktxxl.de\/markt\/wp-json\/wp\/v2\/types\/product"}],"replies":[{"embeddable":true,"href":"https:\/\/marktxxl.de\/markt\/wp-json\/wp\/v2\/comments?post=66046"}],"wp:featuredmedia":[{"embeddable":true,"href":"https:\/\/marktxxl.de\/markt\/wp-json\/wp\/v2\/media\/66047"}],"wp:attachment":[{"href":"https:\/\/marktxxl.de\/markt\/wp-json\/wp\/v2\/media?parent=66046"}],"wp:term":[{"taxonomy":"product_brand","embeddable":true,"href":"https:\/\/marktxxl.de\/markt\/wp-json\/wp\/v2\/product_brand?post=66046"},{"taxonomy":"product_cat","embeddable":true,"href":"https:\/\/marktxxl.de\/markt\/wp-json\/wp\/v2\/product_cat?post=66046"},{"taxonomy":"product_tag","embeddable":true,"href":"https:\/\/marktxxl.de\/markt\/wp-json\/wp\/v2\/product_tag?post=66046"}],"curies":[{"name":"wp","href":"https:\/\/api.w.org\/{rel}","templated":true}]}}