{"id":65936,"date":"2021-11-12T01:03:40","date_gmt":"2021-11-12T00:03:40","guid":{"rendered":"https:\/\/marktxxl.de\/markt\/produkt\/koru-kids-toddler-booster-sitzerhoehung-stuhl-kind-sicherheitsgeprueft-stuhlsitz-made-in-germany-fuer-kinder-ab-12-monaten-bis-7-jahre\/"},"modified":"2023-04-06T01:50:23","modified_gmt":"2023-04-05T23:50:23","slug":"koru-kids-toddler-booster-sitzerhoehung-stuhl-kind-sicherheitsgeprueft-stuhlsitz-made-in-germany-fuer-kinder-ab-12-monaten-bis-7-jahre","status":"publish","type":"product","link":"https:\/\/marktxxl.de\/markt\/produkt\/koru-kids-toddler-booster-sitzerhoehung-stuhl-kind-sicherheitsgeprueft-stuhlsitz-made-in-germany-fuer-kinder-ab-12-monaten-bis-7-jahre\/","title":{"rendered":"Koru Kids\u00ae Toddler Booster \u2013 Sitzerh\u00f6hung Stuhl Kind \u2013 Boostersitz \u2013 Stuhlsitz \u2013 Made in Germany \u2013 f\u00fcr Kinder ab 12\u2026"},"content":{"rendered":"<p>\u2714\ufe0f F\u00dcR KLEINE UND GROSSE KINDER: Der Toddler Booster ist f\u00fcr Kinder ab 12 Monate bis etwa 7 Jahre und \u00e4lter bestimmt (H\u00f6chstgewicht 40kg). Wenn die Kinder gr\u00f6\u00dfer werden und ab einem Alter von 3 Jahren keinen 3-Punkt Haltegurt mehr ben\u00f6tigen, kann dieser leicht entfernt werden und die Sitzerh\u00f6hung weiterbenutzt werden. So wird aus dem Babysitz ein viele Jahre nutzbarer Kindersitz.<br \/>\n\u2714\ufe0f WEICHES, FORMSTABILES MATERIAL: Unser Toddler Booster ist weich! Wir haben mit dem Integralhalbhartschaum aus Polyurethan ein Material gew\u00e4hlt, das f\u00fcr Sie viele Vorteile bietet: Der Boostersitz ist angenehm weich beim Sitzen und gleichzeitig formstabil und \u00e4u\u00dferst robust. Die beschichtete Oberfl\u00e4che erm\u00f6glicht Ihnen eine blitzschnelle und leichte Reinigung und sch\u00fctzt zus\u00e4tzlich die Sitzerh\u00f6hung vor Sonneneinstrahlung.<br \/>\n\u2714\ufe0f IDEALER BEGLEITER F\u00dcR UNTERWEGS: Dank seiner handlichen Gr\u00f6\u00dfe von 37,7 (Breite) x 37,3 (Tiefe) x 25,2 cm (H\u00f6he) und einer Erh\u00f6hung der Sitzfl\u00e4che um 8,4 cm eignet sich der Toddler Booster ideal auch f\u00fcr unterwegs: als mobile Stuhlerh\u00f6hung im Urlaub, als praktischer Reisehochstuhl, platzsparender Stuhlsitz beim Camping, mitnehmbarer Kinderstuhl beim Essen im Restaurant oder als Stuhlsitz beim Besuch von Freunden oder Verwandten.<br \/>\n\u2714\ufe0f SICHERHEITSGEPR\u00dcFT: Die Sicherheit Ihrer Kinder liegt uns am Herzen! Mit seitlich zu befestigenden Stuhlgurten aus Klett l\u00e4sst sich der Toddler Booster fest und sicher auf jedem Stuhl fixieren. Der mehrfach verstellbare 3-Punkt Haltegurt und die Querrillen auf der Sitzfl\u00e4che sorgen f\u00fcr weiteren Schutz der Kinder. Zudem haben wir den T\u00dcV Th\u00fcringen die Booster umfangreich &#8211; insbesondere auf mechanische und chemische Sicherheit &#8211; testen lassen und die Zertifizierung \u201eSafety tested\u201c erhalten.<br \/>\n\u2714\ufe0f DESIGNED UND HERGESTELLT IN DEUTSCHLAND: Als deutsches Unternehmen haben wir die Sitzerh\u00f6hungen sorgf\u00e4ltig mit Fokus auf h\u00f6chsten Komfort und Einfachheit bei der Benutzung entwickelt: Blitzschnelle Befestigung am Stuhl, leichte Reinigungsm\u00f6glichkeit und Stapelbarkeit f\u00fcr die platzsparende Aufbewahrung zeichnen unsere Booster aus. Hohe Qualit\u00e4t ist uns so wichtig, dass die Booster in Bayern produziert werden.<br \/>\n<div class=\"main-cross-sell\" data-asin=\"B07BRFZKZD\">\n\n\t<div class=\"WooZone-cross-sell-loader\">\n\t\t<div>\n\t\t\t<div id=\"floatingBarsG\">\n\t\t\t\t<div class=\"blockG\" id=\"rotateG_01\"><\/div>\n\t\t\t\t<div class=\"blockG\" id=\"rotateG_02\"><\/div>\n\t\t\t\t<div class=\"blockG\" id=\"rotateG_03\"><\/div>\n\t\t\t\t<div class=\"blockG\" id=\"rotateG_04\"><\/div>\n\t\t\t\t<div class=\"blockG\" id=\"rotateG_05\"><\/div>\n\t\t\t\t<div class=\"blockG\" id=\"rotateG_06\"><\/div>\n\t\t\t\t<div class=\"blockG\" id=\"rotateG_07\"><\/div>\n\t\t\t\t<div class=\"blockG\" id=\"rotateG_08\"><\/div>\n\t\t\t<\/div>\n\t\t\t<div class=\"WooZone-cross-sell-loader-text\"><\/div>\n\t\t<\/div>\n\t<\/div>\n\n\t\t\n<\/div>\n<div style=\"clear:both;\"><\/div><\/p>\n","protected":false},"excerpt":{"rendered":"<p>\u2714\ufe0f F\u00dcR KLEINE UND GROSSE KINDER: Der Toddler Booster ist f\u00fcr Kinder ab 12 Monate bis etwa 7 Jahre und \u00e4lter bestimmt (H\u00f6chstgewicht 40kg). Wenn die Kinder gr\u00f6\u00dfer werden und ab einem Alter von 3 Jahren keinen 3-Punkt Haltegurt mehr ben\u00f6tigen, kann dieser leicht entfernt werden und die Sitzerh\u00f6hung weiterbenutzt werden. So wird aus dem Babysitz ein viele Jahre nutzbarer Kindersitz.<br \/>\n\u2714\ufe0f WEICHES, FORMSTABILES MATERIAL: Unser Toddler Booster ist weich! Wir haben mit dem Integralhalbhartschaum aus Polyurethan ein Material gew\u00e4hlt, das f\u00fcr Sie viele Vorteile bietet: Der Boostersitz ist angenehm weich beim Sitzen und gleichzeitig formstabil und \u00e4u\u00dferst robust. Die beschichtete Oberfl\u00e4che erm\u00f6glicht Ihnen eine blitzschnelle und leichte Reinigung und sch\u00fctzt zus\u00e4tzlich die Sitzerh\u00f6hung vor Sonneneinstrahlung.<br \/>\n\u2714\ufe0f IDEALER BEGLEITER F\u00dcR UNTERWEGS: Dank seiner handlichen Gr\u00f6\u00dfe von 37,7 (Breite) x 37,3 (Tiefe) x 25,2 cm (H\u00f6he) und einer Erh\u00f6hung der Sitzfl\u00e4che um 8,4 cm eignet sich der Toddler Booster ideal auch f\u00fcr unterwegs: als mobile Stuhlerh\u00f6hung im Urlaub, als praktischer Reisehochstuhl, platzsparender Stuhlsitz beim Camping, mitnehmbarer Kinderstuhl beim Essen im Restaurant oder als Stuhlsitz beim Besuch von Freunden oder Verwandten.<\/p>\n","protected":false},"featured_media":65937,"comment_status":"open","ping_status":"closed","template":"","meta":[],"product_brand":[],"product_cat":[21,9216],"product_tag":[],"class_list":{"0":"post-65936","1":"product","2":"type-product","3":"status-publish","4":"has-post-thumbnail","6":"product_cat-baby","7":"product_cat-ernaehrung-stillen-baby","8":"pa_brand-koru-kids","9":"pa_height-9-9212598324-zoll","10":"pa_languages-unbekannt-deutsch","11":"pa_length-14-6456692764-zoll","12":"pa_manufacturer-koru-kids-deutschland","13":"pa_model-kktb00","14":"pa_warranty-2-jahre","15":"pa_weight-5-291094288-pfund","16":"pa_width-14-8425196699-zoll","18":"first","19":"instock","20":"shipping-taxable","21":"purchasable","22":"product-type-simple","23":"customify-col","24":"product-has-gallery"},"yoast_head":"<!-- This site is optimized with the Yoast SEO plugin v27.4 - https:\/\/yoast.com\/product\/yoast-seo-wordpress\/ -->\n<title>Koru Kids\u00ae Toddler Booster \u2013 Sitzerh\u00f6hung Stuhl Kind \u2013 Boostersitz \u2013 Stuhlsitz \u2013 Made in Germany \u2013 f\u00fcr Kinder ab 12\u2026 - Markt-XXL<\/title>\n<meta name=\"description\" content=\"Markt-XXL Koru Kids\u00ae Toddler Booster \u2013 Sitzerh\u00f6hung Stuhl Kind \u2013 Boostersitz \u2013 Stuhlsitz \u2013 Made in Germany \u2013 f\u00fcr Kinder ab 12\u2026\" \/>\n<meta name=\"robots\" content=\"index, follow, max-snippet:-1, max-image-preview:large, max-video-preview:-1\" \/>\n<link rel=\"canonical\" href=\"https:\/\/marktxxl.de\/markt\/produkt\/koru-kids-toddler-booster-sitzerhoehung-stuhl-kind-sicherheitsgeprueft-stuhlsitz-made-in-germany-fuer-kinder-ab-12-monaten-bis-7-jahre\/\" \/>\n<meta property=\"og:locale\" content=\"de_DE\" \/>\n<meta property=\"og:type\" content=\"article\" \/>\n<meta property=\"og:title\" content=\"Koru Kids\u00ae Toddler Booster \u2013 Sitzerh\u00f6hung Stuhl Kind \u2013 Boostersitz \u2013 Stuhlsitz \u2013 Made in Germany \u2013 f\u00fcr Kinder ab 12\u2026 - Markt-XXL\" \/>\n<meta property=\"og:description\" content=\"Markt-XXL Koru Kids\u00ae Toddler Booster \u2013 Sitzerh\u00f6hung Stuhl Kind \u2013 Boostersitz \u2013 Stuhlsitz \u2013 Made in Germany \u2013 f\u00fcr Kinder ab 12\u2026\" \/>\n<meta property=\"og:url\" content=\"https:\/\/marktxxl.de\/markt\/produkt\/koru-kids-toddler-booster-sitzerhoehung-stuhl-kind-sicherheitsgeprueft-stuhlsitz-made-in-germany-fuer-kinder-ab-12-monaten-bis-7-jahre\/\" \/>\n<meta property=\"og:site_name\" content=\"Markt-XXL\" \/>\n<meta property=\"article:modified_time\" content=\"2023-04-05T23:50:23+00:00\" \/>\n<meta property=\"og:image\" content=\"https:\/\/m.media-amazon.com\/images\/I\/31dK1mhVnxL._SL500_.jpg\" \/>\n\t<meta property=\"og:image:width\" content=\"500\" \/>\n\t<meta property=\"og:image:height\" content=\"500\" \/>\n\t<meta property=\"og:image:type\" content=\"image\/jpeg\" \/>\n<meta name=\"twitter:card\" content=\"summary_large_image\" \/>\n<meta name=\"twitter:label1\" content=\"Gesch\u00e4tzte Lesezeit\" \/>\n\t<meta name=\"twitter:data1\" content=\"2\u00a0Minuten\" \/>\n<script type=\"application\/ld+json\" class=\"yoast-schema-graph\">{\"@context\":\"https:\\\/\\\/schema.org\",\"@graph\":[{\"@type\":\"WebPage\",\"@id\":\"https:\\\/\\\/marktxxl.de\\\/markt\\\/produkt\\\/koru-kids-toddler-booster-sitzerhoehung-stuhl-kind-sicherheitsgeprueft-stuhlsitz-made-in-germany-fuer-kinder-ab-12-monaten-bis-7-jahre\\\/\",\"url\":\"https:\\\/\\\/marktxxl.de\\\/markt\\\/produkt\\\/koru-kids-toddler-booster-sitzerhoehung-stuhl-kind-sicherheitsgeprueft-stuhlsitz-made-in-germany-fuer-kinder-ab-12-monaten-bis-7-jahre\\\/\",\"name\":\"Koru Kids\u00ae Toddler Booster \u2013 Sitzerh\u00f6hung Stuhl Kind \u2013 Boostersitz \u2013 Stuhlsitz \u2013 Made in Germany \u2013 f\u00fcr Kinder ab 12\u2026 - Markt-XXL\",\"isPartOf\":{\"@id\":\"https:\\\/\\\/marktxxl.de\\\/markt\\\/#website\"},\"primaryImageOfPage\":{\"@id\":\"https:\\\/\\\/marktxxl.de\\\/markt\\\/produkt\\\/koru-kids-toddler-booster-sitzerhoehung-stuhl-kind-sicherheitsgeprueft-stuhlsitz-made-in-germany-fuer-kinder-ab-12-monaten-bis-7-jahre\\\/#primaryimage\"},\"image\":{\"@id\":\"https:\\\/\\\/marktxxl.de\\\/markt\\\/produkt\\\/koru-kids-toddler-booster-sitzerhoehung-stuhl-kind-sicherheitsgeprueft-stuhlsitz-made-in-germany-fuer-kinder-ab-12-monaten-bis-7-jahre\\\/#primaryimage\"},\"thumbnailUrl\":\"https:\\\/\\\/m.media-amazon.com\\\/images\\\/I\\\/31dK1mhVnxL._SL500_.jpg\",\"datePublished\":\"2021-11-12T00:03:40+00:00\",\"dateModified\":\"2023-04-05T23:50:23+00:00\",\"description\":\"Markt-XXL Koru Kids\u00ae Toddler Booster \u2013 Sitzerh\u00f6hung Stuhl Kind \u2013 Boostersitz \u2013 Stuhlsitz \u2013 Made in Germany \u2013 f\u00fcr Kinder ab 12\u2026\",\"breadcrumb\":{\"@id\":\"https:\\\/\\\/marktxxl.de\\\/markt\\\/produkt\\\/koru-kids-toddler-booster-sitzerhoehung-stuhl-kind-sicherheitsgeprueft-stuhlsitz-made-in-germany-fuer-kinder-ab-12-monaten-bis-7-jahre\\\/#breadcrumb\"},\"inLanguage\":\"de\",\"potentialAction\":[{\"@type\":\"ReadAction\",\"target\":[\"https:\\\/\\\/marktxxl.de\\\/markt\\\/produkt\\\/koru-kids-toddler-booster-sitzerhoehung-stuhl-kind-sicherheitsgeprueft-stuhlsitz-made-in-germany-fuer-kinder-ab-12-monaten-bis-7-jahre\\\/\"]}]},{\"@type\":\"ImageObject\",\"inLanguage\":\"de\",\"@id\":\"https:\\\/\\\/marktxxl.de\\\/markt\\\/produkt\\\/koru-kids-toddler-booster-sitzerhoehung-stuhl-kind-sicherheitsgeprueft-stuhlsitz-made-in-germany-fuer-kinder-ab-12-monaten-bis-7-jahre\\\/#primaryimage\",\"url\":\"https:\\\/\\\/m.media-amazon.com\\\/images\\\/I\\\/31dK1mhVnxL._SL500_.jpg\",\"contentUrl\":\"https:\\\/\\\/m.media-amazon.com\\\/images\\\/I\\\/31dK1mhVnxL._SL500_.jpg\",\"width\":500,\"height\":500},{\"@type\":\"BreadcrumbList\",\"@id\":\"https:\\\/\\\/marktxxl.de\\\/markt\\\/produkt\\\/koru-kids-toddler-booster-sitzerhoehung-stuhl-kind-sicherheitsgeprueft-stuhlsitz-made-in-germany-fuer-kinder-ab-12-monaten-bis-7-jahre\\\/#breadcrumb\",\"itemListElement\":[{\"@type\":\"ListItem\",\"position\":1,\"name\":\"Startseite\",\"item\":\"https:\\\/\\\/marktxxl.de\\\/markt\\\/\"},{\"@type\":\"ListItem\",\"position\":2,\"name\":\"Markt\",\"item\":\"https:\\\/\\\/marktxxl.de\\\/markt\\\/\"},{\"@type\":\"ListItem\",\"position\":3,\"name\":\"Koru Kids\u00ae Toddler Booster \u2013 Sitzerh\u00f6hung Stuhl Kind \u2013 Boostersitz \u2013 Stuhlsitz \u2013 Made in Germany \u2013 f\u00fcr Kinder ab 12\u2026\"}]},{\"@type\":\"WebSite\",\"@id\":\"https:\\\/\\\/marktxxl.de\\\/markt\\\/#website\",\"url\":\"https:\\\/\\\/marktxxl.de\\\/markt\\\/\",\"name\":\"Markt-XXL\",\"description\":\"Ihr Markt Online\",\"publisher\":{\"@id\":\"https:\\\/\\\/marktxxl.de\\\/markt\\\/#organization\"},\"potentialAction\":[{\"@type\":\"SearchAction\",\"target\":{\"@type\":\"EntryPoint\",\"urlTemplate\":\"https:\\\/\\\/marktxxl.de\\\/markt\\\/?s={search_term_string}\"},\"query-input\":{\"@type\":\"PropertyValueSpecification\",\"valueRequired\":true,\"valueName\":\"search_term_string\"}}],\"inLanguage\":\"de\"},{\"@type\":\"Organization\",\"@id\":\"https:\\\/\\\/marktxxl.de\\\/markt\\\/#organization\",\"name\":\"Markt-XXL\",\"url\":\"https:\\\/\\\/marktxxl.de\\\/markt\\\/\",\"logo\":{\"@type\":\"ImageObject\",\"inLanguage\":\"de\",\"@id\":\"https:\\\/\\\/marktxxl.de\\\/markt\\\/#\\\/schema\\\/logo\\\/image\\\/\",\"url\":\"https:\\\/\\\/marktxxl.de\\\/markt\\\/wp-content\\\/uploads\\\/sites\\\/3\\\/2020\\\/12\\\/logo.png\",\"contentUrl\":\"https:\\\/\\\/marktxxl.de\\\/markt\\\/wp-content\\\/uploads\\\/sites\\\/3\\\/2020\\\/12\\\/logo.png\",\"width\":200,\"height\":70,\"caption\":\"Markt-XXL\"},\"image\":{\"@id\":\"https:\\\/\\\/marktxxl.de\\\/markt\\\/#\\\/schema\\\/logo\\\/image\\\/\"}}]}<\/script>\n<!-- \/ Yoast SEO plugin. -->","yoast_head_json":{"title":"Koru Kids\u00ae Toddler Booster \u2013 Sitzerh\u00f6hung Stuhl Kind \u2013 Boostersitz \u2013 Stuhlsitz \u2013 Made in Germany \u2013 f\u00fcr Kinder ab 12\u2026 - Markt-XXL","description":"Markt-XXL Koru Kids\u00ae Toddler Booster \u2013 Sitzerh\u00f6hung Stuhl Kind \u2013 Boostersitz \u2013 Stuhlsitz \u2013 Made in Germany \u2013 f\u00fcr Kinder ab 12\u2026","robots":{"index":"index","follow":"follow","max-snippet":"max-snippet:-1","max-image-preview":"max-image-preview:large","max-video-preview":"max-video-preview:-1"},"canonical":"https:\/\/marktxxl.de\/markt\/produkt\/koru-kids-toddler-booster-sitzerhoehung-stuhl-kind-sicherheitsgeprueft-stuhlsitz-made-in-germany-fuer-kinder-ab-12-monaten-bis-7-jahre\/","og_locale":"de_DE","og_type":"article","og_title":"Koru Kids\u00ae Toddler Booster \u2013 Sitzerh\u00f6hung Stuhl Kind \u2013 Boostersitz \u2013 Stuhlsitz \u2013 Made in Germany \u2013 f\u00fcr Kinder ab 12\u2026 - Markt-XXL","og_description":"Markt-XXL Koru Kids\u00ae Toddler Booster \u2013 Sitzerh\u00f6hung Stuhl Kind \u2013 Boostersitz \u2013 Stuhlsitz \u2013 Made in Germany \u2013 f\u00fcr Kinder ab 12\u2026","og_url":"https:\/\/marktxxl.de\/markt\/produkt\/koru-kids-toddler-booster-sitzerhoehung-stuhl-kind-sicherheitsgeprueft-stuhlsitz-made-in-germany-fuer-kinder-ab-12-monaten-bis-7-jahre\/","og_site_name":"Markt-XXL","article_modified_time":"2023-04-05T23:50:23+00:00","og_image":[{"width":500,"height":500,"url":"https:\/\/m.media-amazon.com\/images\/I\/31dK1mhVnxL._SL500_.jpg","type":"image\/jpeg"}],"twitter_card":"summary_large_image","twitter_misc":{"Gesch\u00e4tzte Lesezeit":"2\u00a0Minuten"},"schema":{"@context":"https:\/\/schema.org","@graph":[{"@type":"WebPage","@id":"https:\/\/marktxxl.de\/markt\/produkt\/koru-kids-toddler-booster-sitzerhoehung-stuhl-kind-sicherheitsgeprueft-stuhlsitz-made-in-germany-fuer-kinder-ab-12-monaten-bis-7-jahre\/","url":"https:\/\/marktxxl.de\/markt\/produkt\/koru-kids-toddler-booster-sitzerhoehung-stuhl-kind-sicherheitsgeprueft-stuhlsitz-made-in-germany-fuer-kinder-ab-12-monaten-bis-7-jahre\/","name":"Koru Kids\u00ae Toddler Booster \u2013 Sitzerh\u00f6hung Stuhl Kind \u2013 Boostersitz \u2013 Stuhlsitz \u2013 Made in Germany \u2013 f\u00fcr Kinder ab 12\u2026 - Markt-XXL","isPartOf":{"@id":"https:\/\/marktxxl.de\/markt\/#website"},"primaryImageOfPage":{"@id":"https:\/\/marktxxl.de\/markt\/produkt\/koru-kids-toddler-booster-sitzerhoehung-stuhl-kind-sicherheitsgeprueft-stuhlsitz-made-in-germany-fuer-kinder-ab-12-monaten-bis-7-jahre\/#primaryimage"},"image":{"@id":"https:\/\/marktxxl.de\/markt\/produkt\/koru-kids-toddler-booster-sitzerhoehung-stuhl-kind-sicherheitsgeprueft-stuhlsitz-made-in-germany-fuer-kinder-ab-12-monaten-bis-7-jahre\/#primaryimage"},"thumbnailUrl":"https:\/\/m.media-amazon.com\/images\/I\/31dK1mhVnxL._SL500_.jpg","datePublished":"2021-11-12T00:03:40+00:00","dateModified":"2023-04-05T23:50:23+00:00","description":"Markt-XXL Koru Kids\u00ae Toddler Booster \u2013 Sitzerh\u00f6hung Stuhl Kind \u2013 Boostersitz \u2013 Stuhlsitz \u2013 Made in Germany \u2013 f\u00fcr Kinder ab 12\u2026","breadcrumb":{"@id":"https:\/\/marktxxl.de\/markt\/produkt\/koru-kids-toddler-booster-sitzerhoehung-stuhl-kind-sicherheitsgeprueft-stuhlsitz-made-in-germany-fuer-kinder-ab-12-monaten-bis-7-jahre\/#breadcrumb"},"inLanguage":"de","potentialAction":[{"@type":"ReadAction","target":["https:\/\/marktxxl.de\/markt\/produkt\/koru-kids-toddler-booster-sitzerhoehung-stuhl-kind-sicherheitsgeprueft-stuhlsitz-made-in-germany-fuer-kinder-ab-12-monaten-bis-7-jahre\/"]}]},{"@type":"ImageObject","inLanguage":"de","@id":"https:\/\/marktxxl.de\/markt\/produkt\/koru-kids-toddler-booster-sitzerhoehung-stuhl-kind-sicherheitsgeprueft-stuhlsitz-made-in-germany-fuer-kinder-ab-12-monaten-bis-7-jahre\/#primaryimage","url":"https:\/\/m.media-amazon.com\/images\/I\/31dK1mhVnxL._SL500_.jpg","contentUrl":"https:\/\/m.media-amazon.com\/images\/I\/31dK1mhVnxL._SL500_.jpg","width":500,"height":500},{"@type":"BreadcrumbList","@id":"https:\/\/marktxxl.de\/markt\/produkt\/koru-kids-toddler-booster-sitzerhoehung-stuhl-kind-sicherheitsgeprueft-stuhlsitz-made-in-germany-fuer-kinder-ab-12-monaten-bis-7-jahre\/#breadcrumb","itemListElement":[{"@type":"ListItem","position":1,"name":"Startseite","item":"https:\/\/marktxxl.de\/markt\/"},{"@type":"ListItem","position":2,"name":"Markt","item":"https:\/\/marktxxl.de\/markt\/"},{"@type":"ListItem","position":3,"name":"Koru Kids\u00ae Toddler Booster \u2013 Sitzerh\u00f6hung Stuhl Kind \u2013 Boostersitz \u2013 Stuhlsitz \u2013 Made in Germany \u2013 f\u00fcr Kinder ab 12\u2026"}]},{"@type":"WebSite","@id":"https:\/\/marktxxl.de\/markt\/#website","url":"https:\/\/marktxxl.de\/markt\/","name":"Markt-XXL","description":"Ihr Markt Online","publisher":{"@id":"https:\/\/marktxxl.de\/markt\/#organization"},"potentialAction":[{"@type":"SearchAction","target":{"@type":"EntryPoint","urlTemplate":"https:\/\/marktxxl.de\/markt\/?s={search_term_string}"},"query-input":{"@type":"PropertyValueSpecification","valueRequired":true,"valueName":"search_term_string"}}],"inLanguage":"de"},{"@type":"Organization","@id":"https:\/\/marktxxl.de\/markt\/#organization","name":"Markt-XXL","url":"https:\/\/marktxxl.de\/markt\/","logo":{"@type":"ImageObject","inLanguage":"de","@id":"https:\/\/marktxxl.de\/markt\/#\/schema\/logo\/image\/","url":"https:\/\/marktxxl.de\/markt\/wp-content\/uploads\/sites\/3\/2020\/12\/logo.png","contentUrl":"https:\/\/marktxxl.de\/markt\/wp-content\/uploads\/sites\/3\/2020\/12\/logo.png","width":200,"height":70,"caption":"Markt-XXL"},"image":{"@id":"https:\/\/marktxxl.de\/markt\/#\/schema\/logo\/image\/"}}]}},"_links":{"self":[{"href":"https:\/\/marktxxl.de\/markt\/wp-json\/wp\/v2\/product\/65936","targetHints":{"allow":["GET"]}}],"collection":[{"href":"https:\/\/marktxxl.de\/markt\/wp-json\/wp\/v2\/product"}],"about":[{"href":"https:\/\/marktxxl.de\/markt\/wp-json\/wp\/v2\/types\/product"}],"replies":[{"embeddable":true,"href":"https:\/\/marktxxl.de\/markt\/wp-json\/wp\/v2\/comments?post=65936"}],"wp:featuredmedia":[{"embeddable":true,"href":"https:\/\/marktxxl.de\/markt\/wp-json\/wp\/v2\/media\/65937"}],"wp:attachment":[{"href":"https:\/\/marktxxl.de\/markt\/wp-json\/wp\/v2\/media?parent=65936"}],"wp:term":[{"taxonomy":"product_brand","embeddable":true,"href":"https:\/\/marktxxl.de\/markt\/wp-json\/wp\/v2\/product_brand?post=65936"},{"taxonomy":"product_cat","embeddable":true,"href":"https:\/\/marktxxl.de\/markt\/wp-json\/wp\/v2\/product_cat?post=65936"},{"taxonomy":"product_tag","embeddable":true,"href":"https:\/\/marktxxl.de\/markt\/wp-json\/wp\/v2\/product_tag?post=65936"}],"curies":[{"name":"wp","href":"https:\/\/api.w.org\/{rel}","templated":true}]}}